{"id":560,"date":"2019-09-03T10:53:32","date_gmt":"2019-09-03T07:53:32","guid":{"rendered":"https:\/\/help.jamk.fi\/m365\/turvaposti\/"},"modified":"2025-07-17T09:38:10","modified_gmt":"2025-07-17T06:38:10","slug":"turvaposti","status":"publish","type":"page","link":"https:\/\/help.jamk.fi\/m365\/fi\/sahkopostipalvelut\/turvaposti\/","title":{"rendered":"Turvaposti"},"content":{"rendered":"\n<p>S\u00e4hk\u00f6posti ei itsess\u00e4\u00e4n tarjoa helppok\u00e4ytt\u00f6ist\u00e4 ja luotettavaa mekanismia viestisis\u00e4ll\u00f6n turvaamiseen ja t\u00e4m\u00e4n vuoksi mink\u00e4\u00e4nlaisen arkaluontoisen tiedon l\u00e4hett\u00e4minen s\u00e4hk\u00f6postitse ei ole sallittua. Jamkissa on t\u00e4m\u00e4n puutteen kiert\u00e4miseksi olemassa Deltagon Turvapostipalvelu (vain henkil\u00f6st\u00f6lle).<\/p>\n\n\n\n<p>Turvapostipalvelu mahdollistaa viestien turvallisen l\u00e4hett\u00e4misen ja vastaanottamisen mihin tahansa s\u00e4hk\u00f6postiosoitteeseen. Viestiliikenne suojataan ja viestit salataan\/lukitaan Deltagon MessageLock\u2122 -tekniikalla. Vastaanottajalle ei l\u00e4hetet\u00e4 itse viestisis\u00e4lt\u00f6\u00e4, vaan pelk\u00e4st\u00e4\u00e4n sen avaamiseen tarkoitettu linkki. Vastaanottajalla on my\u00f6s mahdollisuus vastata viestiin salatusti.<\/p>\n\n\n\n<p>Kuka tahansa voi l\u00e4hett\u00e4\u00e4 turvapostipalvelun kautta viestej\u00e4 Jamkin suuntaan ilman rajoituksia osoitteessa <a href=\"https:\/\/securemail.jamk.fi\">https:\/\/securemail.jamk.fi<\/a>, mutta Jamkista ulosp\u00e4in l\u00e4hetett\u00e4ess\u00e4 palvelu on kustannus\/lisensointisyist\u00e4 k\u00e4ytett\u00e4viss\u00e4 vain rajatulla k\u00e4ytt\u00e4j\u00e4joukolla, joiden ty\u00f6nkuvaan kuuluu salassa pidett\u00e4vien tietojen ja henkil\u00f6tietojen k\u00e4sittely ulkoisten kumppanien kanssa.<\/p>\n\n\n\n<p>K\u00e4ytett\u00e4viss\u00e4 on kaksi tasoa, joista&nbsp; vahvempi edellytt\u00e4\u00e4 esimerkiksi SMS-viestin\u00e4 toimitettavaa erillist\u00e4 PIN-koodia viestin avaamiseksi.<\/p>\n\n\n\n<h2 class=\"wp-block-heading\"><strong>K\u00e4ytt\u00f6\u00f6notto<\/strong><\/h2>\n\n\n\n<p>Mik\u00e4li tarvitset palvelua ty\u00f6ss\u00e4si, tee helpdesk-tiketti jossa kerrot tarpeesta. Ilmoita samalla koneesi nimi (nimi lukee ty\u00f6p\u00f6yd\u00e4n oikeassa yl\u00e4kulmassa). ICT-palvelut asentaa tiketin perusteella salaukseen liittyvien lis\u00e4valintojen mahdollistavan Outlook-lis\u00e4osan koneeseesi keskitetysti. Teamsissa on lis\u00e4ksi Turvaposti-niminen ryhm\u00e4, jossa on lis\u00e4tietoa ja tarkempia ohjeita palvelun k\u00e4ytt\u00e4jille.<\/p>\n\n\n\n<p>Muista, ett\u00e4 kaikkea viestint\u00e4\u00e4 ei ole tarvetta salata. Ota salaus siis k\u00e4ytt\u00f6\u00f6n viestikohtaisesti vain silloin kun k\u00e4sittelet tietosuojattua materiaalia. <strong>Jamkin sis\u00e4ist\u00e4 s\u00e4hk\u00f6postiliikennett\u00e4 ei ole tarvetta salata erikseen.<\/strong><\/p>\n","protected":false},"excerpt":{"rendered":"<p>S\u00e4hk\u00f6posti ei itsess\u00e4\u00e4n tarjoa helppok\u00e4ytt\u00f6ist\u00e4 ja luotettavaa mekanismia viestisis\u00e4ll\u00f6n turvaamiseen ja t\u00e4m\u00e4n vuoksi mink\u00e4\u00e4nlaisen arkaluontoisen tiedon l\u00e4hett\u00e4minen s\u00e4hk\u00f6postitse ei ole sallittua. Jamkissa on t\u00e4m\u00e4n puutteen kiert\u00e4miseksi olemassa Deltagon Turvapostipalvelu (vain henkil\u00f6st\u00f6lle). Turvapostipalvelu mahdollistaa viestien turvallisen l\u00e4hett\u00e4misen ja vastaanottamisen mihin tahansa s\u00e4hk\u00f6postiosoitteeseen. Viestiliikenne suojataan ja viestit salataan\/lukitaan Deltagon MessageLock\u2122 -tekniikalla. Vastaanottajalle ei l\u00e4hetet\u00e4 itse viestisis\u00e4lt\u00f6\u00e4, vaan [&hellip;]<\/p>\n","protected":false},"author":64,"featured_media":0,"parent":172,"menu_order":0,"comment_status":"closed","ping_status":"closed","template":"","meta":{"_acf_changed":false,"_relevanssi_hide_post":"","_relevanssi_hide_content":"","_relevanssi_pin_for_all":"","_relevanssi_pin_keywords":"turvaposti, securemail, secure, turvas\u00e4hk\u00f6posti, s\u00e4hk\u00f6posti, salainen, salattu, ","_relevanssi_unpin_keywords":"","_relevanssi_related_keywords":"","_relevanssi_related_include_ids":"","_relevanssi_related_exclude_ids":"","_relevanssi_related_no_append":"","_relevanssi_related_not_related":"","_relevanssi_related_posts":"949","_relevanssi_noindex_reason":"","footnotes":""},"categories":[1412,1414],"tags":[448,227,311],"class_list":["post-560","page","type-page","status-publish","hentry","category-henkilosto","category-opiskelijat","tag-securemail","tag-sahkoposti","tag-tietoturva"],"acf":[],"yoast_head":"<!-- This site is optimized with the Yoast SEO plugin v27.3 - https:\/\/yoast.com\/product\/yoast-seo-wordpress\/ -->\n<title>Turvaposti - Microsoft 365<\/title>\n<meta name=\"robots\" content=\"index, follow, max-snippet:-1, max-image-preview:large, max-video-preview:-1\" \/>\n<link rel=\"canonical\" href=\"https:\/\/help.jamk.fi\/m365\/fi\/sahkopostipalvelut\/turvaposti\/\" \/>\n<meta property=\"og:locale\" content=\"fi_FI\" \/>\n<meta property=\"og:type\" content=\"article\" \/>\n<meta property=\"og:title\" content=\"Turvaposti - Microsoft 365\" \/>\n<meta property=\"og:description\" content=\"S\u00e4hk\u00f6posti ei itsess\u00e4\u00e4n tarjoa helppok\u00e4ytt\u00f6ist\u00e4 ja luotettavaa mekanismia viestisis\u00e4ll\u00f6n turvaamiseen ja t\u00e4m\u00e4n vuoksi mink\u00e4\u00e4nlaisen arkaluontoisen tiedon l\u00e4hett\u00e4minen s\u00e4hk\u00f6postitse ei ole sallittua. Jamkissa on t\u00e4m\u00e4n puutteen kiert\u00e4miseksi olemassa Deltagon Turvapostipalvelu (vain henkil\u00f6st\u00f6lle). Turvapostipalvelu mahdollistaa viestien turvallisen l\u00e4hett\u00e4misen ja vastaanottamisen mihin tahansa s\u00e4hk\u00f6postiosoitteeseen. Viestiliikenne suojataan ja viestit salataan\/lukitaan Deltagon MessageLock\u2122 -tekniikalla. Vastaanottajalle ei l\u00e4hetet\u00e4 itse viestisis\u00e4lt\u00f6\u00e4, vaan [&hellip;]\" \/>\n<meta property=\"og:url\" content=\"https:\/\/help.jamk.fi\/m365\/fi\/sahkopostipalvelut\/turvaposti\/\" \/>\n<meta property=\"og:site_name\" content=\"Microsoft 365\" \/>\n<meta property=\"article:modified_time\" content=\"2025-07-17T06:38:10+00:00\" \/>\n<meta name=\"twitter:card\" content=\"summary_large_image\" \/>\n<meta name=\"twitter:label1\" content=\"Arvioitu lukuaika\" \/>\n\t<meta name=\"twitter:data1\" content=\"2 minuuttia\" \/>\n<script type=\"application\/ld+json\" class=\"yoast-schema-graph\">{\"@context\":\"https:\\\/\\\/schema.org\",\"@graph\":[{\"@type\":\"WebPage\",\"@id\":\"https:\\\/\\\/help.jamk.fi\\\/m365\\\/fi\\\/sahkopostipalvelut\\\/turvaposti\\\/\",\"url\":\"https:\\\/\\\/help.jamk.fi\\\/m365\\\/fi\\\/sahkopostipalvelut\\\/turvaposti\\\/\",\"name\":\"Turvaposti - Microsoft 365\",\"isPartOf\":{\"@id\":\"https:\\\/\\\/help.jamk.fi\\\/m365\\\/#website\"},\"datePublished\":\"2019-09-03T07:53:32+00:00\",\"dateModified\":\"2025-07-17T06:38:10+00:00\",\"breadcrumb\":{\"@id\":\"https:\\\/\\\/help.jamk.fi\\\/m365\\\/fi\\\/sahkopostipalvelut\\\/turvaposti\\\/#breadcrumb\"},\"inLanguage\":\"fi\",\"potentialAction\":[{\"@type\":\"ReadAction\",\"target\":[\"https:\\\/\\\/help.jamk.fi\\\/m365\\\/fi\\\/sahkopostipalvelut\\\/turvaposti\\\/\"]}]},{\"@type\":\"BreadcrumbList\",\"@id\":\"https:\\\/\\\/help.jamk.fi\\\/m365\\\/fi\\\/sahkopostipalvelut\\\/turvaposti\\\/#breadcrumb\",\"itemListElement\":[{\"@type\":\"ListItem\",\"position\":1,\"name\":\"Etusivu\",\"item\":\"https:\\\/\\\/help.jamk.fi\\\/m365\\\/fi\\\/\"},{\"@type\":\"ListItem\",\"position\":2,\"name\":\"S\u00e4hk\u00f6postipalvelut\",\"item\":\"https:\\\/\\\/help.jamk.fi\\\/m365\\\/fi\\\/sahkopostipalvelut\\\/\"},{\"@type\":\"ListItem\",\"position\":3,\"name\":\"Turvaposti\"}]},{\"@type\":\"WebSite\",\"@id\":\"https:\\\/\\\/help.jamk.fi\\\/m365\\\/#website\",\"url\":\"https:\\\/\\\/help.jamk.fi\\\/m365\\\/\",\"name\":\"Microsoft 365\",\"description\":\"\",\"potentialAction\":[{\"@type\":\"SearchAction\",\"target\":{\"@type\":\"EntryPoint\",\"urlTemplate\":\"https:\\\/\\\/help.jamk.fi\\\/m365\\\/?s={search_term_string}\"},\"query-input\":{\"@type\":\"PropertyValueSpecification\",\"valueRequired\":true,\"valueName\":\"search_term_string\"}}],\"inLanguage\":\"fi\"}]}<\/script>\n<!-- \/ Yoast SEO plugin. -->","yoast_head_json":{"title":"Turvaposti - Microsoft 365","robots":{"index":"index","follow":"follow","max-snippet":"max-snippet:-1","max-image-preview":"max-image-preview:large","max-video-preview":"max-video-preview:-1"},"canonical":"https:\/\/help.jamk.fi\/m365\/fi\/sahkopostipalvelut\/turvaposti\/","og_locale":"fi_FI","og_type":"article","og_title":"Turvaposti - Microsoft 365","og_description":"S\u00e4hk\u00f6posti ei itsess\u00e4\u00e4n tarjoa helppok\u00e4ytt\u00f6ist\u00e4 ja luotettavaa mekanismia viestisis\u00e4ll\u00f6n turvaamiseen ja t\u00e4m\u00e4n vuoksi mink\u00e4\u00e4nlaisen arkaluontoisen tiedon l\u00e4hett\u00e4minen s\u00e4hk\u00f6postitse ei ole sallittua. Jamkissa on t\u00e4m\u00e4n puutteen kiert\u00e4miseksi olemassa Deltagon Turvapostipalvelu (vain henkil\u00f6st\u00f6lle). Turvapostipalvelu mahdollistaa viestien turvallisen l\u00e4hett\u00e4misen ja vastaanottamisen mihin tahansa s\u00e4hk\u00f6postiosoitteeseen. Viestiliikenne suojataan ja viestit salataan\/lukitaan Deltagon MessageLock\u2122 -tekniikalla. Vastaanottajalle ei l\u00e4hetet\u00e4 itse viestisis\u00e4lt\u00f6\u00e4, vaan [&hellip;]","og_url":"https:\/\/help.jamk.fi\/m365\/fi\/sahkopostipalvelut\/turvaposti\/","og_site_name":"Microsoft 365","article_modified_time":"2025-07-17T06:38:10+00:00","twitter_card":"summary_large_image","twitter_misc":{"Arvioitu lukuaika":"2 minuuttia"},"schema":{"@context":"https:\/\/schema.org","@graph":[{"@type":"WebPage","@id":"https:\/\/help.jamk.fi\/m365\/fi\/sahkopostipalvelut\/turvaposti\/","url":"https:\/\/help.jamk.fi\/m365\/fi\/sahkopostipalvelut\/turvaposti\/","name":"Turvaposti - Microsoft 365","isPartOf":{"@id":"https:\/\/help.jamk.fi\/m365\/#website"},"datePublished":"2019-09-03T07:53:32+00:00","dateModified":"2025-07-17T06:38:10+00:00","breadcrumb":{"@id":"https:\/\/help.jamk.fi\/m365\/fi\/sahkopostipalvelut\/turvaposti\/#breadcrumb"},"inLanguage":"fi","potentialAction":[{"@type":"ReadAction","target":["https:\/\/help.jamk.fi\/m365\/fi\/sahkopostipalvelut\/turvaposti\/"]}]},{"@type":"BreadcrumbList","@id":"https:\/\/help.jamk.fi\/m365\/fi\/sahkopostipalvelut\/turvaposti\/#breadcrumb","itemListElement":[{"@type":"ListItem","position":1,"name":"Etusivu","item":"https:\/\/help.jamk.fi\/m365\/fi\/"},{"@type":"ListItem","position":2,"name":"S\u00e4hk\u00f6postipalvelut","item":"https:\/\/help.jamk.fi\/m365\/fi\/sahkopostipalvelut\/"},{"@type":"ListItem","position":3,"name":"Turvaposti"}]},{"@type":"WebSite","@id":"https:\/\/help.jamk.fi\/m365\/#website","url":"https:\/\/help.jamk.fi\/m365\/","name":"Microsoft 365","description":"","potentialAction":[{"@type":"SearchAction","target":{"@type":"EntryPoint","urlTemplate":"https:\/\/help.jamk.fi\/m365\/?s={search_term_string}"},"query-input":{"@type":"PropertyValueSpecification","valueRequired":true,"valueName":"search_term_string"}}],"inLanguage":"fi"}]}},"_links":{"self":[{"href":"https:\/\/help.jamk.fi\/m365\/wp-json\/wp\/v2\/pages\/560","targetHints":{"allow":["GET"]}}],"collection":[{"href":"https:\/\/help.jamk.fi\/m365\/wp-json\/wp\/v2\/pages"}],"about":[{"href":"https:\/\/help.jamk.fi\/m365\/wp-json\/wp\/v2\/types\/page"}],"author":[{"embeddable":true,"href":"https:\/\/help.jamk.fi\/m365\/wp-json\/wp\/v2\/users\/64"}],"replies":[{"embeddable":true,"href":"https:\/\/help.jamk.fi\/m365\/wp-json\/wp\/v2\/comments?post=560"}],"version-history":[{"count":7,"href":"https:\/\/help.jamk.fi\/m365\/wp-json\/wp\/v2\/pages\/560\/revisions"}],"predecessor-version":[{"id":2025,"href":"https:\/\/help.jamk.fi\/m365\/wp-json\/wp\/v2\/pages\/560\/revisions\/2025"}],"up":[{"embeddable":true,"href":"https:\/\/help.jamk.fi\/m365\/wp-json\/wp\/v2\/pages\/172"}],"wp:attachment":[{"href":"https:\/\/help.jamk.fi\/m365\/wp-json\/wp\/v2\/media?parent=560"}],"wp:term":[{"taxonomy":"category","embeddable":true,"href":"https:\/\/help.jamk.fi\/m365\/wp-json\/wp\/v2\/categories?post=560"},{"taxonomy":"post_tag","embeddable":true,"href":"https:\/\/help.jamk.fi\/m365\/wp-json\/wp\/v2\/tags?post=560"}],"curies":[{"name":"wp","href":"https:\/\/api.w.org\/{rel}","templated":true}]}}