{"id":951,"date":"2023-09-15T15:34:23","date_gmt":"2023-09-15T12:34:23","guid":{"rendered":"https:\/\/help.jamk.fi\/m365\/?page_id=951"},"modified":"2026-03-30T10:39:03","modified_gmt":"2026-03-30T07:39:03","slug":"etusivu","status":"publish","type":"page","link":"https:\/\/help.jamk.fi\/m365\/fi\/","title":{"rendered":"Microsoft 365"},"content":{"rendered":"\n  <div id=\"page-lift-block_a4224ad14e7364f43ace2b34c201e640\" class=\"block-page-lift block-page-lift\">\n    \n    <ul class=\"page-lift-list row\">\n                <li class=\"page-lift-list__item col-12 col-md-6 col-lg-4\">\n            <div class=\"page-lift__item-wrap no-image\">\n                            <div class=\"page-lift__text-wrap\">\n                                      <h2 class=\"page-lift__heading\">\n                      <a class=\"page-lift__link--heading\" href=\"https:\/\/help.jamk.fi\/m365\/fi\/office-sovellukset-opiskelijoille\/\">Office-sovellukset<\/a>\n                    <\/h2>\n                   \n                                  <span class=\"page-lift__excerpt body-small\">Jamk tarjoaa Microsoft 365-palvelun kautta opiskelijoille ja henkil\u00f6kunnalle M365-sovellukset omille kotikoneille ja&hellip;<\/span>\n                                                <a class=\"page-lift__link small-text-button-icon\" href=\"\" aria-hidden=\"true\" tabindex=\"-1\">\n                  Office-sovellukset&nbsp;<i  ><svg aria-hidden=\"true\" viewBox=\"0 0 4 7\" fill=\"none\" xmlns=\"http:\/\/www.w3.org\/2000\/svg\"><path d=\"M1.696 7H0l2.208-3.312L0 .376h1.696l2.208 3.312L1.696 7z\" fill=\"#0D004C\"\/><\/svg><\/i>                <\/a>\n              <\/div>\n            <\/div>\n          <\/li>\n                <li class=\"page-lift-list__item col-12 col-md-6 col-lg-4\">\n            <div class=\"page-lift__item-wrap no-image\">\n                            <div class=\"page-lift__text-wrap\">\n                                      <h2 class=\"page-lift__heading\">\n                      <a class=\"page-lift__link--heading\" href=\"https:\/\/help.jamk.fi\/m365\/fi\/onedrive\/\">OneDrive<\/a>\n                    <\/h2>\n                   \n                                  <span class=\"page-lift__excerpt body-small\">OneDrive on osa Microsoft 365 -pilvipalvelua. Se mahdollistaa tiedostojen tallentamisen M365-pilvipalveluun ja&hellip;<\/span>\n                                                <a class=\"page-lift__link small-text-button-icon\" href=\"\" aria-hidden=\"true\" tabindex=\"-1\">\n                  OneDrive&nbsp;<i  ><svg aria-hidden=\"true\" viewBox=\"0 0 4 7\" fill=\"none\" xmlns=\"http:\/\/www.w3.org\/2000\/svg\"><path d=\"M1.696 7H0l2.208-3.312L0 .376h1.696l2.208 3.312L1.696 7z\" fill=\"#0D004C\"\/><\/svg><\/i>                <\/a>\n              <\/div>\n            <\/div>\n          <\/li>\n                <li class=\"page-lift-list__item col-12 col-md-6 col-lg-4\">\n            <div class=\"page-lift__item-wrap no-image\">\n                            <div class=\"page-lift__text-wrap\">\n                                      <h2 class=\"page-lift__heading\">\n                      <a class=\"page-lift__link--heading\" href=\"https:\/\/help.jamk.fi\/m365\/fi\/elmo-fi\/\">Elmo-intra<\/a>\n                    <\/h2>\n                   \n                                  <span class=\"page-lift__excerpt body-small\">Elmo-intra on&nbsp;jokaisen jamkilaisen ykk\u00f6skanava, jonka kautta saat Jamkin viralliset uutiset sek\u00e4 nopeat&hellip;<\/span>\n                                                <a class=\"page-lift__link small-text-button-icon\" href=\"\" aria-hidden=\"true\" tabindex=\"-1\">\n                  Elmo-Intra&nbsp;<i  ><svg aria-hidden=\"true\" viewBox=\"0 0 4 7\" fill=\"none\" xmlns=\"http:\/\/www.w3.org\/2000\/svg\"><path d=\"M1.696 7H0l2.208-3.312L0 .376h1.696l2.208 3.312L1.696 7z\" fill=\"#0D004C\"\/><\/svg><\/i>                <\/a>\n              <\/div>\n            <\/div>\n          <\/li>\n                <li class=\"page-lift-list__item col-12 col-md-6 col-lg-4\">\n            <div class=\"page-lift__item-wrap no-image\">\n                            <div class=\"page-lift__text-wrap\">\n                                      <h2 class=\"page-lift__heading\">\n                      <a class=\"page-lift__link--heading\" href=\"https:\/\/help.jamk.fi\/m365\/fi\/sahkopostipalvelut\/\">S\u00e4hk\u00f6postipalvelut<\/a>\n                    <\/h2>\n                   \n                                  <span class=\"page-lift__excerpt body-small\">S\u00e4hk\u00f6postij\u00e4rjestelm\u00e4n k\u00e4ytt\u00f6 S\u00e4hk\u00f6postij\u00e4rjestelm\u00e4\u00e4 voidaan k\u00e4ytt\u00e4\u00e4 erillisell\u00e4 Outlook-sovelluksella tai sen web-k\u00e4ytt\u00f6liittym\u00e4ll\u00e4 selaimessa osoitteessa&hellip;<\/span>\n                                                <a class=\"page-lift__link small-text-button-icon\" href=\"\" aria-hidden=\"true\" tabindex=\"-1\">\n                  S\u00e4hk\u00f6postipalvelut&nbsp;<i  ><svg aria-hidden=\"true\" viewBox=\"0 0 4 7\" fill=\"none\" xmlns=\"http:\/\/www.w3.org\/2000\/svg\"><path d=\"M1.696 7H0l2.208-3.312L0 .376h1.696l2.208 3.312L1.696 7z\" fill=\"#0D004C\"\/><\/svg><\/i>                <\/a>\n              <\/div>\n            <\/div>\n          <\/li>\n                <li class=\"page-lift-list__item col-12 col-md-6 col-lg-4\">\n            <div class=\"page-lift__item-wrap no-image\">\n                            <div class=\"page-lift__text-wrap\">\n                                      <h2 class=\"page-lift__heading\">\n                      <a class=\"page-lift__link--heading\" href=\"https:\/\/help.jamk.fi\/m365\/fi\/tiedonluokittelu-jamkissa\/\">Tiedonluokittelu Jamkissa<\/a>\n                    <\/h2>\n                   \n                                  <span class=\"page-lift__excerpt body-small\">Jamkissa on otettu k\u00e4ytt\u00f6\u00f6n koko organisaation yhteinen malli tietojen luokitteluun. Ominaisuus tulee&hellip;<\/span>\n                                                <a class=\"page-lift__link small-text-button-icon\" href=\"\" aria-hidden=\"true\" tabindex=\"-1\">\n                  Tiedonluokittelu&nbsp;<i  ><svg aria-hidden=\"true\" viewBox=\"0 0 4 7\" fill=\"none\" xmlns=\"http:\/\/www.w3.org\/2000\/svg\"><path d=\"M1.696 7H0l2.208-3.312L0 .376h1.696l2.208 3.312L1.696 7z\" fill=\"#0D004C\"\/><\/svg><\/i>                <\/a>\n              <\/div>\n            <\/div>\n          <\/li>\n          <\/ul>\n  <\/div>\n","protected":false},"excerpt":{"rendered":"","protected":false},"author":64,"featured_media":0,"parent":0,"menu_order":0,"comment_status":"closed","ping_status":"closed","template":"templates\/template-full-width.php","meta":{"_acf_changed":false,"_relevanssi_hide_post":"","_relevanssi_hide_content":"","_relevanssi_pin_for_all":"","_relevanssi_pin_keywords":"M365","_relevanssi_unpin_keywords":"","_relevanssi_related_keywords":"","_relevanssi_related_include_ids":"","_relevanssi_related_exclude_ids":"","_relevanssi_related_no_append":"","_relevanssi_related_not_related":"","_relevanssi_related_posts":"949","_relevanssi_noindex_reason":"","footnotes":""},"categories":[],"tags":[],"class_list":["post-951","page","type-page","status-publish","hentry"],"acf":[],"yoast_head":"<!-- This site is optimized with the Yoast SEO plugin v27.5 - https:\/\/yoast.com\/product\/yoast-seo-wordpress\/ -->\n<title>Microsoft 365 - Microsoft 365<\/title>\n<meta name=\"robots\" content=\"index, follow, max-snippet:-1, max-image-preview:large, max-video-preview:-1\" \/>\n<link rel=\"canonical\" href=\"https:\/\/help.jamk.fi\/m365\/fi\/\" \/>\n<meta property=\"og:locale\" content=\"fi_FI\" \/>\n<meta property=\"og:type\" content=\"article\" \/>\n<meta property=\"og:title\" content=\"Microsoft 365 - Microsoft 365\" \/>\n<meta property=\"og:url\" content=\"https:\/\/help.jamk.fi\/m365\/fi\/\" \/>\n<meta property=\"og:site_name\" content=\"Microsoft 365\" \/>\n<meta property=\"article:modified_time\" content=\"2026-03-30T07:39:03+00:00\" \/>\n<meta name=\"twitter:card\" content=\"summary_large_image\" \/>\n<script type=\"application\/ld+json\" class=\"yoast-schema-graph\">{\"@context\":\"https:\\\/\\\/schema.org\",\"@graph\":[{\"@type\":\"WebPage\",\"@id\":\"https:\\\/\\\/help.jamk.fi\\\/m365\\\/fi\\\/\",\"url\":\"https:\\\/\\\/help.jamk.fi\\\/m365\\\/fi\\\/\",\"name\":\"Microsoft 365 - Microsoft 365\",\"isPartOf\":{\"@id\":\"https:\\\/\\\/help.jamk.fi\\\/m365\\\/#website\"},\"datePublished\":\"2023-09-15T12:34:23+00:00\",\"dateModified\":\"2026-03-30T07:39:03+00:00\",\"breadcrumb\":{\"@id\":\"https:\\\/\\\/help.jamk.fi\\\/m365\\\/fi\\\/#breadcrumb\"},\"inLanguage\":\"fi\",\"potentialAction\":[{\"@type\":\"ReadAction\",\"target\":[\"https:\\\/\\\/help.jamk.fi\\\/m365\\\/fi\\\/\"]}]},{\"@type\":\"BreadcrumbList\",\"@id\":\"https:\\\/\\\/help.jamk.fi\\\/m365\\\/fi\\\/#breadcrumb\",\"itemListElement\":[{\"@type\":\"ListItem\",\"position\":1,\"name\":\"Etusivu\",\"item\":\"https:\\\/\\\/help.jamk.fi\\\/m365\\\/fi\\\/\"},{\"@type\":\"ListItem\",\"position\":2,\"name\":\"Microsoft 365\"}]},{\"@type\":\"WebSite\",\"@id\":\"https:\\\/\\\/help.jamk.fi\\\/m365\\\/#website\",\"url\":\"https:\\\/\\\/help.jamk.fi\\\/m365\\\/\",\"name\":\"Microsoft 365\",\"description\":\"\",\"potentialAction\":[{\"@type\":\"SearchAction\",\"target\":{\"@type\":\"EntryPoint\",\"urlTemplate\":\"https:\\\/\\\/help.jamk.fi\\\/m365\\\/?s={search_term_string}\"},\"query-input\":{\"@type\":\"PropertyValueSpecification\",\"valueRequired\":true,\"valueName\":\"search_term_string\"}}],\"inLanguage\":\"fi\"}]}<\/script>\n<!-- \/ Yoast SEO plugin. -->","yoast_head_json":{"title":"Microsoft 365 - Microsoft 365","robots":{"index":"index","follow":"follow","max-snippet":"max-snippet:-1","max-image-preview":"max-image-preview:large","max-video-preview":"max-video-preview:-1"},"canonical":"https:\/\/help.jamk.fi\/m365\/fi\/","og_locale":"fi_FI","og_type":"article","og_title":"Microsoft 365 - Microsoft 365","og_url":"https:\/\/help.jamk.fi\/m365\/fi\/","og_site_name":"Microsoft 365","article_modified_time":"2026-03-30T07:39:03+00:00","twitter_card":"summary_large_image","schema":{"@context":"https:\/\/schema.org","@graph":[{"@type":"WebPage","@id":"https:\/\/help.jamk.fi\/m365\/fi\/","url":"https:\/\/help.jamk.fi\/m365\/fi\/","name":"Microsoft 365 - Microsoft 365","isPartOf":{"@id":"https:\/\/help.jamk.fi\/m365\/#website"},"datePublished":"2023-09-15T12:34:23+00:00","dateModified":"2026-03-30T07:39:03+00:00","breadcrumb":{"@id":"https:\/\/help.jamk.fi\/m365\/fi\/#breadcrumb"},"inLanguage":"fi","potentialAction":[{"@type":"ReadAction","target":["https:\/\/help.jamk.fi\/m365\/fi\/"]}]},{"@type":"BreadcrumbList","@id":"https:\/\/help.jamk.fi\/m365\/fi\/#breadcrumb","itemListElement":[{"@type":"ListItem","position":1,"name":"Etusivu","item":"https:\/\/help.jamk.fi\/m365\/fi\/"},{"@type":"ListItem","position":2,"name":"Microsoft 365"}]},{"@type":"WebSite","@id":"https:\/\/help.jamk.fi\/m365\/#website","url":"https:\/\/help.jamk.fi\/m365\/","name":"Microsoft 365","description":"","potentialAction":[{"@type":"SearchAction","target":{"@type":"EntryPoint","urlTemplate":"https:\/\/help.jamk.fi\/m365\/?s={search_term_string}"},"query-input":{"@type":"PropertyValueSpecification","valueRequired":true,"valueName":"search_term_string"}}],"inLanguage":"fi"}]}},"_links":{"self":[{"href":"https:\/\/help.jamk.fi\/m365\/wp-json\/wp\/v2\/pages\/951","targetHints":{"allow":["GET"]}}],"collection":[{"href":"https:\/\/help.jamk.fi\/m365\/wp-json\/wp\/v2\/pages"}],"about":[{"href":"https:\/\/help.jamk.fi\/m365\/wp-json\/wp\/v2\/types\/page"}],"author":[{"embeddable":true,"href":"https:\/\/help.jamk.fi\/m365\/wp-json\/wp\/v2\/users\/64"}],"replies":[{"embeddable":true,"href":"https:\/\/help.jamk.fi\/m365\/wp-json\/wp\/v2\/comments?post=951"}],"version-history":[{"count":25,"href":"https:\/\/help.jamk.fi\/m365\/wp-json\/wp\/v2\/pages\/951\/revisions"}],"predecessor-version":[{"id":2062,"href":"https:\/\/help.jamk.fi\/m365\/wp-json\/wp\/v2\/pages\/951\/revisions\/2062"}],"wp:attachment":[{"href":"https:\/\/help.jamk.fi\/m365\/wp-json\/wp\/v2\/media?parent=951"}],"wp:term":[{"taxonomy":"category","embeddable":true,"href":"https:\/\/help.jamk.fi\/m365\/wp-json\/wp\/v2\/categories?post=951"},{"taxonomy":"post_tag","embeddable":true,"href":"https:\/\/help.jamk.fi\/m365\/wp-json\/wp\/v2\/tags?post=951"}],"curies":[{"name":"wp","href":"https:\/\/api.w.org\/{rel}","templated":true}]}}