{"id":151,"date":"2020-08-10T07:19:25","date_gmt":"2020-08-10T04:19:25","guid":{"rendered":"https:\/\/help.jamk.fi\/moodle\/kurssin-tilaaminen\/"},"modified":"2024-01-19T10:35:44","modified_gmt":"2024-01-19T08:35:44","slug":"kurssin-luominen","status":"publish","type":"page","link":"https:\/\/help.jamk.fi\/moodle\/fi\/uudelle-kayttajalle\/kurssin-luominen\/","title":{"rendered":"Uuden Moodle-kurssin luominen Pepiss\u00e4"},"content":{"rendered":"\n<p>Opettaja voi luoda uuden Moodle-kurssin Peppi-j\u00e4rjestelm\u00e4ss\u00e4. Kirjaudu Peppiin ja siirry opintojaksototeutukseen, jolle haluat Moodle-kurssin.<\/p>\n\n\n\n<ul class=\"wp-block-list\">\n<li>Klikkaa Oppimisymp\u00e4rist\u00f6t-linkki\u00e4 vasemmassa valikossa.<\/li>\n\n\n\n<li>Klikkaa <strong>+Lis\u00e4\u00e4 ty\u00f6tila oppimisymp\u00e4rist\u00f6\u00f6n<\/strong> -linkki\u00e4 ja tallenna. Huom! + Lis\u00e4\u00e4 linkki -linkki\u00e4 ei tule k\u00e4ytt\u00e4\u00e4.<\/li>\n<\/ul>\n\n\n<div class=\"wp-block-image\">\n<figure class=\"aligncenter size-full\"><img loading=\"lazy\" decoding=\"async\" width=\"798\" height=\"715\" src=\"https:\/\/help.jamk.fi\/moodle\/wp-content\/uploads\/sites\/105\/2024\/01\/lisaa_tyotila.png\" alt=\"\" class=\"wp-image-4378\" srcset=\"https:\/\/help.jamk.fi\/moodle\/wp-content\/uploads\/sites\/105\/2024\/01\/lisaa_tyotila.png 798w, https:\/\/help.jamk.fi\/moodle\/wp-content\/uploads\/sites\/105\/2024\/01\/lisaa_tyotila-300x269.png 300w, https:\/\/help.jamk.fi\/moodle\/wp-content\/uploads\/sites\/105\/2024\/01\/lisaa_tyotila-768x688.png 768w\" sizes=\"auto, (max-width: 798px) 100vw, 798px\" \/><figcaption class=\"wp-element-caption\">Uuden Moodle-kurssin lis\u00e4\u00e4minen Pepin Oppimisymp\u00e4rist\u00f6t-sivulla olevan Lis\u00e4\u00e4 ty\u00f6tila oppimisymp\u00e4rist\u00f6\u00f6n -painikkeen kautta.<\/figcaption><\/figure>\n<\/div>\n\n\n<p>Uusi Moodle-kurssi syntyy v\u00e4litt\u00f6m\u00e4sti ja Pepiss\u00e4 opintojaksototeutukselle hyv\u00e4ksytyt opiskelijat ja kiinnitetyt opettajat siirtyv\u00e4t Moodleen kurssin osallistujiksi. <\/p>\n\n\n\n<p>Jos hyv\u00e4ksyt uuden opiskelijan toteutukselle Pepiss\u00e4, h\u00e4n tulee heti n\u00e4kyviin Moodlen osallistujalistalle. Jos hylk\u00e4\u00e4t opiskelijan ilmoittautumisen Pepiss\u00e4, opiskelija muuttuu ei-aktiiviseksi Moodle-kurssin osallistujalistalla.<\/p>\n\n\n\n<p>Opiskelijat eiv\u00e4t n\u00e4e kurssia Moodlessa ennen kuin opettaja klikkaa N\u00e4yt\u00e4 kurssi -painiketta Moodle-kurssin Hallintaty\u00f6kaluissa.<\/p>\n","protected":false},"excerpt":{"rendered":"<p>Opettaja voi luoda uuden Moodle-kurssin Peppi-j\u00e4rjestelm\u00e4ss\u00e4. Kirjaudu Peppiin ja siirry opintojaksototeutukseen, jolle haluat Moodle-kurssin. Uusi Moodle-kurssi syntyy v\u00e4litt\u00f6m\u00e4sti ja Pepiss\u00e4 opintojaksototeutukselle hyv\u00e4ksytyt opiskelijat ja kiinnitetyt opettajat siirtyv\u00e4t Moodleen kurssin osallistujiksi. Jos hyv\u00e4ksyt uuden opiskelijan toteutukselle Pepiss\u00e4, h\u00e4n tulee heti n\u00e4kyviin Moodlen osallistujalistalle. Jos hylk\u00e4\u00e4t opiskelijan ilmoittautumisen Pepiss\u00e4, opiskelija muuttuu ei-aktiiviseksi Moodle-kurssin osallistujalistalla. Opiskelijat eiv\u00e4t n\u00e4e [&hellip;]<\/p>\n","protected":false},"author":74,"featured_media":0,"parent":166,"menu_order":1,"comment_status":"closed","ping_status":"closed","template":"","meta":{"_acf_changed":false,"_relevanssi_hide_post":"","_relevanssi_hide_content":"","_relevanssi_pin_for_all":"","_relevanssi_pin_keywords":"","_relevanssi_unpin_keywords":"","_relevanssi_related_keywords":"","_relevanssi_related_include_ids":"","_relevanssi_related_exclude_ids":"","_relevanssi_related_no_append":"","_relevanssi_related_not_related":"","_relevanssi_related_posts":"","_relevanssi_noindex_reason":"","footnotes":""},"categories":[],"tags":[37],"class_list":["post-151","page","type-page","status-publish","hentry","tag-peppi"],"acf":[],"yoast_head":"<!-- This site is optimized with the Yoast SEO plugin v27.3 - https:\/\/yoast.com\/product\/yoast-seo-wordpress\/ -->\n<title>Uuden Moodle-kurssin luominen Pepiss\u00e4 - Moodle<\/title>\n<meta name=\"robots\" content=\"index, follow, max-snippet:-1, max-image-preview:large, max-video-preview:-1\" \/>\n<link rel=\"canonical\" href=\"https:\/\/help.jamk.fi\/moodle\/fi\/uudelle-kayttajalle\/kurssin-luominen\/\" \/>\n<meta property=\"og:locale\" content=\"fi_FI\" \/>\n<meta property=\"og:type\" content=\"article\" \/>\n<meta property=\"og:title\" content=\"Uuden Moodle-kurssin luominen Pepiss\u00e4 - Moodle\" \/>\n<meta property=\"og:description\" content=\"Opettaja voi luoda uuden Moodle-kurssin Peppi-j\u00e4rjestelm\u00e4ss\u00e4. Kirjaudu Peppiin ja siirry opintojaksototeutukseen, jolle haluat Moodle-kurssin. Uusi Moodle-kurssi syntyy v\u00e4litt\u00f6m\u00e4sti ja Pepiss\u00e4 opintojaksototeutukselle hyv\u00e4ksytyt opiskelijat ja kiinnitetyt opettajat siirtyv\u00e4t Moodleen kurssin osallistujiksi. Jos hyv\u00e4ksyt uuden opiskelijan toteutukselle Pepiss\u00e4, h\u00e4n tulee heti n\u00e4kyviin Moodlen osallistujalistalle. Jos hylk\u00e4\u00e4t opiskelijan ilmoittautumisen Pepiss\u00e4, opiskelija muuttuu ei-aktiiviseksi Moodle-kurssin osallistujalistalla. Opiskelijat eiv\u00e4t n\u00e4e [&hellip;]\" \/>\n<meta property=\"og:url\" content=\"https:\/\/help.jamk.fi\/moodle\/fi\/uudelle-kayttajalle\/kurssin-luominen\/\" \/>\n<meta property=\"og:site_name\" content=\"Moodle\" \/>\n<meta property=\"article:modified_time\" content=\"2024-01-19T08:35:44+00:00\" \/>\n<meta property=\"og:image\" content=\"https:\/\/help.jamk.fi\/moodle\/wp-content\/uploads\/sites\/105\/2024\/01\/lisaa_tyotila.png\" \/>\n<meta name=\"twitter:card\" content=\"summary_large_image\" \/>\n<meta name=\"twitter:label1\" content=\"Arvioitu lukuaika\" \/>\n\t<meta name=\"twitter:data1\" content=\"1 minuutti\" \/>\n<script type=\"application\/ld+json\" class=\"yoast-schema-graph\">{\"@context\":\"https:\\\/\\\/schema.org\",\"@graph\":[{\"@type\":\"WebPage\",\"@id\":\"https:\\\/\\\/help.jamk.fi\\\/moodle\\\/fi\\\/uudelle-kayttajalle\\\/kurssin-luominen\\\/\",\"url\":\"https:\\\/\\\/help.jamk.fi\\\/moodle\\\/fi\\\/uudelle-kayttajalle\\\/kurssin-luominen\\\/\",\"name\":\"Uuden Moodle-kurssin luominen Pepiss\u00e4 - Moodle\",\"isPartOf\":{\"@id\":\"https:\\\/\\\/help.jamk.fi\\\/moodle\\\/#website\"},\"primaryImageOfPage\":{\"@id\":\"https:\\\/\\\/help.jamk.fi\\\/moodle\\\/fi\\\/uudelle-kayttajalle\\\/kurssin-luominen\\\/#primaryimage\"},\"image\":{\"@id\":\"https:\\\/\\\/help.jamk.fi\\\/moodle\\\/fi\\\/uudelle-kayttajalle\\\/kurssin-luominen\\\/#primaryimage\"},\"thumbnailUrl\":\"https:\\\/\\\/help.jamk.fi\\\/moodle\\\/wp-content\\\/uploads\\\/sites\\\/105\\\/2024\\\/01\\\/lisaa_tyotila.png\",\"datePublished\":\"2020-08-10T04:19:25+00:00\",\"dateModified\":\"2024-01-19T08:35:44+00:00\",\"breadcrumb\":{\"@id\":\"https:\\\/\\\/help.jamk.fi\\\/moodle\\\/fi\\\/uudelle-kayttajalle\\\/kurssin-luominen\\\/#breadcrumb\"},\"inLanguage\":\"fi\",\"potentialAction\":[{\"@type\":\"ReadAction\",\"target\":[\"https:\\\/\\\/help.jamk.fi\\\/moodle\\\/fi\\\/uudelle-kayttajalle\\\/kurssin-luominen\\\/\"]}]},{\"@type\":\"ImageObject\",\"inLanguage\":\"fi\",\"@id\":\"https:\\\/\\\/help.jamk.fi\\\/moodle\\\/fi\\\/uudelle-kayttajalle\\\/kurssin-luominen\\\/#primaryimage\",\"url\":\"https:\\\/\\\/help.jamk.fi\\\/moodle\\\/wp-content\\\/uploads\\\/sites\\\/105\\\/2024\\\/01\\\/lisaa_tyotila.png\",\"contentUrl\":\"https:\\\/\\\/help.jamk.fi\\\/moodle\\\/wp-content\\\/uploads\\\/sites\\\/105\\\/2024\\\/01\\\/lisaa_tyotila.png\",\"width\":798,\"height\":715},{\"@type\":\"BreadcrumbList\",\"@id\":\"https:\\\/\\\/help.jamk.fi\\\/moodle\\\/fi\\\/uudelle-kayttajalle\\\/kurssin-luominen\\\/#breadcrumb\",\"itemListElement\":[{\"@type\":\"ListItem\",\"position\":1,\"name\":\"Etusivu\",\"item\":\"https:\\\/\\\/help.jamk.fi\\\/moodle\\\/fi\\\/\"},{\"@type\":\"ListItem\",\"position\":2,\"name\":\"Uudelle k\u00e4ytt\u00e4j\u00e4lle\",\"item\":\"https:\\\/\\\/help.jamk.fi\\\/moodle\\\/fi\\\/uudelle-kayttajalle\\\/\"},{\"@type\":\"ListItem\",\"position\":3,\"name\":\"Uuden Moodle-kurssin luominen Pepiss\u00e4\"}]},{\"@type\":\"WebSite\",\"@id\":\"https:\\\/\\\/help.jamk.fi\\\/moodle\\\/#website\",\"url\":\"https:\\\/\\\/help.jamk.fi\\\/moodle\\\/\",\"name\":\"Moodle\",\"description\":\"\",\"potentialAction\":[{\"@type\":\"SearchAction\",\"target\":{\"@type\":\"EntryPoint\",\"urlTemplate\":\"https:\\\/\\\/help.jamk.fi\\\/moodle\\\/?s={search_term_string}\"},\"query-input\":{\"@type\":\"PropertyValueSpecification\",\"valueRequired\":true,\"valueName\":\"search_term_string\"}}],\"inLanguage\":\"fi\"}]}<\/script>\n<!-- \/ Yoast SEO plugin. -->","yoast_head_json":{"title":"Uuden Moodle-kurssin luominen Pepiss\u00e4 - Moodle","robots":{"index":"index","follow":"follow","max-snippet":"max-snippet:-1","max-image-preview":"max-image-preview:large","max-video-preview":"max-video-preview:-1"},"canonical":"https:\/\/help.jamk.fi\/moodle\/fi\/uudelle-kayttajalle\/kurssin-luominen\/","og_locale":"fi_FI","og_type":"article","og_title":"Uuden Moodle-kurssin luominen Pepiss\u00e4 - Moodle","og_description":"Opettaja voi luoda uuden Moodle-kurssin Peppi-j\u00e4rjestelm\u00e4ss\u00e4. Kirjaudu Peppiin ja siirry opintojaksototeutukseen, jolle haluat Moodle-kurssin. Uusi Moodle-kurssi syntyy v\u00e4litt\u00f6m\u00e4sti ja Pepiss\u00e4 opintojaksototeutukselle hyv\u00e4ksytyt opiskelijat ja kiinnitetyt opettajat siirtyv\u00e4t Moodleen kurssin osallistujiksi. Jos hyv\u00e4ksyt uuden opiskelijan toteutukselle Pepiss\u00e4, h\u00e4n tulee heti n\u00e4kyviin Moodlen osallistujalistalle. Jos hylk\u00e4\u00e4t opiskelijan ilmoittautumisen Pepiss\u00e4, opiskelija muuttuu ei-aktiiviseksi Moodle-kurssin osallistujalistalla. Opiskelijat eiv\u00e4t n\u00e4e [&hellip;]","og_url":"https:\/\/help.jamk.fi\/moodle\/fi\/uudelle-kayttajalle\/kurssin-luominen\/","og_site_name":"Moodle","article_modified_time":"2024-01-19T08:35:44+00:00","og_image":[{"url":"https:\/\/help.jamk.fi\/moodle\/wp-content\/uploads\/sites\/105\/2024\/01\/lisaa_tyotila.png","type":"","width":"","height":""}],"twitter_card":"summary_large_image","twitter_misc":{"Arvioitu lukuaika":"1 minuutti"},"schema":{"@context":"https:\/\/schema.org","@graph":[{"@type":"WebPage","@id":"https:\/\/help.jamk.fi\/moodle\/fi\/uudelle-kayttajalle\/kurssin-luominen\/","url":"https:\/\/help.jamk.fi\/moodle\/fi\/uudelle-kayttajalle\/kurssin-luominen\/","name":"Uuden Moodle-kurssin luominen Pepiss\u00e4 - Moodle","isPartOf":{"@id":"https:\/\/help.jamk.fi\/moodle\/#website"},"primaryImageOfPage":{"@id":"https:\/\/help.jamk.fi\/moodle\/fi\/uudelle-kayttajalle\/kurssin-luominen\/#primaryimage"},"image":{"@id":"https:\/\/help.jamk.fi\/moodle\/fi\/uudelle-kayttajalle\/kurssin-luominen\/#primaryimage"},"thumbnailUrl":"https:\/\/help.jamk.fi\/moodle\/wp-content\/uploads\/sites\/105\/2024\/01\/lisaa_tyotila.png","datePublished":"2020-08-10T04:19:25+00:00","dateModified":"2024-01-19T08:35:44+00:00","breadcrumb":{"@id":"https:\/\/help.jamk.fi\/moodle\/fi\/uudelle-kayttajalle\/kurssin-luominen\/#breadcrumb"},"inLanguage":"fi","potentialAction":[{"@type":"ReadAction","target":["https:\/\/help.jamk.fi\/moodle\/fi\/uudelle-kayttajalle\/kurssin-luominen\/"]}]},{"@type":"ImageObject","inLanguage":"fi","@id":"https:\/\/help.jamk.fi\/moodle\/fi\/uudelle-kayttajalle\/kurssin-luominen\/#primaryimage","url":"https:\/\/help.jamk.fi\/moodle\/wp-content\/uploads\/sites\/105\/2024\/01\/lisaa_tyotila.png","contentUrl":"https:\/\/help.jamk.fi\/moodle\/wp-content\/uploads\/sites\/105\/2024\/01\/lisaa_tyotila.png","width":798,"height":715},{"@type":"BreadcrumbList","@id":"https:\/\/help.jamk.fi\/moodle\/fi\/uudelle-kayttajalle\/kurssin-luominen\/#breadcrumb","itemListElement":[{"@type":"ListItem","position":1,"name":"Etusivu","item":"https:\/\/help.jamk.fi\/moodle\/fi\/"},{"@type":"ListItem","position":2,"name":"Uudelle k\u00e4ytt\u00e4j\u00e4lle","item":"https:\/\/help.jamk.fi\/moodle\/fi\/uudelle-kayttajalle\/"},{"@type":"ListItem","position":3,"name":"Uuden Moodle-kurssin luominen Pepiss\u00e4"}]},{"@type":"WebSite","@id":"https:\/\/help.jamk.fi\/moodle\/#website","url":"https:\/\/help.jamk.fi\/moodle\/","name":"Moodle","description":"","potentialAction":[{"@type":"SearchAction","target":{"@type":"EntryPoint","urlTemplate":"https:\/\/help.jamk.fi\/moodle\/?s={search_term_string}"},"query-input":{"@type":"PropertyValueSpecification","valueRequired":true,"valueName":"search_term_string"}}],"inLanguage":"fi"}]}},"_links":{"self":[{"href":"https:\/\/help.jamk.fi\/moodle\/wp-json\/wp\/v2\/pages\/151","targetHints":{"allow":["GET"]}}],"collection":[{"href":"https:\/\/help.jamk.fi\/moodle\/wp-json\/wp\/v2\/pages"}],"about":[{"href":"https:\/\/help.jamk.fi\/moodle\/wp-json\/wp\/v2\/types\/page"}],"author":[{"embeddable":true,"href":"https:\/\/help.jamk.fi\/moodle\/wp-json\/wp\/v2\/users\/74"}],"replies":[{"embeddable":true,"href":"https:\/\/help.jamk.fi\/moodle\/wp-json\/wp\/v2\/comments?post=151"}],"version-history":[{"count":23,"href":"https:\/\/help.jamk.fi\/moodle\/wp-json\/wp\/v2\/pages\/151\/revisions"}],"predecessor-version":[{"id":4473,"href":"https:\/\/help.jamk.fi\/moodle\/wp-json\/wp\/v2\/pages\/151\/revisions\/4473"}],"up":[{"embeddable":true,"href":"https:\/\/help.jamk.fi\/moodle\/wp-json\/wp\/v2\/pages\/166"}],"wp:attachment":[{"href":"https:\/\/help.jamk.fi\/moodle\/wp-json\/wp\/v2\/media?parent=151"}],"wp:term":[{"taxonomy":"category","embeddable":true,"href":"https:\/\/help.jamk.fi\/moodle\/wp-json\/wp\/v2\/categories?post=151"},{"taxonomy":"post_tag","embeddable":true,"href":"https:\/\/help.jamk.fi\/moodle\/wp-json\/wp\/v2\/tags?post=151"}],"curies":[{"name":"wp","href":"https:\/\/api.w.org\/{rel}","templated":true}]}}