{"id":166,"date":"2020-08-13T08:23:55","date_gmt":"2020-08-13T05:23:55","guid":{"rendered":"https:\/\/help.jamk.fi\/moodle\/uudelle-kayttajalle\/"},"modified":"2024-08-05T14:00:21","modified_gmt":"2024-08-05T11:00:21","slug":"uudelle-kayttajalle","status":"publish","type":"page","link":"https:\/\/help.jamk.fi\/moodle\/fi\/uudelle-kayttajalle\/","title":{"rendered":"Uudelle k\u00e4ytt\u00e4j\u00e4lle"},"content":{"rendered":"<div id=\"link-lifts-block_1106d4a4cf6a9a747537d4266ee9cfa8\" class=\"link-lifts block-link-lifts\">\n  <div class=\"row\">\n            <div class=\"col-12 col-lg-4 block-link-lifts__column\">\n          <div class=\"block-link-lifts__item pink\">\n            <h3 class=\"block-link-lifts__item--heading\">Uudelle k\u00e4ytt\u00e4j\u00e4lle<\/h3>\n                          <ul class=\"block-link-lifts__item--link-list\">\n                                                                        <li>\n                                              <a class=\"link-list\" href=\"https:\/\/help.jamk.fi\/moodle\/fi\/tukea-moodlen-kayttoon\/kysy-me-autamme\/\" target=\"_self\">Kysy \u2013 me autamme<\/a>\n                                          <\/li>\n                                                                                          <li>\n                                              <a class=\"link-list\" href=\"https:\/\/help.jamk.fi\/moodle\/fi\/ensiaskeleet-moodle-kurssilla\/\" target=\"_self\">Ensiaskeleet Moodle-kurssilla<\/a>\n                                          <\/li>\n                                                                                          <li>\n                                              <a class=\"link-list\" href=\"https:\/\/help.jamk.fi\/moodle\/fi\/uudelle-kayttajalle\/kurssin-luominen\/\" target=\"_self\">Uuden Moodle-kurssin luominen Pepiss\u00e4<\/a>\n                                          <\/li>\n                                                                                          <li>\n                                              <a class=\"link-list\" href=\"https:\/\/help.jamk.fi\/moodle\/fi\/uudelle-kayttajalle\/jamkin-moodle-pankki\/\" target=\"_self\">Jamkin Moodle-pankki<\/a>\n                                          <\/li>\n                                                                                          <li>\n                                              <a class=\"link-list\" href=\"https:\/\/help.jamk.fi\/moodle\/fi\/aktiviteetit-ja-aineistot\/tuo-toiminnon-kayttaminen-sisaltoja-kopioitaessa\/\" target=\"_self\">Tuo-toiminnon k\u00e4ytt\u00e4minen kokonaista kurssia kopioitaessa<\/a>\n                                          <\/li>\n                                                                                          <li>\n                                              <a class=\"link-list\" href=\"https:\/\/help.jamk.fi\/moodle\/fi\/uudelle-kayttajalle\/kurssin-yhdistaminen-opintojaksoon\/\" target=\"_self\">Olemassa olevan kurssin yhdist\u00e4minen opintojaksoon<\/a>\n                                          <\/li>\n                                                                                          <li>\n                                              <a class=\"link-list\" href=\"https:\/\/help.jamk.fi\/moodle\/fi\/uudelle-kayttajalle\/edistymisen-seuranta\/\" target=\"_self\">Edistymisen seurannan hy\u00f6dynt\u00e4minen Moodlessa<\/a>\n                                          <\/li>\n                                                                                          <li>\n                                              <a class=\"link-list\" href=\"https:\/\/help.jamk.fi\/moodle\/fi\/uudelle-kayttajalle\/arviointikirjan-perusteet-moodlessa\/\" target=\"_self\">Arviointikirjan perusteet Moodlessa<\/a>\n                                          <\/li>\n                                                                                          <li>\n                                              <a class=\"link-list\" href=\"https:\/\/help.jamk.fi\/moodle\/fi\/tukea-moodlen-kayttoon\/vinkit\/\" target=\"_self\">Moodle-vinkkej\u00e4 opettajalle<\/a>\n                                          <\/li>\n                                                <\/ul>\n            \n          <\/div>\n        <\/div>\n      <\/div>\n<\/div>\n\n\n<p><\/p>\n\n\n\n<p class=\"is-style-default\"><\/p>\n\n\n\n<p><\/p>\n","protected":false},"excerpt":{"rendered":"","protected":false},"author":74,"featured_media":0,"parent":0,"menu_order":1,"comment_status":"closed","ping_status":"closed","template":"","meta":{"_acf_changed":false,"_relevanssi_hide_post":"","_relevanssi_hide_content":"","_relevanssi_pin_for_all":"","_relevanssi_pin_keywords":"","_relevanssi_unpin_keywords":"","_relevanssi_related_keywords":"","_relevanssi_related_include_ids":"","_relevanssi_related_exclude_ids":"","_relevanssi_related_no_append":"","_relevanssi_related_not_related":"","_relevanssi_related_posts":"","_relevanssi_noindex_reason":"","footnotes":""},"categories":[],"tags":[49,43],"class_list":["post-166","page","type-page","status-publish","hentry","tag-aloita","tag-ohjevideo"],"acf":[],"yoast_head":"<!-- This site is optimized with the Yoast SEO plugin v27.3 - https:\/\/yoast.com\/product\/yoast-seo-wordpress\/ -->\n<title>Uudelle k\u00e4ytt\u00e4j\u00e4lle - Moodle<\/title>\n<meta name=\"robots\" content=\"index, follow, max-snippet:-1, max-image-preview:large, max-video-preview:-1\" \/>\n<link rel=\"canonical\" href=\"https:\/\/help.jamk.fi\/moodle\/fi\/uudelle-kayttajalle\/\" \/>\n<meta property=\"og:locale\" content=\"fi_FI\" \/>\n<meta property=\"og:type\" content=\"article\" \/>\n<meta property=\"og:title\" content=\"Uudelle k\u00e4ytt\u00e4j\u00e4lle - Moodle\" \/>\n<meta property=\"og:url\" content=\"https:\/\/help.jamk.fi\/moodle\/fi\/uudelle-kayttajalle\/\" \/>\n<meta property=\"og:site_name\" content=\"Moodle\" \/>\n<meta property=\"article:modified_time\" content=\"2024-08-05T11:00:21+00:00\" \/>\n<meta name=\"twitter:card\" content=\"summary_large_image\" \/>\n<script type=\"application\/ld+json\" class=\"yoast-schema-graph\">{\"@context\":\"https:\\\/\\\/schema.org\",\"@graph\":[{\"@type\":\"WebPage\",\"@id\":\"https:\\\/\\\/help.jamk.fi\\\/moodle\\\/fi\\\/uudelle-kayttajalle\\\/\",\"url\":\"https:\\\/\\\/help.jamk.fi\\\/moodle\\\/fi\\\/uudelle-kayttajalle\\\/\",\"name\":\"Uudelle k\u00e4ytt\u00e4j\u00e4lle - Moodle\",\"isPartOf\":{\"@id\":\"https:\\\/\\\/help.jamk.fi\\\/moodle\\\/#website\"},\"datePublished\":\"2020-08-13T05:23:55+00:00\",\"dateModified\":\"2024-08-05T11:00:21+00:00\",\"breadcrumb\":{\"@id\":\"https:\\\/\\\/help.jamk.fi\\\/moodle\\\/fi\\\/uudelle-kayttajalle\\\/#breadcrumb\"},\"inLanguage\":\"fi\",\"potentialAction\":[{\"@type\":\"ReadAction\",\"target\":[\"https:\\\/\\\/help.jamk.fi\\\/moodle\\\/fi\\\/uudelle-kayttajalle\\\/\"]}]},{\"@type\":\"BreadcrumbList\",\"@id\":\"https:\\\/\\\/help.jamk.fi\\\/moodle\\\/fi\\\/uudelle-kayttajalle\\\/#breadcrumb\",\"itemListElement\":[{\"@type\":\"ListItem\",\"position\":1,\"name\":\"Etusivu\",\"item\":\"https:\\\/\\\/help.jamk.fi\\\/moodle\\\/fi\\\/\"},{\"@type\":\"ListItem\",\"position\":2,\"name\":\"Uudelle k\u00e4ytt\u00e4j\u00e4lle\"}]},{\"@type\":\"WebSite\",\"@id\":\"https:\\\/\\\/help.jamk.fi\\\/moodle\\\/#website\",\"url\":\"https:\\\/\\\/help.jamk.fi\\\/moodle\\\/\",\"name\":\"Moodle\",\"description\":\"\",\"potentialAction\":[{\"@type\":\"SearchAction\",\"target\":{\"@type\":\"EntryPoint\",\"urlTemplate\":\"https:\\\/\\\/help.jamk.fi\\\/moodle\\\/?s={search_term_string}\"},\"query-input\":{\"@type\":\"PropertyValueSpecification\",\"valueRequired\":true,\"valueName\":\"search_term_string\"}}],\"inLanguage\":\"fi\"}]}<\/script>\n<!-- \/ Yoast SEO plugin. -->","yoast_head_json":{"title":"Uudelle k\u00e4ytt\u00e4j\u00e4lle - Moodle","robots":{"index":"index","follow":"follow","max-snippet":"max-snippet:-1","max-image-preview":"max-image-preview:large","max-video-preview":"max-video-preview:-1"},"canonical":"https:\/\/help.jamk.fi\/moodle\/fi\/uudelle-kayttajalle\/","og_locale":"fi_FI","og_type":"article","og_title":"Uudelle k\u00e4ytt\u00e4j\u00e4lle - Moodle","og_url":"https:\/\/help.jamk.fi\/moodle\/fi\/uudelle-kayttajalle\/","og_site_name":"Moodle","article_modified_time":"2024-08-05T11:00:21+00:00","twitter_card":"summary_large_image","schema":{"@context":"https:\/\/schema.org","@graph":[{"@type":"WebPage","@id":"https:\/\/help.jamk.fi\/moodle\/fi\/uudelle-kayttajalle\/","url":"https:\/\/help.jamk.fi\/moodle\/fi\/uudelle-kayttajalle\/","name":"Uudelle k\u00e4ytt\u00e4j\u00e4lle - Moodle","isPartOf":{"@id":"https:\/\/help.jamk.fi\/moodle\/#website"},"datePublished":"2020-08-13T05:23:55+00:00","dateModified":"2024-08-05T11:00:21+00:00","breadcrumb":{"@id":"https:\/\/help.jamk.fi\/moodle\/fi\/uudelle-kayttajalle\/#breadcrumb"},"inLanguage":"fi","potentialAction":[{"@type":"ReadAction","target":["https:\/\/help.jamk.fi\/moodle\/fi\/uudelle-kayttajalle\/"]}]},{"@type":"BreadcrumbList","@id":"https:\/\/help.jamk.fi\/moodle\/fi\/uudelle-kayttajalle\/#breadcrumb","itemListElement":[{"@type":"ListItem","position":1,"name":"Etusivu","item":"https:\/\/help.jamk.fi\/moodle\/fi\/"},{"@type":"ListItem","position":2,"name":"Uudelle k\u00e4ytt\u00e4j\u00e4lle"}]},{"@type":"WebSite","@id":"https:\/\/help.jamk.fi\/moodle\/#website","url":"https:\/\/help.jamk.fi\/moodle\/","name":"Moodle","description":"","potentialAction":[{"@type":"SearchAction","target":{"@type":"EntryPoint","urlTemplate":"https:\/\/help.jamk.fi\/moodle\/?s={search_term_string}"},"query-input":{"@type":"PropertyValueSpecification","valueRequired":true,"valueName":"search_term_string"}}],"inLanguage":"fi"}]}},"_links":{"self":[{"href":"https:\/\/help.jamk.fi\/moodle\/wp-json\/wp\/v2\/pages\/166","targetHints":{"allow":["GET"]}}],"collection":[{"href":"https:\/\/help.jamk.fi\/moodle\/wp-json\/wp\/v2\/pages"}],"about":[{"href":"https:\/\/help.jamk.fi\/moodle\/wp-json\/wp\/v2\/types\/page"}],"author":[{"embeddable":true,"href":"https:\/\/help.jamk.fi\/moodle\/wp-json\/wp\/v2\/users\/74"}],"replies":[{"embeddable":true,"href":"https:\/\/help.jamk.fi\/moodle\/wp-json\/wp\/v2\/comments?post=166"}],"version-history":[{"count":22,"href":"https:\/\/help.jamk.fi\/moodle\/wp-json\/wp\/v2\/pages\/166\/revisions"}],"predecessor-version":[{"id":4872,"href":"https:\/\/help.jamk.fi\/moodle\/wp-json\/wp\/v2\/pages\/166\/revisions\/4872"}],"wp:attachment":[{"href":"https:\/\/help.jamk.fi\/moodle\/wp-json\/wp\/v2\/media?parent=166"}],"wp:term":[{"taxonomy":"category","embeddable":true,"href":"https:\/\/help.jamk.fi\/moodle\/wp-json\/wp\/v2\/categories?post=166"},{"taxonomy":"post_tag","embeddable":true,"href":"https:\/\/help.jamk.fi\/moodle\/wp-json\/wp\/v2\/tags?post=166"}],"curies":[{"name":"wp","href":"https:\/\/api.w.org\/{rel}","templated":true}]}}