{"id":186,"date":"2020-09-14T10:30:11","date_gmt":"2020-09-14T07:30:11","guid":{"rendered":"https:\/\/help.jamk.fi\/moodle\/aktiviteetit-ja-aineistot\/tuo-toiminnon-kayttaminen-sisaltoja-kopioitaessa\/"},"modified":"2024-01-22T16:31:55","modified_gmt":"2024-01-22T14:31:55","slug":"tuo-toiminnon-kayttaminen-sisaltoja-kopioitaessa","status":"publish","type":"page","link":"https:\/\/help.jamk.fi\/moodle\/fi\/uudelle-kayttajalle\/tuo-toiminnon-kayttaminen-sisaltoja-kopioitaessa\/","title":{"rendered":"Tuo-toiminnon k\u00e4ytt\u00e4minen kokonaista kurssia kopioitaessa"},"content":{"rendered":"\n<p>Jos haluat saada valmiilta Moodle-kurssilta kaikki sis\u00e4ll\u00f6t toiselle Moodle-kurssille, hy\u00f6dynn\u00e4 Tuo-toimintoa. Huomioi, ett\u00e4 sinulla t\u00e4ytyy olla opettaja-oikeudet kurssilla, jonka sis\u00e4ll\u00f6t haluat tuoda kurssillesi.<\/p>\n\n\n\n<h2 class=\"wp-block-heading\"><strong>Tyhj\u00e4n kurssipohjan tilaaminen ja muokkaaminen<\/strong><\/h2>\n\n\n\n<ol class=\"wp-block-list\">\n<li>Tilaa opintojaksollesi&nbsp;Pepist\u00e4 Moodle-kurssipohja (opintojaksototeutuksen n\u00e4kym\u00e4ss\u00e4 Oppimisymp\u00e4rist\u00f6t &gt; Lis\u00e4\u00e4 ty\u00f6tila oppimisymp\u00e4rist\u00f6\u00f6n).<\/li>\n\n\n\n<li>Klikkaa Peppiin syntyv\u00e4\u00e4 Moodle-linkki\u00e4 p\u00e4\u00e4st\u00e4ksesi uudelle Moodle-kurssille.<\/li>\n\n\n\n<li>Poista kurssipohjasta etusivulta Uutiset-aktiviteetti.<\/li>\n\n\n\n<li>Jos kurssin, jolta olet tuomassa sis\u00e4lt\u00f6j\u00e4, kurssiformaatti on v\u00e4lilehdet, sinun ei tarvitset muuttaa mit\u00e4\u00e4n.\n<ul class=\"wp-block-list\">\n<li>Jos kurssin, jolta olet tuomassa sis\u00e4lt\u00f6j\u00e4, kurssiformaatti on ruudukko, k\u00e4y vaihtamassa my\u00f6s t\u00e4m\u00e4n kurssipohjan kurssiformaatti ruudukoksi kurssin yleisist\u00e4 asetuksista. <\/li>\n<\/ul>\n<\/li>\n<\/ol>\n\n\n\n<p><\/p>\n\n\n\n<h2 class=\"wp-block-heading\"><strong>Tuo-toiminnon hy\u00f6dynt\u00e4minen<\/strong><\/h2>\n\n\n\n<ol class=\"wp-block-list\">\n<li>Klikkaa kurssin nimen alla olevasta navigaatiosta <strong>Lis\u00e4\u00e4<\/strong> ja valitse <strong>Kurssin uudelleenk\u00e4ytt\u00f6<\/strong>.<\/li>\n\n\n\n<li>Etsi kurssi, jolta haluat tuoda sis\u00e4ll\u00f6t t\u00e4h\u00e4n tyhj\u00e4\u00e4n kurssipohjaan. Moodle ehdottaa muutamia vaihtoehtoja, mutta jos haluamasi kurssi ei ole tuolla listalla, kirjoita kurssin nimi tai koodi hakukentt\u00e4\u00e4n ja hae haluamasi kurssi.<\/li>\n\n\n\n<li>Kun l\u00f6yd\u00e4t haluamasi kurssin, valitse se klikkaamalla pallukkaa kurssin nimen edess\u00e4 ja klikkaa <strong>Jatka<\/strong>.<\/li>\n\n\n\n<li><span style=\"color: var(--color-text); font-size: var(--font-size-body-medium); font-weight: var(--font-weight-regular); text-align: var(--bs-body-text-align);\">Jos haluat tuoda kaikki kurssin sis\u00e4ll\u00f6t, klikkaa <strong>Hypp\u00e4\u00e4 suoraan viimeiseen vaiheeseen<\/strong>. <\/span>\n<ul class=\"wp-block-list\">\n<li>Jos haluat tuoda vain yksitt\u00e4isi\u00e4 sis\u00e4lt\u00f6j\u00e4, klikkaa J<span style=\"color: var(--color-text); font-size: var(--font-size-body-medium); font-weight: var(--font-weight-regular); text-align: var(--bs-body-text-align);\">atka ja valitse sen j\u00e4lkeen ne sis\u00e4ll\u00f6t, jotka haluat tuoda.<\/span> Voit tuoda esimerkiksi vain yksitt\u00e4isi\u00e4 aktiviteetteja. <\/li>\n\n\n\n<li>Moodle lis\u00e4\u00e4 yksitt\u00e4isen aktiviteetin tai aineiston kohdekurssille j\u00e4rjestyksess\u00e4 samalle v\u00e4lilehdelle, jolla se on ollut l\u00e4hdekurssilla. Voit siis joutua siirt\u00e4m\u00e4\u00e4n aktiviteetin tai aineiston toiselle v\u00e4lilehdelle kohdekurssilla.<\/li>\n<\/ul>\n<\/li>\n\n\n\n<li>Odota hetki ja kurssisis\u00e4ll\u00f6t kopioituvat uudelle kurssille.  <\/li>\n<\/ol>\n\n\n\n<p><\/p>\n\n\n\n<h2 class=\"wp-block-heading\"><strong>Tuomisen j\u00e4lkeen<\/strong><\/h2>\n\n\n\n<ol class=\"wp-block-list\">\n<li>Kun tuonti on valmis, tarkista, ett\u00e4 kaikki haluamasi sis\u00e4ll\u00f6t ovat tulleet tyhj\u00e4lle kurssille ja aktiviteetit toimivat haluamallasi tavalla. <strong>HUOM!<\/strong> Tarkista aktiviteettien asetukset, esimerkiksi teht\u00e4v\u00e4-aktiviteetin arviointi tai kysymyspankissa olevien kysymysten asetukset.<\/li>\n\n\n\n<li>Tuo-toimintoa k\u00e4ytett\u00e4ess\u00e4 tervetuloa-v\u00e4lilehdelle kopioituvat aktiviteetit ja aineistot. Jos tervetuloa-v\u00e4lilehden kuvauskentt\u00e4\u00e4n on kirjoitettu teksti\u00e4, se pit\u00e4\u00e4 kopioida erikseen alkuper\u00e4iselt\u00e4 kurssilta.<\/li>\n\n\n\n<li>Tuo-toiminto ei my\u00f6sk\u00e4\u00e4n kopioi kurssin yl\u00e4laidan bannerikuvaa, joten sinun pit\u00e4\u00e4 lis\u00e4t\u00e4 se itse. Bannerikuva lis\u00e4t\u00e4\u00e4n kurssin asetuksista (Muokkaa asetuksia &gt; Kurssikuvaukseen liittyv\u00e4t tiedostot) tai voit lis\u00e4t\u00e4 bannerikuvan suoraan kurssisivulta klikkaamalla kuvaketta bannerikuvan oikeassa yl\u00e4kulmassa.<\/li>\n\n\n\n<li>Jos kurssiformaattina on ruudukko, sinun t\u00e4ytyy klikata muokkaustila p\u00e4\u00e4lle ja lis\u00e4t\u00e4 sivun alalaidasta punaisesta plus-painikkeesta kurssipohjaan niin monta osiota kuin olet tuonut kurssipohjaan. Ilman t\u00e4t\u00e4 lis\u00e4yst\u00e4 tuomasi osiot ovat orpoja eiv\u00e4tk\u00e4 n\u00e4y kurssilla.<\/li>\n<\/ol>\n","protected":false},"excerpt":{"rendered":"<p>Jos haluat saada valmiilta Moodle-kurssilta kaikki sis\u00e4ll\u00f6t toiselle Moodle-kurssille, hy\u00f6dynn\u00e4 Tuo-toimintoa. Huomioi, ett\u00e4 sinulla t\u00e4ytyy olla opettaja-oikeudet kurssilla, jonka sis\u00e4ll\u00f6t haluat tuoda kurssillesi. Tyhj\u00e4n kurssipohjan tilaaminen ja muokkaaminen Tuo-toiminnon hy\u00f6dynt\u00e4minen Tuomisen j\u00e4lkeen<\/p>\n","protected":false},"author":74,"featured_media":0,"parent":166,"menu_order":2,"comment_status":"closed","ping_status":"closed","template":"","meta":{"_acf_changed":false,"_relevanssi_hide_post":"","_relevanssi_hide_content":"","_relevanssi_pin_for_all":"","_relevanssi_pin_keywords":"","_relevanssi_unpin_keywords":"","_relevanssi_related_keywords":"","_relevanssi_related_include_ids":"","_relevanssi_related_exclude_ids":"","_relevanssi_related_no_append":"","_relevanssi_related_not_related":"","_relevanssi_related_posts":"","_relevanssi_noindex_reason":"","footnotes":""},"categories":[],"tags":[],"class_list":["post-186","page","type-page","status-publish","hentry"],"acf":[],"yoast_head":"<!-- This site is optimized with the Yoast SEO plugin v27.3 - https:\/\/yoast.com\/product\/yoast-seo-wordpress\/ -->\n<title>Tuo-toiminnon k\u00e4ytt\u00e4minen kokonaista kurssia kopioitaessa - Moodle<\/title>\n<meta name=\"robots\" content=\"index, follow, max-snippet:-1, max-image-preview:large, max-video-preview:-1\" \/>\n<link rel=\"canonical\" href=\"https:\/\/help.jamk.fi\/moodle\/fi\/uudelle-kayttajalle\/tuo-toiminnon-kayttaminen-sisaltoja-kopioitaessa\/\" \/>\n<meta property=\"og:locale\" content=\"fi_FI\" \/>\n<meta property=\"og:type\" content=\"article\" \/>\n<meta property=\"og:title\" content=\"Tuo-toiminnon k\u00e4ytt\u00e4minen kokonaista kurssia kopioitaessa - Moodle\" \/>\n<meta property=\"og:description\" content=\"Jos haluat saada valmiilta Moodle-kurssilta kaikki sis\u00e4ll\u00f6t toiselle Moodle-kurssille, hy\u00f6dynn\u00e4 Tuo-toimintoa. Huomioi, ett\u00e4 sinulla t\u00e4ytyy olla opettaja-oikeudet kurssilla, jonka sis\u00e4ll\u00f6t haluat tuoda kurssillesi. Tyhj\u00e4n kurssipohjan tilaaminen ja muokkaaminen Tuo-toiminnon hy\u00f6dynt\u00e4minen Tuomisen j\u00e4lkeen\" \/>\n<meta property=\"og:url\" content=\"https:\/\/help.jamk.fi\/moodle\/fi\/uudelle-kayttajalle\/tuo-toiminnon-kayttaminen-sisaltoja-kopioitaessa\/\" \/>\n<meta property=\"og:site_name\" content=\"Moodle\" \/>\n<meta property=\"article:modified_time\" content=\"2024-01-22T14:31:55+00:00\" \/>\n<meta name=\"twitter:card\" content=\"summary_large_image\" \/>\n<meta name=\"twitter:label1\" content=\"Arvioitu lukuaika\" \/>\n\t<meta name=\"twitter:data1\" content=\"3 minuuttia\" \/>\n<script type=\"application\/ld+json\" class=\"yoast-schema-graph\">{\"@context\":\"https:\\\/\\\/schema.org\",\"@graph\":[{\"@type\":\"WebPage\",\"@id\":\"https:\\\/\\\/help.jamk.fi\\\/moodle\\\/fi\\\/uudelle-kayttajalle\\\/tuo-toiminnon-kayttaminen-sisaltoja-kopioitaessa\\\/\",\"url\":\"https:\\\/\\\/help.jamk.fi\\\/moodle\\\/fi\\\/uudelle-kayttajalle\\\/tuo-toiminnon-kayttaminen-sisaltoja-kopioitaessa\\\/\",\"name\":\"Tuo-toiminnon k\u00e4ytt\u00e4minen kokonaista kurssia kopioitaessa - Moodle\",\"isPartOf\":{\"@id\":\"https:\\\/\\\/help.jamk.fi\\\/moodle\\\/#website\"},\"datePublished\":\"2020-09-14T07:30:11+00:00\",\"dateModified\":\"2024-01-22T14:31:55+00:00\",\"breadcrumb\":{\"@id\":\"https:\\\/\\\/help.jamk.fi\\\/moodle\\\/fi\\\/uudelle-kayttajalle\\\/tuo-toiminnon-kayttaminen-sisaltoja-kopioitaessa\\\/#breadcrumb\"},\"inLanguage\":\"fi\",\"potentialAction\":[{\"@type\":\"ReadAction\",\"target\":[\"https:\\\/\\\/help.jamk.fi\\\/moodle\\\/fi\\\/uudelle-kayttajalle\\\/tuo-toiminnon-kayttaminen-sisaltoja-kopioitaessa\\\/\"]}]},{\"@type\":\"BreadcrumbList\",\"@id\":\"https:\\\/\\\/help.jamk.fi\\\/moodle\\\/fi\\\/uudelle-kayttajalle\\\/tuo-toiminnon-kayttaminen-sisaltoja-kopioitaessa\\\/#breadcrumb\",\"itemListElement\":[{\"@type\":\"ListItem\",\"position\":1,\"name\":\"Etusivu\",\"item\":\"https:\\\/\\\/help.jamk.fi\\\/moodle\\\/fi\\\/\"},{\"@type\":\"ListItem\",\"position\":2,\"name\":\"Uudelle k\u00e4ytt\u00e4j\u00e4lle\",\"item\":\"https:\\\/\\\/help.jamk.fi\\\/moodle\\\/fi\\\/uudelle-kayttajalle\\\/\"},{\"@type\":\"ListItem\",\"position\":3,\"name\":\"Tuo-toiminnon k\u00e4ytt\u00e4minen kokonaista kurssia kopioitaessa\"}]},{\"@type\":\"WebSite\",\"@id\":\"https:\\\/\\\/help.jamk.fi\\\/moodle\\\/#website\",\"url\":\"https:\\\/\\\/help.jamk.fi\\\/moodle\\\/\",\"name\":\"Moodle\",\"description\":\"\",\"potentialAction\":[{\"@type\":\"SearchAction\",\"target\":{\"@type\":\"EntryPoint\",\"urlTemplate\":\"https:\\\/\\\/help.jamk.fi\\\/moodle\\\/?s={search_term_string}\"},\"query-input\":{\"@type\":\"PropertyValueSpecification\",\"valueRequired\":true,\"valueName\":\"search_term_string\"}}],\"inLanguage\":\"fi\"}]}<\/script>\n<!-- \/ Yoast SEO plugin. -->","yoast_head_json":{"title":"Tuo-toiminnon k\u00e4ytt\u00e4minen kokonaista kurssia kopioitaessa - Moodle","robots":{"index":"index","follow":"follow","max-snippet":"max-snippet:-1","max-image-preview":"max-image-preview:large","max-video-preview":"max-video-preview:-1"},"canonical":"https:\/\/help.jamk.fi\/moodle\/fi\/uudelle-kayttajalle\/tuo-toiminnon-kayttaminen-sisaltoja-kopioitaessa\/","og_locale":"fi_FI","og_type":"article","og_title":"Tuo-toiminnon k\u00e4ytt\u00e4minen kokonaista kurssia kopioitaessa - Moodle","og_description":"Jos haluat saada valmiilta Moodle-kurssilta kaikki sis\u00e4ll\u00f6t toiselle Moodle-kurssille, hy\u00f6dynn\u00e4 Tuo-toimintoa. Huomioi, ett\u00e4 sinulla t\u00e4ytyy olla opettaja-oikeudet kurssilla, jonka sis\u00e4ll\u00f6t haluat tuoda kurssillesi. Tyhj\u00e4n kurssipohjan tilaaminen ja muokkaaminen Tuo-toiminnon hy\u00f6dynt\u00e4minen Tuomisen j\u00e4lkeen","og_url":"https:\/\/help.jamk.fi\/moodle\/fi\/uudelle-kayttajalle\/tuo-toiminnon-kayttaminen-sisaltoja-kopioitaessa\/","og_site_name":"Moodle","article_modified_time":"2024-01-22T14:31:55+00:00","twitter_card":"summary_large_image","twitter_misc":{"Arvioitu lukuaika":"3 minuuttia"},"schema":{"@context":"https:\/\/schema.org","@graph":[{"@type":"WebPage","@id":"https:\/\/help.jamk.fi\/moodle\/fi\/uudelle-kayttajalle\/tuo-toiminnon-kayttaminen-sisaltoja-kopioitaessa\/","url":"https:\/\/help.jamk.fi\/moodle\/fi\/uudelle-kayttajalle\/tuo-toiminnon-kayttaminen-sisaltoja-kopioitaessa\/","name":"Tuo-toiminnon k\u00e4ytt\u00e4minen kokonaista kurssia kopioitaessa - Moodle","isPartOf":{"@id":"https:\/\/help.jamk.fi\/moodle\/#website"},"datePublished":"2020-09-14T07:30:11+00:00","dateModified":"2024-01-22T14:31:55+00:00","breadcrumb":{"@id":"https:\/\/help.jamk.fi\/moodle\/fi\/uudelle-kayttajalle\/tuo-toiminnon-kayttaminen-sisaltoja-kopioitaessa\/#breadcrumb"},"inLanguage":"fi","potentialAction":[{"@type":"ReadAction","target":["https:\/\/help.jamk.fi\/moodle\/fi\/uudelle-kayttajalle\/tuo-toiminnon-kayttaminen-sisaltoja-kopioitaessa\/"]}]},{"@type":"BreadcrumbList","@id":"https:\/\/help.jamk.fi\/moodle\/fi\/uudelle-kayttajalle\/tuo-toiminnon-kayttaminen-sisaltoja-kopioitaessa\/#breadcrumb","itemListElement":[{"@type":"ListItem","position":1,"name":"Etusivu","item":"https:\/\/help.jamk.fi\/moodle\/fi\/"},{"@type":"ListItem","position":2,"name":"Uudelle k\u00e4ytt\u00e4j\u00e4lle","item":"https:\/\/help.jamk.fi\/moodle\/fi\/uudelle-kayttajalle\/"},{"@type":"ListItem","position":3,"name":"Tuo-toiminnon k\u00e4ytt\u00e4minen kokonaista kurssia kopioitaessa"}]},{"@type":"WebSite","@id":"https:\/\/help.jamk.fi\/moodle\/#website","url":"https:\/\/help.jamk.fi\/moodle\/","name":"Moodle","description":"","potentialAction":[{"@type":"SearchAction","target":{"@type":"EntryPoint","urlTemplate":"https:\/\/help.jamk.fi\/moodle\/?s={search_term_string}"},"query-input":{"@type":"PropertyValueSpecification","valueRequired":true,"valueName":"search_term_string"}}],"inLanguage":"fi"}]}},"_links":{"self":[{"href":"https:\/\/help.jamk.fi\/moodle\/wp-json\/wp\/v2\/pages\/186","targetHints":{"allow":["GET"]}}],"collection":[{"href":"https:\/\/help.jamk.fi\/moodle\/wp-json\/wp\/v2\/pages"}],"about":[{"href":"https:\/\/help.jamk.fi\/moodle\/wp-json\/wp\/v2\/types\/page"}],"author":[{"embeddable":true,"href":"https:\/\/help.jamk.fi\/moodle\/wp-json\/wp\/v2\/users\/74"}],"replies":[{"embeddable":true,"href":"https:\/\/help.jamk.fi\/moodle\/wp-json\/wp\/v2\/comments?post=186"}],"version-history":[{"count":13,"href":"https:\/\/help.jamk.fi\/moodle\/wp-json\/wp\/v2\/pages\/186\/revisions"}],"predecessor-version":[{"id":4541,"href":"https:\/\/help.jamk.fi\/moodle\/wp-json\/wp\/v2\/pages\/186\/revisions\/4541"}],"up":[{"embeddable":true,"href":"https:\/\/help.jamk.fi\/moodle\/wp-json\/wp\/v2\/pages\/166"}],"wp:attachment":[{"href":"https:\/\/help.jamk.fi\/moodle\/wp-json\/wp\/v2\/media?parent=186"}],"wp:term":[{"taxonomy":"category","embeddable":true,"href":"https:\/\/help.jamk.fi\/moodle\/wp-json\/wp\/v2\/categories?post=186"},{"taxonomy":"post_tag","embeddable":true,"href":"https:\/\/help.jamk.fi\/moodle\/wp-json\/wp\/v2\/tags?post=186"}],"curies":[{"name":"wp","href":"https:\/\/api.w.org\/{rel}","templated":true}]}}