{"id":192,"date":"2020-09-18T08:22:13","date_gmt":"2020-09-18T05:22:13","guid":{"rendered":"https:\/\/help.jamk.fi\/moodle\/ryhmat-ja-ryhmittelyt\/"},"modified":"2024-03-22T09:03:37","modified_gmt":"2024-03-22T07:03:37","slug":"ryhmat-manuaalisesti-tai-automaattisesti","status":"publish","type":"page","link":"https:\/\/help.jamk.fi\/moodle\/fi\/ryhmatyoskentely-moodlessa\/ryhmat-manuaalisesti-tai-automaattisesti\/","title":{"rendered":"Ryhmien manuaalinen ja automaattinen lis\u00e4\u00e4minen kurssille"},"content":{"rendered":"\n<h2 class=\"wp-block-heading\">1. Opettaja lis\u00e4\u00e4 ryhm\u00e4t ja osallistujat ryhmiin manuaalisesti.<\/h2>\n\n\n\n<ol class=\"wp-block-list\">\n<li><span data-contrast=\"auto\">Klikkaa <strong>Osallistujat<\/strong>\u00a0kurssin nimen alapuolella. Valitse vasemman laidan alasvetovalikosta <strong>Ryhm\u00e4t<\/strong>.<\/span><\/li>\n\n\n\n<li>Valitse <strong>Luo ryhm\u00e4<\/strong>. T\u00e4ll\u00e4 toiminnolla voit luoda jokaisen ryhm\u00e4n yksi kerrallaan. Riitt\u00e4\u00e4, ett\u00e4 annat ryhm\u00e4lle nimen ja tallennat.<\/li>\n\n\n\n<li>Lis\u00e4\u00e4 osallistujat ryhm\u00e4\u00e4n klikkaamalla ryhm\u00e4n nime\u00e4 ja sen j\u00e4lkeen <strong>Lis\u00e4\u00e4\/poista k\u00e4ytt\u00e4ji\u00e4<\/strong>.<\/li>\n\n\n\n<li><span data-contrast=\"auto\">Kun pid\u00e4t Ctrl-painikkeen pohjassa, voit valita useita henkil\u00f6it\u00e4 klikkaamalla nimi\u00e4 ja lis\u00e4t\u00e4 useita henkil\u00f6it\u00e4 yhdell\u00e4 kertaa ryhm\u00e4\u00e4n.&nbsp;&nbsp;<\/span><\/li>\n\n\n\n<li><span data-contrast=\"auto\">Kun olet lis\u00e4nnyt kaikki haluamasi henkil\u00f6t ryhm\u00e4\u00e4n, klikkaa painiketta <strong>Takaisin ryhmiin<\/strong>.<\/span><span data-ccp-props=\"{&quot;201341983&quot;:0,&quot;335559739&quot;:0,&quot;335559740&quot;:240}\">&nbsp;<\/span><\/li>\n\n\n\n<li><span data-contrast=\"auto\">Valitse toinen ryhm\u00e4 ja klikkaa <strong>Lis\u00e4\u00e4\/poista k\u00e4ytt\u00e4ji\u00e4<\/strong>.<\/span><\/li>\n<\/ol>\n\n\n\n<figure class=\"wp-block-image size-full\"><img loading=\"lazy\" decoding=\"async\" width=\"653\" height=\"653\" src=\"https:\/\/help.jamk.fi\/moodle\/wp-content\/uploads\/sites\/105\/2024\/01\/ryhmat-1.jpg\" alt=\"\" class=\"wp-image-4349\" srcset=\"https:\/\/help.jamk.fi\/moodle\/wp-content\/uploads\/sites\/105\/2024\/01\/ryhmat-1.jpg 653w, https:\/\/help.jamk.fi\/moodle\/wp-content\/uploads\/sites\/105\/2024\/01\/ryhmat-1-300x300.jpg 300w, https:\/\/help.jamk.fi\/moodle\/wp-content\/uploads\/sites\/105\/2024\/01\/ryhmat-1-150x150.jpg 150w, https:\/\/help.jamk.fi\/moodle\/wp-content\/uploads\/sites\/105\/2024\/01\/ryhmat-1-100x100.jpg 100w\" sizes=\"auto, (max-width: 653px) 100vw, 653px\" \/><figcaption class=\"wp-element-caption\">Moodle-kurssin Ryhm\u00e4t-n\u00e4kym\u00e4.<\/figcaption><\/figure>\n\n\n\n<p><\/p>\n\n\n\n<h2 class=\"wp-block-heading\">2. Opettaja yhdist\u00e4\u00e4 ryhm\u00e4t ryhmittelyll\u00e4.<span data-ccp-props=\"{&quot;201341983&quot;:0,&quot;335559739&quot;:0,&quot;335559740&quot;:240}\">\u00a0\u00a0<\/span><\/h2>\n\n\n\n<p>Jotta voit k\u00e4ytt\u00e4\u00e4 kurssille lis\u00e4ttyj\u00e4 ryhmi\u00e4 esimerkiksi teht\u00e4v\u00e4-aktiviteetissa, sinun t\u00e4ytyy yhdist\u00e4\u00e4 ryhm\u00e4t Ryhmittely-toiminnolla.<\/p>\n\n\n\n<ol class=\"wp-block-list\">\n<li>Valitse Osallistujat-n\u00e4kym\u00e4ss\u00e4 pudotusvalikosta <strong>Ryhmittelyt.<\/strong><\/li>\n\n\n\n<li>Klikkaa <strong>Luo ryhmittely.<\/strong><\/li>\n\n\n\n<li>Nime\u00e4 ja tallenna. <\/li>\n\n\n\n<li>Lis\u00e4\u00e4 aiemmin luomasi ryhm\u00e4t ryhmittelyyn klikkaamalla hahmokuvaketta ryhmittelyn oikeassa laidassa.<\/li>\n<\/ol>\n\n\n\n<figure class=\"wp-block-image size-full\"><img loading=\"lazy\" decoding=\"async\" width=\"905\" height=\"325\" src=\"https:\/\/help.jamk.fi\/moodle\/wp-content\/uploads\/sites\/105\/2024\/01\/ryhmittelyt.jpg\" alt=\"\" class=\"wp-image-4350\" srcset=\"https:\/\/help.jamk.fi\/moodle\/wp-content\/uploads\/sites\/105\/2024\/01\/ryhmittelyt.jpg 905w, https:\/\/help.jamk.fi\/moodle\/wp-content\/uploads\/sites\/105\/2024\/01\/ryhmittelyt-300x108.jpg 300w, https:\/\/help.jamk.fi\/moodle\/wp-content\/uploads\/sites\/105\/2024\/01\/ryhmittelyt-768x276.jpg 768w\" sizes=\"auto, (max-width: 905px) 100vw, 905px\" \/><figcaption class=\"wp-element-caption\">Moodle-kurssin Ryhmittelyt-n\u00e4kym\u00e4.<\/figcaption><\/figure>\n\n\n\n<p><\/p>\n\n\n\n<h2 class=\"wp-block-heading\" id=\"automaattisesti\">3. Opettaja aktivoi ryhm\u00e4palautuksen teht\u00e4v\u00e4-aktiviteetissa.<\/h2>\n\n\n\n<ol class=\"wp-block-list\">\n<li>Siirry teht\u00e4v\u00e4-aktiviteettiin ja aktivoi ryhm\u00e4palautuksen asetukset. <\/li>\n\n\n\n<li><strong>Opiskelijat palauttavat ryhm\u00e4t\u00f6it\u00e4: <\/strong>Kyll\u00e4.<\/li>\n\n\n\n<li><strong>Opiskelijan pit\u00e4\u00e4 olla ryhm\u00e4n j\u00e4sen voidakseen palauttaa:<\/strong> Kyll\u00e4.<\/li>\n\n\n\n<li><strong>Ryhmittely:<\/strong> Valitse pudotusvalikosta luomasi ryhmittely.<\/li>\n\n\n\n<li>Nyt opiskelijat voivat valita ryhm\u00e4st\u00e4\u00e4n yhden henkil\u00f6n, joka tekee palautuksen. Palautus tulee n\u00e4kyville kaikille ryhm\u00e4n j\u00e4senille.<\/li>\n\n\n\n<li>Arviointivaiheessa riitt\u00e4\u00e4, ett\u00e4 arvioit yhden ryhm\u00e4n j\u00e4senist\u00e4 ja sama arvosana ja palaute tulee n\u00e4kyviin kaikille ryhm\u00e4n j\u00e4senille.<\/li>\n\n\n\n<li>On my\u00f6s mahdollista antaa eri arvosanat ja palautteet ryhm\u00e4n j\u00e4senille.<\/li>\n<\/ol>\n\n\n\n<figure class=\"wp-block-image size-full\"><img loading=\"lazy\" decoding=\"async\" width=\"757\" height=\"369\" src=\"https:\/\/help.jamk.fi\/moodle\/wp-content\/uploads\/sites\/105\/2024\/01\/ryhmapalautus.jpg\" alt=\"\" class=\"wp-image-4351\" srcset=\"https:\/\/help.jamk.fi\/moodle\/wp-content\/uploads\/sites\/105\/2024\/01\/ryhmapalautus.jpg 757w, https:\/\/help.jamk.fi\/moodle\/wp-content\/uploads\/sites\/105\/2024\/01\/ryhmapalautus-300x146.jpg 300w\" sizes=\"auto, (max-width: 757px) 100vw, 757px\" \/><figcaption class=\"wp-element-caption\">Ryhm\u00e4palautuksen asetukset.<\/figcaption><\/figure>\n\n\n\n<p><\/p>\n\n\n\n<h2 class=\"wp-block-heading\" id=\"automaattisesti\">Opettaja voi lis\u00e4t\u00e4 ryhm\u00e4t Moodle-kurssille<b><span data-contrast=\"auto\"> my\u00f6s automaattisesti.<\/span><\/b><span data-ccp-props=\"{&quot;201341983&quot;:0,&quot;335559739&quot;:0,&quot;335559740&quot;:240}\">&nbsp;<\/span><\/h2>\n\n\n\n<p>Jos haluat jakaa opiskelijat ryhmiin sattumanvaraisesti, klikkaa Ryhm\u00e4t sivulla painiketta <strong>Luo ryhm\u00e4t automaattisesti<span data-contrast=\"auto\">.\u00a0<\/span><\/strong><\/p>\n\n\n\n<ol class=\"wp-block-list\">\n<li><strong>Nime\u00e4misk\u00e4yt\u00e4nt\u00f6;<\/strong> <span data-contrast=\"auto\">@-merkki<\/span> antaa ryhm\u00e4lle nimen aakkosista (Ryhm\u00e4 A, Ryhm\u00e4 B jne) ja <span data-contrast=\"auto\">#-merkki <\/span>numeroi ryhm\u00e4t (Ryhm\u00e4 1, Ryhm\u00e4 2 jne).<\/li>\n\n\n\n<li><strong>Automaattinen luominen perustuen<\/strong>: Valitse ryhmien m\u00e4\u00e4r\u00e4 tai ryhm\u00e4n j\u00e4senten m\u00e4\u00e4r\u00e4 ja lis\u00e4\u00e4 numero, joka on joko ryhmien lukum\u00e4\u00e4r\u00e4 tai j\u00e4senten lukum\u00e4\u00e4r\u00e4 yhdess\u00e4 ryhm\u00e4ss\u00e4. Esimerkiksi, jos haluat luoda 6 ryhm\u00e4\u00e4 valitse Ryhmien m\u00e4\u00e4r\u00e4 ja 6. Jos haluat luoda viiden hengen ryhmi\u00e4 valitse j\u00e4sentenm\u00e4\u00e4r\u00e4 ja 5. <\/li>\n\n\n\n<li><strong>Ryhm\u00e4n j\u00e4senet<\/strong>: Oletuksena ryhm\u00e4t luodaan kurssin opiskelijoista sattumanvaraisesti. Voit kuitenkin tarkentaa valintojasi tarvittaessa. <\/li>\n\n\n\n<li><strong>Ryhmittele j\u00e4senet<\/strong>: Jos valitset <strong>Ei ryhmiinjakoa<\/strong> saat luotua haluamasi m\u00e4\u00e4rin tyhji\u00e4 ryhmi\u00e4. <\/li>\n\n\n\n<li><strong>Ryhmittely: <\/strong>Sinun pit\u00e4\u00e4 joko luoda uusi ryhmittely tai valita olemassaoleva ryhmittely, johon n\u00e4m\u00e4 automaattisesti luotavat ryhm\u00e4t liitet\u00e4\u00e4n. <\/li>\n\n\n\n<li><strong>Esikatsele:<\/strong> Voit tarkastella ryhmi\u00e4 ennen kuin varsinaisesti lis\u00e4\u00e4t ryhm\u00e4t Moodleen.<\/li>\n\n\n\n<li>Paina lopussa <strong>Luo ryhm\u00e4t<\/strong>.<\/li>\n<\/ol>\n\n\n\n<figure class=\"wp-block-image size-full\"><img loading=\"lazy\" decoding=\"async\" width=\"691\" height=\"876\" src=\"https:\/\/help.jamk.fi\/moodle\/wp-content\/uploads\/sites\/105\/2024\/03\/luo_ryhmat_automaattisesti.png\" alt=\"\" class=\"wp-image-4796\" srcset=\"https:\/\/help.jamk.fi\/moodle\/wp-content\/uploads\/sites\/105\/2024\/03\/luo_ryhmat_automaattisesti.png 691w, https:\/\/help.jamk.fi\/moodle\/wp-content\/uploads\/sites\/105\/2024\/03\/luo_ryhmat_automaattisesti-237x300.png 237w\" sizes=\"auto, (max-width: 691px) 100vw, 691px\" \/><figcaption class=\"wp-element-caption\">Asetukset, joiden avulla voi luoda ryhmi\u00e4 automaattisesti.<\/figcaption><\/figure>\n\n\n\n<p><\/p>\n\n\n\n<h2 class=\"wp-block-heading\">Jos sinun t\u00e4ytyy siirt\u00e4\u00e4 opiskelija toiseen ryhm\u00e4\u00e4n.<\/h2>\n\n\n\n<p><span data-contrast=\"auto\">Kun ryhm\u00e4t on luotu, n\u00e4et ryhm\u00e4n j\u00e4senet klikkaamalla ryhm\u00e4n nime\u00e4. Jos haluat vaihtaa esimerkiksi jonkin opiskelijan toiseen ryhm\u00e4\u00e4n, <\/span><\/p>\n\n\n\n<ol class=\"wp-block-list\">\n<li>V<span data-contrast=\"auto\">alitse ryhm\u00e4, josta haluat opiskelijan pois klikkaamalla ryhm\u00e4n nime\u00e4.<\/span><\/li>\n\n\n\n<li>K<span data-contrast=\"auto\">likkaa <strong>Lis\u00e4\u00e4\/poista k\u00e4ytt\u00e4ji\u00e4<\/strong>,ja poista opiskelija ryhm\u00e4st\u00e4. <\/span><\/li>\n\n\n\n<li><span data-contrast=\"auto\">Palaa ryhm\u00e4n\u00e4kym\u00e4\u00e4n ja klikkaa sen ryhm\u00e4n nime\u00e4, johon haluat lis\u00e4t\u00e4 opiskelijan<\/span><\/li>\n\n\n\n<li>L<span data-contrast=\"auto\">is\u00e4\u00e4\u00a0opiskelija klikkaamalla <strong>Lis\u00e4\u00e4\/poista k\u00e4ytt\u00e4ji\u00e4<\/strong>.\u00a0\u00a0<\/span><\/li>\n<\/ol>\n","protected":false},"excerpt":{"rendered":"<p>1. Opettaja lis\u00e4\u00e4 ryhm\u00e4t ja osallistujat ryhmiin manuaalisesti. 2. Opettaja yhdist\u00e4\u00e4 ryhm\u00e4t ryhmittelyll\u00e4.\u00a0\u00a0 Jotta voit k\u00e4ytt\u00e4\u00e4 kurssille lis\u00e4ttyj\u00e4 ryhmi\u00e4 esimerkiksi teht\u00e4v\u00e4-aktiviteetissa, sinun t\u00e4ytyy yhdist\u00e4\u00e4 ryhm\u00e4t Ryhmittely-toiminnolla. 3. Opettaja aktivoi ryhm\u00e4palautuksen teht\u00e4v\u00e4-aktiviteetissa. Opettaja voi lis\u00e4t\u00e4 ryhm\u00e4t Moodle-kurssille my\u00f6s automaattisesti.&nbsp; Jos haluat jakaa opiskelijat ryhmiin sattumanvaraisesti, klikkaa Ryhm\u00e4t sivulla painiketta Luo ryhm\u00e4t automaattisesti.\u00a0 Jos sinun t\u00e4ytyy siirt\u00e4\u00e4 [&hellip;]<\/p>\n","protected":false},"author":74,"featured_media":0,"parent":494,"menu_order":0,"comment_status":"closed","ping_status":"closed","template":"","meta":{"_acf_changed":false,"_relevanssi_hide_post":"","_relevanssi_hide_content":"","_relevanssi_pin_for_all":"","_relevanssi_pin_keywords":"","_relevanssi_unpin_keywords":"","_relevanssi_related_keywords":"","_relevanssi_related_include_ids":"","_relevanssi_related_exclude_ids":"","_relevanssi_related_no_append":"","_relevanssi_related_not_related":"","_relevanssi_related_posts":"","_relevanssi_noindex_reason":"","footnotes":""},"categories":[],"tags":[],"class_list":["post-192","page","type-page","status-publish","hentry"],"acf":[],"yoast_head":"<!-- This site is optimized with the Yoast SEO plugin v27.3 - https:\/\/yoast.com\/product\/yoast-seo-wordpress\/ -->\n<title>Ryhmien manuaalinen ja automaattinen lis\u00e4\u00e4minen kurssille - Moodle<\/title>\n<meta name=\"robots\" content=\"index, follow, max-snippet:-1, max-image-preview:large, max-video-preview:-1\" \/>\n<link rel=\"canonical\" href=\"https:\/\/help.jamk.fi\/moodle\/fi\/ryhmatyoskentely-moodlessa\/ryhmat-manuaalisesti-tai-automaattisesti\/\" \/>\n<meta property=\"og:locale\" content=\"fi_FI\" \/>\n<meta property=\"og:type\" content=\"article\" \/>\n<meta property=\"og:title\" content=\"Ryhmien manuaalinen ja automaattinen lis\u00e4\u00e4minen kurssille - Moodle\" \/>\n<meta property=\"og:description\" content=\"1. Opettaja lis\u00e4\u00e4 ryhm\u00e4t ja osallistujat ryhmiin manuaalisesti. 2. Opettaja yhdist\u00e4\u00e4 ryhm\u00e4t ryhmittelyll\u00e4.\u00a0\u00a0 Jotta voit k\u00e4ytt\u00e4\u00e4 kurssille lis\u00e4ttyj\u00e4 ryhmi\u00e4 esimerkiksi teht\u00e4v\u00e4-aktiviteetissa, sinun t\u00e4ytyy yhdist\u00e4\u00e4 ryhm\u00e4t Ryhmittely-toiminnolla. 3. Opettaja aktivoi ryhm\u00e4palautuksen teht\u00e4v\u00e4-aktiviteetissa. Opettaja voi lis\u00e4t\u00e4 ryhm\u00e4t Moodle-kurssille my\u00f6s automaattisesti.&nbsp; Jos haluat jakaa opiskelijat ryhmiin sattumanvaraisesti, klikkaa Ryhm\u00e4t sivulla painiketta Luo ryhm\u00e4t automaattisesti.\u00a0 Jos sinun t\u00e4ytyy siirt\u00e4\u00e4 [&hellip;]\" \/>\n<meta property=\"og:url\" content=\"https:\/\/help.jamk.fi\/moodle\/fi\/ryhmatyoskentely-moodlessa\/ryhmat-manuaalisesti-tai-automaattisesti\/\" \/>\n<meta property=\"og:site_name\" content=\"Moodle\" \/>\n<meta property=\"article:modified_time\" content=\"2024-03-22T07:03:37+00:00\" \/>\n<meta property=\"og:image\" content=\"https:\/\/help.jamk.fi\/moodle\/wp-content\/uploads\/sites\/105\/2024\/01\/ryhmat-1.jpg\" \/>\n<meta name=\"twitter:card\" content=\"summary_large_image\" \/>\n<meta name=\"twitter:label1\" content=\"Arvioitu lukuaika\" \/>\n\t<meta name=\"twitter:data1\" content=\"4 minuuttia\" \/>\n<script type=\"application\/ld+json\" class=\"yoast-schema-graph\">{\"@context\":\"https:\\\/\\\/schema.org\",\"@graph\":[{\"@type\":\"WebPage\",\"@id\":\"https:\\\/\\\/help.jamk.fi\\\/moodle\\\/fi\\\/ryhmatyoskentely-moodlessa\\\/ryhmat-manuaalisesti-tai-automaattisesti\\\/\",\"url\":\"https:\\\/\\\/help.jamk.fi\\\/moodle\\\/fi\\\/ryhmatyoskentely-moodlessa\\\/ryhmat-manuaalisesti-tai-automaattisesti\\\/\",\"name\":\"Ryhmien manuaalinen ja automaattinen lis\u00e4\u00e4minen kurssille - Moodle\",\"isPartOf\":{\"@id\":\"https:\\\/\\\/help.jamk.fi\\\/moodle\\\/#website\"},\"primaryImageOfPage\":{\"@id\":\"https:\\\/\\\/help.jamk.fi\\\/moodle\\\/fi\\\/ryhmatyoskentely-moodlessa\\\/ryhmat-manuaalisesti-tai-automaattisesti\\\/#primaryimage\"},\"image\":{\"@id\":\"https:\\\/\\\/help.jamk.fi\\\/moodle\\\/fi\\\/ryhmatyoskentely-moodlessa\\\/ryhmat-manuaalisesti-tai-automaattisesti\\\/#primaryimage\"},\"thumbnailUrl\":\"https:\\\/\\\/help.jamk.fi\\\/moodle\\\/wp-content\\\/uploads\\\/sites\\\/105\\\/2024\\\/01\\\/ryhmat-1.jpg\",\"datePublished\":\"2020-09-18T05:22:13+00:00\",\"dateModified\":\"2024-03-22T07:03:37+00:00\",\"breadcrumb\":{\"@id\":\"https:\\\/\\\/help.jamk.fi\\\/moodle\\\/fi\\\/ryhmatyoskentely-moodlessa\\\/ryhmat-manuaalisesti-tai-automaattisesti\\\/#breadcrumb\"},\"inLanguage\":\"fi\",\"potentialAction\":[{\"@type\":\"ReadAction\",\"target\":[\"https:\\\/\\\/help.jamk.fi\\\/moodle\\\/fi\\\/ryhmatyoskentely-moodlessa\\\/ryhmat-manuaalisesti-tai-automaattisesti\\\/\"]}]},{\"@type\":\"ImageObject\",\"inLanguage\":\"fi\",\"@id\":\"https:\\\/\\\/help.jamk.fi\\\/moodle\\\/fi\\\/ryhmatyoskentely-moodlessa\\\/ryhmat-manuaalisesti-tai-automaattisesti\\\/#primaryimage\",\"url\":\"https:\\\/\\\/help.jamk.fi\\\/moodle\\\/wp-content\\\/uploads\\\/sites\\\/105\\\/2024\\\/01\\\/ryhmat-1.jpg\",\"contentUrl\":\"https:\\\/\\\/help.jamk.fi\\\/moodle\\\/wp-content\\\/uploads\\\/sites\\\/105\\\/2024\\\/01\\\/ryhmat-1.jpg\",\"width\":653,\"height\":653},{\"@type\":\"BreadcrumbList\",\"@id\":\"https:\\\/\\\/help.jamk.fi\\\/moodle\\\/fi\\\/ryhmatyoskentely-moodlessa\\\/ryhmat-manuaalisesti-tai-automaattisesti\\\/#breadcrumb\",\"itemListElement\":[{\"@type\":\"ListItem\",\"position\":1,\"name\":\"Etusivu\",\"item\":\"https:\\\/\\\/help.jamk.fi\\\/moodle\\\/fi\\\/\"},{\"@type\":\"ListItem\",\"position\":2,\"name\":\"Ryhm\u00e4ty\u00f6skentely Moodlessa\",\"item\":\"https:\\\/\\\/help.jamk.fi\\\/moodle\\\/fi\\\/ryhmatyoskentely-moodlessa\\\/\"},{\"@type\":\"ListItem\",\"position\":3,\"name\":\"Ryhmien manuaalinen ja automaattinen lis\u00e4\u00e4minen kurssille\"}]},{\"@type\":\"WebSite\",\"@id\":\"https:\\\/\\\/help.jamk.fi\\\/moodle\\\/#website\",\"url\":\"https:\\\/\\\/help.jamk.fi\\\/moodle\\\/\",\"name\":\"Moodle\",\"description\":\"\",\"potentialAction\":[{\"@type\":\"SearchAction\",\"target\":{\"@type\":\"EntryPoint\",\"urlTemplate\":\"https:\\\/\\\/help.jamk.fi\\\/moodle\\\/?s={search_term_string}\"},\"query-input\":{\"@type\":\"PropertyValueSpecification\",\"valueRequired\":true,\"valueName\":\"search_term_string\"}}],\"inLanguage\":\"fi\"}]}<\/script>\n<!-- \/ Yoast SEO plugin. -->","yoast_head_json":{"title":"Ryhmien manuaalinen ja automaattinen lis\u00e4\u00e4minen kurssille - Moodle","robots":{"index":"index","follow":"follow","max-snippet":"max-snippet:-1","max-image-preview":"max-image-preview:large","max-video-preview":"max-video-preview:-1"},"canonical":"https:\/\/help.jamk.fi\/moodle\/fi\/ryhmatyoskentely-moodlessa\/ryhmat-manuaalisesti-tai-automaattisesti\/","og_locale":"fi_FI","og_type":"article","og_title":"Ryhmien manuaalinen ja automaattinen lis\u00e4\u00e4minen kurssille - Moodle","og_description":"1. Opettaja lis\u00e4\u00e4 ryhm\u00e4t ja osallistujat ryhmiin manuaalisesti. 2. Opettaja yhdist\u00e4\u00e4 ryhm\u00e4t ryhmittelyll\u00e4.\u00a0\u00a0 Jotta voit k\u00e4ytt\u00e4\u00e4 kurssille lis\u00e4ttyj\u00e4 ryhmi\u00e4 esimerkiksi teht\u00e4v\u00e4-aktiviteetissa, sinun t\u00e4ytyy yhdist\u00e4\u00e4 ryhm\u00e4t Ryhmittely-toiminnolla. 3. Opettaja aktivoi ryhm\u00e4palautuksen teht\u00e4v\u00e4-aktiviteetissa. Opettaja voi lis\u00e4t\u00e4 ryhm\u00e4t Moodle-kurssille my\u00f6s automaattisesti.&nbsp; Jos haluat jakaa opiskelijat ryhmiin sattumanvaraisesti, klikkaa Ryhm\u00e4t sivulla painiketta Luo ryhm\u00e4t automaattisesti.\u00a0 Jos sinun t\u00e4ytyy siirt\u00e4\u00e4 [&hellip;]","og_url":"https:\/\/help.jamk.fi\/moodle\/fi\/ryhmatyoskentely-moodlessa\/ryhmat-manuaalisesti-tai-automaattisesti\/","og_site_name":"Moodle","article_modified_time":"2024-03-22T07:03:37+00:00","og_image":[{"url":"https:\/\/help.jamk.fi\/moodle\/wp-content\/uploads\/sites\/105\/2024\/01\/ryhmat-1.jpg","type":"","width":"","height":""}],"twitter_card":"summary_large_image","twitter_misc":{"Arvioitu lukuaika":"4 minuuttia"},"schema":{"@context":"https:\/\/schema.org","@graph":[{"@type":"WebPage","@id":"https:\/\/help.jamk.fi\/moodle\/fi\/ryhmatyoskentely-moodlessa\/ryhmat-manuaalisesti-tai-automaattisesti\/","url":"https:\/\/help.jamk.fi\/moodle\/fi\/ryhmatyoskentely-moodlessa\/ryhmat-manuaalisesti-tai-automaattisesti\/","name":"Ryhmien manuaalinen ja automaattinen lis\u00e4\u00e4minen kurssille - Moodle","isPartOf":{"@id":"https:\/\/help.jamk.fi\/moodle\/#website"},"primaryImageOfPage":{"@id":"https:\/\/help.jamk.fi\/moodle\/fi\/ryhmatyoskentely-moodlessa\/ryhmat-manuaalisesti-tai-automaattisesti\/#primaryimage"},"image":{"@id":"https:\/\/help.jamk.fi\/moodle\/fi\/ryhmatyoskentely-moodlessa\/ryhmat-manuaalisesti-tai-automaattisesti\/#primaryimage"},"thumbnailUrl":"https:\/\/help.jamk.fi\/moodle\/wp-content\/uploads\/sites\/105\/2024\/01\/ryhmat-1.jpg","datePublished":"2020-09-18T05:22:13+00:00","dateModified":"2024-03-22T07:03:37+00:00","breadcrumb":{"@id":"https:\/\/help.jamk.fi\/moodle\/fi\/ryhmatyoskentely-moodlessa\/ryhmat-manuaalisesti-tai-automaattisesti\/#breadcrumb"},"inLanguage":"fi","potentialAction":[{"@type":"ReadAction","target":["https:\/\/help.jamk.fi\/moodle\/fi\/ryhmatyoskentely-moodlessa\/ryhmat-manuaalisesti-tai-automaattisesti\/"]}]},{"@type":"ImageObject","inLanguage":"fi","@id":"https:\/\/help.jamk.fi\/moodle\/fi\/ryhmatyoskentely-moodlessa\/ryhmat-manuaalisesti-tai-automaattisesti\/#primaryimage","url":"https:\/\/help.jamk.fi\/moodle\/wp-content\/uploads\/sites\/105\/2024\/01\/ryhmat-1.jpg","contentUrl":"https:\/\/help.jamk.fi\/moodle\/wp-content\/uploads\/sites\/105\/2024\/01\/ryhmat-1.jpg","width":653,"height":653},{"@type":"BreadcrumbList","@id":"https:\/\/help.jamk.fi\/moodle\/fi\/ryhmatyoskentely-moodlessa\/ryhmat-manuaalisesti-tai-automaattisesti\/#breadcrumb","itemListElement":[{"@type":"ListItem","position":1,"name":"Etusivu","item":"https:\/\/help.jamk.fi\/moodle\/fi\/"},{"@type":"ListItem","position":2,"name":"Ryhm\u00e4ty\u00f6skentely Moodlessa","item":"https:\/\/help.jamk.fi\/moodle\/fi\/ryhmatyoskentely-moodlessa\/"},{"@type":"ListItem","position":3,"name":"Ryhmien manuaalinen ja automaattinen lis\u00e4\u00e4minen kurssille"}]},{"@type":"WebSite","@id":"https:\/\/help.jamk.fi\/moodle\/#website","url":"https:\/\/help.jamk.fi\/moodle\/","name":"Moodle","description":"","potentialAction":[{"@type":"SearchAction","target":{"@type":"EntryPoint","urlTemplate":"https:\/\/help.jamk.fi\/moodle\/?s={search_term_string}"},"query-input":{"@type":"PropertyValueSpecification","valueRequired":true,"valueName":"search_term_string"}}],"inLanguage":"fi"}]}},"_links":{"self":[{"href":"https:\/\/help.jamk.fi\/moodle\/wp-json\/wp\/v2\/pages\/192","targetHints":{"allow":["GET"]}}],"collection":[{"href":"https:\/\/help.jamk.fi\/moodle\/wp-json\/wp\/v2\/pages"}],"about":[{"href":"https:\/\/help.jamk.fi\/moodle\/wp-json\/wp\/v2\/types\/page"}],"author":[{"embeddable":true,"href":"https:\/\/help.jamk.fi\/moodle\/wp-json\/wp\/v2\/users\/74"}],"replies":[{"embeddable":true,"href":"https:\/\/help.jamk.fi\/moodle\/wp-json\/wp\/v2\/comments?post=192"}],"version-history":[{"count":16,"href":"https:\/\/help.jamk.fi\/moodle\/wp-json\/wp\/v2\/pages\/192\/revisions"}],"predecessor-version":[{"id":4798,"href":"https:\/\/help.jamk.fi\/moodle\/wp-json\/wp\/v2\/pages\/192\/revisions\/4798"}],"up":[{"embeddable":true,"href":"https:\/\/help.jamk.fi\/moodle\/wp-json\/wp\/v2\/pages\/494"}],"wp:attachment":[{"href":"https:\/\/help.jamk.fi\/moodle\/wp-json\/wp\/v2\/media?parent=192"}],"wp:term":[{"taxonomy":"category","embeddable":true,"href":"https:\/\/help.jamk.fi\/moodle\/wp-json\/wp\/v2\/categories?post=192"},{"taxonomy":"post_tag","embeddable":true,"href":"https:\/\/help.jamk.fi\/moodle\/wp-json\/wp\/v2\/tags?post=192"}],"curies":[{"name":"wp","href":"https:\/\/api.w.org\/{rel}","templated":true}]}}