{"id":37,"date":"2020-08-05T10:16:04","date_gmt":"2020-08-05T07:16:04","guid":{"rendered":"https:\/\/help.jamk.fi\/moodle\/aktiviteetit-ja-aineistot\/"},"modified":"2024-04-08T10:18:06","modified_gmt":"2024-04-08T07:18:06","slug":"aktiviteetit-ja-aineistot","status":"publish","type":"page","link":"https:\/\/help.jamk.fi\/moodle\/fi\/aktiviteetit-ja-aineistot\/","title":{"rendered":"Aktiviteetit ja aineistot"},"content":{"rendered":"\n<p><\/p>\n\n\n<div id=\"link-lifts-block_279c1bd46af2ad132563e55eb5c95a4f\" class=\"link-lifts block-link-lifts\">\n  <div class=\"row\">\n            <div class=\"col-12 col-lg-4 block-link-lifts__column\">\n          <div class=\"block-link-lifts__item pink\">\n            <h3 class=\"block-link-lifts__item--heading\">Aktiviteetit ja aineistot<\/h3>\n                          <ul class=\"block-link-lifts__item--link-list\">\n                                                                        <li>\n                                              <a class=\"link-list\" href=\"https:\/\/help.jamk.fi\/moodle\/aktiviteetit-ja-aineistot\/tehtava-aktiviteetti\/\" target=\"_self\">Teht\u00e4v\u00e4-aktiviteetin rakentaminen<\/a>\n                                          <\/li>\n                                                                                          <li>\n                                              <a class=\"link-list\" href=\"https:\/\/help.jamk.fi\/moodle\/aktiviteetit-ja-aineistot\/keskustelualue-aktiviteetti\/\" target=\"_self\">Keskustelualue-aktiviteetin rakentaminen<\/a>\n                                          <\/li>\n                                                                                          <li>\n                                              <a class=\"link-list\" href=\"https:\/\/help.jamk.fi\/moodle\/fi\/aktiviteetit-ja-aineistot\/kysymyspankin-ja-tentti-aktiviteetin-kaytto\/\" target=\"_self\">Kysymyspankin ja Tentti-aktiviteetin k\u00e4ytt\u00f6<\/a>\n                                          <\/li>\n                                                                                          <li>\n                                              <a class=\"link-list\" href=\"https:\/\/help.jamk.fi\/moodle\/aktiviteetit-ja-aineistot\/taulu-aktiviteetti\/\" target=\"_self\">Taulu-aktiviteetti<\/a>\n                                          <\/li>\n                                                                                          <li>\n                                              <a class=\"link-list\" href=\"https:\/\/help.jamk.fi\/moodle\/fi\/aktiviteetit-ja-aineistot\/aktiviteettien-paivamaaraasetukset\/\" target=\"_self\">Aktiviteettien p\u00e4iv\u00e4m\u00e4\u00e4r\u00e4asetukset<\/a>\n                                          <\/li>\n                                                                                          <li>\n                                              <a class=\"link-list\" href=\"https:\/\/help.jamk.fi\/moodle\/fi\/aktiviteetit-ja-aineistot\/turnitin\/\" target=\"_self\">Turnitin-asetukset<\/a>\n                                          <\/li>\n                                                <\/ul>\n            \n          <\/div>\n        <\/div>\n      <\/div>\n<\/div>","protected":false},"excerpt":{"rendered":"","protected":false},"author":74,"featured_media":0,"parent":0,"menu_order":3,"comment_status":"closed","ping_status":"closed","template":"","meta":{"_acf_changed":false,"_relevanssi_hide_post":"","_relevanssi_hide_content":"","_relevanssi_pin_for_all":"","_relevanssi_pin_keywords":"","_relevanssi_unpin_keywords":"","_relevanssi_related_keywords":"","_relevanssi_related_include_ids":"","_relevanssi_related_exclude_ids":"","_relevanssi_related_no_append":"","_relevanssi_related_not_related":"","_relevanssi_related_posts":"","_relevanssi_noindex_reason":"","footnotes":""},"categories":[],"tags":[25,31],"class_list":["post-37","page","type-page","status-publish","hentry","tag-aineisto","tag-aktiviteetti"],"acf":[],"yoast_head":"<!-- This site is optimized with the Yoast SEO plugin v27.3 - https:\/\/yoast.com\/product\/yoast-seo-wordpress\/ -->\n<title>Aktiviteetit ja aineistot - Moodle<\/title>\n<meta name=\"robots\" content=\"index, follow, max-snippet:-1, max-image-preview:large, max-video-preview:-1\" \/>\n<link rel=\"canonical\" href=\"https:\/\/help.jamk.fi\/moodle\/fi\/aktiviteetit-ja-aineistot\/\" \/>\n<meta property=\"og:locale\" content=\"fi_FI\" \/>\n<meta property=\"og:type\" content=\"article\" \/>\n<meta property=\"og:title\" content=\"Aktiviteetit ja aineistot - Moodle\" \/>\n<meta property=\"og:url\" content=\"https:\/\/help.jamk.fi\/moodle\/fi\/aktiviteetit-ja-aineistot\/\" \/>\n<meta property=\"og:site_name\" content=\"Moodle\" \/>\n<meta property=\"article:modified_time\" content=\"2024-04-08T07:18:06+00:00\" \/>\n<meta name=\"twitter:card\" content=\"summary_large_image\" \/>\n<script type=\"application\/ld+json\" class=\"yoast-schema-graph\">{\"@context\":\"https:\\\/\\\/schema.org\",\"@graph\":[{\"@type\":\"WebPage\",\"@id\":\"https:\\\/\\\/help.jamk.fi\\\/moodle\\\/fi\\\/aktiviteetit-ja-aineistot\\\/\",\"url\":\"https:\\\/\\\/help.jamk.fi\\\/moodle\\\/fi\\\/aktiviteetit-ja-aineistot\\\/\",\"name\":\"Aktiviteetit ja aineistot - Moodle\",\"isPartOf\":{\"@id\":\"https:\\\/\\\/help.jamk.fi\\\/moodle\\\/#website\"},\"datePublished\":\"2020-08-05T07:16:04+00:00\",\"dateModified\":\"2024-04-08T07:18:06+00:00\",\"breadcrumb\":{\"@id\":\"https:\\\/\\\/help.jamk.fi\\\/moodle\\\/fi\\\/aktiviteetit-ja-aineistot\\\/#breadcrumb\"},\"inLanguage\":\"fi\",\"potentialAction\":[{\"@type\":\"ReadAction\",\"target\":[\"https:\\\/\\\/help.jamk.fi\\\/moodle\\\/fi\\\/aktiviteetit-ja-aineistot\\\/\"]}]},{\"@type\":\"BreadcrumbList\",\"@id\":\"https:\\\/\\\/help.jamk.fi\\\/moodle\\\/fi\\\/aktiviteetit-ja-aineistot\\\/#breadcrumb\",\"itemListElement\":[{\"@type\":\"ListItem\",\"position\":1,\"name\":\"Etusivu\",\"item\":\"https:\\\/\\\/help.jamk.fi\\\/moodle\\\/fi\\\/\"},{\"@type\":\"ListItem\",\"position\":2,\"name\":\"Aktiviteetit ja aineistot\"}]},{\"@type\":\"WebSite\",\"@id\":\"https:\\\/\\\/help.jamk.fi\\\/moodle\\\/#website\",\"url\":\"https:\\\/\\\/help.jamk.fi\\\/moodle\\\/\",\"name\":\"Moodle\",\"description\":\"\",\"potentialAction\":[{\"@type\":\"SearchAction\",\"target\":{\"@type\":\"EntryPoint\",\"urlTemplate\":\"https:\\\/\\\/help.jamk.fi\\\/moodle\\\/?s={search_term_string}\"},\"query-input\":{\"@type\":\"PropertyValueSpecification\",\"valueRequired\":true,\"valueName\":\"search_term_string\"}}],\"inLanguage\":\"fi\"}]}<\/script>\n<!-- \/ Yoast SEO plugin. -->","yoast_head_json":{"title":"Aktiviteetit ja aineistot - Moodle","robots":{"index":"index","follow":"follow","max-snippet":"max-snippet:-1","max-image-preview":"max-image-preview:large","max-video-preview":"max-video-preview:-1"},"canonical":"https:\/\/help.jamk.fi\/moodle\/fi\/aktiviteetit-ja-aineistot\/","og_locale":"fi_FI","og_type":"article","og_title":"Aktiviteetit ja aineistot - Moodle","og_url":"https:\/\/help.jamk.fi\/moodle\/fi\/aktiviteetit-ja-aineistot\/","og_site_name":"Moodle","article_modified_time":"2024-04-08T07:18:06+00:00","twitter_card":"summary_large_image","schema":{"@context":"https:\/\/schema.org","@graph":[{"@type":"WebPage","@id":"https:\/\/help.jamk.fi\/moodle\/fi\/aktiviteetit-ja-aineistot\/","url":"https:\/\/help.jamk.fi\/moodle\/fi\/aktiviteetit-ja-aineistot\/","name":"Aktiviteetit ja aineistot - Moodle","isPartOf":{"@id":"https:\/\/help.jamk.fi\/moodle\/#website"},"datePublished":"2020-08-05T07:16:04+00:00","dateModified":"2024-04-08T07:18:06+00:00","breadcrumb":{"@id":"https:\/\/help.jamk.fi\/moodle\/fi\/aktiviteetit-ja-aineistot\/#breadcrumb"},"inLanguage":"fi","potentialAction":[{"@type":"ReadAction","target":["https:\/\/help.jamk.fi\/moodle\/fi\/aktiviteetit-ja-aineistot\/"]}]},{"@type":"BreadcrumbList","@id":"https:\/\/help.jamk.fi\/moodle\/fi\/aktiviteetit-ja-aineistot\/#breadcrumb","itemListElement":[{"@type":"ListItem","position":1,"name":"Etusivu","item":"https:\/\/help.jamk.fi\/moodle\/fi\/"},{"@type":"ListItem","position":2,"name":"Aktiviteetit ja aineistot"}]},{"@type":"WebSite","@id":"https:\/\/help.jamk.fi\/moodle\/#website","url":"https:\/\/help.jamk.fi\/moodle\/","name":"Moodle","description":"","potentialAction":[{"@type":"SearchAction","target":{"@type":"EntryPoint","urlTemplate":"https:\/\/help.jamk.fi\/moodle\/?s={search_term_string}"},"query-input":{"@type":"PropertyValueSpecification","valueRequired":true,"valueName":"search_term_string"}}],"inLanguage":"fi"}]}},"_links":{"self":[{"href":"https:\/\/help.jamk.fi\/moodle\/wp-json\/wp\/v2\/pages\/37","targetHints":{"allow":["GET"]}}],"collection":[{"href":"https:\/\/help.jamk.fi\/moodle\/wp-json\/wp\/v2\/pages"}],"about":[{"href":"https:\/\/help.jamk.fi\/moodle\/wp-json\/wp\/v2\/types\/page"}],"author":[{"embeddable":true,"href":"https:\/\/help.jamk.fi\/moodle\/wp-json\/wp\/v2\/users\/74"}],"replies":[{"embeddable":true,"href":"https:\/\/help.jamk.fi\/moodle\/wp-json\/wp\/v2\/comments?post=37"}],"version-history":[{"count":20,"href":"https:\/\/help.jamk.fi\/moodle\/wp-json\/wp\/v2\/pages\/37\/revisions"}],"predecessor-version":[{"id":4838,"href":"https:\/\/help.jamk.fi\/moodle\/wp-json\/wp\/v2\/pages\/37\/revisions\/4838"}],"wp:attachment":[{"href":"https:\/\/help.jamk.fi\/moodle\/wp-json\/wp\/v2\/media?parent=37"}],"wp:term":[{"taxonomy":"category","embeddable":true,"href":"https:\/\/help.jamk.fi\/moodle\/wp-json\/wp\/v2\/categories?post=37"},{"taxonomy":"post_tag","embeddable":true,"href":"https:\/\/help.jamk.fi\/moodle\/wp-json\/wp\/v2\/tags?post=37"}],"curies":[{"name":"wp","href":"https:\/\/api.w.org\/{rel}","templated":true}]}}