{"id":417,"date":"2020-12-03T05:05:50","date_gmt":"2020-12-03T03:05:50","guid":{"rendered":"https:\/\/help.jamk.fi\/moodle\/ryhmavalinta-ja-ryhmanmuodostus\/"},"modified":"2024-03-22T14:58:01","modified_gmt":"2024-03-22T12:58:01","slug":"ryhmavalinta-aktiviteetin-kaytto","status":"publish","type":"page","link":"https:\/\/help.jamk.fi\/moodle\/fi\/ryhmatyoskentely-moodlessa\/ryhmavalinta-aktiviteetin-kaytto\/","title":{"rendered":"Ryhm\u00e4valinta-aktiviteetin k\u00e4ytt\u00f6"},"content":{"rendered":"\n<p>Opettaja lis\u00e4\u00e4 tyhj\u00e4t ryhm\u00e4t Moodle-kurssille. Opiskelija valitsee itselleen sopivan ryhm\u00e4n.<\/p>\n\n\n\n<h3 class=\"wp-block-heading\">1. Lis\u00e4\u00e4 ryhm\u00e4t ja ryhmittely kurssille Osallistujat-sivun kautta.<\/h3>\n\n\n\n<h3 class=\"wp-block-heading\" id=\"lisaaryhmavalinta\">2. Lis\u00e4\u00e4 kurssille ryhm\u00e4valinta-aktiviteetti.<\/h3>\n\n\n\n<h3 class=\"wp-block-heading\">3. M\u00e4\u00e4rittele ryhm\u00e4valinta-aktiviteetin asetukset.<\/h3>\n\n\n\n<ol class=\"wp-block-list\">\n<li>Anna ryhm\u00e4valinta-aktiviteetille nimi ja kirjoita aktiviteetille kuvaus.\n<ul class=\"wp-block-list\">\n<li>Kuvauksessa voit kertoa, millaisia ryhmi\u00e4 opiskelijoilla on valittavana, mill\u00e4 perusteella ryhm\u00e4n voi valita (esimerkiksi kiinnostava uusi aihe tai opinn\u00e4ytety\u00f6n teema) ja mit\u00e4 opiskelijan tulee tehd\u00e4 ryhm\u00e4n valinnan j\u00e4lkeen (esimerkiksi tutustua muihin ryhm\u00e4l\u00e4isiin keskustelualueella tai sopia verkkotapaaminen, jossa suunnitellaan kurssiteht\u00e4v\u00e4\u00e4 tms.).<\/li>\n<\/ul>\n<\/li>\n\n\n\n<li>M\u00e4\u00e4rittele ryhm\u00e4valinta-aktiviteetin muut asetukset.\n<ul class=\"wp-block-list\">\n<li>Voiko opiskelija ilmoittautua useampaan ryhm\u00e4\u00e4n?<\/li>\n\n\n\n<li>Saavatko opiskelijat n\u00e4hd\u00e4 ryhm\u00e4valinnat? Jos opiskelijoiden t\u00e4ytyy ryhm\u00e4yty\u00e4 ja ty\u00f6skennell\u00e4 yhdess\u00e4 ryhm\u00e4valinnan j\u00e4lkeen, on t\u00e4rke\u00e4\u00e4, ett\u00e4 opiskelijat n\u00e4kev\u00e4t muut saman ryhm\u00e4n valinneet opiskelijat. Jos ryhm\u00e4 valitaan vain siksi, ett\u00e4 sitten kurssilla on n\u00e4kyviss\u00e4 tietyt materiaalit tai aktiviteetit, muiden ryhm\u00e4n osallistujien n\u00e4keminen ei ole v\u00e4ltt\u00e4m\u00e4tt\u00e4 tarpeellista.<\/li>\n\n\n\n<li>Mit\u00e4 tietoja opiskelijat n\u00e4kev\u00e4t toisistaan?<\/li>\n\n\n\n<li>Voiko opiskelija p\u00e4ivitt\u00e4\u00e4 ryhm\u00e4valintaansa?<\/li>\n\n\n\n<li>N\u00e4keek\u00f6 opettaja listan vastaamattomista opiskelijoista?<\/li>\n\n\n\n<li>Rajoitetaanko ryhmien kokoa?<\/li>\n<\/ul>\n<\/li>\n\n\n\n<li>Valitse,&nbsp;mitk\u00e4 ryhm\u00e4t tai ryhmittelyt ovat opiskelijoiden valittavissa aktiviteetissa.<\/li>\n\n\n\n<li>Voit tarvittaessa rajoittaa vastaamisaikaa.<\/li>\n\n\n\n<li>Moduulien yleisiss\u00e4 asetuksissa voit m\u00e4\u00e4ritell\u00e4, ett\u00e4 vain tietty ryhmittely n\u00e4kee Ryhm\u00e4valinta-aktiviteetin.<\/li>\n\n\n\n<li>Voit rajoittaa p\u00e4\u00e4sy\u00e4 Ryhm\u00e4valinta-aktiviteettiin.<\/li>\n<\/ol>\n\n\n\n<h3 class=\"wp-block-heading\" id=\"laitaryhmaasetuksetpaalleryhmavalinta\">4. Laita ryhm\u00e4asetukset p\u00e4\u00e4lle aktiviteeteissa, joissa haluat hy\u00f6dynt\u00e4\u00e4 ryhm\u00e4toimintoja.<\/h3>\n\n\n\n<ol class=\"wp-block-list\">\n<li>Voit laittaa asetukset valmiiksi p\u00e4\u00e4lle aktiviteetteihin ja aineistoihin, vaikka opiskelijat eiv\u00e4t olisi viel\u00e4 valinneet ryhmi\u00e4.<\/li>\n\n\n\n<li>Kun opiskelijat ilmoittautuvat Ryhm\u00e4nvalinta-aktiviteetin avulla ryhmiin, he p\u00e4\u00e4sev\u00e4t toimimaan kurssilla m\u00e4\u00e4rittelemiesi ryhm\u00e4rajausten mukaisesti.<\/li>\n\n\n\n<li>Voit rakentaa kurssin esimerkiksi niin, ett\u00e4 opiskelijoilla on luettavana erilaisia aineistoja sen mukaan, mihin ryhm\u00e4\u00e4n he kuuluvat tai he palauttavat teht\u00e4vi\u00e4 eri Teht\u00e4v\u00e4-aktiviteetteihin sen mukaan, mihin ryhm\u00e4\u00e4n he kuuluvat.<\/li>\n\n\n\n<li>Alla olevassa kuvassa opiskelija valitsee ryhm\u00e4n, ja valinnan perusteella h\u00e4n p\u00e4\u00e4see tutustumaan tiettyyn materiaaliin. Materiaaliin on tehty p\u00e4\u00e4syrajoitus ryhm\u00e4n perusteella Rajoita p\u00e4\u00e4sy -asetuksissa.<\/li>\n<\/ol>\n\n\n\n<figure class=\"wp-block-image\"><img decoding=\"async\" src=\"https:\/\/help.jamk.fi\/moodle\/wp-content\/uploads\/sites\/105\/2023\/07\/ryhmavalintaesimerkki.jpg\" alt=\"Kuvakaappaus ryhm\u00e4valinta-aktiviteetin hy\u00f6dynt\u00e4misest\u00e4 kurssilla\" class=\"wp-image-467\"\/><figcaption class=\"wp-element-caption\">Esimerkki Ryhm\u00e4valinta-aktiviteetin k\u00e4yt\u00f6st\u00e4.<\/figcaption><\/figure>\n","protected":false},"excerpt":{"rendered":"<p>Opettaja lis\u00e4\u00e4 tyhj\u00e4t ryhm\u00e4t Moodle-kurssille. Opiskelija valitsee itselleen sopivan ryhm\u00e4n. 1. Lis\u00e4\u00e4 ryhm\u00e4t ja ryhmittely kurssille Osallistujat-sivun kautta. 2. Lis\u00e4\u00e4 kurssille ryhm\u00e4valinta-aktiviteetti. 3. M\u00e4\u00e4rittele ryhm\u00e4valinta-aktiviteetin asetukset. 4. Laita ryhm\u00e4asetukset p\u00e4\u00e4lle aktiviteeteissa, joissa haluat hy\u00f6dynt\u00e4\u00e4 ryhm\u00e4toimintoja.<\/p>\n","protected":false},"author":74,"featured_media":0,"parent":494,"menu_order":1,"comment_status":"closed","ping_status":"closed","template":"","meta":{"_acf_changed":false,"_relevanssi_hide_post":"","_relevanssi_hide_content":"","_relevanssi_pin_for_all":"","_relevanssi_pin_keywords":"","_relevanssi_unpin_keywords":"","_relevanssi_related_keywords":"","_relevanssi_related_include_ids":"","_relevanssi_related_exclude_ids":"","_relevanssi_related_no_append":"","_relevanssi_related_not_related":"","_relevanssi_related_posts":"","_relevanssi_noindex_reason":"","footnotes":""},"categories":[],"tags":[],"class_list":["post-417","page","type-page","status-publish","hentry"],"acf":[],"yoast_head":"<!-- This site is optimized with the Yoast SEO plugin v27.3 - https:\/\/yoast.com\/product\/yoast-seo-wordpress\/ -->\n<title>Ryhm\u00e4valinta-aktiviteetin k\u00e4ytt\u00f6 - Moodle<\/title>\n<meta name=\"robots\" content=\"index, follow, max-snippet:-1, max-image-preview:large, max-video-preview:-1\" \/>\n<link rel=\"canonical\" href=\"https:\/\/help.jamk.fi\/moodle\/fi\/ryhmatyoskentely-moodlessa\/ryhmavalinta-aktiviteetin-kaytto\/\" \/>\n<meta property=\"og:locale\" content=\"fi_FI\" \/>\n<meta property=\"og:type\" content=\"article\" \/>\n<meta property=\"og:title\" content=\"Ryhm\u00e4valinta-aktiviteetin k\u00e4ytt\u00f6 - Moodle\" \/>\n<meta property=\"og:description\" content=\"Opettaja lis\u00e4\u00e4 tyhj\u00e4t ryhm\u00e4t Moodle-kurssille. Opiskelija valitsee itselleen sopivan ryhm\u00e4n. 1. Lis\u00e4\u00e4 ryhm\u00e4t ja ryhmittely kurssille Osallistujat-sivun kautta. 2. Lis\u00e4\u00e4 kurssille ryhm\u00e4valinta-aktiviteetti. 3. M\u00e4\u00e4rittele ryhm\u00e4valinta-aktiviteetin asetukset. 4. Laita ryhm\u00e4asetukset p\u00e4\u00e4lle aktiviteeteissa, joissa haluat hy\u00f6dynt\u00e4\u00e4 ryhm\u00e4toimintoja.\" \/>\n<meta property=\"og:url\" content=\"https:\/\/help.jamk.fi\/moodle\/fi\/ryhmatyoskentely-moodlessa\/ryhmavalinta-aktiviteetin-kaytto\/\" \/>\n<meta property=\"og:site_name\" content=\"Moodle\" \/>\n<meta property=\"article:modified_time\" content=\"2024-03-22T12:58:01+00:00\" \/>\n<meta property=\"og:image\" content=\"https:\/\/help.jamk.fi\/moodle\/wp-content\/uploads\/sites\/105\/2023\/07\/ryhmavalintaesimerkki.jpg\" \/>\n<meta name=\"twitter:card\" content=\"summary_large_image\" \/>\n<meta name=\"twitter:label1\" content=\"Arvioitu lukuaika\" \/>\n\t<meta name=\"twitter:data1\" content=\"2 minuuttia\" \/>\n<script type=\"application\/ld+json\" class=\"yoast-schema-graph\">{\"@context\":\"https:\\\/\\\/schema.org\",\"@graph\":[{\"@type\":\"WebPage\",\"@id\":\"https:\\\/\\\/help.jamk.fi\\\/moodle\\\/fi\\\/ryhmatyoskentely-moodlessa\\\/ryhmavalinta-aktiviteetin-kaytto\\\/\",\"url\":\"https:\\\/\\\/help.jamk.fi\\\/moodle\\\/fi\\\/ryhmatyoskentely-moodlessa\\\/ryhmavalinta-aktiviteetin-kaytto\\\/\",\"name\":\"Ryhm\u00e4valinta-aktiviteetin k\u00e4ytt\u00f6 - Moodle\",\"isPartOf\":{\"@id\":\"https:\\\/\\\/help.jamk.fi\\\/moodle\\\/#website\"},\"primaryImageOfPage\":{\"@id\":\"https:\\\/\\\/help.jamk.fi\\\/moodle\\\/fi\\\/ryhmatyoskentely-moodlessa\\\/ryhmavalinta-aktiviteetin-kaytto\\\/#primaryimage\"},\"image\":{\"@id\":\"https:\\\/\\\/help.jamk.fi\\\/moodle\\\/fi\\\/ryhmatyoskentely-moodlessa\\\/ryhmavalinta-aktiviteetin-kaytto\\\/#primaryimage\"},\"thumbnailUrl\":\"https:\\\/\\\/help.jamk.fi\\\/moodle\\\/wp-content\\\/uploads\\\/sites\\\/105\\\/2023\\\/07\\\/ryhmavalintaesimerkki.jpg\",\"datePublished\":\"2020-12-03T03:05:50+00:00\",\"dateModified\":\"2024-03-22T12:58:01+00:00\",\"breadcrumb\":{\"@id\":\"https:\\\/\\\/help.jamk.fi\\\/moodle\\\/fi\\\/ryhmatyoskentely-moodlessa\\\/ryhmavalinta-aktiviteetin-kaytto\\\/#breadcrumb\"},\"inLanguage\":\"fi\",\"potentialAction\":[{\"@type\":\"ReadAction\",\"target\":[\"https:\\\/\\\/help.jamk.fi\\\/moodle\\\/fi\\\/ryhmatyoskentely-moodlessa\\\/ryhmavalinta-aktiviteetin-kaytto\\\/\"]}]},{\"@type\":\"ImageObject\",\"inLanguage\":\"fi\",\"@id\":\"https:\\\/\\\/help.jamk.fi\\\/moodle\\\/fi\\\/ryhmatyoskentely-moodlessa\\\/ryhmavalinta-aktiviteetin-kaytto\\\/#primaryimage\",\"url\":\"\",\"contentUrl\":\"\"},{\"@type\":\"BreadcrumbList\",\"@id\":\"https:\\\/\\\/help.jamk.fi\\\/moodle\\\/fi\\\/ryhmatyoskentely-moodlessa\\\/ryhmavalinta-aktiviteetin-kaytto\\\/#breadcrumb\",\"itemListElement\":[{\"@type\":\"ListItem\",\"position\":1,\"name\":\"Etusivu\",\"item\":\"https:\\\/\\\/help.jamk.fi\\\/moodle\\\/fi\\\/\"},{\"@type\":\"ListItem\",\"position\":2,\"name\":\"Ryhm\u00e4ty\u00f6skentely Moodlessa\",\"item\":\"https:\\\/\\\/help.jamk.fi\\\/moodle\\\/fi\\\/ryhmatyoskentely-moodlessa\\\/\"},{\"@type\":\"ListItem\",\"position\":3,\"name\":\"Ryhm\u00e4valinta-aktiviteetin k\u00e4ytt\u00f6\"}]},{\"@type\":\"WebSite\",\"@id\":\"https:\\\/\\\/help.jamk.fi\\\/moodle\\\/#website\",\"url\":\"https:\\\/\\\/help.jamk.fi\\\/moodle\\\/\",\"name\":\"Moodle\",\"description\":\"\",\"potentialAction\":[{\"@type\":\"SearchAction\",\"target\":{\"@type\":\"EntryPoint\",\"urlTemplate\":\"https:\\\/\\\/help.jamk.fi\\\/moodle\\\/?s={search_term_string}\"},\"query-input\":{\"@type\":\"PropertyValueSpecification\",\"valueRequired\":true,\"valueName\":\"search_term_string\"}}],\"inLanguage\":\"fi\"}]}<\/script>\n<!-- \/ Yoast SEO plugin. -->","yoast_head_json":{"title":"Ryhm\u00e4valinta-aktiviteetin k\u00e4ytt\u00f6 - Moodle","robots":{"index":"index","follow":"follow","max-snippet":"max-snippet:-1","max-image-preview":"max-image-preview:large","max-video-preview":"max-video-preview:-1"},"canonical":"https:\/\/help.jamk.fi\/moodle\/fi\/ryhmatyoskentely-moodlessa\/ryhmavalinta-aktiviteetin-kaytto\/","og_locale":"fi_FI","og_type":"article","og_title":"Ryhm\u00e4valinta-aktiviteetin k\u00e4ytt\u00f6 - Moodle","og_description":"Opettaja lis\u00e4\u00e4 tyhj\u00e4t ryhm\u00e4t Moodle-kurssille. Opiskelija valitsee itselleen sopivan ryhm\u00e4n. 1. Lis\u00e4\u00e4 ryhm\u00e4t ja ryhmittely kurssille Osallistujat-sivun kautta. 2. Lis\u00e4\u00e4 kurssille ryhm\u00e4valinta-aktiviteetti. 3. M\u00e4\u00e4rittele ryhm\u00e4valinta-aktiviteetin asetukset. 4. Laita ryhm\u00e4asetukset p\u00e4\u00e4lle aktiviteeteissa, joissa haluat hy\u00f6dynt\u00e4\u00e4 ryhm\u00e4toimintoja.","og_url":"https:\/\/help.jamk.fi\/moodle\/fi\/ryhmatyoskentely-moodlessa\/ryhmavalinta-aktiviteetin-kaytto\/","og_site_name":"Moodle","article_modified_time":"2024-03-22T12:58:01+00:00","og_image":[{"url":"https:\/\/help.jamk.fi\/moodle\/wp-content\/uploads\/sites\/105\/2023\/07\/ryhmavalintaesimerkki.jpg","type":"","width":"","height":""}],"twitter_card":"summary_large_image","twitter_misc":{"Arvioitu lukuaika":"2 minuuttia"},"schema":{"@context":"https:\/\/schema.org","@graph":[{"@type":"WebPage","@id":"https:\/\/help.jamk.fi\/moodle\/fi\/ryhmatyoskentely-moodlessa\/ryhmavalinta-aktiviteetin-kaytto\/","url":"https:\/\/help.jamk.fi\/moodle\/fi\/ryhmatyoskentely-moodlessa\/ryhmavalinta-aktiviteetin-kaytto\/","name":"Ryhm\u00e4valinta-aktiviteetin k\u00e4ytt\u00f6 - Moodle","isPartOf":{"@id":"https:\/\/help.jamk.fi\/moodle\/#website"},"primaryImageOfPage":{"@id":"https:\/\/help.jamk.fi\/moodle\/fi\/ryhmatyoskentely-moodlessa\/ryhmavalinta-aktiviteetin-kaytto\/#primaryimage"},"image":{"@id":"https:\/\/help.jamk.fi\/moodle\/fi\/ryhmatyoskentely-moodlessa\/ryhmavalinta-aktiviteetin-kaytto\/#primaryimage"},"thumbnailUrl":"https:\/\/help.jamk.fi\/moodle\/wp-content\/uploads\/sites\/105\/2023\/07\/ryhmavalintaesimerkki.jpg","datePublished":"2020-12-03T03:05:50+00:00","dateModified":"2024-03-22T12:58:01+00:00","breadcrumb":{"@id":"https:\/\/help.jamk.fi\/moodle\/fi\/ryhmatyoskentely-moodlessa\/ryhmavalinta-aktiviteetin-kaytto\/#breadcrumb"},"inLanguage":"fi","potentialAction":[{"@type":"ReadAction","target":["https:\/\/help.jamk.fi\/moodle\/fi\/ryhmatyoskentely-moodlessa\/ryhmavalinta-aktiviteetin-kaytto\/"]}]},{"@type":"ImageObject","inLanguage":"fi","@id":"https:\/\/help.jamk.fi\/moodle\/fi\/ryhmatyoskentely-moodlessa\/ryhmavalinta-aktiviteetin-kaytto\/#primaryimage","url":"","contentUrl":""},{"@type":"BreadcrumbList","@id":"https:\/\/help.jamk.fi\/moodle\/fi\/ryhmatyoskentely-moodlessa\/ryhmavalinta-aktiviteetin-kaytto\/#breadcrumb","itemListElement":[{"@type":"ListItem","position":1,"name":"Etusivu","item":"https:\/\/help.jamk.fi\/moodle\/fi\/"},{"@type":"ListItem","position":2,"name":"Ryhm\u00e4ty\u00f6skentely Moodlessa","item":"https:\/\/help.jamk.fi\/moodle\/fi\/ryhmatyoskentely-moodlessa\/"},{"@type":"ListItem","position":3,"name":"Ryhm\u00e4valinta-aktiviteetin k\u00e4ytt\u00f6"}]},{"@type":"WebSite","@id":"https:\/\/help.jamk.fi\/moodle\/#website","url":"https:\/\/help.jamk.fi\/moodle\/","name":"Moodle","description":"","potentialAction":[{"@type":"SearchAction","target":{"@type":"EntryPoint","urlTemplate":"https:\/\/help.jamk.fi\/moodle\/?s={search_term_string}"},"query-input":{"@type":"PropertyValueSpecification","valueRequired":true,"valueName":"search_term_string"}}],"inLanguage":"fi"}]}},"_links":{"self":[{"href":"https:\/\/help.jamk.fi\/moodle\/wp-json\/wp\/v2\/pages\/417","targetHints":{"allow":["GET"]}}],"collection":[{"href":"https:\/\/help.jamk.fi\/moodle\/wp-json\/wp\/v2\/pages"}],"about":[{"href":"https:\/\/help.jamk.fi\/moodle\/wp-json\/wp\/v2\/types\/page"}],"author":[{"embeddable":true,"href":"https:\/\/help.jamk.fi\/moodle\/wp-json\/wp\/v2\/users\/74"}],"replies":[{"embeddable":true,"href":"https:\/\/help.jamk.fi\/moodle\/wp-json\/wp\/v2\/comments?post=417"}],"version-history":[{"count":15,"href":"https:\/\/help.jamk.fi\/moodle\/wp-json\/wp\/v2\/pages\/417\/revisions"}],"predecessor-version":[{"id":4845,"href":"https:\/\/help.jamk.fi\/moodle\/wp-json\/wp\/v2\/pages\/417\/revisions\/4845"}],"up":[{"embeddable":true,"href":"https:\/\/help.jamk.fi\/moodle\/wp-json\/wp\/v2\/pages\/494"}],"wp:attachment":[{"href":"https:\/\/help.jamk.fi\/moodle\/wp-json\/wp\/v2\/media?parent=417"}],"wp:term":[{"taxonomy":"category","embeddable":true,"href":"https:\/\/help.jamk.fi\/moodle\/wp-json\/wp\/v2\/categories?post=417"},{"taxonomy":"post_tag","embeddable":true,"href":"https:\/\/help.jamk.fi\/moodle\/wp-json\/wp\/v2\/tags?post=417"}],"curies":[{"name":"wp","href":"https:\/\/api.w.org\/{rel}","templated":true}]}}