{"id":4252,"date":"2024-01-09T11:49:30","date_gmt":"2024-01-09T09:49:30","guid":{"rendered":"https:\/\/help.jamk.fi\/moodle\/?page_id=4252"},"modified":"2024-01-19T15:18:15","modified_gmt":"2024-01-19T13:18:15","slug":"jamkin-moodle-pankki","status":"publish","type":"page","link":"https:\/\/help.jamk.fi\/moodle\/fi\/uudelle-kayttajalle\/jamkin-moodle-pankki\/","title":{"rendered":"Jamkin Moodle-pankki"},"content":{"rendered":"\n<p>Opiskelijat kaipaavat johdonmukaisuutta ja yhten\u00e4ist\u00e4 rakennetta oppimisymp\u00e4rist\u00f6ss\u00e4 olevilta kursseilta. Jamkissa my\u00f6s opettajat ovat toivoneet yhten\u00e4isi\u00e4 malleja Moodle-kurssien rakentamiseen.<\/p>\n\n\n\n<p>Tutkimustulosten ja opiskelija- ja opettajapalautteiden innoittamana olemme rakentaneet Jamkin Moodle-pankin ja sinne mallipohjia. Mallipohjien tavoitteena on, ett\u00e4 opiskelija l\u00f6yt\u00e4\u00e4 jokaiselta kurssilta samalla tavalla esitettyn\u00e4 kurssin keskeiset tiedot. T\u00e4m\u00e4 tuo turvallisuuden tunnetta sek\u00e4 opiskelijalle ett\u00e4 opettajalle.<\/p>\n\n\n\n<p><strong>Tervetuloa-mallipohjan sis\u00e4lt\u00f6:<\/strong><\/p>\n\n\n\n<ol class=\"wp-block-list\">\n<li>Lyhyt kuvaus opintojaksosta ja linkki opintojaksokuvaukseen<\/li>\n\n\n\n<li>Uutiset<\/li>\n\n\n\n<li>Opintojakson ajoitus<\/li>\n\n\n\n<li>Aikataulu tai ohje opintojakson itsen\u00e4iseen suorittamiseen<\/li>\n<\/ol>\n\n\n\n<p><strong>Osaamistavoitteet, kuormitus ja arviointi -mallipohjan sis\u00e4lt\u00f6:<\/strong><\/p>\n\n\n\n<ol class=\"wp-block-list\">\n<li>Lyhyt kuvaus osaamistavoitteista<\/li>\n\n\n\n<li>Opiskelijoiden ajank\u00e4ytt\u00f6 suhteessa opintopistem\u00e4\u00e4r\u00e4\u00e4n<\/li>\n\n\n\n<li>Tieto opintojakson arvioinnista<\/li>\n\n\n\n<li>Tieto opintojakson suorituksen uusintamahdollisuudesta<\/li>\n\n\n\n<li>Yksil\u00f6llisten opintoj\u00e4rjestelyiden ohje<\/li>\n<\/ol>\n\n\n\n<p>Mallipohjia suositellaan k\u00e4ytett\u00e4v\u00e4ksi kaikilla Jamkin Moodle-kursseilla muokkaamattomina. Opettaja saa mallipohjat k\u00e4ytt\u00f6\u00f6ns\u00e4 Jamkin Moodle-pankki nimiselt\u00e4 Moodle-kurssilta Sharing cart -lis\u00e4osaa hy\u00f6dynt\u00e4m\u00e4ll\u00e4.<\/p>\n\n\n\n<figure class=\"wp-block-image size-large\"><img loading=\"lazy\" decoding=\"async\" width=\"1024\" height=\"520\" src=\"https:\/\/help.jamk.fi\/moodle\/wp-content\/uploads\/sites\/105\/2024\/01\/jamkin_moodle_pankki-1024x520.png\" alt=\"\" class=\"wp-image-4380\" srcset=\"https:\/\/help.jamk.fi\/moodle\/wp-content\/uploads\/sites\/105\/2024\/01\/jamkin_moodle_pankki-1024x520.png 1024w, https:\/\/help.jamk.fi\/moodle\/wp-content\/uploads\/sites\/105\/2024\/01\/jamkin_moodle_pankki-300x152.png 300w, https:\/\/help.jamk.fi\/moodle\/wp-content\/uploads\/sites\/105\/2024\/01\/jamkin_moodle_pankki-768x390.png 768w, https:\/\/help.jamk.fi\/moodle\/wp-content\/uploads\/sites\/105\/2024\/01\/jamkin_moodle_pankki.png 1157w\" sizes=\"auto, (max-width: 1024px) 100vw, 1024px\" \/><figcaption class=\"wp-element-caption\">Kuvakaappaus Jamkin Moodle-pankista.<\/figcaption><\/figure>\n\n\n\n<p><\/p>\n","protected":false},"excerpt":{"rendered":"<p>Opiskelijat kaipaavat johdonmukaisuutta ja yhten\u00e4ist\u00e4 rakennetta oppimisymp\u00e4rist\u00f6ss\u00e4 olevilta kursseilta. Jamkissa my\u00f6s opettajat ovat toivoneet yhten\u00e4isi\u00e4 malleja Moodle-kurssien rakentamiseen. Tutkimustulosten ja opiskelija- ja opettajapalautteiden innoittamana olemme rakentaneet Jamkin Moodle-pankin ja sinne mallipohjia. Mallipohjien tavoitteena on, ett\u00e4 opiskelija l\u00f6yt\u00e4\u00e4 jokaiselta kurssilta samalla tavalla esitettyn\u00e4 kurssin keskeiset tiedot. T\u00e4m\u00e4 tuo turvallisuuden tunnetta sek\u00e4 opiskelijalle ett\u00e4 opettajalle. Tervetuloa-mallipohjan sis\u00e4lt\u00f6: [&hellip;]<\/p>\n","protected":false},"author":72,"featured_media":0,"parent":166,"menu_order":2,"comment_status":"closed","ping_status":"closed","template":"","meta":{"_acf_changed":false,"_relevanssi_hide_post":"","_relevanssi_hide_content":"","_relevanssi_pin_for_all":"","_relevanssi_pin_keywords":"","_relevanssi_unpin_keywords":"","_relevanssi_related_keywords":"","_relevanssi_related_include_ids":"","_relevanssi_related_exclude_ids":"","_relevanssi_related_no_append":"","_relevanssi_related_not_related":"","_relevanssi_related_posts":"","_relevanssi_noindex_reason":"","footnotes":""},"categories":[],"tags":[],"class_list":["post-4252","page","type-page","status-publish","hentry"],"acf":[],"yoast_head":"<!-- This site is optimized with the Yoast SEO plugin v27.5 - https:\/\/yoast.com\/product\/yoast-seo-wordpress\/ -->\n<title>Jamkin Moodle-pankki - Moodle<\/title>\n<meta name=\"robots\" content=\"index, follow, max-snippet:-1, max-image-preview:large, max-video-preview:-1\" \/>\n<link rel=\"canonical\" href=\"https:\/\/help.jamk.fi\/moodle\/fi\/uudelle-kayttajalle\/jamkin-moodle-pankki\/\" \/>\n<meta property=\"og:locale\" content=\"fi_FI\" \/>\n<meta property=\"og:type\" content=\"article\" \/>\n<meta property=\"og:title\" content=\"Jamkin Moodle-pankki - Moodle\" \/>\n<meta property=\"og:description\" content=\"Opiskelijat kaipaavat johdonmukaisuutta ja yhten\u00e4ist\u00e4 rakennetta oppimisymp\u00e4rist\u00f6ss\u00e4 olevilta kursseilta. Jamkissa my\u00f6s opettajat ovat toivoneet yhten\u00e4isi\u00e4 malleja Moodle-kurssien rakentamiseen. Tutkimustulosten ja opiskelija- ja opettajapalautteiden innoittamana olemme rakentaneet Jamkin Moodle-pankin ja sinne mallipohjia. Mallipohjien tavoitteena on, ett\u00e4 opiskelija l\u00f6yt\u00e4\u00e4 jokaiselta kurssilta samalla tavalla esitettyn\u00e4 kurssin keskeiset tiedot. T\u00e4m\u00e4 tuo turvallisuuden tunnetta sek\u00e4 opiskelijalle ett\u00e4 opettajalle. Tervetuloa-mallipohjan sis\u00e4lt\u00f6: [&hellip;]\" \/>\n<meta property=\"og:url\" content=\"https:\/\/help.jamk.fi\/moodle\/fi\/uudelle-kayttajalle\/jamkin-moodle-pankki\/\" \/>\n<meta property=\"og:site_name\" content=\"Moodle\" \/>\n<meta property=\"article:modified_time\" content=\"2024-01-19T13:18:15+00:00\" \/>\n<meta property=\"og:image\" content=\"https:\/\/help.jamk.fi\/moodle\/wp-content\/uploads\/sites\/105\/2024\/01\/jamkin_moodle_pankki-1024x520.png\" \/>\n<meta name=\"twitter:card\" content=\"summary_large_image\" \/>\n<meta name=\"twitter:label1\" content=\"Arvioitu lukuaika\" \/>\n\t<meta name=\"twitter:data1\" content=\"1 minuutti\" \/>\n<script type=\"application\/ld+json\" class=\"yoast-schema-graph\">{\"@context\":\"https:\\\/\\\/schema.org\",\"@graph\":[{\"@type\":\"WebPage\",\"@id\":\"https:\\\/\\\/help.jamk.fi\\\/moodle\\\/fi\\\/uudelle-kayttajalle\\\/jamkin-moodle-pankki\\\/\",\"url\":\"https:\\\/\\\/help.jamk.fi\\\/moodle\\\/fi\\\/uudelle-kayttajalle\\\/jamkin-moodle-pankki\\\/\",\"name\":\"Jamkin Moodle-pankki - Moodle\",\"isPartOf\":{\"@id\":\"https:\\\/\\\/help.jamk.fi\\\/moodle\\\/#website\"},\"primaryImageOfPage\":{\"@id\":\"https:\\\/\\\/help.jamk.fi\\\/moodle\\\/fi\\\/uudelle-kayttajalle\\\/jamkin-moodle-pankki\\\/#primaryimage\"},\"image\":{\"@id\":\"https:\\\/\\\/help.jamk.fi\\\/moodle\\\/fi\\\/uudelle-kayttajalle\\\/jamkin-moodle-pankki\\\/#primaryimage\"},\"thumbnailUrl\":\"https:\\\/\\\/help.jamk.fi\\\/moodle\\\/wp-content\\\/uploads\\\/sites\\\/105\\\/2024\\\/01\\\/jamkin_moodle_pankki-1024x520.png\",\"datePublished\":\"2024-01-09T09:49:30+00:00\",\"dateModified\":\"2024-01-19T13:18:15+00:00\",\"breadcrumb\":{\"@id\":\"https:\\\/\\\/help.jamk.fi\\\/moodle\\\/fi\\\/uudelle-kayttajalle\\\/jamkin-moodle-pankki\\\/#breadcrumb\"},\"inLanguage\":\"fi\",\"potentialAction\":[{\"@type\":\"ReadAction\",\"target\":[\"https:\\\/\\\/help.jamk.fi\\\/moodle\\\/fi\\\/uudelle-kayttajalle\\\/jamkin-moodle-pankki\\\/\"]}]},{\"@type\":\"ImageObject\",\"inLanguage\":\"fi\",\"@id\":\"https:\\\/\\\/help.jamk.fi\\\/moodle\\\/fi\\\/uudelle-kayttajalle\\\/jamkin-moodle-pankki\\\/#primaryimage\",\"url\":\"https:\\\/\\\/help.jamk.fi\\\/moodle\\\/wp-content\\\/uploads\\\/sites\\\/105\\\/2024\\\/01\\\/jamkin_moodle_pankki.png\",\"contentUrl\":\"https:\\\/\\\/help.jamk.fi\\\/moodle\\\/wp-content\\\/uploads\\\/sites\\\/105\\\/2024\\\/01\\\/jamkin_moodle_pankki.png\",\"width\":1157,\"height\":587},{\"@type\":\"BreadcrumbList\",\"@id\":\"https:\\\/\\\/help.jamk.fi\\\/moodle\\\/fi\\\/uudelle-kayttajalle\\\/jamkin-moodle-pankki\\\/#breadcrumb\",\"itemListElement\":[{\"@type\":\"ListItem\",\"position\":1,\"name\":\"Etusivu\",\"item\":\"https:\\\/\\\/help.jamk.fi\\\/moodle\\\/fi\\\/\"},{\"@type\":\"ListItem\",\"position\":2,\"name\":\"Uudelle k\u00e4ytt\u00e4j\u00e4lle\",\"item\":\"https:\\\/\\\/help.jamk.fi\\\/moodle\\\/fi\\\/uudelle-kayttajalle\\\/\"},{\"@type\":\"ListItem\",\"position\":3,\"name\":\"Jamkin Moodle-pankki\"}]},{\"@type\":\"WebSite\",\"@id\":\"https:\\\/\\\/help.jamk.fi\\\/moodle\\\/#website\",\"url\":\"https:\\\/\\\/help.jamk.fi\\\/moodle\\\/\",\"name\":\"Moodle\",\"description\":\"\",\"potentialAction\":[{\"@type\":\"SearchAction\",\"target\":{\"@type\":\"EntryPoint\",\"urlTemplate\":\"https:\\\/\\\/help.jamk.fi\\\/moodle\\\/?s={search_term_string}\"},\"query-input\":{\"@type\":\"PropertyValueSpecification\",\"valueRequired\":true,\"valueName\":\"search_term_string\"}}],\"inLanguage\":\"fi\"}]}<\/script>\n<!-- \/ Yoast SEO plugin. -->","yoast_head_json":{"title":"Jamkin Moodle-pankki - Moodle","robots":{"index":"index","follow":"follow","max-snippet":"max-snippet:-1","max-image-preview":"max-image-preview:large","max-video-preview":"max-video-preview:-1"},"canonical":"https:\/\/help.jamk.fi\/moodle\/fi\/uudelle-kayttajalle\/jamkin-moodle-pankki\/","og_locale":"fi_FI","og_type":"article","og_title":"Jamkin Moodle-pankki - Moodle","og_description":"Opiskelijat kaipaavat johdonmukaisuutta ja yhten\u00e4ist\u00e4 rakennetta oppimisymp\u00e4rist\u00f6ss\u00e4 olevilta kursseilta. Jamkissa my\u00f6s opettajat ovat toivoneet yhten\u00e4isi\u00e4 malleja Moodle-kurssien rakentamiseen. Tutkimustulosten ja opiskelija- ja opettajapalautteiden innoittamana olemme rakentaneet Jamkin Moodle-pankin ja sinne mallipohjia. Mallipohjien tavoitteena on, ett\u00e4 opiskelija l\u00f6yt\u00e4\u00e4 jokaiselta kurssilta samalla tavalla esitettyn\u00e4 kurssin keskeiset tiedot. T\u00e4m\u00e4 tuo turvallisuuden tunnetta sek\u00e4 opiskelijalle ett\u00e4 opettajalle. Tervetuloa-mallipohjan sis\u00e4lt\u00f6: [&hellip;]","og_url":"https:\/\/help.jamk.fi\/moodle\/fi\/uudelle-kayttajalle\/jamkin-moodle-pankki\/","og_site_name":"Moodle","article_modified_time":"2024-01-19T13:18:15+00:00","og_image":[{"url":"https:\/\/help.jamk.fi\/moodle\/wp-content\/uploads\/sites\/105\/2024\/01\/jamkin_moodle_pankki-1024x520.png","type":"","width":"","height":""}],"twitter_card":"summary_large_image","twitter_misc":{"Arvioitu lukuaika":"1 minuutti"},"schema":{"@context":"https:\/\/schema.org","@graph":[{"@type":"WebPage","@id":"https:\/\/help.jamk.fi\/moodle\/fi\/uudelle-kayttajalle\/jamkin-moodle-pankki\/","url":"https:\/\/help.jamk.fi\/moodle\/fi\/uudelle-kayttajalle\/jamkin-moodle-pankki\/","name":"Jamkin Moodle-pankki - Moodle","isPartOf":{"@id":"https:\/\/help.jamk.fi\/moodle\/#website"},"primaryImageOfPage":{"@id":"https:\/\/help.jamk.fi\/moodle\/fi\/uudelle-kayttajalle\/jamkin-moodle-pankki\/#primaryimage"},"image":{"@id":"https:\/\/help.jamk.fi\/moodle\/fi\/uudelle-kayttajalle\/jamkin-moodle-pankki\/#primaryimage"},"thumbnailUrl":"https:\/\/help.jamk.fi\/moodle\/wp-content\/uploads\/sites\/105\/2024\/01\/jamkin_moodle_pankki-1024x520.png","datePublished":"2024-01-09T09:49:30+00:00","dateModified":"2024-01-19T13:18:15+00:00","breadcrumb":{"@id":"https:\/\/help.jamk.fi\/moodle\/fi\/uudelle-kayttajalle\/jamkin-moodle-pankki\/#breadcrumb"},"inLanguage":"fi","potentialAction":[{"@type":"ReadAction","target":["https:\/\/help.jamk.fi\/moodle\/fi\/uudelle-kayttajalle\/jamkin-moodle-pankki\/"]}]},{"@type":"ImageObject","inLanguage":"fi","@id":"https:\/\/help.jamk.fi\/moodle\/fi\/uudelle-kayttajalle\/jamkin-moodle-pankki\/#primaryimage","url":"https:\/\/help.jamk.fi\/moodle\/wp-content\/uploads\/sites\/105\/2024\/01\/jamkin_moodle_pankki.png","contentUrl":"https:\/\/help.jamk.fi\/moodle\/wp-content\/uploads\/sites\/105\/2024\/01\/jamkin_moodle_pankki.png","width":1157,"height":587},{"@type":"BreadcrumbList","@id":"https:\/\/help.jamk.fi\/moodle\/fi\/uudelle-kayttajalle\/jamkin-moodle-pankki\/#breadcrumb","itemListElement":[{"@type":"ListItem","position":1,"name":"Etusivu","item":"https:\/\/help.jamk.fi\/moodle\/fi\/"},{"@type":"ListItem","position":2,"name":"Uudelle k\u00e4ytt\u00e4j\u00e4lle","item":"https:\/\/help.jamk.fi\/moodle\/fi\/uudelle-kayttajalle\/"},{"@type":"ListItem","position":3,"name":"Jamkin Moodle-pankki"}]},{"@type":"WebSite","@id":"https:\/\/help.jamk.fi\/moodle\/#website","url":"https:\/\/help.jamk.fi\/moodle\/","name":"Moodle","description":"","potentialAction":[{"@type":"SearchAction","target":{"@type":"EntryPoint","urlTemplate":"https:\/\/help.jamk.fi\/moodle\/?s={search_term_string}"},"query-input":{"@type":"PropertyValueSpecification","valueRequired":true,"valueName":"search_term_string"}}],"inLanguage":"fi"}]}},"_links":{"self":[{"href":"https:\/\/help.jamk.fi\/moodle\/wp-json\/wp\/v2\/pages\/4252","targetHints":{"allow":["GET"]}}],"collection":[{"href":"https:\/\/help.jamk.fi\/moodle\/wp-json\/wp\/v2\/pages"}],"about":[{"href":"https:\/\/help.jamk.fi\/moodle\/wp-json\/wp\/v2\/types\/page"}],"author":[{"embeddable":true,"href":"https:\/\/help.jamk.fi\/moodle\/wp-json\/wp\/v2\/users\/72"}],"replies":[{"embeddable":true,"href":"https:\/\/help.jamk.fi\/moodle\/wp-json\/wp\/v2\/comments?post=4252"}],"version-history":[{"count":3,"href":"https:\/\/help.jamk.fi\/moodle\/wp-json\/wp\/v2\/pages\/4252\/revisions"}],"predecessor-version":[{"id":4482,"href":"https:\/\/help.jamk.fi\/moodle\/wp-json\/wp\/v2\/pages\/4252\/revisions\/4482"}],"up":[{"embeddable":true,"href":"https:\/\/help.jamk.fi\/moodle\/wp-json\/wp\/v2\/pages\/166"}],"wp:attachment":[{"href":"https:\/\/help.jamk.fi\/moodle\/wp-json\/wp\/v2\/media?parent=4252"}],"wp:term":[{"taxonomy":"category","embeddable":true,"href":"https:\/\/help.jamk.fi\/moodle\/wp-json\/wp\/v2\/categories?post=4252"},{"taxonomy":"post_tag","embeddable":true,"href":"https:\/\/help.jamk.fi\/moodle\/wp-json\/wp\/v2\/tags?post=4252"}],"curies":[{"name":"wp","href":"https:\/\/api.w.org\/{rel}","templated":true}]}}