{"id":4365,"date":"2024-01-16T15:24:45","date_gmt":"2024-01-16T13:24:45","guid":{"rendered":"https:\/\/help.jamk.fi\/moodle\/?page_id=4365"},"modified":"2024-03-22T14:25:11","modified_gmt":"2024-03-22T12:25:11","slug":"ryhmanmuodostus-aktiviteetin-kaytto","status":"publish","type":"page","link":"https:\/\/help.jamk.fi\/moodle\/fi\/ryhmatyoskentely-moodlessa\/ryhmanmuodostus-aktiviteetin-kaytto\/","title":{"rendered":"Ryhm\u00e4nmuodostus-aktiviteetin k\u00e4ytt\u00f6"},"content":{"rendered":"\n<p>Ryhm\u00e4nmuodostus-aktiviteetti s\u00e4\u00e4st\u00e4\u00e4 opettajan ty\u00f6aikaa, koska opettajan ei tarvitse naputella ryhmi\u00e4 ja ryhmien j\u00e4seni\u00e4 erikseen Moodleen, vaan opiskelijat lis\u00e4\u00e4v\u00e4t ryhmiens\u00e4 tiedot itse ja liittyv\u00e4t omaan ryhm\u00e4\u00e4ns\u00e4 itsen\u00e4isesti.<\/p>\n\n\n\n<p>HUOM! Jos opiskelijat voivat valita, ty\u00f6skentelev\u00e4tk\u00f6 he ryhmiss\u00e4 vai yksin, ohjeista my\u00f6s yksin\u00e4\u00e4n ty\u00f6skentelev\u00e4t opiskelijat luomaan oma ryhm\u00e4 Ryhm\u00e4nmuodostus-aktiviteetilla. Opiskelijat eiv\u00e4t voi palauttaa teht\u00e4vi\u00e4 samaan teht\u00e4v\u00e4-aktiviteettiin sek\u00e4 ryhmiss\u00e4 ett\u00e4 yksil\u00f6in\u00e4.<\/p>\n\n\n\n<h2 class=\"wp-block-heading\">1. Lis\u00e4\u00e4 ryhmittely kurssille.<\/h2>\n\n\n\n<ol class=\"wp-block-list\">\n<li>Mene Osallistujat-sivulle, ja valitse alasvetovalikosta <strong>Ryhmittely<\/strong>.<\/li>\n\n\n\n<li>Klikkaa <strong>Luo ryhmittely<\/strong>, nime\u00e4 ryhmittely esimerkiksi sen teht\u00e4v\u00e4n mukaan, miss\u00e4 haluat k\u00e4ytt\u00e4\u00e4 ryhmittely\u00e4 ja tallenna.<\/li>\n<\/ol>\n\n\n\n<h2 class=\"wp-block-heading\" id=\"lisaaryhmanmuodostus\">2. Lis\u00e4\u00e4 kurssille Ryhm\u00e4nmuodostus-aktiviteetti.<\/h2>\n\n\n\n<ol class=\"wp-block-list\">\n<li>Siirry kurssillasi kohtaan, jossa haluat opiskelijoiden luovan ryhm\u00e4t ja liittyv\u00e4n ryhmiin. Hyv\u00e4 kohta on esimerkiksi ennen teht\u00e4v\u00e4-aktiviteettia, johon ryhm\u00e4palautus tehd\u00e4\u00e4n.<\/li>\n\n\n\n<li>Klikkaa muokkaustila p\u00e4\u00e4lle ja klikkaa <strong>Lis\u00e4\u00e4 aktiviteetti tai aineisto<\/strong>.<\/li>\n\n\n\n<li>Valitse <strong>Ryhm\u00e4nmuodostus-aktiviteetti<\/strong> ja klikkaa <strong>Lis\u00e4\u00e4<\/strong>.<\/li>\n<\/ol>\n\n\n\n<h2 class=\"wp-block-heading\" id=\"maaritteleasetuksetryhmanmuodostus\">3. M\u00e4\u00e4rittele Ryhm\u00e4nmuodostus-aktiviteetin asetukset.<\/h2>\n\n\n\n<ol class=\"wp-block-list\">\n<li>Anna Ryhm\u00e4nmuodostus-aktiviteetille nimi ja kuvaus. Kuvauksessa on hyv\u00e4 kertoa, miten opiskelijat toimivat ryhmi\u00e4 luodessaan (esimerkiksi, miten ryhm\u00e4t nimet\u00e4\u00e4n jne.). Mieti my\u00f6s yleiset ohjeet siit\u00e4, miten opiskelijat ryhm\u00e4ytyv\u00e4t ennen itsen\u00e4ist\u00e4 ryhm\u00e4n luomista. Kohdasta 5 alla l\u00f6yd\u00e4t malliohjetekstin k\u00e4ytett\u00e4v\u00e4ksi Ryhm\u00e4nmuodostus-aktiviteetissa.<\/li>\n\n\n\n<li>M\u00e4\u00e4rittele halutessasi aktiviteetin avautumis- ja sulkeutumisajat.<\/li>\n\n\n\n<li>Valitse ryhmittely, jota haluat k\u00e4ytett\u00e4v\u00e4n luotaville ryhmille. T\u00e4m\u00e4 on erityisen t\u00e4rke\u00e4 asetus.<\/li>\n\n\n\n<li>M\u00e4\u00e4rittele halutessasi ryhm\u00e4n j\u00e4senten v\u00e4himm\u00e4is- ja enimm\u00e4ism\u00e4\u00e4r\u00e4.<\/li>\n\n\n\n<li>\u00c4l\u00e4 muuta oletusasetusta, ett\u00e4 vain yhteen ryhm\u00e4\u00e4n voi liitty\u00e4.<\/li>\n\n\n\n<li>Perusasetuksia kohdissa General permissions ja Miscellaneous settings ei tarvitse muuttaa.<\/li>\n\n\n\n<li>Voit halutessasi m\u00e4\u00e4ritell\u00e4 moduulien yleisi\u00e4 asetuksia, rajoittaa p\u00e4\u00e4sy\u00e4 ja lis\u00e4t\u00e4 opiskelijoiden edistymisen seurannan asetuksia.<\/li>\n<\/ol>\n\n\n\n<h2 class=\"wp-block-heading\" id=\"laitaryhmaasetuksetpaalleryhmanmuodostus\">4. Laita ryhm\u00e4asetukset p\u00e4\u00e4lle aktiviteeteissa, joissa haluat hy\u00f6dynt\u00e4\u00e4 ryhm\u00e4toimintoja.<\/h2>\n\n\n\n<ol class=\"wp-block-list\">\n<li>Kun olet m\u00e4\u00e4ritellyt Ryhm\u00e4nmuodostus-aktiviteetin asetukset voit lis\u00e4t\u00e4 kurssille esimerkiksi teht\u00e4v\u00e4-aktiviteetteja tai keskustelualueita, joissa k\u00e4ytet\u00e4\u00e4n luomiasi ryhmi\u00e4 ja tehd\u00e4\u00e4n esimerkiksi teht\u00e4v\u00e4palautuksia ryhmiss\u00e4.<\/li>\n\n\n\n<li>Teht\u00e4v\u00e4-aktiviteetin ryhm\u00e4palautusten asetukset:\n<ul class=\"wp-block-list\">\n<li>Opiskelijat palauttavat ryhm\u00e4t\u00f6it\u00e4: Kyll\u00e4<\/li>\n\n\n\n<li>Opiskelijan pit\u00e4\u00e4 olla ryhm\u00e4n j\u00e4sen voidakseen palauttaa: Kyll\u00e4<\/li>\n\n\n\n<li>Kaikkien ryhm\u00e4l\u00e4isten on palautettava: Ei<\/li>\n\n\n\n<li>Ryhmittely: Valitse pudotusvalikosta vaiheessa 1. Luo ryhmittely kurssille luomasi ryhmittely<\/li>\n<\/ul>\n<\/li>\n\n\n\n<li>Kun opiskelijat luovat ryhm\u00e4t Ryhm\u00e4nmuodostus-aktiviteetin avulla ja liittyv\u00e4t ryhmiin, he p\u00e4\u00e4sev\u00e4t toimimaan kurssilla m\u00e4\u00e4rittelemiesi ryhm\u00e4rajausten mukaisesti ja esimerkiksi palauttamaan ryhm\u00e4ty\u00f6ns\u00e4.<\/li>\n<\/ol>\n\n\n\n<p><\/p>\n\n\n\n<h2 class=\"wp-block-heading\" id=\"esimerkkejaryhmanmuodostus\">5. Malliohjeteksti k\u00e4ytett\u00e4v\u00e4ksi Ryhm\u00e4nmuodostus-aktiviteetissa.<\/h2>\n\n\n\n<p>Kopioi alla oleva malliohjeteksti omaan Ryhm\u00e4nmuodostus-aktiviteettiisi ja muuta tarvittavat yksityiskohdat, jotta ohje sopii kurssillesi.<\/p>\n\n\n\n<blockquote class=\"wp-block-quote is-layout-flow wp-block-quote-is-layout-flow\">\n<p><strong>N\u00e4in lis\u00e4\u00e4tte ryhm\u00e4nne tiedot Moodleen, jotta ryhm\u00e4ss\u00e4 tuotetun tiedoston palauttaminen on mahdollista. Seuratkaa alla olevia ohjeita.<\/strong><\/p>\n\n\n\n<ol class=\"wp-block-list\">\n<li>Valitkaa yksi ryhm\u00e4l\u00e4inen, joka luo ryhm\u00e4nne Moodleen ja<\/li>\n\n\n\n<li>P\u00e4\u00e4tt\u00e4k\u00e4\u00e4 ryhm\u00e4llenne nimi (esimerkiksi ryhm\u00e4l\u00e4isten sukunimet).<\/li>\n<\/ol>\n\n\n\n<p><strong>Ryhm\u00e4n j\u00e4sen, joka valittiin luomaan ryhm\u00e4 Moodleen<\/strong><\/p>\n\n\n\n<ol class=\"wp-block-list\">\n<li>P\u00e4\u00e4set lis\u00e4\u00e4m\u00e4\u00e4n oman ryhm\u00e4n klikkaamalla t\u00e4m\u00e4n Ryhm\u00e4nmuodostus-aktiviteetin nime\u00e4. Klikkaa <strong>Luo uusi ryhm\u00e4<\/strong>, anna ryhm\u00e4n nimi ja tallenna.<\/li>\n\n\n\n<li>Ilmoita muille ryhm\u00e4l\u00e4isillesi, ett\u00e4 ryhm\u00e4 on luotu.<\/li>\n<\/ol>\n\n\n\n<p><strong>Muut ryhm\u00e4n j\u00e4senet<\/strong><\/p>\n\n\n\n<ol class=\"wp-block-list\">\n<li>Liittyk\u00e4\u00e4 omaan ryhm\u00e4\u00e4nne klikkaamalla t\u00e4m\u00e4n Ryhm\u00e4nmuodostus-aktiviteetin nime\u00e4 ja <strong>Liity<\/strong> oman ryhm\u00e4n yhteydess\u00e4.<\/li>\n<\/ol>\n\n\n\n<p><strong>Kun kaikki ryhm\u00e4nne j\u00e4senet ovat liittyneet ryhm\u00e4\u00e4nne, valitkaa  yksi ryhm\u00e4n j\u00e4sen, joka palauttaa ryhm\u00e4teht\u00e4v\u00e4nne<\/strong>.<\/p>\n<\/blockquote>\n","protected":false},"excerpt":{"rendered":"<p>Ryhm\u00e4nmuodostus-aktiviteetti s\u00e4\u00e4st\u00e4\u00e4 opettajan ty\u00f6aikaa, koska opettajan ei tarvitse naputella ryhmi\u00e4 ja ryhmien j\u00e4seni\u00e4 erikseen Moodleen, vaan opiskelijat lis\u00e4\u00e4v\u00e4t ryhmiens\u00e4 tiedot itse ja liittyv\u00e4t omaan ryhm\u00e4\u00e4ns\u00e4 itsen\u00e4isesti. HUOM! Jos opiskelijat voivat valita, ty\u00f6skentelev\u00e4tk\u00f6 he ryhmiss\u00e4 vai yksin, ohjeista my\u00f6s yksin\u00e4\u00e4n ty\u00f6skentelev\u00e4t opiskelijat luomaan oma ryhm\u00e4 Ryhm\u00e4nmuodostus-aktiviteetilla. Opiskelijat eiv\u00e4t voi palauttaa teht\u00e4vi\u00e4 samaan teht\u00e4v\u00e4-aktiviteettiin sek\u00e4 ryhmiss\u00e4 ett\u00e4 [&hellip;]<\/p>\n","protected":false},"author":72,"featured_media":0,"parent":494,"menu_order":1,"comment_status":"closed","ping_status":"closed","template":"","meta":{"_acf_changed":false,"_relevanssi_hide_post":"","_relevanssi_hide_content":"","_relevanssi_pin_for_all":"","_relevanssi_pin_keywords":"","_relevanssi_unpin_keywords":"","_relevanssi_related_keywords":"","_relevanssi_related_include_ids":"","_relevanssi_related_exclude_ids":"","_relevanssi_related_no_append":"","_relevanssi_related_not_related":"","_relevanssi_related_posts":"","_relevanssi_noindex_reason":"","footnotes":""},"categories":[],"tags":[],"class_list":["post-4365","page","type-page","status-publish","hentry"],"acf":[],"yoast_head":"<!-- This site is optimized with the Yoast SEO plugin v27.3 - https:\/\/yoast.com\/product\/yoast-seo-wordpress\/ -->\n<title>Ryhm\u00e4nmuodostus-aktiviteetin k\u00e4ytt\u00f6 - Moodle<\/title>\n<meta name=\"robots\" content=\"index, follow, max-snippet:-1, max-image-preview:large, max-video-preview:-1\" \/>\n<link rel=\"canonical\" href=\"https:\/\/help.jamk.fi\/moodle\/fi\/ryhmatyoskentely-moodlessa\/ryhmanmuodostus-aktiviteetin-kaytto\/\" \/>\n<meta property=\"og:locale\" content=\"fi_FI\" \/>\n<meta property=\"og:type\" content=\"article\" \/>\n<meta property=\"og:title\" content=\"Ryhm\u00e4nmuodostus-aktiviteetin k\u00e4ytt\u00f6 - Moodle\" \/>\n<meta property=\"og:description\" content=\"Ryhm\u00e4nmuodostus-aktiviteetti s\u00e4\u00e4st\u00e4\u00e4 opettajan ty\u00f6aikaa, koska opettajan ei tarvitse naputella ryhmi\u00e4 ja ryhmien j\u00e4seni\u00e4 erikseen Moodleen, vaan opiskelijat lis\u00e4\u00e4v\u00e4t ryhmiens\u00e4 tiedot itse ja liittyv\u00e4t omaan ryhm\u00e4\u00e4ns\u00e4 itsen\u00e4isesti. HUOM! Jos opiskelijat voivat valita, ty\u00f6skentelev\u00e4tk\u00f6 he ryhmiss\u00e4 vai yksin, ohjeista my\u00f6s yksin\u00e4\u00e4n ty\u00f6skentelev\u00e4t opiskelijat luomaan oma ryhm\u00e4 Ryhm\u00e4nmuodostus-aktiviteetilla. Opiskelijat eiv\u00e4t voi palauttaa teht\u00e4vi\u00e4 samaan teht\u00e4v\u00e4-aktiviteettiin sek\u00e4 ryhmiss\u00e4 ett\u00e4 [&hellip;]\" \/>\n<meta property=\"og:url\" content=\"https:\/\/help.jamk.fi\/moodle\/fi\/ryhmatyoskentely-moodlessa\/ryhmanmuodostus-aktiviteetin-kaytto\/\" \/>\n<meta property=\"og:site_name\" content=\"Moodle\" \/>\n<meta property=\"article:modified_time\" content=\"2024-03-22T12:25:11+00:00\" \/>\n<meta name=\"twitter:card\" content=\"summary_large_image\" \/>\n<meta name=\"twitter:label1\" content=\"Arvioitu lukuaika\" \/>\n\t<meta name=\"twitter:data1\" content=\"2 minuuttia\" \/>\n<script type=\"application\/ld+json\" class=\"yoast-schema-graph\">{\"@context\":\"https:\\\/\\\/schema.org\",\"@graph\":[{\"@type\":\"WebPage\",\"@id\":\"https:\\\/\\\/help.jamk.fi\\\/moodle\\\/fi\\\/ryhmatyoskentely-moodlessa\\\/ryhmanmuodostus-aktiviteetin-kaytto\\\/\",\"url\":\"https:\\\/\\\/help.jamk.fi\\\/moodle\\\/fi\\\/ryhmatyoskentely-moodlessa\\\/ryhmanmuodostus-aktiviteetin-kaytto\\\/\",\"name\":\"Ryhm\u00e4nmuodostus-aktiviteetin k\u00e4ytt\u00f6 - Moodle\",\"isPartOf\":{\"@id\":\"https:\\\/\\\/help.jamk.fi\\\/moodle\\\/#website\"},\"datePublished\":\"2024-01-16T13:24:45+00:00\",\"dateModified\":\"2024-03-22T12:25:11+00:00\",\"breadcrumb\":{\"@id\":\"https:\\\/\\\/help.jamk.fi\\\/moodle\\\/fi\\\/ryhmatyoskentely-moodlessa\\\/ryhmanmuodostus-aktiviteetin-kaytto\\\/#breadcrumb\"},\"inLanguage\":\"fi\",\"potentialAction\":[{\"@type\":\"ReadAction\",\"target\":[\"https:\\\/\\\/help.jamk.fi\\\/moodle\\\/fi\\\/ryhmatyoskentely-moodlessa\\\/ryhmanmuodostus-aktiviteetin-kaytto\\\/\"]}]},{\"@type\":\"BreadcrumbList\",\"@id\":\"https:\\\/\\\/help.jamk.fi\\\/moodle\\\/fi\\\/ryhmatyoskentely-moodlessa\\\/ryhmanmuodostus-aktiviteetin-kaytto\\\/#breadcrumb\",\"itemListElement\":[{\"@type\":\"ListItem\",\"position\":1,\"name\":\"Etusivu\",\"item\":\"https:\\\/\\\/help.jamk.fi\\\/moodle\\\/fi\\\/\"},{\"@type\":\"ListItem\",\"position\":2,\"name\":\"Ryhm\u00e4ty\u00f6skentely Moodlessa\",\"item\":\"https:\\\/\\\/help.jamk.fi\\\/moodle\\\/fi\\\/ryhmatyoskentely-moodlessa\\\/\"},{\"@type\":\"ListItem\",\"position\":3,\"name\":\"Ryhm\u00e4nmuodostus-aktiviteetin k\u00e4ytt\u00f6\"}]},{\"@type\":\"WebSite\",\"@id\":\"https:\\\/\\\/help.jamk.fi\\\/moodle\\\/#website\",\"url\":\"https:\\\/\\\/help.jamk.fi\\\/moodle\\\/\",\"name\":\"Moodle\",\"description\":\"\",\"potentialAction\":[{\"@type\":\"SearchAction\",\"target\":{\"@type\":\"EntryPoint\",\"urlTemplate\":\"https:\\\/\\\/help.jamk.fi\\\/moodle\\\/?s={search_term_string}\"},\"query-input\":{\"@type\":\"PropertyValueSpecification\",\"valueRequired\":true,\"valueName\":\"search_term_string\"}}],\"inLanguage\":\"fi\"}]}<\/script>\n<!-- \/ Yoast SEO plugin. -->","yoast_head_json":{"title":"Ryhm\u00e4nmuodostus-aktiviteetin k\u00e4ytt\u00f6 - Moodle","robots":{"index":"index","follow":"follow","max-snippet":"max-snippet:-1","max-image-preview":"max-image-preview:large","max-video-preview":"max-video-preview:-1"},"canonical":"https:\/\/help.jamk.fi\/moodle\/fi\/ryhmatyoskentely-moodlessa\/ryhmanmuodostus-aktiviteetin-kaytto\/","og_locale":"fi_FI","og_type":"article","og_title":"Ryhm\u00e4nmuodostus-aktiviteetin k\u00e4ytt\u00f6 - Moodle","og_description":"Ryhm\u00e4nmuodostus-aktiviteetti s\u00e4\u00e4st\u00e4\u00e4 opettajan ty\u00f6aikaa, koska opettajan ei tarvitse naputella ryhmi\u00e4 ja ryhmien j\u00e4seni\u00e4 erikseen Moodleen, vaan opiskelijat lis\u00e4\u00e4v\u00e4t ryhmiens\u00e4 tiedot itse ja liittyv\u00e4t omaan ryhm\u00e4\u00e4ns\u00e4 itsen\u00e4isesti. HUOM! Jos opiskelijat voivat valita, ty\u00f6skentelev\u00e4tk\u00f6 he ryhmiss\u00e4 vai yksin, ohjeista my\u00f6s yksin\u00e4\u00e4n ty\u00f6skentelev\u00e4t opiskelijat luomaan oma ryhm\u00e4 Ryhm\u00e4nmuodostus-aktiviteetilla. Opiskelijat eiv\u00e4t voi palauttaa teht\u00e4vi\u00e4 samaan teht\u00e4v\u00e4-aktiviteettiin sek\u00e4 ryhmiss\u00e4 ett\u00e4 [&hellip;]","og_url":"https:\/\/help.jamk.fi\/moodle\/fi\/ryhmatyoskentely-moodlessa\/ryhmanmuodostus-aktiviteetin-kaytto\/","og_site_name":"Moodle","article_modified_time":"2024-03-22T12:25:11+00:00","twitter_card":"summary_large_image","twitter_misc":{"Arvioitu lukuaika":"2 minuuttia"},"schema":{"@context":"https:\/\/schema.org","@graph":[{"@type":"WebPage","@id":"https:\/\/help.jamk.fi\/moodle\/fi\/ryhmatyoskentely-moodlessa\/ryhmanmuodostus-aktiviteetin-kaytto\/","url":"https:\/\/help.jamk.fi\/moodle\/fi\/ryhmatyoskentely-moodlessa\/ryhmanmuodostus-aktiviteetin-kaytto\/","name":"Ryhm\u00e4nmuodostus-aktiviteetin k\u00e4ytt\u00f6 - Moodle","isPartOf":{"@id":"https:\/\/help.jamk.fi\/moodle\/#website"},"datePublished":"2024-01-16T13:24:45+00:00","dateModified":"2024-03-22T12:25:11+00:00","breadcrumb":{"@id":"https:\/\/help.jamk.fi\/moodle\/fi\/ryhmatyoskentely-moodlessa\/ryhmanmuodostus-aktiviteetin-kaytto\/#breadcrumb"},"inLanguage":"fi","potentialAction":[{"@type":"ReadAction","target":["https:\/\/help.jamk.fi\/moodle\/fi\/ryhmatyoskentely-moodlessa\/ryhmanmuodostus-aktiviteetin-kaytto\/"]}]},{"@type":"BreadcrumbList","@id":"https:\/\/help.jamk.fi\/moodle\/fi\/ryhmatyoskentely-moodlessa\/ryhmanmuodostus-aktiviteetin-kaytto\/#breadcrumb","itemListElement":[{"@type":"ListItem","position":1,"name":"Etusivu","item":"https:\/\/help.jamk.fi\/moodle\/fi\/"},{"@type":"ListItem","position":2,"name":"Ryhm\u00e4ty\u00f6skentely Moodlessa","item":"https:\/\/help.jamk.fi\/moodle\/fi\/ryhmatyoskentely-moodlessa\/"},{"@type":"ListItem","position":3,"name":"Ryhm\u00e4nmuodostus-aktiviteetin k\u00e4ytt\u00f6"}]},{"@type":"WebSite","@id":"https:\/\/help.jamk.fi\/moodle\/#website","url":"https:\/\/help.jamk.fi\/moodle\/","name":"Moodle","description":"","potentialAction":[{"@type":"SearchAction","target":{"@type":"EntryPoint","urlTemplate":"https:\/\/help.jamk.fi\/moodle\/?s={search_term_string}"},"query-input":{"@type":"PropertyValueSpecification","valueRequired":true,"valueName":"search_term_string"}}],"inLanguage":"fi"}]}},"_links":{"self":[{"href":"https:\/\/help.jamk.fi\/moodle\/wp-json\/wp\/v2\/pages\/4365","targetHints":{"allow":["GET"]}}],"collection":[{"href":"https:\/\/help.jamk.fi\/moodle\/wp-json\/wp\/v2\/pages"}],"about":[{"href":"https:\/\/help.jamk.fi\/moodle\/wp-json\/wp\/v2\/types\/page"}],"author":[{"embeddable":true,"href":"https:\/\/help.jamk.fi\/moodle\/wp-json\/wp\/v2\/users\/72"}],"replies":[{"embeddable":true,"href":"https:\/\/help.jamk.fi\/moodle\/wp-json\/wp\/v2\/comments?post=4365"}],"version-history":[{"count":7,"href":"https:\/\/help.jamk.fi\/moodle\/wp-json\/wp\/v2\/pages\/4365\/revisions"}],"predecessor-version":[{"id":4805,"href":"https:\/\/help.jamk.fi\/moodle\/wp-json\/wp\/v2\/pages\/4365\/revisions\/4805"}],"up":[{"embeddable":true,"href":"https:\/\/help.jamk.fi\/moodle\/wp-json\/wp\/v2\/pages\/494"}],"wp:attachment":[{"href":"https:\/\/help.jamk.fi\/moodle\/wp-json\/wp\/v2\/media?parent=4365"}],"wp:term":[{"taxonomy":"category","embeddable":true,"href":"https:\/\/help.jamk.fi\/moodle\/wp-json\/wp\/v2\/categories?post=4365"},{"taxonomy":"post_tag","embeddable":true,"href":"https:\/\/help.jamk.fi\/moodle\/wp-json\/wp\/v2\/tags?post=4365"}],"curies":[{"name":"wp","href":"https:\/\/api.w.org\/{rel}","templated":true}]}}