{"id":461,"date":"2020-12-17T06:40:35","date_gmt":"2020-12-17T04:40:35","guid":{"rendered":"https:\/\/help.jamk.fi\/moodle\/uudelle-kayttajalle\/edistymisen-seuranta\/"},"modified":"2024-11-13T11:31:55","modified_gmt":"2024-11-13T09:31:55","slug":"edistymisen-seuranta","status":"publish","type":"page","link":"https:\/\/help.jamk.fi\/moodle\/fi\/uudelle-kayttajalle\/edistymisen-seuranta\/","title":{"rendered":"Edistymisen seurannan hy\u00f6dynt\u00e4minen Moodlessa"},"content":{"rendered":"\n<p><strong>Edistymisen seuranta<\/strong> tukee opiskelijan ajanhallintaa, visualisoi kurssilla etenemist\u00e4 ja auttaa hahmottamaan kurssin kuormitusta. Opettaja m\u00e4\u00e4rittelee, mitk\u00e4 aktiviteetit ja aineistot valitaan edistymisen seurantaan. On hyv\u00e4 tarkastella edistymisen seurantaa opiskelijan n\u00e4k\u00f6kulmasta, mitk\u00e4 aktiviteetit ovat merkitt\u00e4vi\u00e4 kurssin etenemisen kannalta.<\/p>\n\n\n\n<p><\/p>\n\n\n\n<h2 class=\"wp-block-heading\">Milt\u00e4 edistymisen seuranta n\u00e4ytt\u00e4\u00e4? <\/h2>\n\n\n\n<ol class=\"wp-block-list\">\n<li>Vasemman laidan navigaatiossa n\u00e4kyy vihre\u00e4 pallukka aktiviteetin tai aineiston edess\u00e4, kun suoritus on hyv\u00e4ksytty.<\/li>\n\n\n\n<li>Kurssin keskiosassa edistymisen seurannan ehdot n\u00e4kyv\u00e4t aktiviteettien ja aineistojen yhteydess\u00e4. Yksitt\u00e4isen aktiviteetin tai aineiston edistymisen seurannan ehdot n\u00e4kyv\u00e4t my\u00f6s, kun avaat aineiston, keskustelualueen tai vaikkapa teht\u00e4v\u00e4-aktiviteetin.<\/li>\n\n\n\n<li>Oikeassa laidassa on edistymisen seurannan palkki, joka kokoaa kaikki kurssilla olevat aktiviteetit ja aineistot yhteen. Opettajan n\u00e4kym\u00e4ss\u00e4 palkin alla on <strong>Yleiskatsaus opiskelijoista<\/strong> -painike.<\/li>\n<\/ol>\n\n\n\n<figure class=\"wp-block-image size-full\"><img loading=\"lazy\" decoding=\"async\" width=\"1000\" height=\"419\" src=\"https:\/\/help.jamk.fi\/moodle\/wp-content\/uploads\/sites\/105\/2024\/01\/kokonaisuus_edistymisen_seuranta-1.jpg\" alt=\"\" class=\"wp-image-4401\" srcset=\"https:\/\/help.jamk.fi\/moodle\/wp-content\/uploads\/sites\/105\/2024\/01\/kokonaisuus_edistymisen_seuranta-1.jpg 1000w, https:\/\/help.jamk.fi\/moodle\/wp-content\/uploads\/sites\/105\/2024\/01\/kokonaisuus_edistymisen_seuranta-1-300x126.jpg 300w, https:\/\/help.jamk.fi\/moodle\/wp-content\/uploads\/sites\/105\/2024\/01\/kokonaisuus_edistymisen_seuranta-1-768x322.jpg 768w\" sizes=\"auto, (max-width: 1000px) 100vw, 1000px\" \/><figcaption class=\"wp-element-caption\">Edistymisen seurannan n\u00e4kyminen Moodle-kurssilla.<\/figcaption><\/figure>\n\n\n\n<p><\/p>\n\n\n\n<h2 class=\"wp-block-heading\">Edistymisen seurannan kolme vaihtoehtoa.<\/h2>\n\n\n\n<p><strong>1. <b>\u00c4l\u00e4 huomioi opiskelijoiden edistymisen seurannassa<\/b><\/strong><\/p>\n\n\n\n<ul class=\"wp-block-list\">\n<li>Aktiviteetti tai aineisto ei n\u00e4y Edistymisen seuranta \u2013palkissa.<\/li>\n\n\n\n<li>T\u00e4m\u00e4 asetus sopii aktiviteeteille tai aineistoille, joissa ei ole tarpeen seurata opiskelijoiden edistymist\u00e4. Esimerkiksi kurssin kysy ja vastaa -tyyppinen keskustelualue, jonne kirjoittaminen on vapaaehtoista on t\u00e4llainen aktiviteetti.<\/li>\n<\/ul>\n\n\n\n<p><strong>2. <b>Opiskelijat voivat itse merkit\u00e4 t\u00e4m\u00e4n kohteen tehdyksi<\/b><\/strong><\/p>\n\n\n\n<ul class=\"wp-block-list\">\n<li>T\u00e4m\u00e4n asetuksen avulla opiskelijoita ohjataan itseohjautuvuuteen ja se sopii asetukseksi silloin, kun opiskelijat tutustuvat kurssin aineistoihin itsen\u00e4isesti.<\/li>\n\n\n\n<li>Haasteena on, ett\u00e4 opiskelijat voivat merkit\u00e4 suorituksen avaamatta aineistoa tai opiskelijat voivat unohtaa merkit\u00e4 suorituksen. T\u00e4ll\u00f6in korostuu opettajan ohjeistuksen merkitys: kerro opiskelijoille, miksi ja miten aktiivisuus merkit\u00e4\u00e4n itse suoritetuksi.<\/li>\n\n\n\n<li>Alla olevassa esimerkiss\u00e4 opiskelija ohjeistetaan videon katsomiseen ja sen j\u00e4lkeen merkitsem\u00e4\u00e4n sis\u00e4lt\u00f6 itse tehdyksi.<\/li>\n<\/ul>\n\n\n\n<p><\/p>\n\n\n\n<figure class=\"wp-block-image size-full\"><img loading=\"lazy\" decoding=\"async\" width=\"910\" height=\"379\" src=\"https:\/\/help.jamk.fi\/moodle\/wp-content\/uploads\/sites\/105\/2024\/01\/edistyminen_linkki.jpg\" alt=\"\" class=\"wp-image-4403\" srcset=\"https:\/\/help.jamk.fi\/moodle\/wp-content\/uploads\/sites\/105\/2024\/01\/edistyminen_linkki.jpg 910w, https:\/\/help.jamk.fi\/moodle\/wp-content\/uploads\/sites\/105\/2024\/01\/edistyminen_linkki-300x125.jpg 300w, https:\/\/help.jamk.fi\/moodle\/wp-content\/uploads\/sites\/105\/2024\/01\/edistyminen_linkki-768x320.jpg 768w\" sizes=\"auto, (max-width: 910px) 100vw, 910px\" \/><figcaption class=\"wp-element-caption\">Merkitse tehdyksi -painike aineiston yhteydess\u00e4.<\/figcaption><\/figure>\n\n\n\n<p><strong>3. <b>N\u00e4yt\u00e4 t\u00e4m\u00e4 kohde tehdyksi kun ehdot t\u00e4yttyv\u00e4t<\/b><\/strong><\/p>\n\n\n\n<ul class=\"wp-block-list\">\n<li>Moodle voi seurata automaattisesti esimerkiksi keskustelualueelle kirjoitettujen viestien m\u00e4\u00e4r\u00e4\u00e4 tai teht\u00e4v\u00e4n palauttamista ja arvioinnin tekemist\u00e4. <\/li>\n\n\n\n<li>Esimerkiksi teht\u00e4v\u00e4-aktiviteettiin voidaan m\u00e4\u00e4ritell\u00e4 kolme ehtoa, joiden t\u00e4ytytty\u00e4 t\u00e4t\u00e4 teht\u00e4v\u00e4\u00e4 koskeva palanen muuttuu edistymisen seurannan palkissa vihre\u00e4ksi. <\/li>\n\n\n\n<li>Ehdot n\u00e4kyv\u00e4t konkreettisina vaiheina opiskelijalle teht\u00e4v\u00e4-aktiviteetin yhteydess\u00e4.<\/li>\n<\/ul>\n\n\n\n<figure class=\"wp-block-image size-full\"><img loading=\"lazy\" decoding=\"async\" width=\"934\" height=\"340\" src=\"https:\/\/help.jamk.fi\/moodle\/wp-content\/uploads\/sites\/105\/2024\/01\/tehtava_edistyminen_ehdot.png\" alt=\"\" class=\"wp-image-4394\" srcset=\"https:\/\/help.jamk.fi\/moodle\/wp-content\/uploads\/sites\/105\/2024\/01\/tehtava_edistyminen_ehdot.png 934w, https:\/\/help.jamk.fi\/moodle\/wp-content\/uploads\/sites\/105\/2024\/01\/tehtava_edistyminen_ehdot-300x109.png 300w, https:\/\/help.jamk.fi\/moodle\/wp-content\/uploads\/sites\/105\/2024\/01\/tehtava_edistyminen_ehdot-768x280.png 768w\" sizes=\"auto, (max-width: 934px) 100vw, 934px\" \/><figcaption class=\"wp-element-caption\">Opiskelijoiden edistymisen seurannan ehdot teht\u00e4v\u00e4-aktiviteetissa.<\/figcaption><\/figure>\n\n\n\n<figure class=\"wp-block-image size-full\"><img loading=\"lazy\" decoding=\"async\" width=\"748\" height=\"185\" src=\"https:\/\/help.jamk.fi\/moodle\/wp-content\/uploads\/sites\/105\/2024\/03\/edistymisen_seuranta_tehtava.png\" alt=\"\" class=\"wp-image-4716\" srcset=\"https:\/\/help.jamk.fi\/moodle\/wp-content\/uploads\/sites\/105\/2024\/03\/edistymisen_seuranta_tehtava.png 748w, https:\/\/help.jamk.fi\/moodle\/wp-content\/uploads\/sites\/105\/2024\/03\/edistymisen_seuranta_tehtava-300x74.png 300w\" sizes=\"auto, (max-width: 748px) 100vw, 748px\" \/><figcaption class=\"wp-element-caption\">Edistymisen seurannan ehdot n\u00e4kyv\u00e4t teht\u00e4v\u00e4-aktiviteetin yhteydess\u00e4.<\/figcaption><\/figure>\n\n\n\n<p><\/p>\n\n\n\n<h2 class=\"wp-block-heading\" id=\"opettajannakyma\">Yleiskatsaus opiskelijoista<\/h2>\n\n\n\n<p>Opettaja voi seurata opiskelijoiden edistymist\u00e4 klikkaamalla <strong>Yleiskatsaus opiskelijoista<\/strong> -painiketta Edistymisen seuranta -palkin alapuolella.<\/p>\n\n\n\n<ol class=\"wp-block-list\">\n<li>Yleiskatsauksen avulla opettaja n\u00e4kee kaikkien kurssin opiskelijoiden etenemisen kurssilla visuaalisesti ja prosentteina.<\/li>\n\n\n\n<li>Jos kurssilla on k\u00e4yt\u00f6ss\u00e4 ryhm\u00e4t, opettaja voi tarkastella yleiskatsauksessa opiskelijoiden edistymist\u00e4 ryhmitt\u00e4in.<\/li>\n\n\n\n<li>Jos opettaja huomaa, ett\u00e4 jotkin opiskelijat eiv\u00e4t etene kurssilla toivotulla tavalla, opettaja voi l\u00e4hett\u00e4\u00e4 heille viestin valitsemalla valintaruudut opiskelijoiden nimien edess\u00e4 ja valitsemalla viestin l\u00e4hett\u00e4misen nimilistan alalaidasta.<\/li>\n<\/ol>\n\n\n\n<p><\/p>\n\n\n\n<h2 class=\"wp-block-heading\" id=\"lukittuminen\">Edistymisen seurannan lukittuminen<\/h2>\n\n\n\n<p>Edistymisen seuranta lukittuu, kun v\u00e4hint\u00e4\u00e4n yksi opiskelija saa aktiviteetin suoritettua ja merkinn\u00e4n Edistymisen seuranta -palkkiin.<\/p>\n\n\n\n<p>Lukittuminen suojaa sit\u00e4, ett\u00e4 opettaja ei vahingossa muuta asetuksia ja poista opiskelijoiden suorituksia aktiviteettiin liittyen.<\/p>\n\n\n\n<ul class=\"wp-block-list\">\n<li>Esimerkiksi yll\u00e4 olevassa kuvassa keskustelualueelle on asetettu suorituskriteeriksi, ett\u00e4 aktiviteetti merkit\u00e4\u00e4n suoritetuksi, kun opiskelija on vastannut yhteen keskusteluun tai tehnyt yhden keskustelun aloituksen. Jos opettaja menisi nyt muuttamaan asetuksia ja lis\u00e4isi vaatimuksia, kaikkien opiskelijoiden merkinn\u00e4t nollautuisivat.<\/li>\n\n\n\n<li>Jos poistat lukituksen suoritusvalinnoista ja teet muutoksia asetuksiin, tiedota opiskelijoita muutoksista. Pyri siihen, ett\u00e4 m\u00e4\u00e4rittelet suoritusasetukset ennen kuin opiskelijat aloittavat teht\u00e4v\u00e4n suorittamisen.<\/li>\n<\/ul>\n\n\n\n<figure class=\"wp-block-image\"><img decoding=\"async\" src=\"https:\/\/help.jamk.fi\/moodle\/wp-content\/uploads\/sites\/105\/2023\/07\/edistymisen_seuranta_lukittuminen.jpg\" alt=\"Kuvakaappaus Edistymisen seurannan lukittumisesta\" class=\"wp-image-441\"\/><\/figure>\n\n\n\n<p><\/p>\n\n\n\n<h2 class=\"wp-block-heading\" id=\"useampiapalkkeja\">Edistymisen seuranta -palkin asetusten muokkaus.<\/h2>\n\n\n\n<p>Voit muokata Edistymisen seuranta -palkin ulkon\u00e4k\u00f6\u00e4. Klikkaa mutterikuvaketta palkin yhteydess\u00e4 ja valitse Muokkaa lohkoa.<\/p>\n\n\n\n<p>Asetuksista voit valita<\/p>\n\n\n\n<ol class=\"wp-block-list\">\n<li>Miss\u00e4 j\u00e4rjestyksess\u00e4 aktiviteetit ja aineistot n\u00e4kyv\u00e4t palkissa.<\/li>\n\n\n\n<li>Miten pitk\u00e4t palkit n\u00e4ytet\u00e4\u00e4n (tiivist\u00e4en: yksi tiivis vaakasuora palkki, vieritt\u00e4en: yksi palkki, jota voi vieritt\u00e4\u00e4 sivuttain, rivitt\u00e4en: pitk\u00e4 palkki jakautuu useammalle riville)<\/li>\n\n\n\n<li>N\u00e4ytet\u00e4\u00e4nk\u00f6 opiskelijoille palkissa my\u00f6s edistymisprosentti.<\/li>\n<\/ol>\n\n\n\n<p>Alla on esimerkki, jossa kurssilla on kaksi edistymisen seurannan palkkia, joissa toiseen on aktivoitu rivitys, jotta pitk\u00e4 palkki jakautuu useammalle riville.<\/p>\n\n\n\n<figure class=\"wp-block-image size-full\"><img loading=\"lazy\" decoding=\"async\" width=\"328\" height=\"412\" src=\"https:\/\/help.jamk.fi\/moodle\/wp-content\/uploads\/sites\/105\/2024\/03\/edistymisen_seurannan_esimerkki.png\" alt=\"\" class=\"wp-image-4722\" srcset=\"https:\/\/help.jamk.fi\/moodle\/wp-content\/uploads\/sites\/105\/2024\/03\/edistymisen_seurannan_esimerkki.png 328w, https:\/\/help.jamk.fi\/moodle\/wp-content\/uploads\/sites\/105\/2024\/03\/edistymisen_seurannan_esimerkki-239x300.png 239w\" sizes=\"auto, (max-width: 328px) 100vw, 328px\" \/><figcaption class=\"wp-element-caption\">Esimerkki edistymisen seurannasta, jossa hy\u00f6dynnet\u00e4\u00e4n palkin jakamista useammalle riville.<\/figcaption><\/figure>\n\n\n\n<p><\/p>\n\n\n\n<h2 class=\"wp-block-heading\">Useampia edistymisen seurannan palkkeja kurssilla.<\/h2>\n\n\n\n<p>Jos kurssi koostuu useista laajemmista osista tai kurssilla on useita ryhmi\u00e4, jotka suorittavat eri aktiviteetteja, voit lis\u00e4t\u00e4 kurssille oletuksena kurssilla olevan yhden Edistymisen seuranta -palkin lis\u00e4ksi haluamasi m\u00e4\u00e4r\u00e4n Edistymisen seuranta -palkkeja.<\/p>\n\n\n\n<ol class=\"wp-block-list\">\n<li>Klikkaa muokkaustila p\u00e4\u00e4lle.<\/li>\n\n\n\n<li>Klikkaa oikealta ylh\u00e4\u00e4lt\u00e4 Lis\u00e4\u00e4 lohko ja valitse Edistymisen seuranta.<\/li>\n<\/ol>\n\n\n\n<p>Uusi edistymisen seuranta tulee n\u00e4kyville kurssin oikean sivupalkin alalaitaan.<\/p>\n\n\n\n<p>Voit muokata Edistymisen seuranta -lohkon asetuksia klikkaamalla mutterikuvaketta lohkon oikeassa yl\u00e4kulmassa.<\/p>\n\n\n\n<ol class=\"wp-block-list\">\n<li><strong>N\u00e4kyviss\u00e4 vain ryhm\u00e4lle: <\/strong>Asetuksissa voit m\u00e4\u00e4ritell\u00e4, ett\u00e4 palkki n\u00e4kyy vain tietylle kurssille m\u00e4\u00e4ritetylle ryhm\u00e4lle.<\/li>\n\n\n\n<li><strong>Vaihtoehtoinen otsikko: <\/strong>Voit nimet\u00e4 Edistymisen seuranta -palkin haluamallasi tavalla, jotta erotat eri ryhmien palkit toisistaan tai opiskelijat erottavat eri aktiviteetteja tai aineistoja sis\u00e4lt\u00e4v\u00e4t palkit toisistaan.<\/li>\n\n\n\n<li>Oletuksena Edistymisen seuranta -palkissa n\u00e4kyv\u00e4t kaikki aktiviteetit, joihin on aktivoitu edistymisen seuranta p\u00e4\u00e4lle.<\/li>\n\n\n\n<li><strong>Mukaan luetut aktiviteetit: Valitut aktiviteetit: <\/strong>Jos kurssille lis\u00e4t\u00e4\u00e4n useampia Edistymisen seuranta -palkkeja, voidaan valita vain tietyt aktiviteetit tai aineistot n\u00e4kym\u00e4\u00e4n tietyss\u00e4 Edistymisen seuranta -palkissa. Valitse haluamasi aktiviteetit palkkiin <strong>Valitse aktiviteetit<\/strong> -valikosta.)<\/li>\n\n\n\n<li>Jos k\u00e4yt\u00e4t Valitut aktiviteetit -vaihtoehtoa, sinun t\u00e4ytyy k\u00e4yd\u00e4 lis\u00e4\u00e4m\u00e4ss\u00e4 uudet aktiviteetit tai aineistot manuaalisesti haluamaasi palkkiin.<\/li>\n<\/ol>\n\n\n\n<figure class=\"wp-block-image size-full\"><img loading=\"lazy\" decoding=\"async\" width=\"817\" height=\"854\" src=\"https:\/\/help.jamk.fi\/moodle\/wp-content\/uploads\/sites\/105\/2024\/03\/edistymisen_seurannan_muokkaus.png\" alt=\"\" class=\"wp-image-4719\" srcset=\"https:\/\/help.jamk.fi\/moodle\/wp-content\/uploads\/sites\/105\/2024\/03\/edistymisen_seurannan_muokkaus.png 817w, https:\/\/help.jamk.fi\/moodle\/wp-content\/uploads\/sites\/105\/2024\/03\/edistymisen_seurannan_muokkaus-287x300.png 287w, https:\/\/help.jamk.fi\/moodle\/wp-content\/uploads\/sites\/105\/2024\/03\/edistymisen_seurannan_muokkaus-768x803.png 768w\" sizes=\"auto, (max-width: 817px) 100vw, 817px\" \/><figcaption class=\"wp-element-caption\">Voit muokata edistymisen seurannan palkin asetuksia.<\/figcaption><\/figure>\n\n\n\n<p><\/p>\n","protected":false},"excerpt":{"rendered":"<p>Edistymisen seuranta tukee opiskelijan ajanhallintaa, visualisoi kurssilla etenemist\u00e4 ja auttaa hahmottamaan kurssin kuormitusta. Opettaja m\u00e4\u00e4rittelee, mitk\u00e4 aktiviteetit ja aineistot valitaan edistymisen seurantaan. On hyv\u00e4 tarkastella edistymisen seurantaa opiskelijan n\u00e4k\u00f6kulmasta, mitk\u00e4 aktiviteetit ovat merkitt\u00e4vi\u00e4 kurssin etenemisen kannalta. Milt\u00e4 edistymisen seuranta n\u00e4ytt\u00e4\u00e4? Edistymisen seurannan kolme vaihtoehtoa. 1. \u00c4l\u00e4 huomioi opiskelijoiden edistymisen seurannassa 2. Opiskelijat voivat itse merkit\u00e4 [&hellip;]<\/p>\n","protected":false},"author":74,"featured_media":0,"parent":166,"menu_order":5,"comment_status":"closed","ping_status":"closed","template":"","meta":{"_acf_changed":false,"_relevanssi_hide_post":"","_relevanssi_hide_content":"","_relevanssi_pin_for_all":"","_relevanssi_pin_keywords":"","_relevanssi_unpin_keywords":"","_relevanssi_related_keywords":"","_relevanssi_related_include_ids":"","_relevanssi_related_exclude_ids":"","_relevanssi_related_no_append":"","_relevanssi_related_not_related":"","_relevanssi_related_posts":"","_relevanssi_noindex_reason":"","footnotes":""},"categories":[],"tags":[65],"class_list":["post-461","page","type-page","status-publish","hentry","tag-edistymisen-seuranta"],"acf":[],"yoast_head":"<!-- This site is optimized with the Yoast SEO plugin v27.3 - https:\/\/yoast.com\/product\/yoast-seo-wordpress\/ -->\n<title>Edistymisen seurannan hy\u00f6dynt\u00e4minen Moodlessa - Moodle<\/title>\n<meta name=\"robots\" content=\"index, follow, max-snippet:-1, max-image-preview:large, max-video-preview:-1\" \/>\n<link rel=\"canonical\" href=\"https:\/\/help.jamk.fi\/moodle\/fi\/uudelle-kayttajalle\/edistymisen-seuranta\/\" \/>\n<meta property=\"og:locale\" content=\"fi_FI\" \/>\n<meta property=\"og:type\" content=\"article\" \/>\n<meta property=\"og:title\" content=\"Edistymisen seurannan hy\u00f6dynt\u00e4minen Moodlessa - Moodle\" \/>\n<meta property=\"og:description\" content=\"Edistymisen seuranta tukee opiskelijan ajanhallintaa, visualisoi kurssilla etenemist\u00e4 ja auttaa hahmottamaan kurssin kuormitusta. Opettaja m\u00e4\u00e4rittelee, mitk\u00e4 aktiviteetit ja aineistot valitaan edistymisen seurantaan. On hyv\u00e4 tarkastella edistymisen seurantaa opiskelijan n\u00e4k\u00f6kulmasta, mitk\u00e4 aktiviteetit ovat merkitt\u00e4vi\u00e4 kurssin etenemisen kannalta. Milt\u00e4 edistymisen seuranta n\u00e4ytt\u00e4\u00e4? Edistymisen seurannan kolme vaihtoehtoa. 1. \u00c4l\u00e4 huomioi opiskelijoiden edistymisen seurannassa 2. Opiskelijat voivat itse merkit\u00e4 [&hellip;]\" \/>\n<meta property=\"og:url\" content=\"https:\/\/help.jamk.fi\/moodle\/fi\/uudelle-kayttajalle\/edistymisen-seuranta\/\" \/>\n<meta property=\"og:site_name\" content=\"Moodle\" \/>\n<meta property=\"article:modified_time\" content=\"2024-11-13T09:31:55+00:00\" \/>\n<meta property=\"og:image\" content=\"https:\/\/help.jamk.fi\/moodle\/wp-content\/uploads\/sites\/105\/2024\/01\/kokonaisuus_edistymisen_seuranta-1.jpg\" \/>\n<meta name=\"twitter:card\" content=\"summary_large_image\" \/>\n<meta name=\"twitter:label1\" content=\"Arvioitu lukuaika\" \/>\n\t<meta name=\"twitter:data1\" content=\"6 minuuttia\" \/>\n<script type=\"application\/ld+json\" class=\"yoast-schema-graph\">{\"@context\":\"https:\\\/\\\/schema.org\",\"@graph\":[{\"@type\":\"WebPage\",\"@id\":\"https:\\\/\\\/help.jamk.fi\\\/moodle\\\/fi\\\/uudelle-kayttajalle\\\/edistymisen-seuranta\\\/\",\"url\":\"https:\\\/\\\/help.jamk.fi\\\/moodle\\\/fi\\\/uudelle-kayttajalle\\\/edistymisen-seuranta\\\/\",\"name\":\"Edistymisen seurannan hy\u00f6dynt\u00e4minen Moodlessa - Moodle\",\"isPartOf\":{\"@id\":\"https:\\\/\\\/help.jamk.fi\\\/moodle\\\/#website\"},\"primaryImageOfPage\":{\"@id\":\"https:\\\/\\\/help.jamk.fi\\\/moodle\\\/fi\\\/uudelle-kayttajalle\\\/edistymisen-seuranta\\\/#primaryimage\"},\"image\":{\"@id\":\"https:\\\/\\\/help.jamk.fi\\\/moodle\\\/fi\\\/uudelle-kayttajalle\\\/edistymisen-seuranta\\\/#primaryimage\"},\"thumbnailUrl\":\"https:\\\/\\\/help.jamk.fi\\\/moodle\\\/wp-content\\\/uploads\\\/sites\\\/105\\\/2024\\\/01\\\/kokonaisuus_edistymisen_seuranta-1.jpg\",\"datePublished\":\"2020-12-17T04:40:35+00:00\",\"dateModified\":\"2024-11-13T09:31:55+00:00\",\"breadcrumb\":{\"@id\":\"https:\\\/\\\/help.jamk.fi\\\/moodle\\\/fi\\\/uudelle-kayttajalle\\\/edistymisen-seuranta\\\/#breadcrumb\"},\"inLanguage\":\"fi\",\"potentialAction\":[{\"@type\":\"ReadAction\",\"target\":[\"https:\\\/\\\/help.jamk.fi\\\/moodle\\\/fi\\\/uudelle-kayttajalle\\\/edistymisen-seuranta\\\/\"]}]},{\"@type\":\"ImageObject\",\"inLanguage\":\"fi\",\"@id\":\"https:\\\/\\\/help.jamk.fi\\\/moodle\\\/fi\\\/uudelle-kayttajalle\\\/edistymisen-seuranta\\\/#primaryimage\",\"url\":\"https:\\\/\\\/help.jamk.fi\\\/moodle\\\/wp-content\\\/uploads\\\/sites\\\/105\\\/2024\\\/01\\\/kokonaisuus_edistymisen_seuranta-1.jpg\",\"contentUrl\":\"https:\\\/\\\/help.jamk.fi\\\/moodle\\\/wp-content\\\/uploads\\\/sites\\\/105\\\/2024\\\/01\\\/kokonaisuus_edistymisen_seuranta-1.jpg\",\"width\":1000,\"height\":419},{\"@type\":\"BreadcrumbList\",\"@id\":\"https:\\\/\\\/help.jamk.fi\\\/moodle\\\/fi\\\/uudelle-kayttajalle\\\/edistymisen-seuranta\\\/#breadcrumb\",\"itemListElement\":[{\"@type\":\"ListItem\",\"position\":1,\"name\":\"Etusivu\",\"item\":\"https:\\\/\\\/help.jamk.fi\\\/moodle\\\/fi\\\/\"},{\"@type\":\"ListItem\",\"position\":2,\"name\":\"Uudelle k\u00e4ytt\u00e4j\u00e4lle\",\"item\":\"https:\\\/\\\/help.jamk.fi\\\/moodle\\\/fi\\\/uudelle-kayttajalle\\\/\"},{\"@type\":\"ListItem\",\"position\":3,\"name\":\"Edistymisen seurannan hy\u00f6dynt\u00e4minen Moodlessa\"}]},{\"@type\":\"WebSite\",\"@id\":\"https:\\\/\\\/help.jamk.fi\\\/moodle\\\/#website\",\"url\":\"https:\\\/\\\/help.jamk.fi\\\/moodle\\\/\",\"name\":\"Moodle\",\"description\":\"\",\"potentialAction\":[{\"@type\":\"SearchAction\",\"target\":{\"@type\":\"EntryPoint\",\"urlTemplate\":\"https:\\\/\\\/help.jamk.fi\\\/moodle\\\/?s={search_term_string}\"},\"query-input\":{\"@type\":\"PropertyValueSpecification\",\"valueRequired\":true,\"valueName\":\"search_term_string\"}}],\"inLanguage\":\"fi\"}]}<\/script>\n<!-- \/ Yoast SEO plugin. -->","yoast_head_json":{"title":"Edistymisen seurannan hy\u00f6dynt\u00e4minen Moodlessa - Moodle","robots":{"index":"index","follow":"follow","max-snippet":"max-snippet:-1","max-image-preview":"max-image-preview:large","max-video-preview":"max-video-preview:-1"},"canonical":"https:\/\/help.jamk.fi\/moodle\/fi\/uudelle-kayttajalle\/edistymisen-seuranta\/","og_locale":"fi_FI","og_type":"article","og_title":"Edistymisen seurannan hy\u00f6dynt\u00e4minen Moodlessa - Moodle","og_description":"Edistymisen seuranta tukee opiskelijan ajanhallintaa, visualisoi kurssilla etenemist\u00e4 ja auttaa hahmottamaan kurssin kuormitusta. Opettaja m\u00e4\u00e4rittelee, mitk\u00e4 aktiviteetit ja aineistot valitaan edistymisen seurantaan. On hyv\u00e4 tarkastella edistymisen seurantaa opiskelijan n\u00e4k\u00f6kulmasta, mitk\u00e4 aktiviteetit ovat merkitt\u00e4vi\u00e4 kurssin etenemisen kannalta. Milt\u00e4 edistymisen seuranta n\u00e4ytt\u00e4\u00e4? Edistymisen seurannan kolme vaihtoehtoa. 1. \u00c4l\u00e4 huomioi opiskelijoiden edistymisen seurannassa 2. Opiskelijat voivat itse merkit\u00e4 [&hellip;]","og_url":"https:\/\/help.jamk.fi\/moodle\/fi\/uudelle-kayttajalle\/edistymisen-seuranta\/","og_site_name":"Moodle","article_modified_time":"2024-11-13T09:31:55+00:00","og_image":[{"url":"https:\/\/help.jamk.fi\/moodle\/wp-content\/uploads\/sites\/105\/2024\/01\/kokonaisuus_edistymisen_seuranta-1.jpg","type":"","width":"","height":""}],"twitter_card":"summary_large_image","twitter_misc":{"Arvioitu lukuaika":"6 minuuttia"},"schema":{"@context":"https:\/\/schema.org","@graph":[{"@type":"WebPage","@id":"https:\/\/help.jamk.fi\/moodle\/fi\/uudelle-kayttajalle\/edistymisen-seuranta\/","url":"https:\/\/help.jamk.fi\/moodle\/fi\/uudelle-kayttajalle\/edistymisen-seuranta\/","name":"Edistymisen seurannan hy\u00f6dynt\u00e4minen Moodlessa - Moodle","isPartOf":{"@id":"https:\/\/help.jamk.fi\/moodle\/#website"},"primaryImageOfPage":{"@id":"https:\/\/help.jamk.fi\/moodle\/fi\/uudelle-kayttajalle\/edistymisen-seuranta\/#primaryimage"},"image":{"@id":"https:\/\/help.jamk.fi\/moodle\/fi\/uudelle-kayttajalle\/edistymisen-seuranta\/#primaryimage"},"thumbnailUrl":"https:\/\/help.jamk.fi\/moodle\/wp-content\/uploads\/sites\/105\/2024\/01\/kokonaisuus_edistymisen_seuranta-1.jpg","datePublished":"2020-12-17T04:40:35+00:00","dateModified":"2024-11-13T09:31:55+00:00","breadcrumb":{"@id":"https:\/\/help.jamk.fi\/moodle\/fi\/uudelle-kayttajalle\/edistymisen-seuranta\/#breadcrumb"},"inLanguage":"fi","potentialAction":[{"@type":"ReadAction","target":["https:\/\/help.jamk.fi\/moodle\/fi\/uudelle-kayttajalle\/edistymisen-seuranta\/"]}]},{"@type":"ImageObject","inLanguage":"fi","@id":"https:\/\/help.jamk.fi\/moodle\/fi\/uudelle-kayttajalle\/edistymisen-seuranta\/#primaryimage","url":"https:\/\/help.jamk.fi\/moodle\/wp-content\/uploads\/sites\/105\/2024\/01\/kokonaisuus_edistymisen_seuranta-1.jpg","contentUrl":"https:\/\/help.jamk.fi\/moodle\/wp-content\/uploads\/sites\/105\/2024\/01\/kokonaisuus_edistymisen_seuranta-1.jpg","width":1000,"height":419},{"@type":"BreadcrumbList","@id":"https:\/\/help.jamk.fi\/moodle\/fi\/uudelle-kayttajalle\/edistymisen-seuranta\/#breadcrumb","itemListElement":[{"@type":"ListItem","position":1,"name":"Etusivu","item":"https:\/\/help.jamk.fi\/moodle\/fi\/"},{"@type":"ListItem","position":2,"name":"Uudelle k\u00e4ytt\u00e4j\u00e4lle","item":"https:\/\/help.jamk.fi\/moodle\/fi\/uudelle-kayttajalle\/"},{"@type":"ListItem","position":3,"name":"Edistymisen seurannan hy\u00f6dynt\u00e4minen Moodlessa"}]},{"@type":"WebSite","@id":"https:\/\/help.jamk.fi\/moodle\/#website","url":"https:\/\/help.jamk.fi\/moodle\/","name":"Moodle","description":"","potentialAction":[{"@type":"SearchAction","target":{"@type":"EntryPoint","urlTemplate":"https:\/\/help.jamk.fi\/moodle\/?s={search_term_string}"},"query-input":{"@type":"PropertyValueSpecification","valueRequired":true,"valueName":"search_term_string"}}],"inLanguage":"fi"}]}},"_links":{"self":[{"href":"https:\/\/help.jamk.fi\/moodle\/wp-json\/wp\/v2\/pages\/461","targetHints":{"allow":["GET"]}}],"collection":[{"href":"https:\/\/help.jamk.fi\/moodle\/wp-json\/wp\/v2\/pages"}],"about":[{"href":"https:\/\/help.jamk.fi\/moodle\/wp-json\/wp\/v2\/types\/page"}],"author":[{"embeddable":true,"href":"https:\/\/help.jamk.fi\/moodle\/wp-json\/wp\/v2\/users\/74"}],"replies":[{"embeddable":true,"href":"https:\/\/help.jamk.fi\/moodle\/wp-json\/wp\/v2\/comments?post=461"}],"version-history":[{"count":34,"href":"https:\/\/help.jamk.fi\/moodle\/wp-json\/wp\/v2\/pages\/461\/revisions"}],"predecessor-version":[{"id":4897,"href":"https:\/\/help.jamk.fi\/moodle\/wp-json\/wp\/v2\/pages\/461\/revisions\/4897"}],"up":[{"embeddable":true,"href":"https:\/\/help.jamk.fi\/moodle\/wp-json\/wp\/v2\/pages\/166"}],"wp:attachment":[{"href":"https:\/\/help.jamk.fi\/moodle\/wp-json\/wp\/v2\/media?parent=461"}],"wp:term":[{"taxonomy":"category","embeddable":true,"href":"https:\/\/help.jamk.fi\/moodle\/wp-json\/wp\/v2\/categories?post=461"},{"taxonomy":"post_tag","embeddable":true,"href":"https:\/\/help.jamk.fi\/moodle\/wp-json\/wp\/v2\/tags?post=461"}],"curies":[{"name":"wp","href":"https:\/\/api.w.org\/{rel}","templated":true}]}}