{"id":4637,"date":"2024-03-12T11:43:08","date_gmt":"2024-03-12T09:43:08","guid":{"rendered":"https:\/\/help.jamk.fi\/moodle\/?page_id=4637"},"modified":"2024-04-30T12:28:38","modified_gmt":"2024-04-30T09:28:38","slug":"arviointikirjan-perusteet-moodlessa","status":"publish","type":"page","link":"https:\/\/help.jamk.fi\/moodle\/fi\/uudelle-kayttajalle\/arviointikirjan-perusteet-moodlessa\/","title":{"rendered":"Arviointikirjan perusteet Moodlessa"},"content":{"rendered":"\n<p><strong>1. Tarkista v\u00e4hint\u00e4\u00e4n opiskelijan n\u00e4kym\u00e4 arviointikirjaan ja muokkaa n\u00e4kym\u00e4\u00e4 tarvittaessa.<\/strong><\/p>\n\n\n\n<ol class=\"wp-block-list\">\n<li>Klikkaa <strong>Hallintaty\u00f6kaluista Kurssin arvioinnit <\/strong>tai <strong>Arvioinnit<\/strong> kurssin nimen alapuolella<strong>.<\/strong><\/li>\n\n\n\n<li>Oletuksena avautuu <strong>Arvioijan raportti. <\/strong>Klikkaa ruudukkokuvaketta jonkin opiskelijan nimen per\u00e4ss\u00e4 ja n\u00e4et kyseisen opiskelijan n\u00e4kym\u00e4n arviointikirjaan. P\u00e4\u00e4set samaan n\u00e4kym\u00e4\u00e4n my\u00f6s sivun yl\u00e4laidassa olevasta pudotusvalikosta, jossa on valittuna <strong>Arvioijan raportti. <\/strong>Valitse pudotusvalikosta <strong>K\u00e4ytt\u00e4j\u00e4n raportti. <\/strong>Opiskelija n\u00e4kee oletuksena arvioitavat suoritukset sek\u00e4 niiden arvosanat ja palautteet.<\/li>\n\n\n\n<li>Jos huomaat, ett\u00e4 suoritukset eiv\u00e4t ole kurssin etenemisen mukaisessa j\u00e4rjestyksess\u00e4, haluat esimerkiksi ryhmitell\u00e4 kurssin harjoitukset, teht\u00e4v\u00e4t tai tentit per\u00e4kk\u00e4in tai opiskelijan n\u00e4kym\u00e4ss\u00e4 n\u00e4kyy aktiviteetteja, jotka eiv\u00e4t vaikuta arviointiin, valitse pudotusvalikosta <strong>Arviointikirjan asetukset. <\/strong>Voit siirt\u00e4\u00e4 arviointikohteita vasemman laidan kaksip\u00e4isist\u00e4 nuolista haluamaasi j\u00e4rjestykseen ja piilottaa arviointikohteita oikean laidan <strong>Muokkaa<\/strong>-painikkeesta.<\/li>\n\n\n\n<li>Jos piilotat kohteita, jotka eiv\u00e4t liity arviointiin, laita my\u00f6s niiden painotus nollaksi, jotta niiden pisteet eiv\u00e4t vaikuta kokonaispisteisiin.<\/li>\n\n\n\n<li>Jos saman kurssin suorituksia arvioidaan erilaisilla asteikoilla (esim. osa suorituksista arvosanoilla 0-5 ja osa hyl\u00e4tty-hyv\u00e4ksytty), piilota <strong>Kurssiyhteenveto<\/strong>, koska se ei pysty laskemaan arvosanojen summaa. Klikkaa <strong>Muokkaa <\/strong>Kurssiyhteenvedon oikeassa laidassa ja valitse <strong>Piilota. <\/strong>Klikkaa lopuksi <strong>Tallenna muutokset.<\/strong><\/li>\n\n\n\n<li>Jos kaikki kurssisi suoritukset arvioidaan pisteill\u00e4, voit j\u00e4tt\u00e4\u00e4 <strong>Kurssiyhteenveto<\/strong>-kohdan n\u00e4kyville, koska se n\u00e4ytt\u00e4\u00e4 pisteiden yhteissumman.<\/li>\n\n\n\n<li>Jos kaikki kurssisi suoritukset arvioidaan pisteill\u00e4 ja piilotat arviointikohteita, valitse pudotusvalikosta <strong>Kurssin arvosana-asetukset &gt; <\/strong>selaa sivun loppuun ja valitse asetus <strong>N\u00e4yt\u00e4 yhteispisteet ilman piilotettuja kohteita, <\/strong>jotta kurssiyhteenveto n\u00e4kyy arviointikohteiden alla.<\/li>\n\n\n\n<li>Nyt opiskelijan n\u00e4kym\u00e4ss\u00e4 n\u00e4kyv\u00e4t haluamasi arviointikohteet haluamassasi j\u00e4rjestyksess\u00e4 ja kurssiyhteenveto ei ole n\u00e4kyviss\u00e4 lainkaan tai kurssiyhteenveto kertoo opiskelijan saaman kokonaispistem\u00e4\u00e4r\u00e4n.<\/li>\n<\/ol>\n\n\n\n<p><\/p>\n\n\n\n<p><strong>2. Lis\u00e4\u00e4 kurssille arviointiasteikko.<\/strong><\/p>\n\n\n\n<ol class=\"wp-block-list\">\n<li>Valitse pudotusvalikosta <strong>Arviointiasteikon arvosanat.<\/strong><\/li>\n\n\n\n<li>Muokkaa oletusasteikkoa klikkaamalla <strong>Muokkaa.<\/strong><\/li>\n\n\n\n<li>Laita rasti ruutuun kohtaan <strong>Ylit\u00e4 sivuston oletukset.<\/strong><\/li>\n\n\n\n<li>Poista oletusasteikon arvosanat ja prosenttim\u00e4\u00e4r\u00e4t.<\/li>\n\n\n\n<li>Lis\u00e4\u00e4 asteikkoon arvosana ja prosenttim\u00e4\u00e4r\u00e4 pisteist\u00e4, joka t\u00e4ytyy olla yht\u00e4 suuri tai ylitty\u00e4, jotta arvosanan saa (esimerkiksi 5 ja 90 %, 4 ja 80 % jne.) Merkitse viimeiseksi arvosanaksi 0 ja 0 %.<\/li>\n\n\n\n<li>Jos kaikki suoritukset arvioidaan hyl\u00e4tty-hyv\u00e4ksytty-asteikolla, lis\u00e4\u00e4 asteikkoon arvosana Hyv\u00e4ksytty ja prosentti 99,99 % sek\u00e4 Hyl\u00e4tty ja 0%.<\/li>\n\n\n\n<li>Klikkaa <strong>Tallenna muutokset <\/strong>ja n\u00e4et kurssin uuden arviointiasteikon, jossa n\u00e4kyy korkein ja matalin prosenttim\u00e4\u00e4r\u00e4, jolla saa tietyn arvosanan.<\/li>\n<\/ol>\n\n\n\n<p><\/p>\n\n\n\n<p><strong>3. Laita arvosana n\u00e4kyviin Kurssiyhteenvetoon Arvioijan raportissa ja K\u00e4ytt\u00e4j\u00e4n raportissa.<\/strong><\/p>\n\n\n\n<ol class=\"wp-block-list\">\n<li>Valitse pudotusvalikosta <strong>Arviointikirjan asetukset &gt; <\/strong>Listauksen ensimm\u00e4isen\u00e4 on otsikkona kurssisi nimi, klikkaa nimen oikeassa laidassa <strong>Muokkaa &gt; Muokkaa asetuksia <\/strong>ja valitse <strong>Kategorian yhteenveto &gt; N\u00e4yt\u00e4 lis\u00e4\u00e4 &gt; Arvioinnin n\u00e4ytt\u00f6. <\/strong>Valitse pudotusvalikosta vaihtoehto, jossa mainitaan <strong>Arviointiasteikon arvosana<\/strong> joko yksin\u00e4\u00e4n tai yhdistettyn\u00e4 todelliseen tulokseen eli kokonaispistem\u00e4\u00e4r\u00e4\u00e4n.<\/li>\n\n\n\n<li>Jos haluat, ett\u00e4 opiskelija n\u00e4kee reaaliaikaisesti arvosanansa muodostumisen pisteiden kertyess\u00e4 teht\u00e4vist\u00e4, klikkaa samassa n\u00e4kym\u00e4ss\u00e4 kohdassa <strong>Arvosanojen kategoria &gt; N\u00e4yt\u00e4 lis\u00e4\u00e4 <\/strong>ja poista rasti ruudusta kohdasta<strong> J\u00e4t\u00e4 tyhj\u00e4t arvosanat pois. <\/strong>Lopuksi tallenna muutokset sivun alalaidasta.<\/li>\n\n\n\n<li>Nyt arvosana kasvaa sit\u00e4 mukaa, kun suorituksia arvioidaan ja opiskelijan pistem\u00e4\u00e4r\u00e4 kasvaa. Opiskelijan n\u00e4kym\u00e4ss\u00e4 n\u00e4kyy hyv\u00e4ksytty arvosana heti, kun arviointiasteikkoon m\u00e4\u00e4ritelty hyv\u00e4ksytyn arvosanan raja ylittyy, vaikka kaikkia teht\u00e4vi\u00e4 ei olisikaan viel\u00e4 suoritettu hyv\u00e4ksytysti.&nbsp;<\/li>\n<\/ol>\n","protected":false},"excerpt":{"rendered":"<p>1. Tarkista v\u00e4hint\u00e4\u00e4n opiskelijan n\u00e4kym\u00e4 arviointikirjaan ja muokkaa n\u00e4kym\u00e4\u00e4 tarvittaessa. 2. Lis\u00e4\u00e4 kurssille arviointiasteikko. 3. Laita arvosana n\u00e4kyviin Kurssiyhteenvetoon Arvioijan raportissa ja K\u00e4ytt\u00e4j\u00e4n raportissa.<\/p>\n","protected":false},"author":72,"featured_media":0,"parent":166,"menu_order":6,"comment_status":"closed","ping_status":"closed","template":"","meta":{"_acf_changed":false,"_relevanssi_hide_post":"","_relevanssi_hide_content":"","_relevanssi_pin_for_all":"","_relevanssi_pin_keywords":"","_relevanssi_unpin_keywords":"","_relevanssi_related_keywords":"","_relevanssi_related_include_ids":"","_relevanssi_related_exclude_ids":"","_relevanssi_related_no_append":"","_relevanssi_related_not_related":"","_relevanssi_related_posts":"","_relevanssi_noindex_reason":"","footnotes":""},"categories":[],"tags":[],"class_list":["post-4637","page","type-page","status-publish","hentry"],"acf":[],"yoast_head":"<!-- This site is optimized with the Yoast SEO plugin v27.3 - https:\/\/yoast.com\/product\/yoast-seo-wordpress\/ -->\n<title>Arviointikirjan perusteet Moodlessa - Moodle<\/title>\n<meta name=\"robots\" content=\"index, follow, max-snippet:-1, max-image-preview:large, max-video-preview:-1\" \/>\n<link rel=\"canonical\" href=\"https:\/\/help.jamk.fi\/moodle\/fi\/uudelle-kayttajalle\/arviointikirjan-perusteet-moodlessa\/\" \/>\n<meta property=\"og:locale\" content=\"fi_FI\" \/>\n<meta property=\"og:type\" content=\"article\" \/>\n<meta property=\"og:title\" content=\"Arviointikirjan perusteet Moodlessa - Moodle\" \/>\n<meta property=\"og:description\" content=\"1. Tarkista v\u00e4hint\u00e4\u00e4n opiskelijan n\u00e4kym\u00e4 arviointikirjaan ja muokkaa n\u00e4kym\u00e4\u00e4 tarvittaessa. 2. Lis\u00e4\u00e4 kurssille arviointiasteikko. 3. Laita arvosana n\u00e4kyviin Kurssiyhteenvetoon Arvioijan raportissa ja K\u00e4ytt\u00e4j\u00e4n raportissa.\" \/>\n<meta property=\"og:url\" content=\"https:\/\/help.jamk.fi\/moodle\/fi\/uudelle-kayttajalle\/arviointikirjan-perusteet-moodlessa\/\" \/>\n<meta property=\"og:site_name\" content=\"Moodle\" \/>\n<meta property=\"article:modified_time\" content=\"2024-04-30T09:28:38+00:00\" \/>\n<meta name=\"twitter:card\" content=\"summary_large_image\" \/>\n<meta name=\"twitter:label1\" content=\"Arvioitu lukuaika\" \/>\n\t<meta name=\"twitter:data1\" content=\"3 minuuttia\" \/>\n<script type=\"application\/ld+json\" class=\"yoast-schema-graph\">{\"@context\":\"https:\\\/\\\/schema.org\",\"@graph\":[{\"@type\":\"WebPage\",\"@id\":\"https:\\\/\\\/help.jamk.fi\\\/moodle\\\/fi\\\/uudelle-kayttajalle\\\/arviointikirjan-perusteet-moodlessa\\\/\",\"url\":\"https:\\\/\\\/help.jamk.fi\\\/moodle\\\/fi\\\/uudelle-kayttajalle\\\/arviointikirjan-perusteet-moodlessa\\\/\",\"name\":\"Arviointikirjan perusteet Moodlessa - Moodle\",\"isPartOf\":{\"@id\":\"https:\\\/\\\/help.jamk.fi\\\/moodle\\\/#website\"},\"datePublished\":\"2024-03-12T09:43:08+00:00\",\"dateModified\":\"2024-04-30T09:28:38+00:00\",\"breadcrumb\":{\"@id\":\"https:\\\/\\\/help.jamk.fi\\\/moodle\\\/fi\\\/uudelle-kayttajalle\\\/arviointikirjan-perusteet-moodlessa\\\/#breadcrumb\"},\"inLanguage\":\"fi\",\"potentialAction\":[{\"@type\":\"ReadAction\",\"target\":[\"https:\\\/\\\/help.jamk.fi\\\/moodle\\\/fi\\\/uudelle-kayttajalle\\\/arviointikirjan-perusteet-moodlessa\\\/\"]}]},{\"@type\":\"BreadcrumbList\",\"@id\":\"https:\\\/\\\/help.jamk.fi\\\/moodle\\\/fi\\\/uudelle-kayttajalle\\\/arviointikirjan-perusteet-moodlessa\\\/#breadcrumb\",\"itemListElement\":[{\"@type\":\"ListItem\",\"position\":1,\"name\":\"Etusivu\",\"item\":\"https:\\\/\\\/help.jamk.fi\\\/moodle\\\/fi\\\/\"},{\"@type\":\"ListItem\",\"position\":2,\"name\":\"Uudelle k\u00e4ytt\u00e4j\u00e4lle\",\"item\":\"https:\\\/\\\/help.jamk.fi\\\/moodle\\\/fi\\\/uudelle-kayttajalle\\\/\"},{\"@type\":\"ListItem\",\"position\":3,\"name\":\"Arviointikirjan perusteet Moodlessa\"}]},{\"@type\":\"WebSite\",\"@id\":\"https:\\\/\\\/help.jamk.fi\\\/moodle\\\/#website\",\"url\":\"https:\\\/\\\/help.jamk.fi\\\/moodle\\\/\",\"name\":\"Moodle\",\"description\":\"\",\"potentialAction\":[{\"@type\":\"SearchAction\",\"target\":{\"@type\":\"EntryPoint\",\"urlTemplate\":\"https:\\\/\\\/help.jamk.fi\\\/moodle\\\/?s={search_term_string}\"},\"query-input\":{\"@type\":\"PropertyValueSpecification\",\"valueRequired\":true,\"valueName\":\"search_term_string\"}}],\"inLanguage\":\"fi\"}]}<\/script>\n<!-- \/ Yoast SEO plugin. -->","yoast_head_json":{"title":"Arviointikirjan perusteet Moodlessa - Moodle","robots":{"index":"index","follow":"follow","max-snippet":"max-snippet:-1","max-image-preview":"max-image-preview:large","max-video-preview":"max-video-preview:-1"},"canonical":"https:\/\/help.jamk.fi\/moodle\/fi\/uudelle-kayttajalle\/arviointikirjan-perusteet-moodlessa\/","og_locale":"fi_FI","og_type":"article","og_title":"Arviointikirjan perusteet Moodlessa - Moodle","og_description":"1. Tarkista v\u00e4hint\u00e4\u00e4n opiskelijan n\u00e4kym\u00e4 arviointikirjaan ja muokkaa n\u00e4kym\u00e4\u00e4 tarvittaessa. 2. Lis\u00e4\u00e4 kurssille arviointiasteikko. 3. Laita arvosana n\u00e4kyviin Kurssiyhteenvetoon Arvioijan raportissa ja K\u00e4ytt\u00e4j\u00e4n raportissa.","og_url":"https:\/\/help.jamk.fi\/moodle\/fi\/uudelle-kayttajalle\/arviointikirjan-perusteet-moodlessa\/","og_site_name":"Moodle","article_modified_time":"2024-04-30T09:28:38+00:00","twitter_card":"summary_large_image","twitter_misc":{"Arvioitu lukuaika":"3 minuuttia"},"schema":{"@context":"https:\/\/schema.org","@graph":[{"@type":"WebPage","@id":"https:\/\/help.jamk.fi\/moodle\/fi\/uudelle-kayttajalle\/arviointikirjan-perusteet-moodlessa\/","url":"https:\/\/help.jamk.fi\/moodle\/fi\/uudelle-kayttajalle\/arviointikirjan-perusteet-moodlessa\/","name":"Arviointikirjan perusteet Moodlessa - Moodle","isPartOf":{"@id":"https:\/\/help.jamk.fi\/moodle\/#website"},"datePublished":"2024-03-12T09:43:08+00:00","dateModified":"2024-04-30T09:28:38+00:00","breadcrumb":{"@id":"https:\/\/help.jamk.fi\/moodle\/fi\/uudelle-kayttajalle\/arviointikirjan-perusteet-moodlessa\/#breadcrumb"},"inLanguage":"fi","potentialAction":[{"@type":"ReadAction","target":["https:\/\/help.jamk.fi\/moodle\/fi\/uudelle-kayttajalle\/arviointikirjan-perusteet-moodlessa\/"]}]},{"@type":"BreadcrumbList","@id":"https:\/\/help.jamk.fi\/moodle\/fi\/uudelle-kayttajalle\/arviointikirjan-perusteet-moodlessa\/#breadcrumb","itemListElement":[{"@type":"ListItem","position":1,"name":"Etusivu","item":"https:\/\/help.jamk.fi\/moodle\/fi\/"},{"@type":"ListItem","position":2,"name":"Uudelle k\u00e4ytt\u00e4j\u00e4lle","item":"https:\/\/help.jamk.fi\/moodle\/fi\/uudelle-kayttajalle\/"},{"@type":"ListItem","position":3,"name":"Arviointikirjan perusteet Moodlessa"}]},{"@type":"WebSite","@id":"https:\/\/help.jamk.fi\/moodle\/#website","url":"https:\/\/help.jamk.fi\/moodle\/","name":"Moodle","description":"","potentialAction":[{"@type":"SearchAction","target":{"@type":"EntryPoint","urlTemplate":"https:\/\/help.jamk.fi\/moodle\/?s={search_term_string}"},"query-input":{"@type":"PropertyValueSpecification","valueRequired":true,"valueName":"search_term_string"}}],"inLanguage":"fi"}]}},"_links":{"self":[{"href":"https:\/\/help.jamk.fi\/moodle\/wp-json\/wp\/v2\/pages\/4637","targetHints":{"allow":["GET"]}}],"collection":[{"href":"https:\/\/help.jamk.fi\/moodle\/wp-json\/wp\/v2\/pages"}],"about":[{"href":"https:\/\/help.jamk.fi\/moodle\/wp-json\/wp\/v2\/types\/page"}],"author":[{"embeddable":true,"href":"https:\/\/help.jamk.fi\/moodle\/wp-json\/wp\/v2\/users\/72"}],"replies":[{"embeddable":true,"href":"https:\/\/help.jamk.fi\/moodle\/wp-json\/wp\/v2\/comments?post=4637"}],"version-history":[{"count":5,"href":"https:\/\/help.jamk.fi\/moodle\/wp-json\/wp\/v2\/pages\/4637\/revisions"}],"predecessor-version":[{"id":4851,"href":"https:\/\/help.jamk.fi\/moodle\/wp-json\/wp\/v2\/pages\/4637\/revisions\/4851"}],"up":[{"embeddable":true,"href":"https:\/\/help.jamk.fi\/moodle\/wp-json\/wp\/v2\/pages\/166"}],"wp:attachment":[{"href":"https:\/\/help.jamk.fi\/moodle\/wp-json\/wp\/v2\/media?parent=4637"}],"wp:term":[{"taxonomy":"category","embeddable":true,"href":"https:\/\/help.jamk.fi\/moodle\/wp-json\/wp\/v2\/categories?post=4637"},{"taxonomy":"post_tag","embeddable":true,"href":"https:\/\/help.jamk.fi\/moodle\/wp-json\/wp\/v2\/tags?post=4637"}],"curies":[{"name":"wp","href":"https:\/\/api.w.org\/{rel}","templated":true}]}}