{"id":4811,"date":"2024-03-25T08:46:24","date_gmt":"2024-03-25T06:46:24","guid":{"rendered":"https:\/\/help.jamk.fi\/moodle\/?page_id=4811"},"modified":"2024-04-30T12:25:57","modified_gmt":"2024-04-30T09:25:57","slug":"sharing-cart","status":"publish","type":"page","link":"https:\/\/help.jamk.fi\/moodle\/fi\/uudelle-kayttajalle\/sharing-cart\/","title":{"rendered":"Sharing cart kurssin osia, aktiviteetteja tai aineistoja siirrett\u00e4ess\u00e4"},"content":{"rendered":"\n<p><strong>1. Siirry Moodle kurssillesi ja lis\u00e4\u00e4 sinne\u00a0Sharing cart\u00a0-lohko.<\/strong><\/p>\n\n\n\n<p>Voit lis\u00e4t\u00e4 Sharing cartin kurssille vain, jos sinulla on kurssilla opettajaoikeudet.<\/p>\n\n\n\n<ol class=\"wp-block-list\">\n<li>Klikkaa muokkaustila p\u00e4\u00e4lle Moodlen oikeasta yl\u00e4kulmasta.<\/li>\n\n\n\n<li>Klikkaa&nbsp;<strong>Lis\u00e4\u00e4 lohko&nbsp;<\/strong>oikeassa yl\u00e4kulmassa.<\/li>\n\n\n\n<li>Etsi avautuvasta valikosta <strong>Sharing cart<\/strong> ja klikkaa sit\u00e4.&nbsp;<\/li>\n\n\n\n<li><strong>Sharing cart<\/strong>\u00a0tulee n\u00e4kyville kurssisi oikeaan laitaan. Kaikkien aktiviteettien ja aineistojen viereen tulee n\u00e4kyville ostoskorikuvake.<\/li>\n<\/ol>\n\n\n\n<p><\/p>\n\n\n\n<p><strong>2. Kopioi haluamasi sis\u00e4ll\u00f6t Sharing cartiin.<\/strong><\/p>\n\n\n\n<ol class=\"wp-block-list\">\n<li>Jos haluat kopioida kurssin kokonaisia osioita, esimerkiksi kokonaisen v\u00e4lilehden kaikki sis\u00e4ll\u00f6t, valitse osio Sharing cart -lohkossa olevasta pudotusvalikosta.<\/li>\n\n\n\n<li>Klikkaa <strong>Kopioi osio. <\/strong>Odota rauhassa, kun osio kopioituu.<\/li>\n\n\n\n<li>Jos haluat kopioida kurssilta yksitt\u00e4isi\u00e4 aktiviteetteja tai aineistoja, klikkaa ostoskorikuvaketta aktiviteetin tai aineiston vieress\u00e4 ja odota rauhassa, kun aktiviteetti tai aineisto kopioituu Sharing cartiin.<\/li>\n<\/ol>\n\n\n\n<p><\/p>\n\n\n\n<p><strong>3. Siirr\u00e4 Sharing cartiin lis\u00e4\u00e4m\u00e4si sis\u00e4ll\u00f6t toiselle Moodle-kurssille.<\/strong><\/p>\n\n\n\n<ol class=\"wp-block-list\">\n<li>Siirry toiselle Moodle-kurssille, jolla sinulla on opettajaoikeudet.<\/li>\n\n\n\n<li>Laita muokkaustila p\u00e4\u00e4lle, klikkaa <strong>Lis\u00e4\u00e4 lohko<\/strong>, etsi avautuvasta valikosta <strong>Sharing cart<\/strong> ja klikkaa sit\u00e4. Sharing cart tulee n\u00e4kyville kurssisi oikeaan laitaan.<\/li>\n\n\n\n<li>Sharing cartissa n\u00e4kyv\u00e4t kaikki toiselta kurssilta kopioimasi sis\u00e4ll\u00f6t.<\/li>\n\n\n\n<li>Jos haluat lis\u00e4t\u00e4 kurssillesi kokonaisen osion sis\u00e4ll\u00f6t, lis\u00e4\u00e4 kurssillesi tyhj\u00e4 v\u00e4lilehti. Klikkaa sen j\u00e4lkeen Sharing cartissa kopioimasi v\u00e4lilehden vieress\u00e4 olevaa <strong>Kopioi kurssille<\/strong> -painiketta. N\u00e4et tyhj\u00e4ll\u00e4 v\u00e4lilehdell\u00e4 nuolikuvakkeen. Klikkaa sit\u00e4. <\/li>\n\n\n\n<li>Valitse <strong>Vaihda otsikko muotoon<\/strong> -vaihtoehto ja odota rauhassa sis\u00e4lt\u00f6jen kopioitumista.<\/li>\n\n\n\n<li>Jos haluat lis\u00e4t\u00e4 yksitt\u00e4isen aktiviteetin tai aineiston Sharing cartista, siirry haluamallesi v\u00e4lilehdelle, klikkaa <strong>Kopioi kurssille<\/strong> -painiketta aktiviteetin tai aineiston vieress\u00e4 Sharing cartissa. V\u00e4lilehden alalaitaan ilmestyy nuolikuvake. Klikkaa sit\u00e4 ja odota, ett\u00e4 sis\u00e4lt\u00f6 kopioituu. <\/li>\n<\/ol>\n","protected":false},"excerpt":{"rendered":"<p>1. Siirry Moodle kurssillesi ja lis\u00e4\u00e4 sinne\u00a0Sharing cart\u00a0-lohko. Voit lis\u00e4t\u00e4 Sharing cartin kurssille vain, jos sinulla on kurssilla opettajaoikeudet. 2. Kopioi haluamasi sis\u00e4ll\u00f6t Sharing cartiin. 3. Siirr\u00e4 Sharing cartiin lis\u00e4\u00e4m\u00e4si sis\u00e4ll\u00f6t toiselle Moodle-kurssille.<\/p>\n","protected":false},"author":72,"featured_media":0,"parent":166,"menu_order":4,"comment_status":"closed","ping_status":"closed","template":"","meta":{"_acf_changed":false,"_relevanssi_hide_post":"","_relevanssi_hide_content":"","_relevanssi_pin_for_all":"","_relevanssi_pin_keywords":"","_relevanssi_unpin_keywords":"","_relevanssi_related_keywords":"","_relevanssi_related_include_ids":"","_relevanssi_related_exclude_ids":"","_relevanssi_related_no_append":"","_relevanssi_related_not_related":"","_relevanssi_related_posts":"","_relevanssi_noindex_reason":"","footnotes":""},"categories":[],"tags":[],"class_list":["post-4811","page","type-page","status-publish","hentry"],"acf":[],"yoast_head":"<!-- This site is optimized with the Yoast SEO plugin v27.4 - https:\/\/yoast.com\/product\/yoast-seo-wordpress\/ -->\n<title>Sharing cart kurssin osia, aktiviteetteja tai aineistoja siirrett\u00e4ess\u00e4 - Moodle<\/title>\n<meta name=\"robots\" content=\"index, follow, max-snippet:-1, max-image-preview:large, max-video-preview:-1\" \/>\n<link rel=\"canonical\" href=\"https:\/\/help.jamk.fi\/moodle\/fi\/uudelle-kayttajalle\/sharing-cart\/\" \/>\n<meta property=\"og:locale\" content=\"fi_FI\" \/>\n<meta property=\"og:type\" content=\"article\" \/>\n<meta property=\"og:title\" content=\"Sharing cart kurssin osia, aktiviteetteja tai aineistoja siirrett\u00e4ess\u00e4 - Moodle\" \/>\n<meta property=\"og:description\" content=\"1. Siirry Moodle kurssillesi ja lis\u00e4\u00e4 sinne\u00a0Sharing cart\u00a0-lohko. Voit lis\u00e4t\u00e4 Sharing cartin kurssille vain, jos sinulla on kurssilla opettajaoikeudet. 2. Kopioi haluamasi sis\u00e4ll\u00f6t Sharing cartiin. 3. Siirr\u00e4 Sharing cartiin lis\u00e4\u00e4m\u00e4si sis\u00e4ll\u00f6t toiselle Moodle-kurssille.\" \/>\n<meta property=\"og:url\" content=\"https:\/\/help.jamk.fi\/moodle\/fi\/uudelle-kayttajalle\/sharing-cart\/\" \/>\n<meta property=\"og:site_name\" content=\"Moodle\" \/>\n<meta property=\"article:modified_time\" content=\"2024-04-30T09:25:57+00:00\" \/>\n<meta name=\"twitter:card\" content=\"summary_large_image\" \/>\n<meta name=\"twitter:label1\" content=\"Arvioitu lukuaika\" \/>\n\t<meta name=\"twitter:data1\" content=\"2 minuuttia\" \/>\n<script type=\"application\/ld+json\" class=\"yoast-schema-graph\">{\"@context\":\"https:\\\/\\\/schema.org\",\"@graph\":[{\"@type\":\"WebPage\",\"@id\":\"https:\\\/\\\/help.jamk.fi\\\/moodle\\\/fi\\\/uudelle-kayttajalle\\\/sharing-cart\\\/\",\"url\":\"https:\\\/\\\/help.jamk.fi\\\/moodle\\\/fi\\\/uudelle-kayttajalle\\\/sharing-cart\\\/\",\"name\":\"Sharing cart kurssin osia, aktiviteetteja tai aineistoja siirrett\u00e4ess\u00e4 - Moodle\",\"isPartOf\":{\"@id\":\"https:\\\/\\\/help.jamk.fi\\\/moodle\\\/#website\"},\"datePublished\":\"2024-03-25T06:46:24+00:00\",\"dateModified\":\"2024-04-30T09:25:57+00:00\",\"breadcrumb\":{\"@id\":\"https:\\\/\\\/help.jamk.fi\\\/moodle\\\/fi\\\/uudelle-kayttajalle\\\/sharing-cart\\\/#breadcrumb\"},\"inLanguage\":\"fi\",\"potentialAction\":[{\"@type\":\"ReadAction\",\"target\":[\"https:\\\/\\\/help.jamk.fi\\\/moodle\\\/fi\\\/uudelle-kayttajalle\\\/sharing-cart\\\/\"]}]},{\"@type\":\"BreadcrumbList\",\"@id\":\"https:\\\/\\\/help.jamk.fi\\\/moodle\\\/fi\\\/uudelle-kayttajalle\\\/sharing-cart\\\/#breadcrumb\",\"itemListElement\":[{\"@type\":\"ListItem\",\"position\":1,\"name\":\"Etusivu\",\"item\":\"https:\\\/\\\/help.jamk.fi\\\/moodle\\\/fi\\\/\"},{\"@type\":\"ListItem\",\"position\":2,\"name\":\"Uudelle k\u00e4ytt\u00e4j\u00e4lle\",\"item\":\"https:\\\/\\\/help.jamk.fi\\\/moodle\\\/fi\\\/uudelle-kayttajalle\\\/\"},{\"@type\":\"ListItem\",\"position\":3,\"name\":\"Sharing cart kurssin osia, aktiviteetteja tai aineistoja siirrett\u00e4ess\u00e4\"}]},{\"@type\":\"WebSite\",\"@id\":\"https:\\\/\\\/help.jamk.fi\\\/moodle\\\/#website\",\"url\":\"https:\\\/\\\/help.jamk.fi\\\/moodle\\\/\",\"name\":\"Moodle\",\"description\":\"\",\"potentialAction\":[{\"@type\":\"SearchAction\",\"target\":{\"@type\":\"EntryPoint\",\"urlTemplate\":\"https:\\\/\\\/help.jamk.fi\\\/moodle\\\/?s={search_term_string}\"},\"query-input\":{\"@type\":\"PropertyValueSpecification\",\"valueRequired\":true,\"valueName\":\"search_term_string\"}}],\"inLanguage\":\"fi\"}]}<\/script>\n<!-- \/ Yoast SEO plugin. -->","yoast_head_json":{"title":"Sharing cart kurssin osia, aktiviteetteja tai aineistoja siirrett\u00e4ess\u00e4 - Moodle","robots":{"index":"index","follow":"follow","max-snippet":"max-snippet:-1","max-image-preview":"max-image-preview:large","max-video-preview":"max-video-preview:-1"},"canonical":"https:\/\/help.jamk.fi\/moodle\/fi\/uudelle-kayttajalle\/sharing-cart\/","og_locale":"fi_FI","og_type":"article","og_title":"Sharing cart kurssin osia, aktiviteetteja tai aineistoja siirrett\u00e4ess\u00e4 - Moodle","og_description":"1. Siirry Moodle kurssillesi ja lis\u00e4\u00e4 sinne\u00a0Sharing cart\u00a0-lohko. Voit lis\u00e4t\u00e4 Sharing cartin kurssille vain, jos sinulla on kurssilla opettajaoikeudet. 2. Kopioi haluamasi sis\u00e4ll\u00f6t Sharing cartiin. 3. Siirr\u00e4 Sharing cartiin lis\u00e4\u00e4m\u00e4si sis\u00e4ll\u00f6t toiselle Moodle-kurssille.","og_url":"https:\/\/help.jamk.fi\/moodle\/fi\/uudelle-kayttajalle\/sharing-cart\/","og_site_name":"Moodle","article_modified_time":"2024-04-30T09:25:57+00:00","twitter_card":"summary_large_image","twitter_misc":{"Arvioitu lukuaika":"2 minuuttia"},"schema":{"@context":"https:\/\/schema.org","@graph":[{"@type":"WebPage","@id":"https:\/\/help.jamk.fi\/moodle\/fi\/uudelle-kayttajalle\/sharing-cart\/","url":"https:\/\/help.jamk.fi\/moodle\/fi\/uudelle-kayttajalle\/sharing-cart\/","name":"Sharing cart kurssin osia, aktiviteetteja tai aineistoja siirrett\u00e4ess\u00e4 - Moodle","isPartOf":{"@id":"https:\/\/help.jamk.fi\/moodle\/#website"},"datePublished":"2024-03-25T06:46:24+00:00","dateModified":"2024-04-30T09:25:57+00:00","breadcrumb":{"@id":"https:\/\/help.jamk.fi\/moodle\/fi\/uudelle-kayttajalle\/sharing-cart\/#breadcrumb"},"inLanguage":"fi","potentialAction":[{"@type":"ReadAction","target":["https:\/\/help.jamk.fi\/moodle\/fi\/uudelle-kayttajalle\/sharing-cart\/"]}]},{"@type":"BreadcrumbList","@id":"https:\/\/help.jamk.fi\/moodle\/fi\/uudelle-kayttajalle\/sharing-cart\/#breadcrumb","itemListElement":[{"@type":"ListItem","position":1,"name":"Etusivu","item":"https:\/\/help.jamk.fi\/moodle\/fi\/"},{"@type":"ListItem","position":2,"name":"Uudelle k\u00e4ytt\u00e4j\u00e4lle","item":"https:\/\/help.jamk.fi\/moodle\/fi\/uudelle-kayttajalle\/"},{"@type":"ListItem","position":3,"name":"Sharing cart kurssin osia, aktiviteetteja tai aineistoja siirrett\u00e4ess\u00e4"}]},{"@type":"WebSite","@id":"https:\/\/help.jamk.fi\/moodle\/#website","url":"https:\/\/help.jamk.fi\/moodle\/","name":"Moodle","description":"","potentialAction":[{"@type":"SearchAction","target":{"@type":"EntryPoint","urlTemplate":"https:\/\/help.jamk.fi\/moodle\/?s={search_term_string}"},"query-input":{"@type":"PropertyValueSpecification","valueRequired":true,"valueName":"search_term_string"}}],"inLanguage":"fi"}]}},"_links":{"self":[{"href":"https:\/\/help.jamk.fi\/moodle\/wp-json\/wp\/v2\/pages\/4811","targetHints":{"allow":["GET"]}}],"collection":[{"href":"https:\/\/help.jamk.fi\/moodle\/wp-json\/wp\/v2\/pages"}],"about":[{"href":"https:\/\/help.jamk.fi\/moodle\/wp-json\/wp\/v2\/types\/page"}],"author":[{"embeddable":true,"href":"https:\/\/help.jamk.fi\/moodle\/wp-json\/wp\/v2\/users\/72"}],"replies":[{"embeddable":true,"href":"https:\/\/help.jamk.fi\/moodle\/wp-json\/wp\/v2\/comments?post=4811"}],"version-history":[{"count":6,"href":"https:\/\/help.jamk.fi\/moodle\/wp-json\/wp\/v2\/pages\/4811\/revisions"}],"predecessor-version":[{"id":4848,"href":"https:\/\/help.jamk.fi\/moodle\/wp-json\/wp\/v2\/pages\/4811\/revisions\/4848"}],"up":[{"embeddable":true,"href":"https:\/\/help.jamk.fi\/moodle\/wp-json\/wp\/v2\/pages\/166"}],"wp:attachment":[{"href":"https:\/\/help.jamk.fi\/moodle\/wp-json\/wp\/v2\/media?parent=4811"}],"wp:term":[{"taxonomy":"category","embeddable":true,"href":"https:\/\/help.jamk.fi\/moodle\/wp-json\/wp\/v2\/categories?post=4811"},{"taxonomy":"post_tag","embeddable":true,"href":"https:\/\/help.jamk.fi\/moodle\/wp-json\/wp\/v2\/tags?post=4811"}],"curies":[{"name":"wp","href":"https:\/\/api.w.org\/{rel}","templated":true}]}}