{"id":4914,"date":"2026-05-04T14:02:16","date_gmt":"2026-05-04T11:02:16","guid":{"rendered":"https:\/\/help.jamk.fi\/moodle\/?page_id=4914"},"modified":"2026-05-04T15:45:20","modified_gmt":"2026-05-04T12:45:20","slug":"h5p-aktiviteetit-ja-sisaltopankki","status":"publish","type":"page","link":"https:\/\/help.jamk.fi\/moodle\/fi\/aktiviteetit-ja-aineistot\/h5p-aktiviteetit-ja-sisaltopankki\/","title":{"rendered":"H5P-aktiviteetit ja Sis\u00e4lt\u00f6pankki"},"content":{"rendered":"\n<p>Jos sinulla on Moodle-kursseilla H5P-aktiviteetteja ja haluat s\u00e4ilytt\u00e4\u00e4 ne toiminnassa, sinun t\u00e4ytyy ottaa k\u00e4ytt\u00f6\u00f6n Moodle-kurssin Sis\u00e4lt\u00f6pankki.<\/p>\n\n\n\n<p>Katso alla oleva video (kesto 16 min), jolla kerrotaan, miten saat siirretty\u00e4 H5P-tiedostot Moodle-kurssin Sis\u00e4lt\u00f6pankkiin tai tutustu tekstimuotoiseen ohjeeseen videon alla.<\/p>\n\n\n\r\n<div id=\"embed-block_739ca67d4484ac8c5c7947e1ddac34e2\" class=\"embed block-embed\">\r\n      <div class=\"block-embed__wrapper\">\r\n\r\n      \r\n          <div class=\"block-embed__cookie-notice--wrapper\" id=\"cookie-notice\">\r\n              <div class=\"block-embed__cookie-notice--text\">\r\n                                    <p>Hyv\u00e4ksy v\u00e4ltt\u00e4m\u00e4tt\u00f6m\u00e4t ev\u00e4steet n\u00e4hd\u00e4ksesi upotetun sis\u00e4ll\u00f6n: marketing, analytics, preferences.<\/p>\r\n                  <a href=\"#\" class=\"ch2-open-settings-btn\"> Hyv\u00e4ksy v\u00e4ltt\u00e4m\u00e4tt\u00f6m\u00e4t ev\u00e4steet<\/a>\r\n              <\/div>\r\n              <div class=\"block-embed__cookie-reload-notice\">\r\n                  <p class=\"cookie-reload-text\">\r\n                    (Jos olet hyv\u00e4ksynyt ev\u00e4steet, mutta n\u00e4et silti t\u00e4m\u00e4n viestin, lataa sivu uudelleen.)                  <\/p>\r\n                  <a href=\"#\" onclick=\"location.reload(); return false;\">\r\n                    Lataa sivu uudelleen                  <\/a>\r\n              <\/div>\r\n          <\/div>\r\n\r\n      \r\n      <\/div>\r\n<\/div>\r\n\n\n\n<p><\/p>\n\n\n\n<h3 class=\"wp-block-heading\">1. Lataa H5P-tiedostot koneellesi.<\/h3>\n\n\n\n<p>Lataa kurssillasi olevista H5P-aktiviteeteista H5P-tiedostot koneellesi.<\/p>\n\n\n\n<ol class=\"wp-block-list\">\n<li>Klikkaa H5P-aktiviteetin nime\u00e4. <\/li>\n\n\n\n<li>Kun H5P-aktiviteetti avautuu, selaa aktiviteetin alalaitaan, josta l\u00f6ytyy <strong>K\u00e4yt\u00e4 uudelleen<\/strong> -painike. <\/li>\n\n\n\n<li>Klikkaa <strong>K\u00e4yt\u00e4 uudelleen<\/strong> -painiketta, jolloin avautuu <strong>Lataa sis\u00e4lt\u00f6<\/strong> -n\u00e4kym\u00e4. Valitse vaihtoehto <strong>Download as an .h5p file<\/strong>.\n<ul class=\"wp-block-list\">\n<li>Jos vaihtoehtoa <strong>Download as an .h5p file<\/strong> ei n\u00e4y, siirry kyseisen H5P-aktiviteetin asetuksiin klikkaamalla <strong>Asetukset<\/strong> H5P-aktiviteetin nimen alla, siirry <strong>N\u00e4ytt\u00f6asetuksiin<\/strong> ja laita rasti ruutuun kohtaan <strong>Salli lataaminen<\/strong>. <\/li>\n\n\n\n<li>Tallenna asetukset ja t\u00e4m\u00e4n j\u00e4lkeen H5P-aktiviteetin alalaidasta <strong>K\u00e4yt\u00e4 uudelleen<\/strong> -painiketta klikkaamalla l\u00f6ytyy vaihtoehto <strong>Download as an .h5p file<\/strong>.<\/li>\n<\/ul>\n<\/li>\n<\/ol>\n\n\n\n<p>H5P-tiedosto voi latautua koneelle joskus hieman monimutkaisellakin nimell\u00e4 ja nimest\u00e4 ei v\u00e4ltt\u00e4m\u00e4tt\u00e4 heti tied\u00e4, mik\u00e4 aktiviteetti on kyseess\u00e4. Lataamisen yhteydess\u00e4 kannattaa tarkistaa nimi ja tarvittaessa muuttaa se esimerkiksi samaksi, mit\u00e4 k\u00e4yt\u00e4t kurssilla H5P-aktiviteetin nimen\u00e4. N\u00e4in sinun on helpompi tunnistaa, mik\u00e4 H5P-tiedosto on mik\u00e4kin, jos niit\u00e4 on kurssilla useampia.<\/p>\n\n\n\n<p><\/p>\n\n\n\n<h3 class=\"wp-block-heading\">2. Lataa H5P-tiedosto Sis\u00e4lt\u00f6pankkiin.<\/h3>\n\n\n\n<ol class=\"wp-block-list\">\n<li>Kun H5P-tiedostot on ladattu koneelle, siirry Sis\u00e4lt\u00f6pankkiin klikkaamalla kurssin nimen alla <strong>Lis\u00e4\u00e4<\/strong> ja valitse avautuvasta valikosta <strong>Sis\u00e4lt\u00f6pankki<\/strong>.<\/li>\n\n\n\n<li>Kun Sis\u00e4lt\u00f6pankki avautuu, klikkaa <strong>Lataa<\/strong>, hae koneeltasi H5P-tiedosto ja lataa tiedosto Sis\u00e4lt\u00f6pankkiin. Huomioi, ett\u00e4 Sis\u00e4lt\u00f6pankkiin pystyy siirt\u00e4m\u00e4\u00e4n vain yhden tiedoston kerrallaan.<\/li>\n<\/ol>\n\n\n\n<p><\/p>\n\n\n\n<h3 class=\"wp-block-heading\">3. Ota H5P-tiedosto k\u00e4ytt\u00f6\u00f6n kurssille Sis\u00e4lt\u00f6pankin kautta.<\/h3>\n\n\n\n<ol class=\"wp-block-list\">\n<li>Siirry kurssilla sille v\u00e4lilehdelle, jolle haluat lis\u00e4t\u00e4 H5P-aktiviteetin.<\/li>\n\n\n\n<li>Klikkaa <strong>Lis\u00e4\u00e4 aktiviteetti tai aineisto<\/strong> -painiketta. Valitse H5P-aktiviteetti, anna sille nimi ja kirjoita kuvaus.<\/li>\n\n\n\n<li>Hae H5P-tiedosto Sis\u00e4lt\u00f6pankista. Valitse <strong>Tiedostonvalitsin<\/strong>-n\u00e4kym\u00e4n vasemmasta alakulmasta <strong>Sis\u00e4lt\u00f6pankki<\/strong>. N\u00e4et Sis\u00e4lt\u00f6pankkiin lis\u00e4\u00e4m\u00e4si H5P-tiedostot ja voit lis\u00e4t\u00e4 haluamasi tiedoston klikkaamalla sit\u00e4. Oletuksena on valittu vaihtoehto <strong>Linkit\u00e4 tiedostoon<\/strong>.<\/li>\n\n\n\n<li>Arvioinnin asetuksissa voit m\u00e4\u00e4ritell\u00e4 arviointiin vaikuttavat pisteet sek\u00e4 hyv\u00e4ksymisrajan. K\u00e4yt\u00e4 aina pisteit\u00e4 H5P-aktiviteetin arvioinnissa. <\/li>\n\n\n\n<li>H5P-suorituskertojen asetuksissa on oletuksena p\u00e4\u00e4ll\u00e4 asetus, joka mahdollistaa opiskelijoiden suoritusten tarkastelun. <\/li>\n<\/ol>\n\n\n\n<p><\/p>\n\n\n\n<h3 class=\"wp-block-heading\">4. Miten rakennan kurssilleni uuden H5P-aktiviteetin?<\/h3>\n\n\n\n<ol class=\"wp-block-list\">\n<li>Jos haluat rakentaa kurssillesi kokonaan uuden H5P-aktiviteetin, mene Sis\u00e4lt\u00f6pankkiin ja klikkaa <strong>Lis\u00e4\u00e4<\/strong>-painiketta. Valitse pudotusvalikosta H5P-aktiviteetti, jonka haluat rakentaa kurssillesi.<\/li>\n\n\n\n<li>Kun olet rakentanut aktiviteetin Sis\u00e4s\u00e4lt\u00f6pankissa valmiiksi, siirry kurssille, valitse <strong>Lis\u00e4\u00e4 aktiviteetti tai aineisto <\/strong>-n\u00e4kym\u00e4ss\u00e4 H5P ja lis\u00e4\u00e4 Sis\u00e4lt\u00f6pankista siihen H5P-sis\u00e4lt\u00f6 samoin, kuin edell\u00e4 ohjeistettiin.<\/li>\n<\/ol>\n\n\n\n<p><\/p>\n\n\n\n<h3 class=\"wp-block-heading\">5. Miten siirr\u00e4n H5P-aktiviteetteja kurssilta toiselle?<\/h3>\n\n\n\n<p><strong>1. Lataa H5P-tiedosto koneellesi ja siirr\u00e4 Sis\u00e4lt\u00f6pankkiin.<\/strong><\/p>\n\n\n\n<p>Turvallisin, mutta toki ty\u00f6l\u00e4in vaihtoehto on se, ett\u00e4 lataat H5P-tiedoston l\u00e4hdekurssilta koneelle, lataat se kohdekurssin sis\u00e4lt\u00f6pankkiin ja lis\u00e4\u00e4t kurssille uuden H5P-aktiviteetin, johon lis\u00e4\u00e4t H5P-tiedoston Sis\u00e4lt\u00f6pankista.<\/p>\n\n\n\n<p><strong>2. K\u00e4yt\u00e4 Tuo-toimintoa.<\/strong><\/p>\n\n\n\n<ol class=\"wp-block-list\">\n<li>Jos k\u00e4ytet\u00e4\u00e4n Tuo-toimintoa ja tuodaan kokonainen kurssi uudelle kurssipohjalle, my\u00f6s sis\u00e4lt\u00f6pankki kopioituu ja sen sis\u00e4ll\u00f6t ovat vapaasti k\u00e4ytett\u00e4viss\u00e4 uudella kurssilla ja uudella kurssilla on oma sis\u00e4lt\u00f6pankkinsa.<\/li>\n\n\n\n<li>Voit k\u00e4ytt\u00e4\u00e4 Tuo-toimintoa my\u00f6s niin, ett\u00e4 tuot toiselta kurssilta pelk\u00e4t H5P-aktiviteetit ja sis\u00e4lt\u00f6pankin.<\/li>\n\n\n\n<li>Jos jollain kurssilla on paljon H5P-sis\u00e4lt\u00f6\u00e4 Sis\u00e4lt\u00f6pankissa ja haluat kurssilta vain yhden tai kaksi H5P-aktiviteettia, voi olla parasta k\u00e4ytt\u00e4\u00e4 vaihtoehdon 1 manuaalista prosessia ja ladata H5P-tiedostot koneelle ja koneelta sis\u00e4lt\u00f6pankkiin. Levytilan k\u00e4yt\u00f6n n\u00e4k\u00f6kulmasta ei ole hyv\u00e4, jos isoja sis\u00e4lt\u00f6pankkeja kopioidaan kurssilta toiselle ja sitten siell\u00e4 olevia sis\u00e4lt\u00f6j\u00e4 ei edes k\u00e4ytet\u00e4 kurssilla. Voit my\u00f6s tehd\u00e4 niin, ett\u00e4 tuot koko sis\u00e4lt\u00f6pankin, mutta sitten poistat sielt\u00e4 ylim\u00e4\u00e4r\u00e4iset tiedostot, joita kurssilla ei tarvita.<\/li>\n<\/ol>\n\n\n\n<p><strong>3. \u00c4l\u00e4 k\u00e4yt\u00e4 Sharing cartia H5P-aktiviteettien siirtoon kurssilta toiselle.<\/strong><\/p>\n\n\n\n<p>Sharing cartilla H5P-aktiviteetteja kurssilta toiselle siirrett\u00e4ess\u00e4 H5P-aktiviteetin sis\u00e4lt\u00f6 linkittyy l\u00e4hdekurssille ja s\u00e4ilyy l\u00e4hdekurssin sis\u00e4lt\u00f6pankissa. T\u00e4llaista ristiinlinkityst\u00e4 kurssilta toiselle ei suositella, joten H5P-aktiviteettien kanssa toimittaessa Sharing cart ei ole paras tapa siirt\u00e4\u00e4 sis\u00e4lt\u00f6j\u00e4.<\/p>\n\n\n\n<p><\/p>\n","protected":false},"excerpt":{"rendered":"<p>Jos sinulla on Moodle-kursseilla H5P-aktiviteetteja ja haluat s\u00e4ilytt\u00e4\u00e4 ne toiminnassa, sinun t\u00e4ytyy ottaa k\u00e4ytt\u00f6\u00f6n Moodle-kurssin Sis\u00e4lt\u00f6pankki. Katso alla oleva video (kesto 16 min), jolla kerrotaan, miten saat siirretty\u00e4 H5P-tiedostot Moodle-kurssin Sis\u00e4lt\u00f6pankkiin tai tutustu tekstimuotoiseen ohjeeseen videon alla. 1. Lataa H5P-tiedostot koneellesi. Lataa kurssillasi olevista H5P-aktiviteeteista H5P-tiedostot koneellesi. H5P-tiedosto voi latautua koneelle joskus hieman monimutkaisellakin nimell\u00e4 [&hellip;]<\/p>\n","protected":false},"author":72,"featured_media":0,"parent":37,"menu_order":0,"comment_status":"closed","ping_status":"closed","template":"","meta":{"_acf_changed":false,"_relevanssi_hide_post":"","_relevanssi_hide_content":"","_relevanssi_pin_for_all":"","_relevanssi_pin_keywords":"","_relevanssi_unpin_keywords":"","_relevanssi_related_keywords":"","_relevanssi_related_include_ids":"","_relevanssi_related_exclude_ids":"","_relevanssi_related_no_append":"","_relevanssi_related_not_related":"","_relevanssi_related_posts":"","_relevanssi_noindex_reason":"","footnotes":""},"categories":[],"tags":[],"class_list":["post-4914","page","type-page","status-publish","hentry"],"acf":[],"yoast_head":"<!-- This site is optimized with the Yoast SEO plugin v27.5 - https:\/\/yoast.com\/product\/yoast-seo-wordpress\/ -->\n<title>H5P-aktiviteetit ja Sis\u00e4lt\u00f6pankki - Moodle<\/title>\n<meta name=\"robots\" content=\"index, follow, max-snippet:-1, max-image-preview:large, max-video-preview:-1\" \/>\n<link rel=\"canonical\" href=\"https:\/\/help.jamk.fi\/moodle\/fi\/aktiviteetit-ja-aineistot\/h5p-aktiviteetit-ja-sisaltopankki\/\" \/>\n<meta property=\"og:locale\" content=\"fi_FI\" \/>\n<meta property=\"og:type\" content=\"article\" \/>\n<meta property=\"og:title\" content=\"H5P-aktiviteetit ja Sis\u00e4lt\u00f6pankki - Moodle\" \/>\n<meta property=\"og:description\" content=\"Jos sinulla on Moodle-kursseilla H5P-aktiviteetteja ja haluat s\u00e4ilytt\u00e4\u00e4 ne toiminnassa, sinun t\u00e4ytyy ottaa k\u00e4ytt\u00f6\u00f6n Moodle-kurssin Sis\u00e4lt\u00f6pankki. Katso alla oleva video (kesto 16 min), jolla kerrotaan, miten saat siirretty\u00e4 H5P-tiedostot Moodle-kurssin Sis\u00e4lt\u00f6pankkiin tai tutustu tekstimuotoiseen ohjeeseen videon alla. 1. Lataa H5P-tiedostot koneellesi. Lataa kurssillasi olevista H5P-aktiviteeteista H5P-tiedostot koneellesi. H5P-tiedosto voi latautua koneelle joskus hieman monimutkaisellakin nimell\u00e4 [&hellip;]\" \/>\n<meta property=\"og:url\" content=\"https:\/\/help.jamk.fi\/moodle\/fi\/aktiviteetit-ja-aineistot\/h5p-aktiviteetit-ja-sisaltopankki\/\" \/>\n<meta property=\"og:site_name\" content=\"Moodle\" \/>\n<meta property=\"article:modified_time\" content=\"2026-05-04T12:45:20+00:00\" \/>\n<meta name=\"twitter:card\" content=\"summary_large_image\" \/>\n<meta name=\"twitter:label1\" content=\"Arvioitu lukuaika\" \/>\n\t<meta name=\"twitter:data1\" content=\"4 minuuttia\" \/>\n<script type=\"application\/ld+json\" class=\"yoast-schema-graph\">{\"@context\":\"https:\\\/\\\/schema.org\",\"@graph\":[{\"@type\":\"WebPage\",\"@id\":\"https:\\\/\\\/help.jamk.fi\\\/moodle\\\/fi\\\/aktiviteetit-ja-aineistot\\\/h5p-aktiviteetit-ja-sisaltopankki\\\/\",\"url\":\"https:\\\/\\\/help.jamk.fi\\\/moodle\\\/fi\\\/aktiviteetit-ja-aineistot\\\/h5p-aktiviteetit-ja-sisaltopankki\\\/\",\"name\":\"H5P-aktiviteetit ja Sis\u00e4lt\u00f6pankki - Moodle\",\"isPartOf\":{\"@id\":\"https:\\\/\\\/help.jamk.fi\\\/moodle\\\/#website\"},\"datePublished\":\"2026-05-04T11:02:16+00:00\",\"dateModified\":\"2026-05-04T12:45:20+00:00\",\"breadcrumb\":{\"@id\":\"https:\\\/\\\/help.jamk.fi\\\/moodle\\\/fi\\\/aktiviteetit-ja-aineistot\\\/h5p-aktiviteetit-ja-sisaltopankki\\\/#breadcrumb\"},\"inLanguage\":\"fi\",\"potentialAction\":[{\"@type\":\"ReadAction\",\"target\":[\"https:\\\/\\\/help.jamk.fi\\\/moodle\\\/fi\\\/aktiviteetit-ja-aineistot\\\/h5p-aktiviteetit-ja-sisaltopankki\\\/\"]}]},{\"@type\":\"BreadcrumbList\",\"@id\":\"https:\\\/\\\/help.jamk.fi\\\/moodle\\\/fi\\\/aktiviteetit-ja-aineistot\\\/h5p-aktiviteetit-ja-sisaltopankki\\\/#breadcrumb\",\"itemListElement\":[{\"@type\":\"ListItem\",\"position\":1,\"name\":\"Etusivu\",\"item\":\"https:\\\/\\\/help.jamk.fi\\\/moodle\\\/fi\\\/\"},{\"@type\":\"ListItem\",\"position\":2,\"name\":\"Aktiviteetit ja aineistot\",\"item\":\"https:\\\/\\\/help.jamk.fi\\\/moodle\\\/fi\\\/aktiviteetit-ja-aineistot\\\/\"},{\"@type\":\"ListItem\",\"position\":3,\"name\":\"H5P-aktiviteetit ja Sis\u00e4lt\u00f6pankki\"}]},{\"@type\":\"WebSite\",\"@id\":\"https:\\\/\\\/help.jamk.fi\\\/moodle\\\/#website\",\"url\":\"https:\\\/\\\/help.jamk.fi\\\/moodle\\\/\",\"name\":\"Moodle\",\"description\":\"\",\"potentialAction\":[{\"@type\":\"SearchAction\",\"target\":{\"@type\":\"EntryPoint\",\"urlTemplate\":\"https:\\\/\\\/help.jamk.fi\\\/moodle\\\/?s={search_term_string}\"},\"query-input\":{\"@type\":\"PropertyValueSpecification\",\"valueRequired\":true,\"valueName\":\"search_term_string\"}}],\"inLanguage\":\"fi\"}]}<\/script>\n<!-- \/ Yoast SEO plugin. -->","yoast_head_json":{"title":"H5P-aktiviteetit ja Sis\u00e4lt\u00f6pankki - Moodle","robots":{"index":"index","follow":"follow","max-snippet":"max-snippet:-1","max-image-preview":"max-image-preview:large","max-video-preview":"max-video-preview:-1"},"canonical":"https:\/\/help.jamk.fi\/moodle\/fi\/aktiviteetit-ja-aineistot\/h5p-aktiviteetit-ja-sisaltopankki\/","og_locale":"fi_FI","og_type":"article","og_title":"H5P-aktiviteetit ja Sis\u00e4lt\u00f6pankki - Moodle","og_description":"Jos sinulla on Moodle-kursseilla H5P-aktiviteetteja ja haluat s\u00e4ilytt\u00e4\u00e4 ne toiminnassa, sinun t\u00e4ytyy ottaa k\u00e4ytt\u00f6\u00f6n Moodle-kurssin Sis\u00e4lt\u00f6pankki. Katso alla oleva video (kesto 16 min), jolla kerrotaan, miten saat siirretty\u00e4 H5P-tiedostot Moodle-kurssin Sis\u00e4lt\u00f6pankkiin tai tutustu tekstimuotoiseen ohjeeseen videon alla. 1. Lataa H5P-tiedostot koneellesi. Lataa kurssillasi olevista H5P-aktiviteeteista H5P-tiedostot koneellesi. H5P-tiedosto voi latautua koneelle joskus hieman monimutkaisellakin nimell\u00e4 [&hellip;]","og_url":"https:\/\/help.jamk.fi\/moodle\/fi\/aktiviteetit-ja-aineistot\/h5p-aktiviteetit-ja-sisaltopankki\/","og_site_name":"Moodle","article_modified_time":"2026-05-04T12:45:20+00:00","twitter_card":"summary_large_image","twitter_misc":{"Arvioitu lukuaika":"4 minuuttia"},"schema":{"@context":"https:\/\/schema.org","@graph":[{"@type":"WebPage","@id":"https:\/\/help.jamk.fi\/moodle\/fi\/aktiviteetit-ja-aineistot\/h5p-aktiviteetit-ja-sisaltopankki\/","url":"https:\/\/help.jamk.fi\/moodle\/fi\/aktiviteetit-ja-aineistot\/h5p-aktiviteetit-ja-sisaltopankki\/","name":"H5P-aktiviteetit ja Sis\u00e4lt\u00f6pankki - Moodle","isPartOf":{"@id":"https:\/\/help.jamk.fi\/moodle\/#website"},"datePublished":"2026-05-04T11:02:16+00:00","dateModified":"2026-05-04T12:45:20+00:00","breadcrumb":{"@id":"https:\/\/help.jamk.fi\/moodle\/fi\/aktiviteetit-ja-aineistot\/h5p-aktiviteetit-ja-sisaltopankki\/#breadcrumb"},"inLanguage":"fi","potentialAction":[{"@type":"ReadAction","target":["https:\/\/help.jamk.fi\/moodle\/fi\/aktiviteetit-ja-aineistot\/h5p-aktiviteetit-ja-sisaltopankki\/"]}]},{"@type":"BreadcrumbList","@id":"https:\/\/help.jamk.fi\/moodle\/fi\/aktiviteetit-ja-aineistot\/h5p-aktiviteetit-ja-sisaltopankki\/#breadcrumb","itemListElement":[{"@type":"ListItem","position":1,"name":"Etusivu","item":"https:\/\/help.jamk.fi\/moodle\/fi\/"},{"@type":"ListItem","position":2,"name":"Aktiviteetit ja aineistot","item":"https:\/\/help.jamk.fi\/moodle\/fi\/aktiviteetit-ja-aineistot\/"},{"@type":"ListItem","position":3,"name":"H5P-aktiviteetit ja Sis\u00e4lt\u00f6pankki"}]},{"@type":"WebSite","@id":"https:\/\/help.jamk.fi\/moodle\/#website","url":"https:\/\/help.jamk.fi\/moodle\/","name":"Moodle","description":"","potentialAction":[{"@type":"SearchAction","target":{"@type":"EntryPoint","urlTemplate":"https:\/\/help.jamk.fi\/moodle\/?s={search_term_string}"},"query-input":{"@type":"PropertyValueSpecification","valueRequired":true,"valueName":"search_term_string"}}],"inLanguage":"fi"}]}},"_links":{"self":[{"href":"https:\/\/help.jamk.fi\/moodle\/wp-json\/wp\/v2\/pages\/4914","targetHints":{"allow":["GET"]}}],"collection":[{"href":"https:\/\/help.jamk.fi\/moodle\/wp-json\/wp\/v2\/pages"}],"about":[{"href":"https:\/\/help.jamk.fi\/moodle\/wp-json\/wp\/v2\/types\/page"}],"author":[{"embeddable":true,"href":"https:\/\/help.jamk.fi\/moodle\/wp-json\/wp\/v2\/users\/72"}],"replies":[{"embeddable":true,"href":"https:\/\/help.jamk.fi\/moodle\/wp-json\/wp\/v2\/comments?post=4914"}],"version-history":[{"count":11,"href":"https:\/\/help.jamk.fi\/moodle\/wp-json\/wp\/v2\/pages\/4914\/revisions"}],"predecessor-version":[{"id":4938,"href":"https:\/\/help.jamk.fi\/moodle\/wp-json\/wp\/v2\/pages\/4914\/revisions\/4938"}],"up":[{"embeddable":true,"href":"https:\/\/help.jamk.fi\/moodle\/wp-json\/wp\/v2\/pages\/37"}],"wp:attachment":[{"href":"https:\/\/help.jamk.fi\/moodle\/wp-json\/wp\/v2\/media?parent=4914"}],"wp:term":[{"taxonomy":"category","embeddable":true,"href":"https:\/\/help.jamk.fi\/moodle\/wp-json\/wp\/v2\/categories?post=4914"},{"taxonomy":"post_tag","embeddable":true,"href":"https:\/\/help.jamk.fi\/moodle\/wp-json\/wp\/v2\/tags?post=4914"}],"curies":[{"name":"wp","href":"https:\/\/api.w.org\/{rel}","templated":true}]}}