{"id":497,"date":"2021-01-20T11:03:57","date_gmt":"2021-01-20T09:03:57","guid":{"rendered":"https:\/\/help.jamk.fi\/moodle\/uudelle-kayttajalle\/turnitin\/"},"modified":"2024-03-21T17:38:51","modified_gmt":"2024-03-21T15:38:51","slug":"turnitin","status":"publish","type":"page","link":"https:\/\/help.jamk.fi\/moodle\/fi\/aktiviteetit-ja-aineistot\/turnitin\/","title":{"rendered":"Turnitin-asetukset"},"content":{"rendered":"\n<p>Kun lis\u00e4\u00e4t Moodleen uuden Teht\u00e4v\u00e4- tai Keskustelualue-aktiviteetin, voit aktivoida asetuksista Turnitin Similarity -ty\u00f6kalun tarkistamaan opiskelijoiden palauttamien tiedostojen tai keskustelualueelle kirjoitetun tekstin tai liitetiedostojen samankaltaisuudet internetiss\u00e4 julkaistuun materiaaliin, kirjoihin sek\u00e4 muihin Turnitinin tietokannasta l\u00f6ytyviin asiakirjoihin.<\/p>\n\n\n\n<ol class=\"wp-block-list\">\n<li>Klikkaa&nbsp;<strong>Ota Turnitin k\u00e4ytt\u00f6\u00f6n<\/strong>.<\/li>\n\n\n\n<li>On hyv\u00e4 aktivoida&nbsp;<strong>Salli opiskelijoiden tarkastella samankaltaisuusraportteja.<\/strong><\/li>\n<\/ol>\n\n\n\n<figure class=\"wp-block-image size-full\"><img loading=\"lazy\" decoding=\"async\" width=\"850\" height=\"434\" src=\"https:\/\/help.jamk.fi\/moodle\/wp-content\/uploads\/sites\/105\/2024\/01\/tehtava_turnitin_asetukset.png\" alt=\"\" class=\"wp-image-4389\" srcset=\"https:\/\/help.jamk.fi\/moodle\/wp-content\/uploads\/sites\/105\/2024\/01\/tehtava_turnitin_asetukset.png 850w, https:\/\/help.jamk.fi\/moodle\/wp-content\/uploads\/sites\/105\/2024\/01\/tehtava_turnitin_asetukset-300x153.png 300w, https:\/\/help.jamk.fi\/moodle\/wp-content\/uploads\/sites\/105\/2024\/01\/tehtava_turnitin_asetukset-768x392.png 768w\" sizes=\"auto, (max-width: 850px) 100vw, 850px\" \/><figcaption class=\"wp-element-caption\">Turnitin-asetukset teht\u00e4v\u00e4-aktiviteetissa.<\/figcaption><\/figure>\n\n\n\n<p><\/p>\n\n\n\n<h2 class=\"wp-block-heading\">S\u00e4hk\u00f6posti-ilmoitusten muuttaminen ilmoitusasetuksissa<\/h2>\n\n\n\n<p>Moodle l\u00e4hett\u00e4\u00e4 opettajalle aina s\u00e4hk\u00f6posti-ilmoituksen, kun opiskelija palauttaa opettajan kurssilla olevaan aktiviteettiin Turnitin-tarkastettavan ty\u00f6n.<\/p>\n\n\n\n<p>Jos et halua n\u00e4it\u00e4 ilmoituksia, voit muokata niit\u00e4:<\/p>\n\n\n\n<ol class=\"wp-block-list\">\n<li>Klikkaa oikeasta yl\u00e4kulmasta profiilikuvaasi ja valitse valikosta <em><strong>Asetukset<\/strong><\/em>.<\/li>\n\n\n\n<li>Valitse <em>K\u00e4ytt\u00e4j\u00e4tunnus<\/em> -valikosta <em><strong>Ilmoituksien asetukset<\/strong>.<\/em><\/li>\n\n\n\n<li>I<em>lmoituksien asetukset<\/em> -kohdasta voit m\u00e4\u00e4ritell\u00e4, mist\u00e4 toiminnoista haluat ilmoituksia klikkaamalla liukus\u00e4\u00e4timen p\u00e4\u00e4lle tai pois p\u00e4\u00e4lt\u00e4.<\/li>\n<\/ol>\n\n\n\n<ul class=\"wp-block-list\">\n<li>Turnitin-asetukset l\u00f6ytyv\u00e4t listaa alasp\u00e4in skrollaamalla. Muuta s\u00e4hk\u00f6posti-ilmoitukset OFF-muotoon, jos et halua s\u00e4hk\u00f6postiisi ilmoituksia.<\/li>\n<\/ul>\n\n\n\n<figure class=\"wp-block-image size-full\"><img loading=\"lazy\" decoding=\"async\" width=\"875\" height=\"211\" src=\"https:\/\/help.jamk.fi\/moodle\/wp-content\/uploads\/sites\/105\/2024\/03\/turnitin_ilmoitukset.png\" alt=\"\" class=\"wp-image-4765\" srcset=\"https:\/\/help.jamk.fi\/moodle\/wp-content\/uploads\/sites\/105\/2024\/03\/turnitin_ilmoitukset.png 875w, https:\/\/help.jamk.fi\/moodle\/wp-content\/uploads\/sites\/105\/2024\/03\/turnitin_ilmoitukset-300x72.png 300w, https:\/\/help.jamk.fi\/moodle\/wp-content\/uploads\/sites\/105\/2024\/03\/turnitin_ilmoitukset-768x185.png 768w\" sizes=\"auto, (max-width: 875px) 100vw, 875px\" \/><figcaption class=\"wp-element-caption\">Turnitin-ilmoitukset on laitettu pois p\u00e4\u00e4lt\u00e4.<\/figcaption><\/figure>\n","protected":false},"excerpt":{"rendered":"<p>Kun lis\u00e4\u00e4t Moodleen uuden Teht\u00e4v\u00e4- tai Keskustelualue-aktiviteetin, voit aktivoida asetuksista Turnitin Similarity -ty\u00f6kalun tarkistamaan opiskelijoiden palauttamien tiedostojen tai keskustelualueelle kirjoitetun tekstin tai liitetiedostojen samankaltaisuudet internetiss\u00e4 julkaistuun materiaaliin, kirjoihin sek\u00e4 muihin Turnitinin tietokannasta l\u00f6ytyviin asiakirjoihin. S\u00e4hk\u00f6posti-ilmoitusten muuttaminen ilmoitusasetuksissa Moodle l\u00e4hett\u00e4\u00e4 opettajalle aina s\u00e4hk\u00f6posti-ilmoituksen, kun opiskelija palauttaa opettajan kurssilla olevaan aktiviteettiin Turnitin-tarkastettavan ty\u00f6n. Jos et halua n\u00e4it\u00e4 [&hellip;]<\/p>\n","protected":false},"author":74,"featured_media":0,"parent":37,"menu_order":10,"comment_status":"closed","ping_status":"closed","template":"","meta":{"_acf_changed":false,"_relevanssi_hide_post":"","_relevanssi_hide_content":"","_relevanssi_pin_for_all":"","_relevanssi_pin_keywords":"","_relevanssi_unpin_keywords":"","_relevanssi_related_keywords":"","_relevanssi_related_include_ids":"","_relevanssi_related_exclude_ids":"","_relevanssi_related_no_append":"","_relevanssi_related_not_related":"","_relevanssi_related_posts":"","_relevanssi_noindex_reason":"","footnotes":""},"categories":[],"tags":[71,77,83,60,89],"class_list":["post-497","page","type-page","status-publish","hentry","tag-asetukset","tag-ilmoitukset","tag-sahkoposti","tag-tehtavaaktiviteetti","tag-turnitin"],"acf":[],"yoast_head":"<!-- This site is optimized with the Yoast SEO plugin v27.5 - https:\/\/yoast.com\/product\/yoast-seo-wordpress\/ -->\n<title>Turnitin-asetukset - Moodle<\/title>\n<meta name=\"robots\" content=\"index, follow, max-snippet:-1, max-image-preview:large, max-video-preview:-1\" \/>\n<link rel=\"canonical\" href=\"https:\/\/help.jamk.fi\/moodle\/fi\/aktiviteetit-ja-aineistot\/turnitin\/\" \/>\n<meta property=\"og:locale\" content=\"fi_FI\" \/>\n<meta property=\"og:type\" content=\"article\" \/>\n<meta property=\"og:title\" content=\"Turnitin-asetukset - Moodle\" \/>\n<meta property=\"og:description\" content=\"Kun lis\u00e4\u00e4t Moodleen uuden Teht\u00e4v\u00e4- tai Keskustelualue-aktiviteetin, voit aktivoida asetuksista Turnitin Similarity -ty\u00f6kalun tarkistamaan opiskelijoiden palauttamien tiedostojen tai keskustelualueelle kirjoitetun tekstin tai liitetiedostojen samankaltaisuudet internetiss\u00e4 julkaistuun materiaaliin, kirjoihin sek\u00e4 muihin Turnitinin tietokannasta l\u00f6ytyviin asiakirjoihin. S\u00e4hk\u00f6posti-ilmoitusten muuttaminen ilmoitusasetuksissa Moodle l\u00e4hett\u00e4\u00e4 opettajalle aina s\u00e4hk\u00f6posti-ilmoituksen, kun opiskelija palauttaa opettajan kurssilla olevaan aktiviteettiin Turnitin-tarkastettavan ty\u00f6n. Jos et halua n\u00e4it\u00e4 [&hellip;]\" \/>\n<meta property=\"og:url\" content=\"https:\/\/help.jamk.fi\/moodle\/fi\/aktiviteetit-ja-aineistot\/turnitin\/\" \/>\n<meta property=\"og:site_name\" content=\"Moodle\" \/>\n<meta property=\"article:modified_time\" content=\"2024-03-21T15:38:51+00:00\" \/>\n<meta property=\"og:image\" content=\"https:\/\/help.jamk.fi\/moodle\/wp-content\/uploads\/sites\/105\/2024\/01\/tehtava_turnitin_asetukset.png\" \/>\n<meta name=\"twitter:card\" content=\"summary_large_image\" \/>\n<meta name=\"twitter:label1\" content=\"Arvioitu lukuaika\" \/>\n\t<meta name=\"twitter:data1\" content=\"2 minuuttia\" \/>\n<script type=\"application\/ld+json\" class=\"yoast-schema-graph\">{\"@context\":\"https:\\\/\\\/schema.org\",\"@graph\":[{\"@type\":\"WebPage\",\"@id\":\"https:\\\/\\\/help.jamk.fi\\\/moodle\\\/fi\\\/aktiviteetit-ja-aineistot\\\/turnitin\\\/\",\"url\":\"https:\\\/\\\/help.jamk.fi\\\/moodle\\\/fi\\\/aktiviteetit-ja-aineistot\\\/turnitin\\\/\",\"name\":\"Turnitin-asetukset - Moodle\",\"isPartOf\":{\"@id\":\"https:\\\/\\\/help.jamk.fi\\\/moodle\\\/#website\"},\"primaryImageOfPage\":{\"@id\":\"https:\\\/\\\/help.jamk.fi\\\/moodle\\\/fi\\\/aktiviteetit-ja-aineistot\\\/turnitin\\\/#primaryimage\"},\"image\":{\"@id\":\"https:\\\/\\\/help.jamk.fi\\\/moodle\\\/fi\\\/aktiviteetit-ja-aineistot\\\/turnitin\\\/#primaryimage\"},\"thumbnailUrl\":\"https:\\\/\\\/help.jamk.fi\\\/moodle\\\/wp-content\\\/uploads\\\/sites\\\/105\\\/2024\\\/01\\\/tehtava_turnitin_asetukset.png\",\"datePublished\":\"2021-01-20T09:03:57+00:00\",\"dateModified\":\"2024-03-21T15:38:51+00:00\",\"breadcrumb\":{\"@id\":\"https:\\\/\\\/help.jamk.fi\\\/moodle\\\/fi\\\/aktiviteetit-ja-aineistot\\\/turnitin\\\/#breadcrumb\"},\"inLanguage\":\"fi\",\"potentialAction\":[{\"@type\":\"ReadAction\",\"target\":[\"https:\\\/\\\/help.jamk.fi\\\/moodle\\\/fi\\\/aktiviteetit-ja-aineistot\\\/turnitin\\\/\"]}]},{\"@type\":\"ImageObject\",\"inLanguage\":\"fi\",\"@id\":\"https:\\\/\\\/help.jamk.fi\\\/moodle\\\/fi\\\/aktiviteetit-ja-aineistot\\\/turnitin\\\/#primaryimage\",\"url\":\"https:\\\/\\\/help.jamk.fi\\\/moodle\\\/wp-content\\\/uploads\\\/sites\\\/105\\\/2024\\\/01\\\/tehtava_turnitin_asetukset.png\",\"contentUrl\":\"https:\\\/\\\/help.jamk.fi\\\/moodle\\\/wp-content\\\/uploads\\\/sites\\\/105\\\/2024\\\/01\\\/tehtava_turnitin_asetukset.png\",\"width\":850,\"height\":434},{\"@type\":\"BreadcrumbList\",\"@id\":\"https:\\\/\\\/help.jamk.fi\\\/moodle\\\/fi\\\/aktiviteetit-ja-aineistot\\\/turnitin\\\/#breadcrumb\",\"itemListElement\":[{\"@type\":\"ListItem\",\"position\":1,\"name\":\"Etusivu\",\"item\":\"https:\\\/\\\/help.jamk.fi\\\/moodle\\\/fi\\\/\"},{\"@type\":\"ListItem\",\"position\":2,\"name\":\"Aktiviteetit ja aineistot\",\"item\":\"https:\\\/\\\/help.jamk.fi\\\/moodle\\\/fi\\\/aktiviteetit-ja-aineistot\\\/\"},{\"@type\":\"ListItem\",\"position\":3,\"name\":\"Turnitin-asetukset\"}]},{\"@type\":\"WebSite\",\"@id\":\"https:\\\/\\\/help.jamk.fi\\\/moodle\\\/#website\",\"url\":\"https:\\\/\\\/help.jamk.fi\\\/moodle\\\/\",\"name\":\"Moodle\",\"description\":\"\",\"potentialAction\":[{\"@type\":\"SearchAction\",\"target\":{\"@type\":\"EntryPoint\",\"urlTemplate\":\"https:\\\/\\\/help.jamk.fi\\\/moodle\\\/?s={search_term_string}\"},\"query-input\":{\"@type\":\"PropertyValueSpecification\",\"valueRequired\":true,\"valueName\":\"search_term_string\"}}],\"inLanguage\":\"fi\"}]}<\/script>\n<!-- \/ Yoast SEO plugin. -->","yoast_head_json":{"title":"Turnitin-asetukset - Moodle","robots":{"index":"index","follow":"follow","max-snippet":"max-snippet:-1","max-image-preview":"max-image-preview:large","max-video-preview":"max-video-preview:-1"},"canonical":"https:\/\/help.jamk.fi\/moodle\/fi\/aktiviteetit-ja-aineistot\/turnitin\/","og_locale":"fi_FI","og_type":"article","og_title":"Turnitin-asetukset - Moodle","og_description":"Kun lis\u00e4\u00e4t Moodleen uuden Teht\u00e4v\u00e4- tai Keskustelualue-aktiviteetin, voit aktivoida asetuksista Turnitin Similarity -ty\u00f6kalun tarkistamaan opiskelijoiden palauttamien tiedostojen tai keskustelualueelle kirjoitetun tekstin tai liitetiedostojen samankaltaisuudet internetiss\u00e4 julkaistuun materiaaliin, kirjoihin sek\u00e4 muihin Turnitinin tietokannasta l\u00f6ytyviin asiakirjoihin. S\u00e4hk\u00f6posti-ilmoitusten muuttaminen ilmoitusasetuksissa Moodle l\u00e4hett\u00e4\u00e4 opettajalle aina s\u00e4hk\u00f6posti-ilmoituksen, kun opiskelija palauttaa opettajan kurssilla olevaan aktiviteettiin Turnitin-tarkastettavan ty\u00f6n. Jos et halua n\u00e4it\u00e4 [&hellip;]","og_url":"https:\/\/help.jamk.fi\/moodle\/fi\/aktiviteetit-ja-aineistot\/turnitin\/","og_site_name":"Moodle","article_modified_time":"2024-03-21T15:38:51+00:00","og_image":[{"url":"https:\/\/help.jamk.fi\/moodle\/wp-content\/uploads\/sites\/105\/2024\/01\/tehtava_turnitin_asetukset.png","type":"","width":"","height":""}],"twitter_card":"summary_large_image","twitter_misc":{"Arvioitu lukuaika":"2 minuuttia"},"schema":{"@context":"https:\/\/schema.org","@graph":[{"@type":"WebPage","@id":"https:\/\/help.jamk.fi\/moodle\/fi\/aktiviteetit-ja-aineistot\/turnitin\/","url":"https:\/\/help.jamk.fi\/moodle\/fi\/aktiviteetit-ja-aineistot\/turnitin\/","name":"Turnitin-asetukset - Moodle","isPartOf":{"@id":"https:\/\/help.jamk.fi\/moodle\/#website"},"primaryImageOfPage":{"@id":"https:\/\/help.jamk.fi\/moodle\/fi\/aktiviteetit-ja-aineistot\/turnitin\/#primaryimage"},"image":{"@id":"https:\/\/help.jamk.fi\/moodle\/fi\/aktiviteetit-ja-aineistot\/turnitin\/#primaryimage"},"thumbnailUrl":"https:\/\/help.jamk.fi\/moodle\/wp-content\/uploads\/sites\/105\/2024\/01\/tehtava_turnitin_asetukset.png","datePublished":"2021-01-20T09:03:57+00:00","dateModified":"2024-03-21T15:38:51+00:00","breadcrumb":{"@id":"https:\/\/help.jamk.fi\/moodle\/fi\/aktiviteetit-ja-aineistot\/turnitin\/#breadcrumb"},"inLanguage":"fi","potentialAction":[{"@type":"ReadAction","target":["https:\/\/help.jamk.fi\/moodle\/fi\/aktiviteetit-ja-aineistot\/turnitin\/"]}]},{"@type":"ImageObject","inLanguage":"fi","@id":"https:\/\/help.jamk.fi\/moodle\/fi\/aktiviteetit-ja-aineistot\/turnitin\/#primaryimage","url":"https:\/\/help.jamk.fi\/moodle\/wp-content\/uploads\/sites\/105\/2024\/01\/tehtava_turnitin_asetukset.png","contentUrl":"https:\/\/help.jamk.fi\/moodle\/wp-content\/uploads\/sites\/105\/2024\/01\/tehtava_turnitin_asetukset.png","width":850,"height":434},{"@type":"BreadcrumbList","@id":"https:\/\/help.jamk.fi\/moodle\/fi\/aktiviteetit-ja-aineistot\/turnitin\/#breadcrumb","itemListElement":[{"@type":"ListItem","position":1,"name":"Etusivu","item":"https:\/\/help.jamk.fi\/moodle\/fi\/"},{"@type":"ListItem","position":2,"name":"Aktiviteetit ja aineistot","item":"https:\/\/help.jamk.fi\/moodle\/fi\/aktiviteetit-ja-aineistot\/"},{"@type":"ListItem","position":3,"name":"Turnitin-asetukset"}]},{"@type":"WebSite","@id":"https:\/\/help.jamk.fi\/moodle\/#website","url":"https:\/\/help.jamk.fi\/moodle\/","name":"Moodle","description":"","potentialAction":[{"@type":"SearchAction","target":{"@type":"EntryPoint","urlTemplate":"https:\/\/help.jamk.fi\/moodle\/?s={search_term_string}"},"query-input":{"@type":"PropertyValueSpecification","valueRequired":true,"valueName":"search_term_string"}}],"inLanguage":"fi"}]}},"_links":{"self":[{"href":"https:\/\/help.jamk.fi\/moodle\/wp-json\/wp\/v2\/pages\/497","targetHints":{"allow":["GET"]}}],"collection":[{"href":"https:\/\/help.jamk.fi\/moodle\/wp-json\/wp\/v2\/pages"}],"about":[{"href":"https:\/\/help.jamk.fi\/moodle\/wp-json\/wp\/v2\/types\/page"}],"author":[{"embeddable":true,"href":"https:\/\/help.jamk.fi\/moodle\/wp-json\/wp\/v2\/users\/74"}],"replies":[{"embeddable":true,"href":"https:\/\/help.jamk.fi\/moodle\/wp-json\/wp\/v2\/comments?post=497"}],"version-history":[{"count":9,"href":"https:\/\/help.jamk.fi\/moodle\/wp-json\/wp\/v2\/pages\/497\/revisions"}],"predecessor-version":[{"id":4766,"href":"https:\/\/help.jamk.fi\/moodle\/wp-json\/wp\/v2\/pages\/497\/revisions\/4766"}],"up":[{"embeddable":true,"href":"https:\/\/help.jamk.fi\/moodle\/wp-json\/wp\/v2\/pages\/37"}],"wp:attachment":[{"href":"https:\/\/help.jamk.fi\/moodle\/wp-json\/wp\/v2\/media?parent=497"}],"wp:term":[{"taxonomy":"category","embeddable":true,"href":"https:\/\/help.jamk.fi\/moodle\/wp-json\/wp\/v2\/categories?post=497"},{"taxonomy":"post_tag","embeddable":true,"href":"https:\/\/help.jamk.fi\/moodle\/wp-json\/wp\/v2\/tags?post=497"}],"curies":[{"name":"wp","href":"https:\/\/api.w.org\/{rel}","templated":true}]}}