{"id":518,"date":"2021-04-13T09:35:18","date_gmt":"2021-04-13T06:35:18","guid":{"rendered":"https:\/\/help.jamk.fi\/moodle\/vinkit\/"},"modified":"2024-08-05T14:03:32","modified_gmt":"2024-08-05T11:03:32","slug":"vinkit","status":"publish","type":"page","link":"https:\/\/help.jamk.fi\/moodle\/fi\/uudelle-kayttajalle\/vinkit\/","title":{"rendered":"Moodle-vinkkej\u00e4 opettajalle"},"content":{"rendered":"\n<p><\/p>\n\n\n\n<div id=\"accordion-block_97e881de2a33f775250cbf2502e52d20\" class=\"accordion block-accordion\">\n  <div class=\"block-accordion__element-header\">\n      <\/div>\n  <div class=\"block-accordion__accordions\">\n                  <div class=\"accordion-item\">\n          <h2 class=\"h6 accordion-title\">\n            <button id=\"accordion-header-1\" class=\"accordion-header\" aria-expanded=\"false\" aria-controls=\"accordion-panel-1\">\n              Korosta uudet viestit kurssialueella              <div class='plus-icon' itemprop='logo'><svg aria-hidden=\"true\" viewBox=\"0 0 16 16\" fill=\"none\" xmlns=\"http:\/\/www.w3.org\/2000\/svg\"><path d=\"M8.92 7.1V.06H7.2V7.1H.12v1.72H7.2v7.12h1.72V8.82H16V7.1H8.92z\" fill=\"#0D004C\"\/><\/svg><\/div>              <div class='minus-icon' itemprop='logo'><svg aria-hidden=\"true\" viewBox=\"0 0 14 2\" fill=\"none\" xmlns=\"http:\/\/www.w3.org\/2000\/svg\"><path d=\"M14 1.88H.88V.12H14v1.76z\" fill=\"#fff\"\/><\/svg><\/div>            <\/button>\n          <\/h2>\n          <div class=\"accordion-section-wrapper\">\n            <section id=\"accordion-panel-1\" class=\"accordion-panel\" aria-labelledby=\"accordion-header-1\">\n              <div class=\"wp-block-group\">\n<div class=\"wp-block-group__inner-container is-layout-flow\">\n<div class=\"wp-block-group\">\n<div class=\"wp-block-group__inner-container is-layout-flow\">\n<p id=\"korostauudetviestitkurssialueella\">S\u00e4\u00e4st\u00e4 aikaa ja klikkauksia Moodlessa korostamalla uudet viestit kurssialueella.<\/p>\n<\/div>\n<\/div>\n<\/div>\n<\/div>\n<ol>\n<li>Klikkaa omaa profiilikuvaasi ja valitse\u00a0<strong>Asetukset<\/strong>.<\/li>\n<li>Valitse\u00a0<strong>Keskustelualueiden asetukset<\/strong>.<\/li>\n<li>Vaihda asetus\u00a0<strong>Keskustelualueen seuranta\u00a0<\/strong>muotoon\u00a0<strong>Kyll\u00e4: korosta uudet viestit kurssialueella<\/strong>\u00a0ja tallenna muutokset.<\/li>\n<\/ol>\n<p>Nyt n\u00e4et kaikilla Moodle-kursseillasi keskustelualue-aktiviteettien yhteydess\u00e4, kuinka monta uutta viesti\u00e4 keskustelualueelle on tullut edellisen k\u00e4yntisi j\u00e4lkeen.<\/p>\n            <\/section>\n          <\/div>\n        <\/div>\n              <div class=\"accordion-item\">\n          <h2 class=\"h6 accordion-title\">\n            <button id=\"accordion-header-2\" class=\"accordion-header\" aria-expanded=\"false\" aria-controls=\"accordion-panel-2\">\n              Keskustelualueen arviointi              <div class='plus-icon' itemprop='logo'><svg aria-hidden=\"true\" viewBox=\"0 0 16 16\" fill=\"none\" xmlns=\"http:\/\/www.w3.org\/2000\/svg\"><path d=\"M8.92 7.1V.06H7.2V7.1H.12v1.72H7.2v7.12h1.72V8.82H16V7.1H8.92z\" fill=\"#0D004C\"\/><\/svg><\/div>              <div class='minus-icon' itemprop='logo'><svg aria-hidden=\"true\" viewBox=\"0 0 14 2\" fill=\"none\" xmlns=\"http:\/\/www.w3.org\/2000\/svg\"><path d=\"M14 1.88H.88V.12H14v1.76z\" fill=\"#fff\"\/><\/svg><\/div>            <\/button>\n          <\/h2>\n          <div class=\"accordion-section-wrapper\">\n            <section id=\"accordion-panel-2\" class=\"accordion-panel\" aria-labelledby=\"accordion-header-2\">\n              <p>Keskustelualueella voi valita asetuksista joko Koko keskustelualueen arvioinnin tai Arvioinnit.<\/p>\n<p>Kun keskustelualueella on k\u00e4yt\u00f6ss\u00e4 <strong>Koko keskustelualueen arviointi:<\/strong><\/p>\n<ol>\n<li>Opettaja voi tarkastella yksitt\u00e4isen opiskelijan kaikkia keskustelualueelle kirjoittamia viestej\u00e4 yhdess\u00e4 n\u00e4kym\u00e4ss\u00e4 ja antaa arvosanan.<\/li>\n<li>Palautetta ei voi kirjoittaa tuossa n\u00e4kym\u00e4ss\u00e4 vaan t\u00e4ytyy menn\u00e4 arviointikirjaan kirjoittamaan palautteet.<\/li>\n<li>Opettaja voi kirjoittaa palautetta keskustelualueelle vaihtoehdon Vastaa yksityisesti kautta. (Rasti ruutuun viestikent\u00e4n alapuolella.) Yksityinen viesti keskustelualueella n\u00e4kyy vain kyseiselle opiskelijalle.<\/li>\n<\/ol>\n<p>Kun keskustelualueella on k\u00e4yt\u00f6ss\u00e4 <strong>Arviointi<\/strong>:<\/p>\n<ol id=\"yui_3_17_2_1_1700820165350_570\">\n<li>Opettaja voi arvioida jokaisen keskustelualueelle kirjoitetun viestin erikseen valitsemalla pudotusvalikosta pistem\u00e4\u00e4r\u00e4n tai arvosanan.<\/li>\n<li id=\"yui_3_17_2_1_1700820165350_569\">Opettaja voi valita, lasketaanko annetuista pisteist\u00e4\/arvosanoista esimerkiksi keskiarvo tai summa.<\/li>\n<li>Opettaja voi kirjoittaa palautetta keskustelualueelle. Opettaja voi valita vaihtoehdon Vastaa yksityisesti.<\/li>\n<\/ol>\n            <\/section>\n          <\/div>\n        <\/div>\n              <div class=\"accordion-item\">\n          <h2 class=\"h6 accordion-title\">\n            <button id=\"accordion-header-3\" class=\"accordion-header\" aria-expanded=\"false\" aria-controls=\"accordion-panel-3\">\n              Opiskelijan t\u00e4ytyy uusia tentti, suorittaa tentti eri aikaan kuin muut kurssilaiset tai opiskelija tarvitsee tenttiin pidemm\u00e4n suoritusajan              <div class='plus-icon' itemprop='logo'><svg aria-hidden=\"true\" viewBox=\"0 0 16 16\" fill=\"none\" xmlns=\"http:\/\/www.w3.org\/2000\/svg\"><path d=\"M8.92 7.1V.06H7.2V7.1H.12v1.72H7.2v7.12h1.72V8.82H16V7.1H8.92z\" fill=\"#0D004C\"\/><\/svg><\/div>              <div class='minus-icon' itemprop='logo'><svg aria-hidden=\"true\" viewBox=\"0 0 14 2\" fill=\"none\" xmlns=\"http:\/\/www.w3.org\/2000\/svg\"><path d=\"M14 1.88H.88V.12H14v1.76z\" fill=\"#fff\"\/><\/svg><\/div>            <\/button>\n          <\/h2>\n          <div class=\"accordion-section-wrapper\">\n            <section id=\"accordion-panel-3\" class=\"accordion-panel\" aria-labelledby=\"accordion-header-3\">\n              <p>Alkuper\u00e4ist\u00e4 tentti\u00e4 ei tarvitse kopioida ja kurssille ei tarvitse lis\u00e4t\u00e4 uutta tentti\u00e4 vaan hy\u00f6dynnet\u00e4\u00e4n alkuper\u00e4isess\u00e4 tentiss\u00e4\u00a0<strong>Osallistujien poikkeusp\u00e4\u00e4sy<\/strong>\u00a0-ominaisuutta.<\/p>\n<ol type=\"1\">\n<li>Klikkaa tenttiaktiviteetin nime\u00e4, klikkaa navigaatiosta <strong>Lis\u00e4\u00e4<\/strong> ja valitse <strong>Poikkeukset<\/strong>.<\/li>\n<li>Klikkaa\u00a0<strong>Lis\u00e4\u00e4 osallistujille poikkeusp\u00e4\u00e4sy tenttiin<\/strong>.<\/li>\n<li>Valitse yksitt\u00e4inen opiskelija ja m\u00e4\u00e4rittele, milloin h\u00e4nen tenttiaikansa alkaa ja p\u00e4\u00e4ttyy, mik\u00e4 on tentin suoritusaika ja montako suorituskertaa sallitaan. Jos tentiss\u00e4 on alunperin esimerkiksi yksi suorituskerta ja opiskelija on jo k\u00e4ytt\u00e4nyt sen, valitse\u00a0<strong>Montako suorituskertaa sallitaan?<\/strong>\u00a0-kentt\u00e4\u00e4n 2. Jos opiskelija ei ole viel\u00e4 suorittanut tentti\u00e4 lainkaan, voi kent\u00e4ss\u00e4 olla numero 1.<\/li>\n<li>Klikkaa\u00a0<strong>Tallenna<\/strong>\u00a0ja opiskelija, jolle on my\u00f6nnetty poikkeusp\u00e4\u00e4sy, p\u00e4\u00e4see tekem\u00e4\u00e4n tentin, vaikka se olisi esimerkiksi suljettuna muille opiskelijoille.<\/li>\n<li>Jos poikkeusp\u00e4\u00e4sy t\u00e4ytyy lis\u00e4t\u00e4 useammalle opiskelijalle, klikkaa\u00a0<strong>Tallenna ja lis\u00e4\u00e4 toinen poikkeus<\/strong>.<\/li>\n<li>Voit my\u00f6s tehd\u00e4 erillisen ryhm\u00e4n esimerkiksi tentti\u00e4 uusivista opiskelijoista ja lis\u00e4t\u00e4 poikkeusp\u00e4\u00e4syn koko tuolle ryhm\u00e4lle. N\u00e4in sinun ei tarvitse lis\u00e4t\u00e4 jokaista yksitt\u00e4ist\u00e4 opiskelijaa yksi kerrallaan. Huomioi, ett\u00e4 ryhm\u00e4tieto n\u00e4kyy esim. osallistujalistalla muille opiskelijoille, joten yksityisyyden suojan kannalta ryhm\u00e4 kannattaa nimet\u00e4 huolella.<\/li>\n<\/ol>\n            <\/section>\n          <\/div>\n        <\/div>\n              <div class=\"accordion-item\">\n          <h2 class=\"h6 accordion-title\">\n            <button id=\"accordion-header-4\" class=\"accordion-header\" aria-expanded=\"false\" aria-controls=\"accordion-panel-4\">\n              Uuden tenttisuorituksen perustuminen edelliseen              <div class='plus-icon' itemprop='logo'><svg aria-hidden=\"true\" viewBox=\"0 0 16 16\" fill=\"none\" xmlns=\"http:\/\/www.w3.org\/2000\/svg\"><path d=\"M8.92 7.1V.06H7.2V7.1H.12v1.72H7.2v7.12h1.72V8.82H16V7.1H8.92z\" fill=\"#0D004C\"\/><\/svg><\/div>              <div class='minus-icon' itemprop='logo'><svg aria-hidden=\"true\" viewBox=\"0 0 14 2\" fill=\"none\" xmlns=\"http:\/\/www.w3.org\/2000\/svg\"><path d=\"M14 1.88H.88V.12H14v1.76z\" fill=\"#fff\"\/><\/svg><\/div>            <\/button>\n          <\/h2>\n          <div class=\"accordion-section-wrapper\">\n            <section id=\"accordion-panel-4\" class=\"accordion-panel\" aria-labelledby=\"accordion-header-4\">\n              <p><strong>Opiskelijalle voi halutessaan antaa mahdollisuuden tenttivastausten t\u00e4ydent\u00e4miseen, t\u00e4ll\u00f6in kyseess\u00e4 on useita suorituskertoja mahdollistava tentti :<\/strong><\/p>\n<ol>\n<li>Valitse Tentti-aktiviteetin <strong>Muokkaa asetuksia.<\/strong><\/li>\n<li>Avaa kohta\u00a0<strong>Kysymysten toiminta.<\/strong><\/li>\n<li>Klikkaa linkki\u00e4\u00a0<strong>N\u00e4yt\u00e4 enemm\u00e4n\u2026<\/strong><\/li>\n<li>Valitse Perustuuko uusi suorituskerta edelliselle? -kohtaan\u00a0<strong>Kyll\u00e4<\/strong>.<\/li>\n<\/ol>\n            <\/section>\n          <\/div>\n        <\/div>\n              <div class=\"accordion-item\">\n          <h2 class=\"h6 accordion-title\">\n            <button id=\"accordion-header-5\" class=\"accordion-header\" aria-expanded=\"false\" aria-controls=\"accordion-panel-5\">\n              Vierit\u00e4 Moodle-n\u00e4kym\u00e4\u00e4 vaakasuunnassa              <div class='plus-icon' itemprop='logo'><svg aria-hidden=\"true\" viewBox=\"0 0 16 16\" fill=\"none\" xmlns=\"http:\/\/www.w3.org\/2000\/svg\"><path d=\"M8.92 7.1V.06H7.2V7.1H.12v1.72H7.2v7.12h1.72V8.82H16V7.1H8.92z\" fill=\"#0D004C\"\/><\/svg><\/div>              <div class='minus-icon' itemprop='logo'><svg aria-hidden=\"true\" viewBox=\"0 0 14 2\" fill=\"none\" xmlns=\"http:\/\/www.w3.org\/2000\/svg\"><path d=\"M14 1.88H.88V.12H14v1.76z\" fill=\"#fff\"\/><\/svg><\/div>            <\/button>\n          <\/h2>\n          <div class=\"accordion-section-wrapper\">\n            <section id=\"accordion-panel-5\" class=\"accordion-panel\" aria-labelledby=\"accordion-header-5\">\n              <p>Voit vieritt\u00e4\u00e4 n\u00e4kym\u00e4\u00e4 Moodlessa vaakasuunnassa: Shift + hiiren py\u00f6ritysrulla.<\/p>\n            <\/section>\n          <\/div>\n        <\/div>\n              <div class=\"accordion-item\">\n          <h2 class=\"h6 accordion-title\">\n            <button id=\"accordion-header-6\" class=\"accordion-header\" aria-expanded=\"false\" aria-controls=\"accordion-panel-6\">\n              Opettaja voi merkit\u00e4 k\u00e4sin opiskelijan suorituksen tehdyksi              <div class='plus-icon' itemprop='logo'><svg aria-hidden=\"true\" viewBox=\"0 0 16 16\" fill=\"none\" xmlns=\"http:\/\/www.w3.org\/2000\/svg\"><path d=\"M8.92 7.1V.06H7.2V7.1H.12v1.72H7.2v7.12h1.72V8.82H16V7.1H8.92z\" fill=\"#0D004C\"\/><\/svg><\/div>              <div class='minus-icon' itemprop='logo'><svg aria-hidden=\"true\" viewBox=\"0 0 14 2\" fill=\"none\" xmlns=\"http:\/\/www.w3.org\/2000\/svg\"><path d=\"M14 1.88H.88V.12H14v1.76z\" fill=\"#fff\"\/><\/svg><\/div>            <\/button>\n          <\/h2>\n          <div class=\"accordion-section-wrapper\">\n            <section id=\"accordion-panel-6\" class=\"accordion-panel\" aria-labelledby=\"accordion-header-6\">\n              <p>Oletko ollut tilanteessa, ett\u00e4 sinulla on tarve merkit\u00e4 opiskelijan edistymisen seurannassa oleva aktiviteetti suoritetuksi? Se onnistuu n\u00e4in:<\/p>\n<ol>\n<li>Mene kyseiselle kurssille<\/li>\n<li>Klikkaa kurssin nimen alapuolella Raportit.<\/li>\n<li>Valitse avautuvalta sivulta\u00a0<strong>Aktiviteettien suoritus<\/strong>\u00a0ja voit klikata opiskelijalle suorituksen tehdyksi.<\/li>\n<\/ol>\n            <\/section>\n          <\/div>\n        <\/div>\n              <div class=\"accordion-item\">\n          <h2 class=\"h6 accordion-title\">\n            <button id=\"accordion-header-7\" class=\"accordion-header\" aria-expanded=\"false\" aria-controls=\"accordion-panel-7\">\n              Numeerinen kysymys -kysymystyypin k\u00e4ytt\u00e4minen Tentti-aktiviteetissa vaatii Moodlen k\u00e4ytt\u00f6kielen huomioimista              <div class='plus-icon' itemprop='logo'><svg aria-hidden=\"true\" viewBox=\"0 0 16 16\" fill=\"none\" xmlns=\"http:\/\/www.w3.org\/2000\/svg\"><path d=\"M8.92 7.1V.06H7.2V7.1H.12v1.72H7.2v7.12h1.72V8.82H16V7.1H8.92z\" fill=\"#0D004C\"\/><\/svg><\/div>              <div class='minus-icon' itemprop='logo'><svg aria-hidden=\"true\" viewBox=\"0 0 14 2\" fill=\"none\" xmlns=\"http:\/\/www.w3.org\/2000\/svg\"><path d=\"M14 1.88H.88V.12H14v1.76z\" fill=\"#fff\"\/><\/svg><\/div>            <\/button>\n          <\/h2>\n          <div class=\"accordion-section-wrapper\">\n            <section id=\"accordion-panel-7\" class=\"accordion-panel\" aria-labelledby=\"accordion-header-7\">\n              <p>Jos opiskelijan k\u00e4ytt\u00f6kielen\u00e4 on Moodlessa englanti, Moodle ei hyv\u00e4ksy Tentti-aktiviteetissa numeerisen kysymyksen vastauksessa pilkkua desimaalierottimeksi ja vastaus merkit\u00e4\u00e4n automaattisesti v\u00e4\u00e4r\u00e4ksi. Jos k\u00e4ytt\u00f6kielen\u00e4 on suomi, pilkun sis\u00e4lt\u00e4v\u00e4 vastaus merkit\u00e4\u00e4n oikeaksi.<\/p>\n<p>Voit valita tentin asetuksista kohdasta Rajoita p\u00e4\u00e4sy, ett\u00e4 opiskelija ei p\u00e4\u00e4se suorittamaan tentti\u00e4, jos h\u00e4nen k\u00e4ytt\u00f6kielens\u00e4 ei ole Moodlessa suomi.<\/p>\n<ol>\n<li>Valitse Tentti-aktiviteetin asetuksista kohta Rajoita p\u00e4\u00e4sy. Klikkaa <strong>Lis\u00e4\u00e4 rajoitus<\/strong>\u00a0ja valitse rajoitusvaihtoehdoksi\u00a0<strong>Kieli<\/strong>. Valitse pudotusvalikosta kieli, jolla opiskelijan tulee k\u00e4ytt\u00e4\u00e4 Moodlea.<\/li>\n<li>Voit my\u00f6s valita silm\u00e4kuvaketta klikkaamalla, n\u00e4keek\u00f6 opiskelija Tentti-aktiviteettia lainkaan vai n\u00e4keek\u00f6 h\u00e4n aktiviteetin harmaana ja tiedon, ett\u00e4 p\u00e4\u00e4sy on rajoitettu, jos k\u00e4ytt\u00f6kieli ei ole suomi.<\/li>\n<\/ol>\n            <\/section>\n          <\/div>\n        <\/div>\n            <\/div>\n<\/div>","protected":false},"excerpt":{"rendered":"","protected":false},"author":74,"featured_media":0,"parent":166,"menu_order":10,"comment_status":"closed","ping_status":"closed","template":"","meta":{"_acf_changed":false,"_relevanssi_hide_post":"","_relevanssi_hide_content":"","_relevanssi_pin_for_all":"","_relevanssi_pin_keywords":"","_relevanssi_unpin_keywords":"","_relevanssi_related_keywords":"","_relevanssi_related_include_ids":"","_relevanssi_related_exclude_ids":"","_relevanssi_related_no_append":"","_relevanssi_related_not_related":"","_relevanssi_related_posts":"","_relevanssi_noindex_reason":"","footnotes":""},"categories":[],"tags":[],"class_list":["post-518","page","type-page","status-publish","hentry"],"acf":[],"yoast_head":"<!-- This site is optimized with the Yoast SEO plugin v27.3 - https:\/\/yoast.com\/product\/yoast-seo-wordpress\/ -->\n<title>Moodle-vinkkej\u00e4 opettajalle - Moodle<\/title>\n<meta name=\"robots\" content=\"index, follow, max-snippet:-1, max-image-preview:large, max-video-preview:-1\" \/>\n<link rel=\"canonical\" href=\"https:\/\/help.jamk.fi\/moodle\/fi\/uudelle-kayttajalle\/vinkit\/\" \/>\n<meta property=\"og:locale\" content=\"fi_FI\" \/>\n<meta property=\"og:type\" content=\"article\" \/>\n<meta property=\"og:title\" content=\"Moodle-vinkkej\u00e4 opettajalle - Moodle\" \/>\n<meta property=\"og:url\" content=\"https:\/\/help.jamk.fi\/moodle\/fi\/uudelle-kayttajalle\/vinkit\/\" \/>\n<meta property=\"og:site_name\" content=\"Moodle\" \/>\n<meta property=\"article:modified_time\" content=\"2024-08-05T11:03:32+00:00\" \/>\n<meta name=\"twitter:card\" content=\"summary_large_image\" \/>\n<script type=\"application\/ld+json\" class=\"yoast-schema-graph\">{\"@context\":\"https:\\\/\\\/schema.org\",\"@graph\":[{\"@type\":\"WebPage\",\"@id\":\"https:\\\/\\\/help.jamk.fi\\\/moodle\\\/fi\\\/uudelle-kayttajalle\\\/vinkit\\\/\",\"url\":\"https:\\\/\\\/help.jamk.fi\\\/moodle\\\/fi\\\/uudelle-kayttajalle\\\/vinkit\\\/\",\"name\":\"Moodle-vinkkej\u00e4 opettajalle - Moodle\",\"isPartOf\":{\"@id\":\"https:\\\/\\\/help.jamk.fi\\\/moodle\\\/#website\"},\"datePublished\":\"2021-04-13T06:35:18+00:00\",\"dateModified\":\"2024-08-05T11:03:32+00:00\",\"breadcrumb\":{\"@id\":\"https:\\\/\\\/help.jamk.fi\\\/moodle\\\/fi\\\/uudelle-kayttajalle\\\/vinkit\\\/#breadcrumb\"},\"inLanguage\":\"fi\",\"potentialAction\":[{\"@type\":\"ReadAction\",\"target\":[\"https:\\\/\\\/help.jamk.fi\\\/moodle\\\/fi\\\/uudelle-kayttajalle\\\/vinkit\\\/\"]}]},{\"@type\":\"BreadcrumbList\",\"@id\":\"https:\\\/\\\/help.jamk.fi\\\/moodle\\\/fi\\\/uudelle-kayttajalle\\\/vinkit\\\/#breadcrumb\",\"itemListElement\":[{\"@type\":\"ListItem\",\"position\":1,\"name\":\"Etusivu\",\"item\":\"https:\\\/\\\/help.jamk.fi\\\/moodle\\\/fi\\\/\"},{\"@type\":\"ListItem\",\"position\":2,\"name\":\"Uudelle k\u00e4ytt\u00e4j\u00e4lle\",\"item\":\"https:\\\/\\\/help.jamk.fi\\\/moodle\\\/fi\\\/uudelle-kayttajalle\\\/\"},{\"@type\":\"ListItem\",\"position\":3,\"name\":\"Moodle-vinkkej\u00e4 opettajalle\"}]},{\"@type\":\"WebSite\",\"@id\":\"https:\\\/\\\/help.jamk.fi\\\/moodle\\\/#website\",\"url\":\"https:\\\/\\\/help.jamk.fi\\\/moodle\\\/\",\"name\":\"Moodle\",\"description\":\"\",\"potentialAction\":[{\"@type\":\"SearchAction\",\"target\":{\"@type\":\"EntryPoint\",\"urlTemplate\":\"https:\\\/\\\/help.jamk.fi\\\/moodle\\\/?s={search_term_string}\"},\"query-input\":{\"@type\":\"PropertyValueSpecification\",\"valueRequired\":true,\"valueName\":\"search_term_string\"}}],\"inLanguage\":\"fi\"}]}<\/script>\n<!-- \/ Yoast SEO plugin. -->","yoast_head_json":{"title":"Moodle-vinkkej\u00e4 opettajalle - Moodle","robots":{"index":"index","follow":"follow","max-snippet":"max-snippet:-1","max-image-preview":"max-image-preview:large","max-video-preview":"max-video-preview:-1"},"canonical":"https:\/\/help.jamk.fi\/moodle\/fi\/uudelle-kayttajalle\/vinkit\/","og_locale":"fi_FI","og_type":"article","og_title":"Moodle-vinkkej\u00e4 opettajalle - Moodle","og_url":"https:\/\/help.jamk.fi\/moodle\/fi\/uudelle-kayttajalle\/vinkit\/","og_site_name":"Moodle","article_modified_time":"2024-08-05T11:03:32+00:00","twitter_card":"summary_large_image","schema":{"@context":"https:\/\/schema.org","@graph":[{"@type":"WebPage","@id":"https:\/\/help.jamk.fi\/moodle\/fi\/uudelle-kayttajalle\/vinkit\/","url":"https:\/\/help.jamk.fi\/moodle\/fi\/uudelle-kayttajalle\/vinkit\/","name":"Moodle-vinkkej\u00e4 opettajalle - Moodle","isPartOf":{"@id":"https:\/\/help.jamk.fi\/moodle\/#website"},"datePublished":"2021-04-13T06:35:18+00:00","dateModified":"2024-08-05T11:03:32+00:00","breadcrumb":{"@id":"https:\/\/help.jamk.fi\/moodle\/fi\/uudelle-kayttajalle\/vinkit\/#breadcrumb"},"inLanguage":"fi","potentialAction":[{"@type":"ReadAction","target":["https:\/\/help.jamk.fi\/moodle\/fi\/uudelle-kayttajalle\/vinkit\/"]}]},{"@type":"BreadcrumbList","@id":"https:\/\/help.jamk.fi\/moodle\/fi\/uudelle-kayttajalle\/vinkit\/#breadcrumb","itemListElement":[{"@type":"ListItem","position":1,"name":"Etusivu","item":"https:\/\/help.jamk.fi\/moodle\/fi\/"},{"@type":"ListItem","position":2,"name":"Uudelle k\u00e4ytt\u00e4j\u00e4lle","item":"https:\/\/help.jamk.fi\/moodle\/fi\/uudelle-kayttajalle\/"},{"@type":"ListItem","position":3,"name":"Moodle-vinkkej\u00e4 opettajalle"}]},{"@type":"WebSite","@id":"https:\/\/help.jamk.fi\/moodle\/#website","url":"https:\/\/help.jamk.fi\/moodle\/","name":"Moodle","description":"","potentialAction":[{"@type":"SearchAction","target":{"@type":"EntryPoint","urlTemplate":"https:\/\/help.jamk.fi\/moodle\/?s={search_term_string}"},"query-input":{"@type":"PropertyValueSpecification","valueRequired":true,"valueName":"search_term_string"}}],"inLanguage":"fi"}]}},"_links":{"self":[{"href":"https:\/\/help.jamk.fi\/moodle\/wp-json\/wp\/v2\/pages\/518","targetHints":{"allow":["GET"]}}],"collection":[{"href":"https:\/\/help.jamk.fi\/moodle\/wp-json\/wp\/v2\/pages"}],"about":[{"href":"https:\/\/help.jamk.fi\/moodle\/wp-json\/wp\/v2\/types\/page"}],"author":[{"embeddable":true,"href":"https:\/\/help.jamk.fi\/moodle\/wp-json\/wp\/v2\/users\/74"}],"replies":[{"embeddable":true,"href":"https:\/\/help.jamk.fi\/moodle\/wp-json\/wp\/v2\/comments?post=518"}],"version-history":[{"count":31,"href":"https:\/\/help.jamk.fi\/moodle\/wp-json\/wp\/v2\/pages\/518\/revisions"}],"predecessor-version":[{"id":4828,"href":"https:\/\/help.jamk.fi\/moodle\/wp-json\/wp\/v2\/pages\/518\/revisions\/4828"}],"up":[{"embeddable":true,"href":"https:\/\/help.jamk.fi\/moodle\/wp-json\/wp\/v2\/pages\/166"}],"wp:attachment":[{"href":"https:\/\/help.jamk.fi\/moodle\/wp-json\/wp\/v2\/media?parent=518"}],"wp:term":[{"taxonomy":"category","embeddable":true,"href":"https:\/\/help.jamk.fi\/moodle\/wp-json\/wp\/v2\/categories?post=518"},{"taxonomy":"post_tag","embeddable":true,"href":"https:\/\/help.jamk.fi\/moodle\/wp-json\/wp\/v2\/tags?post=518"}],"curies":[{"name":"wp","href":"https:\/\/api.w.org\/{rel}","templated":true}]}}