{"id":533,"date":"2021-04-19T07:28:16","date_gmt":"2021-04-19T04:28:16","guid":{"rendered":"https:\/\/help.jamk.fi\/moodle\/ongelmia\/"},"modified":"2024-08-05T14:04:02","modified_gmt":"2024-08-05T11:04:02","slug":"kysy-me-autamme","status":"publish","type":"page","link":"https:\/\/help.jamk.fi\/moodle\/fi\/uudelle-kayttajalle\/kysy-me-autamme\/","title":{"rendered":"Kysy &#8211; me autamme"},"content":{"rendered":"\n<p>Moodleen liittyviss\u00e4 kysymyksiss\u00e4 kannattaa k\u00e4\u00e4nty\u00e4 ensisijaisesti oman yksik\u00f6n verkkopedagogiikan suunnittelijan puoleen. Teknisiss\u00e4 ongelmissa voi my\u00f6s j\u00e4tt\u00e4\u00e4 <a href=\"https:\/\/help.jamk.fi\/fi\/\">palvelupyynn\u00f6n <\/a>Helpdeskiin. Palvelupyynt\u00f6ihin vastataan mahdollisimman pian.<\/p>\n\n\n\n<p>Opiskelijat ottavat Moodleen liittyviss\u00e4 kysymyksiss\u00e4 ensisijaisesti yhteytt\u00e4 opettajaan, joka ottaa tarvittaessa yhteytt\u00e4 verkkopedagogiikan suunnittelijaan tai Helpdeskiin. <\/p>\n\n\n\n<p>Opiskelijoille on tehty Moodlen k\u00e4yt\u00f6n harjoittelua varten itsen\u00e4isesti suoritettava perehtymispaketti, jonka l\u00f6yt\u00e4\u00e4 Jamkin Moodlesta hakemalla sit\u00e4 kurssin nimell\u00e4 Opiskelijan Moodle-perehdytys.<\/p>\n\n\n\n<p> <\/p>\n\n\n\n<h2 class=\"wp-block-heading\">Moodle-tiedotus<\/h2>\n\n\n\n<p>Ajankohtaisista Moodle-asioista tiedotetaan Helpdeskin uutisissa, Jamkin intran uutisissa, Moodlen kirjautumissivun yl\u00e4bannerissa sek\u00e4 opettajille tarkoitetussa Verkko-opetus (\u00e4t) Jamk -Teams-ryhm\u00e4ss\u00e4. <\/p>\n\n\n\n<p>Jos Moodle ei toimi, tarkista ensin <a href=\"https:\/\/help.jamk.fi\/fi\/\">Jamkin Helpin ajankohtaisista tiedotteista<\/a>, onko Moodlessa vikatilanne tai k\u00e4ytt\u00f6katko. P\u00e4ivityksiin liittyvist\u00e4 k\u00e4ytt\u00f6katkoista tiedotetaan ennakkoon Moodlen kirjautumissivun yl\u00e4bannerissa.<\/p>\n","protected":false},"excerpt":{"rendered":"<p>Moodleen liittyviss\u00e4 kysymyksiss\u00e4 kannattaa k\u00e4\u00e4nty\u00e4 ensisijaisesti oman yksik\u00f6n verkkopedagogiikan suunnittelijan puoleen. Teknisiss\u00e4 ongelmissa voi my\u00f6s j\u00e4tt\u00e4\u00e4 palvelupyynn\u00f6n Helpdeskiin. Palvelupyynt\u00f6ihin vastataan mahdollisimman pian. Opiskelijat ottavat Moodleen liittyviss\u00e4 kysymyksiss\u00e4 ensisijaisesti yhteytt\u00e4 opettajaan, joka ottaa tarvittaessa yhteytt\u00e4 verkkopedagogiikan suunnittelijaan tai Helpdeskiin. Opiskelijoille on tehty Moodlen k\u00e4yt\u00f6n harjoittelua varten itsen\u00e4isesti suoritettava perehtymispaketti, jonka l\u00f6yt\u00e4\u00e4 Jamkin Moodlesta hakemalla sit\u00e4 kurssin [&hellip;]<\/p>\n","protected":false},"author":74,"featured_media":0,"parent":166,"menu_order":0,"comment_status":"closed","ping_status":"closed","template":"","meta":{"_acf_changed":false,"_relevanssi_hide_post":"","_relevanssi_hide_content":"","_relevanssi_pin_for_all":"","_relevanssi_pin_keywords":"","_relevanssi_unpin_keywords":"","_relevanssi_related_keywords":"","_relevanssi_related_include_ids":"","_relevanssi_related_exclude_ids":"","_relevanssi_related_no_append":"","_relevanssi_related_not_related":"","_relevanssi_related_posts":"","_relevanssi_noindex_reason":"","footnotes":""},"categories":[],"tags":[],"class_list":["post-533","page","type-page","status-publish","hentry"],"acf":[],"yoast_head":"<!-- This site is optimized with the Yoast SEO plugin v27.3 - https:\/\/yoast.com\/product\/yoast-seo-wordpress\/ -->\n<title>Kysy - me autamme - Moodle<\/title>\n<meta name=\"robots\" content=\"index, follow, max-snippet:-1, max-image-preview:large, max-video-preview:-1\" \/>\n<link rel=\"canonical\" href=\"https:\/\/help.jamk.fi\/moodle\/fi\/uudelle-kayttajalle\/kysy-me-autamme\/\" \/>\n<meta property=\"og:locale\" content=\"fi_FI\" \/>\n<meta property=\"og:type\" content=\"article\" \/>\n<meta property=\"og:title\" content=\"Kysy - me autamme - Moodle\" \/>\n<meta property=\"og:description\" content=\"Moodleen liittyviss\u00e4 kysymyksiss\u00e4 kannattaa k\u00e4\u00e4nty\u00e4 ensisijaisesti oman yksik\u00f6n verkkopedagogiikan suunnittelijan puoleen. Teknisiss\u00e4 ongelmissa voi my\u00f6s j\u00e4tt\u00e4\u00e4 palvelupyynn\u00f6n Helpdeskiin. Palvelupyynt\u00f6ihin vastataan mahdollisimman pian. Opiskelijat ottavat Moodleen liittyviss\u00e4 kysymyksiss\u00e4 ensisijaisesti yhteytt\u00e4 opettajaan, joka ottaa tarvittaessa yhteytt\u00e4 verkkopedagogiikan suunnittelijaan tai Helpdeskiin. Opiskelijoille on tehty Moodlen k\u00e4yt\u00f6n harjoittelua varten itsen\u00e4isesti suoritettava perehtymispaketti, jonka l\u00f6yt\u00e4\u00e4 Jamkin Moodlesta hakemalla sit\u00e4 kurssin [&hellip;]\" \/>\n<meta property=\"og:url\" content=\"https:\/\/help.jamk.fi\/moodle\/fi\/uudelle-kayttajalle\/kysy-me-autamme\/\" \/>\n<meta property=\"og:site_name\" content=\"Moodle\" \/>\n<meta property=\"article:modified_time\" content=\"2024-08-05T11:04:02+00:00\" \/>\n<meta name=\"twitter:card\" content=\"summary_large_image\" \/>\n<meta name=\"twitter:label1\" content=\"Arvioitu lukuaika\" \/>\n\t<meta name=\"twitter:data1\" content=\"1 minuutti\" \/>\n<script type=\"application\/ld+json\" class=\"yoast-schema-graph\">{\"@context\":\"https:\\\/\\\/schema.org\",\"@graph\":[{\"@type\":\"WebPage\",\"@id\":\"https:\\\/\\\/help.jamk.fi\\\/moodle\\\/fi\\\/uudelle-kayttajalle\\\/kysy-me-autamme\\\/\",\"url\":\"https:\\\/\\\/help.jamk.fi\\\/moodle\\\/fi\\\/uudelle-kayttajalle\\\/kysy-me-autamme\\\/\",\"name\":\"Kysy - me autamme - Moodle\",\"isPartOf\":{\"@id\":\"https:\\\/\\\/help.jamk.fi\\\/moodle\\\/#website\"},\"datePublished\":\"2021-04-19T04:28:16+00:00\",\"dateModified\":\"2024-08-05T11:04:02+00:00\",\"breadcrumb\":{\"@id\":\"https:\\\/\\\/help.jamk.fi\\\/moodle\\\/fi\\\/uudelle-kayttajalle\\\/kysy-me-autamme\\\/#breadcrumb\"},\"inLanguage\":\"fi\",\"potentialAction\":[{\"@type\":\"ReadAction\",\"target\":[\"https:\\\/\\\/help.jamk.fi\\\/moodle\\\/fi\\\/uudelle-kayttajalle\\\/kysy-me-autamme\\\/\"]}]},{\"@type\":\"BreadcrumbList\",\"@id\":\"https:\\\/\\\/help.jamk.fi\\\/moodle\\\/fi\\\/uudelle-kayttajalle\\\/kysy-me-autamme\\\/#breadcrumb\",\"itemListElement\":[{\"@type\":\"ListItem\",\"position\":1,\"name\":\"Etusivu\",\"item\":\"https:\\\/\\\/help.jamk.fi\\\/moodle\\\/fi\\\/\"},{\"@type\":\"ListItem\",\"position\":2,\"name\":\"Uudelle k\u00e4ytt\u00e4j\u00e4lle\",\"item\":\"https:\\\/\\\/help.jamk.fi\\\/moodle\\\/fi\\\/uudelle-kayttajalle\\\/\"},{\"@type\":\"ListItem\",\"position\":3,\"name\":\"Kysy &#8211; me autamme\"}]},{\"@type\":\"WebSite\",\"@id\":\"https:\\\/\\\/help.jamk.fi\\\/moodle\\\/#website\",\"url\":\"https:\\\/\\\/help.jamk.fi\\\/moodle\\\/\",\"name\":\"Moodle\",\"description\":\"\",\"potentialAction\":[{\"@type\":\"SearchAction\",\"target\":{\"@type\":\"EntryPoint\",\"urlTemplate\":\"https:\\\/\\\/help.jamk.fi\\\/moodle\\\/?s={search_term_string}\"},\"query-input\":{\"@type\":\"PropertyValueSpecification\",\"valueRequired\":true,\"valueName\":\"search_term_string\"}}],\"inLanguage\":\"fi\"}]}<\/script>\n<!-- \/ Yoast SEO plugin. -->","yoast_head_json":{"title":"Kysy - me autamme - Moodle","robots":{"index":"index","follow":"follow","max-snippet":"max-snippet:-1","max-image-preview":"max-image-preview:large","max-video-preview":"max-video-preview:-1"},"canonical":"https:\/\/help.jamk.fi\/moodle\/fi\/uudelle-kayttajalle\/kysy-me-autamme\/","og_locale":"fi_FI","og_type":"article","og_title":"Kysy - me autamme - Moodle","og_description":"Moodleen liittyviss\u00e4 kysymyksiss\u00e4 kannattaa k\u00e4\u00e4nty\u00e4 ensisijaisesti oman yksik\u00f6n verkkopedagogiikan suunnittelijan puoleen. Teknisiss\u00e4 ongelmissa voi my\u00f6s j\u00e4tt\u00e4\u00e4 palvelupyynn\u00f6n Helpdeskiin. Palvelupyynt\u00f6ihin vastataan mahdollisimman pian. Opiskelijat ottavat Moodleen liittyviss\u00e4 kysymyksiss\u00e4 ensisijaisesti yhteytt\u00e4 opettajaan, joka ottaa tarvittaessa yhteytt\u00e4 verkkopedagogiikan suunnittelijaan tai Helpdeskiin. Opiskelijoille on tehty Moodlen k\u00e4yt\u00f6n harjoittelua varten itsen\u00e4isesti suoritettava perehtymispaketti, jonka l\u00f6yt\u00e4\u00e4 Jamkin Moodlesta hakemalla sit\u00e4 kurssin [&hellip;]","og_url":"https:\/\/help.jamk.fi\/moodle\/fi\/uudelle-kayttajalle\/kysy-me-autamme\/","og_site_name":"Moodle","article_modified_time":"2024-08-05T11:04:02+00:00","twitter_card":"summary_large_image","twitter_misc":{"Arvioitu lukuaika":"1 minuutti"},"schema":{"@context":"https:\/\/schema.org","@graph":[{"@type":"WebPage","@id":"https:\/\/help.jamk.fi\/moodle\/fi\/uudelle-kayttajalle\/kysy-me-autamme\/","url":"https:\/\/help.jamk.fi\/moodle\/fi\/uudelle-kayttajalle\/kysy-me-autamme\/","name":"Kysy - me autamme - Moodle","isPartOf":{"@id":"https:\/\/help.jamk.fi\/moodle\/#website"},"datePublished":"2021-04-19T04:28:16+00:00","dateModified":"2024-08-05T11:04:02+00:00","breadcrumb":{"@id":"https:\/\/help.jamk.fi\/moodle\/fi\/uudelle-kayttajalle\/kysy-me-autamme\/#breadcrumb"},"inLanguage":"fi","potentialAction":[{"@type":"ReadAction","target":["https:\/\/help.jamk.fi\/moodle\/fi\/uudelle-kayttajalle\/kysy-me-autamme\/"]}]},{"@type":"BreadcrumbList","@id":"https:\/\/help.jamk.fi\/moodle\/fi\/uudelle-kayttajalle\/kysy-me-autamme\/#breadcrumb","itemListElement":[{"@type":"ListItem","position":1,"name":"Etusivu","item":"https:\/\/help.jamk.fi\/moodle\/fi\/"},{"@type":"ListItem","position":2,"name":"Uudelle k\u00e4ytt\u00e4j\u00e4lle","item":"https:\/\/help.jamk.fi\/moodle\/fi\/uudelle-kayttajalle\/"},{"@type":"ListItem","position":3,"name":"Kysy &#8211; me autamme"}]},{"@type":"WebSite","@id":"https:\/\/help.jamk.fi\/moodle\/#website","url":"https:\/\/help.jamk.fi\/moodle\/","name":"Moodle","description":"","potentialAction":[{"@type":"SearchAction","target":{"@type":"EntryPoint","urlTemplate":"https:\/\/help.jamk.fi\/moodle\/?s={search_term_string}"},"query-input":{"@type":"PropertyValueSpecification","valueRequired":true,"valueName":"search_term_string"}}],"inLanguage":"fi"}]}},"_links":{"self":[{"href":"https:\/\/help.jamk.fi\/moodle\/wp-json\/wp\/v2\/pages\/533","targetHints":{"allow":["GET"]}}],"collection":[{"href":"https:\/\/help.jamk.fi\/moodle\/wp-json\/wp\/v2\/pages"}],"about":[{"href":"https:\/\/help.jamk.fi\/moodle\/wp-json\/wp\/v2\/types\/page"}],"author":[{"embeddable":true,"href":"https:\/\/help.jamk.fi\/moodle\/wp-json\/wp\/v2\/users\/74"}],"replies":[{"embeddable":true,"href":"https:\/\/help.jamk.fi\/moodle\/wp-json\/wp\/v2\/comments?post=533"}],"version-history":[{"count":9,"href":"https:\/\/help.jamk.fi\/moodle\/wp-json\/wp\/v2\/pages\/533\/revisions"}],"predecessor-version":[{"id":4271,"href":"https:\/\/help.jamk.fi\/moodle\/wp-json\/wp\/v2\/pages\/533\/revisions\/4271"}],"up":[{"embeddable":true,"href":"https:\/\/help.jamk.fi\/moodle\/wp-json\/wp\/v2\/pages\/166"}],"wp:attachment":[{"href":"https:\/\/help.jamk.fi\/moodle\/wp-json\/wp\/v2\/media?parent=533"}],"wp:term":[{"taxonomy":"category","embeddable":true,"href":"https:\/\/help.jamk.fi\/moodle\/wp-json\/wp\/v2\/categories?post=533"},{"taxonomy":"post_tag","embeddable":true,"href":"https:\/\/help.jamk.fi\/moodle\/wp-json\/wp\/v2\/tags?post=533"}],"curies":[{"name":"wp","href":"https:\/\/api.w.org\/{rel}","templated":true}]}}