{"id":584,"date":"2022-02-25T07:25:08","date_gmt":"2022-02-25T05:25:08","guid":{"rendered":"https:\/\/help.jamk.fi\/moodle\/aktiviteetit-ja-aineistot\/taulu-aktiviteetti\/"},"modified":"2024-03-14T14:14:27","modified_gmt":"2024-03-14T12:14:27","slug":"taulu-aktiviteetti","status":"publish","type":"page","link":"https:\/\/help.jamk.fi\/moodle\/fi\/aktiviteetit-ja-aineistot\/taulu-aktiviteetti\/","title":{"rendered":"Taulu-aktiviteetti"},"content":{"rendered":"\n<p>Taulu on virtuaalinen sein\u00e4 Moodlessa.<\/p>\n\n\n\n<h3 class=\"wp-block-heading\">1. Lis\u00e4\u00e4 Taulu Moodle-kurssillesi klikkaamalla <strong>Lis\u00e4\u00e4 aktiviteetti tai aineisto<\/strong>.<\/h3>\n\n\n\n<ul class=\"wp-block-list\">\n<li>Uudessa taulussa on automaattisesti kolme saraketta. Voit lis\u00e4t\u00e4 uusia sarakkeita klikkaamalla plus-painiketta oikealla.<\/li>\n<\/ul>\n\n\n\n<figure class=\"wp-block-image\"><img decoding=\"async\" src=\"https:\/\/help.jamk.fi\/moodle\/wp-content\/uploads\/sites\/105\/2023\/07\/taulu1-1.jpg\" alt=\"Kuvakaappaus uudesta taulusta.\" class=\"wp-image-754\"\/><\/figure>\n\n\n\n<h3 class=\"wp-block-heading\">2. Tuplaklikkaamalla kohtaa Otsikko, voit lis\u00e4t\u00e4 haluamasi otsikon sarakkeelle.<\/h3>\n\n\n\n<h3 class=\"wp-block-heading\">3. Opiskelija voi lis\u00e4t\u00e4 otsikon alla olevasta plus-painikkeesta teksti\u00e4, linkin, kuvan tai YouTube-upotuksen otsikon alle.<\/h3>\n\n\n\n<figure class=\"wp-block-image\"><img decoding=\"async\" src=\"https:\/\/help.jamk.fi\/moodle\/wp-content\/uploads\/sites\/105\/2023\/07\/taulu3.jpg\" alt=\"Kuvakaappaus n\u00e4kym\u00e4st\u00e4, jossa opiskelija lis\u00e4\u00e4 sis\u00e4lt\u00f6\u00e4 tauluun.\" class=\"wp-image-756\"\/><\/figure>\n\n\n\n<h3 class=\"wp-block-heading\">4. Opiskelija voi muokata lis\u00e4\u00e4m\u00e4\u00e4ns\u00e4 sis\u00e4lt\u00f6\u00e4 tuplaklikkaamalla sit\u00e4.<\/h3>\n\n\n\n<ul class=\"wp-block-list\">\n<li>Opiskelija voi poistaa itse lis\u00e4\u00e4m\u00e4ns\u00e4 sis\u00e4ll\u00f6n.<\/li>\n\n\n\n<li>Opiskelija ei voi poistaa tai muokata muiden lis\u00e4\u00e4mi\u00e4 sis\u00e4lt\u00f6j\u00e4.<\/li>\n\n\n\n<li>Opettaja voi poistaa ja muokata opiskelijoiden lis\u00e4\u00e4mi\u00e4 sis\u00e4lt\u00f6j\u00e4.<\/li>\n<\/ul>\n\n\n\n<h3 class=\"wp-block-heading\">5. Opiskelijan lis\u00e4\u00e4m\u00e4t sis\u00e4ll\u00f6t ovat anonyymej\u00e4.<\/h3>\n\n\n\n<ul class=\"wp-block-list\">\n<li>Opiskelijoita voi toki pyyt\u00e4\u00e4 lis\u00e4\u00e4m\u00e4\u00e4n nimens\u00e4 sis\u00e4lt\u00f6jen yhteyteen.<\/li>\n<\/ul>\n","protected":false},"excerpt":{"rendered":"<p>Taulu on virtuaalinen sein\u00e4 Moodlessa. 1. Lis\u00e4\u00e4 Taulu Moodle-kurssillesi klikkaamalla Lis\u00e4\u00e4 aktiviteetti tai aineisto. 2. Tuplaklikkaamalla kohtaa Otsikko, voit lis\u00e4t\u00e4 haluamasi otsikon sarakkeelle. 3. Opiskelija voi lis\u00e4t\u00e4 otsikon alla olevasta plus-painikkeesta teksti\u00e4, linkin, kuvan tai YouTube-upotuksen otsikon alle. 4. Opiskelija voi muokata lis\u00e4\u00e4m\u00e4\u00e4ns\u00e4 sis\u00e4lt\u00f6\u00e4 tuplaklikkaamalla sit\u00e4. 5. Opiskelijan lis\u00e4\u00e4m\u00e4t sis\u00e4ll\u00f6t ovat anonyymej\u00e4.<\/p>\n","protected":false},"author":74,"featured_media":0,"parent":37,"menu_order":3,"comment_status":"closed","ping_status":"closed","template":"","meta":{"_acf_changed":false,"_relevanssi_hide_post":"","_relevanssi_hide_content":"","_relevanssi_pin_for_all":"","_relevanssi_pin_keywords":"","_relevanssi_unpin_keywords":"","_relevanssi_related_keywords":"","_relevanssi_related_include_ids":"","_relevanssi_related_exclude_ids":"","_relevanssi_related_no_append":"","_relevanssi_related_not_related":"","_relevanssi_related_posts":"","_relevanssi_noindex_reason":"","footnotes":""},"categories":[],"tags":[],"class_list":["post-584","page","type-page","status-publish","hentry"],"acf":[],"yoast_head":"<!-- This site is optimized with the Yoast SEO plugin v27.3 - https:\/\/yoast.com\/product\/yoast-seo-wordpress\/ -->\n<title>Taulu-aktiviteetti - Moodle<\/title>\n<meta name=\"robots\" content=\"index, follow, max-snippet:-1, max-image-preview:large, max-video-preview:-1\" \/>\n<link rel=\"canonical\" href=\"https:\/\/help.jamk.fi\/moodle\/fi\/aktiviteetit-ja-aineistot\/taulu-aktiviteetti\/\" \/>\n<meta property=\"og:locale\" content=\"fi_FI\" \/>\n<meta property=\"og:type\" content=\"article\" \/>\n<meta property=\"og:title\" content=\"Taulu-aktiviteetti - Moodle\" \/>\n<meta property=\"og:description\" content=\"Taulu on virtuaalinen sein\u00e4 Moodlessa. 1. Lis\u00e4\u00e4 Taulu Moodle-kurssillesi klikkaamalla Lis\u00e4\u00e4 aktiviteetti tai aineisto. 2. Tuplaklikkaamalla kohtaa Otsikko, voit lis\u00e4t\u00e4 haluamasi otsikon sarakkeelle. 3. Opiskelija voi lis\u00e4t\u00e4 otsikon alla olevasta plus-painikkeesta teksti\u00e4, linkin, kuvan tai YouTube-upotuksen otsikon alle. 4. Opiskelija voi muokata lis\u00e4\u00e4m\u00e4\u00e4ns\u00e4 sis\u00e4lt\u00f6\u00e4 tuplaklikkaamalla sit\u00e4. 5. Opiskelijan lis\u00e4\u00e4m\u00e4t sis\u00e4ll\u00f6t ovat anonyymej\u00e4.\" \/>\n<meta property=\"og:url\" content=\"https:\/\/help.jamk.fi\/moodle\/fi\/aktiviteetit-ja-aineistot\/taulu-aktiviteetti\/\" \/>\n<meta property=\"og:site_name\" content=\"Moodle\" \/>\n<meta property=\"article:modified_time\" content=\"2024-03-14T12:14:27+00:00\" \/>\n<meta property=\"og:image\" content=\"https:\/\/help.jamk.fi\/moodle\/wp-content\/uploads\/sites\/105\/2023\/07\/taulu1-1.jpg\" \/>\n<meta name=\"twitter:card\" content=\"summary_large_image\" \/>\n<meta name=\"twitter:label1\" content=\"Arvioitu lukuaika\" \/>\n\t<meta name=\"twitter:data1\" content=\"1 minuutti\" \/>\n<script type=\"application\/ld+json\" class=\"yoast-schema-graph\">{\"@context\":\"https:\\\/\\\/schema.org\",\"@graph\":[{\"@type\":\"WebPage\",\"@id\":\"https:\\\/\\\/help.jamk.fi\\\/moodle\\\/fi\\\/aktiviteetit-ja-aineistot\\\/taulu-aktiviteetti\\\/\",\"url\":\"https:\\\/\\\/help.jamk.fi\\\/moodle\\\/fi\\\/aktiviteetit-ja-aineistot\\\/taulu-aktiviteetti\\\/\",\"name\":\"Taulu-aktiviteetti - Moodle\",\"isPartOf\":{\"@id\":\"https:\\\/\\\/help.jamk.fi\\\/moodle\\\/#website\"},\"primaryImageOfPage\":{\"@id\":\"https:\\\/\\\/help.jamk.fi\\\/moodle\\\/fi\\\/aktiviteetit-ja-aineistot\\\/taulu-aktiviteetti\\\/#primaryimage\"},\"image\":{\"@id\":\"https:\\\/\\\/help.jamk.fi\\\/moodle\\\/fi\\\/aktiviteetit-ja-aineistot\\\/taulu-aktiviteetti\\\/#primaryimage\"},\"thumbnailUrl\":\"https:\\\/\\\/help.jamk.fi\\\/moodle\\\/wp-content\\\/uploads\\\/sites\\\/105\\\/2023\\\/07\\\/taulu1-1.jpg\",\"datePublished\":\"2022-02-25T05:25:08+00:00\",\"dateModified\":\"2024-03-14T12:14:27+00:00\",\"breadcrumb\":{\"@id\":\"https:\\\/\\\/help.jamk.fi\\\/moodle\\\/fi\\\/aktiviteetit-ja-aineistot\\\/taulu-aktiviteetti\\\/#breadcrumb\"},\"inLanguage\":\"fi\",\"potentialAction\":[{\"@type\":\"ReadAction\",\"target\":[\"https:\\\/\\\/help.jamk.fi\\\/moodle\\\/fi\\\/aktiviteetit-ja-aineistot\\\/taulu-aktiviteetti\\\/\"]}]},{\"@type\":\"ImageObject\",\"inLanguage\":\"fi\",\"@id\":\"https:\\\/\\\/help.jamk.fi\\\/moodle\\\/fi\\\/aktiviteetit-ja-aineistot\\\/taulu-aktiviteetti\\\/#primaryimage\",\"url\":\"\",\"contentUrl\":\"\"},{\"@type\":\"BreadcrumbList\",\"@id\":\"https:\\\/\\\/help.jamk.fi\\\/moodle\\\/fi\\\/aktiviteetit-ja-aineistot\\\/taulu-aktiviteetti\\\/#breadcrumb\",\"itemListElement\":[{\"@type\":\"ListItem\",\"position\":1,\"name\":\"Etusivu\",\"item\":\"https:\\\/\\\/help.jamk.fi\\\/moodle\\\/fi\\\/\"},{\"@type\":\"ListItem\",\"position\":2,\"name\":\"Aktiviteetit ja aineistot\",\"item\":\"https:\\\/\\\/help.jamk.fi\\\/moodle\\\/fi\\\/aktiviteetit-ja-aineistot\\\/\"},{\"@type\":\"ListItem\",\"position\":3,\"name\":\"Taulu-aktiviteetti\"}]},{\"@type\":\"WebSite\",\"@id\":\"https:\\\/\\\/help.jamk.fi\\\/moodle\\\/#website\",\"url\":\"https:\\\/\\\/help.jamk.fi\\\/moodle\\\/\",\"name\":\"Moodle\",\"description\":\"\",\"potentialAction\":[{\"@type\":\"SearchAction\",\"target\":{\"@type\":\"EntryPoint\",\"urlTemplate\":\"https:\\\/\\\/help.jamk.fi\\\/moodle\\\/?s={search_term_string}\"},\"query-input\":{\"@type\":\"PropertyValueSpecification\",\"valueRequired\":true,\"valueName\":\"search_term_string\"}}],\"inLanguage\":\"fi\"}]}<\/script>\n<!-- \/ Yoast SEO plugin. -->","yoast_head_json":{"title":"Taulu-aktiviteetti - Moodle","robots":{"index":"index","follow":"follow","max-snippet":"max-snippet:-1","max-image-preview":"max-image-preview:large","max-video-preview":"max-video-preview:-1"},"canonical":"https:\/\/help.jamk.fi\/moodle\/fi\/aktiviteetit-ja-aineistot\/taulu-aktiviteetti\/","og_locale":"fi_FI","og_type":"article","og_title":"Taulu-aktiviteetti - Moodle","og_description":"Taulu on virtuaalinen sein\u00e4 Moodlessa. 1. Lis\u00e4\u00e4 Taulu Moodle-kurssillesi klikkaamalla Lis\u00e4\u00e4 aktiviteetti tai aineisto. 2. Tuplaklikkaamalla kohtaa Otsikko, voit lis\u00e4t\u00e4 haluamasi otsikon sarakkeelle. 3. Opiskelija voi lis\u00e4t\u00e4 otsikon alla olevasta plus-painikkeesta teksti\u00e4, linkin, kuvan tai YouTube-upotuksen otsikon alle. 4. Opiskelija voi muokata lis\u00e4\u00e4m\u00e4\u00e4ns\u00e4 sis\u00e4lt\u00f6\u00e4 tuplaklikkaamalla sit\u00e4. 5. Opiskelijan lis\u00e4\u00e4m\u00e4t sis\u00e4ll\u00f6t ovat anonyymej\u00e4.","og_url":"https:\/\/help.jamk.fi\/moodle\/fi\/aktiviteetit-ja-aineistot\/taulu-aktiviteetti\/","og_site_name":"Moodle","article_modified_time":"2024-03-14T12:14:27+00:00","og_image":[{"url":"https:\/\/help.jamk.fi\/moodle\/wp-content\/uploads\/sites\/105\/2023\/07\/taulu1-1.jpg","type":"","width":"","height":""}],"twitter_card":"summary_large_image","twitter_misc":{"Arvioitu lukuaika":"1 minuutti"},"schema":{"@context":"https:\/\/schema.org","@graph":[{"@type":"WebPage","@id":"https:\/\/help.jamk.fi\/moodle\/fi\/aktiviteetit-ja-aineistot\/taulu-aktiviteetti\/","url":"https:\/\/help.jamk.fi\/moodle\/fi\/aktiviteetit-ja-aineistot\/taulu-aktiviteetti\/","name":"Taulu-aktiviteetti - Moodle","isPartOf":{"@id":"https:\/\/help.jamk.fi\/moodle\/#website"},"primaryImageOfPage":{"@id":"https:\/\/help.jamk.fi\/moodle\/fi\/aktiviteetit-ja-aineistot\/taulu-aktiviteetti\/#primaryimage"},"image":{"@id":"https:\/\/help.jamk.fi\/moodle\/fi\/aktiviteetit-ja-aineistot\/taulu-aktiviteetti\/#primaryimage"},"thumbnailUrl":"https:\/\/help.jamk.fi\/moodle\/wp-content\/uploads\/sites\/105\/2023\/07\/taulu1-1.jpg","datePublished":"2022-02-25T05:25:08+00:00","dateModified":"2024-03-14T12:14:27+00:00","breadcrumb":{"@id":"https:\/\/help.jamk.fi\/moodle\/fi\/aktiviteetit-ja-aineistot\/taulu-aktiviteetti\/#breadcrumb"},"inLanguage":"fi","potentialAction":[{"@type":"ReadAction","target":["https:\/\/help.jamk.fi\/moodle\/fi\/aktiviteetit-ja-aineistot\/taulu-aktiviteetti\/"]}]},{"@type":"ImageObject","inLanguage":"fi","@id":"https:\/\/help.jamk.fi\/moodle\/fi\/aktiviteetit-ja-aineistot\/taulu-aktiviteetti\/#primaryimage","url":"","contentUrl":""},{"@type":"BreadcrumbList","@id":"https:\/\/help.jamk.fi\/moodle\/fi\/aktiviteetit-ja-aineistot\/taulu-aktiviteetti\/#breadcrumb","itemListElement":[{"@type":"ListItem","position":1,"name":"Etusivu","item":"https:\/\/help.jamk.fi\/moodle\/fi\/"},{"@type":"ListItem","position":2,"name":"Aktiviteetit ja aineistot","item":"https:\/\/help.jamk.fi\/moodle\/fi\/aktiviteetit-ja-aineistot\/"},{"@type":"ListItem","position":3,"name":"Taulu-aktiviteetti"}]},{"@type":"WebSite","@id":"https:\/\/help.jamk.fi\/moodle\/#website","url":"https:\/\/help.jamk.fi\/moodle\/","name":"Moodle","description":"","potentialAction":[{"@type":"SearchAction","target":{"@type":"EntryPoint","urlTemplate":"https:\/\/help.jamk.fi\/moodle\/?s={search_term_string}"},"query-input":{"@type":"PropertyValueSpecification","valueRequired":true,"valueName":"search_term_string"}}],"inLanguage":"fi"}]}},"_links":{"self":[{"href":"https:\/\/help.jamk.fi\/moodle\/wp-json\/wp\/v2\/pages\/584","targetHints":{"allow":["GET"]}}],"collection":[{"href":"https:\/\/help.jamk.fi\/moodle\/wp-json\/wp\/v2\/pages"}],"about":[{"href":"https:\/\/help.jamk.fi\/moodle\/wp-json\/wp\/v2\/types\/page"}],"author":[{"embeddable":true,"href":"https:\/\/help.jamk.fi\/moodle\/wp-json\/wp\/v2\/users\/74"}],"replies":[{"embeddable":true,"href":"https:\/\/help.jamk.fi\/moodle\/wp-json\/wp\/v2\/comments?post=584"}],"version-history":[{"count":11,"href":"https:\/\/help.jamk.fi\/moodle\/wp-json\/wp\/v2\/pages\/584\/revisions"}],"predecessor-version":[{"id":4703,"href":"https:\/\/help.jamk.fi\/moodle\/wp-json\/wp\/v2\/pages\/584\/revisions\/4703"}],"up":[{"embeddable":true,"href":"https:\/\/help.jamk.fi\/moodle\/wp-json\/wp\/v2\/pages\/37"}],"wp:attachment":[{"href":"https:\/\/help.jamk.fi\/moodle\/wp-json\/wp\/v2\/media?parent=584"}],"wp:term":[{"taxonomy":"category","embeddable":true,"href":"https:\/\/help.jamk.fi\/moodle\/wp-json\/wp\/v2\/categories?post=584"},{"taxonomy":"post_tag","embeddable":true,"href":"https:\/\/help.jamk.fi\/moodle\/wp-json\/wp\/v2\/tags?post=584"}],"curies":[{"name":"wp","href":"https:\/\/api.w.org\/{rel}","templated":true}]}}