{"id":670,"date":"2022-03-21T08:28:58","date_gmt":"2022-03-21T06:28:58","guid":{"rendered":"https:\/\/help.jamk.fi\/moodle\/aktiviteettien-paivamaaraasetukset\/"},"modified":"2024-03-20T14:47:32","modified_gmt":"2024-03-20T12:47:32","slug":"aktiviteettien-paivamaaraasetukset","status":"publish","type":"page","link":"https:\/\/help.jamk.fi\/moodle\/fi\/aktiviteetit-ja-aineistot\/aktiviteettien-paivamaaraasetukset\/","title":{"rendered":"Aktiviteettien p\u00e4iv\u00e4m\u00e4\u00e4r\u00e4asetukset"},"content":{"rendered":"\n<p>Moodlen kalenterin\u00e4kym\u00e4\u00e4n tulee automaattisesti n\u00e4kyviin aktiviteettien asetuksista tietyt m\u00e4\u00e4r\u00e4p\u00e4iv\u00e4t, jotka helpottavat opiskelijan ajanhallinnan suunnittelua. T\u00e4m\u00e4 on useimmille opiskelijoille t\u00e4rke\u00e4 toiminto silloin, kun h\u00e4nell\u00e4 on samaan aikaan menossa useita opintojaksoja. <\/p>\n\n\n\n<h2 class=\"wp-block-heading\">Saatavuuteen liittyv\u00e4t p\u00e4iv\u00e4m\u00e4\u00e4r\u00e4asetukset<\/h2>\n\n\n\n<p>Teht\u00e4v\u00e4-aktiviteetissa on nelj\u00e4 t\u00e4rke\u00e4\u00e4 p\u00e4iv\u00e4m\u00e4\u00e4r\u00e4\u00e4:<\/p>\n\n\n\n<ol class=\"wp-block-list\">\n<li><strong>Palautettavissa alkaen: <\/strong>P\u00e4iv\u00e4m\u00e4\u00e4r\u00e4 ei n\u00e4y kalenterin\u00e4kym\u00e4ss\u00e4. Opiskelija n\u00e4kee sen teht\u00e4v\u00e4-aktiviteetin yhteydess\u00e4 kurssialueella.<\/li>\n\n\n\n<li><strong>Palautettava viimeist\u00e4\u00e4n<\/strong>: P\u00e4iv\u00e4m\u00e4\u00e4r\u00e4 n\u00e4kyy kalenterissa ja osoittaa teht\u00e4v\u00e4n palautuksen m\u00e4\u00e4r\u00e4p\u00e4iv\u00e4n. Kalenterissa t\u00e4m\u00e4 p\u00e4iv\u00e4 ilmoitetaan &#8221;on palautettava viimeist\u00e4\u00e4n&#8221; -merkint\u00e4n\u00e4. Huomioithan, ett\u00e4 t\u00e4m\u00e4n p\u00e4iv\u00e4m\u00e4\u00e4r\u00e4n j\u00e4lkeen teht\u00e4v\u00e4n voi edelleen palauttaa ja se n\u00e4kyy opettajalle teht\u00e4v\u00e4n arviointin\u00e4kym\u00e4ss\u00e4 my\u00f6h\u00e4styneen\u00e4 palautuksena. T\u00e4m\u00e4 mahdollistaa my\u00f6h\u00e4ss\u00e4 palautettujen teht\u00e4vien huomioinnin arvioinnissa. Palautettava viimeist\u00e4\u00e4n -p\u00e4iv\u00e4m\u00e4\u00e4r\u00e4 n\u00e4kyy my\u00f6s teht\u00e4v\u00e4-aktiviteetin yhteydess\u00e4.<\/li>\n\n\n\n<li><strong>Ehdoton takaraja palautukselle<\/strong>: P\u00e4iv\u00e4m\u00e4\u00e4r\u00e4 est\u00e4\u00e4 teht\u00e4v\u00e4n palauttamisen t\u00e4m\u00e4n ajankohdan j\u00e4lkeen kokonaan. Jos Palautettava viimeist\u00e4\u00e4n -p\u00e4iv\u00e4m\u00e4\u00e4r\u00e4n j\u00e4lkeen palautuksia ei oteta vastaan, t\u00e4h\u00e4n kohtaan tulee laittaa sama p\u00e4iv\u00e4m\u00e4\u00e4r\u00e4 ja kelloajat kuin Palautettava viimeist\u00e4\u00e4n -kohdassa. \u00c4l\u00e4 k\u00e4yt\u00e4 Ehdoton takaraja palautukselle -p\u00e4iv\u00e4m\u00e4\u00e4r\u00e4\u00e4 yksist\u00e4\u00e4n, koska se ei n\u00e4y opiskelijalle. Opettajana voit tarvittaessa antaa opiskelijakohtaisesti lis\u00e4aikaa palautukselle N\u00e4yt\u00e4 kaikki palautukset -n\u00e4kym\u00e4ss\u00e4.<\/li>\n<\/ol>\n\n\n\n<figure class=\"wp-block-image size-full is-resized\"><img decoding=\"async\" src=\"https:\/\/help.jamk.fi\/moodle\/wp-content\/uploads\/sites\/105\/2023\/07\/image-2.png\" alt=\"Kuva n\u00e4ytt\u00e4\u00e4 mist\u00e4 opiskelijakohtainen lis\u00e4aika l\u00f6ytyy: Muokkaa-painike on ympyr\u00f6ity ja siit\u00e4 l\u00e4htee nuoli Anna lis\u00e4aikaa kohtaan.\" class=\"wp-image-842\"\/><figcaption class=\"wp-element-caption\">N\u00e4yt\u00e4 kaikki palautukset -n\u00e4kym\u00e4ss\u00e4 lis\u00e4ajan antaminen opiskelijakohtaisesti.<\/figcaption><\/figure>\n\n\n\n<p><strong>4. Muistuta minua arvioimaan <\/strong>p\u00e4iv\u00e4m\u00e4\u00e4r\u00e4 muistuttaa kurssialueen opettajille, mihin menness\u00e4 arviointi tulee olla tehtyn\u00e4. Muistutus n\u00e4kyy ilmoituksissa.<\/p>\n\n\n\n<p><\/p>\n\n\n\n<h2 class=\"wp-block-heading\">Edistymisen seurantaan liittyv\u00e4 p\u00e4iv\u00e4m\u00e4\u00e4r\u00e4asetus<\/h2>\n\n\n\n<p>Opiskelijoiden edistyminen -kohdasta l\u00f6ytyy edellisten <strong>Oltava tehtyn\u00e4 <\/strong>-p\u00e4iv\u00e4m\u00e4\u00e4r\u00e4. T\u00e4m\u00e4 p\u00e4iv\u00e4m\u00e4\u00e4r\u00e4 n\u00e4kyy opiskelijan kalenterissa ja edistymisen seuranta -palkissa, mutta ei teht\u00e4v\u00e4n palautusn\u00e4kym\u00e4ss\u00e4. Kalenterissa t\u00e4m\u00e4 p\u00e4iv\u00e4 ilmoitetaan &#8221;tulisi olla palautettu&#8221; -merkint\u00e4n\u00e4.<\/p>\n\n\n\n<figure class=\"wp-block-image size-large is-resized\"><img decoding=\"async\" src=\"https:\/\/help.jamk.fi\/moodle\/wp-content\/uploads\/sites\/105\/2023\/07\/oltava_tehtyna.jpg\" alt=\"\" class=\"wp-image-843\"\/><figcaption class=\"wp-element-caption\">Edistymisen seuranta -palkkiin vaikuttava p\u00e4iv\u00e4m\u00e4\u00e4r\u00e4asetus.<\/figcaption><\/figure>\n\n\n\n<p>Edistymisen seuranta -palkki n\u00e4ytt\u00e4\u00e4 teht\u00e4v\u00e4t joko Oltava tehtyn\u00e4 -p\u00e4iv\u00e4m\u00e4\u00e4rien mukaisessa j\u00e4rjestyksess\u00e4 tai siin\u00e4 j\u00e4rjestyksess\u00e4 kuin ne esiintyv\u00e4t kurssialueella. Voit m\u00e4\u00e4ritell\u00e4 sen Edistymisen seuranta -lohkon asetuksissa.<\/p>\n\n\n\n<p>H\u00e4mmennyst\u00e4 aiheuttaa, jos Palautettava viimeist\u00e4\u00e4n -p\u00e4iv\u00e4ys ja Oltava tehtyn\u00e4 -p\u00e4iv\u00e4ys eroavat toisistaan. Jos k\u00e4yt\u00e4t molempia, ole erityisen huolellinen p\u00e4iv\u00e4ysten muuttuessa. Jos teht\u00e4vien j\u00e4rjestys on sama kuin esiintyminen kurssialueella, k\u00e4yt\u00e4 mieluummin vain Palautettava viimeist\u00e4\u00e4n -p\u00e4iv\u00e4m\u00e4\u00e4r\u00e4\u00e4 ja ohjaa opiskelijat seuraamaan m\u00e4\u00e4r\u00e4p\u00e4ivi\u00e4 Moodlen kalenterista. Huomioi my\u00f6s, ett\u00e4 molempia p\u00e4iv\u00e4m\u00e4\u00e4ri\u00e4 k\u00e4ytett\u00e4ess\u00e4 ne n\u00e4kyv\u00e4t kahtena eri muistutuksena opiskelijan kalenterissa ja voivat nopeasti katsottuna n\u00e4ytt\u00e4\u00e4 kahtena samaa asiaa kertovana merkint\u00e4n\u00e4. <\/p>\n\n\n\n<p><\/p>\n\n\n\n<h2 class=\"wp-block-heading\">Omatahtiset opintojaksot<\/h2>\n\n\n\n<p>Voit aktivoida omatahtisiin opintojaksoihin, kuten nonstop-toteutuksiin, Palautettava viimeist\u00e4\u00e4n ja Ehdoton takaraja palautukselle -p\u00e4iv\u00e4m\u00e4\u00e4r\u00e4t. K\u00e4yt\u00e4 p\u00e4iv\u00e4m\u00e4\u00e4r\u00e4\u00e4, jolloin toteutus p\u00e4\u00e4ttyy, eik\u00e4 uusia palautuksia voida en\u00e4\u00e4 ottaa vastaan. <\/p>\n\n\n\n<p>Ohjaa opiskelijasi my\u00f6s aikatauluttamaan oppimishetkens\u00e4 ja palastelemaan teht\u00e4vien tekemisen opintojakson suoritusajalle. Voit tuottaa heille pohjaksi esimerkin, joka antaa viitett\u00e4 siit\u00e4, kuinka paljon aikaa materiaaleihin tutustumisiin ja teht\u00e4viin olisi syyt\u00e4 varata.<\/p>\n\n\n\n<p>Kaikki k\u00e4ytt\u00e4j\u00e4t voivat merkit\u00e4 Moodlen kalenteriin my\u00f6s omia tapahtumia. Opiskelija ei voi kohdistaa omia tapahtumia tietylle kurssille, mutta omat tapahtumat n\u00e4kyv\u00e4t kaikkien kurssien n\u00e4kym\u00e4\u00e4 tarkasteltaessa.<\/p>\n\n\n\n<p><\/p>\n\n\n\n<h3 class=\"wp-block-heading\">Oman tapahtuman lis\u00e4\u00e4minen Moodlen kalenteriin<\/h3>\n\n\n\n<ol class=\"wp-block-list\">\n<li>Mene ty\u00f6p\u00f6yd\u00e4lle ja klikkaa kalenterin alapuolella T\u00e4ysi kalenteri.<\/li>\n<\/ol>\n\n\n\n<figure class=\"wp-block-image size-full is-resized\"><img loading=\"lazy\" decoding=\"async\" width=\"321\" height=\"427\" src=\"https:\/\/help.jamk.fi\/moodle\/wp-content\/uploads\/sites\/105\/2024\/03\/moodle_kalenteri.png\" alt=\"\" class=\"wp-image-4746\" srcset=\"https:\/\/help.jamk.fi\/moodle\/wp-content\/uploads\/sites\/105\/2024\/03\/moodle_kalenteri.png 321w, https:\/\/help.jamk.fi\/moodle\/wp-content\/uploads\/sites\/105\/2024\/03\/moodle_kalenteri-226x300.png 226w\" sizes=\"auto, (max-width: 321px) 100vw, 321px\" \/><\/figure>\n\n\n\n<ol class=\"wp-block-list\" start=\"2\">\n<li>Klikkaa Uusi tapahtuma -painiketta.<\/li>\n<\/ol>\n\n\n\n<figure class=\"wp-block-image size-full is-resized\"><img loading=\"lazy\" decoding=\"async\" width=\"959\" height=\"372\" src=\"https:\/\/help.jamk.fi\/moodle\/wp-content\/uploads\/sites\/105\/2024\/03\/moodle_kalenteri_uusi_tapahtuma.png\" alt=\"\" class=\"wp-image-4748\" srcset=\"https:\/\/help.jamk.fi\/moodle\/wp-content\/uploads\/sites\/105\/2024\/03\/moodle_kalenteri_uusi_tapahtuma.png 959w, https:\/\/help.jamk.fi\/moodle\/wp-content\/uploads\/sites\/105\/2024\/03\/moodle_kalenteri_uusi_tapahtuma-300x116.png 300w, https:\/\/help.jamk.fi\/moodle\/wp-content\/uploads\/sites\/105\/2024\/03\/moodle_kalenteri_uusi_tapahtuma-768x298.png 768w\" sizes=\"auto, (max-width: 959px) 100vw, 959px\" \/><\/figure>\n\n\n\n<ol class=\"wp-block-list\" start=\"3\">\n<li>T\u00e4ydenn\u00e4 merkinn\u00e4n tiedot. Opintojaksoja koskevissa merkinn\u00f6iss\u00e4, opintojakson nimi tai lyhenne kannattaa lis\u00e4t\u00e4 otsikko-kentt\u00e4\u00e4n. N\u00e4yt\u00e4 lis\u00e4\u00e4&#8230;\/N\u00e4yt\u00e4 v\u00e4hemm\u00e4n -kohdasta painamalla voit n\u00e4ytt\u00e4\u00e4 ja piilottaa tarkempia tietokentti\u00e4. Paina lopuksi Tallenna-painiketta.<\/li>\n<\/ol>\n\n\n\n<figure class=\"wp-block-image size-full is-resized\"><img loading=\"lazy\" decoding=\"async\" width=\"892\" height=\"1009\" src=\"https:\/\/help.jamk.fi\/moodle\/wp-content\/uploads\/sites\/105\/2024\/03\/kalenteri_uuden_tapahtuman_asetukset.png\" alt=\"\" class=\"wp-image-4749\" srcset=\"https:\/\/help.jamk.fi\/moodle\/wp-content\/uploads\/sites\/105\/2024\/03\/kalenteri_uuden_tapahtuman_asetukset.png 892w, https:\/\/help.jamk.fi\/moodle\/wp-content\/uploads\/sites\/105\/2024\/03\/kalenteri_uuden_tapahtuman_asetukset-265x300.png 265w, https:\/\/help.jamk.fi\/moodle\/wp-content\/uploads\/sites\/105\/2024\/03\/kalenteri_uuden_tapahtuman_asetukset-768x869.png 768w\" sizes=\"auto, (max-width: 892px) 100vw, 892px\" \/><\/figure>\n","protected":false},"excerpt":{"rendered":"<p>Moodlen kalenterin\u00e4kym\u00e4\u00e4n tulee automaattisesti n\u00e4kyviin aktiviteettien asetuksista tietyt m\u00e4\u00e4r\u00e4p\u00e4iv\u00e4t, jotka helpottavat opiskelijan ajanhallinnan suunnittelua. T\u00e4m\u00e4 on useimmille opiskelijoille t\u00e4rke\u00e4 toiminto silloin, kun h\u00e4nell\u00e4 on samaan aikaan menossa useita opintojaksoja. Saatavuuteen liittyv\u00e4t p\u00e4iv\u00e4m\u00e4\u00e4r\u00e4asetukset Teht\u00e4v\u00e4-aktiviteetissa on nelj\u00e4 t\u00e4rke\u00e4\u00e4 p\u00e4iv\u00e4m\u00e4\u00e4r\u00e4\u00e4: 4. Muistuta minua arvioimaan p\u00e4iv\u00e4m\u00e4\u00e4r\u00e4 muistuttaa kurssialueen opettajille, mihin menness\u00e4 arviointi tulee olla tehtyn\u00e4. Muistutus n\u00e4kyy ilmoituksissa. Edistymisen [&hellip;]<\/p>\n","protected":false},"author":74,"featured_media":0,"parent":37,"menu_order":6,"comment_status":"closed","ping_status":"closed","template":"","meta":{"_acf_changed":false,"_relevanssi_hide_post":"","_relevanssi_hide_content":"","_relevanssi_pin_for_all":"","_relevanssi_pin_keywords":"","_relevanssi_unpin_keywords":"","_relevanssi_related_keywords":"","_relevanssi_related_include_ids":"","_relevanssi_related_exclude_ids":"","_relevanssi_related_no_append":"","_relevanssi_related_not_related":"","_relevanssi_related_posts":"","_relevanssi_noindex_reason":"","footnotes":""},"categories":[],"tags":[],"class_list":["post-670","page","type-page","status-publish","hentry"],"acf":[],"yoast_head":"<!-- This site is optimized with the Yoast SEO plugin v27.4 - https:\/\/yoast.com\/product\/yoast-seo-wordpress\/ -->\n<title>Aktiviteettien p\u00e4iv\u00e4m\u00e4\u00e4r\u00e4asetukset - Moodle<\/title>\n<meta name=\"robots\" content=\"index, follow, max-snippet:-1, max-image-preview:large, max-video-preview:-1\" \/>\n<link rel=\"canonical\" href=\"https:\/\/help.jamk.fi\/moodle\/fi\/aktiviteetit-ja-aineistot\/aktiviteettien-paivamaaraasetukset\/\" \/>\n<meta property=\"og:locale\" content=\"fi_FI\" \/>\n<meta property=\"og:type\" content=\"article\" \/>\n<meta property=\"og:title\" content=\"Aktiviteettien p\u00e4iv\u00e4m\u00e4\u00e4r\u00e4asetukset - Moodle\" \/>\n<meta property=\"og:description\" content=\"Moodlen kalenterin\u00e4kym\u00e4\u00e4n tulee automaattisesti n\u00e4kyviin aktiviteettien asetuksista tietyt m\u00e4\u00e4r\u00e4p\u00e4iv\u00e4t, jotka helpottavat opiskelijan ajanhallinnan suunnittelua. T\u00e4m\u00e4 on useimmille opiskelijoille t\u00e4rke\u00e4 toiminto silloin, kun h\u00e4nell\u00e4 on samaan aikaan menossa useita opintojaksoja. Saatavuuteen liittyv\u00e4t p\u00e4iv\u00e4m\u00e4\u00e4r\u00e4asetukset Teht\u00e4v\u00e4-aktiviteetissa on nelj\u00e4 t\u00e4rke\u00e4\u00e4 p\u00e4iv\u00e4m\u00e4\u00e4r\u00e4\u00e4: 4. Muistuta minua arvioimaan p\u00e4iv\u00e4m\u00e4\u00e4r\u00e4 muistuttaa kurssialueen opettajille, mihin menness\u00e4 arviointi tulee olla tehtyn\u00e4. Muistutus n\u00e4kyy ilmoituksissa. Edistymisen [&hellip;]\" \/>\n<meta property=\"og:url\" content=\"https:\/\/help.jamk.fi\/moodle\/fi\/aktiviteetit-ja-aineistot\/aktiviteettien-paivamaaraasetukset\/\" \/>\n<meta property=\"og:site_name\" content=\"Moodle\" \/>\n<meta property=\"article:modified_time\" content=\"2024-03-20T12:47:32+00:00\" \/>\n<meta property=\"og:image\" content=\"https:\/\/help.jamk.fi\/moodle\/wp-content\/uploads\/sites\/105\/2023\/07\/image-2.png\" \/>\n<meta name=\"twitter:card\" content=\"summary_large_image\" \/>\n<meta name=\"twitter:label1\" content=\"Arvioitu lukuaika\" \/>\n\t<meta name=\"twitter:data1\" content=\"4 minuuttia\" \/>\n<script type=\"application\/ld+json\" class=\"yoast-schema-graph\">{\"@context\":\"https:\\\/\\\/schema.org\",\"@graph\":[{\"@type\":\"WebPage\",\"@id\":\"https:\\\/\\\/help.jamk.fi\\\/moodle\\\/fi\\\/aktiviteetit-ja-aineistot\\\/aktiviteettien-paivamaaraasetukset\\\/\",\"url\":\"https:\\\/\\\/help.jamk.fi\\\/moodle\\\/fi\\\/aktiviteetit-ja-aineistot\\\/aktiviteettien-paivamaaraasetukset\\\/\",\"name\":\"Aktiviteettien p\u00e4iv\u00e4m\u00e4\u00e4r\u00e4asetukset - Moodle\",\"isPartOf\":{\"@id\":\"https:\\\/\\\/help.jamk.fi\\\/moodle\\\/#website\"},\"primaryImageOfPage\":{\"@id\":\"https:\\\/\\\/help.jamk.fi\\\/moodle\\\/fi\\\/aktiviteetit-ja-aineistot\\\/aktiviteettien-paivamaaraasetukset\\\/#primaryimage\"},\"image\":{\"@id\":\"https:\\\/\\\/help.jamk.fi\\\/moodle\\\/fi\\\/aktiviteetit-ja-aineistot\\\/aktiviteettien-paivamaaraasetukset\\\/#primaryimage\"},\"thumbnailUrl\":\"https:\\\/\\\/help.jamk.fi\\\/moodle\\\/wp-content\\\/uploads\\\/sites\\\/105\\\/2023\\\/07\\\/image-2.png\",\"datePublished\":\"2022-03-21T06:28:58+00:00\",\"dateModified\":\"2024-03-20T12:47:32+00:00\",\"breadcrumb\":{\"@id\":\"https:\\\/\\\/help.jamk.fi\\\/moodle\\\/fi\\\/aktiviteetit-ja-aineistot\\\/aktiviteettien-paivamaaraasetukset\\\/#breadcrumb\"},\"inLanguage\":\"fi\",\"potentialAction\":[{\"@type\":\"ReadAction\",\"target\":[\"https:\\\/\\\/help.jamk.fi\\\/moodle\\\/fi\\\/aktiviteetit-ja-aineistot\\\/aktiviteettien-paivamaaraasetukset\\\/\"]}]},{\"@type\":\"ImageObject\",\"inLanguage\":\"fi\",\"@id\":\"https:\\\/\\\/help.jamk.fi\\\/moodle\\\/fi\\\/aktiviteetit-ja-aineistot\\\/aktiviteettien-paivamaaraasetukset\\\/#primaryimage\",\"url\":\"\",\"contentUrl\":\"\"},{\"@type\":\"BreadcrumbList\",\"@id\":\"https:\\\/\\\/help.jamk.fi\\\/moodle\\\/fi\\\/aktiviteetit-ja-aineistot\\\/aktiviteettien-paivamaaraasetukset\\\/#breadcrumb\",\"itemListElement\":[{\"@type\":\"ListItem\",\"position\":1,\"name\":\"Etusivu\",\"item\":\"https:\\\/\\\/help.jamk.fi\\\/moodle\\\/fi\\\/\"},{\"@type\":\"ListItem\",\"position\":2,\"name\":\"Aktiviteetit ja aineistot\",\"item\":\"https:\\\/\\\/help.jamk.fi\\\/moodle\\\/fi\\\/aktiviteetit-ja-aineistot\\\/\"},{\"@type\":\"ListItem\",\"position\":3,\"name\":\"Aktiviteettien p\u00e4iv\u00e4m\u00e4\u00e4r\u00e4asetukset\"}]},{\"@type\":\"WebSite\",\"@id\":\"https:\\\/\\\/help.jamk.fi\\\/moodle\\\/#website\",\"url\":\"https:\\\/\\\/help.jamk.fi\\\/moodle\\\/\",\"name\":\"Moodle\",\"description\":\"\",\"potentialAction\":[{\"@type\":\"SearchAction\",\"target\":{\"@type\":\"EntryPoint\",\"urlTemplate\":\"https:\\\/\\\/help.jamk.fi\\\/moodle\\\/?s={search_term_string}\"},\"query-input\":{\"@type\":\"PropertyValueSpecification\",\"valueRequired\":true,\"valueName\":\"search_term_string\"}}],\"inLanguage\":\"fi\"}]}<\/script>\n<!-- \/ Yoast SEO plugin. -->","yoast_head_json":{"title":"Aktiviteettien p\u00e4iv\u00e4m\u00e4\u00e4r\u00e4asetukset - Moodle","robots":{"index":"index","follow":"follow","max-snippet":"max-snippet:-1","max-image-preview":"max-image-preview:large","max-video-preview":"max-video-preview:-1"},"canonical":"https:\/\/help.jamk.fi\/moodle\/fi\/aktiviteetit-ja-aineistot\/aktiviteettien-paivamaaraasetukset\/","og_locale":"fi_FI","og_type":"article","og_title":"Aktiviteettien p\u00e4iv\u00e4m\u00e4\u00e4r\u00e4asetukset - Moodle","og_description":"Moodlen kalenterin\u00e4kym\u00e4\u00e4n tulee automaattisesti n\u00e4kyviin aktiviteettien asetuksista tietyt m\u00e4\u00e4r\u00e4p\u00e4iv\u00e4t, jotka helpottavat opiskelijan ajanhallinnan suunnittelua. T\u00e4m\u00e4 on useimmille opiskelijoille t\u00e4rke\u00e4 toiminto silloin, kun h\u00e4nell\u00e4 on samaan aikaan menossa useita opintojaksoja. Saatavuuteen liittyv\u00e4t p\u00e4iv\u00e4m\u00e4\u00e4r\u00e4asetukset Teht\u00e4v\u00e4-aktiviteetissa on nelj\u00e4 t\u00e4rke\u00e4\u00e4 p\u00e4iv\u00e4m\u00e4\u00e4r\u00e4\u00e4: 4. Muistuta minua arvioimaan p\u00e4iv\u00e4m\u00e4\u00e4r\u00e4 muistuttaa kurssialueen opettajille, mihin menness\u00e4 arviointi tulee olla tehtyn\u00e4. Muistutus n\u00e4kyy ilmoituksissa. Edistymisen [&hellip;]","og_url":"https:\/\/help.jamk.fi\/moodle\/fi\/aktiviteetit-ja-aineistot\/aktiviteettien-paivamaaraasetukset\/","og_site_name":"Moodle","article_modified_time":"2024-03-20T12:47:32+00:00","og_image":[{"url":"https:\/\/help.jamk.fi\/moodle\/wp-content\/uploads\/sites\/105\/2023\/07\/image-2.png","type":"","width":"","height":""}],"twitter_card":"summary_large_image","twitter_misc":{"Arvioitu lukuaika":"4 minuuttia"},"schema":{"@context":"https:\/\/schema.org","@graph":[{"@type":"WebPage","@id":"https:\/\/help.jamk.fi\/moodle\/fi\/aktiviteetit-ja-aineistot\/aktiviteettien-paivamaaraasetukset\/","url":"https:\/\/help.jamk.fi\/moodle\/fi\/aktiviteetit-ja-aineistot\/aktiviteettien-paivamaaraasetukset\/","name":"Aktiviteettien p\u00e4iv\u00e4m\u00e4\u00e4r\u00e4asetukset - Moodle","isPartOf":{"@id":"https:\/\/help.jamk.fi\/moodle\/#website"},"primaryImageOfPage":{"@id":"https:\/\/help.jamk.fi\/moodle\/fi\/aktiviteetit-ja-aineistot\/aktiviteettien-paivamaaraasetukset\/#primaryimage"},"image":{"@id":"https:\/\/help.jamk.fi\/moodle\/fi\/aktiviteetit-ja-aineistot\/aktiviteettien-paivamaaraasetukset\/#primaryimage"},"thumbnailUrl":"https:\/\/help.jamk.fi\/moodle\/wp-content\/uploads\/sites\/105\/2023\/07\/image-2.png","datePublished":"2022-03-21T06:28:58+00:00","dateModified":"2024-03-20T12:47:32+00:00","breadcrumb":{"@id":"https:\/\/help.jamk.fi\/moodle\/fi\/aktiviteetit-ja-aineistot\/aktiviteettien-paivamaaraasetukset\/#breadcrumb"},"inLanguage":"fi","potentialAction":[{"@type":"ReadAction","target":["https:\/\/help.jamk.fi\/moodle\/fi\/aktiviteetit-ja-aineistot\/aktiviteettien-paivamaaraasetukset\/"]}]},{"@type":"ImageObject","inLanguage":"fi","@id":"https:\/\/help.jamk.fi\/moodle\/fi\/aktiviteetit-ja-aineistot\/aktiviteettien-paivamaaraasetukset\/#primaryimage","url":"","contentUrl":""},{"@type":"BreadcrumbList","@id":"https:\/\/help.jamk.fi\/moodle\/fi\/aktiviteetit-ja-aineistot\/aktiviteettien-paivamaaraasetukset\/#breadcrumb","itemListElement":[{"@type":"ListItem","position":1,"name":"Etusivu","item":"https:\/\/help.jamk.fi\/moodle\/fi\/"},{"@type":"ListItem","position":2,"name":"Aktiviteetit ja aineistot","item":"https:\/\/help.jamk.fi\/moodle\/fi\/aktiviteetit-ja-aineistot\/"},{"@type":"ListItem","position":3,"name":"Aktiviteettien p\u00e4iv\u00e4m\u00e4\u00e4r\u00e4asetukset"}]},{"@type":"WebSite","@id":"https:\/\/help.jamk.fi\/moodle\/#website","url":"https:\/\/help.jamk.fi\/moodle\/","name":"Moodle","description":"","potentialAction":[{"@type":"SearchAction","target":{"@type":"EntryPoint","urlTemplate":"https:\/\/help.jamk.fi\/moodle\/?s={search_term_string}"},"query-input":{"@type":"PropertyValueSpecification","valueRequired":true,"valueName":"search_term_string"}}],"inLanguage":"fi"}]}},"_links":{"self":[{"href":"https:\/\/help.jamk.fi\/moodle\/wp-json\/wp\/v2\/pages\/670","targetHints":{"allow":["GET"]}}],"collection":[{"href":"https:\/\/help.jamk.fi\/moodle\/wp-json\/wp\/v2\/pages"}],"about":[{"href":"https:\/\/help.jamk.fi\/moodle\/wp-json\/wp\/v2\/types\/page"}],"author":[{"embeddable":true,"href":"https:\/\/help.jamk.fi\/moodle\/wp-json\/wp\/v2\/users\/74"}],"replies":[{"embeddable":true,"href":"https:\/\/help.jamk.fi\/moodle\/wp-json\/wp\/v2\/comments?post=670"}],"version-history":[{"count":12,"href":"https:\/\/help.jamk.fi\/moodle\/wp-json\/wp\/v2\/pages\/670\/revisions"}],"predecessor-version":[{"id":4750,"href":"https:\/\/help.jamk.fi\/moodle\/wp-json\/wp\/v2\/pages\/670\/revisions\/4750"}],"up":[{"embeddable":true,"href":"https:\/\/help.jamk.fi\/moodle\/wp-json\/wp\/v2\/pages\/37"}],"wp:attachment":[{"href":"https:\/\/help.jamk.fi\/moodle\/wp-json\/wp\/v2\/media?parent=670"}],"wp:term":[{"taxonomy":"category","embeddable":true,"href":"https:\/\/help.jamk.fi\/moodle\/wp-json\/wp\/v2\/categories?post=670"},{"taxonomy":"post_tag","embeddable":true,"href":"https:\/\/help.jamk.fi\/moodle\/wp-json\/wp\/v2\/tags?post=670"}],"curies":[{"name":"wp","href":"https:\/\/api.w.org\/{rel}","templated":true}]}}