{"id":7,"date":"2020-05-06T09:45:10","date_gmt":"2020-05-06T06:45:10","guid":{"rendered":"https:\/\/help.jamk.fi\/moodle\/esimerkkisivu\/"},"modified":"2025-05-20T13:16:13","modified_gmt":"2025-05-20T10:16:13","slug":"moodle-jamkissa","status":"publish","type":"page","link":"https:\/\/help.jamk.fi\/moodle\/fi\/","title":{"rendered":"Moodle Jamkissa"},"content":{"rendered":"<div id=\"link-lifts-block_e3a9a8e7d6086a378ba6637a1bc405fd\" class=\"link-lifts block-link-lifts\">\n  <div class=\"row\">\n            <div class=\"col-12 col-lg-4 block-link-lifts__column\">\n          <div class=\"block-link-lifts__item pink\">\n            <h3 class=\"block-link-lifts__item--heading\">Uudelle k\u00e4ytt\u00e4j\u00e4lle<\/h3>\n                          <ul class=\"block-link-lifts__item--link-list\">\n                                                                        <li>\n                                              <a class=\"link-list\" href=\"https:\/\/help.jamk.fi\/moodle\/fi\/tukea-moodlen-kayttoon\/kysy-me-autamme\/\" target=\"_self\">Kysy \u2013 me autamme<\/a>\n                                          <\/li>\n                                                                                          <li>\n                                              <a class=\"link-list\" href=\"https:\/\/help.jamk.fi\/moodle\/fi\/uudelle-kayttajalle\/ensiaskeleet-moodle-kurssilla\/\" target=\"_self\">Ensiaskeleet Moodle-kurssilla<\/a>\n                                          <\/li>\n                                                                                          <li>\n                                              <a class=\"link-list\" href=\"https:\/\/help.jamk.fi\/moodle\/fi\/uudelle-kayttajalle\/kurssin-luominen\/\" target=\"_self\">Uuden Moodle-kurssin luominen Pepiss\u00e4<\/a>\n                                          <\/li>\n                                                                                          <li>\n                                              <a class=\"link-list\" href=\"https:\/\/help.jamk.fi\/moodle\/fi\/uudelle-kayttajalle\/jamkin-moodle-pankki\/\" target=\"_self\">Jamkin Moodle-pankki<\/a>\n                                          <\/li>\n                                                                                          <li>\n                                              <a class=\"link-list\" href=\"https:\/\/help.jamk.fi\/moodle\/fi\/uudelle-kayttajalle\/tuo-toiminnon-kayttaminen-sisaltoja-kopioitaessa\/\" target=\"_self\">Tuo-toiminnon k\u00e4ytt\u00e4minen kokonaista kurssia kopioitaessa<\/a>\n                                          <\/li>\n                                                                                          <li>\n                                              <a class=\"link-list\" href=\"https:\/\/help.jamk.fi\/moodle\/fi\/uudelle-kayttajalle\/sharing-cart\/\" target=\"_self\">Sharing cart kurssin osia, aktiviteetteja tai aineistoja siirrett\u00e4ess\u00e4<\/a>\n                                          <\/li>\n                                                                                          <li>\n                                              <a class=\"link-list\" href=\"https:\/\/help.jamk.fi\/moodle\/fi\/aktiviteetit-ja-aineistot\/edistymisen-seuranta\/\" target=\"_self\">Edistymisen seurannan hy\u00f6dynt\u00e4minen Moodlessa<\/a>\n                                          <\/li>\n                                                                                          <li>\n                                              <a class=\"link-list\" href=\"https:\/\/help.jamk.fi\/moodle\/fi\/uudelle-kayttajalle\/arviointikirjan-perusteet-moodlessa\/\" target=\"_self\">Arviointikirjan perusteet Moodlessa<\/a>\n                                          <\/li>\n                                                                                          <li>\n                                              <a class=\"link-list\" href=\"https:\/\/help.jamk.fi\/moodle\/fi\/tukea-moodlen-kayttoon\/vinkit\/\" target=\"_self\">Moodle-vinkkej\u00e4 opettajalle<\/a>\n                                          <\/li>\n                                                <\/ul>\n            \n          <\/div>\n        <\/div>\n            <div class=\"col-12 col-lg-4 block-link-lifts__column\">\n          <div class=\"block-link-lifts__item pink\">\n            <h3 class=\"block-link-lifts__item--heading\">Aktiviteetit ja aineistot<\/h3>\n                          <ul class=\"block-link-lifts__item--link-list\">\n                                                                        <li>\n                                              <a class=\"link-list\" href=\"https:\/\/help.jamk.fi\/moodle\/fi\/aktiviteetit-ja-aineistot\/tehtava-aktiviteetti\/\" target=\"_self\">Teht\u00e4v\u00e4-aktiviteetin rakentaminen<\/a>\n                                          <\/li>\n                                                                                          <li>\n                                              <a class=\"link-list\" href=\"https:\/\/help.jamk.fi\/moodle\/fi\/aktiviteetit-ja-aineistot\/keskustelualue-aktiviteetti\/\" target=\"_self\">Keskustelualue-aktiviteetin rakentaminen<\/a>\n                                          <\/li>\n                                                                                          <li>\n                                              <a class=\"link-list\" href=\"https:\/\/help.jamk.fi\/moodle\/fi\/aktiviteetit-ja-aineistot\/kysymyspankin-ja-tentti-aktiviteetin-kaytto\/\" target=\"_self\">Kysymyspankin ja Tentti-aktiviteetin k\u00e4ytt\u00f6<\/a>\n                                          <\/li>\n                                                                                          <li>\n                                              <a class=\"link-list\" href=\"https:\/\/help.jamk.fi\/moodle\/fi\/aktiviteetit-ja-aineistot\/taulu-aktiviteetti\/\" target=\"_self\">Taulu-aktiviteetti<\/a>\n                                          <\/li>\n                                                                                          <li>\n                                              <a class=\"link-list\" href=\"https:\/\/help.jamk.fi\/moodle\/fi\/aktiviteetit-ja-aineistot\/aktiviteettien-paivamaaraasetukset\/\" target=\"_self\">Aktiviteettien p\u00e4iv\u00e4m\u00e4\u00e4r\u00e4asetukset<\/a>\n                                          <\/li>\n                                                                                          <li>\n                                              <a class=\"link-list\" href=\"https:\/\/help.jamk.fi\/moodle\/fi\/aktiviteetit-ja-aineistot\/turnitin\/\" target=\"_self\">Turnitin-asetukset<\/a>\n                                          <\/li>\n                                                <\/ul>\n            \n          <\/div>\n        <\/div>\n            <div class=\"col-12 col-lg-4 block-link-lifts__column\">\n          <div class=\"block-link-lifts__item pink\">\n            <h3 class=\"block-link-lifts__item--heading\">Ryhm\u00e4ty\u00f6skentely Moodlessa<\/h3>\n                          <ul class=\"block-link-lifts__item--link-list\">\n                                                                        <li>\n                                              <a class=\"link-list\" href=\"https:\/\/help.jamk.fi\/moodle\/fi\/ryhmatyoskentely-moodlessa\/ryhmat-manuaalisesti-tai-automaattisesti\/\" target=\"_self\">Ryhmien manuaalinen ja automaattinen lis\u00e4\u00e4minen kurssille<\/a>\n                                          <\/li>\n                                                                                          <li>\n                                              <a class=\"link-list\" href=\"https:\/\/help.jamk.fi\/moodle\/fi\/ryhmatyoskentely-moodlessa\/ryhmanmuodostus-aktiviteetin-kaytto\/\" target=\"_self\">Ryhm\u00e4nmuodostus-aktiviteetin k\u00e4ytt\u00f6<\/a>\n                                          <\/li>\n                                                                                          <li>\n                                              <a class=\"link-list\" href=\"https:\/\/help.jamk.fi\/moodle\/fi\/ryhmatyoskentely-moodlessa\/ryhmavalinta-aktiviteetin-kaytto\/\" target=\"_self\">Ryhm\u00e4valinta-aktiviteetin k\u00e4ytt\u00f6<\/a>\n                                          <\/li>\n                                                <\/ul>\n            \n          <\/div>\n        <\/div>\n            <div class=\"col-12 col-lg-4 block-link-lifts__column\">\n          <div class=\"block-link-lifts__item pink\">\n            <h3 class=\"block-link-lifts__item--heading\">Opiskelijan ohjeet<\/h3>\n                          <ul class=\"block-link-lifts__item--link-list\">\n                                                                        <li>\n                                              <a class=\"link-list external\" href=\"https:\/\/help.jamk.fi\/oppiminen\/fi\/moodle-3\/\" target=\"_blank\" aria-label=\"Avautuu uuteen v\u00e4lilehteen\" >Moodle oppimisymp\u00e4rist\u00f6n\u00e4<i  ><svg aria-hidden=\"true\" viewBox=\"0 0 12 12\" fill=\"none\" xmlns=\"http:\/\/www.w3.org\/2000\/svg\"><path d=\"M9.23 11.17H.77V1.83h4.615V1H0v11h10V6.189h-.77v4.98z\" fill=\"#fff\"\/><path d=\"M7.002 0v.833h3.576L4 7.411 4.589 8l6.578-6.578v3.576H12V0H7.002z\" fill=\"#fff\"\/><\/svg><\/i><\/a>\n                                          <\/li>\n                                                <\/ul>\n            \n          <\/div>\n        <\/div>\n      <\/div>\n<\/div>","protected":false},"excerpt":{"rendered":"","protected":false},"author":74,"featured_media":0,"parent":0,"menu_order":0,"comment_status":"closed","ping_status":"open","template":"templates\/template-full-width.php","meta":{"_acf_changed":false,"_relevanssi_hide_post":"","_relevanssi_hide_content":"","_relevanssi_pin_for_all":"","_relevanssi_pin_keywords":"","_relevanssi_unpin_keywords":"","_relevanssi_related_keywords":"","_relevanssi_related_include_ids":"","_relevanssi_related_exclude_ids":"","_relevanssi_related_no_append":"","_relevanssi_related_not_related":"","_relevanssi_related_posts":"","_relevanssi_noindex_reason":"","footnotes":""},"categories":[],"tags":[167],"class_list":["post-7","page","type-page","status-publish","hentry","tag-moodle"],"acf":[],"yoast_head":"<!-- This site is optimized with the Yoast SEO plugin v27.3 - https:\/\/yoast.com\/product\/yoast-seo-wordpress\/ -->\n<title>Moodle Jamkissa - Moodle<\/title>\n<meta name=\"robots\" content=\"index, follow, max-snippet:-1, max-image-preview:large, max-video-preview:-1\" \/>\n<link rel=\"canonical\" href=\"https:\/\/help.jamk.fi\/moodle\/fi\/\" \/>\n<meta property=\"og:locale\" content=\"fi_FI\" \/>\n<meta property=\"og:type\" content=\"article\" \/>\n<meta property=\"og:title\" content=\"Moodle Jamkissa - Moodle\" \/>\n<meta property=\"og:url\" content=\"https:\/\/help.jamk.fi\/moodle\/fi\/\" \/>\n<meta property=\"og:site_name\" content=\"Moodle\" \/>\n<meta property=\"article:modified_time\" content=\"2025-05-20T10:16:13+00:00\" \/>\n<meta name=\"twitter:card\" content=\"summary_large_image\" \/>\n<script type=\"application\/ld+json\" class=\"yoast-schema-graph\">{\"@context\":\"https:\\\/\\\/schema.org\",\"@graph\":[{\"@type\":\"WebPage\",\"@id\":\"https:\\\/\\\/help.jamk.fi\\\/moodle\\\/fi\\\/\",\"url\":\"https:\\\/\\\/help.jamk.fi\\\/moodle\\\/fi\\\/\",\"name\":\"Moodle Jamkissa - Moodle\",\"isPartOf\":{\"@id\":\"https:\\\/\\\/help.jamk.fi\\\/moodle\\\/#website\"},\"datePublished\":\"2020-05-06T06:45:10+00:00\",\"dateModified\":\"2025-05-20T10:16:13+00:00\",\"breadcrumb\":{\"@id\":\"https:\\\/\\\/help.jamk.fi\\\/moodle\\\/fi\\\/#breadcrumb\"},\"inLanguage\":\"fi\",\"potentialAction\":[{\"@type\":\"ReadAction\",\"target\":[\"https:\\\/\\\/help.jamk.fi\\\/moodle\\\/fi\\\/\"]}]},{\"@type\":\"BreadcrumbList\",\"@id\":\"https:\\\/\\\/help.jamk.fi\\\/moodle\\\/fi\\\/#breadcrumb\",\"itemListElement\":[{\"@type\":\"ListItem\",\"position\":1,\"name\":\"Etusivu\",\"item\":\"https:\\\/\\\/help.jamk.fi\\\/moodle\\\/fi\\\/\"},{\"@type\":\"ListItem\",\"position\":2,\"name\":\"Moodle Jamkissa\"}]},{\"@type\":\"WebSite\",\"@id\":\"https:\\\/\\\/help.jamk.fi\\\/moodle\\\/#website\",\"url\":\"https:\\\/\\\/help.jamk.fi\\\/moodle\\\/\",\"name\":\"Moodle\",\"description\":\"\",\"potentialAction\":[{\"@type\":\"SearchAction\",\"target\":{\"@type\":\"EntryPoint\",\"urlTemplate\":\"https:\\\/\\\/help.jamk.fi\\\/moodle\\\/?s={search_term_string}\"},\"query-input\":{\"@type\":\"PropertyValueSpecification\",\"valueRequired\":true,\"valueName\":\"search_term_string\"}}],\"inLanguage\":\"fi\"}]}<\/script>\n<!-- \/ Yoast SEO plugin. -->","yoast_head_json":{"title":"Moodle Jamkissa - Moodle","robots":{"index":"index","follow":"follow","max-snippet":"max-snippet:-1","max-image-preview":"max-image-preview:large","max-video-preview":"max-video-preview:-1"},"canonical":"https:\/\/help.jamk.fi\/moodle\/fi\/","og_locale":"fi_FI","og_type":"article","og_title":"Moodle Jamkissa - Moodle","og_url":"https:\/\/help.jamk.fi\/moodle\/fi\/","og_site_name":"Moodle","article_modified_time":"2025-05-20T10:16:13+00:00","twitter_card":"summary_large_image","schema":{"@context":"https:\/\/schema.org","@graph":[{"@type":"WebPage","@id":"https:\/\/help.jamk.fi\/moodle\/fi\/","url":"https:\/\/help.jamk.fi\/moodle\/fi\/","name":"Moodle Jamkissa - Moodle","isPartOf":{"@id":"https:\/\/help.jamk.fi\/moodle\/#website"},"datePublished":"2020-05-06T06:45:10+00:00","dateModified":"2025-05-20T10:16:13+00:00","breadcrumb":{"@id":"https:\/\/help.jamk.fi\/moodle\/fi\/#breadcrumb"},"inLanguage":"fi","potentialAction":[{"@type":"ReadAction","target":["https:\/\/help.jamk.fi\/moodle\/fi\/"]}]},{"@type":"BreadcrumbList","@id":"https:\/\/help.jamk.fi\/moodle\/fi\/#breadcrumb","itemListElement":[{"@type":"ListItem","position":1,"name":"Etusivu","item":"https:\/\/help.jamk.fi\/moodle\/fi\/"},{"@type":"ListItem","position":2,"name":"Moodle Jamkissa"}]},{"@type":"WebSite","@id":"https:\/\/help.jamk.fi\/moodle\/#website","url":"https:\/\/help.jamk.fi\/moodle\/","name":"Moodle","description":"","potentialAction":[{"@type":"SearchAction","target":{"@type":"EntryPoint","urlTemplate":"https:\/\/help.jamk.fi\/moodle\/?s={search_term_string}"},"query-input":{"@type":"PropertyValueSpecification","valueRequired":true,"valueName":"search_term_string"}}],"inLanguage":"fi"}]}},"_links":{"self":[{"href":"https:\/\/help.jamk.fi\/moodle\/wp-json\/wp\/v2\/pages\/7","targetHints":{"allow":["GET"]}}],"collection":[{"href":"https:\/\/help.jamk.fi\/moodle\/wp-json\/wp\/v2\/pages"}],"about":[{"href":"https:\/\/help.jamk.fi\/moodle\/wp-json\/wp\/v2\/types\/page"}],"author":[{"embeddable":true,"href":"https:\/\/help.jamk.fi\/moodle\/wp-json\/wp\/v2\/users\/74"}],"replies":[{"embeddable":true,"href":"https:\/\/help.jamk.fi\/moodle\/wp-json\/wp\/v2\/comments?post=7"}],"version-history":[{"count":82,"href":"https:\/\/help.jamk.fi\/moodle\/wp-json\/wp\/v2\/pages\/7\/revisions"}],"predecessor-version":[{"id":4909,"href":"https:\/\/help.jamk.fi\/moodle\/wp-json\/wp\/v2\/pages\/7\/revisions\/4909"}],"wp:attachment":[{"href":"https:\/\/help.jamk.fi\/moodle\/wp-json\/wp\/v2\/media?parent=7"}],"wp:term":[{"taxonomy":"category","embeddable":true,"href":"https:\/\/help.jamk.fi\/moodle\/wp-json\/wp\/v2\/categories?post=7"},{"taxonomy":"post_tag","embeddable":true,"href":"https:\/\/help.jamk.fi\/moodle\/wp-json\/wp\/v2\/tags?post=7"}],"curies":[{"name":"wp","href":"https:\/\/api.w.org\/{rel}","templated":true}]}}