{"id":14,"date":"2015-05-25T13:20:58","date_gmt":"2015-05-25T10:20:58","guid":{"rendered":"https:\/\/help.jamk.fi\/move-kasikirja\/6-netiketti\/"},"modified":"2024-01-12T11:27:56","modified_gmt":"2024-01-12T09:27:56","slug":"6-netiketti","status":"publish","type":"page","link":"https:\/\/help.jamk.fi\/movekasikirja\/fi\/6-netiketti\/","title":{"rendered":"7. Reiluus ja eettisyys opiskelussa"},"content":{"rendered":"\n<p>Monimuoto-opinnoissa on hyv\u00e4 tiedostaa ammattieettinen ja asianmukainen k\u00e4ytt\u00e4ytyminen yht\u00e4 lailla verkko-alustoilla kuin l\u00e4hiopetuksessakin. Hyv\u00e4t k\u00e4yt\u00f6stavat verkossa eiv\u00e4t kuitenkaan tarkoita sit\u00e4, etteik\u00f6 asioista saisi olla erimielt\u00e4. Muista kuitenkin olla kritiikiss\u00e4si rakentava ja esitt\u00e4\u00e4 perusteluja n\u00e4k\u00f6kulmillesi. Hyv\u00e4\u00e4 vuorovaikutukseen ja dialogitaitoihin kuuluu my\u00f6s taito kuunnella muita ja antaa keskustelussa tilaa eri n\u00e4k\u00f6kulmille. Kun toimit toisia opiskelijoita kohtaan reilusti, niin voit odottaa my\u00f6s sinua kohtaan toimittavan samoin. Opintojen aikana harjoitellaan erityisesti ammatillista verkossa toimimista, mutta yht\u00e4 lailla t\u00e4rke\u00e4\u00e4 on pohtia sit\u00e4, mink\u00e4laisen ammatillisen ja henkil\u00f6kohtaisen digitaalisen jalanj\u00e4ljen j\u00e4t\u00e4n esimerkiksi sosiaalisen media alustoille itsest\u00e4si, edustamastasi korkeakoulusta tai yhteisty\u00f6kumppaneistasi esimerkiksi harjoittelupaikastasi.<\/p>\n\n\n\n<h2 class=\"wp-block-heading\">Tekij\u00e4noikeudet ja eettisyys opinnoissa<\/h2>\n\n\n\n<p>Opiskelijan on hyv\u00e4 ottaa huomioon tekij\u00e4noikeudet ja eettisyys jo opintojen alkuvaiheessa. <a href=\"https:\/\/opinto-oppaat.jamk.fi\/globalassets\/opinto-opas-amk\/opiskelu\/pedagogiset-ja-eettiset-periaatteet\/eettiset-periaatteet-11122018.pdf\">Jamkin eettisiin periaatteisiin<\/a> on syyt\u00e4 tutustua jo opintojen alussa. Opintojen alussa tyypillinen eettinen ongelmatilanne on plagiointi eli tekstin tai muun aineiston luvaton lainaaminen. Harjoittele siis jo alusta asti k\u00e4ytt\u00e4m\u00e4\u00e4n l\u00e4hteit\u00e4 oikeaoppisesti. My\u00f6s toisen opiskelijan tekstin kopiointi ja julkaiseminen omanaan on plagiointia. Jamkin avoimien oppimateriaalien\u00a0 <a href=\"https:\/\/help.jamk.fi\/raportointiohje\/5-lahteiden-kaytto\/\">opinn\u00e4ytety\u00f6n raportointiohjeesta<\/a> l\u00f6yd\u00e4t tarvittavaa tietoa l\u00e4hteiden k\u00e4yt\u00f6st\u00e4. Jamkissa k\u00e4ytet\u00e4\u00e4n tekstin tarkistamiseen <a href=\"https:\/\/help.turnitin.com\/feedback-studio\/turnitin-website\/student\/quickstart.htm?_ga=2.245287429.1868166487.1618314190-2081407457.1603273761\">Turnitin Similarity<\/a> -palvelua. Se etsii ty\u00f6st\u00e4 kaikki yht\u00e4l\u00e4isyydet internetiss\u00e4 julkaistuun materiaaliin, satoihin miljooniin kirjoihin sek\u00e4 muihin j\u00e4rjestelm\u00e4ll\u00e4 tarkastettuihin asiakirjoihin. T\u00e4m\u00e4n palvelun kautta voidaan tarkistaa esimerkiksi oppimisteht\u00e4vi\u00e4, jotka on palautettu Moodlen palautuskansioon.<\/p>\n\n\n\n<p>Tekij\u00e4noikeuksia rikotaan usein my\u00f6s k\u00e4ytt\u00e4m\u00e4ll\u00e4 verkossa olevaa kuvamateriaalia luvatta. Visuaalisuus oppimisteht\u00e4viss\u00e4 on kannustettavaa, mutta muista, ett\u00e4 mit\u00e4 tahansa verkosta l\u00f6yt\u00e4m\u00e4\u00e4si kuvaa et voi k\u00e4ytt\u00e4\u00e4.&nbsp; Sama p\u00e4tee toki my\u00f6s \u00e4\u00e4nitiedostoihin ja muuhunkin sis\u00e4lt\u00f6\u00f6n. Verkosta l\u00f6ytyy kuitenkin runsaasti my\u00f6s avoimilla lisensseill\u00e4, esim. <a href=\"https:\/\/creativecommons.fi\/\">Creative Commons<\/a> -lisensseill\u00e4, julkaistuja kuvia.<\/p>\n\n\n\n<p>Itse tuottamaasi materiaalia, kuten valokuvia, \u00e4\u00e4nitiedostoja tai videoita voit hy\u00f6dynt\u00e4\u00e4 opinnoissasi haluamallasi tavalla, kun huomioit niiden kohdalla esimerkiksi asiakkaiden oikeuden yksityisyyteen.<\/p>\n\n\n\n<p>Alla on esimerkki kuvien hakemisesta <a href=\"https:\/\/www.flickr.com\/\">Flickr-kuvapalvelun<\/a> Creative Commons kuvista.<\/p>\n\n\n<div class=\"wp-block-image\">\n<figure class=\"aligncenter\"><a href=\"https:\/\/help.jamk.fi\/move-kasikirja\/wp-content\/uploads\/sites\/58\/2023\/07\/flicr_cc_haku.png\"><img decoding=\"async\" src=\"https:\/\/help.jamk.fi\/move-kasikirja\/wp-content\/uploads\/sites\/58\/2023\/07\/flicr_cc_haku.png\" alt=\"Creative Commons -kuvan hakeminen Flicrist\u00e4.\" class=\"wp-image-68\"\/><\/a><figcaption class=\"wp-element-caption\">Creative Commons -kuvan hakeminen Flickrist\u00e4.<\/figcaption><\/figure>\n<\/div>\n\n\n<p>Alla viel\u00e4 esimerkinomaisesti yksi kuva kyseisest\u00e4 hausta. Lisenssi oikeuttaa kuvan julkaisemisen, kunhan tekij\u00e4n nimi on mainittua ja kuvaa ei ole alkuper\u00e4isest\u00e4 muokattu.<\/p>\n\n\n<div class=\"wp-block-image\">\n<figure class=\"aligncenter\"><a href=\"https:\/\/help.jamk.fi\/move-kasikirja\/wp-content\/uploads\/sites\/58\/2023\/07\/jyvaskyla.jpg\"><img decoding=\"async\" src=\"https:\/\/help.jamk.fi\/move-kasikirja\/wp-content\/uploads\/sites\/58\/2023\/07\/jyvaskyla.jpg\" alt=\"Flickr kuva. Marjaana Pato CC BY-ND 2.0 \" class=\"wp-image-69\"\/><\/a><figcaption class=\"wp-element-caption\">Flickr-kuva. Marjaana Pato CC BY-ND 2.0<\/figcaption><\/figure>\n<\/div>","protected":false},"excerpt":{"rendered":"<p>Monimuoto-opinnoissa on hyv\u00e4 tiedostaa ammattieettinen ja asianmukainen k\u00e4ytt\u00e4ytyminen yht\u00e4 lailla verkko-alustoilla kuin l\u00e4hiopetuksessakin. Hyv\u00e4t k\u00e4yt\u00f6stavat verkossa eiv\u00e4t kuitenkaan tarkoita sit\u00e4, etteik\u00f6 asioista saisi olla erimielt\u00e4. Muista kuitenkin olla kritiikiss\u00e4si rakentava ja esitt\u00e4\u00e4 perusteluja n\u00e4k\u00f6kulmillesi. Hyv\u00e4\u00e4 vuorovaikutukseen ja dialogitaitoihin kuuluu my\u00f6s taito kuunnella muita ja antaa keskustelussa tilaa eri n\u00e4k\u00f6kulmille. Kun toimit toisia opiskelijoita kohtaan reilusti, [&hellip;]<\/p>\n","protected":false},"author":97,"featured_media":0,"parent":0,"menu_order":7,"comment_status":"closed","ping_status":"closed","template":"","meta":{"_acf_changed":false,"_relevanssi_hide_post":"","_relevanssi_hide_content":"","_relevanssi_pin_for_all":"","_relevanssi_pin_keywords":"","_relevanssi_unpin_keywords":"","_relevanssi_related_keywords":"","_relevanssi_related_include_ids":"","_relevanssi_related_exclude_ids":"","_relevanssi_related_no_append":"","_relevanssi_related_not_related":"","_relevanssi_related_posts":"","_relevanssi_noindex_reason":"","footnotes":""},"categories":[],"tags":[],"class_list":["post-14","page","type-page","status-publish","hentry"],"acf":[],"yoast_head":"<!-- This site is optimized with the Yoast SEO plugin v27.3 - https:\/\/yoast.com\/product\/yoast-seo-wordpress\/ -->\n<title>7. Reiluus ja eettisyys opiskelussa - Move-k\u00e4sikirja<\/title>\n<meta name=\"robots\" content=\"index, follow, max-snippet:-1, max-image-preview:large, max-video-preview:-1\" \/>\n<link rel=\"canonical\" href=\"https:\/\/help.jamk.fi\/movekasikirja\/fi\/6-netiketti\/\" \/>\n<meta property=\"og:locale\" content=\"fi_FI\" \/>\n<meta property=\"og:type\" content=\"article\" \/>\n<meta property=\"og:title\" content=\"7. Reiluus ja eettisyys opiskelussa - Move-k\u00e4sikirja\" \/>\n<meta property=\"og:description\" content=\"Monimuoto-opinnoissa on hyv\u00e4 tiedostaa ammattieettinen ja asianmukainen k\u00e4ytt\u00e4ytyminen yht\u00e4 lailla verkko-alustoilla kuin l\u00e4hiopetuksessakin. Hyv\u00e4t k\u00e4yt\u00f6stavat verkossa eiv\u00e4t kuitenkaan tarkoita sit\u00e4, etteik\u00f6 asioista saisi olla erimielt\u00e4. Muista kuitenkin olla kritiikiss\u00e4si rakentava ja esitt\u00e4\u00e4 perusteluja n\u00e4k\u00f6kulmillesi. Hyv\u00e4\u00e4 vuorovaikutukseen ja dialogitaitoihin kuuluu my\u00f6s taito kuunnella muita ja antaa keskustelussa tilaa eri n\u00e4k\u00f6kulmille. Kun toimit toisia opiskelijoita kohtaan reilusti, [&hellip;]\" \/>\n<meta property=\"og:url\" content=\"https:\/\/help.jamk.fi\/movekasikirja\/fi\/6-netiketti\/\" \/>\n<meta property=\"og:site_name\" content=\"Move-k\u00e4sikirja\" \/>\n<meta property=\"article:modified_time\" content=\"2024-01-12T09:27:56+00:00\" \/>\n<meta property=\"og:image\" content=\"https:\/\/help.jamk.fi\/move-kasikirja\/wp-content\/uploads\/sites\/58\/2023\/07\/flicr_cc_haku.png\" \/>\n<meta name=\"twitter:card\" content=\"summary_large_image\" \/>\n<meta name=\"twitter:label1\" content=\"Arvioitu lukuaika\" \/>\n\t<meta name=\"twitter:data1\" content=\"3 minuuttia\" \/>\n<script type=\"application\/ld+json\" class=\"yoast-schema-graph\">{\"@context\":\"https:\\\/\\\/schema.org\",\"@graph\":[{\"@type\":\"WebPage\",\"@id\":\"https:\\\/\\\/help.jamk.fi\\\/movekasikirja\\\/fi\\\/6-netiketti\\\/\",\"url\":\"https:\\\/\\\/help.jamk.fi\\\/movekasikirja\\\/fi\\\/6-netiketti\\\/\",\"name\":\"7. Reiluus ja eettisyys opiskelussa - Move-k\u00e4sikirja\",\"isPartOf\":{\"@id\":\"https:\\\/\\\/help.jamk.fi\\\/movekasikirja\\\/#website\"},\"primaryImageOfPage\":{\"@id\":\"https:\\\/\\\/help.jamk.fi\\\/movekasikirja\\\/fi\\\/6-netiketti\\\/#primaryimage\"},\"image\":{\"@id\":\"https:\\\/\\\/help.jamk.fi\\\/movekasikirja\\\/fi\\\/6-netiketti\\\/#primaryimage\"},\"thumbnailUrl\":\"https:\\\/\\\/help.jamk.fi\\\/move-kasikirja\\\/wp-content\\\/uploads\\\/sites\\\/58\\\/2023\\\/07\\\/flicr_cc_haku.png\",\"datePublished\":\"2015-05-25T10:20:58+00:00\",\"dateModified\":\"2024-01-12T09:27:56+00:00\",\"breadcrumb\":{\"@id\":\"https:\\\/\\\/help.jamk.fi\\\/movekasikirja\\\/fi\\\/6-netiketti\\\/#breadcrumb\"},\"inLanguage\":\"fi\",\"potentialAction\":[{\"@type\":\"ReadAction\",\"target\":[\"https:\\\/\\\/help.jamk.fi\\\/movekasikirja\\\/fi\\\/6-netiketti\\\/\"]}]},{\"@type\":\"ImageObject\",\"inLanguage\":\"fi\",\"@id\":\"https:\\\/\\\/help.jamk.fi\\\/movekasikirja\\\/fi\\\/6-netiketti\\\/#primaryimage\",\"url\":\"https:\\\/\\\/help.jamk.fi\\\/move-kasikirja\\\/wp-content\\\/uploads\\\/sites\\\/58\\\/2023\\\/07\\\/flicr_cc_haku.png\",\"contentUrl\":\"https:\\\/\\\/help.jamk.fi\\\/move-kasikirja\\\/wp-content\\\/uploads\\\/sites\\\/58\\\/2023\\\/07\\\/flicr_cc_haku.png\"},{\"@type\":\"BreadcrumbList\",\"@id\":\"https:\\\/\\\/help.jamk.fi\\\/movekasikirja\\\/fi\\\/6-netiketti\\\/#breadcrumb\",\"itemListElement\":[{\"@type\":\"ListItem\",\"position\":1,\"name\":\"Etusivu\",\"item\":\"https:\\\/\\\/help.jamk.fi\\\/movekasikirja\\\/fi\\\/\"},{\"@type\":\"ListItem\",\"position\":2,\"name\":\"7. Reiluus ja eettisyys opiskelussa\"}]},{\"@type\":\"WebSite\",\"@id\":\"https:\\\/\\\/help.jamk.fi\\\/movekasikirja\\\/#website\",\"url\":\"https:\\\/\\\/help.jamk.fi\\\/movekasikirja\\\/\",\"name\":\"Move-k\u00e4sikirja\",\"description\":\"\",\"potentialAction\":[{\"@type\":\"SearchAction\",\"target\":{\"@type\":\"EntryPoint\",\"urlTemplate\":\"https:\\\/\\\/help.jamk.fi\\\/movekasikirja\\\/?s={search_term_string}\"},\"query-input\":{\"@type\":\"PropertyValueSpecification\",\"valueRequired\":true,\"valueName\":\"search_term_string\"}}],\"inLanguage\":\"fi\"}]}<\/script>\n<!-- \/ Yoast SEO plugin. -->","yoast_head_json":{"title":"7. Reiluus ja eettisyys opiskelussa - Move-k\u00e4sikirja","robots":{"index":"index","follow":"follow","max-snippet":"max-snippet:-1","max-image-preview":"max-image-preview:large","max-video-preview":"max-video-preview:-1"},"canonical":"https:\/\/help.jamk.fi\/movekasikirja\/fi\/6-netiketti\/","og_locale":"fi_FI","og_type":"article","og_title":"7. Reiluus ja eettisyys opiskelussa - Move-k\u00e4sikirja","og_description":"Monimuoto-opinnoissa on hyv\u00e4 tiedostaa ammattieettinen ja asianmukainen k\u00e4ytt\u00e4ytyminen yht\u00e4 lailla verkko-alustoilla kuin l\u00e4hiopetuksessakin. Hyv\u00e4t k\u00e4yt\u00f6stavat verkossa eiv\u00e4t kuitenkaan tarkoita sit\u00e4, etteik\u00f6 asioista saisi olla erimielt\u00e4. Muista kuitenkin olla kritiikiss\u00e4si rakentava ja esitt\u00e4\u00e4 perusteluja n\u00e4k\u00f6kulmillesi. Hyv\u00e4\u00e4 vuorovaikutukseen ja dialogitaitoihin kuuluu my\u00f6s taito kuunnella muita ja antaa keskustelussa tilaa eri n\u00e4k\u00f6kulmille. Kun toimit toisia opiskelijoita kohtaan reilusti, [&hellip;]","og_url":"https:\/\/help.jamk.fi\/movekasikirja\/fi\/6-netiketti\/","og_site_name":"Move-k\u00e4sikirja","article_modified_time":"2024-01-12T09:27:56+00:00","og_image":[{"url":"https:\/\/help.jamk.fi\/move-kasikirja\/wp-content\/uploads\/sites\/58\/2023\/07\/flicr_cc_haku.png","type":"","width":"","height":""}],"twitter_card":"summary_large_image","twitter_misc":{"Arvioitu lukuaika":"3 minuuttia"},"schema":{"@context":"https:\/\/schema.org","@graph":[{"@type":"WebPage","@id":"https:\/\/help.jamk.fi\/movekasikirja\/fi\/6-netiketti\/","url":"https:\/\/help.jamk.fi\/movekasikirja\/fi\/6-netiketti\/","name":"7. Reiluus ja eettisyys opiskelussa - Move-k\u00e4sikirja","isPartOf":{"@id":"https:\/\/help.jamk.fi\/movekasikirja\/#website"},"primaryImageOfPage":{"@id":"https:\/\/help.jamk.fi\/movekasikirja\/fi\/6-netiketti\/#primaryimage"},"image":{"@id":"https:\/\/help.jamk.fi\/movekasikirja\/fi\/6-netiketti\/#primaryimage"},"thumbnailUrl":"https:\/\/help.jamk.fi\/move-kasikirja\/wp-content\/uploads\/sites\/58\/2023\/07\/flicr_cc_haku.png","datePublished":"2015-05-25T10:20:58+00:00","dateModified":"2024-01-12T09:27:56+00:00","breadcrumb":{"@id":"https:\/\/help.jamk.fi\/movekasikirja\/fi\/6-netiketti\/#breadcrumb"},"inLanguage":"fi","potentialAction":[{"@type":"ReadAction","target":["https:\/\/help.jamk.fi\/movekasikirja\/fi\/6-netiketti\/"]}]},{"@type":"ImageObject","inLanguage":"fi","@id":"https:\/\/help.jamk.fi\/movekasikirja\/fi\/6-netiketti\/#primaryimage","url":"https:\/\/help.jamk.fi\/move-kasikirja\/wp-content\/uploads\/sites\/58\/2023\/07\/flicr_cc_haku.png","contentUrl":"https:\/\/help.jamk.fi\/move-kasikirja\/wp-content\/uploads\/sites\/58\/2023\/07\/flicr_cc_haku.png"},{"@type":"BreadcrumbList","@id":"https:\/\/help.jamk.fi\/movekasikirja\/fi\/6-netiketti\/#breadcrumb","itemListElement":[{"@type":"ListItem","position":1,"name":"Etusivu","item":"https:\/\/help.jamk.fi\/movekasikirja\/fi\/"},{"@type":"ListItem","position":2,"name":"7. Reiluus ja eettisyys opiskelussa"}]},{"@type":"WebSite","@id":"https:\/\/help.jamk.fi\/movekasikirja\/#website","url":"https:\/\/help.jamk.fi\/movekasikirja\/","name":"Move-k\u00e4sikirja","description":"","potentialAction":[{"@type":"SearchAction","target":{"@type":"EntryPoint","urlTemplate":"https:\/\/help.jamk.fi\/movekasikirja\/?s={search_term_string}"},"query-input":{"@type":"PropertyValueSpecification","valueRequired":true,"valueName":"search_term_string"}}],"inLanguage":"fi"}]}},"_links":{"self":[{"href":"https:\/\/help.jamk.fi\/movekasikirja\/wp-json\/wp\/v2\/pages\/14","targetHints":{"allow":["GET"]}}],"collection":[{"href":"https:\/\/help.jamk.fi\/movekasikirja\/wp-json\/wp\/v2\/pages"}],"about":[{"href":"https:\/\/help.jamk.fi\/movekasikirja\/wp-json\/wp\/v2\/types\/page"}],"author":[{"embeddable":true,"href":"https:\/\/help.jamk.fi\/movekasikirja\/wp-json\/wp\/v2\/users\/97"}],"replies":[{"embeddable":true,"href":"https:\/\/help.jamk.fi\/movekasikirja\/wp-json\/wp\/v2\/comments?post=14"}],"version-history":[{"count":7,"href":"https:\/\/help.jamk.fi\/movekasikirja\/wp-json\/wp\/v2\/pages\/14\/revisions"}],"predecessor-version":[{"id":225,"href":"https:\/\/help.jamk.fi\/movekasikirja\/wp-json\/wp\/v2\/pages\/14\/revisions\/225"}],"wp:attachment":[{"href":"https:\/\/help.jamk.fi\/movekasikirja\/wp-json\/wp\/v2\/media?parent=14"}],"wp:term":[{"taxonomy":"category","embeddable":true,"href":"https:\/\/help.jamk.fi\/movekasikirja\/wp-json\/wp\/v2\/categories?post=14"},{"taxonomy":"post_tag","embeddable":true,"href":"https:\/\/help.jamk.fi\/movekasikirja\/wp-json\/wp\/v2\/tags?post=14"}],"curies":[{"name":"wp","href":"https:\/\/api.w.org\/{rel}","templated":true}]}}