{"id":32,"date":"2015-05-26T05:59:49","date_gmt":"2015-05-26T02:59:49","guid":{"rendered":"https:\/\/help.jamk.fi\/move-kasikirja\/4-opintojen-ohjaus\/"},"modified":"2026-01-15T09:42:55","modified_gmt":"2026-01-15T07:42:55","slug":"4-opintojen-ohjaus","status":"publish","type":"page","link":"https:\/\/help.jamk.fi\/movekasikirja\/fi\/4-opintojen-ohjaus\/","title":{"rendered":"5. Opintojen ohjaus"},"content":{"rendered":"\n<p>Korkeakouluopiskelussa oma aktiivisuutesi on merkityksellist\u00e4 opintojen etenemisen suhteen &#8211; opintosi eiv\u00e4t etene kenenk\u00e4\u00e4n muun ty\u00f6panoksella. Olet opinnoissasi niin sanotusti kuskin paikalla: asettaen tavoitteita, tehden valintoja ja miettien ajank\u00e4ytt\u00f6\u00e4si ja olemassa olevia voimavarojasi. On kuitenkin hyv\u00e4 muistaa, ettet olet opiskelussasi yksin tai varsinkaan, ett\u00e4 sinun tulisi selvit\u00e4 tai p\u00e4rj\u00e4t\u00e4 kaikesta yksin. Opintojesi alussa huomaat, ett\u00e4 ymp\u00e4rill\u00e4si on paljon sek\u00e4 opiskelijakavereita ett\u00e4 Jamkin henkil\u00f6kuntaa, joiden teht\u00e4v\u00e4n\u00e4 on tukea ja mahdollistaa omalta osaltaan opintojesi sujuva eteneminen ja asettamiesi p\u00e4\u00e4m\u00e4\u00e4rien saavuttaminen tai tavoitteiden mukauttaminen yhteisty\u00f6ss\u00e4.<\/p>\n\n\n\n<p>Opintojesi tueksi on saatavilla erilaista ohjausta ja palveluja, jotka muodostavat hyv\u00e4n tukiverkoston ymp\u00e4rillesi. Se, kuka tai mik\u00e4 ohjauspalvelu, osaa parhaiten antaa vastauksen kysymykseesi riippuu tuentarpeestasi, sen laadusta ja laajuudesta. Sinun on siis hyv\u00e4 perehty\u00e4 ohjauksen toimijoihin ja toimintoihin Elmo-intran <a href=\"https:\/\/jamkstudent.sharepoint.com\/sites\/Ohjaus-ja-hyvinvointi-Elmo\/SitePages\/Jamkin-ohjauspalvelut.aspx\">ohjauksen ja hyvinvoinnin sivulta<\/a> etuk\u00e4teen, jotta \u201ch\u00e4d\u00e4n hetkell\u00e4\u201d osaat k\u00e4\u00e4nty\u00e4 mahdollisimman tarkoituksenmukaisen tahon puoleen.<\/p>\n\n\n\n<p>Monesti parhaat vinkit ja neuvot tulevat l\u00e4helt\u00e4, samassa tilanteessa olevilta kanssaoppijoilta. <b>Oman opiskeluryhm\u00e4si opiskelijat<\/b> ja <strong>vertaistutorit <\/strong>etenev\u00e4t opinnoissa suurin piirtein \u201csamoja latuja\u201d kuin sin\u00e4kin ja voivat jakaa ja pohtia kanssasi aivan samoja kysymyksi\u00e4 kuin sinulla on mieless\u00e4si. Ehk\u00e4p\u00e4 jo vastauksiakin; monella opiskelijalla kun on aiempia korkeakouluopintoja taustalla. K\u00e4yt\u00e4nn\u00f6n seikkoihin liittyviss\u00e4 asioissa sinun kannattaa siis k\u00e4\u00e4nty\u00e4 opiskelijakavereidesi puoleen. Esimerkiksi opiskelukavereiden keskin\u00e4inen WhatsApp-ryhm\u00e4 tai muu vastaava viestikanava voi olla nopein keino ratkaista k\u00e4sill\u00e4 oleva haaste tai pulma esimerkiksi miss\u00e4 l\u00f6ytyy tulevan webinaarin osallistumislinkki tms. WhatsAppissa tai vastaavassa voi yht\u00e4lailla jakaa my\u00f6s hyv\u00e4t vinkit tai k\u00e4yt\u00e4nn\u00f6t toisille.<\/p>\n\n\n\n<p>Jokaisen tutkinto-ohjelman aloittaville opiskelijoille on my\u00f6s nimetty <b>vertaistutoreita<\/b>, jotka ovat aloittaneet omat opintonsa aiemmin ja ovat k\u00e4yneet JAMKOn toteuttaman tutor-koulutuksen. Heid\u00e4n omien opiskelukokemuksien my\u00f6t\u00e4, he osaavat ohjata sinua opiskelun k\u00e4yt\u00e4nteisiin, opiskelijayhteis\u00f6\u00f6n sek\u00e4 vapaa-aikaankin liittyviss\u00e4 asioissa. Useimmiten tunnistat vertaistutorit v\u00e4rikk\u00e4ist\u00e4 haalareista tai tutor-paidasta ja iloisesta meiningist\u00e4 &#8211; \u00e4l\u00e4 siis ep\u00e4r\u00f6i k\u00e4\u00e4nty\u00e4 heid\u00e4n puoleensa! Tutortoiminnan koordinoinnista ja kehitt\u00e4misest\u00e4 vastaa <a href=\"https:\/\/www.jamko.fi\/\">JAMKO<\/a> (Jyv\u00e4skyl\u00e4n ammattikorkeakoulun opiskelijakunta). Mieti my\u00f6s mahdollisuuttasi ja kiinnostustasi hakea itse vertaistutoriksi seuraaville uusille opiskelijoille.<\/p>\n\n\n\n<p>Opintojesi tukena on my\u00f6s ryhm\u00e4llesi nimetty <b>opettajatutor<\/b>, joka opastaa ja auttaa sinua urasuunnitteluun, opintojesi etenemiseen, aikatauluttamiseen sek\u00e4 muihin omaan tutkinto-ohjelmaasi liittyviss\u00e4 asioissa. Oma nimetty opettajatutorisi on monissa tilanteissa sinulle luontevin l\u00e4hiohjaaja ja tuki. Opettajatutor vastaa opintosi alussa olevasta <em>Min\u00e4 korkeakouluopiskelijana<\/em> (2 op) opintojaksosta sek\u00e4 2. vuoteen\/opintojen puoliv\u00e4liin sijoittuvasta Urasuunnittelu- ja ty\u00f6el\u00e4m\u00e4taidot (2 op) opintojaksosta, joten tapaat h\u00e4net sek\u00e4 opintojaksoon liittyv\u00e4ss\u00e4 tapaamisissa ett\u00e4 henkil\u00f6kohtaisissa lukuvuosittain k\u00e4yt\u00e4viss\u00e4 kahdenkeskisiss\u00e4 Hops-keskusteluissa. Tarvittaessa voit my\u00f6s sopia muita ohjaustapaamisia h\u00e4nen kanssaan tai kysy\u00e4 neuvoa kenen puoleen sinun olisi hyv\u00e4 k\u00e4\u00e4nty\u00e4 mielt\u00e4si askarruttavan kysymyksen kanssa mik\u00e4li asia ei <a href=\"https:\/\/jamkstudent.sharepoint.com\/\">Elmo-intrasta<\/a> tai <a href=\"https:\/\/www.jamk.fi\/fi\/opiskelijalle\">Opiskelijalle-sivuilta<\/a> tai opiskelukavereiden kanssa selvi\u00e4. Opetutoreilla, kuten ohjaushenkil\u00f6ill\u00e4 yleisemminkin, on k\u00e4yt\u00f6ss\u00e4\u00e4n s\u00e4hk\u00f6iset ajanvarausj\u00e4rjestelm\u00e4t sek\u00e4 osaaminen ohjata sinua verkon v\u00e4lityksell\u00e4, kuin my\u00f6s kasvokkain. Selvit\u00e4 omalta tutoropettajaltasi miten h\u00e4nelt\u00e4 voi tapaamisajan varata, mik\u00e4li asia on p\u00e4\u00e4ssyt unohtumaa.<\/p>\n\n\n\n<p><b>Opinto-ohjaajan <\/b>(Maarit Korva Terveysinstituutin opiskelijoille ja Vesa Kuhanen Kuntoutus- ja sosiaalialan instituutin opiskelijoille) eli tuttavallisemmin &#8217;opojen&#8217; puoleen voit k\u00e4\u00e4nty\u00e4, jos koet tarvitsevasi tiiviimp\u00e4\u00e4 ja kiinte\u00e4mp\u00e4\u00e4 ohjausta opiskeluun, oppimiseen, yksil\u00f6lliseen tukeen, ajanhallintaan, jaksamiseen, motivaatioon,  mielenhyvinvointiin tuleviin keskusteluihin liittyen. Jokaisessa Jamkin yksik\u00f6ss\u00e4 ty\u00f6skentelee kaksi koulutettua opinto-ohjaajaa, jotka tuntevat juuri niiden ammattialojen ja tutkinto-ohjelmien sis\u00e4ll\u00f6t ja k\u00e4yt\u00e4nteet.<\/p>\n\n\n\n<p>Videossa <a href=\"https:\/\/youtu.be\/2v5uD5K2k_Y\">https:\/\/youtu.be\/2v5uD5K2k_Y<\/a>, kesto n. 9 min) Hyvinvointiyksik\u00f6n opinto-ohjaaja Vesa esitt\u00e4ytyy ja kertoo teht\u00e4v\u00e4nkuvastaan.<\/p>\n\n\n\n<figure class=\"wp-block-image size-large\"><img loading=\"lazy\" decoding=\"async\" width=\"1024\" height=\"578\" src=\"https:\/\/help.jamk.fi\/movekasikirja\/wp-content\/uploads\/sites\/58\/2023\/07\/Opolle-1024x578.jpg\" alt=\"\" class=\"wp-image-35\" srcset=\"https:\/\/help.jamk.fi\/movekasikirja\/wp-content\/uploads\/sites\/58\/2023\/07\/Opolle-1024x578.jpg 1024w, https:\/\/help.jamk.fi\/movekasikirja\/wp-content\/uploads\/sites\/58\/2023\/07\/Opolle-300x169.jpg 300w, https:\/\/help.jamk.fi\/movekasikirja\/wp-content\/uploads\/sites\/58\/2023\/07\/Opolle-768x433.jpg 768w, https:\/\/help.jamk.fi\/movekasikirja\/wp-content\/uploads\/sites\/58\/2023\/07\/Opolle.jpg 1304w\" sizes=\"auto, (max-width: 1024px) 100vw, 1024px\" \/><\/figure>\n\n\n\n<p>Osittain samoissa asioissa sinua voi auttaa my\u00f6s kolme <b>opintopsykologia <\/b>(Iina Salminen ja Joonas Puhto), jotka tekev\u00e4t yhteisty\u00f6t\u00e4 ja ty\u00f6njakoa sek\u00e4 opojen ett\u00e4 opettajatutorisi kanssa. Opintopsykologin voit tavata joko viikoittaisilla avoimilla vastaanottoajoilla tai ennakkoon varattuna ajankohtana. Heid\u00e4n yhteystietonsa ja ajanvarauksensa l\u00f6ytyy yll\u00e4 olevasta Elmo-intran ohjauksen ja hyvinvoinnin sivulta. Opintopsykologin kanssa k\u00e4ydyt luottamukselliset keskustelut ovat maksuttomia. Jos puolestasi kaipaat itsellesi rinnallakulkijaa oman el\u00e4m\u00e4ntilanteesi haasteissa tai keskustelukumppania esimerkiksi arvoista tai kohtaamastasi surusta, voi hyv\u00e4 k\u00e4\u00e4nty\u00e4 <b>oppilaitospapin <\/b>(Johanna Tikkanen) puoleen. My\u00f6s h\u00e4nen kanssa k\u00e4ydyt keskustelut ovat luottamuksellisia ja maksuttomia. Muista my\u00f6s esimerkiksi valtakunnallisesti palveleva Opiskelijoiden tukikeskus Nyyti ry, jolla on tarjolla monipuolista toimintaa ja soveltuvaa materiaalia <a href=\"https:\/\/www.nyyti.fi\/materiaalit\/julkaisut-ja-oppaat\/\">sivustollaan<\/a> <\/p>\n\n\n\n<p>Mik\u00e4li kysymyksesi on enemm\u00e4n k\u00e4yt\u00e4nn\u00f6nl\u00e4heinen, on kampuksen <b>opiskelijapalvelut <\/b>oikea taho auttamaan sinua. <b>Opintoasiainkoordinaattorit <\/b>(Sosiaali- ja terveysalla Mia Mononen ja Sini Alusniemi ja musiikilla Tiina Kangaspunta) osaavat neuvoa opintosuoritusrekisteriin kuin lomakkeisiin ja todistuksiin liittyviss\u00e4 k\u00e4yt\u00e4nn\u00f6n asioissa. Nykyisin my\u00f6s opiskelijapalvelut ja esim. opintorekisteriotteen tilaus toimii opiskelijoille my\u00f6s <a href=\"https:\/\/www.jamk.fi\/fi\/opiskelijalle\/sahkoinen-asiointi\">s\u00e4hk\u00f6isen asioinnin<\/a> avulla . <strong>KV-palveluiden<\/strong> puoleen voit k\u00e4\u00e4nty\u00e4 kansainv\u00e4listymiseen, esimerkiksi opiskelijavaihtoon tai kotikansainv\u00e4listymiseen liittyviss\u00e4 asioissa. <strong>Yksik\u00f6n yritt\u00e4jyyskoordinaattoriin <\/strong>(Suvi Salminen) kannattaa olla yhteydess\u00e4, mik\u00e4li yritt\u00e4jyysvalmiuksien, liikeideasi tai mahdollisesti olemassa olevan yrityksesi kehitt\u00e4minen opintojen aikana on tavoitteenasi.<\/p>\n\n\n\n<p>My\u00f6s <a href=\"https:\/\/www.jamk.fi\/fi\/yhteystiedot\">Jamkin www-sivuilta<\/a> l\u00f6ytyv\u00e4t yll\u00e4 mainittujen henkil\u00f6iden tai palveluiden yhteystiedot. Henkil\u00f6t palvelevat niin kasvokkain kuin verkon v\u00e4lityksell\u00e4kin.<\/p>\n\n\n\n<p>Ohjauksen ja tuen asioissa kannustamme hy\u00f6dynt\u00e4m\u00e4\u00e4n Elmo-intran ja Opiskelijalle-sivuja sek\u00e4 yll\u00e4 mainittujen opintojaksojen Moodle-ty\u00f6tiloista l\u00f6ytyv\u00e4\u00e4 materiaalia.<\/p>\n\n\n\n<p>My\u00f6t\u00e4tuulta opiskeluusi ja pid\u00e4 matala kynnys olla yhteydess\u00e4. Yksin ei tarvitse tai saa j\u00e4\u00e4d\u00e4! <\/p>\n","protected":false},"excerpt":{"rendered":"<p>Korkeakouluopiskelussa oma aktiivisuutesi on merkityksellist\u00e4 opintojen etenemisen suhteen &#8211; opintosi eiv\u00e4t etene kenenk\u00e4\u00e4n muun ty\u00f6panoksella. Olet opinnoissasi niin sanotusti kuskin paikalla: asettaen tavoitteita, tehden valintoja ja miettien ajank\u00e4ytt\u00f6\u00e4si ja olemassa olevia voimavarojasi. On kuitenkin hyv\u00e4 muistaa, ettet olet opiskelussasi yksin tai varsinkaan, ett\u00e4 sinun tulisi selvit\u00e4 tai p\u00e4rj\u00e4t\u00e4 kaikesta yksin. Opintojesi alussa huomaat, ett\u00e4 ymp\u00e4rill\u00e4si [&hellip;]<\/p>\n","protected":false},"author":97,"featured_media":0,"parent":0,"menu_order":5,"comment_status":"closed","ping_status":"closed","template":"","meta":{"_acf_changed":false,"_relevanssi_hide_post":"","_relevanssi_hide_content":"","_relevanssi_pin_for_all":"","_relevanssi_pin_keywords":"","_relevanssi_unpin_keywords":"","_relevanssi_related_keywords":"","_relevanssi_related_include_ids":"","_relevanssi_related_exclude_ids":"","_relevanssi_related_no_append":"","_relevanssi_related_not_related":"","_relevanssi_related_posts":"","_relevanssi_noindex_reason":"","footnotes":""},"categories":[],"tags":[],"class_list":["post-32","page","type-page","status-publish","hentry"],"acf":[],"yoast_head":"<!-- This site is optimized with the Yoast SEO plugin v27.3 - https:\/\/yoast.com\/product\/yoast-seo-wordpress\/ -->\n<title>5. Opintojen ohjaus - Move-k\u00e4sikirja<\/title>\n<meta name=\"robots\" content=\"index, follow, max-snippet:-1, max-image-preview:large, max-video-preview:-1\" \/>\n<link rel=\"canonical\" href=\"https:\/\/help.jamk.fi\/movekasikirja\/fi\/4-opintojen-ohjaus\/\" \/>\n<meta property=\"og:locale\" content=\"fi_FI\" \/>\n<meta property=\"og:type\" content=\"article\" \/>\n<meta property=\"og:title\" content=\"5. Opintojen ohjaus - Move-k\u00e4sikirja\" \/>\n<meta property=\"og:description\" content=\"Korkeakouluopiskelussa oma aktiivisuutesi on merkityksellist\u00e4 opintojen etenemisen suhteen &#8211; opintosi eiv\u00e4t etene kenenk\u00e4\u00e4n muun ty\u00f6panoksella. Olet opinnoissasi niin sanotusti kuskin paikalla: asettaen tavoitteita, tehden valintoja ja miettien ajank\u00e4ytt\u00f6\u00e4si ja olemassa olevia voimavarojasi. On kuitenkin hyv\u00e4 muistaa, ettet olet opiskelussasi yksin tai varsinkaan, ett\u00e4 sinun tulisi selvit\u00e4 tai p\u00e4rj\u00e4t\u00e4 kaikesta yksin. Opintojesi alussa huomaat, ett\u00e4 ymp\u00e4rill\u00e4si [&hellip;]\" \/>\n<meta property=\"og:url\" content=\"https:\/\/help.jamk.fi\/movekasikirja\/fi\/4-opintojen-ohjaus\/\" \/>\n<meta property=\"og:site_name\" content=\"Move-k\u00e4sikirja\" \/>\n<meta property=\"article:modified_time\" content=\"2026-01-15T07:42:55+00:00\" \/>\n<meta property=\"og:image\" content=\"https:\/\/help.jamk.fi\/movekasikirja\/wp-content\/uploads\/sites\/58\/2023\/07\/Opolle.jpg\" \/>\n\t<meta property=\"og:image:width\" content=\"1304\" \/>\n\t<meta property=\"og:image:height\" content=\"736\" \/>\n\t<meta property=\"og:image:type\" content=\"image\/jpeg\" \/>\n<meta name=\"twitter:card\" content=\"summary_large_image\" \/>\n<meta name=\"twitter:label1\" content=\"Arvioitu lukuaika\" \/>\n\t<meta name=\"twitter:data1\" content=\"5 minuuttia\" \/>\n<script type=\"application\/ld+json\" class=\"yoast-schema-graph\">{\"@context\":\"https:\\\/\\\/schema.org\",\"@graph\":[{\"@type\":\"WebPage\",\"@id\":\"https:\\\/\\\/help.jamk.fi\\\/movekasikirja\\\/fi\\\/4-opintojen-ohjaus\\\/\",\"url\":\"https:\\\/\\\/help.jamk.fi\\\/movekasikirja\\\/fi\\\/4-opintojen-ohjaus\\\/\",\"name\":\"5. Opintojen ohjaus - Move-k\u00e4sikirja\",\"isPartOf\":{\"@id\":\"https:\\\/\\\/help.jamk.fi\\\/movekasikirja\\\/#website\"},\"primaryImageOfPage\":{\"@id\":\"https:\\\/\\\/help.jamk.fi\\\/movekasikirja\\\/fi\\\/4-opintojen-ohjaus\\\/#primaryimage\"},\"image\":{\"@id\":\"https:\\\/\\\/help.jamk.fi\\\/movekasikirja\\\/fi\\\/4-opintojen-ohjaus\\\/#primaryimage\"},\"thumbnailUrl\":\"https:\\\/\\\/help.jamk.fi\\\/movekasikirja\\\/wp-content\\\/uploads\\\/sites\\\/58\\\/2023\\\/07\\\/Opolle-1024x578.jpg\",\"datePublished\":\"2015-05-26T02:59:49+00:00\",\"dateModified\":\"2026-01-15T07:42:55+00:00\",\"breadcrumb\":{\"@id\":\"https:\\\/\\\/help.jamk.fi\\\/movekasikirja\\\/fi\\\/4-opintojen-ohjaus\\\/#breadcrumb\"},\"inLanguage\":\"fi\",\"potentialAction\":[{\"@type\":\"ReadAction\",\"target\":[\"https:\\\/\\\/help.jamk.fi\\\/movekasikirja\\\/fi\\\/4-opintojen-ohjaus\\\/\"]}]},{\"@type\":\"ImageObject\",\"inLanguage\":\"fi\",\"@id\":\"https:\\\/\\\/help.jamk.fi\\\/movekasikirja\\\/fi\\\/4-opintojen-ohjaus\\\/#primaryimage\",\"url\":\"https:\\\/\\\/help.jamk.fi\\\/movekasikirja\\\/wp-content\\\/uploads\\\/sites\\\/58\\\/2023\\\/07\\\/Opolle.jpg\",\"contentUrl\":\"https:\\\/\\\/help.jamk.fi\\\/movekasikirja\\\/wp-content\\\/uploads\\\/sites\\\/58\\\/2023\\\/07\\\/Opolle.jpg\",\"width\":1304,\"height\":736},{\"@type\":\"BreadcrumbList\",\"@id\":\"https:\\\/\\\/help.jamk.fi\\\/movekasikirja\\\/fi\\\/4-opintojen-ohjaus\\\/#breadcrumb\",\"itemListElement\":[{\"@type\":\"ListItem\",\"position\":1,\"name\":\"Etusivu\",\"item\":\"https:\\\/\\\/help.jamk.fi\\\/movekasikirja\\\/fi\\\/\"},{\"@type\":\"ListItem\",\"position\":2,\"name\":\"5. Opintojen ohjaus\"}]},{\"@type\":\"WebSite\",\"@id\":\"https:\\\/\\\/help.jamk.fi\\\/movekasikirja\\\/#website\",\"url\":\"https:\\\/\\\/help.jamk.fi\\\/movekasikirja\\\/\",\"name\":\"Move-k\u00e4sikirja\",\"description\":\"\",\"potentialAction\":[{\"@type\":\"SearchAction\",\"target\":{\"@type\":\"EntryPoint\",\"urlTemplate\":\"https:\\\/\\\/help.jamk.fi\\\/movekasikirja\\\/?s={search_term_string}\"},\"query-input\":{\"@type\":\"PropertyValueSpecification\",\"valueRequired\":true,\"valueName\":\"search_term_string\"}}],\"inLanguage\":\"fi\"}]}<\/script>\n<!-- \/ Yoast SEO plugin. -->","yoast_head_json":{"title":"5. Opintojen ohjaus - Move-k\u00e4sikirja","robots":{"index":"index","follow":"follow","max-snippet":"max-snippet:-1","max-image-preview":"max-image-preview:large","max-video-preview":"max-video-preview:-1"},"canonical":"https:\/\/help.jamk.fi\/movekasikirja\/fi\/4-opintojen-ohjaus\/","og_locale":"fi_FI","og_type":"article","og_title":"5. Opintojen ohjaus - Move-k\u00e4sikirja","og_description":"Korkeakouluopiskelussa oma aktiivisuutesi on merkityksellist\u00e4 opintojen etenemisen suhteen &#8211; opintosi eiv\u00e4t etene kenenk\u00e4\u00e4n muun ty\u00f6panoksella. Olet opinnoissasi niin sanotusti kuskin paikalla: asettaen tavoitteita, tehden valintoja ja miettien ajank\u00e4ytt\u00f6\u00e4si ja olemassa olevia voimavarojasi. On kuitenkin hyv\u00e4 muistaa, ettet olet opiskelussasi yksin tai varsinkaan, ett\u00e4 sinun tulisi selvit\u00e4 tai p\u00e4rj\u00e4t\u00e4 kaikesta yksin. Opintojesi alussa huomaat, ett\u00e4 ymp\u00e4rill\u00e4si [&hellip;]","og_url":"https:\/\/help.jamk.fi\/movekasikirja\/fi\/4-opintojen-ohjaus\/","og_site_name":"Move-k\u00e4sikirja","article_modified_time":"2026-01-15T07:42:55+00:00","og_image":[{"width":1304,"height":736,"url":"https:\/\/help.jamk.fi\/movekasikirja\/wp-content\/uploads\/sites\/58\/2023\/07\/Opolle.jpg","type":"image\/jpeg"}],"twitter_card":"summary_large_image","twitter_misc":{"Arvioitu lukuaika":"5 minuuttia"},"schema":{"@context":"https:\/\/schema.org","@graph":[{"@type":"WebPage","@id":"https:\/\/help.jamk.fi\/movekasikirja\/fi\/4-opintojen-ohjaus\/","url":"https:\/\/help.jamk.fi\/movekasikirja\/fi\/4-opintojen-ohjaus\/","name":"5. Opintojen ohjaus - Move-k\u00e4sikirja","isPartOf":{"@id":"https:\/\/help.jamk.fi\/movekasikirja\/#website"},"primaryImageOfPage":{"@id":"https:\/\/help.jamk.fi\/movekasikirja\/fi\/4-opintojen-ohjaus\/#primaryimage"},"image":{"@id":"https:\/\/help.jamk.fi\/movekasikirja\/fi\/4-opintojen-ohjaus\/#primaryimage"},"thumbnailUrl":"https:\/\/help.jamk.fi\/movekasikirja\/wp-content\/uploads\/sites\/58\/2023\/07\/Opolle-1024x578.jpg","datePublished":"2015-05-26T02:59:49+00:00","dateModified":"2026-01-15T07:42:55+00:00","breadcrumb":{"@id":"https:\/\/help.jamk.fi\/movekasikirja\/fi\/4-opintojen-ohjaus\/#breadcrumb"},"inLanguage":"fi","potentialAction":[{"@type":"ReadAction","target":["https:\/\/help.jamk.fi\/movekasikirja\/fi\/4-opintojen-ohjaus\/"]}]},{"@type":"ImageObject","inLanguage":"fi","@id":"https:\/\/help.jamk.fi\/movekasikirja\/fi\/4-opintojen-ohjaus\/#primaryimage","url":"https:\/\/help.jamk.fi\/movekasikirja\/wp-content\/uploads\/sites\/58\/2023\/07\/Opolle.jpg","contentUrl":"https:\/\/help.jamk.fi\/movekasikirja\/wp-content\/uploads\/sites\/58\/2023\/07\/Opolle.jpg","width":1304,"height":736},{"@type":"BreadcrumbList","@id":"https:\/\/help.jamk.fi\/movekasikirja\/fi\/4-opintojen-ohjaus\/#breadcrumb","itemListElement":[{"@type":"ListItem","position":1,"name":"Etusivu","item":"https:\/\/help.jamk.fi\/movekasikirja\/fi\/"},{"@type":"ListItem","position":2,"name":"5. Opintojen ohjaus"}]},{"@type":"WebSite","@id":"https:\/\/help.jamk.fi\/movekasikirja\/#website","url":"https:\/\/help.jamk.fi\/movekasikirja\/","name":"Move-k\u00e4sikirja","description":"","potentialAction":[{"@type":"SearchAction","target":{"@type":"EntryPoint","urlTemplate":"https:\/\/help.jamk.fi\/movekasikirja\/?s={search_term_string}"},"query-input":{"@type":"PropertyValueSpecification","valueRequired":true,"valueName":"search_term_string"}}],"inLanguage":"fi"}]}},"_links":{"self":[{"href":"https:\/\/help.jamk.fi\/movekasikirja\/wp-json\/wp\/v2\/pages\/32","targetHints":{"allow":["GET"]}}],"collection":[{"href":"https:\/\/help.jamk.fi\/movekasikirja\/wp-json\/wp\/v2\/pages"}],"about":[{"href":"https:\/\/help.jamk.fi\/movekasikirja\/wp-json\/wp\/v2\/types\/page"}],"author":[{"embeddable":true,"href":"https:\/\/help.jamk.fi\/movekasikirja\/wp-json\/wp\/v2\/users\/97"}],"replies":[{"embeddable":true,"href":"https:\/\/help.jamk.fi\/movekasikirja\/wp-json\/wp\/v2\/comments?post=32"}],"version-history":[{"count":11,"href":"https:\/\/help.jamk.fi\/movekasikirja\/wp-json\/wp\/v2\/pages\/32\/revisions"}],"predecessor-version":[{"id":248,"href":"https:\/\/help.jamk.fi\/movekasikirja\/wp-json\/wp\/v2\/pages\/32\/revisions\/248"}],"wp:attachment":[{"href":"https:\/\/help.jamk.fi\/movekasikirja\/wp-json\/wp\/v2\/media?parent=32"}],"wp:term":[{"taxonomy":"category","embeddable":true,"href":"https:\/\/help.jamk.fi\/movekasikirja\/wp-json\/wp\/v2\/categories?post=32"},{"taxonomy":"post_tag","embeddable":true,"href":"https:\/\/help.jamk.fi\/movekasikirja\/wp-json\/wp\/v2\/tags?post=32"}],"curies":[{"name":"wp","href":"https:\/\/api.w.org\/{rel}","templated":true}]}}