{"id":41,"date":"2015-05-26T06:00:34","date_gmt":"2015-05-26T03:00:34","guid":{"rendered":"https:\/\/help.jamk.fi\/move-kasikirja\/5-monimuoto-opiskelun-tekniset-tyovalineet\/"},"modified":"2024-01-24T10:22:06","modified_gmt":"2024-01-24T08:22:06","slug":"5-monimuoto-opiskelun-tekniset-tyovalineet","status":"publish","type":"page","link":"https:\/\/help.jamk.fi\/movekasikirja\/fi\/5-monimuoto-opiskelun-tekniset-tyovalineet\/","title":{"rendered":"6. Monimuoto-opiskelun tekniset ty\u00f6v\u00e4lineet"},"content":{"rendered":"\n<p>Monimuoto-opiskelijana sinulta ei edellytet\u00e4 vahvaa tietoteknist\u00e4 osaamista vaan perustaidot riitt\u00e4v\u00e4t. Perusteilla tarkoitamme t\u00e4ss\u00e4 yhteydess\u00e4 k\u00e4ytt\u00f6j\u00e4rjestelm\u00e4n perusk\u00e4ytt\u00f6\u00e4, tekstink\u00e4sittely\u00e4, esitysgrafiikan k\u00e4ytt\u00f6\u00e4, s\u00e4hk\u00f6postia ja jonkinlaista kokemusta sosiaalisen median ty\u00f6kaluista. ICT-valmiudet -opintojakso opintojesi alussa lis\u00e4\u00e4 osaamistasi ja antaa ty\u00f6kaluja opintojesi tueksi. Lis\u00e4ksi on t\u00e4rke\u00e4\u00e4, ett\u00e4 olet halukas oppimaan uutta ja kehitt\u00e4m\u00e4\u00e4n my\u00f6s tieto- ja viestint\u00e4tekniikan osaamistasi. Monimuoto-opiskelijana tietotekniset taidot karttuvat, vaikka ne eiv\u00e4t olekaan opintojesi keski\u00f6ss\u00e4.<\/p>\n\n\n\n<h2 class=\"wp-block-heading\">Mink\u00e4laiset laitteet tarvitsen?<\/h2>\n\n\n\n<p>Mit\u00e4 tahansa opintoja nyky\u00e4\u00e4n teetk\u00e4\u00e4n, on toimivan tietokoneen ja internet-yhteyden rooli keskeinen. Monimuoto-opiskelussa n\u00e4m\u00e4 korostuvat entisest\u00e4\u00e4n. Tietokoneen k\u00e4ytt\u00f6j\u00e4rjestelm\u00e4ll\u00e4 ei ole v\u00e4li\u00e4, kunhan itse hallitset laitteesi k\u00e4yt\u00f6n. Tietokoneen lis\u00e4varusteena sinulla tulee olla kuulokemikrofoni (suosittelemme USB-kuulokemikrofoneja). T\u00e4m\u00e4n avulla varmistat, ett\u00e4 voit osallistua sujuvasti verkkotapaamisiin eik\u00e4 \u00e4\u00e4nesi \u201ckierr\u00e4\u201d muille tapaamisen kuulijoille. \u00c4lypuhelin tai tabletti&nbsp;on my\u00f6s hy\u00f6dyllinen apuv\u00e4line monimuoto-opiskelijalle, sill\u00e4 sen avulla seuraat s\u00e4hk\u00f6postiasi reaaliajassa&nbsp;ja voit k\u00e4ytt\u00e4\u00e4 my\u00f6s monia muita verkkoty\u00f6v\u00e4lineit\u00e4 mobiilisti. Mobiililaitteen kamera on my\u00f6s osoittautunut k\u00e4tev\u00e4ksi apuv\u00e4lineeksi opintojen aikana. Kameran avulla voit videoida tai kuvata omia tuotoksiasi ja jakaa niit\u00e4 opettajalle ja opiskelijakollegoille. Valokuvia ja videoita k\u00e4ytet\u00e4\u00e4nkin ajoittain oppimisteht\u00e4viss\u00e4. Muista ottaa tietotekniset v\u00e4lineesi mukaan my\u00f6s kontaktip\u00e4iville, mik\u00e4li se vain on mahdollista.<\/p>\n\n\n\n<h2 class=\"wp-block-heading\">Tietoj\u00e4rjestelm\u00e4t oppimisen tueksi<\/h2>\n\n\n\n<p>Alla on esitelty yleisimpi\u00e4 Jamkin tietoj\u00e4rjestelmi\u00e4, joita hy\u00f6dynnet\u00e4\u00e4n nimenomaan oppimisen tukena. N\u00e4iden lis\u00e4ksi verkko on pullollaan erilaisia sosiaalisen media ty\u00f6kaluja, joita on mahdollista hy\u00f6dynt\u00e4\u00e4 opiskeluiden aikana.<\/p>\n\n\n\n<h3 class=\"wp-block-heading\">Moodle<\/h3>\n\n\n\n<p>Oppimisen kannalta kaikista keskeisin tietoj\u00e4rjestelm\u00e4 kaikilla Jamkin opiskelijoilla on <a href=\"https:\/\/moodle.jamk.fi\/\">Moodle verkko-oppimisymp\u00e4rist\u00f6<\/a>. Sielt\u00e4 l\u00f6yd\u00e4t kaikki opintojaksosi materiaaleineen ja teht\u00e4vineen, kuten my\u00f6s palautat kirjalliset oppimisteht\u00e4v\u00e4si, k\u00e4yt verkkokeskusteluja ja kirjoitat oppimisp\u00e4iv\u00e4kirjoja. Moodlen perusk\u00e4ytt\u00f6 on opiskelijan kannalta helppoa ja saat siihen lyhyen perehdytyksen opintojesi alussa. Mik\u00e4li kuitenkin kohtaa Moodle-ty\u00f6tilan kanssa on ongelmia, ole aina ensiksi yhteydess\u00e4 opintojakson vastuuopettajaan. H\u00e4n pyrkii ratkaisemaan tai selvitt\u00e4m\u00e4\u00e4n ongelman ja voi tarvittaessa tukeutua Jamkin tukipalveluihin.<\/p>\n\n\n\n<p><a href=\"https:\/\/help.jamk.fi\/oppiminen\/fi\/moodle-3\/\">Moodlen k\u00e4ytt\u00f6ohjeita opiskelijalle<\/a>.<\/p>\n\n\n\n<h3 class=\"wp-block-heading\">Zoom<\/h3>\n\n\n\n<p>Zoom on alusta reaaliaikaisille verkkotapaamisille eli webinaareille ja niit\u00e4 sit\u00e4 k\u00e4ytet\u00e4\u00e4n my\u00f6s verkko- ja hybridiopetuksessa. Zoomin v\u00e4lityksell\u00e4 osallistut siis videov\u00e4litteiseen opetukseen, jota voi kuulua eri opintojaksoihin. Opettaja voi j\u00e4rjest\u00e4\u00e4 my\u00f6s henkil\u00f6kohtaisia tai pienryhm\u00e4n ohjaustilanteita Zoomia hy\u00f6dynt\u00e4en. Opettajat ohjeistavat opiskelijoita aina ennen videov\u00e4litteist\u00e4 opetusta, joten seuraa siihen liittyv\u00e4\u00e4 tiedotusta.<\/p>\n\n\n\n<p><a href=\"https:\/\/help.jamk.fi\/zoom\/fi\/\">Ohjeita Zoomin k\u00e4ytt\u00f6\u00f6n<\/a>.<\/p>\n\n\n\n<h3 class=\"wp-block-heading\">Microsoft 365<\/h3>\n\n\n\n<p>Jamkin opiskelijoilla ja henkil\u00f6kunnalla on k\u00e4yt\u00f6ss\u00e4&nbsp;Microsoftin pilvipalvelu Microsoft 365 Education. Kirjaudu palveluun osoitteessa <a href=\"http:\/\/m365.jamk.fi\/\">http:\/\/m365.jamk.fi\/<\/a>. Microsoft 365 tarjoaa runsaan valikoiman ty\u00f6kaluja opiskelun tueksi. Palvelun kautta voit my\u00f6s ladata opiskelujesi ajaksi maksutta Microsoftin Office -ty\u00f6kalut. Katso tarkemmat <a href=\"https:\/\/help.jamk.fi\/m365\/fi\/office-sovellukset-opiskelijoille\/\">ohjeet latauksesta<\/a>.<\/p>\n\n\n\n<p>Useita M365-palveluita voit k\u00e4ytt\u00e4\u00e4 my\u00f6s mobiilisovellusten kautta. Lista Android, iPhone\/iPad ja Windows Phone sovelluksista l\u00f6ytyy osoitteesta <a href=\"https:\/\/products.office.com\/fi-fi\/mobile\/office\">https:\/\/products.office.com\/fi-fi\/mobile\/office<\/a>.<\/p>\n\n\n<div class=\"wp-block-image\">\n<figure class=\"aligncenter\"><img decoding=\"async\" src=\"https:\/\/help.jamk.fi\/move-kasikirja\/wp-content\/uploads\/sites\/58\/2023\/07\/o365-etusivu-1024x576.png\" alt=\"Office 365 etusivu. P\u00e4\u00e4set eri sovelluksiin vasemman yl\u00e4kulman ruudukosta.\" class=\"wp-image-57\"\/><figcaption class=\"wp-element-caption\">Office 365 etusivu. P\u00e4\u00e4set eri sovelluksiin vasemman yl\u00e4kulman ruudukosta.<\/figcaption><\/figure>\n<\/div>\n\n\n<p>Alla olevissa kappaleissa on esitelty tiivistetysti t\u00e4rkeimm\u00e4t ty\u00f6kalut Microsoft 365 -palvelusta ja annettu vinkkej\u00e4 verkossa tapahtuvaan pienryhm\u00e4ty\u00f6skentelyyn Microsoft 365 -ty\u00f6kalujen avulla. M365-paketista l\u00f6ytyy my\u00f6s monipuolisen verkkoty\u00f6skentelyn mahdollistava Teams -sovellus, jota voidaan k\u00e4ytt\u00e4\u00e4 niin verkkotapaamisten j\u00e4rjest\u00e4miseen kuin ryhm\u00e4ty\u00f6skentelyn asiakirjojen s\u00e4ilytt\u00e4miseen ja yhteisty\u00f6st\u00e4miseen.<\/p>\n\n\n\n<p><a href=\"https:\/\/help.jamk.fi\/m365\/fi\/\">Ohje M 365 ty\u00f6kalujen k\u00e4ytt\u00f6\u00f6n<\/a>.<\/p>\n\n\n\n<h4 class=\"wp-block-heading\">Opiskelijas\u00e4hk\u00f6posti<\/h4>\n\n\n\n<p>S\u00e4hk\u00f6postin k\u00e4ytt\u00f6 tapahtuu k\u00e4tev\u00e4sti suoraan nettiselaimella. L\u00f6yd\u00e4t s\u00e4hk\u00f6postin samasta paikasta kuin muutkin Microsoft 365 -sovellukset. Voit lukea s\u00e4hk\u00f6postia my\u00f6s kotikoneelle asennetun Outlook-ohjelman kautta tai \u00e4lypuhelimesi\/tablet-tietokoneesi s\u00e4hk\u00f6postisovelluksella.<\/p>\n\n\n\n<p>Mit\u00e4 tahansa tapaa k\u00e4yt\u00e4t s\u00e4hk\u00f6postin seurantaan, on t\u00e4rke\u00e4, ett\u00e4 seuraat sit\u00e4 s\u00e4\u00e4nn\u00f6llisesti. S\u00e4hk\u00f6postiin tulee opettajien l\u00e4hett\u00e4mi\u00e4 t\u00e4rkeit\u00e4 tiedotuksia mm. Optimasta. Muista my\u00f6s luoda itsellesi s\u00e4hk\u00f6postiin allekirjoitus, josta l\u00f6ytyv\u00e4t seuraavat tiedot: koko nimesi, s\u00e4hk\u00f6postiosoitteesi, puhelinnumerosi ja aloitusryhm\u00e4si. Katso <a href=\"https:\/\/help.jamk.fi\/oppiminen\/fi\/viestintavalineet\/\">ohjeet allekirjoituksen luontiin<\/a> (vierit\u00e4 ohjesivua alas kohtaan Outlook-s\u00e4hk\u00f6posti).<i><br><\/i><\/p>\n\n\n\n<h4 class=\"wp-block-heading\">Kalenteri<\/h4>\n\n\n\n<p>Voit halutessasi pit\u00e4\u00e4 s\u00e4hk\u00f6ist\u00e4 kalenteria Microsoft 365 -palvelun kalenterissa. My\u00f6s kalenterin voi synkronoida esimerkiksi matkapuhelimen kanssa. O365-kalenterin kautta voit l\u00e4hett\u00e4\u00e4 my\u00f6s kalenterikutsuja opettajille ja toisille opiskelijoille. <strong>Tarkista kalenterisi aikavy\u00f6hyke-asetus kun otat kalenterin k\u00e4ytt\u00f6\u00f6n, jotta sinulle l\u00e4hetetyt kalenterikutsut asettuvat oikeaan aikaan my\u00f6s sinun kalenterissasi.<\/strong> Jos haluat j\u00e4rjest\u00e4\u00e4 verkko-tapaamisen, voit tehd\u00e4 kalenterin kautta kutsun Online-tapaamisen, joka l\u00e4hett\u00e4\u00e4 kaikille vastaanottajille linkin, jonka kautta sovittuna aikana voitte tavata Teamsissa. Alla video-ohje online-kokouskutsun l\u00e4hett\u00e4mist\u00e4 varten.<\/p>\n\n\n\n<figure class=\"wp-block-embed is-type-video is-provider-youtube wp-block-embed-youtube wp-embed-aspect-16-9 wp-has-aspect-ratio\"><div class=\"wp-block-embed__wrapper\">\n<iframe title=\"Kokouskutsun l\u00e4hett\u00e4minen opettajalle\" width=\"500\" height=\"281\" data-cookieconsent=\"marketing\" data-cookieblock-src=\"https:\/\/www.youtube.com\/embed\/EOPnF-ZwNhs?feature=oembed\" frameborder=\"0\" allow=\"accelerometer; autoplay; clipboard-write; encrypted-media; gyroscope; picture-in-picture; web-share\" referrerpolicy=\"strict-origin-when-cross-origin\" allowfullscreen><\/iframe>\n<\/div><div class=\"block-embed__cookie-notice--wrapper cookieconsent-optout-marketing\"><div class=\"block-embed__cookie-notice--text\"><p>Oops! This video will not be shown because you have disabled the marketing cookies. To see the video, <a href=\"javascript:Cookiebot.submitCustomConsent(false,false,true)\">accept marketing cookies<\/a>.<\/p><\/div><\/div><\/figure>\n\n\n\n<h4 class=\"wp-block-heading\">OneDrive<\/h4>\n\n\n\n<p>OneDrive on tiedostojen tallennukseen ja jakamiseen tarkoitettu pilvipalvelu O365-palvelun sis\u00e4ll\u00e4. OneDrive on siis kuin verkossa oleva muistitikku, johon p\u00e4\u00e4set k\u00e4siksi eri laitteilta. Tiedostoja ja kansioita voi my\u00f6s jakaa muiden opiskelijoiden ja my\u00f6s henkil\u00f6kunnan kesken. OneDrive toimii automaattisesti tallennussijaintina kaikille toimisto-ohjelmien (Word, Powerpoint ja Excel) online\/selainversioissa luoduille tiedostoille.<\/p>\n\n\n\n<p><a href=\"https:\/\/help.jamk.fi\/oppiminen\/fi\/omat-tiedostot-pilvessa\/\">Ohjeita tiedostojen hallintaan OneDrivessa. <\/a><\/p>\n\n\n\n<h4 class=\"wp-block-heading\">Word, Excel ja PowerPoint Online<\/h4>\n\n\n\n<p>Microsoft 365 -palvelusta l\u00f6yd\u00e4t Wordin, Excelin ja PowerPointin \u201ckevytversiot\u201d. Ty\u00f6kalut eiv\u00e4t ole siis yht\u00e4 kattavia kuin vastaavat ty\u00f6p\u00f6yt\u00e4ohjelmistot. Toisaalta ne tarjoavat k\u00e4yt\u00f6n helppoutta ja kehittyneit\u00e4 ryhm\u00e4ty\u00f6ominaisuuksia. Voit siis esimerkiksi jakaa tekem\u00e4si Word tai PowerPoint -tiedoston opiskelijaryhm\u00e4si kanssa (video-ohje alla), jonka j\u00e4lkeen tiedoston yhteiskirjoittaminen ja -muokkaaminen onnistuu k\u00e4tev\u00e4sti. T\u00e4m\u00e4 helpottaa mm. ryhm\u00e4t\u00f6iden tekoa, kun yksitt\u00e4ist\u00e4 tekstitiedostoa ei tarvitse en\u00e4\u00e4 l\u00e4hett\u00e4\u00e4 jokaisen muokkaus kerran j\u00e4lkeen toisille ryhm\u00e4l\u00e4isille esim. s\u00e4hk\u00f6postilla.<\/p>\n\n\n\n<figure class=\"wp-block-embed is-type-video is-provider-youtube wp-block-embed-youtube wp-embed-aspect-16-9 wp-has-aspect-ratio\"><div class=\"wp-block-embed__wrapper\">\n<iframe title=\"Word Online -tiedoston yhteiskirjoittaminen\" width=\"500\" height=\"281\" data-cookieconsent=\"marketing\" data-cookieblock-src=\"https:\/\/www.youtube.com\/embed\/7ewfsTocP1k?feature=oembed\" frameborder=\"0\" allow=\"accelerometer; autoplay; clipboard-write; encrypted-media; gyroscope; picture-in-picture; web-share\" referrerpolicy=\"strict-origin-when-cross-origin\" allowfullscreen><\/iframe>\n<\/div><div class=\"block-embed__cookie-notice--wrapper cookieconsent-optout-marketing\"><div class=\"block-embed__cookie-notice--text\"><p>Oops! This video will not be shown because you have disabled the marketing cookies. To see the video, <a href=\"javascript:Cookiebot.submitCustomConsent(false,false,true)\">accept marketing cookies<\/a>.<\/p><\/div><\/div><\/figure>\n","protected":false},"excerpt":{"rendered":"<p>Monimuoto-opiskelijana sinulta ei edellytet\u00e4 vahvaa tietoteknist\u00e4 osaamista vaan perustaidot riitt\u00e4v\u00e4t. Perusteilla tarkoitamme t\u00e4ss\u00e4 yhteydess\u00e4 k\u00e4ytt\u00f6j\u00e4rjestelm\u00e4n perusk\u00e4ytt\u00f6\u00e4, tekstink\u00e4sittely\u00e4, esitysgrafiikan k\u00e4ytt\u00f6\u00e4, s\u00e4hk\u00f6postia ja jonkinlaista kokemusta sosiaalisen median ty\u00f6kaluista. ICT-valmiudet -opintojakso opintojesi alussa lis\u00e4\u00e4 osaamistasi ja antaa ty\u00f6kaluja opintojesi tueksi. Lis\u00e4ksi on t\u00e4rke\u00e4\u00e4, ett\u00e4 olet halukas oppimaan uutta ja kehitt\u00e4m\u00e4\u00e4n my\u00f6s tieto- ja viestint\u00e4tekniikan osaamistasi. Monimuoto-opiskelijana tietotekniset taidot [&hellip;]<\/p>\n","protected":false},"author":97,"featured_media":0,"parent":0,"menu_order":6,"comment_status":"closed","ping_status":"closed","template":"","meta":{"_acf_changed":false,"_relevanssi_hide_post":"","_relevanssi_hide_content":"","_relevanssi_pin_for_all":"","_relevanssi_pin_keywords":"","_relevanssi_unpin_keywords":"","_relevanssi_related_keywords":"","_relevanssi_related_include_ids":"","_relevanssi_related_exclude_ids":"","_relevanssi_related_no_append":"","_relevanssi_related_not_related":"","_relevanssi_related_posts":"","_relevanssi_noindex_reason":"","footnotes":""},"categories":[],"tags":[],"class_list":["post-41","page","type-page","status-publish","hentry"],"acf":[],"yoast_head":"<!-- This site is optimized with the Yoast SEO plugin v27.3 - https:\/\/yoast.com\/product\/yoast-seo-wordpress\/ -->\n<title>6. Monimuoto-opiskelun tekniset ty\u00f6v\u00e4lineet - Move-k\u00e4sikirja<\/title>\n<meta name=\"robots\" content=\"index, follow, max-snippet:-1, max-image-preview:large, max-video-preview:-1\" \/>\n<link rel=\"canonical\" href=\"https:\/\/help.jamk.fi\/movekasikirja\/fi\/5-monimuoto-opiskelun-tekniset-tyovalineet\/\" \/>\n<meta property=\"og:locale\" content=\"fi_FI\" \/>\n<meta property=\"og:type\" content=\"article\" \/>\n<meta property=\"og:title\" content=\"6. Monimuoto-opiskelun tekniset ty\u00f6v\u00e4lineet - Move-k\u00e4sikirja\" \/>\n<meta property=\"og:description\" content=\"Monimuoto-opiskelijana sinulta ei edellytet\u00e4 vahvaa tietoteknist\u00e4 osaamista vaan perustaidot riitt\u00e4v\u00e4t. Perusteilla tarkoitamme t\u00e4ss\u00e4 yhteydess\u00e4 k\u00e4ytt\u00f6j\u00e4rjestelm\u00e4n perusk\u00e4ytt\u00f6\u00e4, tekstink\u00e4sittely\u00e4, esitysgrafiikan k\u00e4ytt\u00f6\u00e4, s\u00e4hk\u00f6postia ja jonkinlaista kokemusta sosiaalisen median ty\u00f6kaluista. ICT-valmiudet -opintojakso opintojesi alussa lis\u00e4\u00e4 osaamistasi ja antaa ty\u00f6kaluja opintojesi tueksi. Lis\u00e4ksi on t\u00e4rke\u00e4\u00e4, ett\u00e4 olet halukas oppimaan uutta ja kehitt\u00e4m\u00e4\u00e4n my\u00f6s tieto- ja viestint\u00e4tekniikan osaamistasi. Monimuoto-opiskelijana tietotekniset taidot [&hellip;]\" \/>\n<meta property=\"og:url\" content=\"https:\/\/help.jamk.fi\/movekasikirja\/fi\/5-monimuoto-opiskelun-tekniset-tyovalineet\/\" \/>\n<meta property=\"og:site_name\" content=\"Move-k\u00e4sikirja\" \/>\n<meta property=\"article:modified_time\" content=\"2024-01-24T08:22:06+00:00\" \/>\n<meta property=\"og:image\" content=\"https:\/\/help.jamk.fi\/move-kasikirja\/wp-content\/uploads\/sites\/58\/2023\/07\/o365-etusivu-1024x576.png\" \/>\n<meta name=\"twitter:card\" content=\"summary_large_image\" \/>\n<meta name=\"twitter:label1\" content=\"Arvioitu lukuaika\" \/>\n\t<meta name=\"twitter:data1\" content=\"5 minuuttia\" \/>\n<script type=\"application\/ld+json\" class=\"yoast-schema-graph\">{\"@context\":\"https:\\\/\\\/schema.org\",\"@graph\":[{\"@type\":\"WebPage\",\"@id\":\"https:\\\/\\\/help.jamk.fi\\\/movekasikirja\\\/fi\\\/5-monimuoto-opiskelun-tekniset-tyovalineet\\\/\",\"url\":\"https:\\\/\\\/help.jamk.fi\\\/movekasikirja\\\/fi\\\/5-monimuoto-opiskelun-tekniset-tyovalineet\\\/\",\"name\":\"6. Monimuoto-opiskelun tekniset ty\u00f6v\u00e4lineet - Move-k\u00e4sikirja\",\"isPartOf\":{\"@id\":\"https:\\\/\\\/help.jamk.fi\\\/movekasikirja\\\/#website\"},\"primaryImageOfPage\":{\"@id\":\"https:\\\/\\\/help.jamk.fi\\\/movekasikirja\\\/fi\\\/5-monimuoto-opiskelun-tekniset-tyovalineet\\\/#primaryimage\"},\"image\":{\"@id\":\"https:\\\/\\\/help.jamk.fi\\\/movekasikirja\\\/fi\\\/5-monimuoto-opiskelun-tekniset-tyovalineet\\\/#primaryimage\"},\"thumbnailUrl\":\"https:\\\/\\\/help.jamk.fi\\\/move-kasikirja\\\/wp-content\\\/uploads\\\/sites\\\/58\\\/2023\\\/07\\\/o365-etusivu-1024x576.png\",\"datePublished\":\"2015-05-26T03:00:34+00:00\",\"dateModified\":\"2024-01-24T08:22:06+00:00\",\"breadcrumb\":{\"@id\":\"https:\\\/\\\/help.jamk.fi\\\/movekasikirja\\\/fi\\\/5-monimuoto-opiskelun-tekniset-tyovalineet\\\/#breadcrumb\"},\"inLanguage\":\"fi\",\"potentialAction\":[{\"@type\":\"ReadAction\",\"target\":[\"https:\\\/\\\/help.jamk.fi\\\/movekasikirja\\\/fi\\\/5-monimuoto-opiskelun-tekniset-tyovalineet\\\/\"]}]},{\"@type\":\"ImageObject\",\"inLanguage\":\"fi\",\"@id\":\"https:\\\/\\\/help.jamk.fi\\\/movekasikirja\\\/fi\\\/5-monimuoto-opiskelun-tekniset-tyovalineet\\\/#primaryimage\",\"url\":\"https:\\\/\\\/help.jamk.fi\\\/move-kasikirja\\\/wp-content\\\/uploads\\\/sites\\\/58\\\/2023\\\/07\\\/o365-etusivu-1024x576.png\",\"contentUrl\":\"https:\\\/\\\/help.jamk.fi\\\/move-kasikirja\\\/wp-content\\\/uploads\\\/sites\\\/58\\\/2023\\\/07\\\/o365-etusivu-1024x576.png\"},{\"@type\":\"BreadcrumbList\",\"@id\":\"https:\\\/\\\/help.jamk.fi\\\/movekasikirja\\\/fi\\\/5-monimuoto-opiskelun-tekniset-tyovalineet\\\/#breadcrumb\",\"itemListElement\":[{\"@type\":\"ListItem\",\"position\":1,\"name\":\"Etusivu\",\"item\":\"https:\\\/\\\/help.jamk.fi\\\/movekasikirja\\\/fi\\\/\"},{\"@type\":\"ListItem\",\"position\":2,\"name\":\"6. Monimuoto-opiskelun tekniset ty\u00f6v\u00e4lineet\"}]},{\"@type\":\"WebSite\",\"@id\":\"https:\\\/\\\/help.jamk.fi\\\/movekasikirja\\\/#website\",\"url\":\"https:\\\/\\\/help.jamk.fi\\\/movekasikirja\\\/\",\"name\":\"Move-k\u00e4sikirja\",\"description\":\"\",\"potentialAction\":[{\"@type\":\"SearchAction\",\"target\":{\"@type\":\"EntryPoint\",\"urlTemplate\":\"https:\\\/\\\/help.jamk.fi\\\/movekasikirja\\\/?s={search_term_string}\"},\"query-input\":{\"@type\":\"PropertyValueSpecification\",\"valueRequired\":true,\"valueName\":\"search_term_string\"}}],\"inLanguage\":\"fi\"}]}<\/script>\n<!-- \/ Yoast SEO plugin. -->","yoast_head_json":{"title":"6. Monimuoto-opiskelun tekniset ty\u00f6v\u00e4lineet - Move-k\u00e4sikirja","robots":{"index":"index","follow":"follow","max-snippet":"max-snippet:-1","max-image-preview":"max-image-preview:large","max-video-preview":"max-video-preview:-1"},"canonical":"https:\/\/help.jamk.fi\/movekasikirja\/fi\/5-monimuoto-opiskelun-tekniset-tyovalineet\/","og_locale":"fi_FI","og_type":"article","og_title":"6. Monimuoto-opiskelun tekniset ty\u00f6v\u00e4lineet - Move-k\u00e4sikirja","og_description":"Monimuoto-opiskelijana sinulta ei edellytet\u00e4 vahvaa tietoteknist\u00e4 osaamista vaan perustaidot riitt\u00e4v\u00e4t. Perusteilla tarkoitamme t\u00e4ss\u00e4 yhteydess\u00e4 k\u00e4ytt\u00f6j\u00e4rjestelm\u00e4n perusk\u00e4ytt\u00f6\u00e4, tekstink\u00e4sittely\u00e4, esitysgrafiikan k\u00e4ytt\u00f6\u00e4, s\u00e4hk\u00f6postia ja jonkinlaista kokemusta sosiaalisen median ty\u00f6kaluista. ICT-valmiudet -opintojakso opintojesi alussa lis\u00e4\u00e4 osaamistasi ja antaa ty\u00f6kaluja opintojesi tueksi. Lis\u00e4ksi on t\u00e4rke\u00e4\u00e4, ett\u00e4 olet halukas oppimaan uutta ja kehitt\u00e4m\u00e4\u00e4n my\u00f6s tieto- ja viestint\u00e4tekniikan osaamistasi. Monimuoto-opiskelijana tietotekniset taidot [&hellip;]","og_url":"https:\/\/help.jamk.fi\/movekasikirja\/fi\/5-monimuoto-opiskelun-tekniset-tyovalineet\/","og_site_name":"Move-k\u00e4sikirja","article_modified_time":"2024-01-24T08:22:06+00:00","og_image":[{"url":"https:\/\/help.jamk.fi\/move-kasikirja\/wp-content\/uploads\/sites\/58\/2023\/07\/o365-etusivu-1024x576.png","type":"","width":"","height":""}],"twitter_card":"summary_large_image","twitter_misc":{"Arvioitu lukuaika":"5 minuuttia"},"schema":{"@context":"https:\/\/schema.org","@graph":[{"@type":"WebPage","@id":"https:\/\/help.jamk.fi\/movekasikirja\/fi\/5-monimuoto-opiskelun-tekniset-tyovalineet\/","url":"https:\/\/help.jamk.fi\/movekasikirja\/fi\/5-monimuoto-opiskelun-tekniset-tyovalineet\/","name":"6. Monimuoto-opiskelun tekniset ty\u00f6v\u00e4lineet - Move-k\u00e4sikirja","isPartOf":{"@id":"https:\/\/help.jamk.fi\/movekasikirja\/#website"},"primaryImageOfPage":{"@id":"https:\/\/help.jamk.fi\/movekasikirja\/fi\/5-monimuoto-opiskelun-tekniset-tyovalineet\/#primaryimage"},"image":{"@id":"https:\/\/help.jamk.fi\/movekasikirja\/fi\/5-monimuoto-opiskelun-tekniset-tyovalineet\/#primaryimage"},"thumbnailUrl":"https:\/\/help.jamk.fi\/move-kasikirja\/wp-content\/uploads\/sites\/58\/2023\/07\/o365-etusivu-1024x576.png","datePublished":"2015-05-26T03:00:34+00:00","dateModified":"2024-01-24T08:22:06+00:00","breadcrumb":{"@id":"https:\/\/help.jamk.fi\/movekasikirja\/fi\/5-monimuoto-opiskelun-tekniset-tyovalineet\/#breadcrumb"},"inLanguage":"fi","potentialAction":[{"@type":"ReadAction","target":["https:\/\/help.jamk.fi\/movekasikirja\/fi\/5-monimuoto-opiskelun-tekniset-tyovalineet\/"]}]},{"@type":"ImageObject","inLanguage":"fi","@id":"https:\/\/help.jamk.fi\/movekasikirja\/fi\/5-monimuoto-opiskelun-tekniset-tyovalineet\/#primaryimage","url":"https:\/\/help.jamk.fi\/move-kasikirja\/wp-content\/uploads\/sites\/58\/2023\/07\/o365-etusivu-1024x576.png","contentUrl":"https:\/\/help.jamk.fi\/move-kasikirja\/wp-content\/uploads\/sites\/58\/2023\/07\/o365-etusivu-1024x576.png"},{"@type":"BreadcrumbList","@id":"https:\/\/help.jamk.fi\/movekasikirja\/fi\/5-monimuoto-opiskelun-tekniset-tyovalineet\/#breadcrumb","itemListElement":[{"@type":"ListItem","position":1,"name":"Etusivu","item":"https:\/\/help.jamk.fi\/movekasikirja\/fi\/"},{"@type":"ListItem","position":2,"name":"6. Monimuoto-opiskelun tekniset ty\u00f6v\u00e4lineet"}]},{"@type":"WebSite","@id":"https:\/\/help.jamk.fi\/movekasikirja\/#website","url":"https:\/\/help.jamk.fi\/movekasikirja\/","name":"Move-k\u00e4sikirja","description":"","potentialAction":[{"@type":"SearchAction","target":{"@type":"EntryPoint","urlTemplate":"https:\/\/help.jamk.fi\/movekasikirja\/?s={search_term_string}"},"query-input":{"@type":"PropertyValueSpecification","valueRequired":true,"valueName":"search_term_string"}}],"inLanguage":"fi"}]}},"_links":{"self":[{"href":"https:\/\/help.jamk.fi\/movekasikirja\/wp-json\/wp\/v2\/pages\/41","targetHints":{"allow":["GET"]}}],"collection":[{"href":"https:\/\/help.jamk.fi\/movekasikirja\/wp-json\/wp\/v2\/pages"}],"about":[{"href":"https:\/\/help.jamk.fi\/movekasikirja\/wp-json\/wp\/v2\/types\/page"}],"author":[{"embeddable":true,"href":"https:\/\/help.jamk.fi\/movekasikirja\/wp-json\/wp\/v2\/users\/97"}],"replies":[{"embeddable":true,"href":"https:\/\/help.jamk.fi\/movekasikirja\/wp-json\/wp\/v2\/comments?post=41"}],"version-history":[{"count":19,"href":"https:\/\/help.jamk.fi\/movekasikirja\/wp-json\/wp\/v2\/pages\/41\/revisions"}],"predecessor-version":[{"id":235,"href":"https:\/\/help.jamk.fi\/movekasikirja\/wp-json\/wp\/v2\/pages\/41\/revisions\/235"}],"wp:attachment":[{"href":"https:\/\/help.jamk.fi\/movekasikirja\/wp-json\/wp\/v2\/media?parent=41"}],"wp:term":[{"taxonomy":"category","embeddable":true,"href":"https:\/\/help.jamk.fi\/movekasikirja\/wp-json\/wp\/v2\/categories?post=41"},{"taxonomy":"post_tag","embeddable":true,"href":"https:\/\/help.jamk.fi\/movekasikirja\/wp-json\/wp\/v2\/tags?post=41"}],"curies":[{"name":"wp","href":"https:\/\/api.w.org\/{rel}","templated":true}]}}