{"id":50,"date":"2015-07-27T12:08:11","date_gmt":"2015-07-27T09:08:11","guid":{"rendered":"https:\/\/help.jamk.fi\/move-kasikirja\/4-kontaktitapaamiset\/"},"modified":"2024-01-11T15:02:55","modified_gmt":"2024-01-11T13:02:55","slug":"4-kontaktitapaamiset","status":"publish","type":"page","link":"https:\/\/help.jamk.fi\/movekasikirja\/fi\/4-kontaktitapaamiset\/","title":{"rendered":"4. Kontaktitapaamisia koulussa tai verkossa sek\u00e4 l\u00e4hip\u00e4ivien idea"},"content":{"rendered":"\n<h2 class=\"wp-block-heading\">Opintojaksojen kontaktiopetus<\/h2>\n\n\n\n<p>Hyvinvointiyksik\u00f6n opintojaksoihin sis\u00e4ltyy sek\u00e4 itsen\u00e4ist\u00e4 opiskelua ett\u00e4 kontaktiopetusta. Kontaktiopetus voi toteutua l\u00e4hip\u00e4ivin\u00e4 koulussa tai Zoomin\/ Teamsin v\u00e4lityksell\u00e4 verkossa. Opintojakson alkuun sijoittuu yhteinen aloituskerta jossa saat selville opintojakson yksityiskohdat.<\/p>\n\n\n\n<p>Kontaktiopetukseen on syyt\u00e4 valmistautua etuk\u00e4teen tutustumalla aiheeseen Moodlessa ja tekem\u00e4ll\u00e4 mahdolliset ennakkoteht\u00e4v\u00e4t. Huolellinen valmistautuminen tukee esimerkiksi k\u00e4yt\u00e4nn\u00f6n harjoittelua, kun sinulla on jo k\u00e4sityst\u00e4 siit\u00e4, mink\u00e4laisiin asioihin sinun tulee kiinnitt\u00e4\u00e4 huomiota esimerkiksi kyyn\u00e4rsauvojen pituuden s\u00e4\u00e4t\u00e4misess\u00e4 tai k\u00e4velyn ohjaamisessa.<\/p>\n\n\n\n<p>Pyrimme ilmoittamaan kontaktip\u00e4ivien aikataulut sek\u00e4 mahdolliset muutokset hyviss\u00e4 ajoin. Aina t\u00e4m\u00e4 ei kuitenkaan ole mahdollista esimerkiksi \u00e4killisten sairastumisten vuoksi. Siksi on t\u00e4rke\u00e4\u00e4, ett\u00e4 seuraat ammattikorkeakoulun s\u00e4hk\u00f6postiviestej\u00e4, Optiman\/Moodlen ty\u00f6tilojen &nbsp;ajankohtaista-palstoja ja ilmoituksia sek\u00e4 Elmo-opiskelijaintraa.&nbsp; Muista, ett\u00e4 olet sallinut Optiman\/Moodlen l\u00e4hett\u00e4\u00e4 sinulle muistutusviestej\u00e4 s\u00e4hk\u00f6postiin!<\/p>\n\n\n\n<p>Huomioithan, ett\u00e4 opetusta voi olla sek\u00e4 arkip\u00e4ivin\u00e4 ett\u00e4 viikonloppuisin. L\u00e4sn\u00e4olo opintojaksojen kontaktikerroilla on pakollista eli varaa n\u00e4m\u00e4 p\u00e4iv\u00e4t kalenteriisi klo 8.00 &#8211; 18.00. P\u00e4ivien yksityiskohtaisemmat sis\u00e4ll\u00f6t ja aikataulut tarkentuvat l\u00e4hemp\u00e4n\u00e4 toteutusta. Mahdolliset poissaolot sinun pit\u00e4\u00e4 ensisijaisesti korvata osallistumalla vastaavan sis\u00e4lt\u00f6isiin kontaktip\u00e4iviin. Mik\u00e4li tied\u00e4t poissaolostasi etuk\u00e4teen, ole yhteydess\u00e4 opintojaksoa toteuttaviin opettajiin ja opettajatutoriisi, jotta poissaolon korvaaminen voidaan suunnitella etuk\u00e4teen. Poissaoloihin p\u00e4tev\u00e4t samat syyt kuin ty\u00f6el\u00e4m\u00e4ss\u00e4 eli \u00e4l\u00e4 tule sairaana kontaktip\u00e4iville. Ty\u00f6esteet, lomamatkat yms. eiv\u00e4t ole peruste poissaoloille. Kontaktip\u00e4iv\u00e4t ovat usein sis\u00e4ll\u00f6lt\u00e4\u00e4n ja toteutukseltaan sellaisia, ett\u00e4 niit\u00e4 ei voi korvata kirjallisilla teht\u00e4vill\u00e4.<\/p>\n\n\n\n<h2 class=\"wp-block-heading\">L\u00e4hiopetuksen idea<\/h2>\n\n\n\n<p>Koululla tapahtuvan l\u00e4hiopetuksen yleisen\u00e4 tavoitteena on syvent\u00e4\u00e4 ja soveltaa oppimista sek\u00e4 harjoitella ammatillisia dialogi- ja ty\u00f6el\u00e4m\u00e4taitoja. L\u00e4hiopetuksen aikana saat kokemusta olla niin ohjaajan, kuin ohjattavan roolissa sek\u00e4 harjoittelet palautteen antamista esimerkiksi siit\u00e4, millaiselta ohjaajan\/ohjaajien otteet tuntuivat, kun he avustivat sinua siirtym\u00e4\u00e4n vuoteesta py\u00f6r\u00e4tuoliin.<\/p>\n\n\n\n<p>L\u00e4hiopetusta on m\u00e4\u00e4r\u00e4llisesti melko v\u00e4h\u00e4n, sen vuoksi niiss\u00e4 korostuu tehokas ajank\u00e4ytt\u00f6. T\u00e4m\u00e4 edellytt\u00e4\u00e4 hyv\u00e4\u00e4 valmistautumista p\u00e4iviin sek\u00e4 aktiivista l\u00e4sn\u00e4oloa ja osallistumista opetukseen. Tee siis ennakkoteht\u00e4v\u00e4t huolellisesti, tutustu opintojakson materiaaleihin ja hae tarvittaessa ohjausta itsellesi haastaviin teemoihin jo ennen tapaamisia.<\/p>\n\n\n\n<p>L\u00e4hiopetuksen p\u00e4iviin on sijoitettu usean eri opintojakson tunteja eli ole tarkkana aikataulujen lukemisessa. Opiskelukaverin lukuj\u00e4rjestys voi poiketa omastasi johtuen mm. hyv\u00e4ksiluvuista opintojaksoihin liittyen. Varaa aikaa siihen, ett\u00e4 l\u00f6yd\u00e4t paikalle oikeaan luokkaan Dynamon tai Rajakadun kampukselle. Koska yhteisi\u00e4 p\u00e4ivi\u00e4 on v\u00e4h\u00e4n, on syyt\u00e4 kunnioittaa my\u00f6s muiden ty\u00f6aikaa, olethan ajoissa.<\/p>\n\n\n\n<p>Kontaktip\u00e4ivien yhteyteen kannattaa tarvittaessa sopia my\u00f6s tapaamisia opettajien, opon, oppilaitospastorin ym. tahojen&nbsp;kanssa. Tuolloin voitte tehd\u00e4 my\u00f6s ryhm\u00e4t\u00f6it\u00e4 kasvotusten, hy\u00f6dynt\u00e4\u00e4 kirjaston ja kielikeskuksen palveluita&nbsp;sek\u00e4 tietenkin rentoutua!<\/p>\n\n\n\n<h2 class=\"wp-block-heading\">Kontaktiopetusta on my\u00f6s verkossa<\/h2>\n\n\n\n<p>Kontaktiopetus voi toteutua my\u00f6s verkossa mm. verkkoluentojen, asiantuntijavierailujen tai toiminnallisten webinaarien muodossa. Olipa tilaisuus mink\u00e4lainen tahansa, sinun tulee valmistautua siihen varaamalla itsellesi oppimisen ja osallistumisen mahdollistavat tilat, v\u00e4lineet ja muut materiaalit. Huomioi my\u00f6s tilaisuuden luonne, jotta esimerkiksi luottamuksellinen pienryhm\u00e4keskustelu ei ole ulkopuolisten korvien kuultavissa. Perusedellytyksen\u00e4 verkko-opetukseen osallistumisessa on, ett\u00e4 voit esitt\u00e4\u00e4 ajatuksiasi sek\u00e4 puhumalla ett\u00e4 kirjoittamalla. Monesti opiskelijalta edellytet\u00e4\u00e4n my\u00f6s kuvan k\u00e4ytt\u00f6mahdollisuutta. Opiskelijan n\u00e4k\u00f6kulmasta katsoen osallistumisen tulisi olla samanlaista kuin jos opiskelu tapahtuisi luokassa. Verkko-opetusta voidaan my\u00f6s nauhoittaa, mik\u00e4li oppimissis\u00e4ll\u00f6t tai oppimisen tavoitteet ovat sellaisia, ett\u00e4 niiden opiskelu j\u00e4lkik\u00e4teen ilman ryhm\u00e4\u00e4 on mahdollista. Suurin osa kontaktiopetuksesta on kuitenkin luonteeltaan esim. keskustelevaa tai ryhm\u00e4ss\u00e4 tapahtuvaa pohdintaa, jonka nauhoittaminen ei ole tarkoituksenmukaista.<\/p>\n","protected":false},"excerpt":{"rendered":"<p>Opintojaksojen kontaktiopetus Hyvinvointiyksik\u00f6n opintojaksoihin sis\u00e4ltyy sek\u00e4 itsen\u00e4ist\u00e4 opiskelua ett\u00e4 kontaktiopetusta. Kontaktiopetus voi toteutua l\u00e4hip\u00e4ivin\u00e4 koulussa tai Zoomin\/ Teamsin v\u00e4lityksell\u00e4 verkossa. Opintojakson alkuun sijoittuu yhteinen aloituskerta jossa saat selville opintojakson yksityiskohdat. Kontaktiopetukseen on syyt\u00e4 valmistautua etuk\u00e4teen tutustumalla aiheeseen Moodlessa ja tekem\u00e4ll\u00e4 mahdolliset ennakkoteht\u00e4v\u00e4t. Huolellinen valmistautuminen tukee esimerkiksi k\u00e4yt\u00e4nn\u00f6n harjoittelua, kun sinulla on jo k\u00e4sityst\u00e4 siit\u00e4, mink\u00e4laisiin [&hellip;]<\/p>\n","protected":false},"author":97,"featured_media":0,"parent":0,"menu_order":4,"comment_status":"closed","ping_status":"closed","template":"","meta":{"_acf_changed":false,"_relevanssi_hide_post":"","_relevanssi_hide_content":"","_relevanssi_pin_for_all":"","_relevanssi_pin_keywords":"","_relevanssi_unpin_keywords":"","_relevanssi_related_keywords":"","_relevanssi_related_include_ids":"","_relevanssi_related_exclude_ids":"","_relevanssi_related_no_append":"","_relevanssi_related_not_related":"","_relevanssi_related_posts":"","_relevanssi_noindex_reason":"","footnotes":""},"categories":[],"tags":[],"class_list":["post-50","page","type-page","status-publish","hentry"],"acf":[],"yoast_head":"<!-- This site is optimized with the Yoast SEO plugin v27.4 - https:\/\/yoast.com\/product\/yoast-seo-wordpress\/ -->\n<title>4. Kontaktitapaamisia koulussa tai verkossa sek\u00e4 l\u00e4hip\u00e4ivien idea - Move-k\u00e4sikirja<\/title>\n<meta name=\"robots\" content=\"index, follow, max-snippet:-1, max-image-preview:large, max-video-preview:-1\" \/>\n<link rel=\"canonical\" href=\"https:\/\/help.jamk.fi\/movekasikirja\/fi\/4-kontaktitapaamiset\/\" \/>\n<meta property=\"og:locale\" content=\"fi_FI\" \/>\n<meta property=\"og:type\" content=\"article\" \/>\n<meta property=\"og:title\" content=\"4. Kontaktitapaamisia koulussa tai verkossa sek\u00e4 l\u00e4hip\u00e4ivien idea - Move-k\u00e4sikirja\" \/>\n<meta property=\"og:description\" content=\"Opintojaksojen kontaktiopetus Hyvinvointiyksik\u00f6n opintojaksoihin sis\u00e4ltyy sek\u00e4 itsen\u00e4ist\u00e4 opiskelua ett\u00e4 kontaktiopetusta. Kontaktiopetus voi toteutua l\u00e4hip\u00e4ivin\u00e4 koulussa tai Zoomin\/ Teamsin v\u00e4lityksell\u00e4 verkossa. Opintojakson alkuun sijoittuu yhteinen aloituskerta jossa saat selville opintojakson yksityiskohdat. Kontaktiopetukseen on syyt\u00e4 valmistautua etuk\u00e4teen tutustumalla aiheeseen Moodlessa ja tekem\u00e4ll\u00e4 mahdolliset ennakkoteht\u00e4v\u00e4t. Huolellinen valmistautuminen tukee esimerkiksi k\u00e4yt\u00e4nn\u00f6n harjoittelua, kun sinulla on jo k\u00e4sityst\u00e4 siit\u00e4, mink\u00e4laisiin [&hellip;]\" \/>\n<meta property=\"og:url\" content=\"https:\/\/help.jamk.fi\/movekasikirja\/fi\/4-kontaktitapaamiset\/\" \/>\n<meta property=\"og:site_name\" content=\"Move-k\u00e4sikirja\" \/>\n<meta property=\"article:modified_time\" content=\"2024-01-11T13:02:55+00:00\" \/>\n<meta name=\"twitter:card\" content=\"summary_large_image\" \/>\n<meta name=\"twitter:label1\" content=\"Arvioitu lukuaika\" \/>\n\t<meta name=\"twitter:data1\" content=\"3 minuuttia\" \/>\n<script type=\"application\/ld+json\" class=\"yoast-schema-graph\">{\"@context\":\"https:\\\/\\\/schema.org\",\"@graph\":[{\"@type\":\"WebPage\",\"@id\":\"https:\\\/\\\/help.jamk.fi\\\/movekasikirja\\\/fi\\\/4-kontaktitapaamiset\\\/\",\"url\":\"https:\\\/\\\/help.jamk.fi\\\/movekasikirja\\\/fi\\\/4-kontaktitapaamiset\\\/\",\"name\":\"4. Kontaktitapaamisia koulussa tai verkossa sek\u00e4 l\u00e4hip\u00e4ivien idea - Move-k\u00e4sikirja\",\"isPartOf\":{\"@id\":\"https:\\\/\\\/help.jamk.fi\\\/movekasikirja\\\/#website\"},\"datePublished\":\"2015-07-27T09:08:11+00:00\",\"dateModified\":\"2024-01-11T13:02:55+00:00\",\"breadcrumb\":{\"@id\":\"https:\\\/\\\/help.jamk.fi\\\/movekasikirja\\\/fi\\\/4-kontaktitapaamiset\\\/#breadcrumb\"},\"inLanguage\":\"fi\",\"potentialAction\":[{\"@type\":\"ReadAction\",\"target\":[\"https:\\\/\\\/help.jamk.fi\\\/movekasikirja\\\/fi\\\/4-kontaktitapaamiset\\\/\"]}]},{\"@type\":\"BreadcrumbList\",\"@id\":\"https:\\\/\\\/help.jamk.fi\\\/movekasikirja\\\/fi\\\/4-kontaktitapaamiset\\\/#breadcrumb\",\"itemListElement\":[{\"@type\":\"ListItem\",\"position\":1,\"name\":\"Etusivu\",\"item\":\"https:\\\/\\\/help.jamk.fi\\\/movekasikirja\\\/fi\\\/\"},{\"@type\":\"ListItem\",\"position\":2,\"name\":\"4. Kontaktitapaamisia koulussa tai verkossa sek\u00e4 l\u00e4hip\u00e4ivien idea\"}]},{\"@type\":\"WebSite\",\"@id\":\"https:\\\/\\\/help.jamk.fi\\\/movekasikirja\\\/#website\",\"url\":\"https:\\\/\\\/help.jamk.fi\\\/movekasikirja\\\/\",\"name\":\"Move-k\u00e4sikirja\",\"description\":\"\",\"potentialAction\":[{\"@type\":\"SearchAction\",\"target\":{\"@type\":\"EntryPoint\",\"urlTemplate\":\"https:\\\/\\\/help.jamk.fi\\\/movekasikirja\\\/?s={search_term_string}\"},\"query-input\":{\"@type\":\"PropertyValueSpecification\",\"valueRequired\":true,\"valueName\":\"search_term_string\"}}],\"inLanguage\":\"fi\"}]}<\/script>\n<!-- \/ Yoast SEO plugin. -->","yoast_head_json":{"title":"4. Kontaktitapaamisia koulussa tai verkossa sek\u00e4 l\u00e4hip\u00e4ivien idea - Move-k\u00e4sikirja","robots":{"index":"index","follow":"follow","max-snippet":"max-snippet:-1","max-image-preview":"max-image-preview:large","max-video-preview":"max-video-preview:-1"},"canonical":"https:\/\/help.jamk.fi\/movekasikirja\/fi\/4-kontaktitapaamiset\/","og_locale":"fi_FI","og_type":"article","og_title":"4. Kontaktitapaamisia koulussa tai verkossa sek\u00e4 l\u00e4hip\u00e4ivien idea - Move-k\u00e4sikirja","og_description":"Opintojaksojen kontaktiopetus Hyvinvointiyksik\u00f6n opintojaksoihin sis\u00e4ltyy sek\u00e4 itsen\u00e4ist\u00e4 opiskelua ett\u00e4 kontaktiopetusta. Kontaktiopetus voi toteutua l\u00e4hip\u00e4ivin\u00e4 koulussa tai Zoomin\/ Teamsin v\u00e4lityksell\u00e4 verkossa. Opintojakson alkuun sijoittuu yhteinen aloituskerta jossa saat selville opintojakson yksityiskohdat. Kontaktiopetukseen on syyt\u00e4 valmistautua etuk\u00e4teen tutustumalla aiheeseen Moodlessa ja tekem\u00e4ll\u00e4 mahdolliset ennakkoteht\u00e4v\u00e4t. Huolellinen valmistautuminen tukee esimerkiksi k\u00e4yt\u00e4nn\u00f6n harjoittelua, kun sinulla on jo k\u00e4sityst\u00e4 siit\u00e4, mink\u00e4laisiin [&hellip;]","og_url":"https:\/\/help.jamk.fi\/movekasikirja\/fi\/4-kontaktitapaamiset\/","og_site_name":"Move-k\u00e4sikirja","article_modified_time":"2024-01-11T13:02:55+00:00","twitter_card":"summary_large_image","twitter_misc":{"Arvioitu lukuaika":"3 minuuttia"},"schema":{"@context":"https:\/\/schema.org","@graph":[{"@type":"WebPage","@id":"https:\/\/help.jamk.fi\/movekasikirja\/fi\/4-kontaktitapaamiset\/","url":"https:\/\/help.jamk.fi\/movekasikirja\/fi\/4-kontaktitapaamiset\/","name":"4. Kontaktitapaamisia koulussa tai verkossa sek\u00e4 l\u00e4hip\u00e4ivien idea - Move-k\u00e4sikirja","isPartOf":{"@id":"https:\/\/help.jamk.fi\/movekasikirja\/#website"},"datePublished":"2015-07-27T09:08:11+00:00","dateModified":"2024-01-11T13:02:55+00:00","breadcrumb":{"@id":"https:\/\/help.jamk.fi\/movekasikirja\/fi\/4-kontaktitapaamiset\/#breadcrumb"},"inLanguage":"fi","potentialAction":[{"@type":"ReadAction","target":["https:\/\/help.jamk.fi\/movekasikirja\/fi\/4-kontaktitapaamiset\/"]}]},{"@type":"BreadcrumbList","@id":"https:\/\/help.jamk.fi\/movekasikirja\/fi\/4-kontaktitapaamiset\/#breadcrumb","itemListElement":[{"@type":"ListItem","position":1,"name":"Etusivu","item":"https:\/\/help.jamk.fi\/movekasikirja\/fi\/"},{"@type":"ListItem","position":2,"name":"4. Kontaktitapaamisia koulussa tai verkossa sek\u00e4 l\u00e4hip\u00e4ivien idea"}]},{"@type":"WebSite","@id":"https:\/\/help.jamk.fi\/movekasikirja\/#website","url":"https:\/\/help.jamk.fi\/movekasikirja\/","name":"Move-k\u00e4sikirja","description":"","potentialAction":[{"@type":"SearchAction","target":{"@type":"EntryPoint","urlTemplate":"https:\/\/help.jamk.fi\/movekasikirja\/?s={search_term_string}"},"query-input":{"@type":"PropertyValueSpecification","valueRequired":true,"valueName":"search_term_string"}}],"inLanguage":"fi"}]}},"_links":{"self":[{"href":"https:\/\/help.jamk.fi\/movekasikirja\/wp-json\/wp\/v2\/pages\/50","targetHints":{"allow":["GET"]}}],"collection":[{"href":"https:\/\/help.jamk.fi\/movekasikirja\/wp-json\/wp\/v2\/pages"}],"about":[{"href":"https:\/\/help.jamk.fi\/movekasikirja\/wp-json\/wp\/v2\/types\/page"}],"author":[{"embeddable":true,"href":"https:\/\/help.jamk.fi\/movekasikirja\/wp-json\/wp\/v2\/users\/97"}],"replies":[{"embeddable":true,"href":"https:\/\/help.jamk.fi\/movekasikirja\/wp-json\/wp\/v2\/comments?post=50"}],"version-history":[{"count":4,"href":"https:\/\/help.jamk.fi\/movekasikirja\/wp-json\/wp\/v2\/pages\/50\/revisions"}],"predecessor-version":[{"id":219,"href":"https:\/\/help.jamk.fi\/movekasikirja\/wp-json\/wp\/v2\/pages\/50\/revisions\/219"}],"wp:attachment":[{"href":"https:\/\/help.jamk.fi\/movekasikirja\/wp-json\/wp\/v2\/media?parent=50"}],"wp:term":[{"taxonomy":"category","embeddable":true,"href":"https:\/\/help.jamk.fi\/movekasikirja\/wp-json\/wp\/v2\/categories?post=50"},{"taxonomy":"post_tag","embeddable":true,"href":"https:\/\/help.jamk.fi\/movekasikirja\/wp-json\/wp\/v2\/tags?post=50"}],"curies":[{"name":"wp","href":"https:\/\/api.w.org\/{rel}","templated":true}]}}