{"id":10,"date":"2010-05-18T09:56:36","date_gmt":"2010-05-18T06:56:36","guid":{"rendered":"https:\/\/help.jamk.fi\/ohjelmistotjalaitteet\/tyoasemanohjelmistot\/"},"modified":"2024-11-19T10:11:43","modified_gmt":"2024-11-19T08:11:43","slug":"tyoasemanohjelmistot","status":"publish","type":"page","link":"https:\/\/help.jamk.fi\/ohjelmistotjalaitteet\/fi\/tyoskentelya-tukevat-jarjestelmat\/tyoasemanohjelmistot\/","title":{"rendered":"Ty\u00f6aseman ohjelmistot"},"content":{"rendered":"\n<p>Jamkin hallinnoimat ty\u00f6asemat ovat perusohjelmistoltaan vakioituja eli kaikkiin koneisiin asennetaan valmiiksi tietyt perusohjelmistot. K\u00e4ytt\u00f6j\u00e4rjestelm\u00e4 laitteissa on Microsoft Windows 11 Enterprise.<\/p>\n\n\n\n<p>Jamkin vakioituun ty\u00f6asemaan kuuluu seuraavat perusohjelmistot:<\/p>\n\n\n\n<ul class=\"wp-block-list\">\n<li>Windows 11 Enterprise 64 bit (k\u00e4ytt\u00f6j\u00e4rjestelm\u00e4)<\/li>\n\n\n\n<li>Microsoft 365 apps fi\/en (MS Office eli toimisto-ohjelmat mm. tekstink\u00e4sittely ja taulukkolaskenta)<\/li>\n\n\n\n<li>Microsoft OneDrive<\/li>\n\n\n\n<li>Windows Defender (virustorjunta)<\/li>\n\n\n\n<li>Companyt Portal (Ohjelmisto jakelu)<\/li>\n\n\n\n<li>Adobe Acrobat Unified (PDF-tiedostojen luku ja muokkausty\u00f6kalut)<\/li>\n\n\n\n<li>Irfanview (kuvien katselu)<\/li>\n\n\n\n<li>Notepad++ (tekstieditori)<\/li>\n\n\n\n<li>Google Chrome (internetselain)<\/li>\n\n\n\n<li>Firefox (internetselain)<\/li>\n\n\n\n<li>Edge (internetselain)<\/li>\n\n\n\n<li>VLC media player<\/li>\n<\/ul>\n\n\n\n<p>Lis\u00e4ksi ty\u00f6p\u00f6yd\u00e4lt\u00e4 l\u00f6ytyv\u00e4n Company Portalin kautta voi tarvittaessa koneelle asentaa:<\/p>\n\n\n\n<ul class=\"wp-block-list\">\n<li>Adobe Creative Cloud (mahdollistaa muiden Adobe-tuotteiden asennuksen)<\/li>\n\n\n\n<li>Windows app (remote-ety\u00e4ty\u00f6p\u00f6yt\u00e4 yhteys)<\/li>\n\n\n\n<li>Microsoft Climpchamp ja OpenShot Video Editor (videoeditori)<\/li>\n\n\n\n<li>Windows Sandbox (paikallinen virtuaalikone, jolla mahdollista testata esimerkiksi sovelluksien toimintaa)<\/li>\n\n\n\n<li>Hallinnon ja koulutusalojen kohtaisia sovelluksia (sovelluksia nostetaan saataville tarpeen mukaan. Tiedustelut palvelupyynn\u00f6n kautta!)<\/li>\n<\/ul>\n\n\n\n<p>Joitain sovelluksia voi asentaa my\u00f6s Microsoft Storesta ilman j\u00e4rjestelm\u00e4nvalvojan oikeuksia:<\/p>\n\n\n\n<ul class=\"wp-block-list\">\n<li>Zoom (videoneuvottelu)<\/li>\n\n\n\n<li>Microsoft PowerToys (aputy\u00f6kaluja Windowsiin)<\/li>\n\n\n\n<li>Spotify<\/li>\n<\/ul>\n","protected":false},"excerpt":{"rendered":"<p>Jamkin hallinnoimat ty\u00f6asemat ovat perusohjelmistoltaan vakioituja eli kaikkiin koneisiin asennetaan valmiiksi tietyt perusohjelmistot. K\u00e4ytt\u00f6j\u00e4rjestelm\u00e4 laitteissa on Microsoft Windows 11 Enterprise. Jamkin vakioituun ty\u00f6asemaan kuuluu seuraavat perusohjelmistot: Lis\u00e4ksi ty\u00f6p\u00f6yd\u00e4lt\u00e4 l\u00f6ytyv\u00e4n Company Portalin kautta voi tarvittaessa koneelle asentaa: Joitain sovelluksia voi asentaa my\u00f6s Microsoft Storesta ilman j\u00e4rjestelm\u00e4nvalvojan oikeuksia:<\/p>\n","protected":false},"author":64,"featured_media":0,"parent":6,"menu_order":6,"comment_status":"closed","ping_status":"closed","template":"","meta":{"_acf_changed":false,"_relevanssi_hide_post":"","_relevanssi_hide_content":"","_relevanssi_pin_for_all":"","_relevanssi_pin_keywords":"","_relevanssi_unpin_keywords":"","_relevanssi_related_keywords":"","_relevanssi_related_include_ids":"","_relevanssi_related_exclude_ids":"","_relevanssi_related_no_append":"","_relevanssi_related_not_related":"","_relevanssi_related_posts":"1","_relevanssi_noindex_reason":"","footnotes":""},"categories":[10,14],"tags":[50],"class_list":["post-10","page","type-page","status-publish","hentry","category-henkilosto","category-opiskelijat","tag-tyoasema"],"acf":[],"yoast_head":"<!-- This site is optimized with the Yoast SEO plugin v27.3 - https:\/\/yoast.com\/product\/yoast-seo-wordpress\/ -->\n<title>Ty\u00f6aseman ohjelmistot - Ohjelmistot ja laitteet<\/title>\n<meta name=\"robots\" content=\"index, follow, max-snippet:-1, max-image-preview:large, max-video-preview:-1\" \/>\n<link rel=\"canonical\" href=\"https:\/\/help.jamk.fi\/ohjelmistotjalaitteet\/fi\/tyoskentelya-tukevat-jarjestelmat\/tyoasemanohjelmistot\/\" \/>\n<meta property=\"og:locale\" content=\"fi_FI\" \/>\n<meta property=\"og:type\" content=\"article\" \/>\n<meta property=\"og:title\" content=\"Ty\u00f6aseman ohjelmistot - Ohjelmistot ja laitteet\" \/>\n<meta property=\"og:description\" content=\"Jamkin hallinnoimat ty\u00f6asemat ovat perusohjelmistoltaan vakioituja eli kaikkiin koneisiin asennetaan valmiiksi tietyt perusohjelmistot. K\u00e4ytt\u00f6j\u00e4rjestelm\u00e4 laitteissa on Microsoft Windows 11 Enterprise. Jamkin vakioituun ty\u00f6asemaan kuuluu seuraavat perusohjelmistot: Lis\u00e4ksi ty\u00f6p\u00f6yd\u00e4lt\u00e4 l\u00f6ytyv\u00e4n Company Portalin kautta voi tarvittaessa koneelle asentaa: Joitain sovelluksia voi asentaa my\u00f6s Microsoft Storesta ilman j\u00e4rjestelm\u00e4nvalvojan oikeuksia:\" \/>\n<meta property=\"og:url\" content=\"https:\/\/help.jamk.fi\/ohjelmistotjalaitteet\/fi\/tyoskentelya-tukevat-jarjestelmat\/tyoasemanohjelmistot\/\" \/>\n<meta property=\"og:site_name\" content=\"Ohjelmistot ja laitteet\" \/>\n<meta property=\"article:modified_time\" content=\"2024-11-19T08:11:43+00:00\" \/>\n<meta name=\"twitter:card\" content=\"summary_large_image\" \/>\n<meta name=\"twitter:label1\" content=\"Arvioitu lukuaika\" \/>\n\t<meta name=\"twitter:data1\" content=\"1 minuutti\" \/>\n<script type=\"application\/ld+json\" class=\"yoast-schema-graph\">{\"@context\":\"https:\\\/\\\/schema.org\",\"@graph\":[{\"@type\":\"WebPage\",\"@id\":\"https:\\\/\\\/help.jamk.fi\\\/ohjelmistotjalaitteet\\\/fi\\\/tyoskentelya-tukevat-jarjestelmat\\\/tyoasemanohjelmistot\\\/\",\"url\":\"https:\\\/\\\/help.jamk.fi\\\/ohjelmistotjalaitteet\\\/fi\\\/tyoskentelya-tukevat-jarjestelmat\\\/tyoasemanohjelmistot\\\/\",\"name\":\"Ty\u00f6aseman ohjelmistot - Ohjelmistot ja laitteet\",\"isPartOf\":{\"@id\":\"https:\\\/\\\/help.jamk.fi\\\/ohjelmistotjalaitteet\\\/#website\"},\"datePublished\":\"2010-05-18T06:56:36+00:00\",\"dateModified\":\"2024-11-19T08:11:43+00:00\",\"breadcrumb\":{\"@id\":\"https:\\\/\\\/help.jamk.fi\\\/ohjelmistotjalaitteet\\\/fi\\\/tyoskentelya-tukevat-jarjestelmat\\\/tyoasemanohjelmistot\\\/#breadcrumb\"},\"inLanguage\":\"fi\",\"potentialAction\":[{\"@type\":\"ReadAction\",\"target\":[\"https:\\\/\\\/help.jamk.fi\\\/ohjelmistotjalaitteet\\\/fi\\\/tyoskentelya-tukevat-jarjestelmat\\\/tyoasemanohjelmistot\\\/\"]}]},{\"@type\":\"BreadcrumbList\",\"@id\":\"https:\\\/\\\/help.jamk.fi\\\/ohjelmistotjalaitteet\\\/fi\\\/tyoskentelya-tukevat-jarjestelmat\\\/tyoasemanohjelmistot\\\/#breadcrumb\",\"itemListElement\":[{\"@type\":\"ListItem\",\"position\":1,\"name\":\"Home\",\"item\":\"https:\\\/\\\/help.jamk.fi\\\/ohjelmistotjalaitteet\\\/fi\\\/\"},{\"@type\":\"ListItem\",\"position\":2,\"name\":\"J\u00e4rjestelm\u00e4t ja ohjelmistot\",\"item\":\"https:\\\/\\\/help.jamk.fi\\\/ohjelmistotjalaitteet\\\/fi\\\/tyoskentelya-tukevat-jarjestelmat\\\/\"},{\"@type\":\"ListItem\",\"position\":3,\"name\":\"Ty\u00f6aseman ohjelmistot\"}]},{\"@type\":\"WebSite\",\"@id\":\"https:\\\/\\\/help.jamk.fi\\\/ohjelmistotjalaitteet\\\/#website\",\"url\":\"https:\\\/\\\/help.jamk.fi\\\/ohjelmistotjalaitteet\\\/\",\"name\":\"Ohjelmistot ja laitteet\",\"description\":\"\",\"potentialAction\":[{\"@type\":\"SearchAction\",\"target\":{\"@type\":\"EntryPoint\",\"urlTemplate\":\"https:\\\/\\\/help.jamk.fi\\\/ohjelmistotjalaitteet\\\/?s={search_term_string}\"},\"query-input\":{\"@type\":\"PropertyValueSpecification\",\"valueRequired\":true,\"valueName\":\"search_term_string\"}}],\"inLanguage\":\"fi\"}]}<\/script>\n<!-- \/ Yoast SEO plugin. -->","yoast_head_json":{"title":"Ty\u00f6aseman ohjelmistot - Ohjelmistot ja laitteet","robots":{"index":"index","follow":"follow","max-snippet":"max-snippet:-1","max-image-preview":"max-image-preview:large","max-video-preview":"max-video-preview:-1"},"canonical":"https:\/\/help.jamk.fi\/ohjelmistotjalaitteet\/fi\/tyoskentelya-tukevat-jarjestelmat\/tyoasemanohjelmistot\/","og_locale":"fi_FI","og_type":"article","og_title":"Ty\u00f6aseman ohjelmistot - Ohjelmistot ja laitteet","og_description":"Jamkin hallinnoimat ty\u00f6asemat ovat perusohjelmistoltaan vakioituja eli kaikkiin koneisiin asennetaan valmiiksi tietyt perusohjelmistot. K\u00e4ytt\u00f6j\u00e4rjestelm\u00e4 laitteissa on Microsoft Windows 11 Enterprise. Jamkin vakioituun ty\u00f6asemaan kuuluu seuraavat perusohjelmistot: Lis\u00e4ksi ty\u00f6p\u00f6yd\u00e4lt\u00e4 l\u00f6ytyv\u00e4n Company Portalin kautta voi tarvittaessa koneelle asentaa: Joitain sovelluksia voi asentaa my\u00f6s Microsoft Storesta ilman j\u00e4rjestelm\u00e4nvalvojan oikeuksia:","og_url":"https:\/\/help.jamk.fi\/ohjelmistotjalaitteet\/fi\/tyoskentelya-tukevat-jarjestelmat\/tyoasemanohjelmistot\/","og_site_name":"Ohjelmistot ja laitteet","article_modified_time":"2024-11-19T08:11:43+00:00","twitter_card":"summary_large_image","twitter_misc":{"Arvioitu lukuaika":"1 minuutti"},"schema":{"@context":"https:\/\/schema.org","@graph":[{"@type":"WebPage","@id":"https:\/\/help.jamk.fi\/ohjelmistotjalaitteet\/fi\/tyoskentelya-tukevat-jarjestelmat\/tyoasemanohjelmistot\/","url":"https:\/\/help.jamk.fi\/ohjelmistotjalaitteet\/fi\/tyoskentelya-tukevat-jarjestelmat\/tyoasemanohjelmistot\/","name":"Ty\u00f6aseman ohjelmistot - Ohjelmistot ja laitteet","isPartOf":{"@id":"https:\/\/help.jamk.fi\/ohjelmistotjalaitteet\/#website"},"datePublished":"2010-05-18T06:56:36+00:00","dateModified":"2024-11-19T08:11:43+00:00","breadcrumb":{"@id":"https:\/\/help.jamk.fi\/ohjelmistotjalaitteet\/fi\/tyoskentelya-tukevat-jarjestelmat\/tyoasemanohjelmistot\/#breadcrumb"},"inLanguage":"fi","potentialAction":[{"@type":"ReadAction","target":["https:\/\/help.jamk.fi\/ohjelmistotjalaitteet\/fi\/tyoskentelya-tukevat-jarjestelmat\/tyoasemanohjelmistot\/"]}]},{"@type":"BreadcrumbList","@id":"https:\/\/help.jamk.fi\/ohjelmistotjalaitteet\/fi\/tyoskentelya-tukevat-jarjestelmat\/tyoasemanohjelmistot\/#breadcrumb","itemListElement":[{"@type":"ListItem","position":1,"name":"Home","item":"https:\/\/help.jamk.fi\/ohjelmistotjalaitteet\/fi\/"},{"@type":"ListItem","position":2,"name":"J\u00e4rjestelm\u00e4t ja ohjelmistot","item":"https:\/\/help.jamk.fi\/ohjelmistotjalaitteet\/fi\/tyoskentelya-tukevat-jarjestelmat\/"},{"@type":"ListItem","position":3,"name":"Ty\u00f6aseman ohjelmistot"}]},{"@type":"WebSite","@id":"https:\/\/help.jamk.fi\/ohjelmistotjalaitteet\/#website","url":"https:\/\/help.jamk.fi\/ohjelmistotjalaitteet\/","name":"Ohjelmistot ja laitteet","description":"","potentialAction":[{"@type":"SearchAction","target":{"@type":"EntryPoint","urlTemplate":"https:\/\/help.jamk.fi\/ohjelmistotjalaitteet\/?s={search_term_string}"},"query-input":{"@type":"PropertyValueSpecification","valueRequired":true,"valueName":"search_term_string"}}],"inLanguage":"fi"}]}},"_links":{"self":[{"href":"https:\/\/help.jamk.fi\/ohjelmistotjalaitteet\/wp-json\/wp\/v2\/pages\/10","targetHints":{"allow":["GET"]}}],"collection":[{"href":"https:\/\/help.jamk.fi\/ohjelmistotjalaitteet\/wp-json\/wp\/v2\/pages"}],"about":[{"href":"https:\/\/help.jamk.fi\/ohjelmistotjalaitteet\/wp-json\/wp\/v2\/types\/page"}],"author":[{"embeddable":true,"href":"https:\/\/help.jamk.fi\/ohjelmistotjalaitteet\/wp-json\/wp\/v2\/users\/64"}],"replies":[{"embeddable":true,"href":"https:\/\/help.jamk.fi\/ohjelmistotjalaitteet\/wp-json\/wp\/v2\/comments?post=10"}],"version-history":[{"count":5,"href":"https:\/\/help.jamk.fi\/ohjelmistotjalaitteet\/wp-json\/wp\/v2\/pages\/10\/revisions"}],"predecessor-version":[{"id":859,"href":"https:\/\/help.jamk.fi\/ohjelmistotjalaitteet\/wp-json\/wp\/v2\/pages\/10\/revisions\/859"}],"up":[{"embeddable":true,"href":"https:\/\/help.jamk.fi\/ohjelmistotjalaitteet\/wp-json\/wp\/v2\/pages\/6"}],"wp:attachment":[{"href":"https:\/\/help.jamk.fi\/ohjelmistotjalaitteet\/wp-json\/wp\/v2\/media?parent=10"}],"wp:term":[{"taxonomy":"category","embeddable":true,"href":"https:\/\/help.jamk.fi\/ohjelmistotjalaitteet\/wp-json\/wp\/v2\/categories?post=10"},{"taxonomy":"post_tag","embeddable":true,"href":"https:\/\/help.jamk.fi\/ohjelmistotjalaitteet\/wp-json\/wp\/v2\/tags?post=10"}],"curies":[{"name":"wp","href":"https:\/\/api.w.org\/{rel}","templated":true}]}}