{"id":13,"date":"2015-10-25T08:00:45","date_gmt":"2015-10-25T06:00:45","guid":{"rendered":"https:\/\/help.jamk.fi\/ohjelmistotjalaitteet\/laitteet-ja-tilat\/"},"modified":"2025-04-23T12:40:41","modified_gmt":"2025-04-23T09:40:41","slug":"laitteet-ja-tilat","status":"publish","type":"page","link":"https:\/\/help.jamk.fi\/ohjelmistotjalaitteet\/fi\/laitteet-ja-tilat\/","title":{"rendered":"Laitteet ja tilat"},"content":{"rendered":"\n<p>Jamk tarjoaa erilaisia laitteita ja tiloja henkil\u00f6kunnan ja opiskelijoiden k\u00e4ytt\u00f6\u00f6n. Opiskelijoille on muun muassa tarjolla tietokoneita kirjastossa ja Jamk Lounge -tiloissa, joilla he voivat ty\u00f6skennell\u00e4 vapaasti. Kirjautuminen ty\u00f6asemille tapahtuu lyhyell\u00e4 <a href=\"https:\/\/help.jamk.fi\/kirjautuminen\/fi\/kayttajatunnus\/\">k\u00e4ytt\u00e4j\u00e4tunnuksella ja salasanalla<\/a>. Jamk Helpdesk tarjoaa my\u00f6s lainausautomaatin, josta voidaan lainata kannettavia tietokoneita, tablet-laitteita ja konferenssikaiuttimia henkil\u00f6kunnan ja opiskelijoiden k\u00e4ytt\u00f6\u00f6n. Tutustu tarkemmin ohjeisiin:<\/p>\n\n\n\n<ul class=\"wp-block-list\">\n<li><a href=\"https:\/\/help.jamk.fi\/exam\/fi\/\">Exam-tenttistudio<\/a><\/li>\n\n\n\n<li><a href=\"https:\/\/help.jamk.fi\/digikeskus\/fi\/\">Digikeskus<\/a><\/li>\n\n\n\n<li><a href=\"https:\/\/help.jamk.fi\/ohjelmistotjalaitteet\/fi\/langattomat-wlan-verkot\/\">Langattomat WLAN-verkot<\/a><\/li>\n\n\n\n<li><a href=\"https:\/\/help.jamk.fi\/ohjelmistotjalaitteet\/fi\/laitteet-ja-tilat\/oiva-locker-lainausautomaatti\/\">OivaLocker lainausautomaatti<\/a><\/li>\n\n\n\n<li><a href=\"https:\/\/printportal.jamk.fi\">printportal.jamk.fi<\/a><\/li>\n<\/ul>\n\n\n\n<h2 class=\"wp-block-heading\">Katso my\u00f6s<\/h2>\n\n\n\n<ul class=\"wp-block-list\">\n<li><a href=\"https:\/\/help.jamk.fi\/opetus\/fi\/esitystekniikka-opetuksessa\/\">Vinkkej\u00e4 opetukseen ja monimuoto-opetus<\/a><\/li>\n\n\n\n<li><a href=\"https:\/\/help.jamk.fi\/oppiminen\/fi\/verkko-opiskelun-taidot-2\/etatenttiohje\/\">Digitentti <\/a>(et\u00e4tentti opiskelijoille)<\/li>\n\n\n\n<li><a href=\"https:\/\/help.jamk.fi\/opetus\/fi\/etatenttiohje\/\">Et\u00e4tenttiohje<\/a> (Opettajille)<\/li>\n<\/ul>\n","protected":false},"excerpt":{"rendered":"<p>Jamk tarjoaa erilaisia laitteita ja tiloja henkil\u00f6kunnan ja opiskelijoiden k\u00e4ytt\u00f6\u00f6n. Opiskelijoille on muun muassa tarjolla tietokoneita kirjastossa ja Jamk Lounge -tiloissa, joilla he voivat ty\u00f6skennell\u00e4 vapaasti. Kirjautuminen ty\u00f6asemille tapahtuu lyhyell\u00e4 k\u00e4ytt\u00e4j\u00e4tunnuksella ja salasanalla. Jamk Helpdesk tarjoaa my\u00f6s lainausautomaatin, josta voidaan lainata kannettavia tietokoneita, tablet-laitteita ja konferenssikaiuttimia henkil\u00f6kunnan ja opiskelijoiden k\u00e4ytt\u00f6\u00f6n. Tutustu tarkemmin ohjeisiin: Katso my\u00f6s<\/p>\n","protected":false},"author":64,"featured_media":0,"parent":0,"menu_order":5,"comment_status":"closed","ping_status":"open","template":"","meta":{"_acf_changed":false,"_relevanssi_hide_post":"","_relevanssi_hide_content":"","_relevanssi_pin_for_all":"","_relevanssi_pin_keywords":"","_relevanssi_unpin_keywords":"","_relevanssi_related_keywords":"","_relevanssi_related_include_ids":"","_relevanssi_related_exclude_ids":"","_relevanssi_related_no_append":"","_relevanssi_related_not_related":"","_relevanssi_related_posts":"1","_relevanssi_noindex_reason":"","footnotes":""},"categories":[10,14],"tags":[],"class_list":["post-13","page","type-page","status-publish","hentry","category-henkilosto","category-opiskelijat"],"acf":[],"yoast_head":"<!-- This site is optimized with the Yoast SEO plugin v27.3 - https:\/\/yoast.com\/product\/yoast-seo-wordpress\/ -->\n<title>Laitteet ja tilat - Ohjelmistot ja laitteet<\/title>\n<meta name=\"robots\" content=\"index, follow, max-snippet:-1, max-image-preview:large, max-video-preview:-1\" \/>\n<link rel=\"canonical\" href=\"https:\/\/help.jamk.fi\/ohjelmistotjalaitteet\/fi\/laitteet-ja-tilat\/\" \/>\n<meta property=\"og:locale\" content=\"fi_FI\" \/>\n<meta property=\"og:type\" content=\"article\" \/>\n<meta property=\"og:title\" content=\"Laitteet ja tilat - Ohjelmistot ja laitteet\" \/>\n<meta property=\"og:description\" content=\"Jamk tarjoaa erilaisia laitteita ja tiloja henkil\u00f6kunnan ja opiskelijoiden k\u00e4ytt\u00f6\u00f6n. Opiskelijoille on muun muassa tarjolla tietokoneita kirjastossa ja Jamk Lounge -tiloissa, joilla he voivat ty\u00f6skennell\u00e4 vapaasti. Kirjautuminen ty\u00f6asemille tapahtuu lyhyell\u00e4 k\u00e4ytt\u00e4j\u00e4tunnuksella ja salasanalla. Jamk Helpdesk tarjoaa my\u00f6s lainausautomaatin, josta voidaan lainata kannettavia tietokoneita, tablet-laitteita ja konferenssikaiuttimia henkil\u00f6kunnan ja opiskelijoiden k\u00e4ytt\u00f6\u00f6n. Tutustu tarkemmin ohjeisiin: Katso my\u00f6s\" \/>\n<meta property=\"og:url\" content=\"https:\/\/help.jamk.fi\/ohjelmistotjalaitteet\/fi\/laitteet-ja-tilat\/\" \/>\n<meta property=\"og:site_name\" content=\"Ohjelmistot ja laitteet\" \/>\n<meta property=\"article:modified_time\" content=\"2025-04-23T09:40:41+00:00\" \/>\n<meta name=\"twitter:card\" content=\"summary_large_image\" \/>\n<meta name=\"twitter:label1\" content=\"Arvioitu lukuaika\" \/>\n\t<meta name=\"twitter:data1\" content=\"1 minuutti\" \/>\n<script type=\"application\/ld+json\" class=\"yoast-schema-graph\">{\"@context\":\"https:\\\/\\\/schema.org\",\"@graph\":[{\"@type\":\"WebPage\",\"@id\":\"https:\\\/\\\/help.jamk.fi\\\/ohjelmistotjalaitteet\\\/fi\\\/laitteet-ja-tilat\\\/\",\"url\":\"https:\\\/\\\/help.jamk.fi\\\/ohjelmistotjalaitteet\\\/fi\\\/laitteet-ja-tilat\\\/\",\"name\":\"Laitteet ja tilat - Ohjelmistot ja laitteet\",\"isPartOf\":{\"@id\":\"https:\\\/\\\/help.jamk.fi\\\/ohjelmistotjalaitteet\\\/#website\"},\"datePublished\":\"2015-10-25T06:00:45+00:00\",\"dateModified\":\"2025-04-23T09:40:41+00:00\",\"breadcrumb\":{\"@id\":\"https:\\\/\\\/help.jamk.fi\\\/ohjelmistotjalaitteet\\\/fi\\\/laitteet-ja-tilat\\\/#breadcrumb\"},\"inLanguage\":\"fi\",\"potentialAction\":[{\"@type\":\"ReadAction\",\"target\":[\"https:\\\/\\\/help.jamk.fi\\\/ohjelmistotjalaitteet\\\/fi\\\/laitteet-ja-tilat\\\/\"]}]},{\"@type\":\"BreadcrumbList\",\"@id\":\"https:\\\/\\\/help.jamk.fi\\\/ohjelmistotjalaitteet\\\/fi\\\/laitteet-ja-tilat\\\/#breadcrumb\",\"itemListElement\":[{\"@type\":\"ListItem\",\"position\":1,\"name\":\"Home\",\"item\":\"https:\\\/\\\/help.jamk.fi\\\/ohjelmistotjalaitteet\\\/fi\\\/\"},{\"@type\":\"ListItem\",\"position\":2,\"name\":\"Laitteet ja tilat\"}]},{\"@type\":\"WebSite\",\"@id\":\"https:\\\/\\\/help.jamk.fi\\\/ohjelmistotjalaitteet\\\/#website\",\"url\":\"https:\\\/\\\/help.jamk.fi\\\/ohjelmistotjalaitteet\\\/\",\"name\":\"Ohjelmistot ja laitteet\",\"description\":\"\",\"potentialAction\":[{\"@type\":\"SearchAction\",\"target\":{\"@type\":\"EntryPoint\",\"urlTemplate\":\"https:\\\/\\\/help.jamk.fi\\\/ohjelmistotjalaitteet\\\/?s={search_term_string}\"},\"query-input\":{\"@type\":\"PropertyValueSpecification\",\"valueRequired\":true,\"valueName\":\"search_term_string\"}}],\"inLanguage\":\"fi\"}]}<\/script>\n<!-- \/ Yoast SEO plugin. -->","yoast_head_json":{"title":"Laitteet ja tilat - Ohjelmistot ja laitteet","robots":{"index":"index","follow":"follow","max-snippet":"max-snippet:-1","max-image-preview":"max-image-preview:large","max-video-preview":"max-video-preview:-1"},"canonical":"https:\/\/help.jamk.fi\/ohjelmistotjalaitteet\/fi\/laitteet-ja-tilat\/","og_locale":"fi_FI","og_type":"article","og_title":"Laitteet ja tilat - Ohjelmistot ja laitteet","og_description":"Jamk tarjoaa erilaisia laitteita ja tiloja henkil\u00f6kunnan ja opiskelijoiden k\u00e4ytt\u00f6\u00f6n. Opiskelijoille on muun muassa tarjolla tietokoneita kirjastossa ja Jamk Lounge -tiloissa, joilla he voivat ty\u00f6skennell\u00e4 vapaasti. Kirjautuminen ty\u00f6asemille tapahtuu lyhyell\u00e4 k\u00e4ytt\u00e4j\u00e4tunnuksella ja salasanalla. Jamk Helpdesk tarjoaa my\u00f6s lainausautomaatin, josta voidaan lainata kannettavia tietokoneita, tablet-laitteita ja konferenssikaiuttimia henkil\u00f6kunnan ja opiskelijoiden k\u00e4ytt\u00f6\u00f6n. Tutustu tarkemmin ohjeisiin: Katso my\u00f6s","og_url":"https:\/\/help.jamk.fi\/ohjelmistotjalaitteet\/fi\/laitteet-ja-tilat\/","og_site_name":"Ohjelmistot ja laitteet","article_modified_time":"2025-04-23T09:40:41+00:00","twitter_card":"summary_large_image","twitter_misc":{"Arvioitu lukuaika":"1 minuutti"},"schema":{"@context":"https:\/\/schema.org","@graph":[{"@type":"WebPage","@id":"https:\/\/help.jamk.fi\/ohjelmistotjalaitteet\/fi\/laitteet-ja-tilat\/","url":"https:\/\/help.jamk.fi\/ohjelmistotjalaitteet\/fi\/laitteet-ja-tilat\/","name":"Laitteet ja tilat - Ohjelmistot ja laitteet","isPartOf":{"@id":"https:\/\/help.jamk.fi\/ohjelmistotjalaitteet\/#website"},"datePublished":"2015-10-25T06:00:45+00:00","dateModified":"2025-04-23T09:40:41+00:00","breadcrumb":{"@id":"https:\/\/help.jamk.fi\/ohjelmistotjalaitteet\/fi\/laitteet-ja-tilat\/#breadcrumb"},"inLanguage":"fi","potentialAction":[{"@type":"ReadAction","target":["https:\/\/help.jamk.fi\/ohjelmistotjalaitteet\/fi\/laitteet-ja-tilat\/"]}]},{"@type":"BreadcrumbList","@id":"https:\/\/help.jamk.fi\/ohjelmistotjalaitteet\/fi\/laitteet-ja-tilat\/#breadcrumb","itemListElement":[{"@type":"ListItem","position":1,"name":"Home","item":"https:\/\/help.jamk.fi\/ohjelmistotjalaitteet\/fi\/"},{"@type":"ListItem","position":2,"name":"Laitteet ja tilat"}]},{"@type":"WebSite","@id":"https:\/\/help.jamk.fi\/ohjelmistotjalaitteet\/#website","url":"https:\/\/help.jamk.fi\/ohjelmistotjalaitteet\/","name":"Ohjelmistot ja laitteet","description":"","potentialAction":[{"@type":"SearchAction","target":{"@type":"EntryPoint","urlTemplate":"https:\/\/help.jamk.fi\/ohjelmistotjalaitteet\/?s={search_term_string}"},"query-input":{"@type":"PropertyValueSpecification","valueRequired":true,"valueName":"search_term_string"}}],"inLanguage":"fi"}]}},"_links":{"self":[{"href":"https:\/\/help.jamk.fi\/ohjelmistotjalaitteet\/wp-json\/wp\/v2\/pages\/13","targetHints":{"allow":["GET"]}}],"collection":[{"href":"https:\/\/help.jamk.fi\/ohjelmistotjalaitteet\/wp-json\/wp\/v2\/pages"}],"about":[{"href":"https:\/\/help.jamk.fi\/ohjelmistotjalaitteet\/wp-json\/wp\/v2\/types\/page"}],"author":[{"embeddable":true,"href":"https:\/\/help.jamk.fi\/ohjelmistotjalaitteet\/wp-json\/wp\/v2\/users\/64"}],"replies":[{"embeddable":true,"href":"https:\/\/help.jamk.fi\/ohjelmistotjalaitteet\/wp-json\/wp\/v2\/comments?post=13"}],"version-history":[{"count":19,"href":"https:\/\/help.jamk.fi\/ohjelmistotjalaitteet\/wp-json\/wp\/v2\/pages\/13\/revisions"}],"predecessor-version":[{"id":983,"href":"https:\/\/help.jamk.fi\/ohjelmistotjalaitteet\/wp-json\/wp\/v2\/pages\/13\/revisions\/983"}],"wp:attachment":[{"href":"https:\/\/help.jamk.fi\/ohjelmistotjalaitteet\/wp-json\/wp\/v2\/media?parent=13"}],"wp:term":[{"taxonomy":"category","embeddable":true,"href":"https:\/\/help.jamk.fi\/ohjelmistotjalaitteet\/wp-json\/wp\/v2\/categories?post=13"},{"taxonomy":"post_tag","embeddable":true,"href":"https:\/\/help.jamk.fi\/ohjelmistotjalaitteet\/wp-json\/wp\/v2\/tags?post=13"}],"curies":[{"name":"wp","href":"https:\/\/api.w.org\/{rel}","templated":true}]}}