{"id":164,"date":"2023-11-21T13:16:51","date_gmt":"2023-11-21T11:16:51","guid":{"rendered":"https:\/\/help.jamk.fi\/ohjelmistotjalaitteet\/?page_id=164"},"modified":"2024-04-17T09:01:09","modified_gmt":"2024-04-17T06:01:09","slug":"ohjelmistot-ja-laitteet","status":"publish","type":"page","link":"https:\/\/help.jamk.fi\/ohjelmistotjalaitteet\/fi\/","title":{"rendered":"Ohjelmistot ja laitteet"},"content":{"rendered":"\n  <div id=\"page-lift-block_f040e0e16b28c40b490d0ed47b41fbbf\" class=\"block-page-lift block-page-lift\">\n    \n    <ul class=\"page-lift-list row\">\n                <li class=\"page-lift-list__item col-12 col-md-6 col-lg-4\">\n            <div class=\"page-lift__item-wrap no-image\">\n                            <div class=\"page-lift__text-wrap\">\n                                      <h2 class=\"page-lift__heading\">\n                      <a class=\"page-lift__link--heading\" href=\"https:\/\/help.jamk.fi\/ohjelmistotjalaitteet\/fi\/tyoskentelya-tukevat-jarjestelmat\/\">J\u00e4rjestelm\u00e4t ja ohjelmistot<\/a>\n                    <\/h2>\n                   \n                                  <span class=\"page-lift__excerpt body-small\">T\u00e4lt\u00e4 sivulta l\u00f6yd\u00e4t linkit JAMKissa k\u00e4ytett\u00e4viin j\u00e4rjestelmien ja ohjelmistojen ohjeisiin Opiskelijan&nbsp;j\u00e4rjestelm\u00e4t Henkil\u00f6kunnan&nbsp;j\u00e4rjestelm\u00e4t&hellip;<\/span>\n                                                <a class=\"page-lift__link small-text-button-icon\" href=\"\" aria-hidden=\"true\" tabindex=\"-1\">\n                  Mene sivulle&nbsp;<i  ><svg aria-hidden=\"true\" viewBox=\"0 0 4 7\" fill=\"none\" xmlns=\"http:\/\/www.w3.org\/2000\/svg\"><path d=\"M1.696 7H0l2.208-3.312L0 .376h1.696l2.208 3.312L1.696 7z\" fill=\"#0D004C\"\/><\/svg><\/i>                <\/a>\n              <\/div>\n            <\/div>\n          <\/li>\n                <li class=\"page-lift-list__item col-12 col-md-6 col-lg-4\">\n            <div class=\"page-lift__item-wrap no-image\">\n                            <div class=\"page-lift__text-wrap\">\n                                      <h2 class=\"page-lift__heading\">\n                      <a class=\"page-lift__link--heading\" href=\"https:\/\/help.jamk.fi\/ohjelmistotjalaitteet\/fi\/langattomat-wlan-verkot\/\">Langattomat WLAN-verkot<\/a>\n                    <\/h2>\n                   \n                                  <span class=\"page-lift__excerpt body-small\">Jamkilla on l\u00e4hes koko kampusalueen kattava langaton WLAN-verkko (Wireless Local Area Network).&hellip;<\/span>\n                                                <a class=\"page-lift__link small-text-button-icon\" href=\"\" aria-hidden=\"true\" tabindex=\"-1\">\n                  Mene sivulle&nbsp;<i  ><svg aria-hidden=\"true\" viewBox=\"0 0 4 7\" fill=\"none\" xmlns=\"http:\/\/www.w3.org\/2000\/svg\"><path d=\"M1.696 7H0l2.208-3.312L0 .376h1.696l2.208 3.312L1.696 7z\" fill=\"#0D004C\"\/><\/svg><\/i>                <\/a>\n              <\/div>\n            <\/div>\n          <\/li>\n                <li class=\"page-lift-list__item col-12 col-md-6 col-lg-4\">\n            <div class=\"page-lift__item-wrap no-image\">\n                            <div class=\"page-lift__text-wrap\">\n                                      <h2 class=\"page-lift__heading\">\n                      <a class=\"page-lift__link--heading\" href=\"https:\/\/help.jamk.fi\/ohjelmistotjalaitteet\/fi\/tulostaminen\/\">Tulostaminen<\/a>\n                    <\/h2>\n                   \n                                  <span class=\"page-lift__excerpt body-small\">Jamkissa k\u00e4ytet\u00e4\u00e4n turvatulostusta (Secureprint). Jokaisen k\u00e4ytt\u00e4j\u00e4n tulee tunnistautua tulostimelle ennen tulostamista, kopiointia&hellip;<\/span>\n                                                <a class=\"page-lift__link small-text-button-icon\" href=\"\" aria-hidden=\"true\" tabindex=\"-1\">\n                  Mene sivulle&nbsp;<i  ><svg aria-hidden=\"true\" viewBox=\"0 0 4 7\" fill=\"none\" xmlns=\"http:\/\/www.w3.org\/2000\/svg\"><path d=\"M1.696 7H0l2.208-3.312L0 .376h1.696l2.208 3.312L1.696 7z\" fill=\"#0D004C\"\/><\/svg><\/i>                <\/a>\n              <\/div>\n            <\/div>\n          <\/li>\n                <li class=\"page-lift-list__item col-12 col-md-6 col-lg-4\">\n            <div class=\"page-lift__item-wrap no-image\">\n                            <div class=\"page-lift__text-wrap\">\n                                      <h2 class=\"page-lift__heading\">\n                      <a class=\"page-lift__link--heading\" href=\"https:\/\/help.jamk.fi\/ohjelmistotjalaitteet\/fi\/etatuki\/\">Et\u00e4tuki<\/a>\n                    <\/h2>\n                   \n                                  <span class=\"page-lift__excerpt body-small\">ICT-palveluilla on mahdollisuus antaa tukea my\u00f6s silloin, kun k\u00e4ytt\u00e4j\u00e4 ei ole Jamkin&hellip;<\/span>\n                                                <a class=\"page-lift__link small-text-button-icon\" href=\"\" aria-hidden=\"true\" tabindex=\"-1\">\n                  Mene sivulle&nbsp;<i  ><svg aria-hidden=\"true\" viewBox=\"0 0 4 7\" fill=\"none\" xmlns=\"http:\/\/www.w3.org\/2000\/svg\"><path d=\"M1.696 7H0l2.208-3.312L0 .376h1.696l2.208 3.312L1.696 7z\" fill=\"#0D004C\"\/><\/svg><\/i>                <\/a>\n              <\/div>\n            <\/div>\n          <\/li>\n                <li class=\"page-lift-list__item col-12 col-md-6 col-lg-4\">\n            <div class=\"page-lift__item-wrap no-image\">\n                            <div class=\"page-lift__text-wrap\">\n                                      <h2 class=\"page-lift__heading\">\n                      <a class=\"page-lift__link--heading\" href=\"https:\/\/help.jamk.fi\/ohjelmistotjalaitteet\/fi\/laitteet-ja-tilat\/\">Laitteet ja tilat<\/a>\n                    <\/h2>\n                   \n                                  <span class=\"page-lift__excerpt body-small\">Jamk tarjoaa erilaisia laitteita ja tiloja henkil\u00f6kunnan ja opiskelijoiden k\u00e4ytt\u00f6\u00f6n. Opiskelijoille on&hellip;<\/span>\n                                                <a class=\"page-lift__link small-text-button-icon\" href=\"\" aria-hidden=\"true\" tabindex=\"-1\">\n                  Mene sivulle&nbsp;<i  ><svg aria-hidden=\"true\" viewBox=\"0 0 4 7\" fill=\"none\" xmlns=\"http:\/\/www.w3.org\/2000\/svg\"><path d=\"M1.696 7H0l2.208-3.312L0 .376h1.696l2.208 3.312L1.696 7z\" fill=\"#0D004C\"\/><\/svg><\/i>                <\/a>\n              <\/div>\n            <\/div>\n          <\/li>\n                <li class=\"page-lift-list__item col-12 col-md-6 col-lg-4\">\n            <div class=\"page-lift__item-wrap no-image\">\n                            <div class=\"page-lift__text-wrap\">\n                                      <h2 class=\"page-lift__heading\">\n                      <a class=\"page-lift__link--heading\" href=\"https:\/\/help.jamk.fi\/ohjelmistotjalaitteet\/fi\/etatyopoydat\/\">Et\u00e4ty\u00f6p\u00f6yd\u00e4t<\/a>\n                    <\/h2>\n                   \n                                  <span class=\"page-lift__excerpt body-small\">Uusi Azure Virtual Desktop korvaa vanhan Citrix -ymp\u00e4rist\u00f6\u00f6n pohjautuneen remote-palvelun 17.4.2024 alkaen.&hellip;<\/span>\n                                                <a class=\"page-lift__link small-text-button-icon\" href=\"\" aria-hidden=\"true\" tabindex=\"-1\">\n                  Mene sivulle&nbsp;<i  ><svg aria-hidden=\"true\" viewBox=\"0 0 4 7\" fill=\"none\" xmlns=\"http:\/\/www.w3.org\/2000\/svg\"><path d=\"M1.696 7H0l2.208-3.312L0 .376h1.696l2.208 3.312L1.696 7z\" fill=\"#0D004C\"\/><\/svg><\/i>                <\/a>\n              <\/div>\n            <\/div>\n          <\/li>\n          <\/ul>\n  <\/div>\n","protected":false},"excerpt":{"rendered":"","protected":false},"author":66,"featured_media":0,"parent":0,"menu_order":0,"comment_status":"closed","ping_status":"closed","template":"templates\/template-full-width.php","meta":{"_acf_changed":false,"_relevanssi_hide_post":"","_relevanssi_hide_content":"","_relevanssi_pin_for_all":"","_relevanssi_pin_keywords":"","_relevanssi_unpin_keywords":"","_relevanssi_related_keywords":"","_relevanssi_related_include_ids":"","_relevanssi_related_exclude_ids":"","_relevanssi_related_no_append":"","_relevanssi_related_not_related":"","_relevanssi_related_posts":"1","_relevanssi_noindex_reason":"","footnotes":""},"categories":[],"tags":[],"class_list":["post-164","page","type-page","status-publish","hentry"],"acf":[],"yoast_head":"<!-- This site is optimized with the Yoast SEO plugin v27.3 - https:\/\/yoast.com\/product\/yoast-seo-wordpress\/ -->\n<title>Ohjelmistot ja laitteet - Ohjelmistot ja laitteet<\/title>\n<meta name=\"robots\" content=\"index, follow, max-snippet:-1, max-image-preview:large, max-video-preview:-1\" \/>\n<link rel=\"canonical\" href=\"https:\/\/help.jamk.fi\/ohjelmistotjalaitteet\/fi\/\" \/>\n<meta property=\"og:locale\" content=\"fi_FI\" \/>\n<meta property=\"og:type\" content=\"article\" \/>\n<meta property=\"og:title\" content=\"Ohjelmistot ja laitteet - Ohjelmistot ja laitteet\" \/>\n<meta property=\"og:url\" content=\"https:\/\/help.jamk.fi\/ohjelmistotjalaitteet\/fi\/\" \/>\n<meta property=\"og:site_name\" content=\"Ohjelmistot ja laitteet\" \/>\n<meta property=\"article:modified_time\" content=\"2024-04-17T06:01:09+00:00\" \/>\n<meta name=\"twitter:card\" content=\"summary_large_image\" \/>\n<script type=\"application\/ld+json\" class=\"yoast-schema-graph\">{\"@context\":\"https:\\\/\\\/schema.org\",\"@graph\":[{\"@type\":\"WebPage\",\"@id\":\"https:\\\/\\\/help.jamk.fi\\\/ohjelmistotjalaitteet\\\/fi\\\/\",\"url\":\"https:\\\/\\\/help.jamk.fi\\\/ohjelmistotjalaitteet\\\/fi\\\/\",\"name\":\"Ohjelmistot ja laitteet - Ohjelmistot ja laitteet\",\"isPartOf\":{\"@id\":\"https:\\\/\\\/help.jamk.fi\\\/ohjelmistotjalaitteet\\\/#website\"},\"datePublished\":\"2023-11-21T11:16:51+00:00\",\"dateModified\":\"2024-04-17T06:01:09+00:00\",\"breadcrumb\":{\"@id\":\"https:\\\/\\\/help.jamk.fi\\\/ohjelmistotjalaitteet\\\/fi\\\/#breadcrumb\"},\"inLanguage\":\"fi\",\"potentialAction\":[{\"@type\":\"ReadAction\",\"target\":[\"https:\\\/\\\/help.jamk.fi\\\/ohjelmistotjalaitteet\\\/fi\\\/\"]}]},{\"@type\":\"BreadcrumbList\",\"@id\":\"https:\\\/\\\/help.jamk.fi\\\/ohjelmistotjalaitteet\\\/fi\\\/#breadcrumb\",\"itemListElement\":[{\"@type\":\"ListItem\",\"position\":1,\"name\":\"Home\",\"item\":\"https:\\\/\\\/help.jamk.fi\\\/ohjelmistotjalaitteet\\\/fi\\\/\"},{\"@type\":\"ListItem\",\"position\":2,\"name\":\"Ohjelmistot ja laitteet\"}]},{\"@type\":\"WebSite\",\"@id\":\"https:\\\/\\\/help.jamk.fi\\\/ohjelmistotjalaitteet\\\/#website\",\"url\":\"https:\\\/\\\/help.jamk.fi\\\/ohjelmistotjalaitteet\\\/\",\"name\":\"Ohjelmistot ja laitteet\",\"description\":\"\",\"potentialAction\":[{\"@type\":\"SearchAction\",\"target\":{\"@type\":\"EntryPoint\",\"urlTemplate\":\"https:\\\/\\\/help.jamk.fi\\\/ohjelmistotjalaitteet\\\/?s={search_term_string}\"},\"query-input\":{\"@type\":\"PropertyValueSpecification\",\"valueRequired\":true,\"valueName\":\"search_term_string\"}}],\"inLanguage\":\"fi\"}]}<\/script>\n<!-- \/ Yoast SEO plugin. -->","yoast_head_json":{"title":"Ohjelmistot ja laitteet - Ohjelmistot ja laitteet","robots":{"index":"index","follow":"follow","max-snippet":"max-snippet:-1","max-image-preview":"max-image-preview:large","max-video-preview":"max-video-preview:-1"},"canonical":"https:\/\/help.jamk.fi\/ohjelmistotjalaitteet\/fi\/","og_locale":"fi_FI","og_type":"article","og_title":"Ohjelmistot ja laitteet - Ohjelmistot ja laitteet","og_url":"https:\/\/help.jamk.fi\/ohjelmistotjalaitteet\/fi\/","og_site_name":"Ohjelmistot ja laitteet","article_modified_time":"2024-04-17T06:01:09+00:00","twitter_card":"summary_large_image","schema":{"@context":"https:\/\/schema.org","@graph":[{"@type":"WebPage","@id":"https:\/\/help.jamk.fi\/ohjelmistotjalaitteet\/fi\/","url":"https:\/\/help.jamk.fi\/ohjelmistotjalaitteet\/fi\/","name":"Ohjelmistot ja laitteet - Ohjelmistot ja laitteet","isPartOf":{"@id":"https:\/\/help.jamk.fi\/ohjelmistotjalaitteet\/#website"},"datePublished":"2023-11-21T11:16:51+00:00","dateModified":"2024-04-17T06:01:09+00:00","breadcrumb":{"@id":"https:\/\/help.jamk.fi\/ohjelmistotjalaitteet\/fi\/#breadcrumb"},"inLanguage":"fi","potentialAction":[{"@type":"ReadAction","target":["https:\/\/help.jamk.fi\/ohjelmistotjalaitteet\/fi\/"]}]},{"@type":"BreadcrumbList","@id":"https:\/\/help.jamk.fi\/ohjelmistotjalaitteet\/fi\/#breadcrumb","itemListElement":[{"@type":"ListItem","position":1,"name":"Home","item":"https:\/\/help.jamk.fi\/ohjelmistotjalaitteet\/fi\/"},{"@type":"ListItem","position":2,"name":"Ohjelmistot ja laitteet"}]},{"@type":"WebSite","@id":"https:\/\/help.jamk.fi\/ohjelmistotjalaitteet\/#website","url":"https:\/\/help.jamk.fi\/ohjelmistotjalaitteet\/","name":"Ohjelmistot ja laitteet","description":"","potentialAction":[{"@type":"SearchAction","target":{"@type":"EntryPoint","urlTemplate":"https:\/\/help.jamk.fi\/ohjelmistotjalaitteet\/?s={search_term_string}"},"query-input":{"@type":"PropertyValueSpecification","valueRequired":true,"valueName":"search_term_string"}}],"inLanguage":"fi"}]}},"_links":{"self":[{"href":"https:\/\/help.jamk.fi\/ohjelmistotjalaitteet\/wp-json\/wp\/v2\/pages\/164","targetHints":{"allow":["GET"]}}],"collection":[{"href":"https:\/\/help.jamk.fi\/ohjelmistotjalaitteet\/wp-json\/wp\/v2\/pages"}],"about":[{"href":"https:\/\/help.jamk.fi\/ohjelmistotjalaitteet\/wp-json\/wp\/v2\/types\/page"}],"author":[{"embeddable":true,"href":"https:\/\/help.jamk.fi\/ohjelmistotjalaitteet\/wp-json\/wp\/v2\/users\/66"}],"replies":[{"embeddable":true,"href":"https:\/\/help.jamk.fi\/ohjelmistotjalaitteet\/wp-json\/wp\/v2\/comments?post=164"}],"version-history":[{"count":46,"href":"https:\/\/help.jamk.fi\/ohjelmistotjalaitteet\/wp-json\/wp\/v2\/pages\/164\/revisions"}],"predecessor-version":[{"id":774,"href":"https:\/\/help.jamk.fi\/ohjelmistotjalaitteet\/wp-json\/wp\/v2\/pages\/164\/revisions\/774"}],"wp:attachment":[{"href":"https:\/\/help.jamk.fi\/ohjelmistotjalaitteet\/wp-json\/wp\/v2\/media?parent=164"}],"wp:term":[{"taxonomy":"category","embeddable":true,"href":"https:\/\/help.jamk.fi\/ohjelmistotjalaitteet\/wp-json\/wp\/v2\/categories?post=164"},{"taxonomy":"post_tag","embeddable":true,"href":"https:\/\/help.jamk.fi\/ohjelmistotjalaitteet\/wp-json\/wp\/v2\/tags?post=164"}],"curies":[{"name":"wp","href":"https:\/\/api.w.org\/{rel}","templated":true}]}}