{"id":25,"date":"2019-02-12T11:17:14","date_gmt":"2019-02-12T09:17:14","guid":{"rendered":"https:\/\/help.jamk.fi\/ohjelmistotjalaitteet\/kotikayttolisenssit\/"},"modified":"2025-12-04T11:39:01","modified_gmt":"2025-12-04T09:39:01","slug":"kotikayttolisenssit","status":"publish","type":"page","link":"https:\/\/help.jamk.fi\/ohjelmistotjalaitteet\/fi\/tyoskentelya-tukevat-jarjestelmat\/kotikayttolisenssit\/","title":{"rendered":"Kotik\u00e4ytt\u00f6lisenssit"},"content":{"rendered":"\n<p>Erilaisten kampus-sopimusten my\u00f6t\u00e4 henkil\u00f6kunta ja opiskelijat voivat hy\u00f6dynt\u00e4\u00e4 ohjelmia my\u00f6s kotikoneissa. Huomioithan, ett\u00e4 lisenssiehdot m\u00e4\u00e4ritt\u00e4v\u00e4t mit\u00e4 ohjelmistoilla saa tehd\u00e4. Loppuk\u00e4ytt\u00e4j\u00e4n pit\u00e4\u00e4 huolehtia siit\u00e4, ett\u00e4 lisenssiehtoja noudatetaan.<\/p>\n\n\n\n<h2 class=\"wp-block-heading\"><strong>Microsoft Azure Dev Tools for Teaching<\/strong><\/h2>\n\n\n\n<p>Kirjaudu sis\u00e4\u00e4n Jamkin s\u00e4hk\u00f6postiosoitetta k\u00e4ytt\u00e4en osoitteessa <a href=\"https:\/\/aka.ms\/devtoolsforteaching\">https:\/\/aka.ms\/devtoolsforteaching<\/a><\/p>\n\n\n\n<ul class=\"wp-block-list\">\n<li>Sis\u00e4lt\u00e4\u00e4 suuren m\u00e4\u00e4r\u00e4n Microsoftin tuotteita esim. Windows 10, Windows 11, Windows Server, Visual Studio, SQL server<\/li>\n\n\n\n<li>Kaikki tuotteet tarkoitettu oppimiseen ja tutkimukseen. Kaupallinen k\u00e4ytt\u00f6 ei ole sallittua.<\/li>\n\n\n\n<li>Opiskelijoiden mahdollista saada 100$ Azure -k\u00e4ytt\u00f6rahaa. Lis\u00e4tietoja <a href=\"https:\/\/aka.ms\/student\">https:\/\/aka.ms\/student<\/a><\/li>\n\n\n\n<li>T\u00e4m\u00e4 korvaa aikaisemmat Microsoft Imagine\/Dreamspark -lataukset jamk.onthehub.com -palvelussa<\/li>\n<\/ul>\n\n\n\n<h2 class=\"wp-block-heading\"><strong>Microsoft Office<\/strong><\/h2>\n\n\n\n<p>Microsoft Office on ladattavissa osoitteesta <a href=\"https:\/\/m365.jamk.fi\">m365.jamk.fi<\/a>. Kirjautumalla Office-sovelluksiin Jamkin tunnuksilla, saat lisenssin k\u00e4ytt\u00f6\u00f6si. Tutustu erilliseen <a href=\"https:\/\/help.jamk.fi\/m365\/office-sovellukset-opiskelijoille\/\">ohjeeseen<\/a>.<\/p>\n\n\n\n<h2 class=\"wp-block-heading\"><strong>Kivuto onthehub -verkkokauppa<\/strong><\/h2>\n\n\n\n<p>Kirjaudu sis\u00e4\u00e4n Jamkin tunnuksilla osoitteessa <a href=\"https:\/\/jamk.onthehub.com\">https:\/\/jamk.onthehub.com<\/a><\/p>\n\n\n\n<ul class=\"wp-block-list\">\n<li>Sis\u00e4lt\u00e4\u00e4 eri toimittajien tarjoamia ohjelmia ja palveluita<\/li>\n\n\n\n<li>Ohjelmien ja palveluiden osalta ei Jamk tarjoa tukea. Verkkokaupan tuesta vastaa yhteysty\u00f6kumppani Kivuto. Lis\u00e4\u00e4 ohjeita l\u00f6ytyy verkkokaupan oikean yl\u00e4kulman Help-linkin takaa<\/li>\n\n\n\n<li>Ladatuista ohjelmista ja lisenssikoodeista kannattaa aina olla itsell\u00e4\u00e4n varmuuskopio!<\/li>\n<\/ul>\n\n\n\n<h2 class=\"wp-block-heading\"><strong>Adobe Creative Cloud<\/strong> (henkil\u00f6kunta)<\/h2>\n\n\n\n<p>Vakituinen henkil\u00f6kunta voi ladata Creative Cloud -ohjelmia kotikoneelle maksutta. Lisenssi kattaa koko Creative Cloud -paketin ja sis\u00e4lt\u00e4\u00e4 my\u00f6s 100GB levytilaa verkkopalvelussa.<\/p>\n\n\n\n<p>K\u00e4ytt\u00f6\u00f6notto:<\/p>\n\n\n\n<ol class=\"wp-block-list\">\n<li>Mene osoitteeseen <a href=\"https:\/\/creativecloud.adobe.com\">https:\/\/creativecloud.adobe.com<\/a><\/li>\n\n\n\n<li>Valitse &#8221;Download Creative Cloud&#8221; ruudusta Download<\/li>\n\n\n\n<li>Tallenna tiedosto ja asenna Creative Cloud ohjelma koneellesi saamiesi ohjeiden mukaan<\/li>\n\n\n\n<li>K\u00e4ynnist\u00e4 Adobe Creative Cloud -ohjelma. Kirjautuminen tapahtuu Jamkin s\u00e4hk\u00f6postiosoitteella ja verkkosalasanalla<\/li>\n\n\n\n<li>Voit asentaa haluamasi ohjelmat Apps -valikosta<\/li>\n<\/ol>\n\n\n\n<h2 class=\"wp-block-heading\">Adobe Creative Cloud (Opiskelijat)<\/h2>\n\n\n\n<p>Opiskelijoiden on mahdollista k\u00e4ytt\u00e4\u00e4 Adoben palveluita kampuksen koneilla vapaasti. Kotik\u00e4ytt\u00f6\u00f6n opiskelijoiden on mahdollista hankia Adobe Creative Cloud Pro -paketti erikoishintaan. Tilaus on voimassa aina 12 kuukautta kerrallaan ja k\u00e4ytt\u00f6 vaatii voimassa olevan Jamkin tunnuksen. <\/p>\n\n\n\n<p><a href=\"https:\/\/creative.academicsoftware.com\/fi\/jamk\">Hinnat ja tarkemmat tiedot l\u00f6yd\u00e4t sopimuskumppanimme verkkokaupasta.<\/a><\/p>\n\n\n\n<p><\/p>\n","protected":false},"excerpt":{"rendered":"<p>Erilaisten kampus-sopimusten my\u00f6t\u00e4 henkil\u00f6kunta ja opiskelijat voivat hy\u00f6dynt\u00e4\u00e4 ohjelmia my\u00f6s kotikoneissa. Huomioithan, ett\u00e4 lisenssiehdot m\u00e4\u00e4ritt\u00e4v\u00e4t mit\u00e4 ohjelmistoilla saa tehd\u00e4. Loppuk\u00e4ytt\u00e4j\u00e4n pit\u00e4\u00e4 huolehtia siit\u00e4, ett\u00e4 lisenssiehtoja noudatetaan. Microsoft Azure Dev Tools for Teaching Kirjaudu sis\u00e4\u00e4n Jamkin s\u00e4hk\u00f6postiosoitetta k\u00e4ytt\u00e4en osoitteessa https:\/\/aka.ms\/devtoolsforteaching Microsoft Office Microsoft Office on ladattavissa osoitteesta m365.jamk.fi. Kirjautumalla Office-sovelluksiin Jamkin tunnuksilla, saat lisenssin k\u00e4ytt\u00f6\u00f6si. Tutustu [&hellip;]<\/p>\n","protected":false},"author":64,"featured_media":0,"parent":6,"menu_order":0,"comment_status":"closed","ping_status":"closed","template":"","meta":{"_acf_changed":false,"_relevanssi_hide_post":"","_relevanssi_hide_content":"","_relevanssi_pin_for_all":"","_relevanssi_pin_keywords":"","_relevanssi_unpin_keywords":"","_relevanssi_related_keywords":"","_relevanssi_related_include_ids":"","_relevanssi_related_exclude_ids":"","_relevanssi_related_no_append":"","_relevanssi_related_not_related":"","_relevanssi_related_posts":"1","_relevanssi_noindex_reason":"","footnotes":""},"categories":[10,14],"tags":[106,108,22,110],"class_list":["post-25","page","type-page","status-publish","hentry","category-henkilosto","category-opiskelijat","tag-adobe","tag-etatyo","tag-microsoft365","tag-office"],"acf":[],"yoast_head":"<!-- This site is optimized with the Yoast SEO plugin v27.3 - https:\/\/yoast.com\/product\/yoast-seo-wordpress\/ -->\n<title>Kotik\u00e4ytt\u00f6lisenssit - Ohjelmistot ja laitteet<\/title>\n<meta name=\"robots\" content=\"index, follow, max-snippet:-1, max-image-preview:large, max-video-preview:-1\" \/>\n<link rel=\"canonical\" href=\"https:\/\/help.jamk.fi\/ohjelmistotjalaitteet\/fi\/tyoskentelya-tukevat-jarjestelmat\/kotikayttolisenssit\/\" \/>\n<meta property=\"og:locale\" content=\"fi_FI\" \/>\n<meta property=\"og:type\" content=\"article\" \/>\n<meta property=\"og:title\" content=\"Kotik\u00e4ytt\u00f6lisenssit - Ohjelmistot ja laitteet\" \/>\n<meta property=\"og:description\" content=\"Erilaisten kampus-sopimusten my\u00f6t\u00e4 henkil\u00f6kunta ja opiskelijat voivat hy\u00f6dynt\u00e4\u00e4 ohjelmia my\u00f6s kotikoneissa. Huomioithan, ett\u00e4 lisenssiehdot m\u00e4\u00e4ritt\u00e4v\u00e4t mit\u00e4 ohjelmistoilla saa tehd\u00e4. Loppuk\u00e4ytt\u00e4j\u00e4n pit\u00e4\u00e4 huolehtia siit\u00e4, ett\u00e4 lisenssiehtoja noudatetaan. Microsoft Azure Dev Tools for Teaching Kirjaudu sis\u00e4\u00e4n Jamkin s\u00e4hk\u00f6postiosoitetta k\u00e4ytt\u00e4en osoitteessa https:\/\/aka.ms\/devtoolsforteaching Microsoft Office Microsoft Office on ladattavissa osoitteesta m365.jamk.fi. Kirjautumalla Office-sovelluksiin Jamkin tunnuksilla, saat lisenssin k\u00e4ytt\u00f6\u00f6si. Tutustu [&hellip;]\" \/>\n<meta property=\"og:url\" content=\"https:\/\/help.jamk.fi\/ohjelmistotjalaitteet\/fi\/tyoskentelya-tukevat-jarjestelmat\/kotikayttolisenssit\/\" \/>\n<meta property=\"og:site_name\" content=\"Ohjelmistot ja laitteet\" \/>\n<meta property=\"article:modified_time\" content=\"2025-12-04T09:39:01+00:00\" \/>\n<meta name=\"twitter:card\" content=\"summary_large_image\" \/>\n<meta name=\"twitter:label1\" content=\"Arvioitu lukuaika\" \/>\n\t<meta name=\"twitter:data1\" content=\"2 minuuttia\" \/>\n<script type=\"application\/ld+json\" class=\"yoast-schema-graph\">{\"@context\":\"https:\\\/\\\/schema.org\",\"@graph\":[{\"@type\":\"WebPage\",\"@id\":\"https:\\\/\\\/help.jamk.fi\\\/ohjelmistotjalaitteet\\\/fi\\\/tyoskentelya-tukevat-jarjestelmat\\\/kotikayttolisenssit\\\/\",\"url\":\"https:\\\/\\\/help.jamk.fi\\\/ohjelmistotjalaitteet\\\/fi\\\/tyoskentelya-tukevat-jarjestelmat\\\/kotikayttolisenssit\\\/\",\"name\":\"Kotik\u00e4ytt\u00f6lisenssit - Ohjelmistot ja laitteet\",\"isPartOf\":{\"@id\":\"https:\\\/\\\/help.jamk.fi\\\/ohjelmistotjalaitteet\\\/#website\"},\"datePublished\":\"2019-02-12T09:17:14+00:00\",\"dateModified\":\"2025-12-04T09:39:01+00:00\",\"breadcrumb\":{\"@id\":\"https:\\\/\\\/help.jamk.fi\\\/ohjelmistotjalaitteet\\\/fi\\\/tyoskentelya-tukevat-jarjestelmat\\\/kotikayttolisenssit\\\/#breadcrumb\"},\"inLanguage\":\"fi\",\"potentialAction\":[{\"@type\":\"ReadAction\",\"target\":[\"https:\\\/\\\/help.jamk.fi\\\/ohjelmistotjalaitteet\\\/fi\\\/tyoskentelya-tukevat-jarjestelmat\\\/kotikayttolisenssit\\\/\"]}]},{\"@type\":\"BreadcrumbList\",\"@id\":\"https:\\\/\\\/help.jamk.fi\\\/ohjelmistotjalaitteet\\\/fi\\\/tyoskentelya-tukevat-jarjestelmat\\\/kotikayttolisenssit\\\/#breadcrumb\",\"itemListElement\":[{\"@type\":\"ListItem\",\"position\":1,\"name\":\"Home\",\"item\":\"https:\\\/\\\/help.jamk.fi\\\/ohjelmistotjalaitteet\\\/fi\\\/\"},{\"@type\":\"ListItem\",\"position\":2,\"name\":\"J\u00e4rjestelm\u00e4t ja ohjelmistot\",\"item\":\"https:\\\/\\\/help.jamk.fi\\\/ohjelmistotjalaitteet\\\/fi\\\/tyoskentelya-tukevat-jarjestelmat\\\/\"},{\"@type\":\"ListItem\",\"position\":3,\"name\":\"Kotik\u00e4ytt\u00f6lisenssit\"}]},{\"@type\":\"WebSite\",\"@id\":\"https:\\\/\\\/help.jamk.fi\\\/ohjelmistotjalaitteet\\\/#website\",\"url\":\"https:\\\/\\\/help.jamk.fi\\\/ohjelmistotjalaitteet\\\/\",\"name\":\"Ohjelmistot ja laitteet\",\"description\":\"\",\"potentialAction\":[{\"@type\":\"SearchAction\",\"target\":{\"@type\":\"EntryPoint\",\"urlTemplate\":\"https:\\\/\\\/help.jamk.fi\\\/ohjelmistotjalaitteet\\\/?s={search_term_string}\"},\"query-input\":{\"@type\":\"PropertyValueSpecification\",\"valueRequired\":true,\"valueName\":\"search_term_string\"}}],\"inLanguage\":\"fi\"}]}<\/script>\n<!-- \/ Yoast SEO plugin. -->","yoast_head_json":{"title":"Kotik\u00e4ytt\u00f6lisenssit - Ohjelmistot ja laitteet","robots":{"index":"index","follow":"follow","max-snippet":"max-snippet:-1","max-image-preview":"max-image-preview:large","max-video-preview":"max-video-preview:-1"},"canonical":"https:\/\/help.jamk.fi\/ohjelmistotjalaitteet\/fi\/tyoskentelya-tukevat-jarjestelmat\/kotikayttolisenssit\/","og_locale":"fi_FI","og_type":"article","og_title":"Kotik\u00e4ytt\u00f6lisenssit - Ohjelmistot ja laitteet","og_description":"Erilaisten kampus-sopimusten my\u00f6t\u00e4 henkil\u00f6kunta ja opiskelijat voivat hy\u00f6dynt\u00e4\u00e4 ohjelmia my\u00f6s kotikoneissa. Huomioithan, ett\u00e4 lisenssiehdot m\u00e4\u00e4ritt\u00e4v\u00e4t mit\u00e4 ohjelmistoilla saa tehd\u00e4. Loppuk\u00e4ytt\u00e4j\u00e4n pit\u00e4\u00e4 huolehtia siit\u00e4, ett\u00e4 lisenssiehtoja noudatetaan. Microsoft Azure Dev Tools for Teaching Kirjaudu sis\u00e4\u00e4n Jamkin s\u00e4hk\u00f6postiosoitetta k\u00e4ytt\u00e4en osoitteessa https:\/\/aka.ms\/devtoolsforteaching Microsoft Office Microsoft Office on ladattavissa osoitteesta m365.jamk.fi. Kirjautumalla Office-sovelluksiin Jamkin tunnuksilla, saat lisenssin k\u00e4ytt\u00f6\u00f6si. Tutustu [&hellip;]","og_url":"https:\/\/help.jamk.fi\/ohjelmistotjalaitteet\/fi\/tyoskentelya-tukevat-jarjestelmat\/kotikayttolisenssit\/","og_site_name":"Ohjelmistot ja laitteet","article_modified_time":"2025-12-04T09:39:01+00:00","twitter_card":"summary_large_image","twitter_misc":{"Arvioitu lukuaika":"2 minuuttia"},"schema":{"@context":"https:\/\/schema.org","@graph":[{"@type":"WebPage","@id":"https:\/\/help.jamk.fi\/ohjelmistotjalaitteet\/fi\/tyoskentelya-tukevat-jarjestelmat\/kotikayttolisenssit\/","url":"https:\/\/help.jamk.fi\/ohjelmistotjalaitteet\/fi\/tyoskentelya-tukevat-jarjestelmat\/kotikayttolisenssit\/","name":"Kotik\u00e4ytt\u00f6lisenssit - Ohjelmistot ja laitteet","isPartOf":{"@id":"https:\/\/help.jamk.fi\/ohjelmistotjalaitteet\/#website"},"datePublished":"2019-02-12T09:17:14+00:00","dateModified":"2025-12-04T09:39:01+00:00","breadcrumb":{"@id":"https:\/\/help.jamk.fi\/ohjelmistotjalaitteet\/fi\/tyoskentelya-tukevat-jarjestelmat\/kotikayttolisenssit\/#breadcrumb"},"inLanguage":"fi","potentialAction":[{"@type":"ReadAction","target":["https:\/\/help.jamk.fi\/ohjelmistotjalaitteet\/fi\/tyoskentelya-tukevat-jarjestelmat\/kotikayttolisenssit\/"]}]},{"@type":"BreadcrumbList","@id":"https:\/\/help.jamk.fi\/ohjelmistotjalaitteet\/fi\/tyoskentelya-tukevat-jarjestelmat\/kotikayttolisenssit\/#breadcrumb","itemListElement":[{"@type":"ListItem","position":1,"name":"Home","item":"https:\/\/help.jamk.fi\/ohjelmistotjalaitteet\/fi\/"},{"@type":"ListItem","position":2,"name":"J\u00e4rjestelm\u00e4t ja ohjelmistot","item":"https:\/\/help.jamk.fi\/ohjelmistotjalaitteet\/fi\/tyoskentelya-tukevat-jarjestelmat\/"},{"@type":"ListItem","position":3,"name":"Kotik\u00e4ytt\u00f6lisenssit"}]},{"@type":"WebSite","@id":"https:\/\/help.jamk.fi\/ohjelmistotjalaitteet\/#website","url":"https:\/\/help.jamk.fi\/ohjelmistotjalaitteet\/","name":"Ohjelmistot ja laitteet","description":"","potentialAction":[{"@type":"SearchAction","target":{"@type":"EntryPoint","urlTemplate":"https:\/\/help.jamk.fi\/ohjelmistotjalaitteet\/?s={search_term_string}"},"query-input":{"@type":"PropertyValueSpecification","valueRequired":true,"valueName":"search_term_string"}}],"inLanguage":"fi"}]}},"_links":{"self":[{"href":"https:\/\/help.jamk.fi\/ohjelmistotjalaitteet\/wp-json\/wp\/v2\/pages\/25","targetHints":{"allow":["GET"]}}],"collection":[{"href":"https:\/\/help.jamk.fi\/ohjelmistotjalaitteet\/wp-json\/wp\/v2\/pages"}],"about":[{"href":"https:\/\/help.jamk.fi\/ohjelmistotjalaitteet\/wp-json\/wp\/v2\/types\/page"}],"author":[{"embeddable":true,"href":"https:\/\/help.jamk.fi\/ohjelmistotjalaitteet\/wp-json\/wp\/v2\/users\/64"}],"replies":[{"embeddable":true,"href":"https:\/\/help.jamk.fi\/ohjelmistotjalaitteet\/wp-json\/wp\/v2\/comments?post=25"}],"version-history":[{"count":13,"href":"https:\/\/help.jamk.fi\/ohjelmistotjalaitteet\/wp-json\/wp\/v2\/pages\/25\/revisions"}],"predecessor-version":[{"id":1016,"href":"https:\/\/help.jamk.fi\/ohjelmistotjalaitteet\/wp-json\/wp\/v2\/pages\/25\/revisions\/1016"}],"up":[{"embeddable":true,"href":"https:\/\/help.jamk.fi\/ohjelmistotjalaitteet\/wp-json\/wp\/v2\/pages\/6"}],"wp:attachment":[{"href":"https:\/\/help.jamk.fi\/ohjelmistotjalaitteet\/wp-json\/wp\/v2\/media?parent=25"}],"wp:term":[{"taxonomy":"category","embeddable":true,"href":"https:\/\/help.jamk.fi\/ohjelmistotjalaitteet\/wp-json\/wp\/v2\/categories?post=25"},{"taxonomy":"post_tag","embeddable":true,"href":"https:\/\/help.jamk.fi\/ohjelmistotjalaitteet\/wp-json\/wp\/v2\/tags?post=25"}],"curies":[{"name":"wp","href":"https:\/\/api.w.org\/{rel}","templated":true}]}}