{"id":291,"date":"2023-11-24T14:31:13","date_gmt":"2023-11-24T12:31:13","guid":{"rendered":"https:\/\/help.jamk.fi\/ohjelmistotjalaitteet\/?page_id=291"},"modified":"2024-01-23T14:53:19","modified_gmt":"2024-01-23T12:53:19","slug":"eduroam","status":"publish","type":"page","link":"https:\/\/help.jamk.fi\/ohjelmistotjalaitteet\/fi\/langattomat-wlan-verkot\/eduroam\/","title":{"rendered":"Eduroam"},"content":{"rendered":"\n<p>Eduroam on kansainv\u00e4linen langaton WLAN-verkkovierailupalvelu. Monissa korkeakouluissa on tarjolla Eduroam-niminen WLAN- verkko, jonne voit kirjautua omalla Jamkin k\u00e4ytt\u00e4j\u00e4tunnuksellasi. Vastaavasti voit kirjautua oman koulusi tunnuksella Jamkin tarjoamaan Eduroam-verkkoon, mik\u00e4li koulusi sen mahdollistaa.<\/p>\n\n\n\n<p><a href=\"https:\/\/help.jamk.fi\/kirjautuminen\/fi\/kayttajatunnus\/mika-on-kayttajatunnukseni\">Mik\u00e4 on k\u00e4ytt\u00e4j\u00e4tunnukseni?<\/a><\/p>\n\n\n\n<p><\/p>\n\n\n\n<div id=\"accordion-block_087cda57e374a73e22e18fbc14443ade\" class=\"accordion block-accordion\">\n  <div class=\"block-accordion__element-header\">\n          <h2>Eduroamin k\u00e4ytt\u00f6\u00f6notto<\/h2>\n      <\/div>\n  <div class=\"block-accordion__accordions\">\n                  <div class=\"accordion-item\">\n          <h2 class=\"h6 accordion-title\">\n            <button id=\"accordion-header-1\" class=\"accordion-header\" aria-expanded=\"false\" aria-controls=\"accordion-panel-1\">\n              Android (Versio 8 tai uudempi)              <div class='plus-icon' itemprop='logo'><svg aria-hidden=\"true\" viewBox=\"0 0 16 16\" fill=\"none\" xmlns=\"http:\/\/www.w3.org\/2000\/svg\"><path d=\"M8.92 7.1V.06H7.2V7.1H.12v1.72H7.2v7.12h1.72V8.82H16V7.1H8.92z\" fill=\"#0D004C\"\/><\/svg><\/div>              <div class='minus-icon' itemprop='logo'><svg aria-hidden=\"true\" viewBox=\"0 0 14 2\" fill=\"none\" xmlns=\"http:\/\/www.w3.org\/2000\/svg\"><path d=\"M14 1.88H.88V.12H14v1.76z\" fill=\"#fff\"\/><\/svg><\/div>            <\/button>\n          <\/h2>\n          <div class=\"accordion-section-wrapper\">\n            <section id=\"accordion-panel-1\" class=\"accordion-panel\" aria-labelledby=\"accordion-header-1\">\n              <ol>\n<li>Asenna <a href=\"https:\/\/play.google.com\/store\/apps\/details?id=app.eduroam.geteduroam&amp;hl=en\" rel=\"noopener\">geteduroam<\/a>-sovellus Play Storesta.<\/li>\n<li>Avaa geteduroam sovellus.<\/li>\n<li>Valitse avautuvasta listasta Jyv\u00e4skyl\u00e4n Ammattikorkeakoulu.<\/li>\n<li>Sy\u00f6t\u00e4 koulusi s\u00e4hk\u00f6postiosoite ja salasana.<\/li>\n<li>Eduroam on nyt valmis k\u00e4ytett\u00e4v\u00e4ksi.<\/li>\n<\/ol>\n<p>Ongelmatilanteissa ole yhteydess\u00e4 Jamkin ICT-Helpdeskiin!<\/p>\n<ul>\n<li style=\"list-style-type: none;\"><\/li>\n<\/ul>\n            <\/section>\n          <\/div>\n        <\/div>\n              <div class=\"accordion-item\">\n          <h2 class=\"h6 accordion-title\">\n            <button id=\"accordion-header-2\" class=\"accordion-header\" aria-expanded=\"false\" aria-controls=\"accordion-panel-2\">\n              iOS\/iPadOS              <div class='plus-icon' itemprop='logo'><svg aria-hidden=\"true\" viewBox=\"0 0 16 16\" fill=\"none\" xmlns=\"http:\/\/www.w3.org\/2000\/svg\"><path d=\"M8.92 7.1V.06H7.2V7.1H.12v1.72H7.2v7.12h1.72V8.82H16V7.1H8.92z\" fill=\"#0D004C\"\/><\/svg><\/div>              <div class='minus-icon' itemprop='logo'><svg aria-hidden=\"true\" viewBox=\"0 0 14 2\" fill=\"none\" xmlns=\"http:\/\/www.w3.org\/2000\/svg\"><path d=\"M14 1.88H.88V.12H14v1.76z\" fill=\"#fff\"\/><\/svg><\/div>            <\/button>\n          <\/h2>\n          <div class=\"accordion-section-wrapper\">\n            <section id=\"accordion-panel-2\" class=\"accordion-panel\" aria-labelledby=\"accordion-header-2\">\n              <ol>\n<li>Asenna <a href=\"https:\/\/apps.apple.com\/no\/app\/geteduroam\/id1504076137\" rel=\"noopener\">geteduroam<\/a>-sovellus App Storesta.<\/li>\n<li>Avaa geteduroam sovellus.<\/li>\n<li>Valitse avautuvasta listasta Jyv\u00e4skyl\u00e4n Ammattikorkeakoulu.<\/li>\n<li>Sy\u00f6t\u00e4 koulusi s\u00e4hk\u00f6postiosoite ja salasana.<\/li>\n<li>Eduroam on nyt valmis k\u00e4ytett\u00e4v\u00e4ksi.<\/li>\n<\/ol>\n<p>Ongelmatilanteissa ole yhteydess\u00e4 Jamkin ICT-Helpdeskiin!<\/p>\n<ul>\n<li style=\"list-style-type: none;\"><\/li>\n<\/ul>\n            <\/section>\n          <\/div>\n        <\/div>\n              <div class=\"accordion-item\">\n          <h2 class=\"h6 accordion-title\">\n            <button id=\"accordion-header-3\" class=\"accordion-header\" aria-expanded=\"false\" aria-controls=\"accordion-panel-3\">\n              Mac              <div class='plus-icon' itemprop='logo'><svg aria-hidden=\"true\" viewBox=\"0 0 16 16\" fill=\"none\" xmlns=\"http:\/\/www.w3.org\/2000\/svg\"><path d=\"M8.92 7.1V.06H7.2V7.1H.12v1.72H7.2v7.12h1.72V8.82H16V7.1H8.92z\" fill=\"#0D004C\"\/><\/svg><\/div>              <div class='minus-icon' itemprop='logo'><svg aria-hidden=\"true\" viewBox=\"0 0 14 2\" fill=\"none\" xmlns=\"http:\/\/www.w3.org\/2000\/svg\"><path d=\"M14 1.88H.88V.12H14v1.76z\" fill=\"#fff\"\/><\/svg><\/div>            <\/button>\n          <\/h2>\n          <div class=\"accordion-section-wrapper\">\n            <section id=\"accordion-panel-3\" class=\"accordion-panel\" aria-labelledby=\"accordion-header-3\">\n              <ol>\n<li>Avaa verkkoselain (Safari).<\/li>\n<li>Siirry osoitteeseen <a href=\"https:\/\/cat.eduroam.org\" rel=\"noopener\">https:\/\/cat.eduroam.org<\/a><\/li>\n<li>Napsauta \u201cdownload your eduroam installer\u201d <img decoding=\"async\" src=\"https:\/\/help.jamk.fi\/ohjelmistotjalaitteet\/wp-content\/uploads\/sites\/139\/2023\/11\/eduroam_cat.png\" alt=\"edu_cat\" \/><\/li>\n<li>Valitse avautuvasta listasta Jyv\u00e4skyl\u00e4n Ammattikorkeakoulu. <img decoding=\"async\" src=\"https:\/\/help.jamk.fi\/ohjelmistotjalaitteet\/wp-content\/uploads\/sites\/139\/2023\/11\/jamk_cat.png\" alt=\"jamk_cat\" \/><\/li>\n<li>Lataa asennusohjelma napsauttamalla &#8221;eduroam&#8221;-painiketta tai valitse &#8221;Choose another installer to download&#8221; jos olet lataamassa asennusohjelmaa jollekin toiselle laitteelle <img decoding=\"async\" src=\"https:\/\/help.jamk.fi\/ohjelmistotjalaitteet\/wp-content\/uploads\/sites\/139\/2023\/11\/eduroam_download_button.png\" alt=\"edu_download\" \/><\/li>\n<li>K\u00e4ynnist\u00e4 lataamasi asennusohjelma, saat ilmoituksen, ett\u00e4 profiili on valmiina asennettavaksi. <img decoding=\"async\" src=\"https:\/\/help.jamk.fi\/ohjelmistotjalaitteet\/wp-content\/uploads\/sites\/139\/2023\/12\/mac_review_profile.png\" alt=\"edu_profile\" \/><\/li>\n<li>Mene j\u00e4rjestelm\u00e4asetuksiin ja valitse eduroam-profiili (J\u00e4rjestelm\u00e4asetukset -&gt; Profiilit). <img decoding=\"async\" src=\"https:\/\/help.jamk.fi\/ohjelmistotjalaitteet\/wp-content\/uploads\/sites\/139\/2023\/12\/mac_eduroam_profile.png\" alt=\"profile\" \/><\/li>\n<li>Asenna profiili (Install&#8230;). Seuraa asennusohjelman ohjeita ja kirjaudu koulun k\u00e4ytt\u00e4j\u00e4tunnuksella ja salasanalla. <img decoding=\"async\" src=\"https:\/\/help.jamk.fi\/ohjelmistotjalaitteet\/wp-content\/uploads\/sites\/139\/2023\/12\/mac_eduroam_profile2.png\" alt=\"edu_profile2\" \/><\/li>\n<li>Eduroam on nyt\u00a0 k\u00e4ytett\u00e4viss\u00e4.<\/li>\n<\/ol>\n<p>Ongelmatilanteissa ole yhteydess\u00e4 Jamkin ICT-Helpdeskiin!<\/p>\n            <\/section>\n          <\/div>\n        <\/div>\n              <div class=\"accordion-item\">\n          <h2 class=\"h6 accordion-title\">\n            <button id=\"accordion-header-4\" class=\"accordion-header\" aria-expanded=\"false\" aria-controls=\"accordion-panel-4\">\n              Windows 10\/11 ja muut laitteet              <div class='plus-icon' itemprop='logo'><svg aria-hidden=\"true\" viewBox=\"0 0 16 16\" fill=\"none\" xmlns=\"http:\/\/www.w3.org\/2000\/svg\"><path d=\"M8.92 7.1V.06H7.2V7.1H.12v1.72H7.2v7.12h1.72V8.82H16V7.1H8.92z\" fill=\"#0D004C\"\/><\/svg><\/div>              <div class='minus-icon' itemprop='logo'><svg aria-hidden=\"true\" viewBox=\"0 0 14 2\" fill=\"none\" xmlns=\"http:\/\/www.w3.org\/2000\/svg\"><path d=\"M14 1.88H.88V.12H14v1.76z\" fill=\"#fff\"\/><\/svg><\/div>            <\/button>\n          <\/h2>\n          <div class=\"accordion-section-wrapper\">\n            <section id=\"accordion-panel-4\" class=\"accordion-panel\" aria-labelledby=\"accordion-header-4\">\n              <p>Jos sinulla on Windows 10\/11 -laite, voit kokeilla t\u00e4t\u00e4:<\/p>\n<ul>\n<li>Etsi saatavilla olevista wifi-verkoista Eduroam ja napsauta sit\u00e4.<\/li>\n<li>Sy\u00f6t\u00e4 koulun s\u00e4hk\u00f6postiosoite ja salasana, kun niit\u00e4 pyydet\u00e4\u00e4n.<\/li>\n<li>Laitteesi pit\u00e4isi olla nyt yhdistettyn\u00e4 Eduroamiin.<\/li>\n<\/ul>\n<p>Jos t\u00e4m\u00e4 ei toimi tai sinulla on jokin muu laite, noudata alla olevia ohjeita:<\/p>\n<ol>\n<li>Avaa verkkoselain.<\/li>\n<li>Siirry osoitteeseen <a href=\"https:\/\/cat.eduroam.org\" rel=\"noopener\">https:\/\/cat.eduroam.org<\/a><\/li>\n<li>Napsauta \u201cdownload your eduroam installer\u201d <img decoding=\"async\" src=\"https:\/\/help.jamk.fi\/ohjelmistotjalaitteet\/wp-content\/uploads\/sites\/139\/2023\/11\/eduroam_cat.png\" alt=\"edu_cat\" \/><\/li>\n<li>Valitse avautuvasta listasta Jyv\u00e4skyl\u00e4n Ammattikorkeakoulu. <img decoding=\"async\" src=\"https:\/\/help.jamk.fi\/ohjelmistotjalaitteet\/wp-content\/uploads\/sites\/139\/2023\/11\/jamk_cat.png\" alt=\"jamk_cat\" \/><\/li>\n<li>Lataa asennusohjelma napsauttamalla &#8221;eduroam&#8221;-painiketta tai valitse &#8221;Choose another installer to download&#8221; jos olet lataamassa asennusohjelmaa jollekin toiselle laitteelle <img decoding=\"async\" src=\"https:\/\/help.jamk.fi\/ohjelmistotjalaitteet\/wp-content\/uploads\/sites\/139\/2023\/11\/eduroam_download_button.png\" alt=\"edu_download\" \/><\/li>\n<li>K\u00e4ynnist\u00e4 lataamasi asennusohjelma ja kysytt\u00e4ess\u00e4 kirjaudu koulun k\u00e4ytt\u00e4j\u00e4tunnuksella ja salasanalla. <img decoding=\"async\" src=\"https:\/\/help.jamk.fi\/ohjelmistotjalaitteet\/wp-content\/uploads\/sites\/139\/2023\/11\/edu_installer.png\" alt=\"login\" \/><\/li>\n<li>Suorita asennus loppuun.\u00a0Eduroam on nyt\u00a0 k\u00e4ytett\u00e4viss\u00e4.<\/li>\n<\/ol>\n<p>Ongelmatilanteissa ole yhteydess\u00e4 Jamkin ICT-Helpdeskiin!<\/p>\n            <\/section>\n          <\/div>\n        <\/div>\n            <\/div>\n<\/div>\n\n<div id=\"info-lift-block_41f98de2e21051602d01114bfb70ec79\" class=\"block-info-lift block-info-lift\">\n  <div class=\"row\">\n    <div class=\"col-12\">\n              <div class=\"block-info-lift__content\">\n          <div class=\"block-info-lift__content__icon\">\n            <span>!<\/span>\n          <\/div>\n          <p class=\"block-info-lift__content__text\">Jos vaihdat k\u00e4ytt\u00e4j\u00e4tunnuksesi salasanan, niin muista p\u00e4ivitt\u00e4\u00e4 se my\u00f6s Eduroamin kirjautumistietoihin!<\/p>\n        <\/div>\n          <\/div>\n  <\/div>\n<\/div>\n\n\n<p class=\"is-style-plain is-style-default\">Lis\u00e4\u00e4 tietoa Eduroamista: \u00a0<a href=\"https:\/\/www.eduroam.fi\/\">www.eduroam.fi<\/a><\/p>\n","protected":false},"excerpt":{"rendered":"<p>Eduroam on kansainv\u00e4linen langaton WLAN-verkkovierailupalvelu. Monissa korkeakouluissa on tarjolla Eduroam-niminen WLAN- verkko, jonne voit kirjautua omalla Jamkin k\u00e4ytt\u00e4j\u00e4tunnuksellasi. Vastaavasti voit kirjautua oman koulusi tunnuksella Jamkin tarjoamaan Eduroam-verkkoon, mik\u00e4li koulusi sen mahdollistaa. Mik\u00e4 on k\u00e4ytt\u00e4j\u00e4tunnukseni? Lis\u00e4\u00e4 tietoa Eduroamista: \u00a0www.eduroam.fi<\/p>\n","protected":false},"author":61,"featured_media":0,"parent":67,"menu_order":0,"comment_status":"closed","ping_status":"closed","template":"","meta":{"_acf_changed":false,"_relevanssi_hide_post":"","_relevanssi_hide_content":"","_relevanssi_pin_for_all":"","_relevanssi_pin_keywords":"","_relevanssi_unpin_keywords":"","_relevanssi_related_keywords":"","_relevanssi_related_include_ids":"","_relevanssi_related_exclude_ids":"","_relevanssi_related_no_append":"","_relevanssi_related_not_related":"","_relevanssi_related_posts":"1","_relevanssi_noindex_reason":"","footnotes":""},"categories":[1],"tags":[],"class_list":["post-291","page","type-page","status-publish","hentry","category-uncategorised"],"acf":[],"yoast_head":"<!-- This site is optimized with the Yoast SEO plugin v27.3 - https:\/\/yoast.com\/product\/yoast-seo-wordpress\/ -->\n<title>Eduroam - Ohjelmistot ja laitteet<\/title>\n<meta name=\"robots\" content=\"index, follow, max-snippet:-1, max-image-preview:large, max-video-preview:-1\" \/>\n<link rel=\"canonical\" href=\"https:\/\/help.jamk.fi\/ohjelmistotjalaitteet\/fi\/langattomat-wlan-verkot\/eduroam\/\" \/>\n<meta property=\"og:locale\" content=\"fi_FI\" \/>\n<meta property=\"og:type\" content=\"article\" \/>\n<meta property=\"og:title\" content=\"Eduroam - Ohjelmistot ja laitteet\" \/>\n<meta property=\"og:description\" content=\"Eduroam on kansainv\u00e4linen langaton WLAN-verkkovierailupalvelu. Monissa korkeakouluissa on tarjolla Eduroam-niminen WLAN- verkko, jonne voit kirjautua omalla Jamkin k\u00e4ytt\u00e4j\u00e4tunnuksellasi. Vastaavasti voit kirjautua oman koulusi tunnuksella Jamkin tarjoamaan Eduroam-verkkoon, mik\u00e4li koulusi sen mahdollistaa. Mik\u00e4 on k\u00e4ytt\u00e4j\u00e4tunnukseni? Lis\u00e4\u00e4 tietoa Eduroamista: \u00a0www.eduroam.fi\" \/>\n<meta property=\"og:url\" content=\"https:\/\/help.jamk.fi\/ohjelmistotjalaitteet\/fi\/langattomat-wlan-verkot\/eduroam\/\" \/>\n<meta property=\"og:site_name\" content=\"Ohjelmistot ja laitteet\" \/>\n<meta property=\"article:modified_time\" content=\"2024-01-23T12:53:19+00:00\" \/>\n<meta name=\"twitter:card\" content=\"summary_large_image\" \/>\n<meta name=\"twitter:label1\" content=\"Arvioitu lukuaika\" \/>\n\t<meta name=\"twitter:data1\" content=\"1 minuutti\" \/>\n<script type=\"application\/ld+json\" class=\"yoast-schema-graph\">{\"@context\":\"https:\\\/\\\/schema.org\",\"@graph\":[{\"@type\":\"WebPage\",\"@id\":\"https:\\\/\\\/help.jamk.fi\\\/ohjelmistotjalaitteet\\\/fi\\\/langattomat-wlan-verkot\\\/eduroam\\\/\",\"url\":\"https:\\\/\\\/help.jamk.fi\\\/ohjelmistotjalaitteet\\\/fi\\\/langattomat-wlan-verkot\\\/eduroam\\\/\",\"name\":\"Eduroam - Ohjelmistot ja laitteet\",\"isPartOf\":{\"@id\":\"https:\\\/\\\/help.jamk.fi\\\/ohjelmistotjalaitteet\\\/#website\"},\"datePublished\":\"2023-11-24T12:31:13+00:00\",\"dateModified\":\"2024-01-23T12:53:19+00:00\",\"breadcrumb\":{\"@id\":\"https:\\\/\\\/help.jamk.fi\\\/ohjelmistotjalaitteet\\\/fi\\\/langattomat-wlan-verkot\\\/eduroam\\\/#breadcrumb\"},\"inLanguage\":\"fi\",\"potentialAction\":[{\"@type\":\"ReadAction\",\"target\":[\"https:\\\/\\\/help.jamk.fi\\\/ohjelmistotjalaitteet\\\/fi\\\/langattomat-wlan-verkot\\\/eduroam\\\/\"]}]},{\"@type\":\"BreadcrumbList\",\"@id\":\"https:\\\/\\\/help.jamk.fi\\\/ohjelmistotjalaitteet\\\/fi\\\/langattomat-wlan-verkot\\\/eduroam\\\/#breadcrumb\",\"itemListElement\":[{\"@type\":\"ListItem\",\"position\":1,\"name\":\"Home\",\"item\":\"https:\\\/\\\/help.jamk.fi\\\/ohjelmistotjalaitteet\\\/fi\\\/\"},{\"@type\":\"ListItem\",\"position\":2,\"name\":\"Langattomat WLAN-verkot\",\"item\":\"https:\\\/\\\/help.jamk.fi\\\/ohjelmistotjalaitteet\\\/fi\\\/langattomat-wlan-verkot\\\/\"},{\"@type\":\"ListItem\",\"position\":3,\"name\":\"Eduroam\"}]},{\"@type\":\"WebSite\",\"@id\":\"https:\\\/\\\/help.jamk.fi\\\/ohjelmistotjalaitteet\\\/#website\",\"url\":\"https:\\\/\\\/help.jamk.fi\\\/ohjelmistotjalaitteet\\\/\",\"name\":\"Ohjelmistot ja laitteet\",\"description\":\"\",\"potentialAction\":[{\"@type\":\"SearchAction\",\"target\":{\"@type\":\"EntryPoint\",\"urlTemplate\":\"https:\\\/\\\/help.jamk.fi\\\/ohjelmistotjalaitteet\\\/?s={search_term_string}\"},\"query-input\":{\"@type\":\"PropertyValueSpecification\",\"valueRequired\":true,\"valueName\":\"search_term_string\"}}],\"inLanguage\":\"fi\"}]}<\/script>\n<!-- \/ Yoast SEO plugin. -->","yoast_head_json":{"title":"Eduroam - Ohjelmistot ja laitteet","robots":{"index":"index","follow":"follow","max-snippet":"max-snippet:-1","max-image-preview":"max-image-preview:large","max-video-preview":"max-video-preview:-1"},"canonical":"https:\/\/help.jamk.fi\/ohjelmistotjalaitteet\/fi\/langattomat-wlan-verkot\/eduroam\/","og_locale":"fi_FI","og_type":"article","og_title":"Eduroam - Ohjelmistot ja laitteet","og_description":"Eduroam on kansainv\u00e4linen langaton WLAN-verkkovierailupalvelu. Monissa korkeakouluissa on tarjolla Eduroam-niminen WLAN- verkko, jonne voit kirjautua omalla Jamkin k\u00e4ytt\u00e4j\u00e4tunnuksellasi. Vastaavasti voit kirjautua oman koulusi tunnuksella Jamkin tarjoamaan Eduroam-verkkoon, mik\u00e4li koulusi sen mahdollistaa. Mik\u00e4 on k\u00e4ytt\u00e4j\u00e4tunnukseni? Lis\u00e4\u00e4 tietoa Eduroamista: \u00a0www.eduroam.fi","og_url":"https:\/\/help.jamk.fi\/ohjelmistotjalaitteet\/fi\/langattomat-wlan-verkot\/eduroam\/","og_site_name":"Ohjelmistot ja laitteet","article_modified_time":"2024-01-23T12:53:19+00:00","twitter_card":"summary_large_image","twitter_misc":{"Arvioitu lukuaika":"1 minuutti"},"schema":{"@context":"https:\/\/schema.org","@graph":[{"@type":"WebPage","@id":"https:\/\/help.jamk.fi\/ohjelmistotjalaitteet\/fi\/langattomat-wlan-verkot\/eduroam\/","url":"https:\/\/help.jamk.fi\/ohjelmistotjalaitteet\/fi\/langattomat-wlan-verkot\/eduroam\/","name":"Eduroam - Ohjelmistot ja laitteet","isPartOf":{"@id":"https:\/\/help.jamk.fi\/ohjelmistotjalaitteet\/#website"},"datePublished":"2023-11-24T12:31:13+00:00","dateModified":"2024-01-23T12:53:19+00:00","breadcrumb":{"@id":"https:\/\/help.jamk.fi\/ohjelmistotjalaitteet\/fi\/langattomat-wlan-verkot\/eduroam\/#breadcrumb"},"inLanguage":"fi","potentialAction":[{"@type":"ReadAction","target":["https:\/\/help.jamk.fi\/ohjelmistotjalaitteet\/fi\/langattomat-wlan-verkot\/eduroam\/"]}]},{"@type":"BreadcrumbList","@id":"https:\/\/help.jamk.fi\/ohjelmistotjalaitteet\/fi\/langattomat-wlan-verkot\/eduroam\/#breadcrumb","itemListElement":[{"@type":"ListItem","position":1,"name":"Home","item":"https:\/\/help.jamk.fi\/ohjelmistotjalaitteet\/fi\/"},{"@type":"ListItem","position":2,"name":"Langattomat WLAN-verkot","item":"https:\/\/help.jamk.fi\/ohjelmistotjalaitteet\/fi\/langattomat-wlan-verkot\/"},{"@type":"ListItem","position":3,"name":"Eduroam"}]},{"@type":"WebSite","@id":"https:\/\/help.jamk.fi\/ohjelmistotjalaitteet\/#website","url":"https:\/\/help.jamk.fi\/ohjelmistotjalaitteet\/","name":"Ohjelmistot ja laitteet","description":"","potentialAction":[{"@type":"SearchAction","target":{"@type":"EntryPoint","urlTemplate":"https:\/\/help.jamk.fi\/ohjelmistotjalaitteet\/?s={search_term_string}"},"query-input":{"@type":"PropertyValueSpecification","valueRequired":true,"valueName":"search_term_string"}}],"inLanguage":"fi"}]}},"_links":{"self":[{"href":"https:\/\/help.jamk.fi\/ohjelmistotjalaitteet\/wp-json\/wp\/v2\/pages\/291","targetHints":{"allow":["GET"]}}],"collection":[{"href":"https:\/\/help.jamk.fi\/ohjelmistotjalaitteet\/wp-json\/wp\/v2\/pages"}],"about":[{"href":"https:\/\/help.jamk.fi\/ohjelmistotjalaitteet\/wp-json\/wp\/v2\/types\/page"}],"author":[{"embeddable":true,"href":"https:\/\/help.jamk.fi\/ohjelmistotjalaitteet\/wp-json\/wp\/v2\/users\/61"}],"replies":[{"embeddable":true,"href":"https:\/\/help.jamk.fi\/ohjelmistotjalaitteet\/wp-json\/wp\/v2\/comments?post=291"}],"version-history":[{"count":80,"href":"https:\/\/help.jamk.fi\/ohjelmistotjalaitteet\/wp-json\/wp\/v2\/pages\/291\/revisions"}],"predecessor-version":[{"id":708,"href":"https:\/\/help.jamk.fi\/ohjelmistotjalaitteet\/wp-json\/wp\/v2\/pages\/291\/revisions\/708"}],"up":[{"embeddable":true,"href":"https:\/\/help.jamk.fi\/ohjelmistotjalaitteet\/wp-json\/wp\/v2\/pages\/67"}],"wp:attachment":[{"href":"https:\/\/help.jamk.fi\/ohjelmistotjalaitteet\/wp-json\/wp\/v2\/media?parent=291"}],"wp:term":[{"taxonomy":"category","embeddable":true,"href":"https:\/\/help.jamk.fi\/ohjelmistotjalaitteet\/wp-json\/wp\/v2\/categories?post=291"},{"taxonomy":"post_tag","embeddable":true,"href":"https:\/\/help.jamk.fi\/ohjelmistotjalaitteet\/wp-json\/wp\/v2\/tags?post=291"}],"curies":[{"name":"wp","href":"https:\/\/api.w.org\/{rel}","templated":true}]}}