{"id":30,"date":"2019-09-20T08:16:51","date_gmt":"2019-09-20T05:16:51","guid":{"rendered":"https:\/\/help.jamk.fi\/ohjelmistotjalaitteet\/adobe-ohjelmistot\/"},"modified":"2025-09-26T09:06:29","modified_gmt":"2025-09-26T06:06:29","slug":"adobe-ohjelmistot","status":"publish","type":"page","link":"https:\/\/help.jamk.fi\/ohjelmistotjalaitteet\/fi\/tyoskentelya-tukevat-jarjestelmat\/adobe-ohjelmistot\/","title":{"rendered":"Adobe-ohjelmistot"},"content":{"rendered":"\n<p>Kaikille tietokoneille on valmiiksi asennettuna Adoben ohjelma, jolla pystyy avaamaan PDF-tiedostoja. T\u00e4ll\u00e4 sivulla on k\u00e4yty tarkemmin l\u00e4pi, mik\u00e4 ohjelma on laitteelle oletuksena asennettu ja kuinka laiteelle saa k\u00e4ytt\u00f6\u00f6ns\u00e4 lis\u00e4\u00e4 PDF-ty\u00f6kaluja ja muita Adoben ohjelmistoja. T\u00e4m\u00e4 vaihtelee sen mukaan onko k\u00e4yt\u00f6ss\u00e4si Windows 10 vai WIndows 11 -ty\u00f6asema ja onko laite tarkoitettu henkil\u00f6kunnan vai opiskelijoiden k\u00e4ytt\u00f6\u00f6n.<\/p>\n\n\n\n<h2 class=\"wp-block-heading\">Henkil\u00f6kunnan ty\u00f6asemat<\/h2>\n\n\n\n<p><br>Windows 11 k\u00e4ytt\u00f6j\u00e4rjestelm\u00e4n mukana asennetaan oletuksena Adobe Acrobat Unified -ohjelma. Ohjelmaa voit k\u00e4ytt\u00e4\u00e4 pdf-tiedostojen katselemiseen ja kirjautumalla sovellukseen sis\u00e4\u00e4n, saat Adoben maksulliset pdf-muokkaus- ja muuntoty\u00f6kalut k\u00e4ytt\u00f6\u00f6si. P\u00e4\u00e4set kirjautumaan sis\u00e4\u00e4n Jamkin s\u00e4hl\u00f6postiosoitteella oikean yl\u00e4kulman &#8221;Sign in&#8221; -painikkeella.<\/p>\n\n\n\n<figure class=\"wp-block-image size-full\"><img loading=\"lazy\" decoding=\"async\" width=\"511\" height=\"456\" src=\"https:\/\/help.jamk.fi\/ohjelmistotjalaitteet\/wp-content\/uploads\/sites\/139\/2024\/11\/Sign_in.jpg\" alt=\"Kirjautumispainikkeen nimelt\u00e4 Sign In l\u00f6yd\u00e4t sovelluksen oikeasta yl\u00e4kulmasta\" class=\"wp-image-836\" srcset=\"https:\/\/help.jamk.fi\/ohjelmistotjalaitteet\/wp-content\/uploads\/sites\/139\/2024\/11\/Sign_in.jpg 511w, https:\/\/help.jamk.fi\/ohjelmistotjalaitteet\/wp-content\/uploads\/sites\/139\/2024\/11\/Sign_in-300x268.jpg 300w\" sizes=\"auto, (max-width: 511px) 100vw, 511px\" \/><figcaption class=\"wp-element-caption\">Kirjaudu sis\u00e4\u00e4n Adobe Acrobat ohjelmaan, jotta saat maksulliset ty\u00f6kalut k\u00e4ytt\u00f6\u00f6si[<\/figcaption><\/figure>\n\n\n\n<p><strong>HUOM!<\/strong> Adobe tarjoaa Creative Cloud -sopimuksen my\u00f6t\u00e4 my\u00f6s pilvitallennustilaa. Huomioithan, ett\u00e4 kyseinen levytila ei ole varmuuskopioitua Jamkin ICT-palveluiden toimesta. P\u00e4\u00e4sy levytilaan estyy heti tunnusten menness\u00e4 lukkoon. Pid\u00e4 aina sinne tallentamistasi tiedostoista itsell\u00e4si varmuuskopiot.<\/p>\n\n\n\n<h3 class=\"wp-block-heading\"><br>Adobe Creative Cloudin asennus henkil\u00f6kunnan koneilla:<\/h3>\n\n\n\n<ol class=\"wp-block-list\">\n<li>K\u00e4ynnist\u00e4 Windows k\u00e4ynnist\u00e4-valikosta Company Portal -sovellus<\/li>\n\n\n\n<li>Etsi ja avaa Adobe Creative Cloud<\/li>\n\n\n\n<li>Valitse Install (Mik\u00e4li Install -painike ei ole aktiivinen on koneessa asennettuna jo Adobe -ohjelmisto)<\/li>\n\n\n\n<li>Ty\u00f6asemaan asentuu oletuksena Adobe Creative Cloud ja Adobe Acrobat DC. Adobe Acrobat DC -ohjelmasta tulee automaattisesti pdf -tiedostojen oletusohjelma<\/li>\n\n\n\n<li>Acrobat -ohjelma vaatii kirjautumisen ensimm\u00e4isell\u00e4 k\u00e4ytt\u00f6kerralla Jamkin s\u00e4hk\u00f6postiosoitteella.<\/li>\n\n\n\n<li>Lis\u00e4\u00e4 Adoben -ohjelmia (Photoshop, Lightroom yms.) voit asentaa Adobe Creative Cloud -ohjelman kautta.<\/li>\n<\/ol>\n\n\n\n<h3 class=\"wp-block-heading\"><br>Opiskelijoiden ty\u00f6asemat<\/h3>\n\n\n\n<p><br>Opiskelijoiden koneille on valmiiksi asennettu vain Adobe Acrobat Unified. Kirjautumalla sis\u00e4\u00e4n sovellukseen, on mahdollista muokata pdf-tiedostoja<br>Osassa luokista on asennettuna my\u00f6s muita Adoben yleisimpi\u00e4 ohjelmia, kuten:<\/p>\n\n\n\n<ul class=\"wp-block-list\">\n<li>Photoshop<\/li>\n\n\n\n<li>InDesign<\/li>\n\n\n\n<li>Illustrator<\/li>\n\n\n\n<li>Audition<\/li>\n\n\n\n<li>Premiere Pro<\/li>\n\n\n\n<li>ja niin edelleeen&#8230;<\/li>\n<\/ul>\n\n\n\n<p><br>Jotta Adoben ohjelmien k\u00e4ytt\u00e4minen on mahdollista, tulee ohjelmaan kirjautua Jamkin s\u00e4hk\u00f6postiosoitteella ja verkkosalasanalla. Mik\u00e4li kirjautumisikkuna ei avaudu automaattisesti, p\u00e4\u00e4set kirjautumaan ohjelman oikeasta yl\u00e4kulmasta Sign In -painikkeesta<br>Adoben ohjelmistot ovat k\u00e4ytett\u00e4viss\u00e4 ainoastaan kampuksella Jamkin yll\u00e4pidett\u00e4vill\u00e4 laitteilla. Kotik\u00e4ytt\u00f6\u00f6n tarkoitetun lisenssin opiskelijat voivat hankkia yhteisty\u00f6kumpanimme verkkokaupasta. <a href=\"https:\/\/help.jamk.fi\/ohjelmistotjalaitteet\/fi\/tyoskentelya-tukevat-jarjestelmat\/kotikayttolisenssit\/\">Tarkemmat ohjeet kotik\u00e4ytt\u00f6lisenssit -ohjeesta<\/a><br>\u00a0<\/p>\n\n\n\n<p><\/p>\n","protected":false},"excerpt":{"rendered":"<p>Kaikille tietokoneille on valmiiksi asennettuna Adoben ohjelma, jolla pystyy avaamaan PDF-tiedostoja. T\u00e4ll\u00e4 sivulla on k\u00e4yty tarkemmin l\u00e4pi, mik\u00e4 ohjelma on laitteelle oletuksena asennettu ja kuinka laiteelle saa k\u00e4ytt\u00f6\u00f6ns\u00e4 lis\u00e4\u00e4 PDF-ty\u00f6kaluja ja muita Adoben ohjelmistoja. T\u00e4m\u00e4 vaihtelee sen mukaan onko k\u00e4yt\u00f6ss\u00e4si Windows 10 vai WIndows 11 -ty\u00f6asema ja onko laite tarkoitettu henkil\u00f6kunnan vai opiskelijoiden k\u00e4ytt\u00f6\u00f6n. Henkil\u00f6kunnan [&hellip;]<\/p>\n","protected":false},"author":64,"featured_media":0,"parent":6,"menu_order":0,"comment_status":"closed","ping_status":"closed","template":"","meta":{"_acf_changed":false,"_relevanssi_hide_post":"","_relevanssi_hide_content":"","_relevanssi_pin_for_all":"","_relevanssi_pin_keywords":"","_relevanssi_unpin_keywords":"","_relevanssi_related_keywords":"","_relevanssi_related_include_ids":"","_relevanssi_related_exclude_ids":"","_relevanssi_related_no_append":"","_relevanssi_related_not_related":"","_relevanssi_related_posts":"1","_relevanssi_noindex_reason":"","footnotes":""},"categories":[10,14],"tags":[106],"class_list":["post-30","page","type-page","status-publish","hentry","category-henkilosto","category-opiskelijat","tag-adobe"],"acf":[],"yoast_head":"<!-- This site is optimized with the Yoast SEO plugin v27.5 - https:\/\/yoast.com\/product\/yoast-seo-wordpress\/ -->\n<title>Adobe-ohjelmistot - Ohjelmistot ja laitteet<\/title>\n<meta name=\"robots\" content=\"index, follow, max-snippet:-1, max-image-preview:large, max-video-preview:-1\" \/>\n<link rel=\"canonical\" href=\"https:\/\/help.jamk.fi\/ohjelmistotjalaitteet\/fi\/tyoskentelya-tukevat-jarjestelmat\/adobe-ohjelmistot\/\" \/>\n<meta property=\"og:locale\" content=\"fi_FI\" \/>\n<meta property=\"og:type\" content=\"article\" \/>\n<meta property=\"og:title\" content=\"Adobe-ohjelmistot - Ohjelmistot ja laitteet\" \/>\n<meta property=\"og:description\" content=\"Kaikille tietokoneille on valmiiksi asennettuna Adoben ohjelma, jolla pystyy avaamaan PDF-tiedostoja. T\u00e4ll\u00e4 sivulla on k\u00e4yty tarkemmin l\u00e4pi, mik\u00e4 ohjelma on laitteelle oletuksena asennettu ja kuinka laiteelle saa k\u00e4ytt\u00f6\u00f6ns\u00e4 lis\u00e4\u00e4 PDF-ty\u00f6kaluja ja muita Adoben ohjelmistoja. T\u00e4m\u00e4 vaihtelee sen mukaan onko k\u00e4yt\u00f6ss\u00e4si Windows 10 vai WIndows 11 -ty\u00f6asema ja onko laite tarkoitettu henkil\u00f6kunnan vai opiskelijoiden k\u00e4ytt\u00f6\u00f6n. Henkil\u00f6kunnan [&hellip;]\" \/>\n<meta property=\"og:url\" content=\"https:\/\/help.jamk.fi\/ohjelmistotjalaitteet\/fi\/tyoskentelya-tukevat-jarjestelmat\/adobe-ohjelmistot\/\" \/>\n<meta property=\"og:site_name\" content=\"Ohjelmistot ja laitteet\" \/>\n<meta property=\"article:modified_time\" content=\"2025-09-26T06:06:29+00:00\" \/>\n<meta property=\"og:image\" content=\"https:\/\/help.jamk.fi\/ohjelmistotjalaitteet\/wp-content\/uploads\/sites\/139\/2024\/11\/Sign_in.jpg\" \/>\n\t<meta property=\"og:image:width\" content=\"511\" \/>\n\t<meta property=\"og:image:height\" content=\"456\" \/>\n\t<meta property=\"og:image:type\" content=\"image\/jpeg\" \/>\n<meta name=\"twitter:card\" content=\"summary_large_image\" \/>\n<meta name=\"twitter:label1\" content=\"Arvioitu lukuaika\" \/>\n\t<meta name=\"twitter:data1\" content=\"3 minuuttia\" \/>\n<script type=\"application\/ld+json\" class=\"yoast-schema-graph\">{\"@context\":\"https:\\\/\\\/schema.org\",\"@graph\":[{\"@type\":\"WebPage\",\"@id\":\"https:\\\/\\\/help.jamk.fi\\\/ohjelmistotjalaitteet\\\/fi\\\/tyoskentelya-tukevat-jarjestelmat\\\/adobe-ohjelmistot\\\/\",\"url\":\"https:\\\/\\\/help.jamk.fi\\\/ohjelmistotjalaitteet\\\/fi\\\/tyoskentelya-tukevat-jarjestelmat\\\/adobe-ohjelmistot\\\/\",\"name\":\"Adobe-ohjelmistot - Ohjelmistot ja laitteet\",\"isPartOf\":{\"@id\":\"https:\\\/\\\/help.jamk.fi\\\/ohjelmistotjalaitteet\\\/#website\"},\"primaryImageOfPage\":{\"@id\":\"https:\\\/\\\/help.jamk.fi\\\/ohjelmistotjalaitteet\\\/fi\\\/tyoskentelya-tukevat-jarjestelmat\\\/adobe-ohjelmistot\\\/#primaryimage\"},\"image\":{\"@id\":\"https:\\\/\\\/help.jamk.fi\\\/ohjelmistotjalaitteet\\\/fi\\\/tyoskentelya-tukevat-jarjestelmat\\\/adobe-ohjelmistot\\\/#primaryimage\"},\"thumbnailUrl\":\"https:\\\/\\\/help.jamk.fi\\\/ohjelmistotjalaitteet\\\/wp-content\\\/uploads\\\/sites\\\/139\\\/2024\\\/11\\\/Sign_in.jpg\",\"datePublished\":\"2019-09-20T05:16:51+00:00\",\"dateModified\":\"2025-09-26T06:06:29+00:00\",\"breadcrumb\":{\"@id\":\"https:\\\/\\\/help.jamk.fi\\\/ohjelmistotjalaitteet\\\/fi\\\/tyoskentelya-tukevat-jarjestelmat\\\/adobe-ohjelmistot\\\/#breadcrumb\"},\"inLanguage\":\"fi\",\"potentialAction\":[{\"@type\":\"ReadAction\",\"target\":[\"https:\\\/\\\/help.jamk.fi\\\/ohjelmistotjalaitteet\\\/fi\\\/tyoskentelya-tukevat-jarjestelmat\\\/adobe-ohjelmistot\\\/\"]}]},{\"@type\":\"ImageObject\",\"inLanguage\":\"fi\",\"@id\":\"https:\\\/\\\/help.jamk.fi\\\/ohjelmistotjalaitteet\\\/fi\\\/tyoskentelya-tukevat-jarjestelmat\\\/adobe-ohjelmistot\\\/#primaryimage\",\"url\":\"https:\\\/\\\/help.jamk.fi\\\/ohjelmistotjalaitteet\\\/wp-content\\\/uploads\\\/sites\\\/139\\\/2024\\\/11\\\/Sign_in.jpg\",\"contentUrl\":\"https:\\\/\\\/help.jamk.fi\\\/ohjelmistotjalaitteet\\\/wp-content\\\/uploads\\\/sites\\\/139\\\/2024\\\/11\\\/Sign_in.jpg\",\"width\":511,\"height\":456},{\"@type\":\"BreadcrumbList\",\"@id\":\"https:\\\/\\\/help.jamk.fi\\\/ohjelmistotjalaitteet\\\/fi\\\/tyoskentelya-tukevat-jarjestelmat\\\/adobe-ohjelmistot\\\/#breadcrumb\",\"itemListElement\":[{\"@type\":\"ListItem\",\"position\":1,\"name\":\"Home\",\"item\":\"https:\\\/\\\/help.jamk.fi\\\/ohjelmistotjalaitteet\\\/fi\\\/\"},{\"@type\":\"ListItem\",\"position\":2,\"name\":\"J\u00e4rjestelm\u00e4t ja ohjelmistot\",\"item\":\"https:\\\/\\\/help.jamk.fi\\\/ohjelmistotjalaitteet\\\/fi\\\/tyoskentelya-tukevat-jarjestelmat\\\/\"},{\"@type\":\"ListItem\",\"position\":3,\"name\":\"Adobe-ohjelmistot\"}]},{\"@type\":\"WebSite\",\"@id\":\"https:\\\/\\\/help.jamk.fi\\\/ohjelmistotjalaitteet\\\/#website\",\"url\":\"https:\\\/\\\/help.jamk.fi\\\/ohjelmistotjalaitteet\\\/\",\"name\":\"Ohjelmistot ja laitteet\",\"description\":\"\",\"potentialAction\":[{\"@type\":\"SearchAction\",\"target\":{\"@type\":\"EntryPoint\",\"urlTemplate\":\"https:\\\/\\\/help.jamk.fi\\\/ohjelmistotjalaitteet\\\/?s={search_term_string}\"},\"query-input\":{\"@type\":\"PropertyValueSpecification\",\"valueRequired\":true,\"valueName\":\"search_term_string\"}}],\"inLanguage\":\"fi\"}]}<\/script>\n<!-- \/ Yoast SEO plugin. -->","yoast_head_json":{"title":"Adobe-ohjelmistot - Ohjelmistot ja laitteet","robots":{"index":"index","follow":"follow","max-snippet":"max-snippet:-1","max-image-preview":"max-image-preview:large","max-video-preview":"max-video-preview:-1"},"canonical":"https:\/\/help.jamk.fi\/ohjelmistotjalaitteet\/fi\/tyoskentelya-tukevat-jarjestelmat\/adobe-ohjelmistot\/","og_locale":"fi_FI","og_type":"article","og_title":"Adobe-ohjelmistot - Ohjelmistot ja laitteet","og_description":"Kaikille tietokoneille on valmiiksi asennettuna Adoben ohjelma, jolla pystyy avaamaan PDF-tiedostoja. T\u00e4ll\u00e4 sivulla on k\u00e4yty tarkemmin l\u00e4pi, mik\u00e4 ohjelma on laitteelle oletuksena asennettu ja kuinka laiteelle saa k\u00e4ytt\u00f6\u00f6ns\u00e4 lis\u00e4\u00e4 PDF-ty\u00f6kaluja ja muita Adoben ohjelmistoja. T\u00e4m\u00e4 vaihtelee sen mukaan onko k\u00e4yt\u00f6ss\u00e4si Windows 10 vai WIndows 11 -ty\u00f6asema ja onko laite tarkoitettu henkil\u00f6kunnan vai opiskelijoiden k\u00e4ytt\u00f6\u00f6n. Henkil\u00f6kunnan [&hellip;]","og_url":"https:\/\/help.jamk.fi\/ohjelmistotjalaitteet\/fi\/tyoskentelya-tukevat-jarjestelmat\/adobe-ohjelmistot\/","og_site_name":"Ohjelmistot ja laitteet","article_modified_time":"2025-09-26T06:06:29+00:00","og_image":[{"width":511,"height":456,"url":"https:\/\/help.jamk.fi\/ohjelmistotjalaitteet\/wp-content\/uploads\/sites\/139\/2024\/11\/Sign_in.jpg","type":"image\/jpeg"}],"twitter_card":"summary_large_image","twitter_misc":{"Arvioitu lukuaika":"3 minuuttia"},"schema":{"@context":"https:\/\/schema.org","@graph":[{"@type":"WebPage","@id":"https:\/\/help.jamk.fi\/ohjelmistotjalaitteet\/fi\/tyoskentelya-tukevat-jarjestelmat\/adobe-ohjelmistot\/","url":"https:\/\/help.jamk.fi\/ohjelmistotjalaitteet\/fi\/tyoskentelya-tukevat-jarjestelmat\/adobe-ohjelmistot\/","name":"Adobe-ohjelmistot - Ohjelmistot ja laitteet","isPartOf":{"@id":"https:\/\/help.jamk.fi\/ohjelmistotjalaitteet\/#website"},"primaryImageOfPage":{"@id":"https:\/\/help.jamk.fi\/ohjelmistotjalaitteet\/fi\/tyoskentelya-tukevat-jarjestelmat\/adobe-ohjelmistot\/#primaryimage"},"image":{"@id":"https:\/\/help.jamk.fi\/ohjelmistotjalaitteet\/fi\/tyoskentelya-tukevat-jarjestelmat\/adobe-ohjelmistot\/#primaryimage"},"thumbnailUrl":"https:\/\/help.jamk.fi\/ohjelmistotjalaitteet\/wp-content\/uploads\/sites\/139\/2024\/11\/Sign_in.jpg","datePublished":"2019-09-20T05:16:51+00:00","dateModified":"2025-09-26T06:06:29+00:00","breadcrumb":{"@id":"https:\/\/help.jamk.fi\/ohjelmistotjalaitteet\/fi\/tyoskentelya-tukevat-jarjestelmat\/adobe-ohjelmistot\/#breadcrumb"},"inLanguage":"fi","potentialAction":[{"@type":"ReadAction","target":["https:\/\/help.jamk.fi\/ohjelmistotjalaitteet\/fi\/tyoskentelya-tukevat-jarjestelmat\/adobe-ohjelmistot\/"]}]},{"@type":"ImageObject","inLanguage":"fi","@id":"https:\/\/help.jamk.fi\/ohjelmistotjalaitteet\/fi\/tyoskentelya-tukevat-jarjestelmat\/adobe-ohjelmistot\/#primaryimage","url":"https:\/\/help.jamk.fi\/ohjelmistotjalaitteet\/wp-content\/uploads\/sites\/139\/2024\/11\/Sign_in.jpg","contentUrl":"https:\/\/help.jamk.fi\/ohjelmistotjalaitteet\/wp-content\/uploads\/sites\/139\/2024\/11\/Sign_in.jpg","width":511,"height":456},{"@type":"BreadcrumbList","@id":"https:\/\/help.jamk.fi\/ohjelmistotjalaitteet\/fi\/tyoskentelya-tukevat-jarjestelmat\/adobe-ohjelmistot\/#breadcrumb","itemListElement":[{"@type":"ListItem","position":1,"name":"Home","item":"https:\/\/help.jamk.fi\/ohjelmistotjalaitteet\/fi\/"},{"@type":"ListItem","position":2,"name":"J\u00e4rjestelm\u00e4t ja ohjelmistot","item":"https:\/\/help.jamk.fi\/ohjelmistotjalaitteet\/fi\/tyoskentelya-tukevat-jarjestelmat\/"},{"@type":"ListItem","position":3,"name":"Adobe-ohjelmistot"}]},{"@type":"WebSite","@id":"https:\/\/help.jamk.fi\/ohjelmistotjalaitteet\/#website","url":"https:\/\/help.jamk.fi\/ohjelmistotjalaitteet\/","name":"Ohjelmistot ja laitteet","description":"","potentialAction":[{"@type":"SearchAction","target":{"@type":"EntryPoint","urlTemplate":"https:\/\/help.jamk.fi\/ohjelmistotjalaitteet\/?s={search_term_string}"},"query-input":{"@type":"PropertyValueSpecification","valueRequired":true,"valueName":"search_term_string"}}],"inLanguage":"fi"}]}},"_links":{"self":[{"href":"https:\/\/help.jamk.fi\/ohjelmistotjalaitteet\/wp-json\/wp\/v2\/pages\/30","targetHints":{"allow":["GET"]}}],"collection":[{"href":"https:\/\/help.jamk.fi\/ohjelmistotjalaitteet\/wp-json\/wp\/v2\/pages"}],"about":[{"href":"https:\/\/help.jamk.fi\/ohjelmistotjalaitteet\/wp-json\/wp\/v2\/types\/page"}],"author":[{"embeddable":true,"href":"https:\/\/help.jamk.fi\/ohjelmistotjalaitteet\/wp-json\/wp\/v2\/users\/64"}],"replies":[{"embeddable":true,"href":"https:\/\/help.jamk.fi\/ohjelmistotjalaitteet\/wp-json\/wp\/v2\/comments?post=30"}],"version-history":[{"count":12,"href":"https:\/\/help.jamk.fi\/ohjelmistotjalaitteet\/wp-json\/wp\/v2\/pages\/30\/revisions"}],"predecessor-version":[{"id":1008,"href":"https:\/\/help.jamk.fi\/ohjelmistotjalaitteet\/wp-json\/wp\/v2\/pages\/30\/revisions\/1008"}],"up":[{"embeddable":true,"href":"https:\/\/help.jamk.fi\/ohjelmistotjalaitteet\/wp-json\/wp\/v2\/pages\/6"}],"wp:attachment":[{"href":"https:\/\/help.jamk.fi\/ohjelmistotjalaitteet\/wp-json\/wp\/v2\/media?parent=30"}],"wp:term":[{"taxonomy":"category","embeddable":true,"href":"https:\/\/help.jamk.fi\/ohjelmistotjalaitteet\/wp-json\/wp\/v2\/categories?post=30"},{"taxonomy":"post_tag","embeddable":true,"href":"https:\/\/help.jamk.fi\/ohjelmistotjalaitteet\/wp-json\/wp\/v2\/tags?post=30"}],"curies":[{"name":"wp","href":"https:\/\/api.w.org\/{rel}","templated":true}]}}