{"id":31,"date":"2020-02-18T06:55:18","date_gmt":"2020-02-18T04:55:18","guid":{"rendered":"https:\/\/help.jamk.fi\/ohjelmistotjalaitteet\/oiva-locker-lainausautomaatti\/"},"modified":"2023-12-19T09:14:49","modified_gmt":"2023-12-19T07:14:49","slug":"oiva-locker-lainausautomaatti","status":"publish","type":"page","link":"https:\/\/help.jamk.fi\/ohjelmistotjalaitteet\/fi\/laitteet-ja-tilat\/oiva-locker-lainausautomaatti\/","title":{"rendered":"OivaLocker-lainausautomaatti"},"content":{"rendered":"\n<h2 class=\"wp-block-heading\">Sijainnit<\/h2>\n\n\n\n<p>OivaLocker-lainausautomaatteja on Rajakadulla D-aulassa ja Piippukadulla IT-Dynamossa. Lainattavat laitteet ja niiden saatavuus vaihtelee, joten n\u00e4m\u00e4 tiedot pit\u00e4\u00e4 k\u00e4yd\u00e4 tarkistamassa lainausp\u00e4\u00e4tteelt\u00e4.<\/p>\n\n\n\n<h2 class=\"wp-block-heading\">Rekister\u00f6ityminen<\/h2>\n\n\n\n<ol class=\"wp-block-list\">\n<li>Valitse n\u00e4yt\u00f6lt\u00e4 \u201dEnsimm\u00e4ist\u00e4 kertaa lainaamassa?\u201d-painike ja seuraa n\u00e4yt\u00f6ll\u00e4 n\u00e4kyvi\u00e4 ohjeita.<\/li>\n\n\n\n<li>Sy\u00f6t\u00e4 rekister\u00f6inti\u00e4 varten tarvittavat tiedot. K\u00e4yt\u00e4 rekister\u00f6itymiseen Jamkin s\u00e4hk\u00f6postiasi.<\/li>\n\n\n\n<li>Rekister\u00f6idy k\u00e4ytt\u00e4m\u00e4ll\u00e4 mit\u00e4 tahansa viivakoodillista korttiasi (esim. opiskelijakortti tai kirjastokortti). K\u00e4yt\u00e4 jatkossa korttia lainaamiseen.<\/li>\n\n\n\n<li>Rekister\u00f6itymisen j\u00e4lkeen saat s\u00e4hk\u00f6postiisi PIN-koodin, jota tarvitset lainaamiseen.<\/li>\n<\/ol>\n\n\n\n<h2 class=\"wp-block-heading\">Lainaaminen<\/h2>\n\n\n\n<ol class=\"wp-block-list\">\n<li>Valitse n\u00e4yt\u00f6lt\u00e4 lainattava tuote.<\/li>\n\n\n\n<li>N\u00e4yt\u00e4 rekister\u00f6ity kortti lukijaan ja n\u00e4pp\u00e4ile PIN-koodi.<\/li>\n\n\n\n<li>Lainattavan tuotteen sis\u00e4lt\u00e4v\u00e4n lokeron luukku aukeaa. Ota tuote lokerosta ja sulje lokeron luukku.<\/li>\n<\/ol>\n\n\n\n<h2 class=\"wp-block-heading\">Palautus<\/h2>\n\n\n\n<ol class=\"wp-block-list\">\n<li>Valitse n\u00e4yt\u00f6lt\u00e4 palautettava tuote.<\/li>\n\n\n\n<li>Lue rekister\u00f6ity kortti ja valitse \u201dPalauta tuote\u201d.\n<ul class=\"wp-block-list\">\n<li>Voit ilmoittaa laitteessa esiintyv\u00e4st\u00e4 viasta tai muusta ongelmasta valitsemalla &#8221;J\u00e4t\u00e4 reklamaatio ja palauta tuote&#8221;<\/li>\n<\/ul>\n<\/li>\n\n\n\n<li>&nbsp;Laitteen lokero avautuu. Laita palautettava tuote kaappiin ja sulje lokeron luukku.<\/li>\n<\/ol>\n","protected":false},"excerpt":{"rendered":"<p>Sijainnit OivaLocker-lainausautomaatteja on Rajakadulla D-aulassa ja Piippukadulla IT-Dynamossa. Lainattavat laitteet ja niiden saatavuus vaihtelee, joten n\u00e4m\u00e4 tiedot pit\u00e4\u00e4 k\u00e4yd\u00e4 tarkistamassa lainausp\u00e4\u00e4tteelt\u00e4. Rekister\u00f6ityminen Lainaaminen Palautus<\/p>\n","protected":false},"author":64,"featured_media":0,"parent":13,"menu_order":10,"comment_status":"closed","ping_status":"closed","template":"","meta":{"_acf_changed":false,"_relevanssi_hide_post":"","_relevanssi_hide_content":"","_relevanssi_pin_for_all":"","_relevanssi_pin_keywords":"","_relevanssi_unpin_keywords":"","_relevanssi_related_keywords":"","_relevanssi_related_include_ids":"","_relevanssi_related_exclude_ids":"","_relevanssi_related_no_append":"","_relevanssi_related_not_related":"","_relevanssi_related_posts":"1","_relevanssi_noindex_reason":"","footnotes":""},"categories":[10,14],"tags":[130,132],"class_list":["post-31","page","type-page","status-publish","hentry","category-henkilosto","category-opiskelijat","tag-lainaus","tag-lainausautomaatti"],"acf":[],"yoast_head":"<!-- This site is optimized with the Yoast SEO plugin v27.4 - https:\/\/yoast.com\/product\/yoast-seo-wordpress\/ -->\n<title>OivaLocker-lainausautomaatti - Ohjelmistot ja laitteet<\/title>\n<meta name=\"robots\" content=\"index, follow, max-snippet:-1, max-image-preview:large, max-video-preview:-1\" \/>\n<link rel=\"canonical\" href=\"https:\/\/help.jamk.fi\/ohjelmistotjalaitteet\/fi\/laitteet-ja-tilat\/oiva-locker-lainausautomaatti\/\" \/>\n<meta property=\"og:locale\" content=\"fi_FI\" \/>\n<meta property=\"og:type\" content=\"article\" \/>\n<meta property=\"og:title\" content=\"OivaLocker-lainausautomaatti - Ohjelmistot ja laitteet\" \/>\n<meta property=\"og:description\" content=\"Sijainnit OivaLocker-lainausautomaatteja on Rajakadulla D-aulassa ja Piippukadulla IT-Dynamossa. Lainattavat laitteet ja niiden saatavuus vaihtelee, joten n\u00e4m\u00e4 tiedot pit\u00e4\u00e4 k\u00e4yd\u00e4 tarkistamassa lainausp\u00e4\u00e4tteelt\u00e4. Rekister\u00f6ityminen Lainaaminen Palautus\" \/>\n<meta property=\"og:url\" content=\"https:\/\/help.jamk.fi\/ohjelmistotjalaitteet\/fi\/laitteet-ja-tilat\/oiva-locker-lainausautomaatti\/\" \/>\n<meta property=\"og:site_name\" content=\"Ohjelmistot ja laitteet\" \/>\n<meta property=\"article:modified_time\" content=\"2023-12-19T07:14:49+00:00\" \/>\n<meta name=\"twitter:card\" content=\"summary_large_image\" \/>\n<meta name=\"twitter:label1\" content=\"Arvioitu lukuaika\" \/>\n\t<meta name=\"twitter:data1\" content=\"1 minuutti\" \/>\n<script type=\"application\/ld+json\" class=\"yoast-schema-graph\">{\"@context\":\"https:\\\/\\\/schema.org\",\"@graph\":[{\"@type\":\"WebPage\",\"@id\":\"https:\\\/\\\/help.jamk.fi\\\/ohjelmistotjalaitteet\\\/fi\\\/laitteet-ja-tilat\\\/oiva-locker-lainausautomaatti\\\/\",\"url\":\"https:\\\/\\\/help.jamk.fi\\\/ohjelmistotjalaitteet\\\/fi\\\/laitteet-ja-tilat\\\/oiva-locker-lainausautomaatti\\\/\",\"name\":\"OivaLocker-lainausautomaatti - Ohjelmistot ja laitteet\",\"isPartOf\":{\"@id\":\"https:\\\/\\\/help.jamk.fi\\\/ohjelmistotjalaitteet\\\/#website\"},\"datePublished\":\"2020-02-18T04:55:18+00:00\",\"dateModified\":\"2023-12-19T07:14:49+00:00\",\"breadcrumb\":{\"@id\":\"https:\\\/\\\/help.jamk.fi\\\/ohjelmistotjalaitteet\\\/fi\\\/laitteet-ja-tilat\\\/oiva-locker-lainausautomaatti\\\/#breadcrumb\"},\"inLanguage\":\"fi\",\"potentialAction\":[{\"@type\":\"ReadAction\",\"target\":[\"https:\\\/\\\/help.jamk.fi\\\/ohjelmistotjalaitteet\\\/fi\\\/laitteet-ja-tilat\\\/oiva-locker-lainausautomaatti\\\/\"]}]},{\"@type\":\"BreadcrumbList\",\"@id\":\"https:\\\/\\\/help.jamk.fi\\\/ohjelmistotjalaitteet\\\/fi\\\/laitteet-ja-tilat\\\/oiva-locker-lainausautomaatti\\\/#breadcrumb\",\"itemListElement\":[{\"@type\":\"ListItem\",\"position\":1,\"name\":\"Home\",\"item\":\"https:\\\/\\\/help.jamk.fi\\\/ohjelmistotjalaitteet\\\/fi\\\/\"},{\"@type\":\"ListItem\",\"position\":2,\"name\":\"Laitteet ja tilat\",\"item\":\"https:\\\/\\\/help.jamk.fi\\\/ohjelmistotjalaitteet\\\/fi\\\/laitteet-ja-tilat\\\/\"},{\"@type\":\"ListItem\",\"position\":3,\"name\":\"OivaLocker-lainausautomaatti\"}]},{\"@type\":\"WebSite\",\"@id\":\"https:\\\/\\\/help.jamk.fi\\\/ohjelmistotjalaitteet\\\/#website\",\"url\":\"https:\\\/\\\/help.jamk.fi\\\/ohjelmistotjalaitteet\\\/\",\"name\":\"Ohjelmistot ja laitteet\",\"description\":\"\",\"potentialAction\":[{\"@type\":\"SearchAction\",\"target\":{\"@type\":\"EntryPoint\",\"urlTemplate\":\"https:\\\/\\\/help.jamk.fi\\\/ohjelmistotjalaitteet\\\/?s={search_term_string}\"},\"query-input\":{\"@type\":\"PropertyValueSpecification\",\"valueRequired\":true,\"valueName\":\"search_term_string\"}}],\"inLanguage\":\"fi\"}]}<\/script>\n<!-- \/ Yoast SEO plugin. -->","yoast_head_json":{"title":"OivaLocker-lainausautomaatti - Ohjelmistot ja laitteet","robots":{"index":"index","follow":"follow","max-snippet":"max-snippet:-1","max-image-preview":"max-image-preview:large","max-video-preview":"max-video-preview:-1"},"canonical":"https:\/\/help.jamk.fi\/ohjelmistotjalaitteet\/fi\/laitteet-ja-tilat\/oiva-locker-lainausautomaatti\/","og_locale":"fi_FI","og_type":"article","og_title":"OivaLocker-lainausautomaatti - Ohjelmistot ja laitteet","og_description":"Sijainnit OivaLocker-lainausautomaatteja on Rajakadulla D-aulassa ja Piippukadulla IT-Dynamossa. Lainattavat laitteet ja niiden saatavuus vaihtelee, joten n\u00e4m\u00e4 tiedot pit\u00e4\u00e4 k\u00e4yd\u00e4 tarkistamassa lainausp\u00e4\u00e4tteelt\u00e4. Rekister\u00f6ityminen Lainaaminen Palautus","og_url":"https:\/\/help.jamk.fi\/ohjelmistotjalaitteet\/fi\/laitteet-ja-tilat\/oiva-locker-lainausautomaatti\/","og_site_name":"Ohjelmistot ja laitteet","article_modified_time":"2023-12-19T07:14:49+00:00","twitter_card":"summary_large_image","twitter_misc":{"Arvioitu lukuaika":"1 minuutti"},"schema":{"@context":"https:\/\/schema.org","@graph":[{"@type":"WebPage","@id":"https:\/\/help.jamk.fi\/ohjelmistotjalaitteet\/fi\/laitteet-ja-tilat\/oiva-locker-lainausautomaatti\/","url":"https:\/\/help.jamk.fi\/ohjelmistotjalaitteet\/fi\/laitteet-ja-tilat\/oiva-locker-lainausautomaatti\/","name":"OivaLocker-lainausautomaatti - Ohjelmistot ja laitteet","isPartOf":{"@id":"https:\/\/help.jamk.fi\/ohjelmistotjalaitteet\/#website"},"datePublished":"2020-02-18T04:55:18+00:00","dateModified":"2023-12-19T07:14:49+00:00","breadcrumb":{"@id":"https:\/\/help.jamk.fi\/ohjelmistotjalaitteet\/fi\/laitteet-ja-tilat\/oiva-locker-lainausautomaatti\/#breadcrumb"},"inLanguage":"fi","potentialAction":[{"@type":"ReadAction","target":["https:\/\/help.jamk.fi\/ohjelmistotjalaitteet\/fi\/laitteet-ja-tilat\/oiva-locker-lainausautomaatti\/"]}]},{"@type":"BreadcrumbList","@id":"https:\/\/help.jamk.fi\/ohjelmistotjalaitteet\/fi\/laitteet-ja-tilat\/oiva-locker-lainausautomaatti\/#breadcrumb","itemListElement":[{"@type":"ListItem","position":1,"name":"Home","item":"https:\/\/help.jamk.fi\/ohjelmistotjalaitteet\/fi\/"},{"@type":"ListItem","position":2,"name":"Laitteet ja tilat","item":"https:\/\/help.jamk.fi\/ohjelmistotjalaitteet\/fi\/laitteet-ja-tilat\/"},{"@type":"ListItem","position":3,"name":"OivaLocker-lainausautomaatti"}]},{"@type":"WebSite","@id":"https:\/\/help.jamk.fi\/ohjelmistotjalaitteet\/#website","url":"https:\/\/help.jamk.fi\/ohjelmistotjalaitteet\/","name":"Ohjelmistot ja laitteet","description":"","potentialAction":[{"@type":"SearchAction","target":{"@type":"EntryPoint","urlTemplate":"https:\/\/help.jamk.fi\/ohjelmistotjalaitteet\/?s={search_term_string}"},"query-input":{"@type":"PropertyValueSpecification","valueRequired":true,"valueName":"search_term_string"}}],"inLanguage":"fi"}]}},"_links":{"self":[{"href":"https:\/\/help.jamk.fi\/ohjelmistotjalaitteet\/wp-json\/wp\/v2\/pages\/31","targetHints":{"allow":["GET"]}}],"collection":[{"href":"https:\/\/help.jamk.fi\/ohjelmistotjalaitteet\/wp-json\/wp\/v2\/pages"}],"about":[{"href":"https:\/\/help.jamk.fi\/ohjelmistotjalaitteet\/wp-json\/wp\/v2\/types\/page"}],"author":[{"embeddable":true,"href":"https:\/\/help.jamk.fi\/ohjelmistotjalaitteet\/wp-json\/wp\/v2\/users\/64"}],"replies":[{"embeddable":true,"href":"https:\/\/help.jamk.fi\/ohjelmistotjalaitteet\/wp-json\/wp\/v2\/comments?post=31"}],"version-history":[{"count":2,"href":"https:\/\/help.jamk.fi\/ohjelmistotjalaitteet\/wp-json\/wp\/v2\/pages\/31\/revisions"}],"predecessor-version":[{"id":633,"href":"https:\/\/help.jamk.fi\/ohjelmistotjalaitteet\/wp-json\/wp\/v2\/pages\/31\/revisions\/633"}],"up":[{"embeddable":true,"href":"https:\/\/help.jamk.fi\/ohjelmistotjalaitteet\/wp-json\/wp\/v2\/pages\/13"}],"wp:attachment":[{"href":"https:\/\/help.jamk.fi\/ohjelmistotjalaitteet\/wp-json\/wp\/v2\/media?parent=31"}],"wp:term":[{"taxonomy":"category","embeddable":true,"href":"https:\/\/help.jamk.fi\/ohjelmistotjalaitteet\/wp-json\/wp\/v2\/categories?post=31"},{"taxonomy":"post_tag","embeddable":true,"href":"https:\/\/help.jamk.fi\/ohjelmistotjalaitteet\/wp-json\/wp\/v2\/tags?post=31"}],"curies":[{"name":"wp","href":"https:\/\/api.w.org\/{rel}","templated":true}]}}