{"id":6,"date":"2010-05-14T07:20:57","date_gmt":"2010-05-14T04:20:57","guid":{"rendered":"https:\/\/help.jamk.fi\/ohjelmistotjalaitteet\/tyoskentelya-tukevat-jarjestelmat\/"},"modified":"2024-12-02T10:54:10","modified_gmt":"2024-12-02T08:54:10","slug":"tyoskentelya-tukevat-jarjestelmat","status":"publish","type":"page","link":"https:\/\/help.jamk.fi\/ohjelmistotjalaitteet\/fi\/tyoskentelya-tukevat-jarjestelmat\/","title":{"rendered":"J\u00e4rjestelm\u00e4t ja ohjelmistot"},"content":{"rendered":"\n<p>T\u00e4lt\u00e4 sivulta l\u00f6yd\u00e4t linkit JAMKissa k\u00e4ytett\u00e4viin j\u00e4rjestelmien ja ohjelmistojen ohjeisiin<\/p>\n\n\n\n<p><\/p>\n\n\n\n<ul class=\"wp-block-list\">\n<li><a href=\"https:\/\/help.jamk.fi\/ohjelmistotjalaitteet\/fi\/tyoskentelya-tukevat-jarjestelmat\/adobe-ohjelmistot\/\">Adobe-ohjelmistot<\/a><\/li>\n\n\n\n<li><a href=\"https:\/\/help.jamk.fi\/ohjelmistotjalaitteet\/fi\/tyoskentelya-tukevat-jarjestelmat\/tietoverkot\/\">Kotihakemisto ja tietoverkkopalvelut<\/a><\/li>\n\n\n\n<li><a href=\"https:\/\/help.jamk.fi\/ohjelmistotjalaitteet\/fi\/tyoskentelya-tukevat-jarjestelmat\/kotikayttolisenssit\/\">Kotik\u00e4ytt\u00f6lisenssit<\/a><\/li>\n\n\n\n<li><a href=\"https:\/\/help.jamk.fi\/ohjelmistotjalaitteet\/fi\/tyoskentelya-tukevat-jarjestelmat\/tyoasemanohjelmistot\/\">Ty\u00f6aseman ohjelmistot<\/a><\/li>\n<\/ul>\n\n\n\n<h2 class=\"wp-block-heading\">Opiskelijan&nbsp;j\u00e4rjestelm\u00e4t<\/h2>\n\n\n\n<ul class=\"wp-block-list\">\n<li><a href=\"https:\/\/peppi.jamk.fi\/\">Peppi<\/a>&nbsp;opintotietoj\u00e4rjestelm\u00e4<\/li>\n\n\n\n<li><a href=\"https:\/\/zoom.jamk.fi\/\">Zoom<\/a> verkkokokousj\u00e4rjestelm\u00e4 | <a href=\"https:\/\/help.jamk.fi\/zoom\/fi\/\">Zoom-ohjeet <\/a><\/li>\n\n\n\n<li><a href=\"https:\/\/jamkstudent.sharepoint.com\/\">Elmo<\/a>-intra | <a href=\"https:\/\/help.jamk.fi\/m365\/fi\/elmo\/\">Elmo-ohjeet<\/a><\/li>\n\n\n\n<li><a href=\"https:\/\/moodle.jamk.fi\/\">Moodle<\/a> verkko-oppimisymp\u00e4rist\u00f6 | <a href=\"https:\/\/help.jamk.fi\/moodle\/fi\/\">Moodle-ohjeet<\/a><\/li>\n\n\n\n<li><a href=\"http:\/\/ezproxy.jamk.fi:2048\/login?qurl=https%3A%2F%2Fwww.sanakirja.fi\">MOT<\/a> -sanakirjasto<\/li>\n\n\n\n<li><a href=\"https:\/\/m365.jamk.fi\">Microsoft 365 <\/a>s\u00e4hk\u00f6postij\u00e4rjestelm\u00e4<\/li>\n\n\n\n<li><a href=\"https:\/\/www.jamk.fi\/fi\/opiskelijalle\">Opiskelijalle-sivut<\/a><\/li>\n\n\n\n<li><a href=\"https:\/\/jamkstudent.sharepoint.com\/SitePages\/Opiskelijoiden-tietojarjestelmat.aspx\">Katso Elmo-intrasta kaikki opiskelijan tietoj\u00e4rjestelm\u00e4t<\/a><\/li>\n\n\n\n<li>Katso my\u00f6s <a href=\"https:\/\/help.jamk.fi\/oppiminen\/fi\/\">Oppiminen<\/a>-sivusto<\/li>\n<\/ul>\n\n\n\n<h2 class=\"wp-block-heading\">Henkil\u00f6kunnan&nbsp;j\u00e4rjestelm\u00e4t<\/h2>\n\n\n\n<ul class=\"wp-block-list\">\n<li>Kirjaudu Elmoon ja valitse yl\u00e4palkista&nbsp;<a href=\"https:\/\/jamkstudent.sharepoint.com\/sites\/ICT-palvelut-Elmo\/SitePages\/Tietojarjestelmat.aspx\">Tietoj\u00e4rjestelm\u00e4t<\/a><\/li>\n\n\n\n<li>Katso my\u00f6s <a href=\"https:\/\/help.jamk.fi\/opetus\/fi\/\">Opetus<\/a>-sivusto<\/li>\n<\/ul>\n\n\n\n<h2 class=\"wp-block-heading\">Ty\u00f6aseman ohjelmistot<\/h2>\n\n\n\n<p>Jamkin kaikkiin ns. vakioituihin ty\u00f6asemiin on asennettu&nbsp;samat <a href=\"https:\/\/help.jamk.fi\/ohjelmistotjalaitteet\/fi\/tyoskentelya-tukevat-jarjestelmat\/tyoasemanohjelmistot\/\">perusohjelmistot<\/a>.<\/p>\n","protected":false},"excerpt":{"rendered":"<p>T\u00e4lt\u00e4 sivulta l\u00f6yd\u00e4t linkit JAMKissa k\u00e4ytett\u00e4viin j\u00e4rjestelmien ja ohjelmistojen ohjeisiin Opiskelijan&nbsp;j\u00e4rjestelm\u00e4t Henkil\u00f6kunnan&nbsp;j\u00e4rjestelm\u00e4t Ty\u00f6aseman ohjelmistot Jamkin kaikkiin ns. vakioituihin ty\u00f6asemiin on asennettu&nbsp;samat perusohjelmistot.<\/p>\n","protected":false},"author":64,"featured_media":0,"parent":0,"menu_order":0,"comment_status":"closed","ping_status":"closed","template":"","meta":{"_acf_changed":false,"_relevanssi_hide_post":"","_relevanssi_hide_content":"","_relevanssi_pin_for_all":"","_relevanssi_pin_keywords":"","_relevanssi_unpin_keywords":"","_relevanssi_related_keywords":"","_relevanssi_related_include_ids":"","_relevanssi_related_exclude_ids":"","_relevanssi_related_no_append":"","_relevanssi_related_not_related":"","_relevanssi_related_posts":"1","_relevanssi_noindex_reason":"","footnotes":""},"categories":[10,14],"tags":[16,18,20,22,24,26,28,30,32,34],"class_list":["post-6","page","type-page","status-publish","hentry","category-henkilosto","category-opiskelijat","tag-elmo","tag-jarjestelmat","tag-lukujarjestykset","tag-microsoft365","tag-moodle","tag-mot","tag-opinto-opas","tag-optima","tag-peppi","tag-zoom"],"acf":[],"yoast_head":"<!-- This site is optimized with the Yoast SEO plugin v27.3 - https:\/\/yoast.com\/product\/yoast-seo-wordpress\/ -->\n<title>J\u00e4rjestelm\u00e4t ja ohjelmistot - Ohjelmistot ja laitteet<\/title>\n<meta name=\"robots\" content=\"index, follow, max-snippet:-1, max-image-preview:large, max-video-preview:-1\" \/>\n<link rel=\"canonical\" href=\"https:\/\/help.jamk.fi\/ohjelmistotjalaitteet\/fi\/tyoskentelya-tukevat-jarjestelmat\/\" \/>\n<meta property=\"og:locale\" content=\"fi_FI\" \/>\n<meta property=\"og:type\" content=\"article\" \/>\n<meta property=\"og:title\" content=\"J\u00e4rjestelm\u00e4t ja ohjelmistot - Ohjelmistot ja laitteet\" \/>\n<meta property=\"og:description\" content=\"T\u00e4lt\u00e4 sivulta l\u00f6yd\u00e4t linkit JAMKissa k\u00e4ytett\u00e4viin j\u00e4rjestelmien ja ohjelmistojen ohjeisiin Opiskelijan&nbsp;j\u00e4rjestelm\u00e4t Henkil\u00f6kunnan&nbsp;j\u00e4rjestelm\u00e4t Ty\u00f6aseman ohjelmistot Jamkin kaikkiin ns. vakioituihin ty\u00f6asemiin on asennettu&nbsp;samat perusohjelmistot.\" \/>\n<meta property=\"og:url\" content=\"https:\/\/help.jamk.fi\/ohjelmistotjalaitteet\/fi\/tyoskentelya-tukevat-jarjestelmat\/\" \/>\n<meta property=\"og:site_name\" content=\"Ohjelmistot ja laitteet\" \/>\n<meta property=\"article:modified_time\" content=\"2024-12-02T08:54:10+00:00\" \/>\n<meta name=\"twitter:card\" content=\"summary_large_image\" \/>\n<meta name=\"twitter:label1\" content=\"Arvioitu lukuaika\" \/>\n\t<meta name=\"twitter:data1\" content=\"1 minuutti\" \/>\n<script type=\"application\/ld+json\" class=\"yoast-schema-graph\">{\"@context\":\"https:\\\/\\\/schema.org\",\"@graph\":[{\"@type\":\"WebPage\",\"@id\":\"https:\\\/\\\/help.jamk.fi\\\/ohjelmistotjalaitteet\\\/fi\\\/tyoskentelya-tukevat-jarjestelmat\\\/\",\"url\":\"https:\\\/\\\/help.jamk.fi\\\/ohjelmistotjalaitteet\\\/fi\\\/tyoskentelya-tukevat-jarjestelmat\\\/\",\"name\":\"J\u00e4rjestelm\u00e4t ja ohjelmistot - Ohjelmistot ja laitteet\",\"isPartOf\":{\"@id\":\"https:\\\/\\\/help.jamk.fi\\\/ohjelmistotjalaitteet\\\/#website\"},\"datePublished\":\"2010-05-14T04:20:57+00:00\",\"dateModified\":\"2024-12-02T08:54:10+00:00\",\"breadcrumb\":{\"@id\":\"https:\\\/\\\/help.jamk.fi\\\/ohjelmistotjalaitteet\\\/fi\\\/tyoskentelya-tukevat-jarjestelmat\\\/#breadcrumb\"},\"inLanguage\":\"fi\",\"potentialAction\":[{\"@type\":\"ReadAction\",\"target\":[\"https:\\\/\\\/help.jamk.fi\\\/ohjelmistotjalaitteet\\\/fi\\\/tyoskentelya-tukevat-jarjestelmat\\\/\"]}]},{\"@type\":\"BreadcrumbList\",\"@id\":\"https:\\\/\\\/help.jamk.fi\\\/ohjelmistotjalaitteet\\\/fi\\\/tyoskentelya-tukevat-jarjestelmat\\\/#breadcrumb\",\"itemListElement\":[{\"@type\":\"ListItem\",\"position\":1,\"name\":\"Home\",\"item\":\"https:\\\/\\\/help.jamk.fi\\\/ohjelmistotjalaitteet\\\/fi\\\/\"},{\"@type\":\"ListItem\",\"position\":2,\"name\":\"J\u00e4rjestelm\u00e4t ja ohjelmistot\"}]},{\"@type\":\"WebSite\",\"@id\":\"https:\\\/\\\/help.jamk.fi\\\/ohjelmistotjalaitteet\\\/#website\",\"url\":\"https:\\\/\\\/help.jamk.fi\\\/ohjelmistotjalaitteet\\\/\",\"name\":\"Ohjelmistot ja laitteet\",\"description\":\"\",\"potentialAction\":[{\"@type\":\"SearchAction\",\"target\":{\"@type\":\"EntryPoint\",\"urlTemplate\":\"https:\\\/\\\/help.jamk.fi\\\/ohjelmistotjalaitteet\\\/?s={search_term_string}\"},\"query-input\":{\"@type\":\"PropertyValueSpecification\",\"valueRequired\":true,\"valueName\":\"search_term_string\"}}],\"inLanguage\":\"fi\"}]}<\/script>\n<!-- \/ Yoast SEO plugin. -->","yoast_head_json":{"title":"J\u00e4rjestelm\u00e4t ja ohjelmistot - Ohjelmistot ja laitteet","robots":{"index":"index","follow":"follow","max-snippet":"max-snippet:-1","max-image-preview":"max-image-preview:large","max-video-preview":"max-video-preview:-1"},"canonical":"https:\/\/help.jamk.fi\/ohjelmistotjalaitteet\/fi\/tyoskentelya-tukevat-jarjestelmat\/","og_locale":"fi_FI","og_type":"article","og_title":"J\u00e4rjestelm\u00e4t ja ohjelmistot - Ohjelmistot ja laitteet","og_description":"T\u00e4lt\u00e4 sivulta l\u00f6yd\u00e4t linkit JAMKissa k\u00e4ytett\u00e4viin j\u00e4rjestelmien ja ohjelmistojen ohjeisiin Opiskelijan&nbsp;j\u00e4rjestelm\u00e4t Henkil\u00f6kunnan&nbsp;j\u00e4rjestelm\u00e4t Ty\u00f6aseman ohjelmistot Jamkin kaikkiin ns. vakioituihin ty\u00f6asemiin on asennettu&nbsp;samat perusohjelmistot.","og_url":"https:\/\/help.jamk.fi\/ohjelmistotjalaitteet\/fi\/tyoskentelya-tukevat-jarjestelmat\/","og_site_name":"Ohjelmistot ja laitteet","article_modified_time":"2024-12-02T08:54:10+00:00","twitter_card":"summary_large_image","twitter_misc":{"Arvioitu lukuaika":"1 minuutti"},"schema":{"@context":"https:\/\/schema.org","@graph":[{"@type":"WebPage","@id":"https:\/\/help.jamk.fi\/ohjelmistotjalaitteet\/fi\/tyoskentelya-tukevat-jarjestelmat\/","url":"https:\/\/help.jamk.fi\/ohjelmistotjalaitteet\/fi\/tyoskentelya-tukevat-jarjestelmat\/","name":"J\u00e4rjestelm\u00e4t ja ohjelmistot - Ohjelmistot ja laitteet","isPartOf":{"@id":"https:\/\/help.jamk.fi\/ohjelmistotjalaitteet\/#website"},"datePublished":"2010-05-14T04:20:57+00:00","dateModified":"2024-12-02T08:54:10+00:00","breadcrumb":{"@id":"https:\/\/help.jamk.fi\/ohjelmistotjalaitteet\/fi\/tyoskentelya-tukevat-jarjestelmat\/#breadcrumb"},"inLanguage":"fi","potentialAction":[{"@type":"ReadAction","target":["https:\/\/help.jamk.fi\/ohjelmistotjalaitteet\/fi\/tyoskentelya-tukevat-jarjestelmat\/"]}]},{"@type":"BreadcrumbList","@id":"https:\/\/help.jamk.fi\/ohjelmistotjalaitteet\/fi\/tyoskentelya-tukevat-jarjestelmat\/#breadcrumb","itemListElement":[{"@type":"ListItem","position":1,"name":"Home","item":"https:\/\/help.jamk.fi\/ohjelmistotjalaitteet\/fi\/"},{"@type":"ListItem","position":2,"name":"J\u00e4rjestelm\u00e4t ja ohjelmistot"}]},{"@type":"WebSite","@id":"https:\/\/help.jamk.fi\/ohjelmistotjalaitteet\/#website","url":"https:\/\/help.jamk.fi\/ohjelmistotjalaitteet\/","name":"Ohjelmistot ja laitteet","description":"","potentialAction":[{"@type":"SearchAction","target":{"@type":"EntryPoint","urlTemplate":"https:\/\/help.jamk.fi\/ohjelmistotjalaitteet\/?s={search_term_string}"},"query-input":{"@type":"PropertyValueSpecification","valueRequired":true,"valueName":"search_term_string"}}],"inLanguage":"fi"}]}},"_links":{"self":[{"href":"https:\/\/help.jamk.fi\/ohjelmistotjalaitteet\/wp-json\/wp\/v2\/pages\/6","targetHints":{"allow":["GET"]}}],"collection":[{"href":"https:\/\/help.jamk.fi\/ohjelmistotjalaitteet\/wp-json\/wp\/v2\/pages"}],"about":[{"href":"https:\/\/help.jamk.fi\/ohjelmistotjalaitteet\/wp-json\/wp\/v2\/types\/page"}],"author":[{"embeddable":true,"href":"https:\/\/help.jamk.fi\/ohjelmistotjalaitteet\/wp-json\/wp\/v2\/users\/64"}],"replies":[{"embeddable":true,"href":"https:\/\/help.jamk.fi\/ohjelmistotjalaitteet\/wp-json\/wp\/v2\/comments?post=6"}],"version-history":[{"count":33,"href":"https:\/\/help.jamk.fi\/ohjelmistotjalaitteet\/wp-json\/wp\/v2\/pages\/6\/revisions"}],"predecessor-version":[{"id":913,"href":"https:\/\/help.jamk.fi\/ohjelmistotjalaitteet\/wp-json\/wp\/v2\/pages\/6\/revisions\/913"}],"wp:attachment":[{"href":"https:\/\/help.jamk.fi\/ohjelmistotjalaitteet\/wp-json\/wp\/v2\/media?parent=6"}],"wp:term":[{"taxonomy":"category","embeddable":true,"href":"https:\/\/help.jamk.fi\/ohjelmistotjalaitteet\/wp-json\/wp\/v2\/categories?post=6"},{"taxonomy":"post_tag","embeddable":true,"href":"https:\/\/help.jamk.fi\/ohjelmistotjalaitteet\/wp-json\/wp\/v2\/tags?post=6"}],"curies":[{"name":"wp","href":"https:\/\/api.w.org\/{rel}","templated":true}]}}