{"id":67,"date":"2010-05-27T08:59:00","date_gmt":"2010-05-27T05:59:00","guid":{"rendered":"https:\/\/help.jamk.fi\/ohjelmistotjalaitteet\/langattomat-wlan-verkot\/"},"modified":"2024-11-19T13:14:27","modified_gmt":"2024-11-19T11:14:27","slug":"langattomat-wlan-verkot","status":"publish","type":"page","link":"https:\/\/help.jamk.fi\/ohjelmistotjalaitteet\/fi\/langattomat-wlan-verkot\/","title":{"rendered":"Langattomat WLAN-verkot"},"content":{"rendered":"\n<p>Jamkilla on l\u00e4hes koko kampusalueen kattava langaton WLAN-verkko (Wireless Local Area Network). Langaton verkko on p\u00e4\u00e4s\u00e4\u00e4nt\u00f6isesti optimoitu toimimaan neuvottelutiloissa, auditorioissa ja opetustiloissa.<\/p>\n\n\n\n<p>Kiinteiss\u00e4 ty\u00f6pisteiss\u00e4 suositellaan ensisijaisesti k\u00e4ytett\u00e4v\u00e4n kiinte\u00e4\u00e4 verkkoyhteytt\u00e4. My\u00f6s luokkatiloissa ja auditorioissa on hyv\u00e4 k\u00e4ytt\u00e4\u00e4 kiinte\u00e4\u00e4 verkkoyhteytt\u00e4 opetus- ja esitystilanteissa. Verkkokaapeli l\u00f6ytyy luokkatiloissa yleens\u00e4 opettajan p\u00f6yd\u00e4lt\u00e4.<\/p>\n\n\n\n<h2 class=\"wp-block-heading\">K\u00e4ytett\u00e4viss\u00e4 olevat verkot<\/h2>\n\n\n\n<p>Jamk:n tiloissa on k\u00e4ytett\u00e4viss\u00e4 useita eri langattomia verkkoja eri tarpeisiin. Langattomat verkot on nimetty seuraavasti:<\/p>\n\n\n\n<ul class=\"wp-block-list\">\n<li>Jamk-Staff \n<ul class=\"wp-block-list\">\n<li>Toimii ainoastaan Jamkin ICT-palveluiden yll\u00e4pit\u00e4mill\u00e4 tietokoneilla<\/li>\n<\/ul>\n<\/li>\n\n\n\n<li>Eduroam\n<ul class=\"wp-block-list\">\n<li>Eduroam verkkoa voi k\u00e4ytt\u00e4\u00e4 omilla henkil\u00f6kohtaisilla laitteilla, kuten tietokoneella ja puhelimella<\/li>\n\n\n\n<li>Kirjautuminen Jamkin s\u00e4hk\u00f6postiosoitteella ja salasanalla tai oman oppilaitoksen verkkotunnuksilla<\/li>\n<\/ul>\n<\/li>\n\n\n\n<li>Jamk-Guest \n<ul class=\"wp-block-list\">\n<li>Guest verkko on tarkoitettu vierailijoille joilla ei ole lainkaan Eduroam kirjautumiseen sopivaa tunnusta, <\/li>\n\n\n\n<li><a href=\"https:\/\/help.jamk.fi\/kirjautuminen\/fi\/kayttajatunnus\/vierailijatunnus\/\">Verkon k\u00e4ytt\u00e4miseen vaaditaan vierailijatunnus<\/a>, joka on saatavilla info-pisteist\u00e4 ja ICT-tuelta<\/li>\n<\/ul>\n<\/li>\n<\/ul>\n\n\n\n<h2 class=\"wp-block-heading\">Kuuluvuusalueet<\/h2>\n\n\n\n<p>Langaton verkko on k\u00e4ytett\u00e4viss\u00e4 l\u00e4hes kaikkialla Jamkin tiloissa ja kuuluvuusaluetta laajennetaan\/muutetaan tarpeiden mukaan. Jos huomaat, ett\u00e4 langaton verkko ei toimi jossakin tilassa tai havaitset muita ongelmia, ota yhteytt\u00e4 <a href=\"https:\/\/help.jamk.fi\/fi\/\">Helpdeskiin<\/a>.<\/p>\n\n\n\n<h2 class=\"wp-block-heading\">Eduroam<\/h2>\n\n\n\n<p>Verkkovierailupalvelu Eduroamin piiriss\u00e4 olevien Funet-j\u00e4senorganisaatioiden k\u00e4ytt\u00e4j\u00e4t voivat kirjautua omilla tutuilla k\u00e4ytt\u00e4j\u00e4tunnuksillaan langattomaan vierailijaverkkoon vieraillessaan mink\u00e4 tahansa Eduroam-verkon kuuluvuusalueella. Kunkin k\u00e4ytt\u00e4j\u00e4n k\u00e4ytt\u00e4j\u00e4tunnustiedot haetaan t\u00e4m\u00e4n kotiorganisaatiosta eik\u00e4 erillisi\u00e4 vierailijatunnuksia tarvita, mik\u00e4 v\u00e4hent\u00e4\u00e4 k\u00e4ytt\u00e4j\u00e4hallinnointiin liittyv\u00e4\u00e4 ty\u00f6t\u00e4.<\/p>\n\n\n\n<p>Eduroamiin kirjaudutaan Jamkin s\u00e4hk\u00f6postiosoitteella, joka on muotoa:<\/p>\n\n\n\n<ul class=\"wp-block-list\">\n<li>Henkil\u00f6kunta: etunimi.sukunimi@jamk.fi<\/li>\n\n\n\n<li>Opiskelijat: k\u00e4ytt\u00e4j\u00e4tunnus@student.jamk.fi<\/li>\n<\/ul>\n\n\n\n<p>Tarkempia ohjeita k\u00e4ytt\u00f6\u00f6nottoon muun muassa mobiililaitteille l\u00f6yd\u00e4t erillisest\u00e4 <a href=\"https:\/\/help.jamk.fi\/ohjelmistotjalaitteet\/fi\/langattomat-wlan-verkot\/eduroam\/\">Eduroam-ohjeesta.<\/a> <\/p>\n\n\n\n<p>Jos olet toisen oppilaitoksen opiskelija, varmista kirjautumistiedot oman oppilaitoksesi ICT-tuesta. <a href=\"https:\/\/www.eduroam.fi\/\">Lis\u00e4tietoa l\u00f6yd\u00e4t Eduroam.fi -sivustolta<\/a><\/p>\n","protected":false},"excerpt":{"rendered":"<p>Jamkilla on l\u00e4hes koko kampusalueen kattava langaton WLAN-verkko (Wireless Local Area Network). Langaton verkko on p\u00e4\u00e4s\u00e4\u00e4nt\u00f6isesti optimoitu toimimaan neuvottelutiloissa, auditorioissa ja opetustiloissa. Kiinteiss\u00e4 ty\u00f6pisteiss\u00e4 suositellaan ensisijaisesti k\u00e4ytett\u00e4v\u00e4n kiinte\u00e4\u00e4 verkkoyhteytt\u00e4. My\u00f6s luokkatiloissa ja auditorioissa on hyv\u00e4 k\u00e4ytt\u00e4\u00e4 kiinte\u00e4\u00e4 verkkoyhteytt\u00e4 opetus- ja esitystilanteissa. Verkkokaapeli l\u00f6ytyy luokkatiloissa yleens\u00e4 opettajan p\u00f6yd\u00e4lt\u00e4. K\u00e4ytett\u00e4viss\u00e4 olevat verkot Jamk:n tiloissa on k\u00e4ytett\u00e4viss\u00e4 useita [&hellip;]<\/p>\n","protected":false},"author":64,"featured_media":0,"parent":0,"menu_order":5,"comment_status":"closed","ping_status":"closed","template":"","meta":{"_acf_changed":false,"_relevanssi_hide_post":"","_relevanssi_hide_content":"","_relevanssi_pin_for_all":"","_relevanssi_pin_keywords":"","_relevanssi_unpin_keywords":"","_relevanssi_related_keywords":"","_relevanssi_related_include_ids":"","_relevanssi_related_exclude_ids":"","_relevanssi_related_no_append":"","_relevanssi_related_not_related":"","_relevanssi_related_posts":"1","_relevanssi_noindex_reason":"","footnotes":""},"categories":[10,14],"tags":[225,40],"class_list":["post-67","page","type-page","status-publish","hentry","category-henkilosto","category-opiskelijat","tag-langaton","tag-wlan"],"acf":[],"yoast_head":"<!-- This site is optimized with the Yoast SEO plugin v27.4 - https:\/\/yoast.com\/product\/yoast-seo-wordpress\/ -->\n<title>Langattomat WLAN-verkot - Ohjelmistot ja laitteet<\/title>\n<meta name=\"robots\" content=\"index, follow, max-snippet:-1, max-image-preview:large, max-video-preview:-1\" \/>\n<link rel=\"canonical\" href=\"https:\/\/help.jamk.fi\/ohjelmistotjalaitteet\/fi\/langattomat-wlan-verkot\/\" \/>\n<meta property=\"og:locale\" content=\"fi_FI\" \/>\n<meta property=\"og:type\" content=\"article\" \/>\n<meta property=\"og:title\" content=\"Langattomat WLAN-verkot - Ohjelmistot ja laitteet\" \/>\n<meta property=\"og:description\" content=\"Jamkilla on l\u00e4hes koko kampusalueen kattava langaton WLAN-verkko (Wireless Local Area Network). Langaton verkko on p\u00e4\u00e4s\u00e4\u00e4nt\u00f6isesti optimoitu toimimaan neuvottelutiloissa, auditorioissa ja opetustiloissa. Kiinteiss\u00e4 ty\u00f6pisteiss\u00e4 suositellaan ensisijaisesti k\u00e4ytett\u00e4v\u00e4n kiinte\u00e4\u00e4 verkkoyhteytt\u00e4. My\u00f6s luokkatiloissa ja auditorioissa on hyv\u00e4 k\u00e4ytt\u00e4\u00e4 kiinte\u00e4\u00e4 verkkoyhteytt\u00e4 opetus- ja esitystilanteissa. Verkkokaapeli l\u00f6ytyy luokkatiloissa yleens\u00e4 opettajan p\u00f6yd\u00e4lt\u00e4. K\u00e4ytett\u00e4viss\u00e4 olevat verkot Jamk:n tiloissa on k\u00e4ytett\u00e4viss\u00e4 useita [&hellip;]\" \/>\n<meta property=\"og:url\" content=\"https:\/\/help.jamk.fi\/ohjelmistotjalaitteet\/fi\/langattomat-wlan-verkot\/\" \/>\n<meta property=\"og:site_name\" content=\"Ohjelmistot ja laitteet\" \/>\n<meta property=\"article:modified_time\" content=\"2024-11-19T11:14:27+00:00\" \/>\n<meta name=\"twitter:card\" content=\"summary_large_image\" \/>\n<meta name=\"twitter:label1\" content=\"Arvioitu lukuaika\" \/>\n\t<meta name=\"twitter:data1\" content=\"2 minuuttia\" \/>\n<script type=\"application\/ld+json\" class=\"yoast-schema-graph\">{\"@context\":\"https:\\\/\\\/schema.org\",\"@graph\":[{\"@type\":\"WebPage\",\"@id\":\"https:\\\/\\\/help.jamk.fi\\\/ohjelmistotjalaitteet\\\/fi\\\/langattomat-wlan-verkot\\\/\",\"url\":\"https:\\\/\\\/help.jamk.fi\\\/ohjelmistotjalaitteet\\\/fi\\\/langattomat-wlan-verkot\\\/\",\"name\":\"Langattomat WLAN-verkot - Ohjelmistot ja laitteet\",\"isPartOf\":{\"@id\":\"https:\\\/\\\/help.jamk.fi\\\/ohjelmistotjalaitteet\\\/#website\"},\"datePublished\":\"2010-05-27T05:59:00+00:00\",\"dateModified\":\"2024-11-19T11:14:27+00:00\",\"breadcrumb\":{\"@id\":\"https:\\\/\\\/help.jamk.fi\\\/ohjelmistotjalaitteet\\\/fi\\\/langattomat-wlan-verkot\\\/#breadcrumb\"},\"inLanguage\":\"fi\",\"potentialAction\":[{\"@type\":\"ReadAction\",\"target\":[\"https:\\\/\\\/help.jamk.fi\\\/ohjelmistotjalaitteet\\\/fi\\\/langattomat-wlan-verkot\\\/\"]}]},{\"@type\":\"BreadcrumbList\",\"@id\":\"https:\\\/\\\/help.jamk.fi\\\/ohjelmistotjalaitteet\\\/fi\\\/langattomat-wlan-verkot\\\/#breadcrumb\",\"itemListElement\":[{\"@type\":\"ListItem\",\"position\":1,\"name\":\"Home\",\"item\":\"https:\\\/\\\/help.jamk.fi\\\/ohjelmistotjalaitteet\\\/fi\\\/\"},{\"@type\":\"ListItem\",\"position\":2,\"name\":\"Langattomat WLAN-verkot\"}]},{\"@type\":\"WebSite\",\"@id\":\"https:\\\/\\\/help.jamk.fi\\\/ohjelmistotjalaitteet\\\/#website\",\"url\":\"https:\\\/\\\/help.jamk.fi\\\/ohjelmistotjalaitteet\\\/\",\"name\":\"Ohjelmistot ja laitteet\",\"description\":\"\",\"potentialAction\":[{\"@type\":\"SearchAction\",\"target\":{\"@type\":\"EntryPoint\",\"urlTemplate\":\"https:\\\/\\\/help.jamk.fi\\\/ohjelmistotjalaitteet\\\/?s={search_term_string}\"},\"query-input\":{\"@type\":\"PropertyValueSpecification\",\"valueRequired\":true,\"valueName\":\"search_term_string\"}}],\"inLanguage\":\"fi\"}]}<\/script>\n<!-- \/ Yoast SEO plugin. -->","yoast_head_json":{"title":"Langattomat WLAN-verkot - Ohjelmistot ja laitteet","robots":{"index":"index","follow":"follow","max-snippet":"max-snippet:-1","max-image-preview":"max-image-preview:large","max-video-preview":"max-video-preview:-1"},"canonical":"https:\/\/help.jamk.fi\/ohjelmistotjalaitteet\/fi\/langattomat-wlan-verkot\/","og_locale":"fi_FI","og_type":"article","og_title":"Langattomat WLAN-verkot - Ohjelmistot ja laitteet","og_description":"Jamkilla on l\u00e4hes koko kampusalueen kattava langaton WLAN-verkko (Wireless Local Area Network). Langaton verkko on p\u00e4\u00e4s\u00e4\u00e4nt\u00f6isesti optimoitu toimimaan neuvottelutiloissa, auditorioissa ja opetustiloissa. Kiinteiss\u00e4 ty\u00f6pisteiss\u00e4 suositellaan ensisijaisesti k\u00e4ytett\u00e4v\u00e4n kiinte\u00e4\u00e4 verkkoyhteytt\u00e4. My\u00f6s luokkatiloissa ja auditorioissa on hyv\u00e4 k\u00e4ytt\u00e4\u00e4 kiinte\u00e4\u00e4 verkkoyhteytt\u00e4 opetus- ja esitystilanteissa. Verkkokaapeli l\u00f6ytyy luokkatiloissa yleens\u00e4 opettajan p\u00f6yd\u00e4lt\u00e4. K\u00e4ytett\u00e4viss\u00e4 olevat verkot Jamk:n tiloissa on k\u00e4ytett\u00e4viss\u00e4 useita [&hellip;]","og_url":"https:\/\/help.jamk.fi\/ohjelmistotjalaitteet\/fi\/langattomat-wlan-verkot\/","og_site_name":"Ohjelmistot ja laitteet","article_modified_time":"2024-11-19T11:14:27+00:00","twitter_card":"summary_large_image","twitter_misc":{"Arvioitu lukuaika":"2 minuuttia"},"schema":{"@context":"https:\/\/schema.org","@graph":[{"@type":"WebPage","@id":"https:\/\/help.jamk.fi\/ohjelmistotjalaitteet\/fi\/langattomat-wlan-verkot\/","url":"https:\/\/help.jamk.fi\/ohjelmistotjalaitteet\/fi\/langattomat-wlan-verkot\/","name":"Langattomat WLAN-verkot - Ohjelmistot ja laitteet","isPartOf":{"@id":"https:\/\/help.jamk.fi\/ohjelmistotjalaitteet\/#website"},"datePublished":"2010-05-27T05:59:00+00:00","dateModified":"2024-11-19T11:14:27+00:00","breadcrumb":{"@id":"https:\/\/help.jamk.fi\/ohjelmistotjalaitteet\/fi\/langattomat-wlan-verkot\/#breadcrumb"},"inLanguage":"fi","potentialAction":[{"@type":"ReadAction","target":["https:\/\/help.jamk.fi\/ohjelmistotjalaitteet\/fi\/langattomat-wlan-verkot\/"]}]},{"@type":"BreadcrumbList","@id":"https:\/\/help.jamk.fi\/ohjelmistotjalaitteet\/fi\/langattomat-wlan-verkot\/#breadcrumb","itemListElement":[{"@type":"ListItem","position":1,"name":"Home","item":"https:\/\/help.jamk.fi\/ohjelmistotjalaitteet\/fi\/"},{"@type":"ListItem","position":2,"name":"Langattomat WLAN-verkot"}]},{"@type":"WebSite","@id":"https:\/\/help.jamk.fi\/ohjelmistotjalaitteet\/#website","url":"https:\/\/help.jamk.fi\/ohjelmistotjalaitteet\/","name":"Ohjelmistot ja laitteet","description":"","potentialAction":[{"@type":"SearchAction","target":{"@type":"EntryPoint","urlTemplate":"https:\/\/help.jamk.fi\/ohjelmistotjalaitteet\/?s={search_term_string}"},"query-input":{"@type":"PropertyValueSpecification","valueRequired":true,"valueName":"search_term_string"}}],"inLanguage":"fi"}]}},"_links":{"self":[{"href":"https:\/\/help.jamk.fi\/ohjelmistotjalaitteet\/wp-json\/wp\/v2\/pages\/67","targetHints":{"allow":["GET"]}}],"collection":[{"href":"https:\/\/help.jamk.fi\/ohjelmistotjalaitteet\/wp-json\/wp\/v2\/pages"}],"about":[{"href":"https:\/\/help.jamk.fi\/ohjelmistotjalaitteet\/wp-json\/wp\/v2\/types\/page"}],"author":[{"embeddable":true,"href":"https:\/\/help.jamk.fi\/ohjelmistotjalaitteet\/wp-json\/wp\/v2\/users\/64"}],"replies":[{"embeddable":true,"href":"https:\/\/help.jamk.fi\/ohjelmistotjalaitteet\/wp-json\/wp\/v2\/comments?post=67"}],"version-history":[{"count":21,"href":"https:\/\/help.jamk.fi\/ohjelmistotjalaitteet\/wp-json\/wp\/v2\/pages\/67\/revisions"}],"predecessor-version":[{"id":897,"href":"https:\/\/help.jamk.fi\/ohjelmistotjalaitteet\/wp-json\/wp\/v2\/pages\/67\/revisions\/897"}],"wp:attachment":[{"href":"https:\/\/help.jamk.fi\/ohjelmistotjalaitteet\/wp-json\/wp\/v2\/media?parent=67"}],"wp:term":[{"taxonomy":"category","embeddable":true,"href":"https:\/\/help.jamk.fi\/ohjelmistotjalaitteet\/wp-json\/wp\/v2\/categories?post=67"},{"taxonomy":"post_tag","embeddable":true,"href":"https:\/\/help.jamk.fi\/ohjelmistotjalaitteet\/wp-json\/wp\/v2\/tags?post=67"}],"curies":[{"name":"wp","href":"https:\/\/api.w.org\/{rel}","templated":true}]}}