{"id":7,"date":"2010-05-14T07:22:59","date_gmt":"2010-05-14T04:22:59","guid":{"rendered":"https:\/\/help.jamk.fi\/ohjelmistotjalaitteet\/tietoverkot\/"},"modified":"2025-07-17T09:25:33","modified_gmt":"2025-07-17T06:25:33","slug":"tietoverkot","status":"publish","type":"page","link":"https:\/\/help.jamk.fi\/ohjelmistotjalaitteet\/fi\/tyoskentelya-tukevat-jarjestelmat\/tietoverkot\/","title":{"rendered":"Kotihakemisto ja tietoverkkopalvelut"},"content":{"rendered":"\n<h2 class=\"wp-block-heading\">Kotihakemisto H<\/h2>\n\n\n\n<p>Kotihakemistot poistuivat k\u00e4yt\u00f6st\u00e4 31.5.2025 eik\u00e4 palvelu ole en\u00e4\u00e4 saatavilla. Henkil\u00f6kohtaisten tietojen tallentamiseen suosittelemme k\u00e4ytt\u00e4m\u00e4\u00e4n jatkossa <a href=\"https:\/\/help.jamk.fi\/m365\/fi\/onedrive\/\">Microsoftin OneDrive -palvelua.<\/a><\/p>\n\n\n\n<h3 class=\"wp-block-heading\">Suurten&nbsp;tiedostojen l\u00e4hett\u00e4minen FileSenderill\u00e4<\/h3>\n\n\n\n<p>Suurten tiedostojen l\u00e4hett\u00e4miseen ja jakamiseen voit k\u00e4ytt\u00e4\u00e4 mm. Funetin FileSender-tiedostonjakopalvelua. Palvelu on kaikkien jamkilaisten k\u00e4yt\u00f6ss\u00e4 ilman erillisi\u00e4 toimenpiteit\u00e4. Palveluun kirjaudutaan selaimen kautta omalla Jamkin verkkotunnuksella. <a href=\"https:\/\/filesender.funet.fi\/\">Lis\u00e4tietoja ja kirjautuminen<\/a>.<\/p>\n\n\n\n<p>Tietoverkon palveluja on tarjolla my\u00f6s&nbsp;<a href=\"https:\/\/help.jamk.fi\/ohjelmistotjalaitteet\/fi\/langattomat-wlan-verkot\/\">langattomassa verkossa<\/a>.<\/p>\n\n\n\n<p><\/p>\n","protected":false},"excerpt":{"rendered":"<p>Kotihakemisto H Kotihakemistot poistuivat k\u00e4yt\u00f6st\u00e4 31.5.2025 eik\u00e4 palvelu ole en\u00e4\u00e4 saatavilla. Henkil\u00f6kohtaisten tietojen tallentamiseen suosittelemme k\u00e4ytt\u00e4m\u00e4\u00e4n jatkossa Microsoftin OneDrive -palvelua. Suurten&nbsp;tiedostojen l\u00e4hett\u00e4minen FileSenderill\u00e4 Suurten tiedostojen l\u00e4hett\u00e4miseen ja jakamiseen voit k\u00e4ytt\u00e4\u00e4 mm. Funetin FileSender-tiedostonjakopalvelua. Palvelu on kaikkien jamkilaisten k\u00e4yt\u00f6ss\u00e4 ilman erillisi\u00e4 toimenpiteit\u00e4. Palveluun kirjaudutaan selaimen kautta omalla Jamkin verkkotunnuksella. Lis\u00e4tietoja ja kirjautuminen. Tietoverkon palveluja on tarjolla [&hellip;]<\/p>\n","protected":false},"author":64,"featured_media":0,"parent":6,"menu_order":5,"comment_status":"closed","ping_status":"closed","template":"","meta":{"_acf_changed":false,"_relevanssi_hide_post":"","_relevanssi_hide_content":"","_relevanssi_pin_for_all":"","_relevanssi_pin_keywords":"M-asema, H-asema, asema, verkkolevy, kotihakemisto, FileSender, hakemisto","_relevanssi_unpin_keywords":"","_relevanssi_related_keywords":"","_relevanssi_related_include_ids":"","_relevanssi_related_exclude_ids":"","_relevanssi_related_no_append":"","_relevanssi_related_not_related":"","_relevanssi_related_posts":"1","_relevanssi_noindex_reason":"","footnotes":""},"categories":[10,14],"tags":[36,38,40],"class_list":["post-7","page","type-page","status-publish","hentry","category-henkilosto","category-opiskelijat","tag-kotihakemisto","tag-linux","tag-wlan"],"acf":[],"yoast_head":"<!-- This site is optimized with the Yoast SEO plugin v27.3 - https:\/\/yoast.com\/product\/yoast-seo-wordpress\/ -->\n<title>Kotihakemisto ja tietoverkkopalvelut - Ohjelmistot ja laitteet<\/title>\n<meta name=\"robots\" content=\"index, follow, max-snippet:-1, max-image-preview:large, max-video-preview:-1\" \/>\n<link rel=\"canonical\" href=\"https:\/\/help.jamk.fi\/ohjelmistotjalaitteet\/fi\/tyoskentelya-tukevat-jarjestelmat\/tietoverkot\/\" \/>\n<meta property=\"og:locale\" content=\"fi_FI\" \/>\n<meta property=\"og:type\" content=\"article\" \/>\n<meta property=\"og:title\" content=\"Kotihakemisto ja tietoverkkopalvelut - Ohjelmistot ja laitteet\" \/>\n<meta property=\"og:description\" content=\"Kotihakemisto H Kotihakemistot poistuivat k\u00e4yt\u00f6st\u00e4 31.5.2025 eik\u00e4 palvelu ole en\u00e4\u00e4 saatavilla. Henkil\u00f6kohtaisten tietojen tallentamiseen suosittelemme k\u00e4ytt\u00e4m\u00e4\u00e4n jatkossa Microsoftin OneDrive -palvelua. Suurten&nbsp;tiedostojen l\u00e4hett\u00e4minen FileSenderill\u00e4 Suurten tiedostojen l\u00e4hett\u00e4miseen ja jakamiseen voit k\u00e4ytt\u00e4\u00e4 mm. Funetin FileSender-tiedostonjakopalvelua. Palvelu on kaikkien jamkilaisten k\u00e4yt\u00f6ss\u00e4 ilman erillisi\u00e4 toimenpiteit\u00e4. Palveluun kirjaudutaan selaimen kautta omalla Jamkin verkkotunnuksella. Lis\u00e4tietoja ja kirjautuminen. Tietoverkon palveluja on tarjolla [&hellip;]\" \/>\n<meta property=\"og:url\" content=\"https:\/\/help.jamk.fi\/ohjelmistotjalaitteet\/fi\/tyoskentelya-tukevat-jarjestelmat\/tietoverkot\/\" \/>\n<meta property=\"og:site_name\" content=\"Ohjelmistot ja laitteet\" \/>\n<meta property=\"article:modified_time\" content=\"2025-07-17T06:25:33+00:00\" \/>\n<meta name=\"twitter:card\" content=\"summary_large_image\" \/>\n<meta name=\"twitter:label1\" content=\"Arvioitu lukuaika\" \/>\n\t<meta name=\"twitter:data1\" content=\"1 minuutti\" \/>\n<script type=\"application\/ld+json\" class=\"yoast-schema-graph\">{\"@context\":\"https:\\\/\\\/schema.org\",\"@graph\":[{\"@type\":\"WebPage\",\"@id\":\"https:\\\/\\\/help.jamk.fi\\\/ohjelmistotjalaitteet\\\/fi\\\/tyoskentelya-tukevat-jarjestelmat\\\/tietoverkot\\\/\",\"url\":\"https:\\\/\\\/help.jamk.fi\\\/ohjelmistotjalaitteet\\\/fi\\\/tyoskentelya-tukevat-jarjestelmat\\\/tietoverkot\\\/\",\"name\":\"Kotihakemisto ja tietoverkkopalvelut - Ohjelmistot ja laitteet\",\"isPartOf\":{\"@id\":\"https:\\\/\\\/help.jamk.fi\\\/ohjelmistotjalaitteet\\\/#website\"},\"datePublished\":\"2010-05-14T04:22:59+00:00\",\"dateModified\":\"2025-07-17T06:25:33+00:00\",\"breadcrumb\":{\"@id\":\"https:\\\/\\\/help.jamk.fi\\\/ohjelmistotjalaitteet\\\/fi\\\/tyoskentelya-tukevat-jarjestelmat\\\/tietoverkot\\\/#breadcrumb\"},\"inLanguage\":\"fi\",\"potentialAction\":[{\"@type\":\"ReadAction\",\"target\":[\"https:\\\/\\\/help.jamk.fi\\\/ohjelmistotjalaitteet\\\/fi\\\/tyoskentelya-tukevat-jarjestelmat\\\/tietoverkot\\\/\"]}]},{\"@type\":\"BreadcrumbList\",\"@id\":\"https:\\\/\\\/help.jamk.fi\\\/ohjelmistotjalaitteet\\\/fi\\\/tyoskentelya-tukevat-jarjestelmat\\\/tietoverkot\\\/#breadcrumb\",\"itemListElement\":[{\"@type\":\"ListItem\",\"position\":1,\"name\":\"Home\",\"item\":\"https:\\\/\\\/help.jamk.fi\\\/ohjelmistotjalaitteet\\\/fi\\\/\"},{\"@type\":\"ListItem\",\"position\":2,\"name\":\"J\u00e4rjestelm\u00e4t ja ohjelmistot\",\"item\":\"https:\\\/\\\/help.jamk.fi\\\/ohjelmistotjalaitteet\\\/fi\\\/tyoskentelya-tukevat-jarjestelmat\\\/\"},{\"@type\":\"ListItem\",\"position\":3,\"name\":\"Kotihakemisto ja tietoverkkopalvelut\"}]},{\"@type\":\"WebSite\",\"@id\":\"https:\\\/\\\/help.jamk.fi\\\/ohjelmistotjalaitteet\\\/#website\",\"url\":\"https:\\\/\\\/help.jamk.fi\\\/ohjelmistotjalaitteet\\\/\",\"name\":\"Ohjelmistot ja laitteet\",\"description\":\"\",\"potentialAction\":[{\"@type\":\"SearchAction\",\"target\":{\"@type\":\"EntryPoint\",\"urlTemplate\":\"https:\\\/\\\/help.jamk.fi\\\/ohjelmistotjalaitteet\\\/?s={search_term_string}\"},\"query-input\":{\"@type\":\"PropertyValueSpecification\",\"valueRequired\":true,\"valueName\":\"search_term_string\"}}],\"inLanguage\":\"fi\"}]}<\/script>\n<!-- \/ Yoast SEO plugin. -->","yoast_head_json":{"title":"Kotihakemisto ja tietoverkkopalvelut - Ohjelmistot ja laitteet","robots":{"index":"index","follow":"follow","max-snippet":"max-snippet:-1","max-image-preview":"max-image-preview:large","max-video-preview":"max-video-preview:-1"},"canonical":"https:\/\/help.jamk.fi\/ohjelmistotjalaitteet\/fi\/tyoskentelya-tukevat-jarjestelmat\/tietoverkot\/","og_locale":"fi_FI","og_type":"article","og_title":"Kotihakemisto ja tietoverkkopalvelut - Ohjelmistot ja laitteet","og_description":"Kotihakemisto H Kotihakemistot poistuivat k\u00e4yt\u00f6st\u00e4 31.5.2025 eik\u00e4 palvelu ole en\u00e4\u00e4 saatavilla. Henkil\u00f6kohtaisten tietojen tallentamiseen suosittelemme k\u00e4ytt\u00e4m\u00e4\u00e4n jatkossa Microsoftin OneDrive -palvelua. Suurten&nbsp;tiedostojen l\u00e4hett\u00e4minen FileSenderill\u00e4 Suurten tiedostojen l\u00e4hett\u00e4miseen ja jakamiseen voit k\u00e4ytt\u00e4\u00e4 mm. Funetin FileSender-tiedostonjakopalvelua. Palvelu on kaikkien jamkilaisten k\u00e4yt\u00f6ss\u00e4 ilman erillisi\u00e4 toimenpiteit\u00e4. Palveluun kirjaudutaan selaimen kautta omalla Jamkin verkkotunnuksella. Lis\u00e4tietoja ja kirjautuminen. Tietoverkon palveluja on tarjolla [&hellip;]","og_url":"https:\/\/help.jamk.fi\/ohjelmistotjalaitteet\/fi\/tyoskentelya-tukevat-jarjestelmat\/tietoverkot\/","og_site_name":"Ohjelmistot ja laitteet","article_modified_time":"2025-07-17T06:25:33+00:00","twitter_card":"summary_large_image","twitter_misc":{"Arvioitu lukuaika":"1 minuutti"},"schema":{"@context":"https:\/\/schema.org","@graph":[{"@type":"WebPage","@id":"https:\/\/help.jamk.fi\/ohjelmistotjalaitteet\/fi\/tyoskentelya-tukevat-jarjestelmat\/tietoverkot\/","url":"https:\/\/help.jamk.fi\/ohjelmistotjalaitteet\/fi\/tyoskentelya-tukevat-jarjestelmat\/tietoverkot\/","name":"Kotihakemisto ja tietoverkkopalvelut - Ohjelmistot ja laitteet","isPartOf":{"@id":"https:\/\/help.jamk.fi\/ohjelmistotjalaitteet\/#website"},"datePublished":"2010-05-14T04:22:59+00:00","dateModified":"2025-07-17T06:25:33+00:00","breadcrumb":{"@id":"https:\/\/help.jamk.fi\/ohjelmistotjalaitteet\/fi\/tyoskentelya-tukevat-jarjestelmat\/tietoverkot\/#breadcrumb"},"inLanguage":"fi","potentialAction":[{"@type":"ReadAction","target":["https:\/\/help.jamk.fi\/ohjelmistotjalaitteet\/fi\/tyoskentelya-tukevat-jarjestelmat\/tietoverkot\/"]}]},{"@type":"BreadcrumbList","@id":"https:\/\/help.jamk.fi\/ohjelmistotjalaitteet\/fi\/tyoskentelya-tukevat-jarjestelmat\/tietoverkot\/#breadcrumb","itemListElement":[{"@type":"ListItem","position":1,"name":"Home","item":"https:\/\/help.jamk.fi\/ohjelmistotjalaitteet\/fi\/"},{"@type":"ListItem","position":2,"name":"J\u00e4rjestelm\u00e4t ja ohjelmistot","item":"https:\/\/help.jamk.fi\/ohjelmistotjalaitteet\/fi\/tyoskentelya-tukevat-jarjestelmat\/"},{"@type":"ListItem","position":3,"name":"Kotihakemisto ja tietoverkkopalvelut"}]},{"@type":"WebSite","@id":"https:\/\/help.jamk.fi\/ohjelmistotjalaitteet\/#website","url":"https:\/\/help.jamk.fi\/ohjelmistotjalaitteet\/","name":"Ohjelmistot ja laitteet","description":"","potentialAction":[{"@type":"SearchAction","target":{"@type":"EntryPoint","urlTemplate":"https:\/\/help.jamk.fi\/ohjelmistotjalaitteet\/?s={search_term_string}"},"query-input":{"@type":"PropertyValueSpecification","valueRequired":true,"valueName":"search_term_string"}}],"inLanguage":"fi"}]}},"_links":{"self":[{"href":"https:\/\/help.jamk.fi\/ohjelmistotjalaitteet\/wp-json\/wp\/v2\/pages\/7","targetHints":{"allow":["GET"]}}],"collection":[{"href":"https:\/\/help.jamk.fi\/ohjelmistotjalaitteet\/wp-json\/wp\/v2\/pages"}],"about":[{"href":"https:\/\/help.jamk.fi\/ohjelmistotjalaitteet\/wp-json\/wp\/v2\/types\/page"}],"author":[{"embeddable":true,"href":"https:\/\/help.jamk.fi\/ohjelmistotjalaitteet\/wp-json\/wp\/v2\/users\/64"}],"replies":[{"embeddable":true,"href":"https:\/\/help.jamk.fi\/ohjelmistotjalaitteet\/wp-json\/wp\/v2\/comments?post=7"}],"version-history":[{"count":13,"href":"https:\/\/help.jamk.fi\/ohjelmistotjalaitteet\/wp-json\/wp\/v2\/pages\/7\/revisions"}],"predecessor-version":[{"id":997,"href":"https:\/\/help.jamk.fi\/ohjelmistotjalaitteet\/wp-json\/wp\/v2\/pages\/7\/revisions\/997"}],"up":[{"embeddable":true,"href":"https:\/\/help.jamk.fi\/ohjelmistotjalaitteet\/wp-json\/wp\/v2\/pages\/6"}],"wp:attachment":[{"href":"https:\/\/help.jamk.fi\/ohjelmistotjalaitteet\/wp-json\/wp\/v2\/media?parent=7"}],"wp:term":[{"taxonomy":"category","embeddable":true,"href":"https:\/\/help.jamk.fi\/ohjelmistotjalaitteet\/wp-json\/wp\/v2\/categories?post=7"},{"taxonomy":"post_tag","embeddable":true,"href":"https:\/\/help.jamk.fi\/ohjelmistotjalaitteet\/wp-json\/wp\/v2\/tags?post=7"}],"curies":[{"name":"wp","href":"https:\/\/api.w.org\/{rel}","templated":true}]}}