{"id":798,"date":"2024-08-13T15:55:33","date_gmt":"2024-08-13T12:55:33","guid":{"rendered":"https:\/\/help.jamk.fi\/ohjelmistotjalaitteet\/?page_id=798"},"modified":"2025-02-19T10:41:08","modified_gmt":"2025-02-19T08:41:08","slug":"windows-11-ohjeet-ja-vinkit","status":"publish","type":"page","link":"https:\/\/help.jamk.fi\/ohjelmistotjalaitteet\/fi\/tyoskentelya-tukevat-jarjestelmat\/windows-11-ohjeet-ja-vinkit\/","title":{"rendered":"Windows 11 &#8211; ohjeet ja vinkit"},"content":{"rendered":"\n<p>Windows 10 k\u00e4ytt\u00f6j\u00e4rjestelm\u00e4 on tulossa elinkaarensa p\u00e4\u00e4h\u00e4n, jonka vuoksi Jamkin ICT-Palvelut p\u00e4ivitt\u00e4\u00e4 henkil\u00f6st\u00f6n tietokoneita uudempaan Windows 11 k\u00e4ytt\u00f6j\u00e4rjestelm\u00e4\u00e4n.<\/p>\n\n\n\n<p>K\u00e4ytt\u00f6j\u00e4rjestelm\u00e4n p\u00e4ivitt\u00e4misen yhteydess\u00e4 taustalla tapahtuva laitteiden hallinta muuttuu paikallisesta hallinnasta pilvihallinnaksi. Taustalla tapahtuvan suuren j\u00e4rjestelm\u00e4 muutoksen vuoksi Windows 10 -k\u00e4ytt\u00f6j\u00e4rjestelm\u00e4\u00e4 ei voida suoraan p\u00e4ivitt\u00e4\u00e4 uudempaan Windows 11 -k\u00e4ytt\u00f6j\u00e4rjestelm\u00e4versioon, vaan tietokone tulee asentaa alusta asti uudelleen. Asennus tapahtuu ICT-palveluiden l\u00e4hituen toimesta, joten sovi asennus ajankohta olemalla yhteydess\u00e4 Helpdeskiin palvelupyynn\u00f6n kautta.<\/p>\n\n\n\n<h2 class=\"wp-block-heading\">Kirjautuminen tietokoneelle<\/h2>\n\n\n\n<p>Ensimm\u00e4inen kirjautuminen tietokoneelle tapahtuu <span style=\"text-decoration: underline;\">Jamkin s\u00e4hk\u00f6postiosoitteella ja verkkosalasanalla<\/span>. Ensimm\u00e4isen kirjautumisen yhteydess\u00e4 vaaditaan kaksivaiheinen tunnistautuminen esimerkiksi Authenticator -sovelluksella. Ensimm\u00e4isell\u00e4 kirjautumiskerralla, tulee ottaa k\u00e4ytt\u00f6\u00f6n my\u00f6s Windows Hello kirjautuminen. Sinun tulee luoda PIN-koodi, jolla jatkossa kirjaudut koneelle. PIN-koodi toimii vahvana tunnistautumisena, jonka vuoksi sen luominen ja vaihtaminen vaatii vahvistuksen kaksivaiheisella tunnistuksella. PIN-koodin tulee olla v\u00e4hint\u00e4\u00e4n 5 merkki\u00e4 pitk\u00e4 ja se voi sis\u00e4lt\u00e4\u00e4 numeroiden lis\u00e4ksi my\u00f6s kirjaimia ja erikoismerkkej\u00e4.<\/p>\n\n\n\n<p>Jos laitteessasi on sormenj\u00e4lkitunnistin tai IR -kamera (kasvojentunnistus), voit ottaa my\u00f6s n\u00e4m\u00e4 kirjautumiskeinot k\u00e4ytt\u00f6\u00f6si Windowsin tiliasetuksista. Jos unohdat PIN-koodisi, voit nollata sen itse \u201dI forgot my PIN\u201d -toiminnon avulla kirjautumisruudulta tai Windowsin tili-asetuksista. Kaksivaiheinen tunnistautuminen vaaditaan nollaukseen.<\/p>\n\n\n\n<h2 class=\"wp-block-heading\">Sovellukset<\/h2>\n\n\n\n<p>Kun kirjaudut ensimm\u00e4isen kerran laitteelle, tietyt sovellukset kuten Edge ja OneDrive ovat valmiiksi asennettuna. Lis\u00e4\u00e4 sovelluksia asentuu koneelle automaattisesti kirjautumisen j\u00e4lkeen, kunhan laite on p\u00e4\u00e4ll\u00e4 ja yhteydess\u00e4 internettiin. (Ohjelmisto asennukset suoritetaan usein p\u00e4ivityksen yhteydess\u00e4 k\u00e4ytt\u00f6\u00f6noton helpottamiseksi)<\/p>\n\n\n\n<p>Oletussovelluksia ovat Edgen ja OneDriven lis\u00e4ksi:<\/p>\n\n\n\n<ul class=\"wp-block-list\">\n<li>Company Portal<\/li>\n\n\n\n<li>Chrome ja Mozilla Firefox<\/li>\n\n\n\n<li>M365 apps-sovellukset<\/li>\n\n\n\n<li>Outlook<\/li>\n\n\n\n<li>Teams<\/li>\n\n\n\n<li>VLC Player<\/li>\n\n\n\n<li>Adobe Acrobat Unified (Kirjautumalla sis\u00e4\u00e4n Adobe ohjelmassa oikeasta yl\u00e4kulmasta saat kaikki Adobe Acrobat ty\u00f6kalut k\u00e4ytt\u00f6\u00f6si kuten PDF:n muokkauksen)<\/li>\n<\/ul>\n\n\n\n<p>Lis\u00e4\u00e4 sovelluksia on ladattavissa Company Portalista (<em>Korvaa Software Centerin<\/em>). Ohjelmia on saatavilla my\u00f6s Microsoft Storesta, kuten Zoom. Kaikkia sovellusjakeluita ei ole viel\u00e4 saatavilla Windows 11 -ymp\u00e4rist\u00f6\u00f6n. Voit tiedustella sovelluksen saatavuutta palvelupyynn\u00f6n kautta.<\/p>\n\n\n<div id=\"info-lift-block_6b89148d8b97e3810519b9f732013a37\" class=\"block-info-lift block-info-lift\">\n  <div class=\"row\">\n    <div class=\"col-12\">\n              <div class=\"block-info-lift__content\">\n          <div class=\"block-info-lift__content__icon\">\n            <span>!<\/span>\n          <\/div>\n          <p class=\"block-info-lift__content__text\">HUOM! Sinun tulee olla kirjautuneena sis\u00e4\u00e4n Adobe Acrobat ohjelmaan, jotta saat Adoben lisenssin k\u00e4ytt\u00f6\u00f6si. Ilman lisenssi\u00e4, et voi muokata tai muuntaa PDF-tiedostoja<\/p>\n        <\/div>\n          <\/div>\n  <\/div>\n<\/div>\n\n\n<p><\/p>\n\n\n\n<h2 class=\"wp-block-heading\">Tulostaminen<\/h2>\n\n\n\n<p>K\u00e4ytett\u00e4viss\u00e4 on Secureprint-U tulostusjono. Secureprint-U tulostusjono on k\u00e4ytett\u00e4viss\u00e4 my\u00f6s sis\u00e4verkon ulkopuolelta, joten voit lis\u00e4t\u00e4 tulostusjonoon tulosteita jo kotoa ja vapauttaa ne my\u00f6hemmin kampuksen tulostimelta. <\/p>\n\n\n\n<p>Secureprint-U tulostusjonon voit m\u00e4\u00e4ritt\u00e4\u00e4 halutessasi oletustulostimeksi menem\u00e4ll\u00e4:<\/p>\n\n\n\n<ul class=\"wp-block-list\">\n<li>Windowsin asetuksiin &gt; <em>Bluetooth and Devices<\/em> &gt; <em>Printers &amp; Scanners<\/em><\/li>\n\n\n\n<li>M\u00e4\u00e4rit\u00e4 \u201c<em>Let Windows manage my default printer\u201d <\/em>Off-asentoon<\/li>\n\n\n\n<li>Valitse sitten Secureprint-U ja m\u00e4\u00e4rit\u00e4 se oletukseksi painamalla yl\u00e4reunasta \u201d<em>Set as default<\/em>\u201d<\/li>\n<\/ul>\n\n\n\n<h2 class=\"wp-block-heading\">Muita huomioitavia asioita<\/h2>\n\n\n\n<p>Start eli K\u00e4ynnist\u00e4-valikon asettelu on lukittu. Jos teet muutoksia asetteluun esimerkiksi \u201dpinnaamalla\u201d sovelluksen valikkoon, ei muutos pysy vaan asettelu nollautuu oletukselle seuraavan uudelleen k\u00e4ynnistyksen yhteydess\u00e4. Sen sijaan alareunan teht\u00e4v\u00e4palkkiin voit pinnata usein k\u00e4ytettyj\u00e4 sovelluksia halutessasi.<\/p>\n\n\n\n<p>OneDrive kirjautuu sis\u00e4\u00e4n automaattisesti \u201dOn-Demand\u201d -asetuksella eli tiedostot ladataan koneelle vain tarvittaessa.<\/p>\n\n\n\n<p>Jotkin palvelut, jotka eiv\u00e4t tue viel\u00e4 Entra ID kirjautumista (<em>Microsoftin kirjautumisportaalia<\/em>) eiv\u00e4t toimi Edge-selaimella. T\u00e4llaisia sivuja on esimerkiksi Asiakirjahallinta &#8211; Tweb. N\u00e4it\u00e4 palveluita tulee siis k\u00e4ytt\u00e4\u00e4 toistaiseksi jollain muulla selaimella, kuin Edge.<\/p>\n","protected":false},"excerpt":{"rendered":"<p>Windows 10 k\u00e4ytt\u00f6j\u00e4rjestelm\u00e4 on tulossa elinkaarensa p\u00e4\u00e4h\u00e4n, jonka vuoksi Jamkin ICT-Palvelut p\u00e4ivitt\u00e4\u00e4 henkil\u00f6st\u00f6n tietokoneita uudempaan Windows 11 k\u00e4ytt\u00f6j\u00e4rjestelm\u00e4\u00e4n. K\u00e4ytt\u00f6j\u00e4rjestelm\u00e4n p\u00e4ivitt\u00e4misen yhteydess\u00e4 taustalla tapahtuva laitteiden hallinta muuttuu paikallisesta hallinnasta pilvihallinnaksi. Taustalla tapahtuvan suuren j\u00e4rjestelm\u00e4 muutoksen vuoksi Windows 10 -k\u00e4ytt\u00f6j\u00e4rjestelm\u00e4\u00e4 ei voida suoraan p\u00e4ivitt\u00e4\u00e4 uudempaan Windows 11 -k\u00e4ytt\u00f6j\u00e4rjestelm\u00e4versioon, vaan tietokone tulee asentaa alusta asti uudelleen. Asennus tapahtuu [&hellip;]<\/p>\n","protected":false},"author":66,"featured_media":0,"parent":6,"menu_order":0,"comment_status":"closed","ping_status":"closed","template":"","meta":{"_acf_changed":false,"_relevanssi_hide_post":"","_relevanssi_hide_content":"","_relevanssi_pin_for_all":"","_relevanssi_pin_keywords":"","_relevanssi_unpin_keywords":"","_relevanssi_related_keywords":"","_relevanssi_related_include_ids":"","_relevanssi_related_exclude_ids":"","_relevanssi_related_no_append":"","_relevanssi_related_not_related":"","_relevanssi_related_posts":"","_relevanssi_noindex_reason":"","footnotes":""},"categories":[],"tags":[261],"class_list":["post-798","page","type-page","status-publish","hentry","tag-windows-11-fi"],"acf":[],"yoast_head":"<!-- This site is optimized with the Yoast SEO plugin v27.3 - https:\/\/yoast.com\/product\/yoast-seo-wordpress\/ -->\n<title>Windows 11 - ohjeet ja vinkit - Ohjelmistot ja laitteet<\/title>\n<meta name=\"robots\" content=\"index, follow, max-snippet:-1, max-image-preview:large, max-video-preview:-1\" \/>\n<link rel=\"canonical\" href=\"https:\/\/help.jamk.fi\/ohjelmistotjalaitteet\/fi\/tyoskentelya-tukevat-jarjestelmat\/windows-11-ohjeet-ja-vinkit\/\" \/>\n<meta property=\"og:locale\" content=\"fi_FI\" \/>\n<meta property=\"og:type\" content=\"article\" \/>\n<meta property=\"og:title\" content=\"Windows 11 - ohjeet ja vinkit - Ohjelmistot ja laitteet\" \/>\n<meta property=\"og:description\" content=\"Windows 10 k\u00e4ytt\u00f6j\u00e4rjestelm\u00e4 on tulossa elinkaarensa p\u00e4\u00e4h\u00e4n, jonka vuoksi Jamkin ICT-Palvelut p\u00e4ivitt\u00e4\u00e4 henkil\u00f6st\u00f6n tietokoneita uudempaan Windows 11 k\u00e4ytt\u00f6j\u00e4rjestelm\u00e4\u00e4n. K\u00e4ytt\u00f6j\u00e4rjestelm\u00e4n p\u00e4ivitt\u00e4misen yhteydess\u00e4 taustalla tapahtuva laitteiden hallinta muuttuu paikallisesta hallinnasta pilvihallinnaksi. Taustalla tapahtuvan suuren j\u00e4rjestelm\u00e4 muutoksen vuoksi Windows 10 -k\u00e4ytt\u00f6j\u00e4rjestelm\u00e4\u00e4 ei voida suoraan p\u00e4ivitt\u00e4\u00e4 uudempaan Windows 11 -k\u00e4ytt\u00f6j\u00e4rjestelm\u00e4versioon, vaan tietokone tulee asentaa alusta asti uudelleen. Asennus tapahtuu [&hellip;]\" \/>\n<meta property=\"og:url\" content=\"https:\/\/help.jamk.fi\/ohjelmistotjalaitteet\/fi\/tyoskentelya-tukevat-jarjestelmat\/windows-11-ohjeet-ja-vinkit\/\" \/>\n<meta property=\"og:site_name\" content=\"Ohjelmistot ja laitteet\" \/>\n<meta property=\"article:modified_time\" content=\"2025-02-19T08:41:08+00:00\" \/>\n<meta name=\"twitter:card\" content=\"summary_large_image\" \/>\n<meta name=\"twitter:label1\" content=\"Arvioitu lukuaika\" \/>\n\t<meta name=\"twitter:data1\" content=\"3 minuuttia\" \/>\n<script type=\"application\/ld+json\" class=\"yoast-schema-graph\">{\"@context\":\"https:\\\/\\\/schema.org\",\"@graph\":[{\"@type\":\"WebPage\",\"@id\":\"https:\\\/\\\/help.jamk.fi\\\/ohjelmistotjalaitteet\\\/fi\\\/tyoskentelya-tukevat-jarjestelmat\\\/windows-11-ohjeet-ja-vinkit\\\/\",\"url\":\"https:\\\/\\\/help.jamk.fi\\\/ohjelmistotjalaitteet\\\/fi\\\/tyoskentelya-tukevat-jarjestelmat\\\/windows-11-ohjeet-ja-vinkit\\\/\",\"name\":\"Windows 11 - ohjeet ja vinkit - Ohjelmistot ja laitteet\",\"isPartOf\":{\"@id\":\"https:\\\/\\\/help.jamk.fi\\\/ohjelmistotjalaitteet\\\/#website\"},\"datePublished\":\"2024-08-13T12:55:33+00:00\",\"dateModified\":\"2025-02-19T08:41:08+00:00\",\"breadcrumb\":{\"@id\":\"https:\\\/\\\/help.jamk.fi\\\/ohjelmistotjalaitteet\\\/fi\\\/tyoskentelya-tukevat-jarjestelmat\\\/windows-11-ohjeet-ja-vinkit\\\/#breadcrumb\"},\"inLanguage\":\"fi\",\"potentialAction\":[{\"@type\":\"ReadAction\",\"target\":[\"https:\\\/\\\/help.jamk.fi\\\/ohjelmistotjalaitteet\\\/fi\\\/tyoskentelya-tukevat-jarjestelmat\\\/windows-11-ohjeet-ja-vinkit\\\/\"]}]},{\"@type\":\"BreadcrumbList\",\"@id\":\"https:\\\/\\\/help.jamk.fi\\\/ohjelmistotjalaitteet\\\/fi\\\/tyoskentelya-tukevat-jarjestelmat\\\/windows-11-ohjeet-ja-vinkit\\\/#breadcrumb\",\"itemListElement\":[{\"@type\":\"ListItem\",\"position\":1,\"name\":\"Home\",\"item\":\"https:\\\/\\\/help.jamk.fi\\\/ohjelmistotjalaitteet\\\/fi\\\/\"},{\"@type\":\"ListItem\",\"position\":2,\"name\":\"J\u00e4rjestelm\u00e4t ja ohjelmistot\",\"item\":\"https:\\\/\\\/help.jamk.fi\\\/ohjelmistotjalaitteet\\\/fi\\\/tyoskentelya-tukevat-jarjestelmat\\\/\"},{\"@type\":\"ListItem\",\"position\":3,\"name\":\"Windows 11 &#8211; ohjeet ja vinkit\"}]},{\"@type\":\"WebSite\",\"@id\":\"https:\\\/\\\/help.jamk.fi\\\/ohjelmistotjalaitteet\\\/#website\",\"url\":\"https:\\\/\\\/help.jamk.fi\\\/ohjelmistotjalaitteet\\\/\",\"name\":\"Ohjelmistot ja laitteet\",\"description\":\"\",\"potentialAction\":[{\"@type\":\"SearchAction\",\"target\":{\"@type\":\"EntryPoint\",\"urlTemplate\":\"https:\\\/\\\/help.jamk.fi\\\/ohjelmistotjalaitteet\\\/?s={search_term_string}\"},\"query-input\":{\"@type\":\"PropertyValueSpecification\",\"valueRequired\":true,\"valueName\":\"search_term_string\"}}],\"inLanguage\":\"fi\"}]}<\/script>\n<!-- \/ Yoast SEO plugin. -->","yoast_head_json":{"title":"Windows 11 - ohjeet ja vinkit - Ohjelmistot ja laitteet","robots":{"index":"index","follow":"follow","max-snippet":"max-snippet:-1","max-image-preview":"max-image-preview:large","max-video-preview":"max-video-preview:-1"},"canonical":"https:\/\/help.jamk.fi\/ohjelmistotjalaitteet\/fi\/tyoskentelya-tukevat-jarjestelmat\/windows-11-ohjeet-ja-vinkit\/","og_locale":"fi_FI","og_type":"article","og_title":"Windows 11 - ohjeet ja vinkit - Ohjelmistot ja laitteet","og_description":"Windows 10 k\u00e4ytt\u00f6j\u00e4rjestelm\u00e4 on tulossa elinkaarensa p\u00e4\u00e4h\u00e4n, jonka vuoksi Jamkin ICT-Palvelut p\u00e4ivitt\u00e4\u00e4 henkil\u00f6st\u00f6n tietokoneita uudempaan Windows 11 k\u00e4ytt\u00f6j\u00e4rjestelm\u00e4\u00e4n. K\u00e4ytt\u00f6j\u00e4rjestelm\u00e4n p\u00e4ivitt\u00e4misen yhteydess\u00e4 taustalla tapahtuva laitteiden hallinta muuttuu paikallisesta hallinnasta pilvihallinnaksi. Taustalla tapahtuvan suuren j\u00e4rjestelm\u00e4 muutoksen vuoksi Windows 10 -k\u00e4ytt\u00f6j\u00e4rjestelm\u00e4\u00e4 ei voida suoraan p\u00e4ivitt\u00e4\u00e4 uudempaan Windows 11 -k\u00e4ytt\u00f6j\u00e4rjestelm\u00e4versioon, vaan tietokone tulee asentaa alusta asti uudelleen. Asennus tapahtuu [&hellip;]","og_url":"https:\/\/help.jamk.fi\/ohjelmistotjalaitteet\/fi\/tyoskentelya-tukevat-jarjestelmat\/windows-11-ohjeet-ja-vinkit\/","og_site_name":"Ohjelmistot ja laitteet","article_modified_time":"2025-02-19T08:41:08+00:00","twitter_card":"summary_large_image","twitter_misc":{"Arvioitu lukuaika":"3 minuuttia"},"schema":{"@context":"https:\/\/schema.org","@graph":[{"@type":"WebPage","@id":"https:\/\/help.jamk.fi\/ohjelmistotjalaitteet\/fi\/tyoskentelya-tukevat-jarjestelmat\/windows-11-ohjeet-ja-vinkit\/","url":"https:\/\/help.jamk.fi\/ohjelmistotjalaitteet\/fi\/tyoskentelya-tukevat-jarjestelmat\/windows-11-ohjeet-ja-vinkit\/","name":"Windows 11 - ohjeet ja vinkit - Ohjelmistot ja laitteet","isPartOf":{"@id":"https:\/\/help.jamk.fi\/ohjelmistotjalaitteet\/#website"},"datePublished":"2024-08-13T12:55:33+00:00","dateModified":"2025-02-19T08:41:08+00:00","breadcrumb":{"@id":"https:\/\/help.jamk.fi\/ohjelmistotjalaitteet\/fi\/tyoskentelya-tukevat-jarjestelmat\/windows-11-ohjeet-ja-vinkit\/#breadcrumb"},"inLanguage":"fi","potentialAction":[{"@type":"ReadAction","target":["https:\/\/help.jamk.fi\/ohjelmistotjalaitteet\/fi\/tyoskentelya-tukevat-jarjestelmat\/windows-11-ohjeet-ja-vinkit\/"]}]},{"@type":"BreadcrumbList","@id":"https:\/\/help.jamk.fi\/ohjelmistotjalaitteet\/fi\/tyoskentelya-tukevat-jarjestelmat\/windows-11-ohjeet-ja-vinkit\/#breadcrumb","itemListElement":[{"@type":"ListItem","position":1,"name":"Home","item":"https:\/\/help.jamk.fi\/ohjelmistotjalaitteet\/fi\/"},{"@type":"ListItem","position":2,"name":"J\u00e4rjestelm\u00e4t ja ohjelmistot","item":"https:\/\/help.jamk.fi\/ohjelmistotjalaitteet\/fi\/tyoskentelya-tukevat-jarjestelmat\/"},{"@type":"ListItem","position":3,"name":"Windows 11 &#8211; ohjeet ja vinkit"}]},{"@type":"WebSite","@id":"https:\/\/help.jamk.fi\/ohjelmistotjalaitteet\/#website","url":"https:\/\/help.jamk.fi\/ohjelmistotjalaitteet\/","name":"Ohjelmistot ja laitteet","description":"","potentialAction":[{"@type":"SearchAction","target":{"@type":"EntryPoint","urlTemplate":"https:\/\/help.jamk.fi\/ohjelmistotjalaitteet\/?s={search_term_string}"},"query-input":{"@type":"PropertyValueSpecification","valueRequired":true,"valueName":"search_term_string"}}],"inLanguage":"fi"}]}},"_links":{"self":[{"href":"https:\/\/help.jamk.fi\/ohjelmistotjalaitteet\/wp-json\/wp\/v2\/pages\/798","targetHints":{"allow":["GET"]}}],"collection":[{"href":"https:\/\/help.jamk.fi\/ohjelmistotjalaitteet\/wp-json\/wp\/v2\/pages"}],"about":[{"href":"https:\/\/help.jamk.fi\/ohjelmistotjalaitteet\/wp-json\/wp\/v2\/types\/page"}],"author":[{"embeddable":true,"href":"https:\/\/help.jamk.fi\/ohjelmistotjalaitteet\/wp-json\/wp\/v2\/users\/66"}],"replies":[{"embeddable":true,"href":"https:\/\/help.jamk.fi\/ohjelmistotjalaitteet\/wp-json\/wp\/v2\/comments?post=798"}],"version-history":[{"count":5,"href":"https:\/\/help.jamk.fi\/ohjelmistotjalaitteet\/wp-json\/wp\/v2\/pages\/798\/revisions"}],"predecessor-version":[{"id":918,"href":"https:\/\/help.jamk.fi\/ohjelmistotjalaitteet\/wp-json\/wp\/v2\/pages\/798\/revisions\/918"}],"up":[{"embeddable":true,"href":"https:\/\/help.jamk.fi\/ohjelmistotjalaitteet\/wp-json\/wp\/v2\/pages\/6"}],"wp:attachment":[{"href":"https:\/\/help.jamk.fi\/ohjelmistotjalaitteet\/wp-json\/wp\/v2\/media?parent=798"}],"wp:term":[{"taxonomy":"category","embeddable":true,"href":"https:\/\/help.jamk.fi\/ohjelmistotjalaitteet\/wp-json\/wp\/v2\/categories?post=798"},{"taxonomy":"post_tag","embeddable":true,"href":"https:\/\/help.jamk.fi\/ohjelmistotjalaitteet\/wp-json\/wp\/v2\/tags?post=798"}],"curies":[{"name":"wp","href":"https:\/\/api.w.org\/{rel}","templated":true}]}}