{"id":122,"date":"2017-05-03T10:37:11","date_gmt":"2017-05-03T07:37:11","guid":{"rendered":"https:\/\/help.jamk.fi\/open-badge\/?page_id=122"},"modified":"2024-01-24T13:46:38","modified_gmt":"2024-01-24T11:46:38","slug":"merkin-myontaminen","status":"publish","type":"page","link":"https:\/\/help.jamk.fi\/openbadge\/fi\/suunnittelijan-ja-myontajan-ohjeet\/merkin-myontaminen\/","title":{"rendered":"Merkin my\u00f6nt\u00e4minen"},"content":{"rendered":"<div class=\"wp-block-image\">\n<figure class=\"aligncenter\"><img decoding=\"async\" src=\"https:\/\/help.jamk.fi\/openbadge\/wp-content\/uploads\/sites\/60\/2023\/09\/badge_myontaja.png\" alt=\"\" class=\"wp-image-56\"\/><\/figure>\n<\/div>\n\n\n<p>Kun olet saanut merkin suunnittelijan tai my\u00f6nt\u00e4j\u00e4n oikeudet <a href=\"https:\/\/openbadgefactory.com\/\">Open Badge Factory<\/a> -palveluun, saat linkin s\u00e4hk\u00f6postiisi.<\/p>\n\n\n\n<p>Palvelun yl\u00e4palkissa n\u00e4kyy valikoita sen mukaan, millaiset oikeudet sinulla on. Kun haluat my\u00f6nt\u00e4\u00e4 merkin, mene My\u00f6nt\u00e4j\u00e4n ty\u00f6kalut -kohtaan (My\u00f6nn\u00e4 merkki -osa aukeaa automaattisesti) ja toimi seuraavasti:<\/p>\n\n\n\n<ul class=\"wp-block-list\">\n<li>Valitse klikkaamalla merkki, jonka my\u00f6nn\u00e4t.<\/li>\n\n\n\n<li><strong>Merkin esikatselu<\/strong>: n\u00e4et merkin perustiedot sek\u00e4 kriteerit.<\/li>\n\n\n\n<li><strong>Aseta merkin tiedot<\/strong>: voit muuttaa my\u00f6nt\u00e4misp\u00e4iv\u00e4\u00e4 ja asettaa er\u00e4\u00e4ntymisp\u00e4iv\u00e4n. Er\u00e4\u00e4ntymisp\u00e4iv\u00e4 ei yleens\u00e4 ole tarpeellinen, mutta jos merkki kertoo osaamisesta, jota tulisi p\u00e4ivitt\u00e4\u00e4 s\u00e4\u00e4nn\u00f6llisesti, er\u00e4\u00e4ntymisp\u00e4iv\u00e4n voi toki laittaa.<\/li>\n\n\n\n<li><strong>Valitse vastaanottajat<\/strong>: liit\u00e4 vastaanottajien s\u00e4hk\u00f6postiosoitteet allekkain kentt\u00e4\u00e4n.<\/li>\n\n\n\n<li><strong>Muokkaa viesti\u00e4<\/strong>: voit muokata alkuper\u00e4ist\u00e4 s\u00e4hk\u00f6postiviestipohjaa tarvittaessa.<\/li>\n\n\n\n<li><strong>Vahvista ja my\u00f6nn\u00e4<\/strong>: muokkaa my\u00f6nt\u00e4miskerran nime\u00e4 niin, ett\u00e4 lis\u00e4\u00e4t merkin nimen per\u00e4\u00e4n p\u00e4iv\u00e4m\u00e4\u00e4r\u00e4n tai my\u00f6nt\u00e4miskerran numeron. N\u00e4in my\u00f6nt\u00e4miskerrat eroavat raporteissa toisistaan.&nbsp;Klikkaa lopuksi My\u00f6nn\u00e4 merkki -painiketta sivun alareunasta.<\/li>\n<\/ul>\n","protected":false},"excerpt":{"rendered":"<p>Kun olet saanut merkin suunnittelijan tai my\u00f6nt\u00e4j\u00e4n oikeudet Open Badge Factory -palveluun, saat linkin s\u00e4hk\u00f6postiisi. Palvelun yl\u00e4palkissa n\u00e4kyy valikoita sen mukaan, millaiset oikeudet sinulla on. Kun haluat my\u00f6nt\u00e4\u00e4 merkin, mene My\u00f6nt\u00e4j\u00e4n ty\u00f6kalut -kohtaan (My\u00f6nn\u00e4 merkki -osa aukeaa automaattisesti) ja toimi seuraavasti:<\/p>\n","protected":false},"author":74,"featured_media":0,"parent":291,"menu_order":2,"comment_status":"closed","ping_status":"closed","template":"","meta":{"_acf_changed":false,"_relevanssi_hide_post":"","_relevanssi_hide_content":"","_relevanssi_pin_for_all":"","_relevanssi_pin_keywords":"","_relevanssi_unpin_keywords":"","_relevanssi_related_keywords":"","_relevanssi_related_include_ids":"","_relevanssi_related_exclude_ids":"","_relevanssi_related_no_append":"","_relevanssi_related_not_related":"","_relevanssi_related_posts":"","_relevanssi_noindex_reason":"","footnotes":""},"categories":[],"tags":[75,60,77,79],"class_list":["post-122","page","type-page","status-publish","hentry","tag-merkkihakemukset","tag-myontaminen","tag-open-badge","tag-osaamismerkki"],"acf":[],"yoast_head":"<!-- This site is optimized with the Yoast SEO plugin v27.4 - https:\/\/yoast.com\/product\/yoast-seo-wordpress\/ -->\n<title>Merkin my\u00f6nt\u00e4minen - Open badge -osaamismerkit<\/title>\n<meta name=\"robots\" content=\"index, follow, max-snippet:-1, max-image-preview:large, max-video-preview:-1\" \/>\n<link rel=\"canonical\" href=\"https:\/\/help.jamk.fi\/openbadge\/fi\/suunnittelijan-ja-myontajan-ohjeet\/merkin-myontaminen\/\" \/>\n<meta property=\"og:locale\" content=\"fi_FI\" \/>\n<meta property=\"og:type\" content=\"article\" \/>\n<meta property=\"og:title\" content=\"Merkin my\u00f6nt\u00e4minen - Open badge -osaamismerkit\" \/>\n<meta property=\"og:description\" content=\"Kun olet saanut merkin suunnittelijan tai my\u00f6nt\u00e4j\u00e4n oikeudet Open Badge Factory -palveluun, saat linkin s\u00e4hk\u00f6postiisi. Palvelun yl\u00e4palkissa n\u00e4kyy valikoita sen mukaan, millaiset oikeudet sinulla on. Kun haluat my\u00f6nt\u00e4\u00e4 merkin, mene My\u00f6nt\u00e4j\u00e4n ty\u00f6kalut -kohtaan (My\u00f6nn\u00e4 merkki -osa aukeaa automaattisesti) ja toimi seuraavasti:\" \/>\n<meta property=\"og:url\" content=\"https:\/\/help.jamk.fi\/openbadge\/fi\/suunnittelijan-ja-myontajan-ohjeet\/merkin-myontaminen\/\" \/>\n<meta property=\"og:site_name\" content=\"Open badge -osaamismerkit\" \/>\n<meta property=\"article:modified_time\" content=\"2024-01-24T11:46:38+00:00\" \/>\n<meta property=\"og:image\" content=\"https:\/\/help.jamk.fi\/openbadge\/wp-content\/uploads\/sites\/60\/2023\/09\/badge_myontaja.png\" \/>\n<meta name=\"twitter:card\" content=\"summary_large_image\" \/>\n<script type=\"application\/ld+json\" class=\"yoast-schema-graph\">{\"@context\":\"https:\\\/\\\/schema.org\",\"@graph\":[{\"@type\":\"WebPage\",\"@id\":\"https:\\\/\\\/help.jamk.fi\\\/openbadge\\\/fi\\\/suunnittelijan-ja-myontajan-ohjeet\\\/merkin-myontaminen\\\/\",\"url\":\"https:\\\/\\\/help.jamk.fi\\\/openbadge\\\/fi\\\/suunnittelijan-ja-myontajan-ohjeet\\\/merkin-myontaminen\\\/\",\"name\":\"Merkin my\u00f6nt\u00e4minen - Open badge -osaamismerkit\",\"isPartOf\":{\"@id\":\"https:\\\/\\\/help.jamk.fi\\\/openbadge\\\/#website\"},\"primaryImageOfPage\":{\"@id\":\"https:\\\/\\\/help.jamk.fi\\\/openbadge\\\/fi\\\/suunnittelijan-ja-myontajan-ohjeet\\\/merkin-myontaminen\\\/#primaryimage\"},\"image\":{\"@id\":\"https:\\\/\\\/help.jamk.fi\\\/openbadge\\\/fi\\\/suunnittelijan-ja-myontajan-ohjeet\\\/merkin-myontaminen\\\/#primaryimage\"},\"thumbnailUrl\":\"https:\\\/\\\/help.jamk.fi\\\/openbadge\\\/wp-content\\\/uploads\\\/sites\\\/60\\\/2023\\\/09\\\/badge_myontaja.png\",\"datePublished\":\"2017-05-03T07:37:11+00:00\",\"dateModified\":\"2024-01-24T11:46:38+00:00\",\"breadcrumb\":{\"@id\":\"https:\\\/\\\/help.jamk.fi\\\/openbadge\\\/fi\\\/suunnittelijan-ja-myontajan-ohjeet\\\/merkin-myontaminen\\\/#breadcrumb\"},\"inLanguage\":\"fi\",\"potentialAction\":[{\"@type\":\"ReadAction\",\"target\":[\"https:\\\/\\\/help.jamk.fi\\\/openbadge\\\/fi\\\/suunnittelijan-ja-myontajan-ohjeet\\\/merkin-myontaminen\\\/\"]}]},{\"@type\":\"ImageObject\",\"inLanguage\":\"fi\",\"@id\":\"https:\\\/\\\/help.jamk.fi\\\/openbadge\\\/fi\\\/suunnittelijan-ja-myontajan-ohjeet\\\/merkin-myontaminen\\\/#primaryimage\",\"url\":\"https:\\\/\\\/help.jamk.fi\\\/openbadge\\\/wp-content\\\/uploads\\\/sites\\\/60\\\/2023\\\/09\\\/badge_myontaja.png\",\"contentUrl\":\"https:\\\/\\\/help.jamk.fi\\\/openbadge\\\/wp-content\\\/uploads\\\/sites\\\/60\\\/2023\\\/09\\\/badge_myontaja.png\"},{\"@type\":\"BreadcrumbList\",\"@id\":\"https:\\\/\\\/help.jamk.fi\\\/openbadge\\\/fi\\\/suunnittelijan-ja-myontajan-ohjeet\\\/merkin-myontaminen\\\/#breadcrumb\",\"itemListElement\":[{\"@type\":\"ListItem\",\"position\":1,\"name\":\"Etusivu\",\"item\":\"https:\\\/\\\/help.jamk.fi\\\/openbadge\\\/fi\\\/\"},{\"@type\":\"ListItem\",\"position\":2,\"name\":\"Suunnittelijan ja my\u00f6nt\u00e4j\u00e4n ohjeet\",\"item\":\"https:\\\/\\\/help.jamk.fi\\\/openbadge\\\/fi\\\/suunnittelijan-ja-myontajan-ohjeet\\\/\"},{\"@type\":\"ListItem\",\"position\":3,\"name\":\"Merkin my\u00f6nt\u00e4minen\"}]},{\"@type\":\"WebSite\",\"@id\":\"https:\\\/\\\/help.jamk.fi\\\/openbadge\\\/#website\",\"url\":\"https:\\\/\\\/help.jamk.fi\\\/openbadge\\\/\",\"name\":\"Open badge -osaamismerkit\",\"description\":\"Digitaaliset osaamismerkit Jamkissa\",\"potentialAction\":[{\"@type\":\"SearchAction\",\"target\":{\"@type\":\"EntryPoint\",\"urlTemplate\":\"https:\\\/\\\/help.jamk.fi\\\/openbadge\\\/?s={search_term_string}\"},\"query-input\":{\"@type\":\"PropertyValueSpecification\",\"valueRequired\":true,\"valueName\":\"search_term_string\"}}],\"inLanguage\":\"fi\"}]}<\/script>\n<!-- \/ Yoast SEO plugin. -->","yoast_head_json":{"title":"Merkin my\u00f6nt\u00e4minen - Open badge -osaamismerkit","robots":{"index":"index","follow":"follow","max-snippet":"max-snippet:-1","max-image-preview":"max-image-preview:large","max-video-preview":"max-video-preview:-1"},"canonical":"https:\/\/help.jamk.fi\/openbadge\/fi\/suunnittelijan-ja-myontajan-ohjeet\/merkin-myontaminen\/","og_locale":"fi_FI","og_type":"article","og_title":"Merkin my\u00f6nt\u00e4minen - Open badge -osaamismerkit","og_description":"Kun olet saanut merkin suunnittelijan tai my\u00f6nt\u00e4j\u00e4n oikeudet Open Badge Factory -palveluun, saat linkin s\u00e4hk\u00f6postiisi. Palvelun yl\u00e4palkissa n\u00e4kyy valikoita sen mukaan, millaiset oikeudet sinulla on. Kun haluat my\u00f6nt\u00e4\u00e4 merkin, mene My\u00f6nt\u00e4j\u00e4n ty\u00f6kalut -kohtaan (My\u00f6nn\u00e4 merkki -osa aukeaa automaattisesti) ja toimi seuraavasti:","og_url":"https:\/\/help.jamk.fi\/openbadge\/fi\/suunnittelijan-ja-myontajan-ohjeet\/merkin-myontaminen\/","og_site_name":"Open badge -osaamismerkit","article_modified_time":"2024-01-24T11:46:38+00:00","og_image":[{"url":"https:\/\/help.jamk.fi\/openbadge\/wp-content\/uploads\/sites\/60\/2023\/09\/badge_myontaja.png","type":"","width":"","height":""}],"twitter_card":"summary_large_image","schema":{"@context":"https:\/\/schema.org","@graph":[{"@type":"WebPage","@id":"https:\/\/help.jamk.fi\/openbadge\/fi\/suunnittelijan-ja-myontajan-ohjeet\/merkin-myontaminen\/","url":"https:\/\/help.jamk.fi\/openbadge\/fi\/suunnittelijan-ja-myontajan-ohjeet\/merkin-myontaminen\/","name":"Merkin my\u00f6nt\u00e4minen - Open badge -osaamismerkit","isPartOf":{"@id":"https:\/\/help.jamk.fi\/openbadge\/#website"},"primaryImageOfPage":{"@id":"https:\/\/help.jamk.fi\/openbadge\/fi\/suunnittelijan-ja-myontajan-ohjeet\/merkin-myontaminen\/#primaryimage"},"image":{"@id":"https:\/\/help.jamk.fi\/openbadge\/fi\/suunnittelijan-ja-myontajan-ohjeet\/merkin-myontaminen\/#primaryimage"},"thumbnailUrl":"https:\/\/help.jamk.fi\/openbadge\/wp-content\/uploads\/sites\/60\/2023\/09\/badge_myontaja.png","datePublished":"2017-05-03T07:37:11+00:00","dateModified":"2024-01-24T11:46:38+00:00","breadcrumb":{"@id":"https:\/\/help.jamk.fi\/openbadge\/fi\/suunnittelijan-ja-myontajan-ohjeet\/merkin-myontaminen\/#breadcrumb"},"inLanguage":"fi","potentialAction":[{"@type":"ReadAction","target":["https:\/\/help.jamk.fi\/openbadge\/fi\/suunnittelijan-ja-myontajan-ohjeet\/merkin-myontaminen\/"]}]},{"@type":"ImageObject","inLanguage":"fi","@id":"https:\/\/help.jamk.fi\/openbadge\/fi\/suunnittelijan-ja-myontajan-ohjeet\/merkin-myontaminen\/#primaryimage","url":"https:\/\/help.jamk.fi\/openbadge\/wp-content\/uploads\/sites\/60\/2023\/09\/badge_myontaja.png","contentUrl":"https:\/\/help.jamk.fi\/openbadge\/wp-content\/uploads\/sites\/60\/2023\/09\/badge_myontaja.png"},{"@type":"BreadcrumbList","@id":"https:\/\/help.jamk.fi\/openbadge\/fi\/suunnittelijan-ja-myontajan-ohjeet\/merkin-myontaminen\/#breadcrumb","itemListElement":[{"@type":"ListItem","position":1,"name":"Etusivu","item":"https:\/\/help.jamk.fi\/openbadge\/fi\/"},{"@type":"ListItem","position":2,"name":"Suunnittelijan ja my\u00f6nt\u00e4j\u00e4n ohjeet","item":"https:\/\/help.jamk.fi\/openbadge\/fi\/suunnittelijan-ja-myontajan-ohjeet\/"},{"@type":"ListItem","position":3,"name":"Merkin my\u00f6nt\u00e4minen"}]},{"@type":"WebSite","@id":"https:\/\/help.jamk.fi\/openbadge\/#website","url":"https:\/\/help.jamk.fi\/openbadge\/","name":"Open badge -osaamismerkit","description":"Digitaaliset osaamismerkit Jamkissa","potentialAction":[{"@type":"SearchAction","target":{"@type":"EntryPoint","urlTemplate":"https:\/\/help.jamk.fi\/openbadge\/?s={search_term_string}"},"query-input":{"@type":"PropertyValueSpecification","valueRequired":true,"valueName":"search_term_string"}}],"inLanguage":"fi"}]}},"_links":{"self":[{"href":"https:\/\/help.jamk.fi\/openbadge\/wp-json\/wp\/v2\/pages\/122","targetHints":{"allow":["GET"]}}],"collection":[{"href":"https:\/\/help.jamk.fi\/openbadge\/wp-json\/wp\/v2\/pages"}],"about":[{"href":"https:\/\/help.jamk.fi\/openbadge\/wp-json\/wp\/v2\/types\/page"}],"author":[{"embeddable":true,"href":"https:\/\/help.jamk.fi\/openbadge\/wp-json\/wp\/v2\/users\/74"}],"replies":[{"embeddable":true,"href":"https:\/\/help.jamk.fi\/openbadge\/wp-json\/wp\/v2\/comments?post=122"}],"version-history":[{"count":7,"href":"https:\/\/help.jamk.fi\/openbadge\/wp-json\/wp\/v2\/pages\/122\/revisions"}],"predecessor-version":[{"id":380,"href":"https:\/\/help.jamk.fi\/openbadge\/wp-json\/wp\/v2\/pages\/122\/revisions\/380"}],"up":[{"embeddable":true,"href":"https:\/\/help.jamk.fi\/openbadge\/wp-json\/wp\/v2\/pages\/291"}],"wp:attachment":[{"href":"https:\/\/help.jamk.fi\/openbadge\/wp-json\/wp\/v2\/media?parent=122"}],"wp:term":[{"taxonomy":"category","embeddable":true,"href":"https:\/\/help.jamk.fi\/openbadge\/wp-json\/wp\/v2\/categories?post=122"},{"taxonomy":"post_tag","embeddable":true,"href":"https:\/\/help.jamk.fi\/openbadge\/wp-json\/wp\/v2\/tags?post=122"}],"curies":[{"name":"wp","href":"https:\/\/api.w.org\/{rel}","templated":true}]}}