{"id":291,"date":"2023-11-14T10:21:10","date_gmt":"2023-11-14T08:21:10","guid":{"rendered":"https:\/\/help.jamk.fi\/openbadge\/?page_id=291"},"modified":"2025-03-26T13:21:49","modified_gmt":"2025-03-26T11:21:49","slug":"suunnittelijan-ja-myontajan-ohjeet","status":"publish","type":"page","link":"https:\/\/help.jamk.fi\/openbadge\/fi\/suunnittelijan-ja-myontajan-ohjeet\/","title":{"rendered":"Suunnittelijan ja my\u00f6nt\u00e4j\u00e4n ohjeet"},"content":{"rendered":"\n<p>Jyv\u00e4skyl\u00e4n ammattikorkeakoulun henkil\u00f6st\u00f6n j\u00e4sen voi suunnitella ja my\u00f6nt\u00e4\u00e4 Jamkin open badge -osaamismerkkej\u00e4. T\u00e4\u00e4lt\u00e4 l\u00f6yd\u00e4t ohjeita merkkien tekoon ja my\u00f6nt\u00e4miseen sek\u00e4 sovellusten k\u00e4ytt\u00f6\u00f6n. <\/p>\n\n\n<div id=\"link-lifts-block_1e9f43b9a7efe0e7ca22545c20b3876c\" class=\"link-lifts block-link-lifts\">\n  <div class=\"row\">\n            <div class=\"col-12 col-lg-4 block-link-lifts__column\">\n          <div class=\"block-link-lifts__item pink\">\n            <h3 class=\"block-link-lifts__item--heading\">Suunnittelijan ja my\u00f6nt\u00e4j\u00e4n ohjeet<\/h3>\n                          <ul class=\"block-link-lifts__item--link-list\">\n                                                                        <li>\n                                              <a class=\"link-list\" href=\"https:\/\/help.jamk.fi\/openbadge\/fi\/suunnittelijan-ja-myontajan-ohjeet\/suunnittelu-ja-hallinnointi\/\" target=\"_self\">Suunnittelu ja hallinnointi<\/a>\n                                          <\/li>\n                                                                                                    <\/ul>\n            \n          <\/div>\n        <\/div>\n            <div class=\"col-12 col-lg-4 block-link-lifts__column\">\n          <div class=\"block-link-lifts__item pink\">\n            <h3 class=\"block-link-lifts__item--heading\">Ohjeita olemassa olevien osaamismerkkien my\u00f6nt\u00e4miseen:<\/h3>\n                          <ul class=\"block-link-lifts__item--link-list\">\n                                                                        <li>\n                                              <a class=\"link-list\" href=\"https:\/\/help.jamk.fi\/openbadge\/fi\/sample-page\/suunnittelijan-ja-myontajan-ohjeet\/merkin-myontaminen\/\" target=\"_self\">Merkin my\u00f6nt\u00e4minen<\/a>\n                                          <\/li>\n                                                                                          <li>\n                                              <a class=\"link-list\" href=\"https:\/\/help.jamk.fi\/openbadge\/fi\/suunnittelijan-ja-myontajan-ohjeet\/moodle\/\" target=\"_self\">Merkin my\u00f6nt\u00e4minen Moodlessa<\/a>\n                                          <\/li>\n                                                <\/ul>\n            \n          <\/div>\n        <\/div>\n      <\/div>\n<\/div>","protected":false},"excerpt":{"rendered":"<p>Jyv\u00e4skyl\u00e4n ammattikorkeakoulun henkil\u00f6st\u00f6n j\u00e4sen voi suunnitella ja my\u00f6nt\u00e4\u00e4 Jamkin open badge -osaamismerkkej\u00e4. T\u00e4\u00e4lt\u00e4 l\u00f6yd\u00e4t ohjeita merkkien tekoon ja my\u00f6nt\u00e4miseen sek\u00e4 sovellusten k\u00e4ytt\u00f6\u00f6n.<\/p>\n","protected":false},"author":74,"featured_media":0,"parent":0,"menu_order":1,"comment_status":"closed","ping_status":"closed","template":"","meta":{"_acf_changed":false,"_relevanssi_hide_post":"","_relevanssi_hide_content":"","_relevanssi_pin_for_all":"","_relevanssi_pin_keywords":"","_relevanssi_unpin_keywords":"","_relevanssi_related_keywords":"","_relevanssi_related_include_ids":"","_relevanssi_related_exclude_ids":"","_relevanssi_related_no_append":"","_relevanssi_related_not_related":"","_relevanssi_related_posts":"","_relevanssi_noindex_reason":"","footnotes":""},"categories":[],"tags":[60,77,79,67],"class_list":["post-291","page","type-page","status-publish","hentry","tag-myontaminen","tag-open-badge","tag-osaamismerkki","tag-suunnittelu"],"acf":[],"yoast_head":"<!-- This site is optimized with the Yoast SEO plugin v27.4 - https:\/\/yoast.com\/product\/yoast-seo-wordpress\/ -->\n<title>Suunnittelijan ja my\u00f6nt\u00e4j\u00e4n ohjeet - Open badge -osaamismerkit<\/title>\n<meta name=\"robots\" content=\"index, follow, max-snippet:-1, max-image-preview:large, max-video-preview:-1\" \/>\n<link rel=\"canonical\" href=\"https:\/\/help.jamk.fi\/openbadge\/fi\/suunnittelijan-ja-myontajan-ohjeet\/\" \/>\n<meta property=\"og:locale\" content=\"fi_FI\" \/>\n<meta property=\"og:type\" content=\"article\" \/>\n<meta property=\"og:title\" content=\"Suunnittelijan ja my\u00f6nt\u00e4j\u00e4n ohjeet - Open badge -osaamismerkit\" \/>\n<meta property=\"og:description\" content=\"Jyv\u00e4skyl\u00e4n ammattikorkeakoulun henkil\u00f6st\u00f6n j\u00e4sen voi suunnitella ja my\u00f6nt\u00e4\u00e4 Jamkin open badge -osaamismerkkej\u00e4. T\u00e4\u00e4lt\u00e4 l\u00f6yd\u00e4t ohjeita merkkien tekoon ja my\u00f6nt\u00e4miseen sek\u00e4 sovellusten k\u00e4ytt\u00f6\u00f6n.\" \/>\n<meta property=\"og:url\" content=\"https:\/\/help.jamk.fi\/openbadge\/fi\/suunnittelijan-ja-myontajan-ohjeet\/\" \/>\n<meta property=\"og:site_name\" content=\"Open badge -osaamismerkit\" \/>\n<meta property=\"article:modified_time\" content=\"2025-03-26T11:21:49+00:00\" \/>\n<meta name=\"twitter:card\" content=\"summary_large_image\" \/>\n<meta name=\"twitter:label1\" content=\"Arvioitu lukuaika\" \/>\n\t<meta name=\"twitter:data1\" content=\"1 minuutti\" \/>\n<script type=\"application\/ld+json\" class=\"yoast-schema-graph\">{\"@context\":\"https:\\\/\\\/schema.org\",\"@graph\":[{\"@type\":\"WebPage\",\"@id\":\"https:\\\/\\\/help.jamk.fi\\\/openbadge\\\/fi\\\/suunnittelijan-ja-myontajan-ohjeet\\\/\",\"url\":\"https:\\\/\\\/help.jamk.fi\\\/openbadge\\\/fi\\\/suunnittelijan-ja-myontajan-ohjeet\\\/\",\"name\":\"Suunnittelijan ja my\u00f6nt\u00e4j\u00e4n ohjeet - Open badge -osaamismerkit\",\"isPartOf\":{\"@id\":\"https:\\\/\\\/help.jamk.fi\\\/openbadge\\\/#website\"},\"datePublished\":\"2023-11-14T08:21:10+00:00\",\"dateModified\":\"2025-03-26T11:21:49+00:00\",\"breadcrumb\":{\"@id\":\"https:\\\/\\\/help.jamk.fi\\\/openbadge\\\/fi\\\/suunnittelijan-ja-myontajan-ohjeet\\\/#breadcrumb\"},\"inLanguage\":\"fi\",\"potentialAction\":[{\"@type\":\"ReadAction\",\"target\":[\"https:\\\/\\\/help.jamk.fi\\\/openbadge\\\/fi\\\/suunnittelijan-ja-myontajan-ohjeet\\\/\"]}]},{\"@type\":\"BreadcrumbList\",\"@id\":\"https:\\\/\\\/help.jamk.fi\\\/openbadge\\\/fi\\\/suunnittelijan-ja-myontajan-ohjeet\\\/#breadcrumb\",\"itemListElement\":[{\"@type\":\"ListItem\",\"position\":1,\"name\":\"Etusivu\",\"item\":\"https:\\\/\\\/help.jamk.fi\\\/openbadge\\\/fi\\\/\"},{\"@type\":\"ListItem\",\"position\":2,\"name\":\"Suunnittelijan ja my\u00f6nt\u00e4j\u00e4n ohjeet\"}]},{\"@type\":\"WebSite\",\"@id\":\"https:\\\/\\\/help.jamk.fi\\\/openbadge\\\/#website\",\"url\":\"https:\\\/\\\/help.jamk.fi\\\/openbadge\\\/\",\"name\":\"Open badge -osaamismerkit\",\"description\":\"Digitaaliset osaamismerkit Jamkissa\",\"potentialAction\":[{\"@type\":\"SearchAction\",\"target\":{\"@type\":\"EntryPoint\",\"urlTemplate\":\"https:\\\/\\\/help.jamk.fi\\\/openbadge\\\/?s={search_term_string}\"},\"query-input\":{\"@type\":\"PropertyValueSpecification\",\"valueRequired\":true,\"valueName\":\"search_term_string\"}}],\"inLanguage\":\"fi\"}]}<\/script>\n<!-- \/ Yoast SEO plugin. -->","yoast_head_json":{"title":"Suunnittelijan ja my\u00f6nt\u00e4j\u00e4n ohjeet - Open badge -osaamismerkit","robots":{"index":"index","follow":"follow","max-snippet":"max-snippet:-1","max-image-preview":"max-image-preview:large","max-video-preview":"max-video-preview:-1"},"canonical":"https:\/\/help.jamk.fi\/openbadge\/fi\/suunnittelijan-ja-myontajan-ohjeet\/","og_locale":"fi_FI","og_type":"article","og_title":"Suunnittelijan ja my\u00f6nt\u00e4j\u00e4n ohjeet - Open badge -osaamismerkit","og_description":"Jyv\u00e4skyl\u00e4n ammattikorkeakoulun henkil\u00f6st\u00f6n j\u00e4sen voi suunnitella ja my\u00f6nt\u00e4\u00e4 Jamkin open badge -osaamismerkkej\u00e4. T\u00e4\u00e4lt\u00e4 l\u00f6yd\u00e4t ohjeita merkkien tekoon ja my\u00f6nt\u00e4miseen sek\u00e4 sovellusten k\u00e4ytt\u00f6\u00f6n.","og_url":"https:\/\/help.jamk.fi\/openbadge\/fi\/suunnittelijan-ja-myontajan-ohjeet\/","og_site_name":"Open badge -osaamismerkit","article_modified_time":"2025-03-26T11:21:49+00:00","twitter_card":"summary_large_image","twitter_misc":{"Arvioitu lukuaika":"1 minuutti"},"schema":{"@context":"https:\/\/schema.org","@graph":[{"@type":"WebPage","@id":"https:\/\/help.jamk.fi\/openbadge\/fi\/suunnittelijan-ja-myontajan-ohjeet\/","url":"https:\/\/help.jamk.fi\/openbadge\/fi\/suunnittelijan-ja-myontajan-ohjeet\/","name":"Suunnittelijan ja my\u00f6nt\u00e4j\u00e4n ohjeet - Open badge -osaamismerkit","isPartOf":{"@id":"https:\/\/help.jamk.fi\/openbadge\/#website"},"datePublished":"2023-11-14T08:21:10+00:00","dateModified":"2025-03-26T11:21:49+00:00","breadcrumb":{"@id":"https:\/\/help.jamk.fi\/openbadge\/fi\/suunnittelijan-ja-myontajan-ohjeet\/#breadcrumb"},"inLanguage":"fi","potentialAction":[{"@type":"ReadAction","target":["https:\/\/help.jamk.fi\/openbadge\/fi\/suunnittelijan-ja-myontajan-ohjeet\/"]}]},{"@type":"BreadcrumbList","@id":"https:\/\/help.jamk.fi\/openbadge\/fi\/suunnittelijan-ja-myontajan-ohjeet\/#breadcrumb","itemListElement":[{"@type":"ListItem","position":1,"name":"Etusivu","item":"https:\/\/help.jamk.fi\/openbadge\/fi\/"},{"@type":"ListItem","position":2,"name":"Suunnittelijan ja my\u00f6nt\u00e4j\u00e4n ohjeet"}]},{"@type":"WebSite","@id":"https:\/\/help.jamk.fi\/openbadge\/#website","url":"https:\/\/help.jamk.fi\/openbadge\/","name":"Open badge -osaamismerkit","description":"Digitaaliset osaamismerkit Jamkissa","potentialAction":[{"@type":"SearchAction","target":{"@type":"EntryPoint","urlTemplate":"https:\/\/help.jamk.fi\/openbadge\/?s={search_term_string}"},"query-input":{"@type":"PropertyValueSpecification","valueRequired":true,"valueName":"search_term_string"}}],"inLanguage":"fi"}]}},"_links":{"self":[{"href":"https:\/\/help.jamk.fi\/openbadge\/wp-json\/wp\/v2\/pages\/291","targetHints":{"allow":["GET"]}}],"collection":[{"href":"https:\/\/help.jamk.fi\/openbadge\/wp-json\/wp\/v2\/pages"}],"about":[{"href":"https:\/\/help.jamk.fi\/openbadge\/wp-json\/wp\/v2\/types\/page"}],"author":[{"embeddable":true,"href":"https:\/\/help.jamk.fi\/openbadge\/wp-json\/wp\/v2\/users\/74"}],"replies":[{"embeddable":true,"href":"https:\/\/help.jamk.fi\/openbadge\/wp-json\/wp\/v2\/comments?post=291"}],"version-history":[{"count":14,"href":"https:\/\/help.jamk.fi\/openbadge\/wp-json\/wp\/v2\/pages\/291\/revisions"}],"predecessor-version":[{"id":450,"href":"https:\/\/help.jamk.fi\/openbadge\/wp-json\/wp\/v2\/pages\/291\/revisions\/450"}],"wp:attachment":[{"href":"https:\/\/help.jamk.fi\/openbadge\/wp-json\/wp\/v2\/media?parent=291"}],"wp:term":[{"taxonomy":"category","embeddable":true,"href":"https:\/\/help.jamk.fi\/openbadge\/wp-json\/wp\/v2\/categories?post=291"},{"taxonomy":"post_tag","embeddable":true,"href":"https:\/\/help.jamk.fi\/openbadge\/wp-json\/wp\/v2\/tags?post=291"}],"curies":[{"name":"wp","href":"https:\/\/api.w.org\/{rel}","templated":true}]}}