{"id":294,"date":"2023-11-14T10:26:00","date_gmt":"2023-11-14T08:26:00","guid":{"rendered":"https:\/\/help.jamk.fi\/openbadge\/?page_id=294"},"modified":"2024-03-19T09:56:51","modified_gmt":"2024-03-19T07:56:51","slug":"vastaanottajan-ohjeet","status":"publish","type":"page","link":"https:\/\/help.jamk.fi\/openbadge\/fi\/vastaanottajan-ohjeet\/","title":{"rendered":"Vastaanottajan ohjeet"},"content":{"rendered":"\n<p>Osaamismerkkej\u00e4 voi saada joko hakemalla niit\u00e4 tai osallistumalla koulutukseen tai tilaisuuteen, jonka todisteena osaamismerkki toimii. T\u00e4\u00e4lt\u00e4 l\u00f6yd\u00e4t ohjeita merkkien vastaanottamiseen, varastointiin ja jakamiseen.<\/p>\n\n\n<div id=\"link-lifts-block_04e6bf7e13f3639ba79c014295791de1\" class=\"link-lifts block-link-lifts\">\n  <div class=\"row\">\n            <div class=\"col-12 col-lg-4 block-link-lifts__column\">\n          <div class=\"block-link-lifts__item pink\">\n            <h3 class=\"block-link-lifts__item--heading\">Merkin vastaanottaminen ja tallentaminen:<\/h3>\n                          <ul class=\"block-link-lifts__item--link-list\">\n                                                                        <li>\n                                              <a class=\"link-list\" href=\"https:\/\/help.jamk.fi\/openbadge\/fi\/sample-page\/vastaanottajan-ohjeet\/merkin-vastaanottaminen-open-badge-passportiin\/\" target=\"_self\">Merkin vastaanottaminen<\/a>\n                                          <\/li>\n                                                <\/ul>\n            \n          <\/div>\n        <\/div>\n            <div class=\"col-12 col-lg-4 block-link-lifts__column\">\n          <div class=\"block-link-lifts__item pink\">\n            <h3 class=\"block-link-lifts__item--heading\">Merkkien esitt\u00e4minen LinkedIn-palvelussa:<\/h3>\n                          <ul class=\"block-link-lifts__item--link-list\">\n                                                                        <li>\n                                              <a class=\"link-list\" href=\"https:\/\/help.jamk.fi\/openbadge\/fi\/sample-page\/vastaanottajan-ohjeet\/linkedin-profiiliin\/\" target=\"_self\">Merkit LinkedIn-profiiliin<\/a>\n                                          <\/li>\n                                                <\/ul>\n            \n          <\/div>\n        <\/div>\n      <\/div>\n<\/div>","protected":false},"excerpt":{"rendered":"<p>Osaamismerkkej\u00e4 voi saada joko hakemalla niit\u00e4 tai osallistumalla koulutukseen tai tilaisuuteen, jonka todisteena osaamismerkki toimii. T\u00e4\u00e4lt\u00e4 l\u00f6yd\u00e4t ohjeita merkkien vastaanottamiseen, varastointiin ja jakamiseen.<\/p>\n","protected":false},"author":74,"featured_media":0,"parent":0,"menu_order":2,"comment_status":"closed","ping_status":"closed","template":"","meta":{"_acf_changed":false,"_relevanssi_hide_post":"","_relevanssi_hide_content":"","_relevanssi_pin_for_all":"","_relevanssi_pin_keywords":"","_relevanssi_unpin_keywords":"","_relevanssi_related_keywords":"","_relevanssi_related_include_ids":"","_relevanssi_related_exclude_ids":"","_relevanssi_related_no_append":"","_relevanssi_related_not_related":"","_relevanssi_related_posts":"","_relevanssi_noindex_reason":"","footnotes":""},"categories":[],"tags":[83,42,77,79,54,33,38],"class_list":["post-294","page","type-page","status-publish","hentry","tag-digitaalinen-todistus","tag-jakaminen","tag-open-badge","tag-osaamismerkki","tag-some","tag-varasto","tag-vastaanottaminen"],"acf":[],"yoast_head":"<!-- This site is optimized with the Yoast SEO plugin v27.3 - https:\/\/yoast.com\/product\/yoast-seo-wordpress\/ -->\n<title>Vastaanottajan ohjeet - Open badge -osaamismerkit<\/title>\n<meta name=\"robots\" content=\"index, follow, max-snippet:-1, max-image-preview:large, max-video-preview:-1\" \/>\n<link rel=\"canonical\" href=\"https:\/\/help.jamk.fi\/openbadge\/fi\/vastaanottajan-ohjeet\/\" \/>\n<meta property=\"og:locale\" content=\"fi_FI\" \/>\n<meta property=\"og:type\" content=\"article\" \/>\n<meta property=\"og:title\" content=\"Vastaanottajan ohjeet - Open badge -osaamismerkit\" \/>\n<meta property=\"og:description\" content=\"Osaamismerkkej\u00e4 voi saada joko hakemalla niit\u00e4 tai osallistumalla koulutukseen tai tilaisuuteen, jonka todisteena osaamismerkki toimii. T\u00e4\u00e4lt\u00e4 l\u00f6yd\u00e4t ohjeita merkkien vastaanottamiseen, varastointiin ja jakamiseen.\" \/>\n<meta property=\"og:url\" content=\"https:\/\/help.jamk.fi\/openbadge\/fi\/vastaanottajan-ohjeet\/\" \/>\n<meta property=\"og:site_name\" content=\"Open badge -osaamismerkit\" \/>\n<meta property=\"article:modified_time\" content=\"2024-03-19T07:56:51+00:00\" \/>\n<meta name=\"twitter:card\" content=\"summary_large_image\" \/>\n<meta name=\"twitter:label1\" content=\"Arvioitu lukuaika\" \/>\n\t<meta name=\"twitter:data1\" content=\"1 minuutti\" \/>\n<script type=\"application\/ld+json\" class=\"yoast-schema-graph\">{\"@context\":\"https:\\\/\\\/schema.org\",\"@graph\":[{\"@type\":\"WebPage\",\"@id\":\"https:\\\/\\\/help.jamk.fi\\\/openbadge\\\/fi\\\/vastaanottajan-ohjeet\\\/\",\"url\":\"https:\\\/\\\/help.jamk.fi\\\/openbadge\\\/fi\\\/vastaanottajan-ohjeet\\\/\",\"name\":\"Vastaanottajan ohjeet - Open badge -osaamismerkit\",\"isPartOf\":{\"@id\":\"https:\\\/\\\/help.jamk.fi\\\/openbadge\\\/#website\"},\"datePublished\":\"2023-11-14T08:26:00+00:00\",\"dateModified\":\"2024-03-19T07:56:51+00:00\",\"breadcrumb\":{\"@id\":\"https:\\\/\\\/help.jamk.fi\\\/openbadge\\\/fi\\\/vastaanottajan-ohjeet\\\/#breadcrumb\"},\"inLanguage\":\"fi\",\"potentialAction\":[{\"@type\":\"ReadAction\",\"target\":[\"https:\\\/\\\/help.jamk.fi\\\/openbadge\\\/fi\\\/vastaanottajan-ohjeet\\\/\"]}]},{\"@type\":\"BreadcrumbList\",\"@id\":\"https:\\\/\\\/help.jamk.fi\\\/openbadge\\\/fi\\\/vastaanottajan-ohjeet\\\/#breadcrumb\",\"itemListElement\":[{\"@type\":\"ListItem\",\"position\":1,\"name\":\"Etusivu\",\"item\":\"https:\\\/\\\/help.jamk.fi\\\/openbadge\\\/fi\\\/\"},{\"@type\":\"ListItem\",\"position\":2,\"name\":\"Vastaanottajan ohjeet\"}]},{\"@type\":\"WebSite\",\"@id\":\"https:\\\/\\\/help.jamk.fi\\\/openbadge\\\/#website\",\"url\":\"https:\\\/\\\/help.jamk.fi\\\/openbadge\\\/\",\"name\":\"Open badge -osaamismerkit\",\"description\":\"Digitaaliset osaamismerkit Jamkissa\",\"potentialAction\":[{\"@type\":\"SearchAction\",\"target\":{\"@type\":\"EntryPoint\",\"urlTemplate\":\"https:\\\/\\\/help.jamk.fi\\\/openbadge\\\/?s={search_term_string}\"},\"query-input\":{\"@type\":\"PropertyValueSpecification\",\"valueRequired\":true,\"valueName\":\"search_term_string\"}}],\"inLanguage\":\"fi\"}]}<\/script>\n<!-- \/ Yoast SEO plugin. -->","yoast_head_json":{"title":"Vastaanottajan ohjeet - Open badge -osaamismerkit","robots":{"index":"index","follow":"follow","max-snippet":"max-snippet:-1","max-image-preview":"max-image-preview:large","max-video-preview":"max-video-preview:-1"},"canonical":"https:\/\/help.jamk.fi\/openbadge\/fi\/vastaanottajan-ohjeet\/","og_locale":"fi_FI","og_type":"article","og_title":"Vastaanottajan ohjeet - Open badge -osaamismerkit","og_description":"Osaamismerkkej\u00e4 voi saada joko hakemalla niit\u00e4 tai osallistumalla koulutukseen tai tilaisuuteen, jonka todisteena osaamismerkki toimii. T\u00e4\u00e4lt\u00e4 l\u00f6yd\u00e4t ohjeita merkkien vastaanottamiseen, varastointiin ja jakamiseen.","og_url":"https:\/\/help.jamk.fi\/openbadge\/fi\/vastaanottajan-ohjeet\/","og_site_name":"Open badge -osaamismerkit","article_modified_time":"2024-03-19T07:56:51+00:00","twitter_card":"summary_large_image","twitter_misc":{"Arvioitu lukuaika":"1 minuutti"},"schema":{"@context":"https:\/\/schema.org","@graph":[{"@type":"WebPage","@id":"https:\/\/help.jamk.fi\/openbadge\/fi\/vastaanottajan-ohjeet\/","url":"https:\/\/help.jamk.fi\/openbadge\/fi\/vastaanottajan-ohjeet\/","name":"Vastaanottajan ohjeet - Open badge -osaamismerkit","isPartOf":{"@id":"https:\/\/help.jamk.fi\/openbadge\/#website"},"datePublished":"2023-11-14T08:26:00+00:00","dateModified":"2024-03-19T07:56:51+00:00","breadcrumb":{"@id":"https:\/\/help.jamk.fi\/openbadge\/fi\/vastaanottajan-ohjeet\/#breadcrumb"},"inLanguage":"fi","potentialAction":[{"@type":"ReadAction","target":["https:\/\/help.jamk.fi\/openbadge\/fi\/vastaanottajan-ohjeet\/"]}]},{"@type":"BreadcrumbList","@id":"https:\/\/help.jamk.fi\/openbadge\/fi\/vastaanottajan-ohjeet\/#breadcrumb","itemListElement":[{"@type":"ListItem","position":1,"name":"Etusivu","item":"https:\/\/help.jamk.fi\/openbadge\/fi\/"},{"@type":"ListItem","position":2,"name":"Vastaanottajan ohjeet"}]},{"@type":"WebSite","@id":"https:\/\/help.jamk.fi\/openbadge\/#website","url":"https:\/\/help.jamk.fi\/openbadge\/","name":"Open badge -osaamismerkit","description":"Digitaaliset osaamismerkit Jamkissa","potentialAction":[{"@type":"SearchAction","target":{"@type":"EntryPoint","urlTemplate":"https:\/\/help.jamk.fi\/openbadge\/?s={search_term_string}"},"query-input":{"@type":"PropertyValueSpecification","valueRequired":true,"valueName":"search_term_string"}}],"inLanguage":"fi"}]}},"_links":{"self":[{"href":"https:\/\/help.jamk.fi\/openbadge\/wp-json\/wp\/v2\/pages\/294","targetHints":{"allow":["GET"]}}],"collection":[{"href":"https:\/\/help.jamk.fi\/openbadge\/wp-json\/wp\/v2\/pages"}],"about":[{"href":"https:\/\/help.jamk.fi\/openbadge\/wp-json\/wp\/v2\/types\/page"}],"author":[{"embeddable":true,"href":"https:\/\/help.jamk.fi\/openbadge\/wp-json\/wp\/v2\/users\/74"}],"replies":[{"embeddable":true,"href":"https:\/\/help.jamk.fi\/openbadge\/wp-json\/wp\/v2\/comments?post=294"}],"version-history":[{"count":5,"href":"https:\/\/help.jamk.fi\/openbadge\/wp-json\/wp\/v2\/pages\/294\/revisions"}],"predecessor-version":[{"id":400,"href":"https:\/\/help.jamk.fi\/openbadge\/wp-json\/wp\/v2\/pages\/294\/revisions\/400"}],"wp:attachment":[{"href":"https:\/\/help.jamk.fi\/openbadge\/wp-json\/wp\/v2\/media?parent=294"}],"wp:term":[{"taxonomy":"category","embeddable":true,"href":"https:\/\/help.jamk.fi\/openbadge\/wp-json\/wp\/v2\/categories?post=294"},{"taxonomy":"post_tag","embeddable":true,"href":"https:\/\/help.jamk.fi\/openbadge\/wp-json\/wp\/v2\/tags?post=294"}],"curies":[{"name":"wp","href":"https:\/\/api.w.org\/{rel}","templated":true}]}}