{"id":362,"date":"2023-12-19T09:57:02","date_gmt":"2023-12-19T07:57:02","guid":{"rendered":"https:\/\/help.jamk.fi\/openbadge\/?page_id=362"},"modified":"2024-03-19T09:57:55","modified_gmt":"2024-03-19T07:57:55","slug":"tietosuojaseloste","status":"publish","type":"page","link":"https:\/\/help.jamk.fi\/openbadge\/fi\/tietosuojaseloste\/","title":{"rendered":"Osaamismerkkipalvelun tietosuojaseloste"},"content":{"rendered":"\n<h2 class=\"wp-block-heading\">Osaamismerkkipalvelu (Open Badge Factory)<\/h2>\n\n\n\n<p>Tietosuoja-asetus 2016\/679<br>P\u00e4ivitetty 12.12.2023<\/p>\n\n\n\n<h3 class=\"wp-block-heading\">1. Rekisterinpit\u00e4j\u00e4 <\/h3>\n\n\n\n<p>Jyv\u00e4skyl\u00e4n Ammattikorkeakoulu Oy<br>PL 207, 40101 Jyv\u00e4skyl\u00e4<br>+358 20 743 8100<\/p>\n\n\n\n<h3 class=\"wp-block-heading\">2. Rekisterinpit\u00e4j\u00e4n yhteyshenkil\u00f6t<\/h3>\n\n\n\n<p>Prosessin omistaja: Koulutuksen kehitt\u00e4misp\u00e4\u00e4llikk\u00f6<br>Sis\u00e4ll\u00f6llinen p\u00e4\u00e4k\u00e4ytt\u00e4j\u00e4: Verkkopedagogiikan suunnittelija<br>Tekninen p\u00e4\u00e4k\u00e4ytt\u00e4j\u00e4: &#8211;<br>etunimi.sukunimi@jamk.fi<\/p>\n\n\n\n<h3 class=\"wp-block-heading\">3. Rekisterin tiedot<\/h3>\n\n\n\n<p>Jamk ker\u00e4\u00e4 rekisterinpit\u00e4j\u00e4n\u00e4 henkil\u00f6tietoja liittyen osaamismerkkien my\u00f6nt\u00e4miseen. Osaamismerkkej\u00e4 my\u00f6nnet\u00e4\u00e4n osana opetusta, henkil\u00f6st\u00f6koulutuksissa, tapahtumissa sek\u00e4 hakemuksien perusteella.<\/p>\n\n\n\n<p>Toimittaja on Open Badge Factory Oy (palveluntarjoaja)<br>https:\/\/openbadgefactory.com\/fi\/tietosuojaseloste\/<\/p>\n\n\n\n<p>Rekisteriin ker\u00e4t\u00e4\u00e4n seuraavia tietoja:<\/p>\n\n\n\n<ul class=\"wp-block-list\">\n<li>henkil\u00f6n nimi<\/li>\n\n\n\n<li>s\u00e4hk\u00f6postiosoite<\/li>\n<\/ul>\n\n\n\n<p>Tiedot tallennetaan p\u00e4\u00e4syn mahdollistamiseksi j\u00e4rjestelm\u00e4\u00e4n sek\u00e4 k\u00e4ytt\u00e4jien tunnistamiseksi, jotta palvelua voidaan k\u00e4ytt\u00e4\u00e4 aiotulla tavalla.<\/p>\n\n\n\n<p>P\u00e4\u00e4k\u00e4ytt\u00e4j\u00e4n\u00e4 toimii Jamkissa verkkopedagogiikan suunnittelija.<\/p>\n\n\n\n<h3 class=\"wp-block-heading\">4. Henkil\u00f6tietojen k\u00e4sittelyn tarkoitus ja perusteet<\/h3>\n\n\n\n<p>K\u00e4sittelyn perusteena on osallistujan suostumus. Rekister\u00f6ity eli osaamismerkin saaja p\u00e4\u00e4tt\u00e4\u00e4 it-se, ottaako merkin vastaan. Rekister\u00f6ity voi milloin tahansa lis\u00e4t\u00e4, muuttaa ja poistaa kaikki tiedot palvelusta sek\u00e4 poistaa tilin kokonaan.<\/p>\n\n\n\n<p>Henkil\u00f6tietoja k\u00e4sitell\u00e4\u00e4n <a href=\"https:\/\/www.jamk.fi\/fi\/jamk\/tietosuoja-jamkissa\">Jamkin henkil\u00f6tietojen k\u00e4sittelyohjeen ja yleisen tietosuojaselosteen<\/a> mukaisesti.<\/p>\n\n\n\n<h3 class=\"wp-block-heading\">5. Henkil\u00f6tietojen k\u00e4sittelij\u00e4t ja rekister\u00f6ityjen ryhm\u00e4t<\/h3>\n\n\n\n<p>Henkil\u00f6tietoja k\u00e4sittelee sis\u00e4ll\u00f6llinen p\u00e4\u00e4k\u00e4ytt\u00e4j\u00e4 sek\u00e4 palveluntarjoaja.<br>Rekister\u00f6ityjen ryhm\u00e4t: asiakkaat, opiskelijat, ty\u00f6ntekij\u00e4t<\/p>\n\n\n\n<h3 class=\"wp-block-heading\">6. Tietol\u00e4hteet<\/h3>\n\n\n\n<p>Tiedot saadaan rekister\u00f6idylt\u00e4\/merkin hakijalta itselt\u00e4\u00e4n, mik\u00e4li merkki\u00e4 haetaan.<\/p>\n\n\n\n<p>Jamk on merkin my\u00f6nt\u00e4j\u00e4 ja tietojen v\u00e4litt\u00e4j\u00e4 koulutus- tai tapahtumatiedon perusteella. Merkin saaja ilmoittaa itse tiedot Jamkiin.<\/p>\n\n\n\n<p>Palveluntarjoaja on ulkoistanut IT-hallinnan ulkopuoliselle palveluntarjoajalle, jonka palvelimelle tiedot tallennetaan. Palvelin on ulkopuolisen palveluntarjoajan suojaama ja hallinnoima. Palveluntarjoaja ja Jamk voivat luovuttaa tietoja viranomaisille pakottavan lains\u00e4\u00e4d\u00e4nn\u00f6n mukaisesti. Muu-toin ei rekisterin tietoja luovuteta ulkopuolisille tahoille.<\/p>\n\n\n\n<h3 class=\"wp-block-heading\">7. Henkil\u00f6tietojen s\u00e4ilytysaika<\/h3>\n\n\n\n<p>Rekister\u00f6ity voi milloin tahansa lis\u00e4t\u00e4, muuttaa ja poistaa kaikki tiedot palvelusta sek\u00e4 poistaa tilin kokonaan. Tietoja s\u00e4ilytet\u00e4\u00e4n niin kauan kuin se on tarpeen tietojen k\u00e4sittely\u00e4 varten.<\/p>\n\n\n\n<h3 class=\"wp-block-heading\">8. Rekister\u00f6idyn oikeudet ja niiden toteuttaminen<\/h3>\n\n\n\n<p>Rekister\u00f6idyll\u00e4 on tietosuoja-asetuksen nojalla oikeus:<\/p>\n\n\n\n<ul class=\"wp-block-list\">\n<li>Suostumuksen peruuttamiseen<\/li>\n\n\n\n<li>P\u00e4\u00e4sy omiin henkil\u00f6tietoihin<\/li>\n\n\n\n<li>Oikeus saada virheet korjatuksi<\/li>\n\n\n\n<li>Oikeus kielt\u00e4\u00e4 suoramarkkinointi<\/li>\n\n\n\n<li>Oikeus vastustaa k\u00e4sittely\u00e4<\/li>\n\n\n\n<li>Oikeus rajoittaa k\u00e4sittely\u00e4<\/li>\n\n\n\n<li>Oikeus saada tiedot siirretyksi.<\/li>\n<\/ul>\n\n\n\n<p>Rekister\u00f6idyn oikeuksien toteuttamiseksi pyydet\u00e4\u00e4n tekem\u00e4\u00e4n pyynt\u00f6 Jamkin tietosuojavastaavalle tietosuoja@jamk.fi. Jamkin tietosuojavastaavasta ja rekister\u00f6idyn oikeuksista ja niiden toteuttamisesta kerrotaan lis\u00e4\u00e4 <a href=\"https:\/\/www.jamk.fi\/fi\/jamk\/tietosuoja-jamkissa\">Jamkin henkil\u00f6tietojen k\u00e4sittelyohjeessa ja yleisess\u00e4 tietosuojaselosteessa<\/a>. <\/p>\n\n\n\n<h3 class=\"wp-block-heading\">9. Tietoturva<\/h3>\n\n\n\n<p>Henkil\u00f6tietoja s\u00e4ilytet\u00e4\u00e4n palveluntarjoajan palvelimilla, jotka ovat suojattu alan yleisten k\u00e4yt\u00e4nt\u00f6jen mukaisesti. Ker\u00e4tt\u00e4v\u00e4 ja k\u00e4sitelt\u00e4v\u00e4 henkil\u00f6tieto pidet\u00e4\u00e4n luottamuksellisena eik\u00e4 sit\u00e4 ilmaista muille kuin sit\u00e4 ty\u00f6ss\u00e4\u00e4n tarvitseville. P\u00e4\u00e4sy henkil\u00f6tietoihin on suojattu k\u00e4ytt\u00e4j\u00e4kohtaisin tunnuksin, salasanoin ja k\u00e4ytt\u00f6oikeuksin.<\/p>\n\n\n\n<p>Palveluntarjoaja vastaa teknisest\u00e4 ja tietoturvallisesta suojauksesta. Palveluntarjoaja voi esimerkiksi teknisiss\u00e4 selvityksiss\u00e4 joutua k\u00e4sittelem\u00e4\u00e4n henkil\u00f6tietoja. Palveluntarjoajan henkil\u00f6st\u00f6 on sitoutuu k\u00e4sittelem\u00e4\u00e4n henkil\u00f6tietoja tietoturvallisesti, luottamuksellisesti ja vain tuottaakseen palvelua.<\/p>\n\n\n\n<h3 class=\"wp-block-heading\">10. Tietojensiirto<\/h3>\n\n\n\n<p>Henkil\u00f6tietoja tallennetaan vain EU- ja ETA-alueella ja k\u00e4sitell\u00e4\u00e4n vain EU- ja ETA-alueella.<\/p>\n\n\n\n<h3 class=\"wp-block-heading\">11. Automaattinen p\u00e4\u00e4t\u00f6ksenteko ja profilointi<\/h3>\n\n\n\n<p>Rekisterin henkil\u00f6tietoihin ei kohdistu automaattista p\u00e4\u00e4t\u00f6ksentekoa eik\u00e4 profilointia.<\/p>\n","protected":false},"excerpt":{"rendered":"<p>Osaamismerkkipalvelu (Open Badge Factory) Tietosuoja-asetus 2016\/679P\u00e4ivitetty 12.12.2023 1. Rekisterinpit\u00e4j\u00e4 Jyv\u00e4skyl\u00e4n Ammattikorkeakoulu OyPL 207, 40101 Jyv\u00e4skyl\u00e4+358 20 743 8100 2. Rekisterinpit\u00e4j\u00e4n yhteyshenkil\u00f6t Prosessin omistaja: Koulutuksen kehitt\u00e4misp\u00e4\u00e4llikk\u00f6Sis\u00e4ll\u00f6llinen p\u00e4\u00e4k\u00e4ytt\u00e4j\u00e4: Verkkopedagogiikan suunnittelijaTekninen p\u00e4\u00e4k\u00e4ytt\u00e4j\u00e4: &#8211;etunimi.sukunimi@jamk.fi 3. Rekisterin tiedot Jamk ker\u00e4\u00e4 rekisterinpit\u00e4j\u00e4n\u00e4 henkil\u00f6tietoja liittyen osaamismerkkien my\u00f6nt\u00e4miseen. Osaamismerkkej\u00e4 my\u00f6nnet\u00e4\u00e4n osana opetusta, henkil\u00f6st\u00f6koulutuksissa, tapahtumissa sek\u00e4 hakemuksien perusteella. Toimittaja on Open Badge Factory Oy [&hellip;]<\/p>\n","protected":false},"author":74,"featured_media":0,"parent":0,"menu_order":5,"comment_status":"closed","ping_status":"closed","template":"","meta":{"_acf_changed":false,"_relevanssi_hide_post":"","_relevanssi_hide_content":"","_relevanssi_pin_for_all":"","_relevanssi_pin_keywords":"","_relevanssi_unpin_keywords":"","_relevanssi_related_keywords":"","_relevanssi_related_include_ids":"","_relevanssi_related_exclude_ids":"","_relevanssi_related_no_append":"","_relevanssi_related_not_related":"","_relevanssi_related_posts":"","_relevanssi_noindex_reason":"","footnotes":""},"categories":[],"tags":[],"class_list":["post-362","page","type-page","status-publish","hentry"],"acf":[],"yoast_head":"<!-- This site is optimized with the Yoast SEO plugin v27.3 - https:\/\/yoast.com\/product\/yoast-seo-wordpress\/ -->\n<title>Osaamismerkkipalvelun tietosuojaseloste - Open badge -osaamismerkit<\/title>\n<meta name=\"robots\" content=\"index, follow, max-snippet:-1, max-image-preview:large, max-video-preview:-1\" \/>\n<link rel=\"canonical\" href=\"https:\/\/help.jamk.fi\/openbadge\/fi\/tietosuojaseloste\/\" \/>\n<meta property=\"og:locale\" content=\"fi_FI\" \/>\n<meta property=\"og:type\" content=\"article\" \/>\n<meta property=\"og:title\" content=\"Osaamismerkkipalvelun tietosuojaseloste - Open badge -osaamismerkit\" \/>\n<meta property=\"og:description\" content=\"Osaamismerkkipalvelu (Open Badge Factory) Tietosuoja-asetus 2016\/679P\u00e4ivitetty 12.12.2023 1. Rekisterinpit\u00e4j\u00e4 Jyv\u00e4skyl\u00e4n Ammattikorkeakoulu OyPL 207, 40101 Jyv\u00e4skyl\u00e4+358 20 743 8100 2. Rekisterinpit\u00e4j\u00e4n yhteyshenkil\u00f6t Prosessin omistaja: Koulutuksen kehitt\u00e4misp\u00e4\u00e4llikk\u00f6Sis\u00e4ll\u00f6llinen p\u00e4\u00e4k\u00e4ytt\u00e4j\u00e4: Verkkopedagogiikan suunnittelijaTekninen p\u00e4\u00e4k\u00e4ytt\u00e4j\u00e4: &#8211;etunimi.sukunimi@jamk.fi 3. Rekisterin tiedot Jamk ker\u00e4\u00e4 rekisterinpit\u00e4j\u00e4n\u00e4 henkil\u00f6tietoja liittyen osaamismerkkien my\u00f6nt\u00e4miseen. Osaamismerkkej\u00e4 my\u00f6nnet\u00e4\u00e4n osana opetusta, henkil\u00f6st\u00f6koulutuksissa, tapahtumissa sek\u00e4 hakemuksien perusteella. Toimittaja on Open Badge Factory Oy [&hellip;]\" \/>\n<meta property=\"og:url\" content=\"https:\/\/help.jamk.fi\/openbadge\/fi\/tietosuojaseloste\/\" \/>\n<meta property=\"og:site_name\" content=\"Open badge -osaamismerkit\" \/>\n<meta property=\"article:modified_time\" content=\"2024-03-19T07:57:55+00:00\" \/>\n<meta name=\"twitter:card\" content=\"summary_large_image\" \/>\n<meta name=\"twitter:label1\" content=\"Arvioitu lukuaika\" \/>\n\t<meta name=\"twitter:data1\" content=\"3 minuuttia\" \/>\n<script type=\"application\/ld+json\" class=\"yoast-schema-graph\">{\"@context\":\"https:\\\/\\\/schema.org\",\"@graph\":[{\"@type\":\"WebPage\",\"@id\":\"https:\\\/\\\/help.jamk.fi\\\/openbadge\\\/fi\\\/tietosuojaseloste\\\/\",\"url\":\"https:\\\/\\\/help.jamk.fi\\\/openbadge\\\/fi\\\/tietosuojaseloste\\\/\",\"name\":\"Osaamismerkkipalvelun tietosuojaseloste - Open badge -osaamismerkit\",\"isPartOf\":{\"@id\":\"https:\\\/\\\/help.jamk.fi\\\/openbadge\\\/#website\"},\"datePublished\":\"2023-12-19T07:57:02+00:00\",\"dateModified\":\"2024-03-19T07:57:55+00:00\",\"breadcrumb\":{\"@id\":\"https:\\\/\\\/help.jamk.fi\\\/openbadge\\\/fi\\\/tietosuojaseloste\\\/#breadcrumb\"},\"inLanguage\":\"fi\",\"potentialAction\":[{\"@type\":\"ReadAction\",\"target\":[\"https:\\\/\\\/help.jamk.fi\\\/openbadge\\\/fi\\\/tietosuojaseloste\\\/\"]}]},{\"@type\":\"BreadcrumbList\",\"@id\":\"https:\\\/\\\/help.jamk.fi\\\/openbadge\\\/fi\\\/tietosuojaseloste\\\/#breadcrumb\",\"itemListElement\":[{\"@type\":\"ListItem\",\"position\":1,\"name\":\"Etusivu\",\"item\":\"https:\\\/\\\/help.jamk.fi\\\/openbadge\\\/fi\\\/\"},{\"@type\":\"ListItem\",\"position\":2,\"name\":\"Osaamismerkkipalvelun tietosuojaseloste\"}]},{\"@type\":\"WebSite\",\"@id\":\"https:\\\/\\\/help.jamk.fi\\\/openbadge\\\/#website\",\"url\":\"https:\\\/\\\/help.jamk.fi\\\/openbadge\\\/\",\"name\":\"Open badge -osaamismerkit\",\"description\":\"Digitaaliset osaamismerkit Jamkissa\",\"potentialAction\":[{\"@type\":\"SearchAction\",\"target\":{\"@type\":\"EntryPoint\",\"urlTemplate\":\"https:\\\/\\\/help.jamk.fi\\\/openbadge\\\/?s={search_term_string}\"},\"query-input\":{\"@type\":\"PropertyValueSpecification\",\"valueRequired\":true,\"valueName\":\"search_term_string\"}}],\"inLanguage\":\"fi\"}]}<\/script>\n<!-- \/ Yoast SEO plugin. -->","yoast_head_json":{"title":"Osaamismerkkipalvelun tietosuojaseloste - Open badge -osaamismerkit","robots":{"index":"index","follow":"follow","max-snippet":"max-snippet:-1","max-image-preview":"max-image-preview:large","max-video-preview":"max-video-preview:-1"},"canonical":"https:\/\/help.jamk.fi\/openbadge\/fi\/tietosuojaseloste\/","og_locale":"fi_FI","og_type":"article","og_title":"Osaamismerkkipalvelun tietosuojaseloste - Open badge -osaamismerkit","og_description":"Osaamismerkkipalvelu (Open Badge Factory) Tietosuoja-asetus 2016\/679P\u00e4ivitetty 12.12.2023 1. Rekisterinpit\u00e4j\u00e4 Jyv\u00e4skyl\u00e4n Ammattikorkeakoulu OyPL 207, 40101 Jyv\u00e4skyl\u00e4+358 20 743 8100 2. Rekisterinpit\u00e4j\u00e4n yhteyshenkil\u00f6t Prosessin omistaja: Koulutuksen kehitt\u00e4misp\u00e4\u00e4llikk\u00f6Sis\u00e4ll\u00f6llinen p\u00e4\u00e4k\u00e4ytt\u00e4j\u00e4: Verkkopedagogiikan suunnittelijaTekninen p\u00e4\u00e4k\u00e4ytt\u00e4j\u00e4: &#8211;etunimi.sukunimi@jamk.fi 3. Rekisterin tiedot Jamk ker\u00e4\u00e4 rekisterinpit\u00e4j\u00e4n\u00e4 henkil\u00f6tietoja liittyen osaamismerkkien my\u00f6nt\u00e4miseen. Osaamismerkkej\u00e4 my\u00f6nnet\u00e4\u00e4n osana opetusta, henkil\u00f6st\u00f6koulutuksissa, tapahtumissa sek\u00e4 hakemuksien perusteella. Toimittaja on Open Badge Factory Oy [&hellip;]","og_url":"https:\/\/help.jamk.fi\/openbadge\/fi\/tietosuojaseloste\/","og_site_name":"Open badge -osaamismerkit","article_modified_time":"2024-03-19T07:57:55+00:00","twitter_card":"summary_large_image","twitter_misc":{"Arvioitu lukuaika":"3 minuuttia"},"schema":{"@context":"https:\/\/schema.org","@graph":[{"@type":"WebPage","@id":"https:\/\/help.jamk.fi\/openbadge\/fi\/tietosuojaseloste\/","url":"https:\/\/help.jamk.fi\/openbadge\/fi\/tietosuojaseloste\/","name":"Osaamismerkkipalvelun tietosuojaseloste - Open badge -osaamismerkit","isPartOf":{"@id":"https:\/\/help.jamk.fi\/openbadge\/#website"},"datePublished":"2023-12-19T07:57:02+00:00","dateModified":"2024-03-19T07:57:55+00:00","breadcrumb":{"@id":"https:\/\/help.jamk.fi\/openbadge\/fi\/tietosuojaseloste\/#breadcrumb"},"inLanguage":"fi","potentialAction":[{"@type":"ReadAction","target":["https:\/\/help.jamk.fi\/openbadge\/fi\/tietosuojaseloste\/"]}]},{"@type":"BreadcrumbList","@id":"https:\/\/help.jamk.fi\/openbadge\/fi\/tietosuojaseloste\/#breadcrumb","itemListElement":[{"@type":"ListItem","position":1,"name":"Etusivu","item":"https:\/\/help.jamk.fi\/openbadge\/fi\/"},{"@type":"ListItem","position":2,"name":"Osaamismerkkipalvelun tietosuojaseloste"}]},{"@type":"WebSite","@id":"https:\/\/help.jamk.fi\/openbadge\/#website","url":"https:\/\/help.jamk.fi\/openbadge\/","name":"Open badge -osaamismerkit","description":"Digitaaliset osaamismerkit Jamkissa","potentialAction":[{"@type":"SearchAction","target":{"@type":"EntryPoint","urlTemplate":"https:\/\/help.jamk.fi\/openbadge\/?s={search_term_string}"},"query-input":{"@type":"PropertyValueSpecification","valueRequired":true,"valueName":"search_term_string"}}],"inLanguage":"fi"}]}},"_links":{"self":[{"href":"https:\/\/help.jamk.fi\/openbadge\/wp-json\/wp\/v2\/pages\/362","targetHints":{"allow":["GET"]}}],"collection":[{"href":"https:\/\/help.jamk.fi\/openbadge\/wp-json\/wp\/v2\/pages"}],"about":[{"href":"https:\/\/help.jamk.fi\/openbadge\/wp-json\/wp\/v2\/types\/page"}],"author":[{"embeddable":true,"href":"https:\/\/help.jamk.fi\/openbadge\/wp-json\/wp\/v2\/users\/74"}],"replies":[{"embeddable":true,"href":"https:\/\/help.jamk.fi\/openbadge\/wp-json\/wp\/v2\/comments?post=362"}],"version-history":[{"count":5,"href":"https:\/\/help.jamk.fi\/openbadge\/wp-json\/wp\/v2\/pages\/362\/revisions"}],"predecessor-version":[{"id":379,"href":"https:\/\/help.jamk.fi\/openbadge\/wp-json\/wp\/v2\/pages\/362\/revisions\/379"}],"wp:attachment":[{"href":"https:\/\/help.jamk.fi\/openbadge\/wp-json\/wp\/v2\/media?parent=362"}],"wp:term":[{"taxonomy":"category","embeddable":true,"href":"https:\/\/help.jamk.fi\/openbadge\/wp-json\/wp\/v2\/categories?post=362"},{"taxonomy":"post_tag","embeddable":true,"href":"https:\/\/help.jamk.fi\/openbadge\/wp-json\/wp\/v2\/tags?post=362"}],"curies":[{"name":"wp","href":"https:\/\/api.w.org\/{rel}","templated":true}]}}