{"id":38,"date":"2015-05-04T10:36:59","date_gmt":"2015-05-04T07:36:59","guid":{"rendered":"https:\/\/help.jamk.fi\/open-badge\/linkedin-profiiliin\/"},"modified":"2024-03-19T09:57:22","modified_gmt":"2024-03-19T07:57:22","slug":"linkedin-profiiliin","status":"publish","type":"page","link":"https:\/\/help.jamk.fi\/openbadge\/fi\/vastaanottajan-ohjeet\/linkedin-profiiliin\/","title":{"rendered":"Merkit LinkedIn-profiiliin"},"content":{"rendered":"\n<p>Open badge -merkkej\u00e4 on helppo jakaa somen julkaisuissa. Open Badge Passportista l\u00f6ytyy siihen painikkeita. Jos haluat liitt\u00e4\u00e4 merkkej\u00e4 pysyv\u00e4mmin LinkedIn-profiiliisi, sen voi tehd\u00e4 tehd\u00e4 esimerkiksi LinkedInin Licenses &amp; Certifications -kohdassa. Toimi n\u00e4in:<\/p>\n\n\n\n<h2 class=\"wp-block-heading\">1 Sivu Open Badge Passportiin<\/h2>\n\n\n\n<p>Tee ensin Open Badge Passportissa sivu, johon lis\u00e4\u00e4t haluamasi merkit. <\/p>\n\n\n\n<figure class=\"wp-block-image size-full is-resized\"><img decoding=\"async\" src=\"https:\/\/help.jamk.fi\/openbadge\/wp-content\/uploads\/sites\/60\/2023\/09\/merkit2021obpsivu.jpg\" alt=\"\" class=\"wp-image-89\"\/><\/figure>\n\n\n\n<p>M\u00e4\u00e4rittele sivu julkiseksi ja kopioi osoite.<\/p>\n\n\n\n<figure class=\"wp-block-image size-full\"><img decoding=\"async\" src=\"https:\/\/help.jamk.fi\/openbadge\/wp-content\/uploads\/sites\/60\/2023\/09\/merkit2021obpsivu2.jpg\" alt=\"\" class=\"wp-image-90\"\/><\/figure>\n\n\n\n<h2 class=\"wp-block-heading\">2 LinkedIn: Licenses &amp; Certifications <\/h2>\n\n\n\n<p>Mene LinkedIniss\u00e4 Licenses &amp; Certifications -kohtaan ja klikkaa plussasta.<\/p>\n\n\n<div class=\"wp-block-image\">\n<figure class=\"aligncenter\"><img decoding=\"async\" src=\"https:\/\/help.jamk.fi\/openbadge\/wp-content\/uploads\/sites\/60\/2023\/09\/badge_link1-1.png\" alt=\"\" class=\"wp-image-72\"\/><\/figure>\n<\/div>\n\n\n<p>Lis\u00e4\u00e4 osaamismerkkisivullesi linkkinimi ja lis\u00e4\u00e4 Open Badge Factorysta kopioitu osoite Credential URL-kentt\u00e4\u00e4n.<\/p>\n\n\n\n<figure class=\"wp-block-image size-full\"><img decoding=\"async\" src=\"https:\/\/help.jamk.fi\/openbadge\/wp-content\/uploads\/sites\/60\/2023\/09\/merkit2021LI1.jpg\" alt=\"\" class=\"wp-image-91\"\/><\/figure>\n\n\n\n<p><\/p>\n","protected":false},"excerpt":{"rendered":"<p>Open badge -merkkej\u00e4 on helppo jakaa somen julkaisuissa. Open Badge Passportista l\u00f6ytyy siihen painikkeita. Jos haluat liitt\u00e4\u00e4 merkkej\u00e4 pysyv\u00e4mmin LinkedIn-profiiliisi, sen voi tehd\u00e4 tehd\u00e4 esimerkiksi LinkedInin Licenses &amp; Certifications -kohdassa. Toimi n\u00e4in: 1 Sivu Open Badge Passportiin Tee ensin Open Badge Passportissa sivu, johon lis\u00e4\u00e4t haluamasi merkit. M\u00e4\u00e4rittele sivu julkiseksi ja kopioi osoite. 2 LinkedIn: [&hellip;]<\/p>\n","protected":false},"author":74,"featured_media":0,"parent":294,"menu_order":3,"comment_status":"closed","ping_status":"closed","template":"","meta":{"_acf_changed":false,"_relevanssi_hide_post":"","_relevanssi_hide_content":"","_relevanssi_pin_for_all":"","_relevanssi_pin_keywords":"","_relevanssi_unpin_keywords":"","_relevanssi_related_keywords":"","_relevanssi_related_include_ids":"","_relevanssi_related_exclude_ids":"","_relevanssi_related_no_append":"","_relevanssi_related_not_related":"","_relevanssi_related_posts":"","_relevanssi_noindex_reason":"","footnotes":""},"categories":[],"tags":[42,73,48,77,18,79,54],"class_list":["post-38","page","type-page","status-publish","hentry","tag-jakaminen","tag-julkaiseminen","tag-linkedin","tag-open-badge","tag-open-badge-passport","tag-osaamismerkki","tag-some"],"acf":[],"yoast_head":"<!-- This site is optimized with the Yoast SEO plugin v27.3 - https:\/\/yoast.com\/product\/yoast-seo-wordpress\/ -->\n<title>Merkit LinkedIn-profiiliin - Open badge -osaamismerkit<\/title>\n<meta name=\"robots\" content=\"index, follow, max-snippet:-1, max-image-preview:large, max-video-preview:-1\" \/>\n<link rel=\"canonical\" href=\"https:\/\/help.jamk.fi\/openbadge\/fi\/vastaanottajan-ohjeet\/linkedin-profiiliin\/\" \/>\n<meta property=\"og:locale\" content=\"fi_FI\" \/>\n<meta property=\"og:type\" content=\"article\" \/>\n<meta property=\"og:title\" content=\"Merkit LinkedIn-profiiliin - Open badge -osaamismerkit\" \/>\n<meta property=\"og:description\" content=\"Open badge -merkkej\u00e4 on helppo jakaa somen julkaisuissa. Open Badge Passportista l\u00f6ytyy siihen painikkeita. Jos haluat liitt\u00e4\u00e4 merkkej\u00e4 pysyv\u00e4mmin LinkedIn-profiiliisi, sen voi tehd\u00e4 tehd\u00e4 esimerkiksi LinkedInin Licenses &amp; Certifications -kohdassa. Toimi n\u00e4in: 1 Sivu Open Badge Passportiin Tee ensin Open Badge Passportissa sivu, johon lis\u00e4\u00e4t haluamasi merkit. M\u00e4\u00e4rittele sivu julkiseksi ja kopioi osoite. 2 LinkedIn: [&hellip;]\" \/>\n<meta property=\"og:url\" content=\"https:\/\/help.jamk.fi\/openbadge\/fi\/vastaanottajan-ohjeet\/linkedin-profiiliin\/\" \/>\n<meta property=\"og:site_name\" content=\"Open badge -osaamismerkit\" \/>\n<meta property=\"article:modified_time\" content=\"2024-03-19T07:57:22+00:00\" \/>\n<meta property=\"og:image\" content=\"https:\/\/help.jamk.fi\/openbadge\/wp-content\/uploads\/sites\/60\/2023\/09\/merkit2021obpsivu.jpg\" \/>\n<meta name=\"twitter:card\" content=\"summary_large_image\" \/>\n<meta name=\"twitter:label1\" content=\"Arvioitu lukuaika\" \/>\n\t<meta name=\"twitter:data1\" content=\"2 minuuttia\" \/>\n<script type=\"application\/ld+json\" class=\"yoast-schema-graph\">{\"@context\":\"https:\\\/\\\/schema.org\",\"@graph\":[{\"@type\":\"WebPage\",\"@id\":\"https:\\\/\\\/help.jamk.fi\\\/openbadge\\\/fi\\\/vastaanottajan-ohjeet\\\/linkedin-profiiliin\\\/\",\"url\":\"https:\\\/\\\/help.jamk.fi\\\/openbadge\\\/fi\\\/vastaanottajan-ohjeet\\\/linkedin-profiiliin\\\/\",\"name\":\"Merkit LinkedIn-profiiliin - Open badge -osaamismerkit\",\"isPartOf\":{\"@id\":\"https:\\\/\\\/help.jamk.fi\\\/openbadge\\\/#website\"},\"primaryImageOfPage\":{\"@id\":\"https:\\\/\\\/help.jamk.fi\\\/openbadge\\\/fi\\\/vastaanottajan-ohjeet\\\/linkedin-profiiliin\\\/#primaryimage\"},\"image\":{\"@id\":\"https:\\\/\\\/help.jamk.fi\\\/openbadge\\\/fi\\\/vastaanottajan-ohjeet\\\/linkedin-profiiliin\\\/#primaryimage\"},\"thumbnailUrl\":\"https:\\\/\\\/help.jamk.fi\\\/openbadge\\\/wp-content\\\/uploads\\\/sites\\\/60\\\/2023\\\/09\\\/merkit2021obpsivu.jpg\",\"datePublished\":\"2015-05-04T07:36:59+00:00\",\"dateModified\":\"2024-03-19T07:57:22+00:00\",\"breadcrumb\":{\"@id\":\"https:\\\/\\\/help.jamk.fi\\\/openbadge\\\/fi\\\/vastaanottajan-ohjeet\\\/linkedin-profiiliin\\\/#breadcrumb\"},\"inLanguage\":\"fi\",\"potentialAction\":[{\"@type\":\"ReadAction\",\"target\":[\"https:\\\/\\\/help.jamk.fi\\\/openbadge\\\/fi\\\/vastaanottajan-ohjeet\\\/linkedin-profiiliin\\\/\"]}]},{\"@type\":\"ImageObject\",\"inLanguage\":\"fi\",\"@id\":\"https:\\\/\\\/help.jamk.fi\\\/openbadge\\\/fi\\\/vastaanottajan-ohjeet\\\/linkedin-profiiliin\\\/#primaryimage\",\"url\":\"https:\\\/\\\/help.jamk.fi\\\/openbadge\\\/wp-content\\\/uploads\\\/sites\\\/60\\\/2023\\\/09\\\/merkit2021obpsivu.jpg\",\"contentUrl\":\"https:\\\/\\\/help.jamk.fi\\\/openbadge\\\/wp-content\\\/uploads\\\/sites\\\/60\\\/2023\\\/09\\\/merkit2021obpsivu.jpg\"},{\"@type\":\"BreadcrumbList\",\"@id\":\"https:\\\/\\\/help.jamk.fi\\\/openbadge\\\/fi\\\/vastaanottajan-ohjeet\\\/linkedin-profiiliin\\\/#breadcrumb\",\"itemListElement\":[{\"@type\":\"ListItem\",\"position\":1,\"name\":\"Etusivu\",\"item\":\"https:\\\/\\\/help.jamk.fi\\\/openbadge\\\/fi\\\/\"},{\"@type\":\"ListItem\",\"position\":2,\"name\":\"Vastaanottajan ohjeet\",\"item\":\"https:\\\/\\\/help.jamk.fi\\\/openbadge\\\/fi\\\/vastaanottajan-ohjeet\\\/\"},{\"@type\":\"ListItem\",\"position\":3,\"name\":\"Merkit LinkedIn-profiiliin\"}]},{\"@type\":\"WebSite\",\"@id\":\"https:\\\/\\\/help.jamk.fi\\\/openbadge\\\/#website\",\"url\":\"https:\\\/\\\/help.jamk.fi\\\/openbadge\\\/\",\"name\":\"Open badge -osaamismerkit\",\"description\":\"Digitaaliset osaamismerkit Jamkissa\",\"potentialAction\":[{\"@type\":\"SearchAction\",\"target\":{\"@type\":\"EntryPoint\",\"urlTemplate\":\"https:\\\/\\\/help.jamk.fi\\\/openbadge\\\/?s={search_term_string}\"},\"query-input\":{\"@type\":\"PropertyValueSpecification\",\"valueRequired\":true,\"valueName\":\"search_term_string\"}}],\"inLanguage\":\"fi\"}]}<\/script>\n<!-- \/ Yoast SEO plugin. -->","yoast_head_json":{"title":"Merkit LinkedIn-profiiliin - Open badge -osaamismerkit","robots":{"index":"index","follow":"follow","max-snippet":"max-snippet:-1","max-image-preview":"max-image-preview:large","max-video-preview":"max-video-preview:-1"},"canonical":"https:\/\/help.jamk.fi\/openbadge\/fi\/vastaanottajan-ohjeet\/linkedin-profiiliin\/","og_locale":"fi_FI","og_type":"article","og_title":"Merkit LinkedIn-profiiliin - Open badge -osaamismerkit","og_description":"Open badge -merkkej\u00e4 on helppo jakaa somen julkaisuissa. Open Badge Passportista l\u00f6ytyy siihen painikkeita. Jos haluat liitt\u00e4\u00e4 merkkej\u00e4 pysyv\u00e4mmin LinkedIn-profiiliisi, sen voi tehd\u00e4 tehd\u00e4 esimerkiksi LinkedInin Licenses &amp; Certifications -kohdassa. Toimi n\u00e4in: 1 Sivu Open Badge Passportiin Tee ensin Open Badge Passportissa sivu, johon lis\u00e4\u00e4t haluamasi merkit. M\u00e4\u00e4rittele sivu julkiseksi ja kopioi osoite. 2 LinkedIn: [&hellip;]","og_url":"https:\/\/help.jamk.fi\/openbadge\/fi\/vastaanottajan-ohjeet\/linkedin-profiiliin\/","og_site_name":"Open badge -osaamismerkit","article_modified_time":"2024-03-19T07:57:22+00:00","og_image":[{"url":"https:\/\/help.jamk.fi\/openbadge\/wp-content\/uploads\/sites\/60\/2023\/09\/merkit2021obpsivu.jpg","type":"","width":"","height":""}],"twitter_card":"summary_large_image","twitter_misc":{"Arvioitu lukuaika":"2 minuuttia"},"schema":{"@context":"https:\/\/schema.org","@graph":[{"@type":"WebPage","@id":"https:\/\/help.jamk.fi\/openbadge\/fi\/vastaanottajan-ohjeet\/linkedin-profiiliin\/","url":"https:\/\/help.jamk.fi\/openbadge\/fi\/vastaanottajan-ohjeet\/linkedin-profiiliin\/","name":"Merkit LinkedIn-profiiliin - Open badge -osaamismerkit","isPartOf":{"@id":"https:\/\/help.jamk.fi\/openbadge\/#website"},"primaryImageOfPage":{"@id":"https:\/\/help.jamk.fi\/openbadge\/fi\/vastaanottajan-ohjeet\/linkedin-profiiliin\/#primaryimage"},"image":{"@id":"https:\/\/help.jamk.fi\/openbadge\/fi\/vastaanottajan-ohjeet\/linkedin-profiiliin\/#primaryimage"},"thumbnailUrl":"https:\/\/help.jamk.fi\/openbadge\/wp-content\/uploads\/sites\/60\/2023\/09\/merkit2021obpsivu.jpg","datePublished":"2015-05-04T07:36:59+00:00","dateModified":"2024-03-19T07:57:22+00:00","breadcrumb":{"@id":"https:\/\/help.jamk.fi\/openbadge\/fi\/vastaanottajan-ohjeet\/linkedin-profiiliin\/#breadcrumb"},"inLanguage":"fi","potentialAction":[{"@type":"ReadAction","target":["https:\/\/help.jamk.fi\/openbadge\/fi\/vastaanottajan-ohjeet\/linkedin-profiiliin\/"]}]},{"@type":"ImageObject","inLanguage":"fi","@id":"https:\/\/help.jamk.fi\/openbadge\/fi\/vastaanottajan-ohjeet\/linkedin-profiiliin\/#primaryimage","url":"https:\/\/help.jamk.fi\/openbadge\/wp-content\/uploads\/sites\/60\/2023\/09\/merkit2021obpsivu.jpg","contentUrl":"https:\/\/help.jamk.fi\/openbadge\/wp-content\/uploads\/sites\/60\/2023\/09\/merkit2021obpsivu.jpg"},{"@type":"BreadcrumbList","@id":"https:\/\/help.jamk.fi\/openbadge\/fi\/vastaanottajan-ohjeet\/linkedin-profiiliin\/#breadcrumb","itemListElement":[{"@type":"ListItem","position":1,"name":"Etusivu","item":"https:\/\/help.jamk.fi\/openbadge\/fi\/"},{"@type":"ListItem","position":2,"name":"Vastaanottajan ohjeet","item":"https:\/\/help.jamk.fi\/openbadge\/fi\/vastaanottajan-ohjeet\/"},{"@type":"ListItem","position":3,"name":"Merkit LinkedIn-profiiliin"}]},{"@type":"WebSite","@id":"https:\/\/help.jamk.fi\/openbadge\/#website","url":"https:\/\/help.jamk.fi\/openbadge\/","name":"Open badge -osaamismerkit","description":"Digitaaliset osaamismerkit Jamkissa","potentialAction":[{"@type":"SearchAction","target":{"@type":"EntryPoint","urlTemplate":"https:\/\/help.jamk.fi\/openbadge\/?s={search_term_string}"},"query-input":{"@type":"PropertyValueSpecification","valueRequired":true,"valueName":"search_term_string"}}],"inLanguage":"fi"}]}},"_links":{"self":[{"href":"https:\/\/help.jamk.fi\/openbadge\/wp-json\/wp\/v2\/pages\/38","targetHints":{"allow":["GET"]}}],"collection":[{"href":"https:\/\/help.jamk.fi\/openbadge\/wp-json\/wp\/v2\/pages"}],"about":[{"href":"https:\/\/help.jamk.fi\/openbadge\/wp-json\/wp\/v2\/types\/page"}],"author":[{"embeddable":true,"href":"https:\/\/help.jamk.fi\/openbadge\/wp-json\/wp\/v2\/users\/74"}],"replies":[{"embeddable":true,"href":"https:\/\/help.jamk.fi\/openbadge\/wp-json\/wp\/v2\/comments?post=38"}],"version-history":[{"count":10,"href":"https:\/\/help.jamk.fi\/openbadge\/wp-json\/wp\/v2\/pages\/38\/revisions"}],"predecessor-version":[{"id":375,"href":"https:\/\/help.jamk.fi\/openbadge\/wp-json\/wp\/v2\/pages\/38\/revisions\/375"}],"up":[{"embeddable":true,"href":"https:\/\/help.jamk.fi\/openbadge\/wp-json\/wp\/v2\/pages\/294"}],"wp:attachment":[{"href":"https:\/\/help.jamk.fi\/openbadge\/wp-json\/wp\/v2\/media?parent=38"}],"wp:term":[{"taxonomy":"category","embeddable":true,"href":"https:\/\/help.jamk.fi\/openbadge\/wp-json\/wp\/v2\/categories?post=38"},{"taxonomy":"post_tag","embeddable":true,"href":"https:\/\/help.jamk.fi\/openbadge\/wp-json\/wp\/v2\/tags?post=38"}],"curies":[{"name":"wp","href":"https:\/\/api.w.org\/{rel}","templated":true}]}}