{"id":5,"date":"2015-05-04T06:55:33","date_gmt":"2015-05-04T03:55:33","guid":{"rendered":"https:\/\/help.jamk.fi\/open-badge\/sample-page\/"},"modified":"2024-04-29T11:54:42","modified_gmt":"2024-04-29T08:54:42","slug":"open-badge","status":"publish","type":"page","link":"https:\/\/help.jamk.fi\/openbadge\/fi\/","title":{"rendered":"Open badge eli digitaalinen osaamismerkki"},"content":{"rendered":"\n<div id=\"text-column-block_19c71b7aa7f9655d4e96b72c38a23cbc\" class=\"text-column block-text-column\">\n  <div class=\"block-text-column__wrapper\">\n                  <div class=\"row block-text-column__column-section\">\n          <div class=\"col-12 col-md-5 block-text-column__column-section--column\">\n            <div class=\"block-text-column__column-section--title-wrap\">\n                              <h2 class=\"\">Osaamismerkkien k\u00e4ytt\u00f6 Jyv\u00e4skyl\u00e4n ammattikorkeakoulussa<\/h2>\n                          <\/div>\n          <\/div>\n          <div class=\"col-12 col-md-7 block-text-column__column-section--column\">\n                          <div class=\"block-text-column__column-section--text_area\">\n                <p><!-- wp:paragraph --><\/p>\n<p>Open badge on laajimmin maailmalla k\u00e4yt\u00f6ss\u00e4 oleva osaamismerkkiformaatti. Jyv\u00e4skyl\u00e4n ammattikorkeakoulussa my\u00f6nn\u00e4mme open badge -merkkej\u00e4.<\/p>\n<p>Osaamismerkkej\u00e4 voidaan k\u00e4ytt\u00e4\u00e4 korkeakoulussa muun muassa:<\/p>\n<p><!-- \/wp:paragraph --> <!-- wp:list --><\/p>\n<ul>\n<li style=\"list-style-type: none;\">\n<ul><!-- wp:list-item --><\/p>\n<li>todisteena tietyst\u00e4 osaamisesta<\/li>\n<\/ul>\n<\/li>\n<\/ul>\n<p><!-- \/wp:list-item --> <!-- wp:list-item --><\/p>\n<ul>\n<li style=\"list-style-type: none;\">\n<ul>\n<li>vaihtoehtona perinteiselle todistukselle<\/li>\n<\/ul>\n<\/li>\n<\/ul>\n<p><!-- \/wp:list-item --> <!-- wp:list-item --><\/p>\n<ul>\n<li style=\"list-style-type: none;\">\n<ul>\n<li>suoritusmerkkin\u00e4 koulutuksesta tai tapahtumaan osallistumisesta<\/li>\n<\/ul>\n<\/li>\n<\/ul>\n<p><!-- \/wp:list-item --> <!-- wp:list-item --><\/p>\n<ul>\n<li style=\"list-style-type: none;\">\n<ul>\n<li>AHOT-ty\u00f6ss\u00e4 osaamisien tunnustamismerkkin\u00e4<\/li>\n<\/ul>\n<\/li>\n<\/ul>\n<p><!-- \/wp:list-item --> <!-- wp:list-item --><\/p>\n<ul>\n<li style=\"list-style-type: none;\">\n<ul>\n<li>pienoisportfolion syd\u00e4men\u00e4<\/li>\n<\/ul>\n<\/li>\n<\/ul>\n<p><!-- \/wp:list-item --><\/p>\n<p><!-- \/wp:list --> <!-- wp:paragraph --><\/p>\n<p>Open badgen vastaanottaja voi liitt\u00e4\u00e4 merkit s\u00e4hk\u00f6isiin portfolioihin ja ansioluetteloihin, www-sivuille, sosiaalisen median palveluihin (esim. LinkedIn) tai vaikka henkil\u00f6st\u00f6intran omiin tietoihin.<\/p>\n<p><!-- \/wp:paragraph --> <!-- wp:paragraph --><\/p>\n<p>JAMKissa open badgeja on my\u00f6nnetty vuodesta 2014 alkaen. Merkkej\u00e4 my\u00f6nnet\u00e4\u00e4n ennaltasovitun strategian mukaisesti mm. henkil\u00f6st\u00f6koulutuksista, t\u00e4ydennyskoulutuksista, MOOCeista ja jatkuvan oppimisen koulutuksista. K\u00e4yt\u00e4mme osaamismerkkien jakamisessa <a href=\"https:\/\/openbadgefactory.com\/en\/\" target=\"_blank\" rel=\"noopener\">Open Badge Factory<\/a> -palvelua. Palveluun tarvitset k\u00e4ytt\u00f6oikeudet. Merkkej\u00e4 voi my\u00f6nt\u00e4\u00e4 my\u00f6s suoraan Moodle-oppimisymp\u00e4rist\u00f6n kautta.<\/p>\n<p><!-- wp:image {\"align\":\"left\",\"id\":80,\"width\":460,\"height\":276,\"sizeSlug\":\"full\",\"linkDestination\":\"media\"} --><\/p>\n<figure class=\"wp-block-image alignleft size-full is-resized\"><\/figure>\n<p><!-- \/wp:image --><\/p>\n<p><!-- \/wp:paragraph --><\/p>\n              <\/div>\n                      <\/div>\n        <\/div>\n              <div class=\"row block-text-column__column-section\">\n          <div class=\"col-12 col-md-5 block-text-column__column-section--column\">\n            <div class=\"block-text-column__column-section--title-wrap\">\n                              <h2 class=\"\">Haluatko open badget osaksi opetus- tai hankety\u00f6t\u00e4si? <\/h2>\n                          <\/div>\n          <\/div>\n          <div class=\"col-12 col-md-7 block-text-column__column-section--column\">\n                          <div class=\"block-text-column__column-section--text_area\">\n                <p>Jamkin open badge -toimintaa koordinoi Mari Varonen. H\u00e4n antaa lis\u00e4tietoja, lis\u00e4\u00e4 k\u00e4ytt\u00f6oikeuksia Open badge factoryyn, ohjaa merkkien suunnittelussa sek\u00e4 auttaa tarvittaessa merkkien visuaalisessa muotoilussa.<\/p>\n<p>Ota yhteytt\u00e4:<\/p>\n<p>Mari Varonen, koulutuksen kehitt\u00e4mispalvelut, Jyv\u00e4skyl\u00e4n ammattikorkeakoulu, etunimi.sukunimi@jamk.fi<\/p>\n<p><!-- wp:image {\"align\":\"left\",\"id\":174,\"width\":\"204px\",\"height\":\"auto\",\"aspectRatio\":\"0.776\",\"sizeSlug\":\"full\",\"linkDestination\":\"none\"} --><\/p>\n<p><!-- \/wp:image --><\/p>\n              <\/div>\n                      <\/div>\n        <\/div>\n            <\/div>\n<\/div>","protected":false},"excerpt":{"rendered":"","protected":false},"author":74,"featured_media":0,"parent":0,"menu_order":0,"comment_status":"closed","ping_status":"closed","template":"templates\/template-full-width.php","meta":{"_acf_changed":false,"_relevanssi_hide_post":"","_relevanssi_hide_content":"","_relevanssi_pin_for_all":"","_relevanssi_pin_keywords":"","_relevanssi_unpin_keywords":"","_relevanssi_related_keywords":"","_relevanssi_related_include_ids":"","_relevanssi_related_exclude_ids":"","_relevanssi_related_no_append":"","_relevanssi_related_not_related":"","_relevanssi_related_posts":"","_relevanssi_noindex_reason":"","footnotes":""},"categories":[],"tags":[83,81,87,77,79,85],"class_list":["post-5","page","type-page","status-publish","hentry","tag-digitaalinen-todistus","tag-jamk","tag-moodle","tag-open-badge","tag-osaamismerkki","tag-portfolio"],"acf":[],"yoast_head":"<!-- This site is optimized with the Yoast SEO plugin v27.3 - https:\/\/yoast.com\/product\/yoast-seo-wordpress\/ -->\n<title>Open badge eli digitaalinen osaamismerkki - Open badge -osaamismerkit<\/title>\n<meta name=\"robots\" content=\"index, follow, max-snippet:-1, max-image-preview:large, max-video-preview:-1\" \/>\n<link rel=\"canonical\" href=\"https:\/\/help.jamk.fi\/openbadge\/fi\/\" \/>\n<meta property=\"og:locale\" content=\"fi_FI\" \/>\n<meta property=\"og:type\" content=\"article\" \/>\n<meta property=\"og:title\" content=\"Open badge eli digitaalinen osaamismerkki - Open badge -osaamismerkit\" \/>\n<meta property=\"og:url\" content=\"https:\/\/help.jamk.fi\/openbadge\/fi\/\" \/>\n<meta property=\"og:site_name\" content=\"Open badge -osaamismerkit\" \/>\n<meta property=\"article:modified_time\" content=\"2024-04-29T08:54:42+00:00\" \/>\n<meta name=\"twitter:card\" content=\"summary_large_image\" \/>\n<script type=\"application\/ld+json\" class=\"yoast-schema-graph\">{\"@context\":\"https:\\\/\\\/schema.org\",\"@graph\":[{\"@type\":\"WebPage\",\"@id\":\"https:\\\/\\\/help.jamk.fi\\\/openbadge\\\/fi\\\/\",\"url\":\"https:\\\/\\\/help.jamk.fi\\\/openbadge\\\/fi\\\/\",\"name\":\"Open badge eli digitaalinen osaamismerkki - Open badge -osaamismerkit\",\"isPartOf\":{\"@id\":\"https:\\\/\\\/help.jamk.fi\\\/openbadge\\\/#website\"},\"datePublished\":\"2015-05-04T03:55:33+00:00\",\"dateModified\":\"2024-04-29T08:54:42+00:00\",\"breadcrumb\":{\"@id\":\"https:\\\/\\\/help.jamk.fi\\\/openbadge\\\/fi\\\/#breadcrumb\"},\"inLanguage\":\"fi\",\"potentialAction\":[{\"@type\":\"ReadAction\",\"target\":[\"https:\\\/\\\/help.jamk.fi\\\/openbadge\\\/fi\\\/\"]}]},{\"@type\":\"BreadcrumbList\",\"@id\":\"https:\\\/\\\/help.jamk.fi\\\/openbadge\\\/fi\\\/#breadcrumb\",\"itemListElement\":[{\"@type\":\"ListItem\",\"position\":1,\"name\":\"Etusivu\",\"item\":\"https:\\\/\\\/help.jamk.fi\\\/openbadge\\\/fi\\\/\"},{\"@type\":\"ListItem\",\"position\":2,\"name\":\"Open badge eli digitaalinen osaamismerkki\"}]},{\"@type\":\"WebSite\",\"@id\":\"https:\\\/\\\/help.jamk.fi\\\/openbadge\\\/#website\",\"url\":\"https:\\\/\\\/help.jamk.fi\\\/openbadge\\\/\",\"name\":\"Open badge -osaamismerkit\",\"description\":\"Digitaaliset osaamismerkit Jamkissa\",\"potentialAction\":[{\"@type\":\"SearchAction\",\"target\":{\"@type\":\"EntryPoint\",\"urlTemplate\":\"https:\\\/\\\/help.jamk.fi\\\/openbadge\\\/?s={search_term_string}\"},\"query-input\":{\"@type\":\"PropertyValueSpecification\",\"valueRequired\":true,\"valueName\":\"search_term_string\"}}],\"inLanguage\":\"fi\"}]}<\/script>\n<!-- \/ Yoast SEO plugin. -->","yoast_head_json":{"title":"Open badge eli digitaalinen osaamismerkki - Open badge -osaamismerkit","robots":{"index":"index","follow":"follow","max-snippet":"max-snippet:-1","max-image-preview":"max-image-preview:large","max-video-preview":"max-video-preview:-1"},"canonical":"https:\/\/help.jamk.fi\/openbadge\/fi\/","og_locale":"fi_FI","og_type":"article","og_title":"Open badge eli digitaalinen osaamismerkki - Open badge -osaamismerkit","og_url":"https:\/\/help.jamk.fi\/openbadge\/fi\/","og_site_name":"Open badge -osaamismerkit","article_modified_time":"2024-04-29T08:54:42+00:00","twitter_card":"summary_large_image","schema":{"@context":"https:\/\/schema.org","@graph":[{"@type":"WebPage","@id":"https:\/\/help.jamk.fi\/openbadge\/fi\/","url":"https:\/\/help.jamk.fi\/openbadge\/fi\/","name":"Open badge eli digitaalinen osaamismerkki - Open badge -osaamismerkit","isPartOf":{"@id":"https:\/\/help.jamk.fi\/openbadge\/#website"},"datePublished":"2015-05-04T03:55:33+00:00","dateModified":"2024-04-29T08:54:42+00:00","breadcrumb":{"@id":"https:\/\/help.jamk.fi\/openbadge\/fi\/#breadcrumb"},"inLanguage":"fi","potentialAction":[{"@type":"ReadAction","target":["https:\/\/help.jamk.fi\/openbadge\/fi\/"]}]},{"@type":"BreadcrumbList","@id":"https:\/\/help.jamk.fi\/openbadge\/fi\/#breadcrumb","itemListElement":[{"@type":"ListItem","position":1,"name":"Etusivu","item":"https:\/\/help.jamk.fi\/openbadge\/fi\/"},{"@type":"ListItem","position":2,"name":"Open badge eli digitaalinen osaamismerkki"}]},{"@type":"WebSite","@id":"https:\/\/help.jamk.fi\/openbadge\/#website","url":"https:\/\/help.jamk.fi\/openbadge\/","name":"Open badge -osaamismerkit","description":"Digitaaliset osaamismerkit Jamkissa","potentialAction":[{"@type":"SearchAction","target":{"@type":"EntryPoint","urlTemplate":"https:\/\/help.jamk.fi\/openbadge\/?s={search_term_string}"},"query-input":{"@type":"PropertyValueSpecification","valueRequired":true,"valueName":"search_term_string"}}],"inLanguage":"fi"}]}},"_links":{"self":[{"href":"https:\/\/help.jamk.fi\/openbadge\/wp-json\/wp\/v2\/pages\/5","targetHints":{"allow":["GET"]}}],"collection":[{"href":"https:\/\/help.jamk.fi\/openbadge\/wp-json\/wp\/v2\/pages"}],"about":[{"href":"https:\/\/help.jamk.fi\/openbadge\/wp-json\/wp\/v2\/types\/page"}],"author":[{"embeddable":true,"href":"https:\/\/help.jamk.fi\/openbadge\/wp-json\/wp\/v2\/users\/74"}],"replies":[{"embeddable":true,"href":"https:\/\/help.jamk.fi\/openbadge\/wp-json\/wp\/v2\/comments?post=5"}],"version-history":[{"count":42,"href":"https:\/\/help.jamk.fi\/openbadge\/wp-json\/wp\/v2\/pages\/5\/revisions"}],"predecessor-version":[{"id":404,"href":"https:\/\/help.jamk.fi\/openbadge\/wp-json\/wp\/v2\/pages\/5\/revisions\/404"}],"wp:attachment":[{"href":"https:\/\/help.jamk.fi\/openbadge\/wp-json\/wp\/v2\/media?parent=5"}],"wp:term":[{"taxonomy":"category","embeddable":true,"href":"https:\/\/help.jamk.fi\/openbadge\/wp-json\/wp\/v2\/categories?post=5"},{"taxonomy":"post_tag","embeddable":true,"href":"https:\/\/help.jamk.fi\/openbadge\/wp-json\/wp\/v2\/tags?post=5"}],"curies":[{"name":"wp","href":"https:\/\/api.w.org\/{rel}","templated":true}]}}