{"id":92,"date":"2015-11-20T11:02:02","date_gmt":"2015-11-20T09:02:02","guid":{"rendered":"https:\/\/help.jamk.fi\/open-badge\/merkin-vastaanottaminen-open-badge-passportiin\/"},"modified":"2024-03-19T09:57:05","modified_gmt":"2024-03-19T07:57:05","slug":"merkin-vastaanottaminen-open-badge-passportiin","status":"publish","type":"page","link":"https:\/\/help.jamk.fi\/openbadge\/fi\/vastaanottajan-ohjeet\/merkin-vastaanottaminen-open-badge-passportiin\/","title":{"rendered":"Merkin vastaanottaminen"},"content":{"rendered":"\n<p>Ansaittuasi open badgen eli osaamismerkin saat s\u00e4hk\u00f6postiisi (siihen s\u00e4hk\u00f6postiosoitteeseen, joka on my\u00f6nt\u00e4j\u00e4n tiedossa) viestin my\u00f6nt\u00e4j\u00e4lt\u00e4.\u00a0<\/p>\n\n\n\n<p>T\u00e4ss\u00e4 ohjeessa k\u00e4ytet\u00e4\u00e4n esimerkkin\u00e4 Tuberoom-osaamismerkki\u00e4. Eri osaamismerkit ja niiden s\u00e4hk\u00f6postiviestit vaihtelevat ulkon\u00e4\u00f6lt\u00e4\u00e4n ja sis\u00e4ll\u00f6lt\u00e4\u00e4n.<\/p>\n\n\n\n<h2 class=\"wp-block-heading\">1 S\u00e4hk\u00f6postiviesti<\/h2>\n\n\n\n<p>Klikkaamalla osaamismerkin ohessa olevaa linkki\u00e4, p\u00e4\u00e4set eteenp\u00e4in.<\/p>\n\n\n\n<p><\/p>\n\n\n\n<figure class=\"wp-block-image size-full is-resized\"><img decoding=\"async\" src=\"https:\/\/help.jamk.fi\/openbadge\/wp-content\/uploads\/sites\/60\/2023\/09\/merkit2021email.jpg\" alt=\"\" class=\"wp-image-82\"\/><\/figure>\n\n\n\n<h2 class=\"wp-block-heading\">2 Vastaanota osaamismerkki<\/h2>\n\n\n\n<p> <a rel=\"noreferrer noopener\" href=\"https:\/\/openbadgepassport.com\/\" data-type=\"URL\" data-id=\"https:\/\/openbadgepassport.com\/\" target=\"_blank\">Open Badge Passport<\/a> on k\u00e4tev\u00e4, ilmainen ja luotettava palvelu, johon voit varastoida sek\u00e4 jaotella osaamismerkkej\u00e4 sek\u00e4 jakaa merkkikokoelmiasi sosiaalisen median palveluissa. Voit my\u00f6s jakaa merkin suoraan sosiaalisen median palveluissa kopioimalla jako-osoitteen kent\u00e4st\u00e4.<\/p>\n\n\n\n<p><\/p>\n\n\n\n<figure class=\"wp-block-image size-full is-resized\"><img decoding=\"async\" src=\"https:\/\/help.jamk.fi\/openbadge\/wp-content\/uploads\/sites\/60\/2023\/09\/merkit2021vastotto.jpg\" alt=\"\" class=\"wp-image-84\"\/><\/figure>\n\n\n\n<h2 class=\"wp-block-heading\">3 Hyv\u00e4ksy merkki Open Badge Passportissa <\/h2>\n\n\n\n<p>Osaamismerkki siirtyy automaattisesti Open Badge Passportiisi, jos Passport-tilisi on tehty samalla s\u00e4hk\u00f6postiosoitteella, johon merkki on my\u00f6nnetty.  Jos olet luonut tai haluat luoda Open Badge Passport -tilin jollain muulla s\u00e4hk\u00f6postiosoitteella \/ sometunnuksilla kuin mihin olet badge-viestin saanut, lis\u00e4\u00e4 t\u00e4m\u00e4 s\u00e4hk\u00f6postiosoite Passportin K\u00e4ytt\u00e4j\u00e4tilini \/ S\u00e4hk\u00f6postiosoitteet -tietoihin. <strong>Et voi vastaanottaa open badgea, jos t\u00e4t\u00e4 s\u00e4hk\u00f6postiosoitetta ei l\u00f6ydy palvelun tiedoista.<\/strong> Voit hyv\u00e4ksy\u00e4 tai hyl\u00e4t\u00e4 merkin. Jos hyv\u00e4ksyt sen, se varastoituu Passportiisi ja voit k\u00e4ytt\u00e4\u00e4 sit\u00e4 jatkossa tarpeidesi mukaan.<\/p>\n\n\n\n<figure class=\"wp-block-image size-full\"><img decoding=\"async\" src=\"https:\/\/help.jamk.fi\/openbadge\/wp-content\/uploads\/sites\/60\/2023\/09\/merkit2021hyv.jpg\" alt=\"\" class=\"wp-image-85\"\/><\/figure>\n\n\n\n<p><\/p>\n\n\n\n<p><\/p>\n","protected":false},"excerpt":{"rendered":"<p>Ansaittuasi open badgen eli osaamismerkin saat s\u00e4hk\u00f6postiisi (siihen s\u00e4hk\u00f6postiosoitteeseen, joka on my\u00f6nt\u00e4j\u00e4n tiedossa) viestin my\u00f6nt\u00e4j\u00e4lt\u00e4.\u00a0 T\u00e4ss\u00e4 ohjeessa k\u00e4ytet\u00e4\u00e4n esimerkkin\u00e4 Tuberoom-osaamismerkki\u00e4. Eri osaamismerkit ja niiden s\u00e4hk\u00f6postiviestit vaihtelevat ulkon\u00e4\u00f6lt\u00e4\u00e4n ja sis\u00e4ll\u00f6lt\u00e4\u00e4n. 1 S\u00e4hk\u00f6postiviesti Klikkaamalla osaamismerkin ohessa olevaa linkki\u00e4, p\u00e4\u00e4set eteenp\u00e4in. 2 Vastaanota osaamismerkki Open Badge Passport on k\u00e4tev\u00e4, ilmainen ja luotettava palvelu, johon voit varastoida sek\u00e4 jaotella [&hellip;]<\/p>\n","protected":false},"author":74,"featured_media":0,"parent":294,"menu_order":2,"comment_status":"closed","ping_status":"closed","template":"","meta":{"_acf_changed":false,"_relevanssi_hide_post":"","_relevanssi_hide_content":"","_relevanssi_pin_for_all":"","_relevanssi_pin_keywords":"","_relevanssi_unpin_keywords":"","_relevanssi_related_keywords":"","_relevanssi_related_include_ids":"","_relevanssi_related_exclude_ids":"","_relevanssi_related_no_append":"","_relevanssi_related_not_related":"","_relevanssi_related_posts":"","_relevanssi_noindex_reason":"","footnotes":""},"categories":[],"tags":[83,77,18,79,33,38],"class_list":["post-92","page","type-page","status-publish","hentry","tag-digitaalinen-todistus","tag-open-badge","tag-open-badge-passport","tag-osaamismerkki","tag-varasto","tag-vastaanottaminen"],"acf":[],"yoast_head":"<!-- This site is optimized with the Yoast SEO plugin v27.4 - https:\/\/yoast.com\/product\/yoast-seo-wordpress\/ -->\n<title>Merkin vastaanottaminen - Open badge -osaamismerkit<\/title>\n<meta name=\"robots\" content=\"index, follow, max-snippet:-1, max-image-preview:large, max-video-preview:-1\" \/>\n<link rel=\"canonical\" href=\"https:\/\/help.jamk.fi\/openbadge\/fi\/vastaanottajan-ohjeet\/merkin-vastaanottaminen-open-badge-passportiin\/\" \/>\n<meta property=\"og:locale\" content=\"fi_FI\" \/>\n<meta property=\"og:type\" content=\"article\" \/>\n<meta property=\"og:title\" content=\"Merkin vastaanottaminen - Open badge -osaamismerkit\" \/>\n<meta property=\"og:description\" content=\"Ansaittuasi open badgen eli osaamismerkin saat s\u00e4hk\u00f6postiisi (siihen s\u00e4hk\u00f6postiosoitteeseen, joka on my\u00f6nt\u00e4j\u00e4n tiedossa) viestin my\u00f6nt\u00e4j\u00e4lt\u00e4.\u00a0 T\u00e4ss\u00e4 ohjeessa k\u00e4ytet\u00e4\u00e4n esimerkkin\u00e4 Tuberoom-osaamismerkki\u00e4. Eri osaamismerkit ja niiden s\u00e4hk\u00f6postiviestit vaihtelevat ulkon\u00e4\u00f6lt\u00e4\u00e4n ja sis\u00e4ll\u00f6lt\u00e4\u00e4n. 1 S\u00e4hk\u00f6postiviesti Klikkaamalla osaamismerkin ohessa olevaa linkki\u00e4, p\u00e4\u00e4set eteenp\u00e4in. 2 Vastaanota osaamismerkki Open Badge Passport on k\u00e4tev\u00e4, ilmainen ja luotettava palvelu, johon voit varastoida sek\u00e4 jaotella [&hellip;]\" \/>\n<meta property=\"og:url\" content=\"https:\/\/help.jamk.fi\/openbadge\/fi\/vastaanottajan-ohjeet\/merkin-vastaanottaminen-open-badge-passportiin\/\" \/>\n<meta property=\"og:site_name\" content=\"Open badge -osaamismerkit\" \/>\n<meta property=\"article:modified_time\" content=\"2024-03-19T07:57:05+00:00\" \/>\n<meta property=\"og:image\" content=\"https:\/\/help.jamk.fi\/openbadge\/wp-content\/uploads\/sites\/60\/2023\/09\/merkit2021email.jpg\" \/>\n<meta name=\"twitter:card\" content=\"summary_large_image\" \/>\n<meta name=\"twitter:label1\" content=\"Arvioitu lukuaika\" \/>\n\t<meta name=\"twitter:data1\" content=\"2 minuuttia\" \/>\n<script type=\"application\/ld+json\" class=\"yoast-schema-graph\">{\"@context\":\"https:\\\/\\\/schema.org\",\"@graph\":[{\"@type\":\"WebPage\",\"@id\":\"https:\\\/\\\/help.jamk.fi\\\/openbadge\\\/fi\\\/vastaanottajan-ohjeet\\\/merkin-vastaanottaminen-open-badge-passportiin\\\/\",\"url\":\"https:\\\/\\\/help.jamk.fi\\\/openbadge\\\/fi\\\/vastaanottajan-ohjeet\\\/merkin-vastaanottaminen-open-badge-passportiin\\\/\",\"name\":\"Merkin vastaanottaminen - Open badge -osaamismerkit\",\"isPartOf\":{\"@id\":\"https:\\\/\\\/help.jamk.fi\\\/openbadge\\\/#website\"},\"primaryImageOfPage\":{\"@id\":\"https:\\\/\\\/help.jamk.fi\\\/openbadge\\\/fi\\\/vastaanottajan-ohjeet\\\/merkin-vastaanottaminen-open-badge-passportiin\\\/#primaryimage\"},\"image\":{\"@id\":\"https:\\\/\\\/help.jamk.fi\\\/openbadge\\\/fi\\\/vastaanottajan-ohjeet\\\/merkin-vastaanottaminen-open-badge-passportiin\\\/#primaryimage\"},\"thumbnailUrl\":\"https:\\\/\\\/help.jamk.fi\\\/openbadge\\\/wp-content\\\/uploads\\\/sites\\\/60\\\/2023\\\/09\\\/merkit2021email.jpg\",\"datePublished\":\"2015-11-20T09:02:02+00:00\",\"dateModified\":\"2024-03-19T07:57:05+00:00\",\"breadcrumb\":{\"@id\":\"https:\\\/\\\/help.jamk.fi\\\/openbadge\\\/fi\\\/vastaanottajan-ohjeet\\\/merkin-vastaanottaminen-open-badge-passportiin\\\/#breadcrumb\"},\"inLanguage\":\"fi\",\"potentialAction\":[{\"@type\":\"ReadAction\",\"target\":[\"https:\\\/\\\/help.jamk.fi\\\/openbadge\\\/fi\\\/vastaanottajan-ohjeet\\\/merkin-vastaanottaminen-open-badge-passportiin\\\/\"]}]},{\"@type\":\"ImageObject\",\"inLanguage\":\"fi\",\"@id\":\"https:\\\/\\\/help.jamk.fi\\\/openbadge\\\/fi\\\/vastaanottajan-ohjeet\\\/merkin-vastaanottaminen-open-badge-passportiin\\\/#primaryimage\",\"url\":\"https:\\\/\\\/help.jamk.fi\\\/openbadge\\\/wp-content\\\/uploads\\\/sites\\\/60\\\/2023\\\/09\\\/merkit2021email.jpg\",\"contentUrl\":\"https:\\\/\\\/help.jamk.fi\\\/openbadge\\\/wp-content\\\/uploads\\\/sites\\\/60\\\/2023\\\/09\\\/merkit2021email.jpg\"},{\"@type\":\"BreadcrumbList\",\"@id\":\"https:\\\/\\\/help.jamk.fi\\\/openbadge\\\/fi\\\/vastaanottajan-ohjeet\\\/merkin-vastaanottaminen-open-badge-passportiin\\\/#breadcrumb\",\"itemListElement\":[{\"@type\":\"ListItem\",\"position\":1,\"name\":\"Etusivu\",\"item\":\"https:\\\/\\\/help.jamk.fi\\\/openbadge\\\/fi\\\/\"},{\"@type\":\"ListItem\",\"position\":2,\"name\":\"Vastaanottajan ohjeet\",\"item\":\"https:\\\/\\\/help.jamk.fi\\\/openbadge\\\/fi\\\/vastaanottajan-ohjeet\\\/\"},{\"@type\":\"ListItem\",\"position\":3,\"name\":\"Merkin vastaanottaminen\"}]},{\"@type\":\"WebSite\",\"@id\":\"https:\\\/\\\/help.jamk.fi\\\/openbadge\\\/#website\",\"url\":\"https:\\\/\\\/help.jamk.fi\\\/openbadge\\\/\",\"name\":\"Open badge -osaamismerkit\",\"description\":\"Digitaaliset osaamismerkit Jamkissa\",\"potentialAction\":[{\"@type\":\"SearchAction\",\"target\":{\"@type\":\"EntryPoint\",\"urlTemplate\":\"https:\\\/\\\/help.jamk.fi\\\/openbadge\\\/?s={search_term_string}\"},\"query-input\":{\"@type\":\"PropertyValueSpecification\",\"valueRequired\":true,\"valueName\":\"search_term_string\"}}],\"inLanguage\":\"fi\"}]}<\/script>\n<!-- \/ Yoast SEO plugin. -->","yoast_head_json":{"title":"Merkin vastaanottaminen - Open badge -osaamismerkit","robots":{"index":"index","follow":"follow","max-snippet":"max-snippet:-1","max-image-preview":"max-image-preview:large","max-video-preview":"max-video-preview:-1"},"canonical":"https:\/\/help.jamk.fi\/openbadge\/fi\/vastaanottajan-ohjeet\/merkin-vastaanottaminen-open-badge-passportiin\/","og_locale":"fi_FI","og_type":"article","og_title":"Merkin vastaanottaminen - Open badge -osaamismerkit","og_description":"Ansaittuasi open badgen eli osaamismerkin saat s\u00e4hk\u00f6postiisi (siihen s\u00e4hk\u00f6postiosoitteeseen, joka on my\u00f6nt\u00e4j\u00e4n tiedossa) viestin my\u00f6nt\u00e4j\u00e4lt\u00e4.\u00a0 T\u00e4ss\u00e4 ohjeessa k\u00e4ytet\u00e4\u00e4n esimerkkin\u00e4 Tuberoom-osaamismerkki\u00e4. Eri osaamismerkit ja niiden s\u00e4hk\u00f6postiviestit vaihtelevat ulkon\u00e4\u00f6lt\u00e4\u00e4n ja sis\u00e4ll\u00f6lt\u00e4\u00e4n. 1 S\u00e4hk\u00f6postiviesti Klikkaamalla osaamismerkin ohessa olevaa linkki\u00e4, p\u00e4\u00e4set eteenp\u00e4in. 2 Vastaanota osaamismerkki Open Badge Passport on k\u00e4tev\u00e4, ilmainen ja luotettava palvelu, johon voit varastoida sek\u00e4 jaotella [&hellip;]","og_url":"https:\/\/help.jamk.fi\/openbadge\/fi\/vastaanottajan-ohjeet\/merkin-vastaanottaminen-open-badge-passportiin\/","og_site_name":"Open badge -osaamismerkit","article_modified_time":"2024-03-19T07:57:05+00:00","og_image":[{"url":"https:\/\/help.jamk.fi\/openbadge\/wp-content\/uploads\/sites\/60\/2023\/09\/merkit2021email.jpg","type":"","width":"","height":""}],"twitter_card":"summary_large_image","twitter_misc":{"Arvioitu lukuaika":"2 minuuttia"},"schema":{"@context":"https:\/\/schema.org","@graph":[{"@type":"WebPage","@id":"https:\/\/help.jamk.fi\/openbadge\/fi\/vastaanottajan-ohjeet\/merkin-vastaanottaminen-open-badge-passportiin\/","url":"https:\/\/help.jamk.fi\/openbadge\/fi\/vastaanottajan-ohjeet\/merkin-vastaanottaminen-open-badge-passportiin\/","name":"Merkin vastaanottaminen - Open badge -osaamismerkit","isPartOf":{"@id":"https:\/\/help.jamk.fi\/openbadge\/#website"},"primaryImageOfPage":{"@id":"https:\/\/help.jamk.fi\/openbadge\/fi\/vastaanottajan-ohjeet\/merkin-vastaanottaminen-open-badge-passportiin\/#primaryimage"},"image":{"@id":"https:\/\/help.jamk.fi\/openbadge\/fi\/vastaanottajan-ohjeet\/merkin-vastaanottaminen-open-badge-passportiin\/#primaryimage"},"thumbnailUrl":"https:\/\/help.jamk.fi\/openbadge\/wp-content\/uploads\/sites\/60\/2023\/09\/merkit2021email.jpg","datePublished":"2015-11-20T09:02:02+00:00","dateModified":"2024-03-19T07:57:05+00:00","breadcrumb":{"@id":"https:\/\/help.jamk.fi\/openbadge\/fi\/vastaanottajan-ohjeet\/merkin-vastaanottaminen-open-badge-passportiin\/#breadcrumb"},"inLanguage":"fi","potentialAction":[{"@type":"ReadAction","target":["https:\/\/help.jamk.fi\/openbadge\/fi\/vastaanottajan-ohjeet\/merkin-vastaanottaminen-open-badge-passportiin\/"]}]},{"@type":"ImageObject","inLanguage":"fi","@id":"https:\/\/help.jamk.fi\/openbadge\/fi\/vastaanottajan-ohjeet\/merkin-vastaanottaminen-open-badge-passportiin\/#primaryimage","url":"https:\/\/help.jamk.fi\/openbadge\/wp-content\/uploads\/sites\/60\/2023\/09\/merkit2021email.jpg","contentUrl":"https:\/\/help.jamk.fi\/openbadge\/wp-content\/uploads\/sites\/60\/2023\/09\/merkit2021email.jpg"},{"@type":"BreadcrumbList","@id":"https:\/\/help.jamk.fi\/openbadge\/fi\/vastaanottajan-ohjeet\/merkin-vastaanottaminen-open-badge-passportiin\/#breadcrumb","itemListElement":[{"@type":"ListItem","position":1,"name":"Etusivu","item":"https:\/\/help.jamk.fi\/openbadge\/fi\/"},{"@type":"ListItem","position":2,"name":"Vastaanottajan ohjeet","item":"https:\/\/help.jamk.fi\/openbadge\/fi\/vastaanottajan-ohjeet\/"},{"@type":"ListItem","position":3,"name":"Merkin vastaanottaminen"}]},{"@type":"WebSite","@id":"https:\/\/help.jamk.fi\/openbadge\/#website","url":"https:\/\/help.jamk.fi\/openbadge\/","name":"Open badge -osaamismerkit","description":"Digitaaliset osaamismerkit Jamkissa","potentialAction":[{"@type":"SearchAction","target":{"@type":"EntryPoint","urlTemplate":"https:\/\/help.jamk.fi\/openbadge\/?s={search_term_string}"},"query-input":{"@type":"PropertyValueSpecification","valueRequired":true,"valueName":"search_term_string"}}],"inLanguage":"fi"}]}},"_links":{"self":[{"href":"https:\/\/help.jamk.fi\/openbadge\/wp-json\/wp\/v2\/pages\/92","targetHints":{"allow":["GET"]}}],"collection":[{"href":"https:\/\/help.jamk.fi\/openbadge\/wp-json\/wp\/v2\/pages"}],"about":[{"href":"https:\/\/help.jamk.fi\/openbadge\/wp-json\/wp\/v2\/types\/page"}],"author":[{"embeddable":true,"href":"https:\/\/help.jamk.fi\/openbadge\/wp-json\/wp\/v2\/users\/74"}],"replies":[{"embeddable":true,"href":"https:\/\/help.jamk.fi\/openbadge\/wp-json\/wp\/v2\/comments?post=92"}],"version-history":[{"count":15,"href":"https:\/\/help.jamk.fi\/openbadge\/wp-json\/wp\/v2\/pages\/92\/revisions"}],"predecessor-version":[{"id":384,"href":"https:\/\/help.jamk.fi\/openbadge\/wp-json\/wp\/v2\/pages\/92\/revisions\/384"}],"up":[{"embeddable":true,"href":"https:\/\/help.jamk.fi\/openbadge\/wp-json\/wp\/v2\/pages\/294"}],"wp:attachment":[{"href":"https:\/\/help.jamk.fi\/openbadge\/wp-json\/wp\/v2\/media?parent=92"}],"wp:term":[{"taxonomy":"category","embeddable":true,"href":"https:\/\/help.jamk.fi\/openbadge\/wp-json\/wp\/v2\/categories?post=92"},{"taxonomy":"post_tag","embeddable":true,"href":"https:\/\/help.jamk.fi\/openbadge\/wp-json\/wp\/v2\/tags?post=92"}],"curies":[{"name":"wp","href":"https:\/\/api.w.org\/{rel}","templated":true}]}}