{"id":107,"date":"2015-10-13T07:37:27","date_gmt":"2015-10-13T04:37:27","guid":{"rendered":"https:\/\/help.jamk.fi\/opetustyokalut\/esitystekniikka-opetuksessa\/kuva-ja-aani-tietokoneesta-projektoriin\/"},"modified":"2025-04-24T10:28:06","modified_gmt":"2025-04-24T07:28:06","slug":"kuva-ja-aani-tietokoneesta-projektoriin","status":"publish","type":"page","link":"https:\/\/help.jamk.fi\/opetus\/fi\/esitystekniikka-opetuksessa\/kuva-ja-aani-tietokoneesta-projektoriin\/","title":{"rendered":"Kuva ja \u00e4\u00e4ni tietokoneesta projektoriin"},"content":{"rendered":"\n<p>Jamkin henkil\u00f6kunnan PC-kannettavista saat kuvan ja \u00e4\u00e4nen esityslaitteisiin HDMI-portin kautta.  Mik\u00e4li laitteessasi ei ole HDMI-liit\u00e4nt\u00e4paikkaa, tulee k\u00e4ytt\u00e4\u00e4 USB-C &#8211; HDMI adapteria. Adaptereita voi lainata ICT-Helpdeskist\u00e4.<\/p>\n\n\n\n<p>Ohjauspaneelilla varustetuissa tiloissa tarkista, ett\u00e4 paneelin valintapainikkeessa ja liit\u00e4nt\u00e4kaapelissa on sama merkint\u00e4, esim. HDMI1, tai PC1, ja tee valinta sen mukaisesti. Auditorioissa edell\u00e4 mainitun valinnan lis\u00e4ksi valitse lis\u00e4ksi N\u00e4yt\u00e4 projektorilla -painike. On my\u00f6s hyv\u00e4 muistaa, ett\u00e4 auditorioissa on j\u00e4rjestelmien monimutkaisuuden vuoksi k\u00e4ynnistysviiveit\u00e4, eli anna j\u00e4rjestelm\u00e4lle aikaa k\u00e4ynnisty\u00e4! N\u00e4yt\u00e4 projektorilla -painiketta kannattaa painaa uudestaan sitten, kun projektori on k\u00e4ynnistynyt.<\/p>\n\n\n\n<p>Jos kuva ei n\u00e4y, niin tarkasta, ett\u00e4<\/p>\n\n\n\n<ol class=\"wp-block-list\">\n<li><a href=\"https:\/\/help.jamk.fi\/opetus\/fi\/esitystekniikka-opetuksessa\/kuvan-jako-windowsista-esityslaitteelle\/\">kuvan jako<\/a> on p\u00e4\u00e4ll\u00e4 tietokoneen asetuksissa, <\/li>\n\n\n\n<li>av-kaapeli on oikein liitetty ja kunnolla kiinni sek\u00e4 <\/li>\n\n\n\n<li>ohjauspaneelista tai projektorista oikea kuval\u00e4hde valittuna.<\/li>\n<\/ol>\n\n\n\n<p>Jos k\u00e4yt\u00f6ss\u00e4 on ohjauspaneelin kautta k\u00e4ytett\u00e4v\u00e4 av-j\u00e4rjestelm\u00e4, joka on ollut p\u00e4\u00e4ll\u00e4 tilaan tullessasi, sammuta j\u00e4rjestelm\u00e4 ohjauspaneelin kautta ja k\u00e4ynnist\u00e4 se uudelleen.<\/p>\n\n\n\n<p>Ellei n\u00e4ist\u00e4 mik\u00e4\u00e4n auta, l\u00e4het\u00e4 palvelupyynt\u00f6 ICT-tukeen, soita tai k\u00e4y kampuksen Helpdesk palvelutiskill\u00e4. Joskus kaapelit tai liittimet kuluvat k\u00e4yt\u00f6ss\u00e4&nbsp;rikki tai ohjausj\u00e4rjestelm\u00e4 on jumissa. Silloin ICT-tuen apu on tarpeen.<\/p>\n\n\n<div id=\"info-lift-block_59fc5d628dbe7b6fc69a6374514c9bb1\" class=\"block-info-lift block-info-lift\">\n  <div class=\"row\">\n    <div class=\"col-12\">\n              <div class=\"block-info-lift__content\">\n          <div class=\"block-info-lift__content__icon\">\n            <span>!<\/span>\n          <\/div>\n          <p class=\"block-info-lift__content__text\">Muista sammuttaa av-j\u00e4rjestelm\u00e4 tai projektori k\u00e4yt\u00f6n j\u00e4lkeen.<\/p>\n        <\/div>\n          <\/div>\n  <\/div>\n<\/div>\n\n\n<h2 class=\"wp-block-heading\">Liit\u00e4nn\u00e4t ja sovittimet<\/h2>\n\n\n\n<figure class=\"wp-block-image is-resized\"><a href=\"https:\/\/help.jamk.fi\/opetustyokalut\/wp-content\/uploads\/sites\/104\/2023\/09\/disp_hdmi.jpg\"><img decoding=\"async\" src=\"https:\/\/help.jamk.fi\/opetustyokalut\/wp-content\/uploads\/sites\/104\/2023\/09\/disp_hdmi.jpg\" alt=\"Kuvassa ympyr\u00f6ity tietokoneen sivussa olevan suorakulmio, jossa yksi nurkka py\u00f6ristetty, k\u00e4dess\u00e4 pidet\u00e4\u00e4n johtoa, josta nuoli tietokoneen sivussa olevaan, edell\u00e4 ympyr\u00f6ityyn liit\u00e4nt\u00e4\u00e4n sek\u00e4 k\u00e4dess\u00e4 hdmi-johto, jossa kaksi kulmaa py\u00f6ristetty suorakulmio.\" class=\"wp-image-159\" style=\"aspect-ratio:3.5458333333333334;width:465px;height:auto\"\/><\/a><\/figure>\n\n\n\n<p>Kaikkia kannettavia kuten Macbook Pro laitteita ei ole varustettu hdmi-liit\u00e4nn\u00e4ll\u00e4, joten ne liitet\u00e4\u00e4n USB-C \/ Thunderbolt adapterilla esityslaitteeseen.  N\u00e4it\u00e4 ei ole luokissa vakiovarusteena, joten hanki tarvittaessa sellainen itsellesi.<\/p>\n\n\n\n<p>Useimmat perusopetustilat on varustettu Sonyn projektorilla, jonka\u00a0k\u00e4ynnist\u00e4t projektorin kaukos\u00e4\u00e4timell\u00e4. Valitse liit\u00e4nn\u00e4ksi kaukos\u00e4\u00e4timell\u00e4 Input-C. S\u00e4\u00e4d\u00e4 \u00e4\u00e4nenvoimakkuus projektorin kaukos\u00e4\u00e4timell\u00e4 tai tietokoneen omilla \u00e4\u00e4nenvoimakkuuss\u00e4\u00e4d\u00f6ill\u00e4.<\/p>\n\n\n\n<figure class=\"wp-block-image size-full is-resized\"><img loading=\"lazy\" decoding=\"async\" width=\"349\" height=\"608\" src=\"https:\/\/help.jamk.fi\/opetus\/wp-content\/uploads\/sites\/104\/2024\/01\/kapula.png\" alt=\"Kaukos\u00e4\u00e4dinkuva, jossa on merkitty virtapainike, input-painike sek\u00e4 \u00e4\u00e4nenvoimakkuuden painikkeet\" class=\"wp-image-1728\" style=\"aspect-ratio:0.5748792270531401;width:305px;height:auto\" srcset=\"https:\/\/help.jamk.fi\/opetus\/wp-content\/uploads\/sites\/104\/2024\/01\/kapula.png 349w, https:\/\/help.jamk.fi\/opetus\/wp-content\/uploads\/sites\/104\/2024\/01\/kapula-172x300.png 172w\" sizes=\"auto, (max-width: 349px) 100vw, 349px\" \/><\/figure>\n\n\n\n<p>Katso seuraavaksi: <a href=\"https:\/\/help.jamk.fi\/opetus\/fi\/esitystekniikka-opetuksessa\/kuvan-jako-windowsista-esityslaitteelle\/\">N\u00e4yt\u00f6n jako Windowsista esityslaitteelle<\/a><\/p>\n","protected":false},"excerpt":{"rendered":"<p>Jamkin henkil\u00f6kunnan PC-kannettavista saat kuvan ja \u00e4\u00e4nen esityslaitteisiin HDMI-portin kautta. Mik\u00e4li laitteessasi ei ole HDMI-liit\u00e4nt\u00e4paikkaa, tulee k\u00e4ytt\u00e4\u00e4 USB-C &#8211; HDMI adapteria. Adaptereita voi lainata ICT-Helpdeskist\u00e4. Ohjauspaneelilla varustetuissa tiloissa tarkista, ett\u00e4 paneelin valintapainikkeessa ja liit\u00e4nt\u00e4kaapelissa on sama merkint\u00e4, esim. HDMI1, tai PC1, ja tee valinta sen mukaisesti. Auditorioissa edell\u00e4 mainitun valinnan lis\u00e4ksi valitse lis\u00e4ksi N\u00e4yt\u00e4 projektorilla [&hellip;]<\/p>\n","protected":false},"author":74,"featured_media":0,"parent":1144,"menu_order":10,"comment_status":"closed","ping_status":"closed","template":"","meta":{"_acf_changed":false,"_relevanssi_hide_post":"","_relevanssi_hide_content":"","_relevanssi_pin_for_all":"","_relevanssi_pin_keywords":"","_relevanssi_unpin_keywords":"","_relevanssi_related_keywords":"","_relevanssi_related_include_ids":"","_relevanssi_related_exclude_ids":"","_relevanssi_related_no_append":"","_relevanssi_related_not_related":"","_relevanssi_related_posts":"","_relevanssi_noindex_reason":"","footnotes":""},"categories":[],"tags":[212],"class_list":["post-107","page","type-page","status-publish","hentry","tag-kuvanjako"],"acf":[],"yoast_head":"<!-- This site is optimized with the Yoast SEO plugin v27.4 - https:\/\/yoast.com\/product\/yoast-seo-wordpress\/ -->\n<title>Kuva ja \u00e4\u00e4ni tietokoneesta projektoriin - Opetus<\/title>\n<meta name=\"robots\" content=\"index, follow, max-snippet:-1, max-image-preview:large, max-video-preview:-1\" \/>\n<link rel=\"canonical\" href=\"https:\/\/help.jamk.fi\/opetus\/fi\/esitystekniikka-opetuksessa\/kuva-ja-aani-tietokoneesta-projektoriin\/\" \/>\n<meta property=\"og:locale\" content=\"fi_FI\" \/>\n<meta property=\"og:type\" content=\"article\" \/>\n<meta property=\"og:title\" content=\"Kuva ja \u00e4\u00e4ni tietokoneesta projektoriin - Opetus\" \/>\n<meta property=\"og:description\" content=\"Jamkin henkil\u00f6kunnan PC-kannettavista saat kuvan ja \u00e4\u00e4nen esityslaitteisiin HDMI-portin kautta. Mik\u00e4li laitteessasi ei ole HDMI-liit\u00e4nt\u00e4paikkaa, tulee k\u00e4ytt\u00e4\u00e4 USB-C &#8211; HDMI adapteria. Adaptereita voi lainata ICT-Helpdeskist\u00e4. Ohjauspaneelilla varustetuissa tiloissa tarkista, ett\u00e4 paneelin valintapainikkeessa ja liit\u00e4nt\u00e4kaapelissa on sama merkint\u00e4, esim. HDMI1, tai PC1, ja tee valinta sen mukaisesti. Auditorioissa edell\u00e4 mainitun valinnan lis\u00e4ksi valitse lis\u00e4ksi N\u00e4yt\u00e4 projektorilla [&hellip;]\" \/>\n<meta property=\"og:url\" content=\"https:\/\/help.jamk.fi\/opetus\/fi\/esitystekniikka-opetuksessa\/kuva-ja-aani-tietokoneesta-projektoriin\/\" \/>\n<meta property=\"og:site_name\" content=\"Opetus\" \/>\n<meta property=\"article:modified_time\" content=\"2025-04-24T07:28:06+00:00\" \/>\n<meta name=\"twitter:card\" content=\"summary_large_image\" \/>\n<meta name=\"twitter:label1\" content=\"Arvioitu lukuaika\" \/>\n\t<meta name=\"twitter:data1\" content=\"2 minuuttia\" \/>\n<script type=\"application\/ld+json\" class=\"yoast-schema-graph\">{\"@context\":\"https:\\\/\\\/schema.org\",\"@graph\":[{\"@type\":\"WebPage\",\"@id\":\"https:\\\/\\\/help.jamk.fi\\\/opetus\\\/fi\\\/esitystekniikka-opetuksessa\\\/kuva-ja-aani-tietokoneesta-projektoriin\\\/\",\"url\":\"https:\\\/\\\/help.jamk.fi\\\/opetus\\\/fi\\\/esitystekniikka-opetuksessa\\\/kuva-ja-aani-tietokoneesta-projektoriin\\\/\",\"name\":\"Kuva ja \u00e4\u00e4ni tietokoneesta projektoriin - Opetus\",\"isPartOf\":{\"@id\":\"https:\\\/\\\/help.jamk.fi\\\/opetus\\\/#website\"},\"primaryImageOfPage\":{\"@id\":\"https:\\\/\\\/help.jamk.fi\\\/opetus\\\/fi\\\/esitystekniikka-opetuksessa\\\/kuva-ja-aani-tietokoneesta-projektoriin\\\/#primaryimage\"},\"image\":{\"@id\":\"https:\\\/\\\/help.jamk.fi\\\/opetus\\\/fi\\\/esitystekniikka-opetuksessa\\\/kuva-ja-aani-tietokoneesta-projektoriin\\\/#primaryimage\"},\"thumbnailUrl\":\"https:\\\/\\\/help.jamk.fi\\\/opetustyokalut\\\/wp-content\\\/uploads\\\/sites\\\/104\\\/2023\\\/09\\\/disp_hdmi.jpg\",\"datePublished\":\"2015-10-13T04:37:27+00:00\",\"dateModified\":\"2025-04-24T07:28:06+00:00\",\"breadcrumb\":{\"@id\":\"https:\\\/\\\/help.jamk.fi\\\/opetus\\\/fi\\\/esitystekniikka-opetuksessa\\\/kuva-ja-aani-tietokoneesta-projektoriin\\\/#breadcrumb\"},\"inLanguage\":\"fi\",\"potentialAction\":[{\"@type\":\"ReadAction\",\"target\":[\"https:\\\/\\\/help.jamk.fi\\\/opetus\\\/fi\\\/esitystekniikka-opetuksessa\\\/kuva-ja-aani-tietokoneesta-projektoriin\\\/\"]}]},{\"@type\":\"ImageObject\",\"inLanguage\":\"fi\",\"@id\":\"https:\\\/\\\/help.jamk.fi\\\/opetus\\\/fi\\\/esitystekniikka-opetuksessa\\\/kuva-ja-aani-tietokoneesta-projektoriin\\\/#primaryimage\",\"url\":\"https:\\\/\\\/help.jamk.fi\\\/opetustyokalut\\\/wp-content\\\/uploads\\\/sites\\\/104\\\/2023\\\/09\\\/disp_hdmi.jpg\",\"contentUrl\":\"https:\\\/\\\/help.jamk.fi\\\/opetustyokalut\\\/wp-content\\\/uploads\\\/sites\\\/104\\\/2023\\\/09\\\/disp_hdmi.jpg\"},{\"@type\":\"BreadcrumbList\",\"@id\":\"https:\\\/\\\/help.jamk.fi\\\/opetus\\\/fi\\\/esitystekniikka-opetuksessa\\\/kuva-ja-aani-tietokoneesta-projektoriin\\\/#breadcrumb\",\"itemListElement\":[{\"@type\":\"ListItem\",\"position\":1,\"name\":\"Etusivu\",\"item\":\"https:\\\/\\\/help.jamk.fi\\\/opetus\\\/fi\\\/\"},{\"@type\":\"ListItem\",\"position\":2,\"name\":\"Esitystekniikka opetuksessa\",\"item\":\"https:\\\/\\\/help.jamk.fi\\\/opetus\\\/fi\\\/esitystekniikka-opetuksessa\\\/\"},{\"@type\":\"ListItem\",\"position\":3,\"name\":\"Kuva ja \u00e4\u00e4ni tietokoneesta projektoriin\"}]},{\"@type\":\"WebSite\",\"@id\":\"https:\\\/\\\/help.jamk.fi\\\/opetus\\\/#website\",\"url\":\"https:\\\/\\\/help.jamk.fi\\\/opetus\\\/\",\"name\":\"Opetus\",\"description\":\"Opettajan ty\u00f6v\u00e4lineet\",\"potentialAction\":[{\"@type\":\"SearchAction\",\"target\":{\"@type\":\"EntryPoint\",\"urlTemplate\":\"https:\\\/\\\/help.jamk.fi\\\/opetus\\\/?s={search_term_string}\"},\"query-input\":{\"@type\":\"PropertyValueSpecification\",\"valueRequired\":true,\"valueName\":\"search_term_string\"}}],\"inLanguage\":\"fi\"}]}<\/script>\n<!-- \/ Yoast SEO plugin. -->","yoast_head_json":{"title":"Kuva ja \u00e4\u00e4ni tietokoneesta projektoriin - Opetus","robots":{"index":"index","follow":"follow","max-snippet":"max-snippet:-1","max-image-preview":"max-image-preview:large","max-video-preview":"max-video-preview:-1"},"canonical":"https:\/\/help.jamk.fi\/opetus\/fi\/esitystekniikka-opetuksessa\/kuva-ja-aani-tietokoneesta-projektoriin\/","og_locale":"fi_FI","og_type":"article","og_title":"Kuva ja \u00e4\u00e4ni tietokoneesta projektoriin - Opetus","og_description":"Jamkin henkil\u00f6kunnan PC-kannettavista saat kuvan ja \u00e4\u00e4nen esityslaitteisiin HDMI-portin kautta. Mik\u00e4li laitteessasi ei ole HDMI-liit\u00e4nt\u00e4paikkaa, tulee k\u00e4ytt\u00e4\u00e4 USB-C &#8211; HDMI adapteria. Adaptereita voi lainata ICT-Helpdeskist\u00e4. Ohjauspaneelilla varustetuissa tiloissa tarkista, ett\u00e4 paneelin valintapainikkeessa ja liit\u00e4nt\u00e4kaapelissa on sama merkint\u00e4, esim. HDMI1, tai PC1, ja tee valinta sen mukaisesti. Auditorioissa edell\u00e4 mainitun valinnan lis\u00e4ksi valitse lis\u00e4ksi N\u00e4yt\u00e4 projektorilla [&hellip;]","og_url":"https:\/\/help.jamk.fi\/opetus\/fi\/esitystekniikka-opetuksessa\/kuva-ja-aani-tietokoneesta-projektoriin\/","og_site_name":"Opetus","article_modified_time":"2025-04-24T07:28:06+00:00","twitter_card":"summary_large_image","twitter_misc":{"Arvioitu lukuaika":"2 minuuttia"},"schema":{"@context":"https:\/\/schema.org","@graph":[{"@type":"WebPage","@id":"https:\/\/help.jamk.fi\/opetus\/fi\/esitystekniikka-opetuksessa\/kuva-ja-aani-tietokoneesta-projektoriin\/","url":"https:\/\/help.jamk.fi\/opetus\/fi\/esitystekniikka-opetuksessa\/kuva-ja-aani-tietokoneesta-projektoriin\/","name":"Kuva ja \u00e4\u00e4ni tietokoneesta projektoriin - Opetus","isPartOf":{"@id":"https:\/\/help.jamk.fi\/opetus\/#website"},"primaryImageOfPage":{"@id":"https:\/\/help.jamk.fi\/opetus\/fi\/esitystekniikka-opetuksessa\/kuva-ja-aani-tietokoneesta-projektoriin\/#primaryimage"},"image":{"@id":"https:\/\/help.jamk.fi\/opetus\/fi\/esitystekniikka-opetuksessa\/kuva-ja-aani-tietokoneesta-projektoriin\/#primaryimage"},"thumbnailUrl":"https:\/\/help.jamk.fi\/opetustyokalut\/wp-content\/uploads\/sites\/104\/2023\/09\/disp_hdmi.jpg","datePublished":"2015-10-13T04:37:27+00:00","dateModified":"2025-04-24T07:28:06+00:00","breadcrumb":{"@id":"https:\/\/help.jamk.fi\/opetus\/fi\/esitystekniikka-opetuksessa\/kuva-ja-aani-tietokoneesta-projektoriin\/#breadcrumb"},"inLanguage":"fi","potentialAction":[{"@type":"ReadAction","target":["https:\/\/help.jamk.fi\/opetus\/fi\/esitystekniikka-opetuksessa\/kuva-ja-aani-tietokoneesta-projektoriin\/"]}]},{"@type":"ImageObject","inLanguage":"fi","@id":"https:\/\/help.jamk.fi\/opetus\/fi\/esitystekniikka-opetuksessa\/kuva-ja-aani-tietokoneesta-projektoriin\/#primaryimage","url":"https:\/\/help.jamk.fi\/opetustyokalut\/wp-content\/uploads\/sites\/104\/2023\/09\/disp_hdmi.jpg","contentUrl":"https:\/\/help.jamk.fi\/opetustyokalut\/wp-content\/uploads\/sites\/104\/2023\/09\/disp_hdmi.jpg"},{"@type":"BreadcrumbList","@id":"https:\/\/help.jamk.fi\/opetus\/fi\/esitystekniikka-opetuksessa\/kuva-ja-aani-tietokoneesta-projektoriin\/#breadcrumb","itemListElement":[{"@type":"ListItem","position":1,"name":"Etusivu","item":"https:\/\/help.jamk.fi\/opetus\/fi\/"},{"@type":"ListItem","position":2,"name":"Esitystekniikka opetuksessa","item":"https:\/\/help.jamk.fi\/opetus\/fi\/esitystekniikka-opetuksessa\/"},{"@type":"ListItem","position":3,"name":"Kuva ja \u00e4\u00e4ni tietokoneesta projektoriin"}]},{"@type":"WebSite","@id":"https:\/\/help.jamk.fi\/opetus\/#website","url":"https:\/\/help.jamk.fi\/opetus\/","name":"Opetus","description":"Opettajan ty\u00f6v\u00e4lineet","potentialAction":[{"@type":"SearchAction","target":{"@type":"EntryPoint","urlTemplate":"https:\/\/help.jamk.fi\/opetus\/?s={search_term_string}"},"query-input":{"@type":"PropertyValueSpecification","valueRequired":true,"valueName":"search_term_string"}}],"inLanguage":"fi"}]}},"_links":{"self":[{"href":"https:\/\/help.jamk.fi\/opetus\/wp-json\/wp\/v2\/pages\/107","targetHints":{"allow":["GET"]}}],"collection":[{"href":"https:\/\/help.jamk.fi\/opetus\/wp-json\/wp\/v2\/pages"}],"about":[{"href":"https:\/\/help.jamk.fi\/opetus\/wp-json\/wp\/v2\/types\/page"}],"author":[{"embeddable":true,"href":"https:\/\/help.jamk.fi\/opetus\/wp-json\/wp\/v2\/users\/74"}],"replies":[{"embeddable":true,"href":"https:\/\/help.jamk.fi\/opetus\/wp-json\/wp\/v2\/comments?post=107"}],"version-history":[{"count":23,"href":"https:\/\/help.jamk.fi\/opetus\/wp-json\/wp\/v2\/pages\/107\/revisions"}],"predecessor-version":[{"id":2145,"href":"https:\/\/help.jamk.fi\/opetus\/wp-json\/wp\/v2\/pages\/107\/revisions\/2145"}],"up":[{"embeddable":true,"href":"https:\/\/help.jamk.fi\/opetus\/wp-json\/wp\/v2\/pages\/1144"}],"wp:attachment":[{"href":"https:\/\/help.jamk.fi\/opetus\/wp-json\/wp\/v2\/media?parent=107"}],"wp:term":[{"taxonomy":"category","embeddable":true,"href":"https:\/\/help.jamk.fi\/opetus\/wp-json\/wp\/v2\/categories?post=107"},{"taxonomy":"post_tag","embeddable":true,"href":"https:\/\/help.jamk.fi\/opetus\/wp-json\/wp\/v2\/tags?post=107"}],"curies":[{"name":"wp","href":"https:\/\/api.w.org\/{rel}","templated":true}]}}