{"id":1144,"date":"2023-11-22T11:56:54","date_gmt":"2023-11-22T09:56:54","guid":{"rendered":"https:\/\/help.jamk.fi\/opetus\/?page_id=1144"},"modified":"2023-12-05T11:53:21","modified_gmt":"2023-12-05T09:53:21","slug":"esitystekniikka-opetuksessa","status":"publish","type":"page","link":"https:\/\/help.jamk.fi\/opetus\/fi\/esitystekniikka-opetuksessa\/","title":{"rendered":"Esitystekniikka opetuksessa"},"content":{"rendered":"\n<p><\/p>\n\n\n\n  <div id=\"page-lift-block_78a5a7b0b73201ba1f16e4f4c5e5f4c8\" class=\"block-page-lift block-page-lift\">\n          <h2 class=\"block-page-lift__heading\">Sis\u00e4lt\u00f6<\/h2>\n    \n    <ul class=\"page-lift-list row\">\n                <li class=\"page-lift-list__item col-12 col-md-6 col-lg-4\">\n            <div class=\"page-lift__item-wrap no-image\">\n                            <div class=\"page-lift__text-wrap\">\n                                      <h3 class=\"page-lift__heading\">\n                      <a class=\"page-lift__link--heading\" href=\"https:\/\/help.jamk.fi\/opetus\/fi\/esitystekniikka-opetuksessa\/opetustilojen-kaytosta-yleisesti\/\">Opetustilojen esitystekniikoista ja k\u00e4yt\u00f6st\u00e4 yleisesti<\/a>\n                    <\/h3>\n                   \n                                  <span class=\"page-lift__excerpt body-small\">Esitystekniikkaa on uusittu Jamkin eri kampuksilla ja yksik\u00f6iss\u00e4 v\u00e4hitellen, joten tilojen esitystekniikka&hellip;<\/span>\n                                                <a class=\"page-lift__link small-text-button-icon\" href=\"\" aria-hidden=\"true\" tabindex=\"-1\">\n                  Mene sivulle&nbsp;<i  ><svg aria-hidden=\"true\" viewBox=\"0 0 4 7\" fill=\"none\" xmlns=\"http:\/\/www.w3.org\/2000\/svg\"><path d=\"M1.696 7H0l2.208-3.312L0 .376h1.696l2.208 3.312L1.696 7z\" fill=\"#0D004C\"\/><\/svg><\/i>                <\/a>\n              <\/div>\n            <\/div>\n          <\/li>\n                <li class=\"page-lift-list__item col-12 col-md-6 col-lg-4\">\n            <div class=\"page-lift__item-wrap no-image\">\n                            <div class=\"page-lift__text-wrap\">\n                                      <h3 class=\"page-lift__heading\">\n                      <a class=\"page-lift__link--heading\" href=\"https:\/\/help.jamk.fi\/opetus\/fi\/esitystekniikka-opetuksessa\/kuva-ja-aani-tietokoneesta-projektoriin\/\">Kuva ja \u00e4\u00e4ni tietokoneesta projektoriin<\/a>\n                    <\/h3>\n                   \n                                  <span class=\"page-lift__excerpt body-small\">Jamkin henkil\u00f6kunnan PC-kannettavista saat kuvan ja \u00e4\u00e4nen esityslaitteisiin HDMI-portin kautta. Mik\u00e4li laitteessasi&hellip;<\/span>\n                                                <a class=\"page-lift__link small-text-button-icon\" href=\"\" aria-hidden=\"true\" tabindex=\"-1\">\n                  Mene sivulle&nbsp;<i  ><svg aria-hidden=\"true\" viewBox=\"0 0 4 7\" fill=\"none\" xmlns=\"http:\/\/www.w3.org\/2000\/svg\"><path d=\"M1.696 7H0l2.208-3.312L0 .376h1.696l2.208 3.312L1.696 7z\" fill=\"#0D004C\"\/><\/svg><\/i>                <\/a>\n              <\/div>\n            <\/div>\n          <\/li>\n                <li class=\"page-lift-list__item col-12 col-md-6 col-lg-4\">\n            <div class=\"page-lift__item-wrap no-image\">\n                            <div class=\"page-lift__text-wrap\">\n                                      <h3 class=\"page-lift__heading\">\n                      <a class=\"page-lift__link--heading\" href=\"https:\/\/help.jamk.fi\/opetus\/fi\/esitystekniikka-opetuksessa\/kuvan-jako-windowsista-esityslaitteelle\/\">N\u00e4yt\u00f6n jako Windowsista esityslaitteelle<\/a>\n                    <\/h3>\n                   \n                                  <span class=\"page-lift__excerpt body-small\">Windows-j\u00e4rjestelmiss\u00e4 kuvan jako tapahtuu painamalla Windows- ja P -n\u00e4pp\u00e4imi\u00e4 yht\u00e4 aikaa. Esiin&hellip;<\/span>\n                                                <a class=\"page-lift__link small-text-button-icon\" href=\"\" aria-hidden=\"true\" tabindex=\"-1\">\n                  Mene sivulle&nbsp;<i  ><svg aria-hidden=\"true\" viewBox=\"0 0 4 7\" fill=\"none\" xmlns=\"http:\/\/www.w3.org\/2000\/svg\"><path d=\"M1.696 7H0l2.208-3.312L0 .376h1.696l2.208 3.312L1.696 7z\" fill=\"#0D004C\"\/><\/svg><\/i>                <\/a>\n              <\/div>\n            <\/div>\n          <\/li>\n                <li class=\"page-lift-list__item col-12 col-md-6 col-lg-4\">\n            <div class=\"page-lift__item-wrap no-image\">\n                            <div class=\"page-lift__text-wrap\">\n                                      <h3 class=\"page-lift__heading\">\n                      <a class=\"page-lift__link--heading\" href=\"https:\/\/help.jamk.fi\/opetus\/fi\/esitystekniikka-opetuksessa\/dokumenttikamera-opetuksessa\/\">Dokumenttikamera opetuksessa<\/a>\n                    <\/h3>\n                   \n                                  <span class=\"page-lift__excerpt body-small\">Liit\u00e4 dokumenttikamera esityslaitteeseen (projektori, televisio) samaan tapaan kuin tietokonekin eli hdmi-kaapelilla. Jamkilla&hellip;<\/span>\n                                                <a class=\"page-lift__link small-text-button-icon\" href=\"\" aria-hidden=\"true\" tabindex=\"-1\">\n                  Mene sivulle&nbsp;<i  ><svg aria-hidden=\"true\" viewBox=\"0 0 4 7\" fill=\"none\" xmlns=\"http:\/\/www.w3.org\/2000\/svg\"><path d=\"M1.696 7H0l2.208-3.312L0 .376h1.696l2.208 3.312L1.696 7z\" fill=\"#0D004C\"\/><\/svg><\/i>                <\/a>\n              <\/div>\n            <\/div>\n          <\/li>\n                <li class=\"page-lift-list__item col-12 col-md-6 col-lg-4\">\n            <div class=\"page-lift__item-wrap no-image\">\n                            <div class=\"page-lift__text-wrap\">\n                                      <h3 class=\"page-lift__heading\">\n                      <a class=\"page-lift__link--heading\" href=\"https:\/\/help.jamk.fi\/opetus\/fi\/esitystekniikka-opetuksessa\/monimuoto-opetustilat\/\">Hybridiopetustilat<\/a>\n                    <\/h3>\n                   \n                                  <span class=\"page-lift__excerpt body-small\">Hybridiopetustilojen tekninen varustus tukee useampia opetusmuotoja sis\u00e4lt\u00e4v\u00e4\u00e4 opetuksen toteutustapaa. Jamkin hybridiopetusta tukevissa&hellip;<\/span>\n                                                <a class=\"page-lift__link small-text-button-icon\" href=\"\" aria-hidden=\"true\" tabindex=\"-1\">\n                  Mene sivulle&nbsp;<i  ><svg aria-hidden=\"true\" viewBox=\"0 0 4 7\" fill=\"none\" xmlns=\"http:\/\/www.w3.org\/2000\/svg\"><path d=\"M1.696 7H0l2.208-3.312L0 .376h1.696l2.208 3.312L1.696 7z\" fill=\"#0D004C\"\/><\/svg><\/i>                <\/a>\n              <\/div>\n            <\/div>\n          <\/li>\n          <\/ul>\n  <\/div>\n","protected":false},"excerpt":{"rendered":"","protected":false},"author":73,"featured_media":0,"parent":0,"menu_order":10,"comment_status":"closed","ping_status":"closed","template":"templates\/template-full-width.php","meta":{"_acf_changed":false,"_relevanssi_hide_post":"","_relevanssi_hide_content":"","_relevanssi_pin_for_all":"","_relevanssi_pin_keywords":"","_relevanssi_unpin_keywords":"","_relevanssi_related_keywords":"","_relevanssi_related_include_ids":"","_relevanssi_related_exclude_ids":"","_relevanssi_related_no_append":"","_relevanssi_related_not_related":"","_relevanssi_related_posts":"","_relevanssi_noindex_reason":"","footnotes":""},"categories":[],"tags":[],"class_list":["post-1144","page","type-page","status-publish","hentry"],"acf":[],"yoast_head":"<!-- This site is optimized with the Yoast SEO plugin v27.3 - https:\/\/yoast.com\/product\/yoast-seo-wordpress\/ -->\n<title>Esitystekniikka opetuksessa - Opetus<\/title>\n<meta name=\"description\" content=\"Esitystekniikka opetuksessa -osasta l\u00f6yd\u00e4t ohjeita ja tietoa Jamkin opetuksen ja opetustilojen tekniikasta.\" \/>\n<meta name=\"robots\" content=\"index, follow, max-snippet:-1, max-image-preview:large, max-video-preview:-1\" \/>\n<link rel=\"canonical\" href=\"https:\/\/help.jamk.fi\/opetus\/fi\/esitystekniikka-opetuksessa\/\" \/>\n<meta property=\"og:locale\" content=\"fi_FI\" \/>\n<meta property=\"og:type\" content=\"article\" \/>\n<meta property=\"og:title\" content=\"Esitystekniikka opetuksessa - Opetus\" \/>\n<meta property=\"og:description\" content=\"Esitystekniikka opetuksessa -osasta l\u00f6yd\u00e4t ohjeita ja tietoa Jamkin opetuksen ja opetustilojen tekniikasta.\" \/>\n<meta property=\"og:url\" content=\"https:\/\/help.jamk.fi\/opetus\/fi\/esitystekniikka-opetuksessa\/\" \/>\n<meta property=\"og:site_name\" content=\"Opetus\" \/>\n<meta property=\"article:modified_time\" content=\"2023-12-05T09:53:21+00:00\" \/>\n<meta name=\"twitter:card\" content=\"summary_large_image\" \/>\n<script type=\"application\/ld+json\" class=\"yoast-schema-graph\">{\"@context\":\"https:\\\/\\\/schema.org\",\"@graph\":[{\"@type\":\"WebPage\",\"@id\":\"https:\\\/\\\/help.jamk.fi\\\/opetus\\\/fi\\\/esitystekniikka-opetuksessa\\\/\",\"url\":\"https:\\\/\\\/help.jamk.fi\\\/opetus\\\/fi\\\/esitystekniikka-opetuksessa\\\/\",\"name\":\"Esitystekniikka opetuksessa - Opetus\",\"isPartOf\":{\"@id\":\"https:\\\/\\\/help.jamk.fi\\\/opetus\\\/#website\"},\"datePublished\":\"2023-11-22T09:56:54+00:00\",\"dateModified\":\"2023-12-05T09:53:21+00:00\",\"description\":\"Esitystekniikka opetuksessa -osasta l\u00f6yd\u00e4t ohjeita ja tietoa Jamkin opetuksen ja opetustilojen tekniikasta.\",\"breadcrumb\":{\"@id\":\"https:\\\/\\\/help.jamk.fi\\\/opetus\\\/fi\\\/esitystekniikka-opetuksessa\\\/#breadcrumb\"},\"inLanguage\":\"fi\",\"potentialAction\":[{\"@type\":\"ReadAction\",\"target\":[\"https:\\\/\\\/help.jamk.fi\\\/opetus\\\/fi\\\/esitystekniikka-opetuksessa\\\/\"]}]},{\"@type\":\"BreadcrumbList\",\"@id\":\"https:\\\/\\\/help.jamk.fi\\\/opetus\\\/fi\\\/esitystekniikka-opetuksessa\\\/#breadcrumb\",\"itemListElement\":[{\"@type\":\"ListItem\",\"position\":1,\"name\":\"Etusivu\",\"item\":\"https:\\\/\\\/help.jamk.fi\\\/opetus\\\/fi\\\/\"},{\"@type\":\"ListItem\",\"position\":2,\"name\":\"Esitystekniikka opetuksessa\"}]},{\"@type\":\"WebSite\",\"@id\":\"https:\\\/\\\/help.jamk.fi\\\/opetus\\\/#website\",\"url\":\"https:\\\/\\\/help.jamk.fi\\\/opetus\\\/\",\"name\":\"Opetus\",\"description\":\"Opettajan ty\u00f6v\u00e4lineet\",\"potentialAction\":[{\"@type\":\"SearchAction\",\"target\":{\"@type\":\"EntryPoint\",\"urlTemplate\":\"https:\\\/\\\/help.jamk.fi\\\/opetus\\\/?s={search_term_string}\"},\"query-input\":{\"@type\":\"PropertyValueSpecification\",\"valueRequired\":true,\"valueName\":\"search_term_string\"}}],\"inLanguage\":\"fi\"}]}<\/script>\n<!-- \/ Yoast SEO plugin. -->","yoast_head_json":{"title":"Esitystekniikka opetuksessa - Opetus","description":"Esitystekniikka opetuksessa -osasta l\u00f6yd\u00e4t ohjeita ja tietoa Jamkin opetuksen ja opetustilojen tekniikasta.","robots":{"index":"index","follow":"follow","max-snippet":"max-snippet:-1","max-image-preview":"max-image-preview:large","max-video-preview":"max-video-preview:-1"},"canonical":"https:\/\/help.jamk.fi\/opetus\/fi\/esitystekniikka-opetuksessa\/","og_locale":"fi_FI","og_type":"article","og_title":"Esitystekniikka opetuksessa - Opetus","og_description":"Esitystekniikka opetuksessa -osasta l\u00f6yd\u00e4t ohjeita ja tietoa Jamkin opetuksen ja opetustilojen tekniikasta.","og_url":"https:\/\/help.jamk.fi\/opetus\/fi\/esitystekniikka-opetuksessa\/","og_site_name":"Opetus","article_modified_time":"2023-12-05T09:53:21+00:00","twitter_card":"summary_large_image","schema":{"@context":"https:\/\/schema.org","@graph":[{"@type":"WebPage","@id":"https:\/\/help.jamk.fi\/opetus\/fi\/esitystekniikka-opetuksessa\/","url":"https:\/\/help.jamk.fi\/opetus\/fi\/esitystekniikka-opetuksessa\/","name":"Esitystekniikka opetuksessa - Opetus","isPartOf":{"@id":"https:\/\/help.jamk.fi\/opetus\/#website"},"datePublished":"2023-11-22T09:56:54+00:00","dateModified":"2023-12-05T09:53:21+00:00","description":"Esitystekniikka opetuksessa -osasta l\u00f6yd\u00e4t ohjeita ja tietoa Jamkin opetuksen ja opetustilojen tekniikasta.","breadcrumb":{"@id":"https:\/\/help.jamk.fi\/opetus\/fi\/esitystekniikka-opetuksessa\/#breadcrumb"},"inLanguage":"fi","potentialAction":[{"@type":"ReadAction","target":["https:\/\/help.jamk.fi\/opetus\/fi\/esitystekniikka-opetuksessa\/"]}]},{"@type":"BreadcrumbList","@id":"https:\/\/help.jamk.fi\/opetus\/fi\/esitystekniikka-opetuksessa\/#breadcrumb","itemListElement":[{"@type":"ListItem","position":1,"name":"Etusivu","item":"https:\/\/help.jamk.fi\/opetus\/fi\/"},{"@type":"ListItem","position":2,"name":"Esitystekniikka opetuksessa"}]},{"@type":"WebSite","@id":"https:\/\/help.jamk.fi\/opetus\/#website","url":"https:\/\/help.jamk.fi\/opetus\/","name":"Opetus","description":"Opettajan ty\u00f6v\u00e4lineet","potentialAction":[{"@type":"SearchAction","target":{"@type":"EntryPoint","urlTemplate":"https:\/\/help.jamk.fi\/opetus\/?s={search_term_string}"},"query-input":{"@type":"PropertyValueSpecification","valueRequired":true,"valueName":"search_term_string"}}],"inLanguage":"fi"}]}},"_links":{"self":[{"href":"https:\/\/help.jamk.fi\/opetus\/wp-json\/wp\/v2\/pages\/1144","targetHints":{"allow":["GET"]}}],"collection":[{"href":"https:\/\/help.jamk.fi\/opetus\/wp-json\/wp\/v2\/pages"}],"about":[{"href":"https:\/\/help.jamk.fi\/opetus\/wp-json\/wp\/v2\/types\/page"}],"author":[{"embeddable":true,"href":"https:\/\/help.jamk.fi\/opetus\/wp-json\/wp\/v2\/users\/73"}],"replies":[{"embeddable":true,"href":"https:\/\/help.jamk.fi\/opetus\/wp-json\/wp\/v2\/comments?post=1144"}],"version-history":[{"count":16,"href":"https:\/\/help.jamk.fi\/opetus\/wp-json\/wp\/v2\/pages\/1144\/revisions"}],"predecessor-version":[{"id":1583,"href":"https:\/\/help.jamk.fi\/opetus\/wp-json\/wp\/v2\/pages\/1144\/revisions\/1583"}],"wp:attachment":[{"href":"https:\/\/help.jamk.fi\/opetus\/wp-json\/wp\/v2\/media?parent=1144"}],"wp:term":[{"taxonomy":"category","embeddable":true,"href":"https:\/\/help.jamk.fi\/opetus\/wp-json\/wp\/v2\/categories?post=1144"},{"taxonomy":"post_tag","embeddable":true,"href":"https:\/\/help.jamk.fi\/opetus\/wp-json\/wp\/v2\/tags?post=1144"}],"curies":[{"name":"wp","href":"https:\/\/api.w.org\/{rel}","templated":true}]}}