{"id":140,"date":"2015-10-13T07:45:23","date_gmt":"2015-10-13T04:45:23","guid":{"rendered":"https:\/\/help.jamk.fi\/opetustyokalut\/esitystekniikka-opetuksessa\/monimuoto-opetustilat\/"},"modified":"2025-04-30T11:50:39","modified_gmt":"2025-04-30T08:50:39","slug":"monimuoto-opetustilat","status":"publish","type":"page","link":"https:\/\/help.jamk.fi\/opetus\/fi\/esitystekniikka-opetuksessa\/monimuoto-opetustilat\/","title":{"rendered":"Hybridiopetustilat"},"content":{"rendered":"\n<p>Hybridiopetustilojen tekninen varustus tukee useampia opetusmuotoja sis\u00e4lt\u00e4v\u00e4\u00e4 opetuksen toteutustapaa. Jamkin hybridiopetusta tukevissa tiloissa on pyritty mahdollistamaan samanaikaisesti sek\u00e4 fyysisesti ett\u00e4 verkon kautta osallistuvien opiskelijoiden oppimiskokemukset, esimerkiksi Zoom tai Teams-verkkokokousj\u00e4rjestelm\u00e4\u00e4 hy\u00f6dynt\u00e4en.<\/p>\n\n\n\n<p>Hybridiopetukseen suunnitelluissa tiloissa on seuraava varustus:<\/p>\n\n\n\n<ul class=\"wp-block-list\">\n<li>kaksi projektoria, <\/li>\n\n\n\n<li>kahdella n\u00e4yt\u00f6ll\u00e4 varustettu tietokone, <\/li>\n\n\n\n<li>ohjattava web-kamera ja<\/li>\n\n\n\n<li>laadukas kokousmikrofoni sek\u00e4<\/li>\n\n\n\n<li>esitystekniikan ohjausj\u00e4rjestelm\u00e4 ja -paneeli, jonka avulla voidaan valita mit\u00e4 kuvaa mill\u00e4kin projektorilla n\u00e4ytet\u00e4\u00e4n.<\/li>\n<\/ul>\n\n\n\n<h2 class=\"wp-block-heading\">Toimi n\u00e4in:<\/h2>\n\n\n\n<ol class=\"wp-block-list\">\n<li>Aseta luokan tietokone laajennetun n\u00e4yt\u00f6n tilaan (Extend), jossa toisella n\u00e4yt\u00f6ll\u00e4 n\u00e4ytet\u00e4\u00e4n opetukseen liittyv\u00e4\u00e4 esityst\u00e4 ja toisella n\u00e4yt\u00f6ll\u00e4 et\u00e4opetusj\u00e4rjestelm\u00e4\u00e4 (Zoom tai Teams).<\/li>\n\n\n\n<li>Valitse tilan toiseen projektoriin et\u00e4opetusj\u00e4rjestelm\u00e4n n\u00e4kym\u00e4 ja toiseen fyysisesti l\u00e4sn\u00e4oleville opiskelijoille n\u00e4kyv\u00e4 opetuksen sis\u00e4lt\u00f6n\u00e4kym\u00e4.<\/li>\n\n\n\n<li>Jaa sis\u00e4lt\u00f6n\u00e4kym\u00e4 my\u00f6s et\u00e4opiskelijoille et\u00e4opetusj\u00e4rjestelm\u00e4n v\u00e4lityksell\u00e4.<\/li>\n\n\n\n<li>Sein\u00e4lle asetetulla ja kaukos\u00e4\u00e4timell\u00e4 ohjattavalla webkameralla voit n\u00e4ytt\u00e4\u00e4 et\u00e4opiskelijoille valitsemaasi kameran n\u00e4kym\u00e4\u00e4.<\/li>\n\n\n\n<li>Tilassa fyysisesti l\u00e4sn\u00e4olevat ja et\u00e4opiskelijat kommunikoivat kesken\u00e4\u00e4n kokousmikrofonin avulla. Et\u00e4opiskelijat voivat osallistua my\u00f6s j\u00e4rjestelm\u00e4n chatin v\u00e4lityksell\u00e4.<\/li>\n<\/ol>\n\n\n\n<figure class=\"wp-block-image size-full\"><img loading=\"lazy\" decoding=\"async\" width=\"5400\" height=\"1166\" src=\"https:\/\/help.jamk.fi\/opetus\/wp-content\/uploads\/sites\/104\/2023\/09\/IMG_0305.jpg\" alt=\"Luokkatila, joka on otettu laajakuvaominaisuudella. Luokan takaosassa ja etuosassa on valkokankaat, johon on heijastettu sis\u00e4lt\u00f6\u00e4. Luokka on valoisa ja siell\u00e4 on v\u00e4rikk\u00e4it\u00e4 verhoja.\" class=\"wp-image-935\"\/><\/figure>\n\n\n\n<p><\/p>\n","protected":false},"excerpt":{"rendered":"<p>Hybridiopetustilojen tekninen varustus tukee useampia opetusmuotoja sis\u00e4lt\u00e4v\u00e4\u00e4 opetuksen toteutustapaa. Jamkin hybridiopetusta tukevissa tiloissa on pyritty mahdollistamaan samanaikaisesti sek\u00e4 fyysisesti ett\u00e4 verkon kautta osallistuvien opiskelijoiden oppimiskokemukset, esimerkiksi Zoom tai Teams-verkkokokousj\u00e4rjestelm\u00e4\u00e4 hy\u00f6dynt\u00e4en. Hybridiopetukseen suunnitelluissa tiloissa on seuraava varustus: Toimi n\u00e4in:<\/p>\n","protected":false},"author":74,"featured_media":0,"parent":1144,"menu_order":25,"comment_status":"closed","ping_status":"closed","template":"","meta":{"_acf_changed":false,"_relevanssi_hide_post":"","_relevanssi_hide_content":"","_relevanssi_pin_for_all":"","_relevanssi_pin_keywords":"","_relevanssi_unpin_keywords":"","_relevanssi_related_keywords":"","_relevanssi_related_include_ids":"","_relevanssi_related_exclude_ids":"","_relevanssi_related_no_append":"","_relevanssi_related_not_related":"","_relevanssi_related_posts":"","_relevanssi_noindex_reason":"","footnotes":""},"categories":[],"tags":[206,357,212,86],"class_list":["post-140","page","type-page","status-publish","hentry","tag-esitystekniikka","tag-hybridiopetus","tag-kuvanjako","tag-verkkokokous"],"acf":[],"yoast_head":"<!-- This site is optimized with the Yoast SEO plugin v27.3 - https:\/\/yoast.com\/product\/yoast-seo-wordpress\/ -->\n<title>Hybridiopetustilat - Opetus<\/title>\n<meta name=\"description\" content=\"Monimuoto-opetustila on huone, jossa tilan varustus tukee useampia opetusmuotoja sis\u00e4lt\u00e4v\u00e4\u00e4 opetuksen toteutustapaa.\" \/>\n<meta name=\"robots\" content=\"index, follow, max-snippet:-1, max-image-preview:large, max-video-preview:-1\" \/>\n<link rel=\"canonical\" href=\"https:\/\/help.jamk.fi\/opetus\/fi\/esitystekniikka-opetuksessa\/monimuoto-opetustilat\/\" \/>\n<meta property=\"og:locale\" content=\"fi_FI\" \/>\n<meta property=\"og:type\" content=\"article\" \/>\n<meta property=\"og:title\" content=\"Hybridiopetustilat - Opetus\" \/>\n<meta property=\"og:description\" content=\"Monimuoto-opetustila on huone, jossa tilan varustus tukee useampia opetusmuotoja sis\u00e4lt\u00e4v\u00e4\u00e4 opetuksen toteutustapaa.\" \/>\n<meta property=\"og:url\" content=\"https:\/\/help.jamk.fi\/opetus\/fi\/esitystekniikka-opetuksessa\/monimuoto-opetustilat\/\" \/>\n<meta property=\"og:site_name\" content=\"Opetus\" \/>\n<meta property=\"article:modified_time\" content=\"2025-04-30T08:50:39+00:00\" \/>\n<meta property=\"og:image\" content=\"https:\/\/help.jamk.fi\/opetus\/wp-content\/uploads\/sites\/104\/2023\/09\/IMG_0305.jpg\" \/>\n\t<meta property=\"og:image:width\" content=\"5400\" \/>\n\t<meta property=\"og:image:height\" content=\"1166\" \/>\n\t<meta property=\"og:image:type\" content=\"image\/jpeg\" \/>\n<meta name=\"twitter:card\" content=\"summary_large_image\" \/>\n<meta name=\"twitter:label1\" content=\"Arvioitu lukuaika\" \/>\n\t<meta name=\"twitter:data1\" content=\"2 minuuttia\" \/>\n<script type=\"application\/ld+json\" class=\"yoast-schema-graph\">{\"@context\":\"https:\\\/\\\/schema.org\",\"@graph\":[{\"@type\":\"WebPage\",\"@id\":\"https:\\\/\\\/help.jamk.fi\\\/opetus\\\/fi\\\/esitystekniikka-opetuksessa\\\/monimuoto-opetustilat\\\/\",\"url\":\"https:\\\/\\\/help.jamk.fi\\\/opetus\\\/fi\\\/esitystekniikka-opetuksessa\\\/monimuoto-opetustilat\\\/\",\"name\":\"Hybridiopetustilat - Opetus\",\"isPartOf\":{\"@id\":\"https:\\\/\\\/help.jamk.fi\\\/opetus\\\/#website\"},\"primaryImageOfPage\":{\"@id\":\"https:\\\/\\\/help.jamk.fi\\\/opetus\\\/fi\\\/esitystekniikka-opetuksessa\\\/monimuoto-opetustilat\\\/#primaryimage\"},\"image\":{\"@id\":\"https:\\\/\\\/help.jamk.fi\\\/opetus\\\/fi\\\/esitystekniikka-opetuksessa\\\/monimuoto-opetustilat\\\/#primaryimage\"},\"thumbnailUrl\":\"https:\\\/\\\/help.jamk.fi\\\/opetus\\\/wp-content\\\/uploads\\\/sites\\\/104\\\/2023\\\/09\\\/IMG_0305.jpg\",\"datePublished\":\"2015-10-13T04:45:23+00:00\",\"dateModified\":\"2025-04-30T08:50:39+00:00\",\"description\":\"Monimuoto-opetustila on huone, jossa tilan varustus tukee useampia opetusmuotoja sis\u00e4lt\u00e4v\u00e4\u00e4 opetuksen toteutustapaa.\",\"breadcrumb\":{\"@id\":\"https:\\\/\\\/help.jamk.fi\\\/opetus\\\/fi\\\/esitystekniikka-opetuksessa\\\/monimuoto-opetustilat\\\/#breadcrumb\"},\"inLanguage\":\"fi\",\"potentialAction\":[{\"@type\":\"ReadAction\",\"target\":[\"https:\\\/\\\/help.jamk.fi\\\/opetus\\\/fi\\\/esitystekniikka-opetuksessa\\\/monimuoto-opetustilat\\\/\"]}]},{\"@type\":\"ImageObject\",\"inLanguage\":\"fi\",\"@id\":\"https:\\\/\\\/help.jamk.fi\\\/opetus\\\/fi\\\/esitystekniikka-opetuksessa\\\/monimuoto-opetustilat\\\/#primaryimage\",\"url\":\"https:\\\/\\\/help.jamk.fi\\\/opetus\\\/wp-content\\\/uploads\\\/sites\\\/104\\\/2023\\\/09\\\/IMG_0305.jpg\",\"contentUrl\":\"https:\\\/\\\/help.jamk.fi\\\/opetus\\\/wp-content\\\/uploads\\\/sites\\\/104\\\/2023\\\/09\\\/IMG_0305.jpg\",\"width\":5400,\"height\":1166,\"caption\":\"Luokkatila, joka on otettu laajakuvaominaisuudella. Luokan takaosassa ja etuosassa on valkokankaat, johon on heijastettu sis\u00e4lt\u00f6\u00e4. Luokka on valoisa ja siell\u00e4 on v\u00e4rikk\u00e4it\u00e4 verhoja.\"},{\"@type\":\"BreadcrumbList\",\"@id\":\"https:\\\/\\\/help.jamk.fi\\\/opetus\\\/fi\\\/esitystekniikka-opetuksessa\\\/monimuoto-opetustilat\\\/#breadcrumb\",\"itemListElement\":[{\"@type\":\"ListItem\",\"position\":1,\"name\":\"Etusivu\",\"item\":\"https:\\\/\\\/help.jamk.fi\\\/opetus\\\/fi\\\/\"},{\"@type\":\"ListItem\",\"position\":2,\"name\":\"Esitystekniikka opetuksessa\",\"item\":\"https:\\\/\\\/help.jamk.fi\\\/opetus\\\/fi\\\/esitystekniikka-opetuksessa\\\/\"},{\"@type\":\"ListItem\",\"position\":3,\"name\":\"Hybridiopetustilat\"}]},{\"@type\":\"WebSite\",\"@id\":\"https:\\\/\\\/help.jamk.fi\\\/opetus\\\/#website\",\"url\":\"https:\\\/\\\/help.jamk.fi\\\/opetus\\\/\",\"name\":\"Opetus\",\"description\":\"Opettajan ty\u00f6v\u00e4lineet\",\"potentialAction\":[{\"@type\":\"SearchAction\",\"target\":{\"@type\":\"EntryPoint\",\"urlTemplate\":\"https:\\\/\\\/help.jamk.fi\\\/opetus\\\/?s={search_term_string}\"},\"query-input\":{\"@type\":\"PropertyValueSpecification\",\"valueRequired\":true,\"valueName\":\"search_term_string\"}}],\"inLanguage\":\"fi\"}]}<\/script>\n<!-- \/ Yoast SEO plugin. -->","yoast_head_json":{"title":"Hybridiopetustilat - Opetus","description":"Monimuoto-opetustila on huone, jossa tilan varustus tukee useampia opetusmuotoja sis\u00e4lt\u00e4v\u00e4\u00e4 opetuksen toteutustapaa.","robots":{"index":"index","follow":"follow","max-snippet":"max-snippet:-1","max-image-preview":"max-image-preview:large","max-video-preview":"max-video-preview:-1"},"canonical":"https:\/\/help.jamk.fi\/opetus\/fi\/esitystekniikka-opetuksessa\/monimuoto-opetustilat\/","og_locale":"fi_FI","og_type":"article","og_title":"Hybridiopetustilat - Opetus","og_description":"Monimuoto-opetustila on huone, jossa tilan varustus tukee useampia opetusmuotoja sis\u00e4lt\u00e4v\u00e4\u00e4 opetuksen toteutustapaa.","og_url":"https:\/\/help.jamk.fi\/opetus\/fi\/esitystekniikka-opetuksessa\/monimuoto-opetustilat\/","og_site_name":"Opetus","article_modified_time":"2025-04-30T08:50:39+00:00","og_image":[{"width":5400,"height":1166,"url":"https:\/\/help.jamk.fi\/opetus\/wp-content\/uploads\/sites\/104\/2023\/09\/IMG_0305.jpg","type":"image\/jpeg"}],"twitter_card":"summary_large_image","twitter_misc":{"Arvioitu lukuaika":"2 minuuttia"},"schema":{"@context":"https:\/\/schema.org","@graph":[{"@type":"WebPage","@id":"https:\/\/help.jamk.fi\/opetus\/fi\/esitystekniikka-opetuksessa\/monimuoto-opetustilat\/","url":"https:\/\/help.jamk.fi\/opetus\/fi\/esitystekniikka-opetuksessa\/monimuoto-opetustilat\/","name":"Hybridiopetustilat - Opetus","isPartOf":{"@id":"https:\/\/help.jamk.fi\/opetus\/#website"},"primaryImageOfPage":{"@id":"https:\/\/help.jamk.fi\/opetus\/fi\/esitystekniikka-opetuksessa\/monimuoto-opetustilat\/#primaryimage"},"image":{"@id":"https:\/\/help.jamk.fi\/opetus\/fi\/esitystekniikka-opetuksessa\/monimuoto-opetustilat\/#primaryimage"},"thumbnailUrl":"https:\/\/help.jamk.fi\/opetus\/wp-content\/uploads\/sites\/104\/2023\/09\/IMG_0305.jpg","datePublished":"2015-10-13T04:45:23+00:00","dateModified":"2025-04-30T08:50:39+00:00","description":"Monimuoto-opetustila on huone, jossa tilan varustus tukee useampia opetusmuotoja sis\u00e4lt\u00e4v\u00e4\u00e4 opetuksen toteutustapaa.","breadcrumb":{"@id":"https:\/\/help.jamk.fi\/opetus\/fi\/esitystekniikka-opetuksessa\/monimuoto-opetustilat\/#breadcrumb"},"inLanguage":"fi","potentialAction":[{"@type":"ReadAction","target":["https:\/\/help.jamk.fi\/opetus\/fi\/esitystekniikka-opetuksessa\/monimuoto-opetustilat\/"]}]},{"@type":"ImageObject","inLanguage":"fi","@id":"https:\/\/help.jamk.fi\/opetus\/fi\/esitystekniikka-opetuksessa\/monimuoto-opetustilat\/#primaryimage","url":"https:\/\/help.jamk.fi\/opetus\/wp-content\/uploads\/sites\/104\/2023\/09\/IMG_0305.jpg","contentUrl":"https:\/\/help.jamk.fi\/opetus\/wp-content\/uploads\/sites\/104\/2023\/09\/IMG_0305.jpg","width":5400,"height":1166,"caption":"Luokkatila, joka on otettu laajakuvaominaisuudella. Luokan takaosassa ja etuosassa on valkokankaat, johon on heijastettu sis\u00e4lt\u00f6\u00e4. Luokka on valoisa ja siell\u00e4 on v\u00e4rikk\u00e4it\u00e4 verhoja."},{"@type":"BreadcrumbList","@id":"https:\/\/help.jamk.fi\/opetus\/fi\/esitystekniikka-opetuksessa\/monimuoto-opetustilat\/#breadcrumb","itemListElement":[{"@type":"ListItem","position":1,"name":"Etusivu","item":"https:\/\/help.jamk.fi\/opetus\/fi\/"},{"@type":"ListItem","position":2,"name":"Esitystekniikka opetuksessa","item":"https:\/\/help.jamk.fi\/opetus\/fi\/esitystekniikka-opetuksessa\/"},{"@type":"ListItem","position":3,"name":"Hybridiopetustilat"}]},{"@type":"WebSite","@id":"https:\/\/help.jamk.fi\/opetus\/#website","url":"https:\/\/help.jamk.fi\/opetus\/","name":"Opetus","description":"Opettajan ty\u00f6v\u00e4lineet","potentialAction":[{"@type":"SearchAction","target":{"@type":"EntryPoint","urlTemplate":"https:\/\/help.jamk.fi\/opetus\/?s={search_term_string}"},"query-input":{"@type":"PropertyValueSpecification","valueRequired":true,"valueName":"search_term_string"}}],"inLanguage":"fi"}]}},"_links":{"self":[{"href":"https:\/\/help.jamk.fi\/opetus\/wp-json\/wp\/v2\/pages\/140","targetHints":{"allow":["GET"]}}],"collection":[{"href":"https:\/\/help.jamk.fi\/opetus\/wp-json\/wp\/v2\/pages"}],"about":[{"href":"https:\/\/help.jamk.fi\/opetus\/wp-json\/wp\/v2\/types\/page"}],"author":[{"embeddable":true,"href":"https:\/\/help.jamk.fi\/opetus\/wp-json\/wp\/v2\/users\/74"}],"replies":[{"embeddable":true,"href":"https:\/\/help.jamk.fi\/opetus\/wp-json\/wp\/v2\/comments?post=140"}],"version-history":[{"count":17,"href":"https:\/\/help.jamk.fi\/opetus\/wp-json\/wp\/v2\/pages\/140\/revisions"}],"predecessor-version":[{"id":2156,"href":"https:\/\/help.jamk.fi\/opetus\/wp-json\/wp\/v2\/pages\/140\/revisions\/2156"}],"up":[{"embeddable":true,"href":"https:\/\/help.jamk.fi\/opetus\/wp-json\/wp\/v2\/pages\/1144"}],"wp:attachment":[{"href":"https:\/\/help.jamk.fi\/opetus\/wp-json\/wp\/v2\/media?parent=140"}],"wp:term":[{"taxonomy":"category","embeddable":true,"href":"https:\/\/help.jamk.fi\/opetus\/wp-json\/wp\/v2\/categories?post=140"},{"taxonomy":"post_tag","embeddable":true,"href":"https:\/\/help.jamk.fi\/opetus\/wp-json\/wp\/v2\/tags?post=140"}],"curies":[{"name":"wp","href":"https:\/\/api.w.org\/{rel}","templated":true}]}}