{"id":1417,"date":"2023-12-06T09:23:40","date_gmt":"2023-12-06T07:23:40","guid":{"rendered":"https:\/\/help.jamk.fi\/opetus\/?page_id=1417"},"modified":"2025-04-30T11:52:22","modified_gmt":"2025-04-30T08:52:22","slug":"blended-teaching-facilities","status":"publish","type":"page","link":"https:\/\/help.jamk.fi\/opetus\/en\/presentation-techniques-in-teaching\/blended-teaching-facilities\/","title":{"rendered":"Blended teaching facilities"},"content":{"rendered":"\n<p>A blended teaching classroom is a space where the technical equipment supports a teaching method that incorporates several teaching modes. In Jamk&#8217;s blended teaching classrooms, efforts have been made to enable the best possible learning experience for students who participate either physically or online at the same lecture, for example using Zoom or Teams online conferencing systems.<\/p>\n\n\n\n<p>Technical facilities in the blended teaching classrooms: : <\/p>\n\n\n\n<ul class=\"wp-block-list\">\n<li>two projectors,<\/li>\n\n\n\n<li>a computer with two monitors,<\/li>\n\n\n\n<li>a remote web camera and<\/li>\n\n\n\n<li>a high-quality meeting microphone, and<\/li>\n\n\n\n<li>a audio-visual control system and panel to select which screen is shown on which projector.<\/li>\n<\/ul>\n\n\n\n<h2 class=\"wp-block-heading\">Tips to manage your blended teaching:<\/h2>\n\n\n\n<ol class=\"wp-block-list\">\n<li>Set your classroom computer to Extend mode, where one screen shows a presentation related to the lesson and the other screen shows the conferencing system (Zoom or Teams).<\/li>\n\n\n\n<li>Select the other projector for the conferencing system view and the other for the teaching content view for students physically present.<\/li>\n\n\n\n<li>Also share the content view with remote students via the conferencing system.<\/li>\n\n\n\n<li>Show remote students the view from the camera of your choice.<\/li>\n\n\n\n<li>A meeting microphone is used to communicate between the physical and remote learners in the room. Remote students can also participate via conference system chat.<\/li>\n<\/ol>\n\n\n\n<figure class=\"wp-block-image size-full\"><img loading=\"lazy\" decoding=\"async\" width=\"5400\" height=\"1166\" src=\"https:\/\/help.jamk.fi\/opetus\/wp-content\/uploads\/sites\/104\/2023\/09\/IMG_0305.jpg\" alt=\"Luokkatila, joka on otettu laajakuvaominaisuudella. Luokan takaosassa ja etuosassa on valkokankaat, johon on heijastettu sis\u00e4lt\u00f6\u00e4. Luokka on valoisa ja siell\u00e4 on v\u00e4rikk\u00e4it\u00e4 verhoja.\" class=\"wp-image-935\"\/><\/figure>\n\n\n\n<p><\/p>\n","protected":false},"excerpt":{"rendered":"<p>A blended teaching classroom is a space where the technical equipment supports a teaching method that incorporates several teaching modes. In Jamk&#8217;s blended teaching classrooms, efforts have been made to enable the best possible learning experience for students who participate either physically or online at the same lecture, for example using Zoom or Teams online [&hellip;]<\/p>\n","protected":false},"author":73,"featured_media":0,"parent":1411,"menu_order":25,"comment_status":"closed","ping_status":"closed","template":"","meta":{"_acf_changed":false,"_relevanssi_hide_post":"","_relevanssi_hide_content":"","_relevanssi_pin_for_all":"","_relevanssi_pin_keywords":"","_relevanssi_unpin_keywords":"","_relevanssi_related_keywords":"","_relevanssi_related_include_ids":"","_relevanssi_related_exclude_ids":"","_relevanssi_related_no_append":"","_relevanssi_related_not_related":"","_relevanssi_related_posts":"","_relevanssi_noindex_reason":"","footnotes":""},"categories":[],"tags":[],"class_list":["post-1417","page","type-page","status-publish","hentry"],"acf":[],"yoast_head":"<!-- This site is optimized with the Yoast SEO plugin v27.3 - https:\/\/yoast.com\/product\/yoast-seo-wordpress\/ -->\n<title>Blended teaching facilities - Opetus<\/title>\n<meta name=\"description\" content=\"Blended teaching facilities enable the best a learning experience for students who participate physically or online at the same time.\" \/>\n<meta name=\"robots\" content=\"index, follow, max-snippet:-1, max-image-preview:large, max-video-preview:-1\" \/>\n<link rel=\"canonical\" href=\"https:\/\/help.jamk.fi\/opetus\/en\/presentation-techniques-in-teaching\/blended-teaching-facilities\/\" \/>\n<meta property=\"og:locale\" content=\"fi_FI\" \/>\n<meta property=\"og:type\" content=\"article\" \/>\n<meta property=\"og:title\" content=\"Blended teaching facilities - Opetus\" \/>\n<meta property=\"og:description\" content=\"Blended teaching facilities enable the best a learning experience for students who participate physically or online at the same time.\" \/>\n<meta property=\"og:url\" content=\"https:\/\/help.jamk.fi\/opetus\/en\/presentation-techniques-in-teaching\/blended-teaching-facilities\/\" \/>\n<meta property=\"og:site_name\" content=\"Opetus\" \/>\n<meta property=\"article:modified_time\" content=\"2025-04-30T08:52:22+00:00\" \/>\n<meta property=\"og:image\" content=\"https:\/\/help.jamk.fi\/opetus\/wp-content\/uploads\/sites\/104\/2023\/09\/IMG_0305.jpg\" \/>\n\t<meta property=\"og:image:width\" content=\"5400\" \/>\n\t<meta property=\"og:image:height\" content=\"1166\" \/>\n\t<meta property=\"og:image:type\" content=\"image\/jpeg\" \/>\n<meta name=\"twitter:card\" content=\"summary_large_image\" \/>\n<meta name=\"twitter:label1\" content=\"Arvioitu lukuaika\" \/>\n\t<meta name=\"twitter:data1\" content=\"2 minuuttia\" \/>\n<script type=\"application\/ld+json\" class=\"yoast-schema-graph\">{\"@context\":\"https:\\\/\\\/schema.org\",\"@graph\":[{\"@type\":\"WebPage\",\"@id\":\"https:\\\/\\\/help.jamk.fi\\\/opetus\\\/en\\\/presentation-techniques-in-teaching\\\/blended-teaching-facilities\\\/\",\"url\":\"https:\\\/\\\/help.jamk.fi\\\/opetus\\\/en\\\/presentation-techniques-in-teaching\\\/blended-teaching-facilities\\\/\",\"name\":\"Blended teaching facilities - Opetus\",\"isPartOf\":{\"@id\":\"https:\\\/\\\/help.jamk.fi\\\/opetus\\\/#website\"},\"primaryImageOfPage\":{\"@id\":\"https:\\\/\\\/help.jamk.fi\\\/opetus\\\/en\\\/presentation-techniques-in-teaching\\\/blended-teaching-facilities\\\/#primaryimage\"},\"image\":{\"@id\":\"https:\\\/\\\/help.jamk.fi\\\/opetus\\\/en\\\/presentation-techniques-in-teaching\\\/blended-teaching-facilities\\\/#primaryimage\"},\"thumbnailUrl\":\"https:\\\/\\\/help.jamk.fi\\\/opetus\\\/wp-content\\\/uploads\\\/sites\\\/104\\\/2023\\\/09\\\/IMG_0305.jpg\",\"datePublished\":\"2023-12-06T07:23:40+00:00\",\"dateModified\":\"2025-04-30T08:52:22+00:00\",\"description\":\"Blended teaching facilities enable the best a learning experience for students who participate physically or online at the same time.\",\"breadcrumb\":{\"@id\":\"https:\\\/\\\/help.jamk.fi\\\/opetus\\\/en\\\/presentation-techniques-in-teaching\\\/blended-teaching-facilities\\\/#breadcrumb\"},\"inLanguage\":\"fi\",\"potentialAction\":[{\"@type\":\"ReadAction\",\"target\":[\"https:\\\/\\\/help.jamk.fi\\\/opetus\\\/en\\\/presentation-techniques-in-teaching\\\/blended-teaching-facilities\\\/\"]}]},{\"@type\":\"ImageObject\",\"inLanguage\":\"fi\",\"@id\":\"https:\\\/\\\/help.jamk.fi\\\/opetus\\\/en\\\/presentation-techniques-in-teaching\\\/blended-teaching-facilities\\\/#primaryimage\",\"url\":\"https:\\\/\\\/help.jamk.fi\\\/opetus\\\/wp-content\\\/uploads\\\/sites\\\/104\\\/2023\\\/09\\\/IMG_0305.jpg\",\"contentUrl\":\"https:\\\/\\\/help.jamk.fi\\\/opetus\\\/wp-content\\\/uploads\\\/sites\\\/104\\\/2023\\\/09\\\/IMG_0305.jpg\",\"width\":5400,\"height\":1166,\"caption\":\"Luokkatila, joka on otettu laajakuvaominaisuudella. Luokan takaosassa ja etuosassa on valkokankaat, johon on heijastettu sis\u00e4lt\u00f6\u00e4. Luokka on valoisa ja siell\u00e4 on v\u00e4rikk\u00e4it\u00e4 verhoja.\"},{\"@type\":\"BreadcrumbList\",\"@id\":\"https:\\\/\\\/help.jamk.fi\\\/opetus\\\/en\\\/presentation-techniques-in-teaching\\\/blended-teaching-facilities\\\/#breadcrumb\",\"itemListElement\":[{\"@type\":\"ListItem\",\"position\":1,\"name\":\"Etusivu\",\"item\":\"https:\\\/\\\/help.jamk.fi\\\/opetus\\\/fi\\\/\"},{\"@type\":\"ListItem\",\"position\":2,\"name\":\"Presentation technology in teaching\",\"item\":\"https:\\\/\\\/help.jamk.fi\\\/opetus\\\/en\\\/presentation-techniques-in-teaching\\\/\"},{\"@type\":\"ListItem\",\"position\":3,\"name\":\"Blended teaching facilities\"}]},{\"@type\":\"WebSite\",\"@id\":\"https:\\\/\\\/help.jamk.fi\\\/opetus\\\/#website\",\"url\":\"https:\\\/\\\/help.jamk.fi\\\/opetus\\\/\",\"name\":\"Opetus\",\"description\":\"Opettajan ty\u00f6v\u00e4lineet\",\"potentialAction\":[{\"@type\":\"SearchAction\",\"target\":{\"@type\":\"EntryPoint\",\"urlTemplate\":\"https:\\\/\\\/help.jamk.fi\\\/opetus\\\/?s={search_term_string}\"},\"query-input\":{\"@type\":\"PropertyValueSpecification\",\"valueRequired\":true,\"valueName\":\"search_term_string\"}}],\"inLanguage\":\"fi\"}]}<\/script>\n<!-- \/ Yoast SEO plugin. -->","yoast_head_json":{"title":"Blended teaching facilities - Opetus","description":"Blended teaching facilities enable the best a learning experience for students who participate physically or online at the same time.","robots":{"index":"index","follow":"follow","max-snippet":"max-snippet:-1","max-image-preview":"max-image-preview:large","max-video-preview":"max-video-preview:-1"},"canonical":"https:\/\/help.jamk.fi\/opetus\/en\/presentation-techniques-in-teaching\/blended-teaching-facilities\/","og_locale":"fi_FI","og_type":"article","og_title":"Blended teaching facilities - Opetus","og_description":"Blended teaching facilities enable the best a learning experience for students who participate physically or online at the same time.","og_url":"https:\/\/help.jamk.fi\/opetus\/en\/presentation-techniques-in-teaching\/blended-teaching-facilities\/","og_site_name":"Opetus","article_modified_time":"2025-04-30T08:52:22+00:00","og_image":[{"width":5400,"height":1166,"url":"https:\/\/help.jamk.fi\/opetus\/wp-content\/uploads\/sites\/104\/2023\/09\/IMG_0305.jpg","type":"image\/jpeg"}],"twitter_card":"summary_large_image","twitter_misc":{"Arvioitu lukuaika":"2 minuuttia"},"schema":{"@context":"https:\/\/schema.org","@graph":[{"@type":"WebPage","@id":"https:\/\/help.jamk.fi\/opetus\/en\/presentation-techniques-in-teaching\/blended-teaching-facilities\/","url":"https:\/\/help.jamk.fi\/opetus\/en\/presentation-techniques-in-teaching\/blended-teaching-facilities\/","name":"Blended teaching facilities - Opetus","isPartOf":{"@id":"https:\/\/help.jamk.fi\/opetus\/#website"},"primaryImageOfPage":{"@id":"https:\/\/help.jamk.fi\/opetus\/en\/presentation-techniques-in-teaching\/blended-teaching-facilities\/#primaryimage"},"image":{"@id":"https:\/\/help.jamk.fi\/opetus\/en\/presentation-techniques-in-teaching\/blended-teaching-facilities\/#primaryimage"},"thumbnailUrl":"https:\/\/help.jamk.fi\/opetus\/wp-content\/uploads\/sites\/104\/2023\/09\/IMG_0305.jpg","datePublished":"2023-12-06T07:23:40+00:00","dateModified":"2025-04-30T08:52:22+00:00","description":"Blended teaching facilities enable the best a learning experience for students who participate physically or online at the same time.","breadcrumb":{"@id":"https:\/\/help.jamk.fi\/opetus\/en\/presentation-techniques-in-teaching\/blended-teaching-facilities\/#breadcrumb"},"inLanguage":"fi","potentialAction":[{"@type":"ReadAction","target":["https:\/\/help.jamk.fi\/opetus\/en\/presentation-techniques-in-teaching\/blended-teaching-facilities\/"]}]},{"@type":"ImageObject","inLanguage":"fi","@id":"https:\/\/help.jamk.fi\/opetus\/en\/presentation-techniques-in-teaching\/blended-teaching-facilities\/#primaryimage","url":"https:\/\/help.jamk.fi\/opetus\/wp-content\/uploads\/sites\/104\/2023\/09\/IMG_0305.jpg","contentUrl":"https:\/\/help.jamk.fi\/opetus\/wp-content\/uploads\/sites\/104\/2023\/09\/IMG_0305.jpg","width":5400,"height":1166,"caption":"Luokkatila, joka on otettu laajakuvaominaisuudella. Luokan takaosassa ja etuosassa on valkokankaat, johon on heijastettu sis\u00e4lt\u00f6\u00e4. Luokka on valoisa ja siell\u00e4 on v\u00e4rikk\u00e4it\u00e4 verhoja."},{"@type":"BreadcrumbList","@id":"https:\/\/help.jamk.fi\/opetus\/en\/presentation-techniques-in-teaching\/blended-teaching-facilities\/#breadcrumb","itemListElement":[{"@type":"ListItem","position":1,"name":"Etusivu","item":"https:\/\/help.jamk.fi\/opetus\/fi\/"},{"@type":"ListItem","position":2,"name":"Presentation technology in teaching","item":"https:\/\/help.jamk.fi\/opetus\/en\/presentation-techniques-in-teaching\/"},{"@type":"ListItem","position":3,"name":"Blended teaching facilities"}]},{"@type":"WebSite","@id":"https:\/\/help.jamk.fi\/opetus\/#website","url":"https:\/\/help.jamk.fi\/opetus\/","name":"Opetus","description":"Opettajan ty\u00f6v\u00e4lineet","potentialAction":[{"@type":"SearchAction","target":{"@type":"EntryPoint","urlTemplate":"https:\/\/help.jamk.fi\/opetus\/?s={search_term_string}"},"query-input":{"@type":"PropertyValueSpecification","valueRequired":true,"valueName":"search_term_string"}}],"inLanguage":"fi"}]}},"_links":{"self":[{"href":"https:\/\/help.jamk.fi\/opetus\/wp-json\/wp\/v2\/pages\/1417","targetHints":{"allow":["GET"]}}],"collection":[{"href":"https:\/\/help.jamk.fi\/opetus\/wp-json\/wp\/v2\/pages"}],"about":[{"href":"https:\/\/help.jamk.fi\/opetus\/wp-json\/wp\/v2\/types\/page"}],"author":[{"embeddable":true,"href":"https:\/\/help.jamk.fi\/opetus\/wp-json\/wp\/v2\/users\/73"}],"replies":[{"embeddable":true,"href":"https:\/\/help.jamk.fi\/opetus\/wp-json\/wp\/v2\/comments?post=1417"}],"version-history":[{"count":4,"href":"https:\/\/help.jamk.fi\/opetus\/wp-json\/wp\/v2\/pages\/1417\/revisions"}],"predecessor-version":[{"id":2157,"href":"https:\/\/help.jamk.fi\/opetus\/wp-json\/wp\/v2\/pages\/1417\/revisions\/2157"}],"up":[{"embeddable":true,"href":"https:\/\/help.jamk.fi\/opetus\/wp-json\/wp\/v2\/pages\/1411"}],"wp:attachment":[{"href":"https:\/\/help.jamk.fi\/opetus\/wp-json\/wp\/v2\/media?parent=1417"}],"wp:term":[{"taxonomy":"category","embeddable":true,"href":"https:\/\/help.jamk.fi\/opetus\/wp-json\/wp\/v2\/categories?post=1417"},{"taxonomy":"post_tag","embeddable":true,"href":"https:\/\/help.jamk.fi\/opetus\/wp-json\/wp\/v2\/tags?post=1417"}],"curies":[{"name":"wp","href":"https:\/\/api.w.org\/{rel}","templated":true}]}}