{"id":1419,"date":"2023-12-06T08:50:25","date_gmt":"2023-12-06T06:50:25","guid":{"rendered":"https:\/\/help.jamk.fi\/opetus\/?page_id=1419"},"modified":"2023-12-06T09:00:19","modified_gmt":"2023-12-06T07:00:19","slug":"desktop-visualizer-in-teaching","status":"publish","type":"page","link":"https:\/\/help.jamk.fi\/opetus\/en\/presentation-techniques-in-teaching\/desktop-visualizer-in-teaching\/","title":{"rendered":"Document camera in teaching"},"content":{"rendered":"\n<p>Connect the document camera to your presentation device (projector, TV) in the same way as you would a computer, using an hdmi cable. For the document cameras used by Jamk, you need a dvi-hdmi adapter, which is usually pre-connected in the document camera.<\/p>\n\n\n\n<figure class=\"wp-block-image is-resized\"><a href=\"https:\/\/help.jamk.fi\/opetustyokalut\/wp-content\/uploads\/sites\/104\/2023\/09\/doku.jpg\"><img decoding=\"async\" src=\"https:\/\/help.jamk.fi\/opetustyokalut\/wp-content\/uploads\/sites\/104\/2023\/09\/doku.jpg\" alt=\"Musta dokumenttikamera p\u00f6yd\u00e4ll\u00e4 kuvan etuosassa, takaosassa auditorion tuolirivej\u00e4.\nA black documentary camera on a table in the front of the picture, with rows of chairs in the auditorium in the back.\" class=\"wp-image-294\" style=\"aspect-ratio:0.75;width:362px;height:auto\"\/><\/a><figcaption class=\"wp-element-caption\">The documentary camera in the Valjakka Auditorium.<\/figcaption><\/figure>\n\n\n\n<p><\/p>\n\n\n\n<p>It is also possible to connect the document camera to a computer via the usb connection. You can then display the document camera video image via the SDP Viewer installed on your computer and, if necessary, save the video transmitted by the software as image or video files. The document camera can also be used as a web camera, so that its video can be displayed to remote students, e.g. via Teams or Zoom. Using a USB connection is convenient, because you do not need to change the cable and the image source between the computer and the camera, but can display the document camera image during the rest of the presentation from your computer.<\/p>\n\n\n\n<figure class=\"wp-block-image is-resized\"><a href=\"https:\/\/help.jamk.fi\/opetustyokalut\/wp-content\/uploads\/sites\/104\/2023\/09\/dokusofta.jpg\"><img decoding=\"async\" src=\"https:\/\/help.jamk.fi\/opetustyokalut\/wp-content\/uploads\/sites\/104\/2023\/09\/dokusofta.jpg\" alt=\"Ruutukaappauskuva sovelluksesta, joka kuvaa mustaa laitetta. Kuvan oikeassa reunassa sovelluksen ty\u00f6kaluvalikko.\" class=\"wp-image-295\" style=\"aspect-ratio:1.174757281553398;width:380px;height:auto\"\/><\/a><figcaption class=\"wp-element-caption\">The SDP Viewer installed on your computer.<\/figcaption><\/figure>\n\n\n\n<p><\/p>\n\n\n<div id=\"info-lift-block_e5783af66ec5eb5bf62d3d8a907d85dc\" class=\"block-info-lift block-info-lift\">\n  <div class=\"row\">\n    <div class=\"col-12\">\n              <div class=\"block-info-lift__content\">\n          <div class=\"block-info-lift__content__icon\">\n            <span>!<\/span>\n          <\/div>\n          <p class=\"block-info-lift__content__text\">A document camera is a handy teaching tool when showing students objects, documents or even handwritten text. <\/p>\n        <\/div>\n          <\/div>\n  <\/div>\n<\/div>","protected":false},"excerpt":{"rendered":"<p>Connect the document camera to your presentation device (projector, TV) in the same way as you would a computer, using an hdmi cable. For the document cameras used by Jamk, you need a dvi-hdmi adapter, which is usually pre-connected in the document camera. It is also possible to connect the document camera to a computer [&hellip;]<\/p>\n","protected":false},"author":73,"featured_media":0,"parent":1411,"menu_order":20,"comment_status":"closed","ping_status":"closed","template":"","meta":{"_acf_changed":false,"_relevanssi_hide_post":"","_relevanssi_hide_content":"","_relevanssi_pin_for_all":"","_relevanssi_pin_keywords":"","_relevanssi_unpin_keywords":"","_relevanssi_related_keywords":"","_relevanssi_related_include_ids":"","_relevanssi_related_exclude_ids":"","_relevanssi_related_no_append":"","_relevanssi_related_not_related":"","_relevanssi_related_posts":"","_relevanssi_noindex_reason":"","footnotes":""},"categories":[],"tags":[],"class_list":["post-1419","page","type-page","status-publish","hentry"],"acf":[],"yoast_head":"<!-- This site is optimized with the Yoast SEO plugin v27.5 - https:\/\/yoast.com\/product\/yoast-seo-wordpress\/ -->\n<title>Document camera in teaching - Opetus<\/title>\n<meta name=\"description\" content=\"How to use a document camera in teaching Jamk&#039;s classrooms and auditoriums.\" \/>\n<meta name=\"robots\" content=\"index, follow, max-snippet:-1, max-image-preview:large, max-video-preview:-1\" \/>\n<link rel=\"canonical\" href=\"https:\/\/help.jamk.fi\/opetus\/en\/presentation-techniques-in-teaching\/desktop-visualizer-in-teaching\/\" \/>\n<meta property=\"og:locale\" content=\"fi_FI\" \/>\n<meta property=\"og:type\" content=\"article\" \/>\n<meta property=\"og:title\" content=\"Document camera in teaching - Opetus\" \/>\n<meta property=\"og:description\" content=\"How to use a document camera in teaching Jamk&#039;s classrooms and auditoriums.\" \/>\n<meta property=\"og:url\" content=\"https:\/\/help.jamk.fi\/opetus\/en\/presentation-techniques-in-teaching\/desktop-visualizer-in-teaching\/\" \/>\n<meta property=\"og:site_name\" content=\"Opetus\" \/>\n<meta property=\"article:modified_time\" content=\"2023-12-06T07:00:19+00:00\" \/>\n<meta property=\"og:image\" content=\"https:\/\/help.jamk.fi\/opetustyokalut\/wp-content\/uploads\/sites\/104\/2023\/09\/doku.jpg\" \/>\n<meta name=\"twitter:card\" content=\"summary_large_image\" \/>\n<meta name=\"twitter:label1\" content=\"Arvioitu lukuaika\" \/>\n\t<meta name=\"twitter:data1\" content=\"2 minuuttia\" \/>\n<script type=\"application\/ld+json\" class=\"yoast-schema-graph\">{\"@context\":\"https:\\\/\\\/schema.org\",\"@graph\":[{\"@type\":\"WebPage\",\"@id\":\"https:\\\/\\\/help.jamk.fi\\\/opetus\\\/en\\\/presentation-techniques-in-teaching\\\/desktop-visualizer-in-teaching\\\/\",\"url\":\"https:\\\/\\\/help.jamk.fi\\\/opetus\\\/en\\\/presentation-techniques-in-teaching\\\/desktop-visualizer-in-teaching\\\/\",\"name\":\"Document camera in teaching - Opetus\",\"isPartOf\":{\"@id\":\"https:\\\/\\\/help.jamk.fi\\\/opetus\\\/#website\"},\"primaryImageOfPage\":{\"@id\":\"https:\\\/\\\/help.jamk.fi\\\/opetus\\\/en\\\/presentation-techniques-in-teaching\\\/desktop-visualizer-in-teaching\\\/#primaryimage\"},\"image\":{\"@id\":\"https:\\\/\\\/help.jamk.fi\\\/opetus\\\/en\\\/presentation-techniques-in-teaching\\\/desktop-visualizer-in-teaching\\\/#primaryimage\"},\"thumbnailUrl\":\"https:\\\/\\\/help.jamk.fi\\\/opetustyokalut\\\/wp-content\\\/uploads\\\/sites\\\/104\\\/2023\\\/09\\\/doku.jpg\",\"datePublished\":\"2023-12-06T06:50:25+00:00\",\"dateModified\":\"2023-12-06T07:00:19+00:00\",\"description\":\"How to use a document camera in teaching Jamk's classrooms and auditoriums.\",\"breadcrumb\":{\"@id\":\"https:\\\/\\\/help.jamk.fi\\\/opetus\\\/en\\\/presentation-techniques-in-teaching\\\/desktop-visualizer-in-teaching\\\/#breadcrumb\"},\"inLanguage\":\"fi\",\"potentialAction\":[{\"@type\":\"ReadAction\",\"target\":[\"https:\\\/\\\/help.jamk.fi\\\/opetus\\\/en\\\/presentation-techniques-in-teaching\\\/desktop-visualizer-in-teaching\\\/\"]}]},{\"@type\":\"ImageObject\",\"inLanguage\":\"fi\",\"@id\":\"https:\\\/\\\/help.jamk.fi\\\/opetus\\\/en\\\/presentation-techniques-in-teaching\\\/desktop-visualizer-in-teaching\\\/#primaryimage\",\"url\":\"https:\\\/\\\/help.jamk.fi\\\/opetustyokalut\\\/wp-content\\\/uploads\\\/sites\\\/104\\\/2023\\\/09\\\/doku.jpg\",\"contentUrl\":\"https:\\\/\\\/help.jamk.fi\\\/opetustyokalut\\\/wp-content\\\/uploads\\\/sites\\\/104\\\/2023\\\/09\\\/doku.jpg\"},{\"@type\":\"BreadcrumbList\",\"@id\":\"https:\\\/\\\/help.jamk.fi\\\/opetus\\\/en\\\/presentation-techniques-in-teaching\\\/desktop-visualizer-in-teaching\\\/#breadcrumb\",\"itemListElement\":[{\"@type\":\"ListItem\",\"position\":1,\"name\":\"Etusivu\",\"item\":\"https:\\\/\\\/help.jamk.fi\\\/opetus\\\/fi\\\/\"},{\"@type\":\"ListItem\",\"position\":2,\"name\":\"Presentation technology in teaching\",\"item\":\"https:\\\/\\\/help.jamk.fi\\\/opetus\\\/en\\\/presentation-techniques-in-teaching\\\/\"},{\"@type\":\"ListItem\",\"position\":3,\"name\":\"Document camera in teaching\"}]},{\"@type\":\"WebSite\",\"@id\":\"https:\\\/\\\/help.jamk.fi\\\/opetus\\\/#website\",\"url\":\"https:\\\/\\\/help.jamk.fi\\\/opetus\\\/\",\"name\":\"Opetus\",\"description\":\"Opettajan ty\u00f6v\u00e4lineet\",\"potentialAction\":[{\"@type\":\"SearchAction\",\"target\":{\"@type\":\"EntryPoint\",\"urlTemplate\":\"https:\\\/\\\/help.jamk.fi\\\/opetus\\\/?s={search_term_string}\"},\"query-input\":{\"@type\":\"PropertyValueSpecification\",\"valueRequired\":true,\"valueName\":\"search_term_string\"}}],\"inLanguage\":\"fi\"}]}<\/script>\n<!-- \/ Yoast SEO plugin. -->","yoast_head_json":{"title":"Document camera in teaching - Opetus","description":"How to use a document camera in teaching Jamk's classrooms and auditoriums.","robots":{"index":"index","follow":"follow","max-snippet":"max-snippet:-1","max-image-preview":"max-image-preview:large","max-video-preview":"max-video-preview:-1"},"canonical":"https:\/\/help.jamk.fi\/opetus\/en\/presentation-techniques-in-teaching\/desktop-visualizer-in-teaching\/","og_locale":"fi_FI","og_type":"article","og_title":"Document camera in teaching - Opetus","og_description":"How to use a document camera in teaching Jamk's classrooms and auditoriums.","og_url":"https:\/\/help.jamk.fi\/opetus\/en\/presentation-techniques-in-teaching\/desktop-visualizer-in-teaching\/","og_site_name":"Opetus","article_modified_time":"2023-12-06T07:00:19+00:00","og_image":[{"url":"https:\/\/help.jamk.fi\/opetustyokalut\/wp-content\/uploads\/sites\/104\/2023\/09\/doku.jpg","type":"","width":"","height":""}],"twitter_card":"summary_large_image","twitter_misc":{"Arvioitu lukuaika":"2 minuuttia"},"schema":{"@context":"https:\/\/schema.org","@graph":[{"@type":"WebPage","@id":"https:\/\/help.jamk.fi\/opetus\/en\/presentation-techniques-in-teaching\/desktop-visualizer-in-teaching\/","url":"https:\/\/help.jamk.fi\/opetus\/en\/presentation-techniques-in-teaching\/desktop-visualizer-in-teaching\/","name":"Document camera in teaching - Opetus","isPartOf":{"@id":"https:\/\/help.jamk.fi\/opetus\/#website"},"primaryImageOfPage":{"@id":"https:\/\/help.jamk.fi\/opetus\/en\/presentation-techniques-in-teaching\/desktop-visualizer-in-teaching\/#primaryimage"},"image":{"@id":"https:\/\/help.jamk.fi\/opetus\/en\/presentation-techniques-in-teaching\/desktop-visualizer-in-teaching\/#primaryimage"},"thumbnailUrl":"https:\/\/help.jamk.fi\/opetustyokalut\/wp-content\/uploads\/sites\/104\/2023\/09\/doku.jpg","datePublished":"2023-12-06T06:50:25+00:00","dateModified":"2023-12-06T07:00:19+00:00","description":"How to use a document camera in teaching Jamk's classrooms and auditoriums.","breadcrumb":{"@id":"https:\/\/help.jamk.fi\/opetus\/en\/presentation-techniques-in-teaching\/desktop-visualizer-in-teaching\/#breadcrumb"},"inLanguage":"fi","potentialAction":[{"@type":"ReadAction","target":["https:\/\/help.jamk.fi\/opetus\/en\/presentation-techniques-in-teaching\/desktop-visualizer-in-teaching\/"]}]},{"@type":"ImageObject","inLanguage":"fi","@id":"https:\/\/help.jamk.fi\/opetus\/en\/presentation-techniques-in-teaching\/desktop-visualizer-in-teaching\/#primaryimage","url":"https:\/\/help.jamk.fi\/opetustyokalut\/wp-content\/uploads\/sites\/104\/2023\/09\/doku.jpg","contentUrl":"https:\/\/help.jamk.fi\/opetustyokalut\/wp-content\/uploads\/sites\/104\/2023\/09\/doku.jpg"},{"@type":"BreadcrumbList","@id":"https:\/\/help.jamk.fi\/opetus\/en\/presentation-techniques-in-teaching\/desktop-visualizer-in-teaching\/#breadcrumb","itemListElement":[{"@type":"ListItem","position":1,"name":"Etusivu","item":"https:\/\/help.jamk.fi\/opetus\/fi\/"},{"@type":"ListItem","position":2,"name":"Presentation technology in teaching","item":"https:\/\/help.jamk.fi\/opetus\/en\/presentation-techniques-in-teaching\/"},{"@type":"ListItem","position":3,"name":"Document camera in teaching"}]},{"@type":"WebSite","@id":"https:\/\/help.jamk.fi\/opetus\/#website","url":"https:\/\/help.jamk.fi\/opetus\/","name":"Opetus","description":"Opettajan ty\u00f6v\u00e4lineet","potentialAction":[{"@type":"SearchAction","target":{"@type":"EntryPoint","urlTemplate":"https:\/\/help.jamk.fi\/opetus\/?s={search_term_string}"},"query-input":{"@type":"PropertyValueSpecification","valueRequired":true,"valueName":"search_term_string"}}],"inLanguage":"fi"}]}},"_links":{"self":[{"href":"https:\/\/help.jamk.fi\/opetus\/wp-json\/wp\/v2\/pages\/1419","targetHints":{"allow":["GET"]}}],"collection":[{"href":"https:\/\/help.jamk.fi\/opetus\/wp-json\/wp\/v2\/pages"}],"about":[{"href":"https:\/\/help.jamk.fi\/opetus\/wp-json\/wp\/v2\/types\/page"}],"author":[{"embeddable":true,"href":"https:\/\/help.jamk.fi\/opetus\/wp-json\/wp\/v2\/users\/73"}],"replies":[{"embeddable":true,"href":"https:\/\/help.jamk.fi\/opetus\/wp-json\/wp\/v2\/comments?post=1419"}],"version-history":[{"count":8,"href":"https:\/\/help.jamk.fi\/opetus\/wp-json\/wp\/v2\/pages\/1419\/revisions"}],"predecessor-version":[{"id":1641,"href":"https:\/\/help.jamk.fi\/opetus\/wp-json\/wp\/v2\/pages\/1419\/revisions\/1641"}],"up":[{"embeddable":true,"href":"https:\/\/help.jamk.fi\/opetus\/wp-json\/wp\/v2\/pages\/1411"}],"wp:attachment":[{"href":"https:\/\/help.jamk.fi\/opetus\/wp-json\/wp\/v2\/media?parent=1419"}],"wp:term":[{"taxonomy":"category","embeddable":true,"href":"https:\/\/help.jamk.fi\/opetus\/wp-json\/wp\/v2\/categories?post=1419"},{"taxonomy":"post_tag","embeddable":true,"href":"https:\/\/help.jamk.fi\/opetus\/wp-json\/wp\/v2\/tags?post=1419"}],"curies":[{"name":"wp","href":"https:\/\/api.w.org\/{rel}","templated":true}]}}