{"id":1424,"date":"2023-12-05T12:18:09","date_gmt":"2023-12-05T10:18:09","guid":{"rendered":"https:\/\/help.jamk.fi\/opetus\/?page_id=1424"},"modified":"2023-12-06T08:37:25","modified_gmt":"2023-12-06T06:37:25","slug":"video-and-audio-from-laptop-to-projector","status":"publish","type":"page","link":"https:\/\/help.jamk.fi\/opetus\/en\/presentation-techniques-in-teaching\/video-and-audio-from-laptop-to-projector\/","title":{"rendered":"Audio and video from laptop to projector"},"content":{"rendered":"\n<p>From Jamk staff PC laptops, you can get audio and video to presentation devices via the display port. Since projectors or televisions do not have a displayport connector, a displayport-to-hdmi adapter must be inserted between the computer and the presentation device at the end of the hdmi cable. It is usually available in the premises ready connected to the hdmi end of the cable.<\/p>\n\n\n\n<p>In the classrooms with a control panel, check that the selection button on the panel and the connection cable are labelled the same, e.g. HDMI1, or PC1, and make the selection accordingly. In the auditoriums, in addition to the above selection, also select the Show with projector button. It is also worth remembering that in auditoriums, due to the complexity of the systems, there are start-up delays, so give the system time to boot up! The Show with projector button should be pressed again once the projector has started up.<\/p>\n\n\n\n<p>If the image does not appear, check that<\/p>\n\n\n\n<ul class=\"wp-block-list\">\n<li>video sharing is enabled in the computer settings,<\/li>\n\n\n\n<li>the AV cable is correctly connected and properly attached, and<\/li>\n\n\n\n<li>the correct source is selected on the control panel or projector.<\/li>\n<\/ul>\n\n\n\n<p>If you are using an audio and video system via the control panel that was on when you entered the room, turn off the system via the control panel and turn it on again.<\/p>\n\n\n\n<p>If none of these help, send a service request to ICT Helpdesk, call or visit the on-campus Helpdesk. Sometimes cables or connectors wear out during use or the control system is stuck. That&#8217;s when you need help from ICT Helpdesk.<\/p>\n\n\n<div id=\"info-lift-block_665dc3b8a0ea4317370d98bbe2833303\" class=\"block-info-lift block-info-lift\">\n  <div class=\"row\">\n    <div class=\"col-12\">\n              <div class=\"block-info-lift__content\">\n          <div class=\"block-info-lift__content__icon\">\n            <span>!<\/span>\n          <\/div>\n          <p class=\"block-info-lift__content__text\">Remember to switch off the audio and video system or projector after use.<\/p>\n        <\/div>\n          <\/div>\n  <\/div>\n<\/div>\n\n\n<h2 class=\"wp-block-heading\">Connectors and adapters<\/h2>\n\n\n\n<figure class=\"wp-block-image is-resized\"><a href=\"https:\/\/help.jamk.fi\/opetustyokalut\/wp-content\/uploads\/sites\/104\/2023\/09\/disp_hdmi.jpg\"><img decoding=\"async\" src=\"https:\/\/help.jamk.fi\/opetustyokalut\/wp-content\/uploads\/sites\/104\/2023\/09\/disp_hdmi.jpg\" alt=\"Kuvassa ympyr\u00f6ity tietokoneen sivussa olevan suorakulmio, jossa yksi nurkka py\u00f6ristetty, k\u00e4dess\u00e4 pidet\u00e4\u00e4n johtoa, josta nuoli tietokoneen sivussa olevaan, edell\u00e4 ympyr\u00f6ityyn liit\u00e4nt\u00e4\u00e4n sek\u00e4 k\u00e4dess\u00e4 hdmi-johto, jossa kaksi kulmaa py\u00f6ristetty suorakulmio.\nThe image shows a circled rectangle on the side of the computer with one corner rounded, holding a cable with an arrow pointing to the connector on the side of the computer circled above, and holding an hdmi cable with two corners rounded in a rectangle.\" class=\"wp-image-159\" style=\"aspect-ratio:3.5458333333333334;width:465px;height:auto\"\/><\/a><\/figure>\n\n\n\n<p><span style=\"color: #333333\"><\/span><\/p>\n\n\n\n<figure class=\"wp-block-image is-resized\"><a href=\"https:\/\/help.jamk.fi\/opetustyokalut\/wp-content\/uploads\/sites\/104\/2023\/09\/dp_hdmi.jpg\"><img decoding=\"async\" src=\"https:\/\/help.jamk.fi\/opetustyokalut\/wp-content\/uploads\/sites\/104\/2023\/09\/dp_hdmi.jpg\" alt=\"Musta sovitin, jossa teksti displayport nuoli hdmi-adapteri.\nBlack adapter with text displayport arrow hdmi-adapter.\" class=\"wp-image-157\" style=\"aspect-ratio:1.8429752066115703;width:220px;height:auto\"\/><\/a><\/figure>\n\n\n\n<p><span style=\"color: #333333\"><\/span>Newer Macbook Pro laptops come with an hdmi connector, so you can connect them to your presentation device without an adapter. Older Mac Book Pro and Air notebooks require a mini displayport to displayport adapter. These are not standard in the categories, so get one for yourself if you need one.<\/p>\n\n\n\n<figure class=\"wp-block-image is-resized\"><a href=\"https:\/\/help.jamk.fi\/opetustyokalut\/wp-content\/uploads\/sites\/104\/2023\/09\/minidptodp.jpg\"><img decoding=\"async\" src=\"https:\/\/help.jamk.fi\/opetustyokalut\/wp-content\/uploads\/sites\/104\/2023\/09\/minidptodp.jpg\" alt=\"Musta sovitin, jonka yl\u00e4puolella teksti minidisplayport nuoli displayport-adapteri. \nBlack adapter with text above the minidisplayport arrow displayport adapter.\n\" class=\"wp-image-191\" style=\"aspect-ratio:3.1875;width:344px;height:auto\"\/><\/a><\/figure>\n\n\n\n<p>VGA connectors will be completely abandoned, so their use will no longer be supported.<span style=\"color: #333333\"><\/span><\/p>\n\n\n\n<p>Most classrooms are equipped with a Sony projector, which you turn on with the projector&#8217;s remote control. Use the remote control to select Input C. Adjust the volume using the projector&#8217;s remote control or the computer&#8217;s own volume controls.<\/p>\n\n\n\n<p>Next step: <a href=\"https:\/\/help.jamk.fi\/opetus\/en\/presentation-techniques-in-teaching\/share-a-screen-from-windows-to-a-presentation-device\/\">Share a screen from Windows to a presentation device<\/a><\/p>\n","protected":false},"excerpt":{"rendered":"<p>From Jamk staff PC laptops, you can get audio and video to presentation devices via the display port. Since projectors or televisions do not have a displayport connector, a displayport-to-hdmi adapter must be inserted between the computer and the presentation device at the end of the hdmi cable. It is usually available in the premises [&hellip;]<\/p>\n","protected":false},"author":73,"featured_media":0,"parent":1411,"menu_order":10,"comment_status":"closed","ping_status":"closed","template":"","meta":{"_acf_changed":false,"_relevanssi_hide_post":"","_relevanssi_hide_content":"","_relevanssi_pin_for_all":"","_relevanssi_pin_keywords":"","_relevanssi_unpin_keywords":"","_relevanssi_related_keywords":"","_relevanssi_related_include_ids":"","_relevanssi_related_exclude_ids":"","_relevanssi_related_no_append":"","_relevanssi_related_not_related":"","_relevanssi_related_posts":"","_relevanssi_noindex_reason":"","footnotes":""},"categories":[],"tags":[],"class_list":["post-1424","page","type-page","status-publish","hentry"],"acf":[],"yoast_head":"<!-- This site is optimized with the Yoast SEO plugin v27.3 - https:\/\/yoast.com\/product\/yoast-seo-wordpress\/ -->\n<title>Audio and video from laptop to projector - Opetus<\/title>\n<meta name=\"robots\" content=\"index, follow, max-snippet:-1, max-image-preview:large, max-video-preview:-1\" \/>\n<link rel=\"canonical\" href=\"https:\/\/help.jamk.fi\/opetus\/en\/presentation-techniques-in-teaching\/video-and-audio-from-laptop-to-projector\/\" \/>\n<meta property=\"og:locale\" content=\"fi_FI\" \/>\n<meta property=\"og:type\" content=\"article\" \/>\n<meta property=\"og:title\" content=\"Audio and video from laptop to projector - Opetus\" \/>\n<meta property=\"og:description\" content=\"From Jamk staff PC laptops, you can get audio and video to presentation devices via the display port. Since projectors or televisions do not have a displayport connector, a displayport-to-hdmi adapter must be inserted between the computer and the presentation device at the end of the hdmi cable. It is usually available in the premises [&hellip;]\" \/>\n<meta property=\"og:url\" content=\"https:\/\/help.jamk.fi\/opetus\/en\/presentation-techniques-in-teaching\/video-and-audio-from-laptop-to-projector\/\" \/>\n<meta property=\"og:site_name\" content=\"Opetus\" \/>\n<meta property=\"article:modified_time\" content=\"2023-12-06T06:37:25+00:00\" \/>\n<meta property=\"og:image\" content=\"https:\/\/help.jamk.fi\/opetustyokalut\/wp-content\/uploads\/sites\/104\/2023\/09\/disp_hdmi.jpg\" \/>\n<meta name=\"twitter:card\" content=\"summary_large_image\" \/>\n<meta name=\"twitter:label1\" content=\"Arvioitu lukuaika\" \/>\n\t<meta name=\"twitter:data1\" content=\"3 minuuttia\" \/>\n<script type=\"application\/ld+json\" class=\"yoast-schema-graph\">{\"@context\":\"https:\\\/\\\/schema.org\",\"@graph\":[{\"@type\":\"WebPage\",\"@id\":\"https:\\\/\\\/help.jamk.fi\\\/opetus\\\/en\\\/presentation-techniques-in-teaching\\\/video-and-audio-from-laptop-to-projector\\\/\",\"url\":\"https:\\\/\\\/help.jamk.fi\\\/opetus\\\/en\\\/presentation-techniques-in-teaching\\\/video-and-audio-from-laptop-to-projector\\\/\",\"name\":\"Audio and video from laptop to projector - Opetus\",\"isPartOf\":{\"@id\":\"https:\\\/\\\/help.jamk.fi\\\/opetus\\\/#website\"},\"primaryImageOfPage\":{\"@id\":\"https:\\\/\\\/help.jamk.fi\\\/opetus\\\/en\\\/presentation-techniques-in-teaching\\\/video-and-audio-from-laptop-to-projector\\\/#primaryimage\"},\"image\":{\"@id\":\"https:\\\/\\\/help.jamk.fi\\\/opetus\\\/en\\\/presentation-techniques-in-teaching\\\/video-and-audio-from-laptop-to-projector\\\/#primaryimage\"},\"thumbnailUrl\":\"https:\\\/\\\/help.jamk.fi\\\/opetustyokalut\\\/wp-content\\\/uploads\\\/sites\\\/104\\\/2023\\\/09\\\/disp_hdmi.jpg\",\"datePublished\":\"2023-12-05T10:18:09+00:00\",\"dateModified\":\"2023-12-06T06:37:25+00:00\",\"breadcrumb\":{\"@id\":\"https:\\\/\\\/help.jamk.fi\\\/opetus\\\/en\\\/presentation-techniques-in-teaching\\\/video-and-audio-from-laptop-to-projector\\\/#breadcrumb\"},\"inLanguage\":\"fi\",\"potentialAction\":[{\"@type\":\"ReadAction\",\"target\":[\"https:\\\/\\\/help.jamk.fi\\\/opetus\\\/en\\\/presentation-techniques-in-teaching\\\/video-and-audio-from-laptop-to-projector\\\/\"]}]},{\"@type\":\"ImageObject\",\"inLanguage\":\"fi\",\"@id\":\"https:\\\/\\\/help.jamk.fi\\\/opetus\\\/en\\\/presentation-techniques-in-teaching\\\/video-and-audio-from-laptop-to-projector\\\/#primaryimage\",\"url\":\"https:\\\/\\\/help.jamk.fi\\\/opetustyokalut\\\/wp-content\\\/uploads\\\/sites\\\/104\\\/2023\\\/09\\\/disp_hdmi.jpg\",\"contentUrl\":\"https:\\\/\\\/help.jamk.fi\\\/opetustyokalut\\\/wp-content\\\/uploads\\\/sites\\\/104\\\/2023\\\/09\\\/disp_hdmi.jpg\"},{\"@type\":\"BreadcrumbList\",\"@id\":\"https:\\\/\\\/help.jamk.fi\\\/opetus\\\/en\\\/presentation-techniques-in-teaching\\\/video-and-audio-from-laptop-to-projector\\\/#breadcrumb\",\"itemListElement\":[{\"@type\":\"ListItem\",\"position\":1,\"name\":\"Etusivu\",\"item\":\"https:\\\/\\\/help.jamk.fi\\\/opetus\\\/fi\\\/\"},{\"@type\":\"ListItem\",\"position\":2,\"name\":\"Presentation technology in teaching\",\"item\":\"https:\\\/\\\/help.jamk.fi\\\/opetus\\\/en\\\/presentation-techniques-in-teaching\\\/\"},{\"@type\":\"ListItem\",\"position\":3,\"name\":\"Audio and video from laptop to projector\"}]},{\"@type\":\"WebSite\",\"@id\":\"https:\\\/\\\/help.jamk.fi\\\/opetus\\\/#website\",\"url\":\"https:\\\/\\\/help.jamk.fi\\\/opetus\\\/\",\"name\":\"Opetus\",\"description\":\"Opettajan ty\u00f6v\u00e4lineet\",\"potentialAction\":[{\"@type\":\"SearchAction\",\"target\":{\"@type\":\"EntryPoint\",\"urlTemplate\":\"https:\\\/\\\/help.jamk.fi\\\/opetus\\\/?s={search_term_string}\"},\"query-input\":{\"@type\":\"PropertyValueSpecification\",\"valueRequired\":true,\"valueName\":\"search_term_string\"}}],\"inLanguage\":\"fi\"}]}<\/script>\n<!-- \/ Yoast SEO plugin. -->","yoast_head_json":{"title":"Audio and video from laptop to projector - Opetus","robots":{"index":"index","follow":"follow","max-snippet":"max-snippet:-1","max-image-preview":"max-image-preview:large","max-video-preview":"max-video-preview:-1"},"canonical":"https:\/\/help.jamk.fi\/opetus\/en\/presentation-techniques-in-teaching\/video-and-audio-from-laptop-to-projector\/","og_locale":"fi_FI","og_type":"article","og_title":"Audio and video from laptop to projector - Opetus","og_description":"From Jamk staff PC laptops, you can get audio and video to presentation devices via the display port. Since projectors or televisions do not have a displayport connector, a displayport-to-hdmi adapter must be inserted between the computer and the presentation device at the end of the hdmi cable. It is usually available in the premises [&hellip;]","og_url":"https:\/\/help.jamk.fi\/opetus\/en\/presentation-techniques-in-teaching\/video-and-audio-from-laptop-to-projector\/","og_site_name":"Opetus","article_modified_time":"2023-12-06T06:37:25+00:00","og_image":[{"url":"https:\/\/help.jamk.fi\/opetustyokalut\/wp-content\/uploads\/sites\/104\/2023\/09\/disp_hdmi.jpg","type":"","width":"","height":""}],"twitter_card":"summary_large_image","twitter_misc":{"Arvioitu lukuaika":"3 minuuttia"},"schema":{"@context":"https:\/\/schema.org","@graph":[{"@type":"WebPage","@id":"https:\/\/help.jamk.fi\/opetus\/en\/presentation-techniques-in-teaching\/video-and-audio-from-laptop-to-projector\/","url":"https:\/\/help.jamk.fi\/opetus\/en\/presentation-techniques-in-teaching\/video-and-audio-from-laptop-to-projector\/","name":"Audio and video from laptop to projector - Opetus","isPartOf":{"@id":"https:\/\/help.jamk.fi\/opetus\/#website"},"primaryImageOfPage":{"@id":"https:\/\/help.jamk.fi\/opetus\/en\/presentation-techniques-in-teaching\/video-and-audio-from-laptop-to-projector\/#primaryimage"},"image":{"@id":"https:\/\/help.jamk.fi\/opetus\/en\/presentation-techniques-in-teaching\/video-and-audio-from-laptop-to-projector\/#primaryimage"},"thumbnailUrl":"https:\/\/help.jamk.fi\/opetustyokalut\/wp-content\/uploads\/sites\/104\/2023\/09\/disp_hdmi.jpg","datePublished":"2023-12-05T10:18:09+00:00","dateModified":"2023-12-06T06:37:25+00:00","breadcrumb":{"@id":"https:\/\/help.jamk.fi\/opetus\/en\/presentation-techniques-in-teaching\/video-and-audio-from-laptop-to-projector\/#breadcrumb"},"inLanguage":"fi","potentialAction":[{"@type":"ReadAction","target":["https:\/\/help.jamk.fi\/opetus\/en\/presentation-techniques-in-teaching\/video-and-audio-from-laptop-to-projector\/"]}]},{"@type":"ImageObject","inLanguage":"fi","@id":"https:\/\/help.jamk.fi\/opetus\/en\/presentation-techniques-in-teaching\/video-and-audio-from-laptop-to-projector\/#primaryimage","url":"https:\/\/help.jamk.fi\/opetustyokalut\/wp-content\/uploads\/sites\/104\/2023\/09\/disp_hdmi.jpg","contentUrl":"https:\/\/help.jamk.fi\/opetustyokalut\/wp-content\/uploads\/sites\/104\/2023\/09\/disp_hdmi.jpg"},{"@type":"BreadcrumbList","@id":"https:\/\/help.jamk.fi\/opetus\/en\/presentation-techniques-in-teaching\/video-and-audio-from-laptop-to-projector\/#breadcrumb","itemListElement":[{"@type":"ListItem","position":1,"name":"Etusivu","item":"https:\/\/help.jamk.fi\/opetus\/fi\/"},{"@type":"ListItem","position":2,"name":"Presentation technology in teaching","item":"https:\/\/help.jamk.fi\/opetus\/en\/presentation-techniques-in-teaching\/"},{"@type":"ListItem","position":3,"name":"Audio and video from laptop to projector"}]},{"@type":"WebSite","@id":"https:\/\/help.jamk.fi\/opetus\/#website","url":"https:\/\/help.jamk.fi\/opetus\/","name":"Opetus","description":"Opettajan ty\u00f6v\u00e4lineet","potentialAction":[{"@type":"SearchAction","target":{"@type":"EntryPoint","urlTemplate":"https:\/\/help.jamk.fi\/opetus\/?s={search_term_string}"},"query-input":{"@type":"PropertyValueSpecification","valueRequired":true,"valueName":"search_term_string"}}],"inLanguage":"fi"}]}},"_links":{"self":[{"href":"https:\/\/help.jamk.fi\/opetus\/wp-json\/wp\/v2\/pages\/1424","targetHints":{"allow":["GET"]}}],"collection":[{"href":"https:\/\/help.jamk.fi\/opetus\/wp-json\/wp\/v2\/pages"}],"about":[{"href":"https:\/\/help.jamk.fi\/opetus\/wp-json\/wp\/v2\/types\/page"}],"author":[{"embeddable":true,"href":"https:\/\/help.jamk.fi\/opetus\/wp-json\/wp\/v2\/users\/73"}],"replies":[{"embeddable":true,"href":"https:\/\/help.jamk.fi\/opetus\/wp-json\/wp\/v2\/comments?post=1424"}],"version-history":[{"count":12,"href":"https:\/\/help.jamk.fi\/opetus\/wp-json\/wp\/v2\/pages\/1424\/revisions"}],"predecessor-version":[{"id":1630,"href":"https:\/\/help.jamk.fi\/opetus\/wp-json\/wp\/v2\/pages\/1424\/revisions\/1630"}],"up":[{"embeddable":true,"href":"https:\/\/help.jamk.fi\/opetus\/wp-json\/wp\/v2\/pages\/1411"}],"wp:attachment":[{"href":"https:\/\/help.jamk.fi\/opetus\/wp-json\/wp\/v2\/media?parent=1424"}],"wp:term":[{"taxonomy":"category","embeddable":true,"href":"https:\/\/help.jamk.fi\/opetus\/wp-json\/wp\/v2\/categories?post=1424"},{"taxonomy":"post_tag","embeddable":true,"href":"https:\/\/help.jamk.fi\/opetus\/wp-json\/wp\/v2\/tags?post=1424"}],"curies":[{"name":"wp","href":"https:\/\/api.w.org\/{rel}","templated":true}]}}