{"id":1428,"date":"2023-11-26T19:50:54","date_gmt":"2023-11-26T17:50:54","guid":{"rendered":"https:\/\/help.jamk.fi\/opetus\/?page_id=1428"},"modified":"2023-12-06T08:48:00","modified_gmt":"2023-12-06T06:48:00","slug":"share-a-screen-from-windows-to-a-presentation-device","status":"publish","type":"page","link":"https:\/\/help.jamk.fi\/opetus\/en\/presentation-techniques-in-teaching\/share-a-screen-from-windows-to-a-presentation-device\/","title":{"rendered":"Share a screen from Windows to a presentation device"},"content":{"rendered":"\n<p>On Windows operating systems, image sharing is done by pressing the Windows and P keys simultaneously.<\/p>\n\n\n\n<figure class=\"wp-block-image\"><a href=\"https:\/\/help.jamk.fi\/opetustyokalut\/wp-content\/uploads\/sites\/104\/2023\/09\/nappis.png\"><img decoding=\"async\" src=\"https:\/\/help.jamk.fi\/opetustyokalut\/wp-content\/uploads\/sites\/104\/2023\/09\/nappis.png\" alt=\"Tietokoneen n\u00e4pp\u00e4imist\u00f6, jossa ympyr\u00f6ity ikkuna-ikonia esitt\u00e4v\u00e4 painike ja P-kirjainta esitt\u00e4v\u00e4 painike. N\u00e4iden painikkeiden v\u00e4lill\u00e4 menee viiva. Kuvan p\u00e4\u00e4ll\u00e4 lukee Windows + P\nA computer keyboard with a circled button representing a window icon and a button representing the letter P. An arrow line goes between these buttons. The image above reads Windows + P.\" class=\"wp-image-196\"\/><\/a><\/figure>\n\n\n\n<p>In the pop-up dialog box that appears, select the appropriate screen layout for the presentation situation.<\/p>\n\n\n\n<p>The options for the grid layout are:<\/p>\n\n\n\n<ol class=\"wp-block-list\">\n<li>PC screen only, which displays the image only on your computer screen.<\/li>\n\n\n\n<li>Duplicate, which shows the same image on your PC screen and on the screen connected to it.<\/li>\n\n\n\n<li>Extend, which extends the view so that both screens show a different window. For example, the main screen (usually your computer screen) shows notes and the other screen or screen shows a presentation.<\/li>\n\n\n\n<li>Second Screen only, which blacks out the screen on your own computer and only shows the presentation on the screen connected to the computer.<\/li>\n<\/ol>\n\n\n\n<p>You will also see a Connect to a wireless display link, which allows you to share your presentation wirelessly via a Miracast compatible device (e.g. Microsoft Wireless Display Adapter).<\/p>\n\n\n\n<figure class=\"wp-block-image\"><a href=\"https:\/\/help.jamk.fi\/opetustyokalut\/wp-content\/uploads\/sites\/104\/2023\/09\/win_p.jpg\"><img decoding=\"async\" src=\"https:\/\/help.jamk.fi\/opetustyokalut\/wp-content\/uploads\/sites\/104\/2023\/09\/win_p.jpg\" alt=\"Ruutukaappauskuva n\u00e4kym\u00e4st\u00e4, jossa n\u00e4kyy vaihtoehdot PC Screen only, Duplicate, Extend ja Second screen only.\nScreenshot of a view showing the options PC Screen only, Duplicate, Extend and Second screen only.\" class=\"wp-image-193\"\/><\/a><\/figure>\n","protected":false},"excerpt":{"rendered":"<p>On Windows operating systems, image sharing is done by pressing the Windows and P keys simultaneously. In the pop-up dialog box that appears, select the appropriate screen layout for the presentation situation. The options for the grid layout are: You will also see a Connect to a wireless display link, which allows you to share [&hellip;]<\/p>\n","protected":false},"author":73,"featured_media":0,"parent":1411,"menu_order":15,"comment_status":"closed","ping_status":"closed","template":"","meta":{"_acf_changed":false,"_relevanssi_hide_post":"","_relevanssi_hide_content":"","_relevanssi_pin_for_all":"","_relevanssi_pin_keywords":"","_relevanssi_unpin_keywords":"","_relevanssi_related_keywords":"","_relevanssi_related_include_ids":"","_relevanssi_related_exclude_ids":"","_relevanssi_related_no_append":"","_relevanssi_related_not_related":"","_relevanssi_related_posts":"","_relevanssi_noindex_reason":"","footnotes":""},"categories":[],"tags":[330],"class_list":["post-1428","page","type-page","status-publish","hentry","tag-share-screen"],"acf":[],"yoast_head":"<!-- This site is optimized with the Yoast SEO plugin v27.4 - https:\/\/yoast.com\/product\/yoast-seo-wordpress\/ -->\n<title>Share a screen from Windows to a presentation device - Opetus<\/title>\n<meta name=\"description\" content=\"How to share a screen from Windows to a presentation device in Jamk&#039;s classrooms.\" \/>\n<meta name=\"robots\" content=\"index, follow, max-snippet:-1, max-image-preview:large, max-video-preview:-1\" \/>\n<link rel=\"canonical\" href=\"https:\/\/help.jamk.fi\/opetus\/en\/presentation-techniques-in-teaching\/share-a-screen-from-windows-to-a-presentation-device\/\" \/>\n<meta property=\"og:locale\" content=\"fi_FI\" \/>\n<meta property=\"og:type\" content=\"article\" \/>\n<meta property=\"og:title\" content=\"Share a screen from Windows to a presentation device - Opetus\" \/>\n<meta property=\"og:description\" content=\"How to share a screen from Windows to a presentation device in Jamk&#039;s classrooms.\" \/>\n<meta property=\"og:url\" content=\"https:\/\/help.jamk.fi\/opetus\/en\/presentation-techniques-in-teaching\/share-a-screen-from-windows-to-a-presentation-device\/\" \/>\n<meta property=\"og:site_name\" content=\"Opetus\" \/>\n<meta property=\"article:modified_time\" content=\"2023-12-06T06:48:00+00:00\" \/>\n<meta property=\"og:image\" content=\"https:\/\/help.jamk.fi\/opetustyokalut\/wp-content\/uploads\/sites\/104\/2023\/09\/nappis.png\" \/>\n<meta name=\"twitter:card\" content=\"summary_large_image\" \/>\n<meta name=\"twitter:label1\" content=\"Arvioitu lukuaika\" \/>\n\t<meta name=\"twitter:data1\" content=\"2 minuuttia\" \/>\n<script type=\"application\/ld+json\" class=\"yoast-schema-graph\">{\"@context\":\"https:\\\/\\\/schema.org\",\"@graph\":[{\"@type\":\"WebPage\",\"@id\":\"https:\\\/\\\/help.jamk.fi\\\/opetus\\\/en\\\/presentation-techniques-in-teaching\\\/share-a-screen-from-windows-to-a-presentation-device\\\/\",\"url\":\"https:\\\/\\\/help.jamk.fi\\\/opetus\\\/en\\\/presentation-techniques-in-teaching\\\/share-a-screen-from-windows-to-a-presentation-device\\\/\",\"name\":\"Share a screen from Windows to a presentation device - Opetus\",\"isPartOf\":{\"@id\":\"https:\\\/\\\/help.jamk.fi\\\/opetus\\\/#website\"},\"primaryImageOfPage\":{\"@id\":\"https:\\\/\\\/help.jamk.fi\\\/opetus\\\/en\\\/presentation-techniques-in-teaching\\\/share-a-screen-from-windows-to-a-presentation-device\\\/#primaryimage\"},\"image\":{\"@id\":\"https:\\\/\\\/help.jamk.fi\\\/opetus\\\/en\\\/presentation-techniques-in-teaching\\\/share-a-screen-from-windows-to-a-presentation-device\\\/#primaryimage\"},\"thumbnailUrl\":\"https:\\\/\\\/help.jamk.fi\\\/opetustyokalut\\\/wp-content\\\/uploads\\\/sites\\\/104\\\/2023\\\/09\\\/nappis.png\",\"datePublished\":\"2023-11-26T17:50:54+00:00\",\"dateModified\":\"2023-12-06T06:48:00+00:00\",\"description\":\"How to share a screen from Windows to a presentation device in Jamk's classrooms.\",\"breadcrumb\":{\"@id\":\"https:\\\/\\\/help.jamk.fi\\\/opetus\\\/en\\\/presentation-techniques-in-teaching\\\/share-a-screen-from-windows-to-a-presentation-device\\\/#breadcrumb\"},\"inLanguage\":\"fi\",\"potentialAction\":[{\"@type\":\"ReadAction\",\"target\":[\"https:\\\/\\\/help.jamk.fi\\\/opetus\\\/en\\\/presentation-techniques-in-teaching\\\/share-a-screen-from-windows-to-a-presentation-device\\\/\"]}]},{\"@type\":\"ImageObject\",\"inLanguage\":\"fi\",\"@id\":\"https:\\\/\\\/help.jamk.fi\\\/opetus\\\/en\\\/presentation-techniques-in-teaching\\\/share-a-screen-from-windows-to-a-presentation-device\\\/#primaryimage\",\"url\":\"https:\\\/\\\/help.jamk.fi\\\/opetustyokalut\\\/wp-content\\\/uploads\\\/sites\\\/104\\\/2023\\\/09\\\/nappis.png\",\"contentUrl\":\"https:\\\/\\\/help.jamk.fi\\\/opetustyokalut\\\/wp-content\\\/uploads\\\/sites\\\/104\\\/2023\\\/09\\\/nappis.png\"},{\"@type\":\"BreadcrumbList\",\"@id\":\"https:\\\/\\\/help.jamk.fi\\\/opetus\\\/en\\\/presentation-techniques-in-teaching\\\/share-a-screen-from-windows-to-a-presentation-device\\\/#breadcrumb\",\"itemListElement\":[{\"@type\":\"ListItem\",\"position\":1,\"name\":\"Etusivu\",\"item\":\"https:\\\/\\\/help.jamk.fi\\\/opetus\\\/fi\\\/\"},{\"@type\":\"ListItem\",\"position\":2,\"name\":\"Presentation technology in teaching\",\"item\":\"https:\\\/\\\/help.jamk.fi\\\/opetus\\\/en\\\/presentation-techniques-in-teaching\\\/\"},{\"@type\":\"ListItem\",\"position\":3,\"name\":\"Share a screen from Windows to a presentation device\"}]},{\"@type\":\"WebSite\",\"@id\":\"https:\\\/\\\/help.jamk.fi\\\/opetus\\\/#website\",\"url\":\"https:\\\/\\\/help.jamk.fi\\\/opetus\\\/\",\"name\":\"Opetus\",\"description\":\"Opettajan ty\u00f6v\u00e4lineet\",\"potentialAction\":[{\"@type\":\"SearchAction\",\"target\":{\"@type\":\"EntryPoint\",\"urlTemplate\":\"https:\\\/\\\/help.jamk.fi\\\/opetus\\\/?s={search_term_string}\"},\"query-input\":{\"@type\":\"PropertyValueSpecification\",\"valueRequired\":true,\"valueName\":\"search_term_string\"}}],\"inLanguage\":\"fi\"}]}<\/script>\n<!-- \/ Yoast SEO plugin. -->","yoast_head_json":{"title":"Share a screen from Windows to a presentation device - Opetus","description":"How to share a screen from Windows to a presentation device in Jamk's classrooms.","robots":{"index":"index","follow":"follow","max-snippet":"max-snippet:-1","max-image-preview":"max-image-preview:large","max-video-preview":"max-video-preview:-1"},"canonical":"https:\/\/help.jamk.fi\/opetus\/en\/presentation-techniques-in-teaching\/share-a-screen-from-windows-to-a-presentation-device\/","og_locale":"fi_FI","og_type":"article","og_title":"Share a screen from Windows to a presentation device - Opetus","og_description":"How to share a screen from Windows to a presentation device in Jamk's classrooms.","og_url":"https:\/\/help.jamk.fi\/opetus\/en\/presentation-techniques-in-teaching\/share-a-screen-from-windows-to-a-presentation-device\/","og_site_name":"Opetus","article_modified_time":"2023-12-06T06:48:00+00:00","og_image":[{"url":"https:\/\/help.jamk.fi\/opetustyokalut\/wp-content\/uploads\/sites\/104\/2023\/09\/nappis.png","type":"","width":"","height":""}],"twitter_card":"summary_large_image","twitter_misc":{"Arvioitu lukuaika":"2 minuuttia"},"schema":{"@context":"https:\/\/schema.org","@graph":[{"@type":"WebPage","@id":"https:\/\/help.jamk.fi\/opetus\/en\/presentation-techniques-in-teaching\/share-a-screen-from-windows-to-a-presentation-device\/","url":"https:\/\/help.jamk.fi\/opetus\/en\/presentation-techniques-in-teaching\/share-a-screen-from-windows-to-a-presentation-device\/","name":"Share a screen from Windows to a presentation device - Opetus","isPartOf":{"@id":"https:\/\/help.jamk.fi\/opetus\/#website"},"primaryImageOfPage":{"@id":"https:\/\/help.jamk.fi\/opetus\/en\/presentation-techniques-in-teaching\/share-a-screen-from-windows-to-a-presentation-device\/#primaryimage"},"image":{"@id":"https:\/\/help.jamk.fi\/opetus\/en\/presentation-techniques-in-teaching\/share-a-screen-from-windows-to-a-presentation-device\/#primaryimage"},"thumbnailUrl":"https:\/\/help.jamk.fi\/opetustyokalut\/wp-content\/uploads\/sites\/104\/2023\/09\/nappis.png","datePublished":"2023-11-26T17:50:54+00:00","dateModified":"2023-12-06T06:48:00+00:00","description":"How to share a screen from Windows to a presentation device in Jamk's classrooms.","breadcrumb":{"@id":"https:\/\/help.jamk.fi\/opetus\/en\/presentation-techniques-in-teaching\/share-a-screen-from-windows-to-a-presentation-device\/#breadcrumb"},"inLanguage":"fi","potentialAction":[{"@type":"ReadAction","target":["https:\/\/help.jamk.fi\/opetus\/en\/presentation-techniques-in-teaching\/share-a-screen-from-windows-to-a-presentation-device\/"]}]},{"@type":"ImageObject","inLanguage":"fi","@id":"https:\/\/help.jamk.fi\/opetus\/en\/presentation-techniques-in-teaching\/share-a-screen-from-windows-to-a-presentation-device\/#primaryimage","url":"https:\/\/help.jamk.fi\/opetustyokalut\/wp-content\/uploads\/sites\/104\/2023\/09\/nappis.png","contentUrl":"https:\/\/help.jamk.fi\/opetustyokalut\/wp-content\/uploads\/sites\/104\/2023\/09\/nappis.png"},{"@type":"BreadcrumbList","@id":"https:\/\/help.jamk.fi\/opetus\/en\/presentation-techniques-in-teaching\/share-a-screen-from-windows-to-a-presentation-device\/#breadcrumb","itemListElement":[{"@type":"ListItem","position":1,"name":"Etusivu","item":"https:\/\/help.jamk.fi\/opetus\/fi\/"},{"@type":"ListItem","position":2,"name":"Presentation technology in teaching","item":"https:\/\/help.jamk.fi\/opetus\/en\/presentation-techniques-in-teaching\/"},{"@type":"ListItem","position":3,"name":"Share a screen from Windows to a presentation device"}]},{"@type":"WebSite","@id":"https:\/\/help.jamk.fi\/opetus\/#website","url":"https:\/\/help.jamk.fi\/opetus\/","name":"Opetus","description":"Opettajan ty\u00f6v\u00e4lineet","potentialAction":[{"@type":"SearchAction","target":{"@type":"EntryPoint","urlTemplate":"https:\/\/help.jamk.fi\/opetus\/?s={search_term_string}"},"query-input":{"@type":"PropertyValueSpecification","valueRequired":true,"valueName":"search_term_string"}}],"inLanguage":"fi"}]}},"_links":{"self":[{"href":"https:\/\/help.jamk.fi\/opetus\/wp-json\/wp\/v2\/pages\/1428","targetHints":{"allow":["GET"]}}],"collection":[{"href":"https:\/\/help.jamk.fi\/opetus\/wp-json\/wp\/v2\/pages"}],"about":[{"href":"https:\/\/help.jamk.fi\/opetus\/wp-json\/wp\/v2\/types\/page"}],"author":[{"embeddable":true,"href":"https:\/\/help.jamk.fi\/opetus\/wp-json\/wp\/v2\/users\/73"}],"replies":[{"embeddable":true,"href":"https:\/\/help.jamk.fi\/opetus\/wp-json\/wp\/v2\/comments?post=1428"}],"version-history":[{"count":3,"href":"https:\/\/help.jamk.fi\/opetus\/wp-json\/wp\/v2\/pages\/1428\/revisions"}],"predecessor-version":[{"id":1632,"href":"https:\/\/help.jamk.fi\/opetus\/wp-json\/wp\/v2\/pages\/1428\/revisions\/1632"}],"up":[{"embeddable":true,"href":"https:\/\/help.jamk.fi\/opetus\/wp-json\/wp\/v2\/pages\/1411"}],"wp:attachment":[{"href":"https:\/\/help.jamk.fi\/opetus\/wp-json\/wp\/v2\/media?parent=1428"}],"wp:term":[{"taxonomy":"category","embeddable":true,"href":"https:\/\/help.jamk.fi\/opetus\/wp-json\/wp\/v2\/categories?post=1428"},{"taxonomy":"post_tag","embeddable":true,"href":"https:\/\/help.jamk.fi\/opetus\/wp-json\/wp\/v2\/tags?post=1428"}],"curies":[{"name":"wp","href":"https:\/\/api.w.org\/{rel}","templated":true}]}}