{"id":152,"date":"2015-10-13T07:46:36","date_gmt":"2015-10-13T04:46:36","guid":{"rendered":"https:\/\/help.jamk.fi\/opetustyokalut\/esitystekniikka-opetuksessa\/dokumenttikamera-opetuksessa\/"},"modified":"2023-12-14T14:06:51","modified_gmt":"2023-12-14T12:06:51","slug":"dokumenttikamera-opetuksessa","status":"publish","type":"page","link":"https:\/\/help.jamk.fi\/opetus\/fi\/esitystekniikka-opetuksessa\/dokumenttikamera-opetuksessa\/","title":{"rendered":"Dokumenttikamera opetuksessa"},"content":{"rendered":"\n<p>Liit\u00e4 dokumenttikamera esityslaitteeseen (projektori, televisio) samaan tapaan kuin tietokonekin eli hdmi-kaapelilla. Jamkilla k\u00e4yt\u00f6ss\u00e4 olevissa dokumenttikameroissa v\u00e4liin tarvitset dvi>hdmi -sovittimen, joka on yleens\u00e4 dokumenttikamerassa valmiiksi kiinnitettyn\u00e4.<\/p>\n\n\n\n<figure class=\"wp-block-image is-resized\"><a href=\"https:\/\/help.jamk.fi\/opetustyokalut\/wp-content\/uploads\/sites\/104\/2023\/09\/doku.jpg\"><img decoding=\"async\" src=\"https:\/\/help.jamk.fi\/opetustyokalut\/wp-content\/uploads\/sites\/104\/2023\/09\/doku.jpg\" alt=\"Musta dokumenttikamera p\u00f6yd\u00e4ll\u00e4 kuvan etuosassa, takaosassa auditorion tuolirivej\u00e4.\" class=\"wp-image-294\" style=\"aspect-ratio:0.75;width:362px;height:auto\"\/><\/a><figcaption class=\"wp-element-caption\"><em>Kuvassa Valjakka-auditorion dokumenttikamera<\/em>.<\/figcaption><\/figure>\n\n\n\n<p><\/p>\n\n\n\n<p>My\u00f6s usb-liit\u00e4nn\u00e4n kautta kamera on mahdollista liitt\u00e4\u00e4 tietokoneeseen. Silloin voit n\u00e4ytt\u00e4\u00e4 dokumenttikameran kuvaa tietokoneeseen asennettavan SDP Viewerin kautta ja tarvittaessa tallentaa ohjelman v\u00e4litt\u00e4m\u00e4\u00e4 kuvaa kuva- tai videotiedostoiksi. Dokumenttikameraa voit k\u00e4ytt\u00e4\u00e4 my\u00f6s web-kamerana, jolloin sen kuva n\u00e4kyy et\u00e4osallistujille esim. Teamsin tai Zoomin v\u00e4lityksell\u00e4. Usb-liit\u00e4nn\u00e4n k\u00e4ytt\u00e4minen onkin k\u00e4tev\u00e4\u00e4, koska silloin ei tarvitse vaihtaa kaapelia ja kuval\u00e4hdett\u00e4 tietokoneen ja kameran v\u00e4lill\u00e4, vaan voit n\u00e4ytt\u00e4\u00e4 dokumenttikameran kuvaa muun esityksen lomassa tietokoneelta.<\/p>\n\n\n\n<figure class=\"wp-block-image is-resized\"><a href=\"https:\/\/help.jamk.fi\/opetustyokalut\/wp-content\/uploads\/sites\/104\/2023\/09\/dokusofta.jpg\"><img decoding=\"async\" src=\"https:\/\/help.jamk.fi\/opetustyokalut\/wp-content\/uploads\/sites\/104\/2023\/09\/dokusofta.jpg\" alt=\"Ruutukaappauskuva sovelluksesta, joka kuvaa mustaa laitetta. Kuvan oikeassa reunassa sovelluksen ty\u00f6kaluvalikko.\" class=\"wp-image-295\" style=\"aspect-ratio:1.174757281553398;width:380px;height:auto\"\/><\/a><figcaption class=\"wp-element-caption\"><em>Kuvassa tietokoneelle asennettava SDP Viewer<\/em>.<\/figcaption><\/figure>\n\n\n\n<p><\/p>\n\n\n<div id=\"info-lift-block_7fcf6d714202155c2cea16a45eeb8de0\" class=\"block-info-lift block-info-lift\">\n  <div class=\"row\">\n    <div class=\"col-12\">\n              <div class=\"block-info-lift__content\">\n          <div class=\"block-info-lift__content__icon\">\n            <span>!<\/span>\n          <\/div>\n          <p class=\"block-info-lift__content__text\">Dokumenttikamera on opetuksessa k\u00e4tev\u00e4 apuv\u00e4line silloin, kun n\u00e4yt\u00e4t opiskelijoille esineit\u00e4, dokumentteja tai vaikka k\u00e4sinkirjoitettua teksti\u00e4. <\/p>\n        <\/div>\n          <\/div>\n  <\/div>\n<\/div>","protected":false},"excerpt":{"rendered":"<p>Liit\u00e4 dokumenttikamera esityslaitteeseen (projektori, televisio) samaan tapaan kuin tietokonekin eli hdmi-kaapelilla. Jamkilla k\u00e4yt\u00f6ss\u00e4 olevissa dokumenttikameroissa v\u00e4liin tarvitset dvi>hdmi -sovittimen, joka on yleens\u00e4 dokumenttikamerassa valmiiksi kiinnitettyn\u00e4. My\u00f6s usb-liit\u00e4nn\u00e4n kautta kamera on mahdollista liitt\u00e4\u00e4 tietokoneeseen. Silloin voit n\u00e4ytt\u00e4\u00e4 dokumenttikameran kuvaa tietokoneeseen asennettavan SDP Viewerin kautta ja tarvittaessa tallentaa ohjelman v\u00e4litt\u00e4m\u00e4\u00e4 kuvaa kuva- tai videotiedostoiksi. Dokumenttikameraa voit k\u00e4ytt\u00e4\u00e4 [&hellip;]<\/p>\n","protected":false},"author":74,"featured_media":0,"parent":1144,"menu_order":20,"comment_status":"closed","ping_status":"closed","template":"","meta":{"_acf_changed":false,"_relevanssi_hide_post":"","_relevanssi_hide_content":"","_relevanssi_pin_for_all":"","_relevanssi_pin_keywords":"","_relevanssi_unpin_keywords":"","_relevanssi_related_keywords":"","_relevanssi_related_include_ids":"","_relevanssi_related_exclude_ids":"","_relevanssi_related_no_append":"","_relevanssi_related_not_related":"","_relevanssi_related_posts":"","_relevanssi_noindex_reason":"","footnotes":""},"categories":[],"tags":[200,212],"class_list":["post-152","page","type-page","status-publish","hentry","tag-dokumenttikamera","tag-kuvanjako"],"acf":[],"yoast_head":"<!-- This site is optimized with the Yoast SEO plugin v27.4 - https:\/\/yoast.com\/product\/yoast-seo-wordpress\/ -->\n<title>Dokumenttikamera opetuksessa - Opetus<\/title>\n<meta name=\"description\" content=\"Ohje dokumenttikameran k\u00e4yt\u00f6st\u00e4 Jamkin tiloissa.\" \/>\n<meta name=\"robots\" content=\"index, follow, max-snippet:-1, max-image-preview:large, max-video-preview:-1\" \/>\n<link rel=\"canonical\" href=\"https:\/\/help.jamk.fi\/opetus\/fi\/esitystekniikka-opetuksessa\/dokumenttikamera-opetuksessa\/\" \/>\n<meta property=\"og:locale\" content=\"fi_FI\" \/>\n<meta property=\"og:type\" content=\"article\" \/>\n<meta property=\"og:title\" content=\"Dokumenttikamera opetuksessa - Opetus\" \/>\n<meta property=\"og:description\" content=\"Ohje dokumenttikameran k\u00e4yt\u00f6st\u00e4 Jamkin tiloissa.\" \/>\n<meta property=\"og:url\" content=\"https:\/\/help.jamk.fi\/opetus\/fi\/esitystekniikka-opetuksessa\/dokumenttikamera-opetuksessa\/\" \/>\n<meta property=\"og:site_name\" content=\"Opetus\" \/>\n<meta property=\"article:modified_time\" content=\"2023-12-14T12:06:51+00:00\" \/>\n<meta property=\"og:image\" content=\"https:\/\/help.jamk.fi\/opetustyokalut\/wp-content\/uploads\/sites\/104\/2023\/09\/doku.jpg\" \/>\n<meta name=\"twitter:card\" content=\"summary_large_image\" \/>\n<meta name=\"twitter:label1\" content=\"Arvioitu lukuaika\" \/>\n\t<meta name=\"twitter:data1\" content=\"2 minuuttia\" \/>\n<script type=\"application\/ld+json\" class=\"yoast-schema-graph\">{\"@context\":\"https:\\\/\\\/schema.org\",\"@graph\":[{\"@type\":\"WebPage\",\"@id\":\"https:\\\/\\\/help.jamk.fi\\\/opetus\\\/fi\\\/esitystekniikka-opetuksessa\\\/dokumenttikamera-opetuksessa\\\/\",\"url\":\"https:\\\/\\\/help.jamk.fi\\\/opetus\\\/fi\\\/esitystekniikka-opetuksessa\\\/dokumenttikamera-opetuksessa\\\/\",\"name\":\"Dokumenttikamera opetuksessa - Opetus\",\"isPartOf\":{\"@id\":\"https:\\\/\\\/help.jamk.fi\\\/opetus\\\/#website\"},\"primaryImageOfPage\":{\"@id\":\"https:\\\/\\\/help.jamk.fi\\\/opetus\\\/fi\\\/esitystekniikka-opetuksessa\\\/dokumenttikamera-opetuksessa\\\/#primaryimage\"},\"image\":{\"@id\":\"https:\\\/\\\/help.jamk.fi\\\/opetus\\\/fi\\\/esitystekniikka-opetuksessa\\\/dokumenttikamera-opetuksessa\\\/#primaryimage\"},\"thumbnailUrl\":\"https:\\\/\\\/help.jamk.fi\\\/opetustyokalut\\\/wp-content\\\/uploads\\\/sites\\\/104\\\/2023\\\/09\\\/doku.jpg\",\"datePublished\":\"2015-10-13T04:46:36+00:00\",\"dateModified\":\"2023-12-14T12:06:51+00:00\",\"description\":\"Ohje dokumenttikameran k\u00e4yt\u00f6st\u00e4 Jamkin tiloissa.\",\"breadcrumb\":{\"@id\":\"https:\\\/\\\/help.jamk.fi\\\/opetus\\\/fi\\\/esitystekniikka-opetuksessa\\\/dokumenttikamera-opetuksessa\\\/#breadcrumb\"},\"inLanguage\":\"fi\",\"potentialAction\":[{\"@type\":\"ReadAction\",\"target\":[\"https:\\\/\\\/help.jamk.fi\\\/opetus\\\/fi\\\/esitystekniikka-opetuksessa\\\/dokumenttikamera-opetuksessa\\\/\"]}]},{\"@type\":\"ImageObject\",\"inLanguage\":\"fi\",\"@id\":\"https:\\\/\\\/help.jamk.fi\\\/opetus\\\/fi\\\/esitystekniikka-opetuksessa\\\/dokumenttikamera-opetuksessa\\\/#primaryimage\",\"url\":\"https:\\\/\\\/help.jamk.fi\\\/opetustyokalut\\\/wp-content\\\/uploads\\\/sites\\\/104\\\/2023\\\/09\\\/doku.jpg\",\"contentUrl\":\"https:\\\/\\\/help.jamk.fi\\\/opetustyokalut\\\/wp-content\\\/uploads\\\/sites\\\/104\\\/2023\\\/09\\\/doku.jpg\"},{\"@type\":\"BreadcrumbList\",\"@id\":\"https:\\\/\\\/help.jamk.fi\\\/opetus\\\/fi\\\/esitystekniikka-opetuksessa\\\/dokumenttikamera-opetuksessa\\\/#breadcrumb\",\"itemListElement\":[{\"@type\":\"ListItem\",\"position\":1,\"name\":\"Etusivu\",\"item\":\"https:\\\/\\\/help.jamk.fi\\\/opetus\\\/fi\\\/\"},{\"@type\":\"ListItem\",\"position\":2,\"name\":\"Esitystekniikka opetuksessa\",\"item\":\"https:\\\/\\\/help.jamk.fi\\\/opetus\\\/fi\\\/esitystekniikka-opetuksessa\\\/\"},{\"@type\":\"ListItem\",\"position\":3,\"name\":\"Dokumenttikamera opetuksessa\"}]},{\"@type\":\"WebSite\",\"@id\":\"https:\\\/\\\/help.jamk.fi\\\/opetus\\\/#website\",\"url\":\"https:\\\/\\\/help.jamk.fi\\\/opetus\\\/\",\"name\":\"Opetus\",\"description\":\"Opettajan ty\u00f6v\u00e4lineet\",\"potentialAction\":[{\"@type\":\"SearchAction\",\"target\":{\"@type\":\"EntryPoint\",\"urlTemplate\":\"https:\\\/\\\/help.jamk.fi\\\/opetus\\\/?s={search_term_string}\"},\"query-input\":{\"@type\":\"PropertyValueSpecification\",\"valueRequired\":true,\"valueName\":\"search_term_string\"}}],\"inLanguage\":\"fi\"}]}<\/script>\n<!-- \/ Yoast SEO plugin. -->","yoast_head_json":{"title":"Dokumenttikamera opetuksessa - Opetus","description":"Ohje dokumenttikameran k\u00e4yt\u00f6st\u00e4 Jamkin tiloissa.","robots":{"index":"index","follow":"follow","max-snippet":"max-snippet:-1","max-image-preview":"max-image-preview:large","max-video-preview":"max-video-preview:-1"},"canonical":"https:\/\/help.jamk.fi\/opetus\/fi\/esitystekniikka-opetuksessa\/dokumenttikamera-opetuksessa\/","og_locale":"fi_FI","og_type":"article","og_title":"Dokumenttikamera opetuksessa - Opetus","og_description":"Ohje dokumenttikameran k\u00e4yt\u00f6st\u00e4 Jamkin tiloissa.","og_url":"https:\/\/help.jamk.fi\/opetus\/fi\/esitystekniikka-opetuksessa\/dokumenttikamera-opetuksessa\/","og_site_name":"Opetus","article_modified_time":"2023-12-14T12:06:51+00:00","og_image":[{"url":"https:\/\/help.jamk.fi\/opetustyokalut\/wp-content\/uploads\/sites\/104\/2023\/09\/doku.jpg","type":"","width":"","height":""}],"twitter_card":"summary_large_image","twitter_misc":{"Arvioitu lukuaika":"2 minuuttia"},"schema":{"@context":"https:\/\/schema.org","@graph":[{"@type":"WebPage","@id":"https:\/\/help.jamk.fi\/opetus\/fi\/esitystekniikka-opetuksessa\/dokumenttikamera-opetuksessa\/","url":"https:\/\/help.jamk.fi\/opetus\/fi\/esitystekniikka-opetuksessa\/dokumenttikamera-opetuksessa\/","name":"Dokumenttikamera opetuksessa - Opetus","isPartOf":{"@id":"https:\/\/help.jamk.fi\/opetus\/#website"},"primaryImageOfPage":{"@id":"https:\/\/help.jamk.fi\/opetus\/fi\/esitystekniikka-opetuksessa\/dokumenttikamera-opetuksessa\/#primaryimage"},"image":{"@id":"https:\/\/help.jamk.fi\/opetus\/fi\/esitystekniikka-opetuksessa\/dokumenttikamera-opetuksessa\/#primaryimage"},"thumbnailUrl":"https:\/\/help.jamk.fi\/opetustyokalut\/wp-content\/uploads\/sites\/104\/2023\/09\/doku.jpg","datePublished":"2015-10-13T04:46:36+00:00","dateModified":"2023-12-14T12:06:51+00:00","description":"Ohje dokumenttikameran k\u00e4yt\u00f6st\u00e4 Jamkin tiloissa.","breadcrumb":{"@id":"https:\/\/help.jamk.fi\/opetus\/fi\/esitystekniikka-opetuksessa\/dokumenttikamera-opetuksessa\/#breadcrumb"},"inLanguage":"fi","potentialAction":[{"@type":"ReadAction","target":["https:\/\/help.jamk.fi\/opetus\/fi\/esitystekniikka-opetuksessa\/dokumenttikamera-opetuksessa\/"]}]},{"@type":"ImageObject","inLanguage":"fi","@id":"https:\/\/help.jamk.fi\/opetus\/fi\/esitystekniikka-opetuksessa\/dokumenttikamera-opetuksessa\/#primaryimage","url":"https:\/\/help.jamk.fi\/opetustyokalut\/wp-content\/uploads\/sites\/104\/2023\/09\/doku.jpg","contentUrl":"https:\/\/help.jamk.fi\/opetustyokalut\/wp-content\/uploads\/sites\/104\/2023\/09\/doku.jpg"},{"@type":"BreadcrumbList","@id":"https:\/\/help.jamk.fi\/opetus\/fi\/esitystekniikka-opetuksessa\/dokumenttikamera-opetuksessa\/#breadcrumb","itemListElement":[{"@type":"ListItem","position":1,"name":"Etusivu","item":"https:\/\/help.jamk.fi\/opetus\/fi\/"},{"@type":"ListItem","position":2,"name":"Esitystekniikka opetuksessa","item":"https:\/\/help.jamk.fi\/opetus\/fi\/esitystekniikka-opetuksessa\/"},{"@type":"ListItem","position":3,"name":"Dokumenttikamera opetuksessa"}]},{"@type":"WebSite","@id":"https:\/\/help.jamk.fi\/opetus\/#website","url":"https:\/\/help.jamk.fi\/opetus\/","name":"Opetus","description":"Opettajan ty\u00f6v\u00e4lineet","potentialAction":[{"@type":"SearchAction","target":{"@type":"EntryPoint","urlTemplate":"https:\/\/help.jamk.fi\/opetus\/?s={search_term_string}"},"query-input":{"@type":"PropertyValueSpecification","valueRequired":true,"valueName":"search_term_string"}}],"inLanguage":"fi"}]}},"_links":{"self":[{"href":"https:\/\/help.jamk.fi\/opetus\/wp-json\/wp\/v2\/pages\/152","targetHints":{"allow":["GET"]}}],"collection":[{"href":"https:\/\/help.jamk.fi\/opetus\/wp-json\/wp\/v2\/pages"}],"about":[{"href":"https:\/\/help.jamk.fi\/opetus\/wp-json\/wp\/v2\/types\/page"}],"author":[{"embeddable":true,"href":"https:\/\/help.jamk.fi\/opetus\/wp-json\/wp\/v2\/users\/74"}],"replies":[{"embeddable":true,"href":"https:\/\/help.jamk.fi\/opetus\/wp-json\/wp\/v2\/comments?post=152"}],"version-history":[{"count":14,"href":"https:\/\/help.jamk.fi\/opetus\/wp-json\/wp\/v2\/pages\/152\/revisions"}],"predecessor-version":[{"id":1693,"href":"https:\/\/help.jamk.fi\/opetus\/wp-json\/wp\/v2\/pages\/152\/revisions\/1693"}],"up":[{"embeddable":true,"href":"https:\/\/help.jamk.fi\/opetus\/wp-json\/wp\/v2\/pages\/1144"}],"wp:attachment":[{"href":"https:\/\/help.jamk.fi\/opetus\/wp-json\/wp\/v2\/media?parent=152"}],"wp:term":[{"taxonomy":"category","embeddable":true,"href":"https:\/\/help.jamk.fi\/opetus\/wp-json\/wp\/v2\/categories?post=152"},{"taxonomy":"post_tag","embeddable":true,"href":"https:\/\/help.jamk.fi\/opetus\/wp-json\/wp\/v2\/tags?post=152"}],"curies":[{"name":"wp","href":"https:\/\/api.w.org\/{rel}","templated":true}]}}